{"id":12031,"date":"2020-04-24T20:30:36","date_gmt":"2020-04-24T18:30:36","guid":{"rendered":"https:\/\/hannaorganic.md\/?page_id=12031"},"modified":"2024-04-15T13:48:36","modified_gmt":"2024-04-15T11:48:36","slug":"politica-cookies","status":"publish","type":"page","link":"https:\/\/hannaorganic.md\/ru\/politica-cookies\/","title":{"rendered":"Politica cookies"},"content":{"rendered":"<p>\n\n\n<\/p>\n<p style=\"text-align: center;\"><span style=\"font-size: 150%;\">POLITICA COOKIES<\/span><\/p>\n<p>\n\n\n<\/p>\n<p>\n\n\n<\/p>\n<p>Aceast\u0103 Politic\u0103 privind modulele cookie (,,Politica privind modulele cookie\u201d) descrie diferitele tipuri de cookie-uri care sunt utilizate \u00een leg\u0103tur\u0103 cu site-ul de\u021binut \u0219i controlat de S.R.L MOTISLAB, societate \u00eenfiin\u021bat\u0103 conform legii Republicii Moldova, cu sediul \u00een Chisinau. str. Gh. Asachi, 44 ap.72, IDNO 1016600026242.<\/p>\n<p>\n\n\n\n\n\n<\/p>\n<p><span style=\"font-size: 120%;\">CE SUNT COOKIE-URILE?<\/span><\/p>\n<p>\n\n\n<\/p>\n<p>\n\n\n<\/p>\n<p>Un ,,Internet Cookie\u201d \u2013 termen cunoscut \u0219i sub denumirea de ,,browser cookie\u201d, ,,HTTP cookie\u201d sau ,,cookie\u201d \u2013 reprezint\u0103 un fi\u0219ier de mici dimensiuni, format din litere \u0219i numere, care va fi stocat pe computerul, terminalul mobil sau pe alte echipamente ale unui utilizator prin intermediul c\u0103rora se acceseaz\u0103 internetul.<\/p>\n<p>\n\n\n<\/p>\n<p>\n\n\n<\/p>\n<p>Cookie-urile sunt instalate prin solicitarea emis\u0103 de un web-server c\u0103tre un browser. Cookie-urile odat\u0103 instalate au o durat\u0103 de existen\u021b\u0103 determinat\u0103, r\u0103m\u00e2n\u00e2nd pasive, \u00een sensul c\u0103 nu con\u021bin programe software, viru\u0219i sau spyware \u0219i nu vor accesa informa\u021biile de pe hard drive-ul utilizatorului pe al c\u0103rui echipament au fost instalate.<\/p>\n<p>\n\n\n<\/p>\n<p>\n\n\n<\/p>\n<p>Un cookie este format din dou\u0103 p\u0103r\u021bi: numele \u0219i con\u021binutul sau valoarea cookie-ului.<\/p>\n<p>\n\n\n<\/p>\n<p>\n\n\n<\/p>\n<p>Cookie-urile NU sunt viru\u0219i! Ele folosesc formate tip plain text. Nu sunt alc\u0103tuite din buc\u0103\u021bi de cod a\u0219a c\u0103 nu pot fi executate nici nu pot auto-rula. \u00cen consecin\u021b\u0103, nu se pot duplica sau replica pe alte re\u021bele pentru a se rula sau replica din nou. Deoarece nu pot \u00eendeplini aceste func\u021bii, nu pot fi considerate viru\u0219i.<\/p>\n<p>\n\n\n<\/p>\n<p>\n\n\n<\/p>\n<p><span style=\"font-size: 120%;\">CUM \u0218I DE CE FOLOSIM COOKIE-URI?<\/span><\/p>\n<p>\n\n\n<\/p>\n<p>\n\n\n<\/p>\n<p>Folosim cookies pentru a \u00eembun\u0103t\u0103\u021bi utilizarea \u0219i func\u021bionalitatea site-ului \u0219i pentru a \u00een\u021belege mai bine modul \u00een care vizitatorii utilizeaz\u0103 site-ul, precum \u0219i serviciile oferite de c\u0103tre acesta.<\/p>\n<p>\n\n\n<\/p>\n<p>\n\n\n<\/p>\n<p>Stocarea de cookies pe calculatorul dumneavoastr\u0103 ne ofer\u0103 o modalitate u\u0219oar\u0103 \u0219i convenabil\u0103 pentru a personaliza sau \u00eembun\u0103t\u0103\u021bi experien\u021ba dumneavoastr\u0103 pe site-ul nostru \u0219i pentru a face urm\u0103toarea vizit\u0103 mai pl\u0103cut\u0103.<\/p>\n<p>\n\n\n<\/p>\n<p>\n\n\n<\/p>\n<p>Nu folosim cookies pentru a colecta informa\u021bii personale, cu toate acestea, putem face leg\u0103tura \u00eentre informa\u021biile con\u021binute \u00eentr-un cookie \u0219i informa\u021biile dumneavoastr\u0103 cu caracter personal colectate prin alte mijloace (de exemplu, formularele de \u00eenregistrare).<\/p>\n<p>\n\n\n<\/p>\n<p>\n\n\n<\/p>\n<p><span style=\"font-size: 120%;\">CUM ADMINISTREZ MODULELE COOKIE?<\/span><\/p>\n<p>\n\n\n<\/p>\n<p>\n\n\n<\/p>\n<p>Refuzul de a utiliza modulele cookie<\/p>\n<p>\n\n\n<\/p>\n<p>\n\n\n<\/p>\n<p>Ave\u021bi op\u021biunea de a accepta utilizarea modulelor cookie care v\u0103 vor permite s\u0103 utiliza\u021bi toate func\u021biile site-ului f\u0103r\u0103 restric\u021bii atunci c\u00e2nd vizita\u021bi site-ul nostru. Dac\u0103 respinge\u021bi utilizarea modulelor cookie strict necesare, acest lucru poate afecta experien\u021ba utilizatorului \u0219i func\u021bionalitatea \u00een timpul utiliz\u0103rii site-ului.<\/p>\n<p>\n\n\n<\/p>\n<p>\n\n\n<\/p>\n<p>Respingerea altor module cookie poate s\u0103 nu afecteze experien\u021ba utilizatorului \u0219i func\u021bionalitatea \u00een timpul utiliz\u0103rii site-ului. Dac\u0103 respinge\u021bi utilizarea tuturor modulelor cookie, modulele cookie primare \u0219i modulele cookie ter\u021be vor fi dezactivate. \u00cen plus, modulele cookie primare vor fi \u0219terse. Nu vom putea \u0219terge modulele cookie ter\u021be. Prin urmare, va fi necesar s\u0103 \u0219terge\u021bi personal modulele cookie ter\u021be. Aceste lucruri se pot face din set\u0103rile browser-ului Dvs.<\/p>\n<p>\n\n\n<\/p>\n<p>\n\n\n<\/p>\n<p>Dezactivarea \u0219i\/sau \u0219tergerea modulelor cookie prin browser-ul Dvs<\/p>\n<p>\n\n\n<\/p>\n<p>\n\n\n<\/p>\n<p>Pute\u021bi schimba set\u0103rile modulelor cookie prin intermediul browser-ului Dvs. de internet. Browser-ul Dvs. de internet v\u0103 permite s\u0103 modifica\u021bi set\u0103rile modulelor cookie. Astfel de set\u0103ri ale browser-ului pentru modulele cookie sunt de obicei g\u0103site \u00een meniul ,,op\u021biuni\u201d, ,,instrumente\u201d sau ,,preferin\u021be\u201d al browser-ului Dvs. de internet. De asemenea, pute\u021bi consulta meniul ,,Ajutor\u201d al browser-ului. Browsere diferite pot utiliza mecanisme diferite pentru a dezactiva modulele cookie:<\/p>\n<p>\n\n\n<\/p>\n<p>\n\n\n<\/p>\n<ul class=\"wp-block-list\">\n<li>Cookie settings \u00een Internet Explorer https:\/\/support.microsoft.com\/ro-ro\/help\/17442\/windows-internet-explorer-delete-manage-cookies<\/li>\n<\/ul>\n<p>\n\n\n<\/p>\n<p>\n\n\n<\/p>\n<ul class=\"wp-block-list\">\n<li>Cookie settings \u00een Microsoft<\/li>\n<\/ul>\n<p>\n\n\n<\/p>\n<p>\n\n\n<\/p>\n<p>Edge https:\/\/answers.microsoft.com\/enus\/windows\/forum\/apps_windows _10-msedge\/edge-how-do-i-enable-cookies\/275b58e3-d741-4b21-8042-3059b1902d0e?auth=1<\/p>\n<p>\n\n\n<\/p>\n<p>\n\n\n<\/p>\n<p>\u2022<\/p>\n<p>\n\n\n<\/p>\n<p>\n\n\n<\/p>\n<p>Cookie settings \u00een Firefox\u00a0\u00a0\u00a0\u00a0\u00a0\u00a0\u00a0\u00a0\u00a0\u00a0\u00a0 https:\/\/support.mozilla.org\/ro\/kb\/activarea-si-<\/p>\n<p>\n\n\n<\/p>\n<p>\n\n\n<\/p>\n<p>dezactivarea-cookie-urilor<\/p>\n<p>\n\n\n<\/p>\n<p>\n\n\n<\/p>\n<ul class=\"wp-block-list\">\n<li>Cookie settings \u00een Chrome pentru<\/li>\n<\/ul>\n<p>\n\n\n<\/p>\n<p>\n\n\n<\/p>\n<p>Desktop https:\/\/support.google.com\/chrome\/answer\/ 95647?co=GENIE.Platform%3DDesktop&amp;hl=ro<\/p>\n<p>\n\n\n<\/p>\n<p>\n\n\n<\/p>\n<ul class=\"wp-block-list\">\n<li>Cookie settings \u00een Chrome pentru<\/li>\n<\/ul>\n<p>\n\n\n<\/p>\n<p>\n\n\n<\/p>\n<p>Android https:\/\/support.google.com\/chrome\/answer\/95647? co=GENIE.Platform%3DAndroid&amp;hl=ro<\/p>\n<p>\n\n\n<\/p>\n<p>\n\n\n<\/p>\n<p>\u2022\u00a0\u00a0\u00a0\u00a0\u00a0 Cookie settings \u00een Safari\u00a0\u00a0 https:\/\/support.apple.com\/ru-ru\/guide\/safari\/sfri11471\/mac<\/p>\n<p>\n\n\n<\/p>\n<p>\n\n\n<\/p>\n<p>\u00cen ceea ce prive\u0219te set\u0103rile browser-ului pentru \u0219tergerea modulelor cookie anterioare, se aplic\u0103 acelea\u0219i principii ca \u00een cazul dezactiv\u0103rii modulelor cookie noi prin set\u0103rile browser-ului. V\u0103 rug\u0103m urma\u021bi instruc\u021biunile corespunz\u0103toare ale browser-ului Dvs., a\u0219a cum sunt detaliate mai sus.<\/p>\n<p>\n\n\n<\/p>\n<p>\n\n\n<\/p>\n<p>Exist\u0103 instrumente online disponibile pentru a \u0219terge toate modulele cookie r\u0103mase \u00een urma site-urilor pe care le-a\u021bi vizitat, cum ar fi www.allaboutcookies.org.<\/p>\n<p>\n\n\n<\/p>\n<p>\n\n\n<\/p>\n<p><span style=\"font-size: 120%;\">CE FEL DE MODULE COOKIE UTILIZ\u0102M?<\/span><\/p>\n<p>\n\n\n<\/p>\n<p>\n\n\n<\/p>\n<p>Modulele cookie strict necesare garanteaz\u0103 func\u021bii f\u0103r\u0103 de care nu ve\u021bi putea s\u0103 utiliza\u021bi acest site \u0219i v\u0103 asigur\u0103, printre altele, c\u0103 atunci c\u00e2nd accesa\u021bi func\u021bionalit\u0103\u021bile unui site, vi se va afi\u0219a o versiune care are o conexiune de band\u0103 larg\u0103 a cantit\u0103\u021bii de date corespunz\u0103toare celei a conexiunii la internet pe care o utiliza\u021bi. \u00cen plus, un astfel de modul cookie are grij\u0103 ca, \u00een cazul \u00een care schimba\u021bi paginile, se realizeaz\u0103 func\u021bia de schimbare de la http la https. \u00cen plus, modulele cookie de acest tip v\u0103 stocheaz\u0103 decizia privind utilizarea modulelor cookie pe site-ul nostru.<\/p>\n<p>\n\n\n<\/p>\n<p>\n\n\n<\/p>\n<p>Modulele Cookie strict necesare pe care le folosim sunt:<\/p>\n<p>\n\n\n<\/p>\n<p>\n\n\n<\/p>\n<ul class=\"wp-block-list\">\n<li>modulele cookie care sunt utilizate exclusiv pentru transmiterea comunic\u0103rii prin internet;<\/li>\n<\/ul>\n<p>\n\n\n<\/p>\n<p>\n\n\n<\/p>\n<ul class=\"wp-block-list\">\n<li>modulele cookie care sunt strict necesare pentru ca noi s\u0103 v\u0103 oferim serviciul pe care l-a\u021bi solicitat \u00een mod explicit (adic\u0103 dac\u0103 aceste module cookie sunt dezactivate, nu v\u0103 vom putea oferi serviciul pe care l-a\u021bi solicitat \u00een mod expres).<\/li>\n<\/ul>\n<p>\n\n\n<\/p>\n<p>\n\n\n<\/p>\n<p>Utilizarea modulelor cookie strict necesare pentru scopurile descrise mai sus se bazeaz\u0103 pe interesele noastre legitime pentru a asigura func\u021bionarea, accesarea \u0219i utilizarea tehnic\u0103 adecvat\u0103 a site-ului \u0219i pentru a v\u0103 furniza serviciile pe care le-a\u021bi solicitat \u00een mod explicit.<\/p>\n<p>\n\n\n<\/p>\n<p>\n\n\n<\/p>\n<p>Module cookie de statistic\u0103: aceste module cookie sunt folosite pentru a ne furniza informa\u021bii statistice despre performan\u021ba site-ului nostru (de exemplu, pentru a num\u0103ra vizitele, sursele de trafic).<\/p>\n<p>\n\n\n<\/p>\n<p>\n\n\n<\/p>\n<p>Modulele cookie marketing: aceste module cookie permit site-ului s\u0103 memoreze alegerile pe care le face\u021bi \u0219i s\u0103 v\u0103 ofere func\u021bii \u00eembun\u0103t\u0103\u021bite \u0219i mai personale. Aceast\u0103 categorie poate include module cookie ter\u021be.<\/p>\n<p>\n\n\n<\/p>\n<p>\n\n\n<\/p>\n<p><span style=\"font-size: 120%;\">DE CE SUNT MODULELE COOKIE IMPORTANTE PENTRU INTERNET?<\/span><\/p>\n<p>\n\n\n<\/p>\n<p>\n\n\n<\/p>\n<p>Modulele cookie reprezint\u0103 punctul central al func\u021bion\u0103rii eficiente a Internetului, ajut\u00e2nd la generarea unei experien\u021be de navigare prietenoase \u0219i adaptat\u0103 preferin\u021belor \u0219i intereselor fiec\u0103rui utilizator. Refuzarea sau dezactivarea modulelor cookie poate face unele site-uri imposibil de folosit.<\/p>\n<p>\n\n\n<\/p>\n<p>\n\n\n<\/p>\n<p>Refuzarea sau dezactivarea modulelor cookie nu \u00eenseamn\u0103 c\u0103 nu ve\u021bi mai primi publicitate online \u2013 ci doar c\u0103 aceasta nu va mai putea \u021bine cont de preferin\u021bele \u0219i interesele Dvs, eviden\u021biate prin comportamentul de navigare.<\/p>\n<p>\n\n\n<\/p>\n<p>\n\n\n<\/p>\n<p>Exemple de \u00eentrebuin\u021b\u0103ri importante ale modulelor cookie (care nu necesit\u0103 autentificarea unui utilizator prin intermediul unui cont):<\/p>\n<p>\n\n\n<\/p>\n<p>\n\n\n<\/p>\n<ul class=\"wp-block-list\">\n<li>Con\u021binut \u0219i servicii adaptate preferin\u021belor utilizatorului \u2013 categorii de produse \u0219i servicii.<\/li>\n<li>Oferte adaptate pe interesele utilizatorilor \u2013 re\u021binerea parolelor.<\/li>\n<li>Re\u021binerea filtrelor de protec\u021bie a copiilor privind con\u021binutul pe Internet (op\u021biuni family mode, func\u021bii de safe search).<\/li>\n<\/ul>\n<p>\n\n\n<\/p>\n<p>\n\n\n<\/p>\n<ul class=\"wp-block-list\">\n<li>Limitarea frecven\u021bei de difuzare a reclamelor \u2013 limitarea num\u0103rului de afi\u0219\u0103ri a unei reclame pentru un anumit utilizator pe un site.<\/li>\n<\/ul>\n<p>\n\n\n<\/p>\n<p>\n\n\n<\/p>\n<ul class=\"wp-block-list\">\n<li>Furnizarea de publicitate mai relevant\u0103 pentru utilizator.<\/li>\n<li>M\u0103surarea, optimizarea \u0219i caracteristicile de analytics \u2013 cum ar fi confirmarea unui anumit nivel de trafic pe un website, ce tip de con\u021binut este vizualizat \u0219i modul cum un utilizator ajunge pe un website (ex. prin motoare de c\u0103utare, direct, din alte website-uri etc). Website-urile deruleaz\u0103 aceste analize a utiliz\u0103rii lor pentru a \u00eembun\u0103t\u0103\u021bi site-urile \u00een beneficiul userilor.<\/li>\n<\/ul>\n<p>\n\n\n<\/p>\n<p>\n\n\n<\/p>\n<p><span style=\"font-size: 120%;\">MODIFIC\u0102RILE PREZENTEI POLITICI<\/span><\/p>\n<p>\n\n\n<\/p>\n<p>\n\n\n<\/p>\n<p><strong>Toate modific\u0103rile la aceast\u0103 Politic\u0103 privind modulele cookie vor fi comunicate utilizatorilor printr-un anun\u021b publicat pe site-ul nostru.<\/strong><\/p>\n<p>\n\n\n<\/p>","protected":false},"excerpt":{"rendered":"<p>POLITICA COOKIES Aceast\u0103 Politic\u0103 privind modulele cookie (,,Politica privind modulele cookie\u201d) descrie diferitele tipuri de cookie-uri care sunt utilizate \u00een leg\u0103tur\u0103 cu site-ul de\u021binut \u0219i controlat de S.R.L MOTISLAB, societate \u00eenfiin\u021bat\u0103 conform legii Republicii Moldova, cu sediul \u00een Chisinau. str. Gh. Asachi, 44 ap.72, IDNO 1016600026242. CE SUNT COOKIE-URILE? Un ,,Internet Cookie\u201d \u2013 termen cunoscut [&hellip;]\n","protected":false},"author":1,"featured_media":0,"parent":0,"menu_order":0,"comment_status":"closed","ping_status":"closed","template":"","meta":{"footnotes":""},"class_list":["post-12031","page","type-page","status-publish","hentry"],"yoast_head":"<!-- This site is optimized with the Yoast SEO plugin v27.5 - https:\/\/yoast.com\/product\/yoast-seo-wordpress\/ -->\n<title>Politica cookies - HANNA ORGANIC<\/title>\n<meta name=\"robots\" content=\"index, follow, max-snippet:-1, max-image-preview:large, max-video-preview:-1\" \/>\n<link rel=\"canonical\" href=\"https:\/\/hannaorganic.md\/ru\/politica-cookies\/\" \/>\n<meta property=\"og:locale\" content=\"ru_RU\" \/>\n<meta property=\"og:type\" content=\"article\" \/>\n<meta property=\"og:title\" content=\"Politica cookies - HANNA ORGANIC\" \/>\n<meta property=\"og:description\" content=\"POLITICA COOKIES Aceast\u0103 Politic\u0103 privind modulele cookie (,,Politica privind modulele cookie\u201d) descrie diferitele tipuri de cookie-uri care sunt utilizate \u00een leg\u0103tur\u0103 cu site-ul de\u021binut \u0219i controlat de S.R.L MOTISLAB, societate \u00eenfiin\u021bat\u0103 conform legii Republicii Moldova, cu sediul \u00een Chisinau. str. Gh. Asachi, 44 ap.72, IDNO 1016600026242. CE SUNT COOKIE-URILE? Un ,,Internet Cookie\u201d \u2013 termen cunoscut [&hellip;]\" \/>\n<meta property=\"og:url\" content=\"https:\/\/hannaorganic.md\/ru\/politica-cookies\/\" \/>\n<meta property=\"og:site_name\" content=\"HANNA ORGANIC\" \/>\n<meta property=\"article:publisher\" content=\"https:\/\/www.facebook.com\/bluemagic.md\/\" \/>\n<meta property=\"article:modified_time\" content=\"2024-04-15T11:48:36+00:00\" \/>\n<meta name=\"twitter:card\" content=\"summary_large_image\" \/>\n<meta name=\"twitter:label1\" content=\"\u041f\u0440\u0438\u043c\u0435\u0440\u043d\u043e\u0435 \u0432\u0440\u0435\u043c\u044f \u0434\u043b\u044f \u0447\u0442\u0435\u043d\u0438\u044f\" \/>\n\t<meta name=\"twitter:data1\" content=\"7 \u043c\u0438\u043d\u0443\u0442\" \/>\n<script type=\"application\/ld+json\" class=\"yoast-schema-graph\">{\"@context\":\"https:\\\/\\\/schema.org\",\"@graph\":[{\"@type\":\"WebPage\",\"@id\":\"https:\\\/\\\/hannaorganic.md\\\/ru\\\/politica-cookies\\\/\",\"url\":\"https:\\\/\\\/hannaorganic.md\\\/ru\\\/politica-cookies\\\/\",\"name\":\"Politica cookies - HANNA ORGANIC\",\"isPartOf\":{\"@id\":\"https:\\\/\\\/hannaorganic.md\\\/ru\\\/#website\"},\"datePublished\":\"2020-04-24T18:30:36+00:00\",\"dateModified\":\"2024-04-15T11:48:36+00:00\",\"breadcrumb\":{\"@id\":\"https:\\\/\\\/hannaorganic.md\\\/ru\\\/politica-cookies\\\/#breadcrumb\"},\"inLanguage\":\"ru-RU\",\"potentialAction\":[{\"@type\":\"ReadAction\",\"target\":[\"https:\\\/\\\/hannaorganic.md\\\/ru\\\/politica-cookies\\\/\"]}]},{\"@type\":\"BreadcrumbList\",\"@id\":\"https:\\\/\\\/hannaorganic.md\\\/ru\\\/politica-cookies\\\/#breadcrumb\",\"itemListElement\":[{\"@type\":\"ListItem\",\"position\":1,\"name\":\"Prima pagin\u0103\",\"item\":\"https:\\\/\\\/hannaorganic.md\\\/ru\\\/hanna-organic\\\/\"},{\"@type\":\"ListItem\",\"position\":2,\"name\":\"Politica cookies\"}]},{\"@type\":\"WebSite\",\"@id\":\"https:\\\/\\\/hannaorganic.md\\\/ru\\\/#website\",\"url\":\"https:\\\/\\\/hannaorganic.md\\\/ru\\\/\",\"name\":\"HANNA ORGANIC\",\"description\":\"Multi-Brand Cosmetic Store\",\"potentialAction\":[{\"@type\":\"SearchAction\",\"target\":{\"@type\":\"EntryPoint\",\"urlTemplate\":\"https:\\\/\\\/hannaorganic.md\\\/ru\\\/?s={search_term_string}\"},\"query-input\":{\"@type\":\"PropertyValueSpecification\",\"valueRequired\":true,\"valueName\":\"search_term_string\"}}],\"inLanguage\":\"ru-RU\"}]}<\/script>\n<!-- \/ Yoast SEO plugin. -->","yoast_head_json":{"title":"Politica cookies - HANNA ORGANIC","robots":{"index":"index","follow":"follow","max-snippet":"max-snippet:-1","max-image-preview":"max-image-preview:large","max-video-preview":"max-video-preview:-1"},"canonical":"https:\/\/hannaorganic.md\/ru\/politica-cookies\/","og_locale":"ru_RU","og_type":"article","og_title":"Politica cookies - HANNA ORGANIC","og_description":"POLITICA COOKIES Aceast\u0103 Politic\u0103 privind modulele cookie (,,Politica privind modulele cookie\u201d) descrie diferitele tipuri de cookie-uri care sunt utilizate \u00een leg\u0103tur\u0103 cu site-ul de\u021binut \u0219i controlat de S.R.L MOTISLAB, societate \u00eenfiin\u021bat\u0103 conform legii Republicii Moldova, cu sediul \u00een Chisinau. str. Gh. Asachi, 44 ap.72, IDNO 1016600026242. CE SUNT COOKIE-URILE? Un ,,Internet Cookie\u201d \u2013 termen cunoscut [&hellip;]","og_url":"https:\/\/hannaorganic.md\/ru\/politica-cookies\/","og_site_name":"HANNA ORGANIC","article_publisher":"https:\/\/www.facebook.com\/bluemagic.md\/","article_modified_time":"2024-04-15T11:48:36+00:00","twitter_card":"summary_large_image","twitter_misc":{"\u041f\u0440\u0438\u043c\u0435\u0440\u043d\u043e\u0435 \u0432\u0440\u0435\u043c\u044f \u0434\u043b\u044f \u0447\u0442\u0435\u043d\u0438\u044f":"7 \u043c\u0438\u043d\u0443\u0442"},"schema":{"@context":"https:\/\/schema.org","@graph":[{"@type":"WebPage","@id":"https:\/\/hannaorganic.md\/ru\/politica-cookies\/","url":"https:\/\/hannaorganic.md\/ru\/politica-cookies\/","name":"Politica cookies - HANNA ORGANIC","isPartOf":{"@id":"https:\/\/hannaorganic.md\/ru\/#website"},"datePublished":"2020-04-24T18:30:36+00:00","dateModified":"2024-04-15T11:48:36+00:00","breadcrumb":{"@id":"https:\/\/hannaorganic.md\/ru\/politica-cookies\/#breadcrumb"},"inLanguage":"ru-RU","potentialAction":[{"@type":"ReadAction","target":["https:\/\/hannaorganic.md\/ru\/politica-cookies\/"]}]},{"@type":"BreadcrumbList","@id":"https:\/\/hannaorganic.md\/ru\/politica-cookies\/#breadcrumb","itemListElement":[{"@type":"ListItem","position":1,"name":"Prima pagin\u0103","item":"https:\/\/hannaorganic.md\/ru\/hanna-organic\/"},{"@type":"ListItem","position":2,"name":"Politica cookies"}]},{"@type":"WebSite","@id":"https:\/\/hannaorganic.md\/ru\/#website","url":"https:\/\/hannaorganic.md\/ru\/","name":"HANNA ORGANIC","description":"Multi-Brand Cosmetic Store","potentialAction":[{"@type":"SearchAction","target":{"@type":"EntryPoint","urlTemplate":"https:\/\/hannaorganic.md\/ru\/?s={search_term_string}"},"query-input":{"@type":"PropertyValueSpecification","valueRequired":true,"valueName":"search_term_string"}}],"inLanguage":"ru-RU"}]}},"_links":{"self":[{"href":"https:\/\/hannaorganic.md\/ru\/wp-json\/wp\/v2\/pages\/12031","targetHints":{"allow":["GET"]}}],"collection":[{"href":"https:\/\/hannaorganic.md\/ru\/wp-json\/wp\/v2\/pages"}],"about":[{"href":"https:\/\/hannaorganic.md\/ru\/wp-json\/wp\/v2\/types\/page"}],"author":[{"embeddable":true,"href":"https:\/\/hannaorganic.md\/ru\/wp-json\/wp\/v2\/users\/1"}],"replies":[{"embeddable":true,"href":"https:\/\/hannaorganic.md\/ru\/wp-json\/wp\/v2\/comments?post=12031"}],"version-history":[{"count":3,"href":"https:\/\/hannaorganic.md\/ru\/wp-json\/wp\/v2\/pages\/12031\/revisions"}],"predecessor-version":[{"id":12228,"href":"https:\/\/hannaorganic.md\/ru\/wp-json\/wp\/v2\/pages\/12031\/revisions\/12228"}],"wp:attachment":[{"href":"https:\/\/hannaorganic.md\/ru\/wp-json\/wp\/v2\/media?parent=12031"}],"curies":[{"name":"wp","href":"https:\/\/api.w.org\/{rel}","templated":true}]}}