{"id":85,"date":"2018-03-25T23:48:28","date_gmt":"2018-03-25T21:48:28","guid":{"rendered":"http:\/\/baby3.dev\/?page_id=85"},"modified":"2024-05-11T10:24:57","modified_gmt":"2024-05-11T08:24:57","slug":"f-a-q","status":"publish","type":"page","link":"https:\/\/hannaorganic.md\/ru\/f-a-q\/","title":{"rendered":"FAQ"},"content":{"rendered":"<h3 class=\"accordion_title\">\u00cenreb\u0103ri frecvente<\/h3><div class=\"accordion\" rel=\"\">\n<div class=\"accordion-item\"><a href=\"#\" class=\"accordion-title plain\"><button class=\"toggle\"><i class=\"icon-angle-down\"><\/i><\/button><span>Cum se efectueaz\u0103 plata comenzii?<\/span><\/a><div class=\"accordion-inner\">\n<p>Plata se efectueaz\u0103 doar cash c\u0103tre curier, atunci c\u00e2nd primi\u021bi comanda.<\/p>\n<\/div><\/div>\n<div class=\"accordion-item\"><a href=\"#\" class=\"accordion-title plain\"><button class=\"toggle\"><i class=\"icon-angle-down\"><\/i><\/button><span>\u00cen c\u00e2t timp se efectueaz\u0103 livrarea comezii?<\/span><\/a><div class=\"accordion-inner\">\n<p>Livrarea se efectueaz\u0103 doar \u00een <strong>zilele lucr\u0103toare<\/strong>ale s\u0103pt\u0103m\u00e2nii \u0219i dureaz\u0103 \u00een func\u021bie de tipul de livrare ales de Dvs.<br \/>\n<strong>Livrarea Standart<\/strong> se efectueaz\u0103 p\u00e2n\u0103 la<strong> 2 zile lucr\u0103toare<\/strong>, doar \u00een raza ora\u0219ului Chi\u0219in\u0103u.<br \/>\n<strong>Livrarea Na\u021bional<\/strong> se efectueaz\u0103 p\u00e2n\u0103 la <strong>3 zile lucr\u0103toare<\/strong>, \u00een toate centrele regionale din \u021bar\u0103.<\/p>\n<\/div><\/div>\n<div class=\"accordion-item\"><a href=\"#\" class=\"accordion-title plain\"><button class=\"toggle\"><i class=\"icon-angle-down\"><\/i><\/button><span>Pot restitui produsul?<\/span><\/a><div class=\"accordion-inner\">\n<p>Conform Legii nr. 105 din 13.03.2003 \u00a0privind protec\u021bia consumatorilor publicat\u0103 la\u00a027.06.2003 \u00een Monitorul Oficial Nr. 126-131, art Nr:507:<\/p>\n<ol>\n<li>Consumatorul este \u00een drept s\u0103 cear\u0103 v\u00eenz\u0103torului, \u00een termen de 14 zile, \u00eenlocuirea unui produs nealimentar de calitate corespunz\u0103toare cu un produs similar celui procurat dac\u0103 acest produs nu-i convine ca form\u0103, gabarite, model, m\u0103rime, culoare sau dac\u0103 nu-l poate utiliza conform destina\u0163iei din alte cauze;<\/li>\n<li>Cererea consumatorului de a i se \u00eenlocui produsul sau de a i se restitui\u00a0\u00a0contravaloarea lui urmeaz\u0103 s\u0103 fie executat\u0103 dac\u0103 produsul nu este utilizat, nu \u015fi-a pierdut calit\u0103\u0163ile de consum \u015fi dac\u0103 exist\u0103 probe c\u0103 a fost cump\u0103rat de la v\u00eenz\u0103torul respectiv.<\/li>\n<li>Pentru a restitui produsul, apela\u021bi la nr. de tel. 060690324 sau trimite\u021bi o cerere la adresa info.hannaorganic@gmail.com \u00een termen de 14 zile de la recep\u021bionarea comenzii.<br \/>\n<span style=\"color: #d83131;\"><span style=\"color: #d83131;\">Aten\u021bie!<br \/>\n<\/span><\/span><\/p>\n<div><span style=\"color: #d83131;\">LISTA<\/span><br \/>\n<span style=\"color: #d83131;\">produselor nealimentare de calitate corespunz\u0103toare <\/span><br \/>\n<span style=\"color: #d83131;\">ce nu pot fi \u00eenlocuite cu un produs similar<\/span><\/div>\n<p><span style=\"color: #d83131;\"><span style=\"color: #000000;\">\u00a0\u00a0\u00a0 1. Articole de bijuterie (articole din metale pre\u0163ioase, cu pietre scumpe, din metale pre\u0163ioase \u015fi montate cu pietre semipre\u0163ioase \u015fi sintetice, pietre pre\u0163ioase \u015flefuite). <\/span><br \/>\n<span style=\"color: #000000;\">\u00a0\u00a0\u00a0 2. Confec\u0163ii \u015fi articole din tricot (articole de lenjerie de corp, lenjerie de pat, articole de cior\u0103p\u0103rie). <\/span><br \/>\n<span style=\"color: #000000;\">\u00a0\u00a0\u00a0<span style=\"color: #d83131;\"> 3. Articole de igien\u0103 individual\u0103 (periu\u0163e de din\u0163i, piepteni, agrafe, bigudiuri, pensete, aparate de ras manuale sau electrice \u015fi alte articole destinate \u00eengrijirii corpului).<\/span> <\/span><br \/>\n<span style=\"color: #000000;\">\u00a0<span style=\"color: #d83131;\">\u00a0\u00a0 4. Articole de parfumerie \u015fi cosmetic\u0103.<\/span> <\/span><br \/>\n<span style=\"color: #000000;\">\u00a0\u00a0\u00a0 5. M\u0103rfuri textile (\u0163es\u0103turi din bumbac \u015fi tip bumbac, in \u015fi tip in, l\u00een\u0103 \u015fi tip l\u00een\u0103, m\u0103tase \u015fi tip m\u0103tase, panglici, band\u0103 de bordur\u0103 etc.). <\/span><br \/>\n<span style=\"color: #000000;\">\u00a0\u00a0\u00a0 6. Cabluri (conducte electrice, cabluri, \u015fnururi). <\/span><br \/>\n<span style=\"color: #000000;\">\u00a0\u00a0\u00a0 7. Materiale de construc\u0163ie \u015fi de finisare, alte m\u0103rfuri comercializate la metraj (linoleum, pelicul\u0103, mochet\u0103 etc.). <\/span><br \/>\n<span style=\"color: #000000;\">\u00a0\u00a0\u00a0 8. Produse \u015fi materiale din mase polimerice ce au contact cu produsele alimentare, inclusiv cele jetabile (vesel\u0103 \u015fi accesorii pentru servitul mesei \u015fi buc\u0103t\u0103rie), ambalaje, articole pentru p\u0103strarea \u015fi transportarea alimentelor (canistre, bidoane, butelii, butoaie). <\/span><br \/>\n<span style=\"color: #000000;\">\u00a0\u00a0\u00a0 9. Produse chimice de uz casnic, pesticide \u015fi preparate agrochimice. <\/span><br \/>\n<span style=\"color: #000000;\">\u00a0\u00a0\u00a0 10. Mobil\u0103 de menire social\u0103 (garnituri \u015fi seturi). <\/span><br \/>\n<span style=\"color: #000000;\">\u00a0\u00a0\u00a0 11. Autoturisme \u015fi articole moto-velo, remorci \u015fi agregate, mijloace mobile pentru mica mecanizare a lucr\u0103rilor agricole, nave pentru plimb\u0103ri \u015fi alte mijloace de transport naval de menire social\u0103. <\/span><br \/>\n<span style=\"color: #000000;\">\u00a0\u00a0\u00a0 12. M\u0103rfuri tehnice complexe de uz casnic pentru care s\u00eent stabilite termene de garan\u0163ie (aparate electrocasnice, aparate radioelectronice, aparate de calcul \u015fi multiplicare, articole foto-chino, aparate de telefon (fixe \u015fi mobile) \u015fi de faximil, instrumente muzicale electrice, echipamente \u015fi utilaje ce func\u0163ioneaz\u0103 cu gaze \u015fi dispozitivele acestora). <\/span><br \/>\n<span style=\"color: #000000;\">\u00a0\u00a0\u00a0 13. Articole pentru profilaxia \u015fi tratamentul unor boli \u00een condi\u0163ii de domiciliu (articole pentru ocrotirea s\u0103n\u0103t\u0103\u0163ii publice \u015fi pentru igien\u0103 din metal, cauciuc, textile \u015fi alte materiale, instrumente, dispozitive \u015fi aparate medicale, remedii pentru igiena cavit\u0103\u0163ii bucale, lentile pentru ochelari, articole pentru \u00eengrijirea copiilor, preparate farmaceutice).<\/span><br \/>\n<span style=\"color: #000000;\">\u00a0\u00a0\u00a0 14. Juc\u0103rii.<span class=\"doc_sign1\"><br \/>\n<\/span><\/span><br \/>\n<\/span><\/li>\n<\/ol>\n<\/div><\/div>\n<\/div>\n","protected":false},"excerpt":{"rendered":"","protected":false},"author":1,"featured_media":0,"parent":0,"menu_order":0,"comment_status":"closed","ping_status":"closed","template":"","meta":{"footnotes":""},"class_list":["post-85","page","type-page","status-publish","hentry"],"yoast_head":"<!-- This site is optimized with the Yoast SEO plugin v27.5 - https:\/\/yoast.com\/product\/yoast-seo-wordpress\/ -->\n<title>FAQ - HANNA ORGANIC<\/title>\n<meta name=\"robots\" content=\"index, follow, max-snippet:-1, max-image-preview:large, max-video-preview:-1\" \/>\n<link rel=\"canonical\" href=\"https:\/\/hannaorganic.md\/ru\/f-a-q\/\" \/>\n<meta property=\"og:locale\" content=\"ru_RU\" \/>\n<meta property=\"og:type\" content=\"article\" \/>\n<meta property=\"og:title\" content=\"FAQ - HANNA ORGANIC\" \/>\n<meta property=\"og:url\" content=\"https:\/\/hannaorganic.md\/ru\/f-a-q\/\" \/>\n<meta property=\"og:site_name\" content=\"HANNA ORGANIC\" \/>\n<meta property=\"article:publisher\" content=\"https:\/\/www.facebook.com\/bluemagic.md\/\" \/>\n<meta property=\"article:modified_time\" content=\"2024-05-11T08:24:57+00:00\" \/>\n<meta name=\"twitter:card\" content=\"summary_large_image\" \/>\n<meta name=\"twitter:label1\" content=\"\u041f\u0440\u0438\u043c\u0435\u0440\u043d\u043e\u0435 \u0432\u0440\u0435\u043c\u044f \u0434\u043b\u044f \u0447\u0442\u0435\u043d\u0438\u044f\" \/>\n\t<meta name=\"twitter:data1\" content=\"3 \u043c\u0438\u043d\u0443\u0442\u044b\" \/>\n<script type=\"application\/ld+json\" class=\"yoast-schema-graph\">{\"@context\":\"https:\\\/\\\/schema.org\",\"@graph\":[{\"@type\":\"WebPage\",\"@id\":\"https:\\\/\\\/hannaorganic.md\\\/ru\\\/f-a-q\\\/\",\"url\":\"https:\\\/\\\/hannaorganic.md\\\/ru\\\/f-a-q\\\/\",\"name\":\"FAQ - HANNA ORGANIC\",\"isPartOf\":{\"@id\":\"https:\\\/\\\/hannaorganic.md\\\/ru\\\/#website\"},\"datePublished\":\"2018-03-25T21:48:28+00:00\",\"dateModified\":\"2024-05-11T08:24:57+00:00\",\"breadcrumb\":{\"@id\":\"https:\\\/\\\/hannaorganic.md\\\/ru\\\/f-a-q\\\/#breadcrumb\"},\"inLanguage\":\"ru-RU\",\"potentialAction\":[{\"@type\":\"ReadAction\",\"target\":[\"https:\\\/\\\/hannaorganic.md\\\/ru\\\/f-a-q\\\/\"]}]},{\"@type\":\"BreadcrumbList\",\"@id\":\"https:\\\/\\\/hannaorganic.md\\\/ru\\\/f-a-q\\\/#breadcrumb\",\"itemListElement\":[{\"@type\":\"ListItem\",\"position\":1,\"name\":\"Prima pagin\u0103\",\"item\":\"https:\\\/\\\/hannaorganic.md\\\/ru\\\/hanna-organic\\\/\"},{\"@type\":\"ListItem\",\"position\":2,\"name\":\"FAQ\"}]},{\"@type\":\"WebSite\",\"@id\":\"https:\\\/\\\/hannaorganic.md\\\/ru\\\/#website\",\"url\":\"https:\\\/\\\/hannaorganic.md\\\/ru\\\/\",\"name\":\"HANNA ORGANIC\",\"description\":\"Multi-Brand Cosmetic Store\",\"potentialAction\":[{\"@type\":\"SearchAction\",\"target\":{\"@type\":\"EntryPoint\",\"urlTemplate\":\"https:\\\/\\\/hannaorganic.md\\\/ru\\\/?s={search_term_string}\"},\"query-input\":{\"@type\":\"PropertyValueSpecification\",\"valueRequired\":true,\"valueName\":\"search_term_string\"}}],\"inLanguage\":\"ru-RU\"}]}<\/script>\n<!-- \/ Yoast SEO plugin. -->","yoast_head_json":{"title":"FAQ - HANNA ORGANIC","robots":{"index":"index","follow":"follow","max-snippet":"max-snippet:-1","max-image-preview":"max-image-preview:large","max-video-preview":"max-video-preview:-1"},"canonical":"https:\/\/hannaorganic.md\/ru\/f-a-q\/","og_locale":"ru_RU","og_type":"article","og_title":"FAQ - HANNA ORGANIC","og_url":"https:\/\/hannaorganic.md\/ru\/f-a-q\/","og_site_name":"HANNA ORGANIC","article_publisher":"https:\/\/www.facebook.com\/bluemagic.md\/","article_modified_time":"2024-05-11T08:24:57+00:00","twitter_card":"summary_large_image","twitter_misc":{"\u041f\u0440\u0438\u043c\u0435\u0440\u043d\u043e\u0435 \u0432\u0440\u0435\u043c\u044f \u0434\u043b\u044f \u0447\u0442\u0435\u043d\u0438\u044f":"3 \u043c\u0438\u043d\u0443\u0442\u044b"},"schema":{"@context":"https:\/\/schema.org","@graph":[{"@type":"WebPage","@id":"https:\/\/hannaorganic.md\/ru\/f-a-q\/","url":"https:\/\/hannaorganic.md\/ru\/f-a-q\/","name":"FAQ - HANNA ORGANIC","isPartOf":{"@id":"https:\/\/hannaorganic.md\/ru\/#website"},"datePublished":"2018-03-25T21:48:28+00:00","dateModified":"2024-05-11T08:24:57+00:00","breadcrumb":{"@id":"https:\/\/hannaorganic.md\/ru\/f-a-q\/#breadcrumb"},"inLanguage":"ru-RU","potentialAction":[{"@type":"ReadAction","target":["https:\/\/hannaorganic.md\/ru\/f-a-q\/"]}]},{"@type":"BreadcrumbList","@id":"https:\/\/hannaorganic.md\/ru\/f-a-q\/#breadcrumb","itemListElement":[{"@type":"ListItem","position":1,"name":"Prima pagin\u0103","item":"https:\/\/hannaorganic.md\/ru\/hanna-organic\/"},{"@type":"ListItem","position":2,"name":"FAQ"}]},{"@type":"WebSite","@id":"https:\/\/hannaorganic.md\/ru\/#website","url":"https:\/\/hannaorganic.md\/ru\/","name":"HANNA ORGANIC","description":"Multi-Brand Cosmetic Store","potentialAction":[{"@type":"SearchAction","target":{"@type":"EntryPoint","urlTemplate":"https:\/\/hannaorganic.md\/ru\/?s={search_term_string}"},"query-input":{"@type":"PropertyValueSpecification","valueRequired":true,"valueName":"search_term_string"}}],"inLanguage":"ru-RU"}]}},"_links":{"self":[{"href":"https:\/\/hannaorganic.md\/ru\/wp-json\/wp\/v2\/pages\/85","targetHints":{"allow":["GET"]}}],"collection":[{"href":"https:\/\/hannaorganic.md\/ru\/wp-json\/wp\/v2\/pages"}],"about":[{"href":"https:\/\/hannaorganic.md\/ru\/wp-json\/wp\/v2\/types\/page"}],"author":[{"embeddable":true,"href":"https:\/\/hannaorganic.md\/ru\/wp-json\/wp\/v2\/users\/1"}],"replies":[{"embeddable":true,"href":"https:\/\/hannaorganic.md\/ru\/wp-json\/wp\/v2\/comments?post=85"}],"version-history":[{"count":10,"href":"https:\/\/hannaorganic.md\/ru\/wp-json\/wp\/v2\/pages\/85\/revisions"}],"predecessor-version":[{"id":84282,"href":"https:\/\/hannaorganic.md\/ru\/wp-json\/wp\/v2\/pages\/85\/revisions\/84282"}],"wp:attachment":[{"href":"https:\/\/hannaorganic.md\/ru\/wp-json\/wp\/v2\/media?parent=85"}],"curies":[{"name":"wp","href":"https:\/\/api.w.org\/{rel}","templated":true}]}}