{"id":13731,"date":"2020-04-29T22:37:48","date_gmt":"2020-04-29T20:37:48","guid":{"rendered":"https:\/\/hannaorganic.md\/?post_type=product&#038;p=13731"},"modified":"2024-02-27T13:34:19","modified_gmt":"2024-02-27T11:34:19","slug":"stop-cellulite-coffee-bean-scrub-mr-scrubber","status":"publish","type":"product","link":"https:\/\/hannaorganic.md\/ru\/produs\/stop-cellulite-coffee-bean-scrub-mr-scrubber\/","title":{"rendered":"Stop Cellulite Coffee Bean Scrub Mr.SCRUBBER"},"content":{"rendered":"<div class=\"product__column-item\" data-view-block=\"group_4\">\n<div class=\"product__group product__group--tabs\">\n<div id=\"opisanie-3\">\n<div class=\"product__section\">\n<div class=\"product-description j-product-description \">\n<div class=\"text\">\n<p><span style=\"font-size: 80%;\">\u0410\u043d\u0442\u0438\u0446\u0435\u043b\u043b\u044e\u043b\u0438\u0442\u043d\u044b\u0439 \u0441\u043a\u0440\u0430\u0431 Stop Cellulite \u044d\u0444\u0444\u0435\u043a\u0442\u0438\u0432\u043d\u043e \u0431\u043e\u0440\u0435\u0442\u0441\u044f \u0441 \u0446\u0435\u043b\u043b\u044e\u043b\u0438\u0442\u043e\u043c, \u0440\u0430\u0437\u0433\u043b\u0430\u0436\u0438\u0432\u0430\u0435\u0442, \u0432\u044b\u0440\u0430\u0432\u043d\u0438\u0432\u0430\u0435\u0442 \u043a\u043e\u0436\u0443, \u0434\u0435\u043b\u0430\u0435\u0442 \u0435\u0435 \u0448\u0435\u043b\u043a\u043e\u0432\u0438\u0441\u0442\u043e\u0439, \u0443\u043f\u0440\u0443\u0433\u043e\u0439 \u0438 \u044d\u043b\u0430\u0441\u0442\u0438\u0447\u043d\u043e\u0439. \u042d\u0444\u0444\u0435\u043a\u0442\u0438\u0432\u043d\u043e \u043c\u043e\u0434\u0435\u043b\u0438\u0440\u0443\u0435\u0442 \u0441\u0438\u043b\u0443\u044d\u0442, \u0441\u0443\u0449\u0435\u0441\u0442\u0432\u0435\u043d\u043d\u043e \u0443\u043c\u0435\u043d\u044c\u0448\u0430\u0435\u0442 \u043e\u0431\u044a\u0435\u043c\u044b \u0443\u0436\u0435 \u043f\u043e\u0441\u043b\u0435 \u043d\u0435\u0441\u043a\u043e\u043b\u044c\u043a\u0438\u0445 \u0438\u0441\u043f\u043e\u043b\u044c\u0437\u043e\u0432\u0430\u043d\u0438\u0439. \u041a\u043e\u0440\u0438\u0446\u0430 \u0430\u043a\u0442\u0438\u0432\u0438\u0437\u0438\u0440\u0443\u0435\u0442 \u043f\u0440\u0438\u0442\u043e\u043a \u043a\u0440\u043e\u0432\u0438 \u043a \u043f\u0440\u043e\u0431\u043b\u0435\u043c\u043d\u044b\u043c \u0443\u0447\u0430\u0441\u0442\u043a\u0430\u043c, \u044d\u043a\u0441\u0442\u0440\u0430\u043a\u0442 \u043a\u0440\u0430\u0441\u043d\u043e\u0433\u043e \u043f\u0435\u0440\u0446\u0430 \u0432\u044b\u0441\u0443\u0448\u0438\u0432\u0430\u0435\u0442 \u0438\u0437\u043b\u0438\u0448\u043d\u044e\u044e \u0432\u043b\u0430\u0433\u0443, \u0440\u0430\u0441\u0441\u0430\u0441\u044b\u0432\u0430\u0435\u0442 \u0436\u0438\u0440 \u0438 \u043f\u043e\u0434\u0430\u0432\u043b\u044f\u0435\u0442 \u0434\u0430\u043b\u044c\u043d\u0435\u0439\u0448\u0438\u0439 \u0440\u043e\u0441\u0442 \u043a\u043b\u0435\u0442\u043e\u043a \u0436\u0438\u0440\u043e\u0432\u043e\u0439 \u0442\u043a\u0430\u043d\u0438. \u041d\u0430\u0442\u0443\u0440\u0430\u043b\u044c\u043d\u043e\u0435 \u044d\u0444\u0438\u0440\u043d\u043e\u0435 \u043c\u0430\u0441\u043b\u043e \u0430\u043f\u0435\u043b\u044c\u0441\u0438\u043d\u0430 \u043f\u0440\u043e\u043d\u0438\u043a\u0430\u0435\u0442 \u0432 \u0433\u043b\u0443\u0431\u043e\u043a\u0438\u0435 \u0441\u043b\u043e\u0438 \u043a\u043e\u0436\u0438 \u0438 \u0440\u0430\u0441\u0442\u0432\u043e\u0440\u044f\u0435\u0442 \u0436\u0438\u0440\u043e\u0432\u044b\u0435 \u043e\u0442\u043b\u043e\u0436\u0435\u043d\u0438\u044f, \u043f\u043e\u043f\u0430\u0434\u0430\u044f \u0432 \u043a\u0440\u043e\u0432\u044c \u0438 \u043b\u0438\u043c\u0444\u0443, \u0430\u043a\u0442\u0438\u0432\u0438\u0437\u0438\u0440\u0443\u0435\u0442 \u0432\u044b\u0434\u0435\u043b\u0438\u0442\u0435\u043b\u044c\u043d\u0443\u044e \u0438 \u0437\u0430\u0449\u0438\u0442\u043d\u0443\u044e \u0444\u0443\u043d\u043a\u0446\u0438\u044e \u043a\u043e\u0436\u0438.<\/span><\/p>\n<\/div>\n<\/div>\n<\/div>\n<\/div>\n<\/div>\n<\/div>\n<div class=\"product__column-item\" data-view-block=\"group_3\">\n<div class=\"product__group product__group--tabs\">\n<div class=\"product-heading product-heading--first\">\n<table class=\"product-features__table\">\n<tbody>\n<tr class=\"product-features__row\">\n<th class=\"product-features__cell product-features__cell--h\"><span style=\"font-size: 80%;\">\u0421\u043f\u043e\u0441\u043e\u0431 \u0438\u0441\u043f\u043e\u043b\u044c\u0437\u043e\u0432\u0430\u043d\u0438\u044f<\/span><\/th>\n<td class=\"product-features__cell\"><span style=\"font-size: 80%;\">\u041d\u0430\u043d\u0435\u0441\u0442\u0438 \u0441\u043a\u0440\u0430\u0431 \u043d\u0430 \u0432\u043b\u0430\u0436\u043d\u043e\u0435 \u0442\u0435\u043b\u043e \u043c\u0430\u0441\u0441\u0430\u0436\u043d\u044b\u043c\u0438 \u0434\u0432\u0438\u0436\u0435\u043d\u0438\u044f\u043c\u0438, \u0443\u0434\u0435\u043b\u044f\u044f \u0432\u043d\u0438\u043c\u0430\u043d\u0438\u0435 \u043f\u0440\u043e\u0431\u043b\u0435\u043c\u043d\u044b\u043c \u0437\u043e\u043d\u0430\u043c. \u041e\u0441\u0442\u0430\u0432\u0438\u0442\u044c \u043d\u0430 5 \u043c\u0438\u043d\u0443\u0442 \u0434\u043b\u044f \u043b\u0443\u0447\u0448\u0435\u0433\u043e \u0440\u0435\u0437\u0443\u043b\u044c\u0442\u0430\u0442\u0430. \u0421\u043c\u044b\u0442\u044c \u0442\u0435\u043f\u043b\u043e\u0439 \u0432\u043e\u0434\u043e\u0439 \u0431\u0435\u0437 \u043c\u044b\u043b\u0430. \u041f\u0440\u0438\u043c\u0435\u043d\u044f\u0442\u044c \u0434\u0432\u0430\u0436\u0434\u044b \u0432 \u043d\u0435\u0434\u0435\u043b\u044e.<\/span><\/td>\n<\/tr>\n<tr class=\"product-features__row\">\n<th class=\"product-features__cell product-features__cell--h\"><span style=\"font-size: 80%;\">\u0421\u043e\u0441\u0442\u0430\u0432<\/span><\/th>\n<td class=\"product-features__cell\"><span style=\"font-size: 80%;\">Robusta coffee, Arabica coffee, Cucrose, Sea Salt, Cinnamonum Zeylanicum bark powder, Vinifera (Grape) Seed Oil, Macadamia Ternifolia Seed Oil, Butyrospermum Parkii (Shea) Nut Extract, Europaea (Olive) Fruit Oil, Persea Gratissima (Avocado) Oil, Prunus persica (Peach) kernel Oil, Capsicum annum, Citrus sinesis L. Osbeck, Tocopheryl Acetate, Fragrance<\/span><\/td>\n<\/tr>\n<tr class=\"product-features__row\">\n<th class=\"product-features__cell product-features__cell--h\"><span style=\"font-size: 80%;\">\u041e\u0431\u044a\u0435\u043c<\/span><\/th>\n<td class=\"product-features__cell\"><span style=\"font-size: 80%;\">200 \u0433\u0440<\/span><\/td>\n<\/tr>\n<tr class=\"product-features__row\">\n<th class=\"product-features__cell product-features__cell--h\"><span style=\"font-size: 80%;\">\u0412\u043e\u0437\u0440\u0430\u0441\u0442<\/span><\/th>\n<td class=\"product-features__cell\"><span style=\"font-size: 80%;\">18+<\/span><\/td>\n<\/tr>\n<\/tbody>\n<\/table>\n<\/div>\n<\/div>\n<\/div>\n","protected":false},"excerpt":{"rendered":"<p><span style=\"font-size: 80%;\">\u0410\u043d\u0442\u0438\u0446\u0435\u043b\u043b\u044e\u043b\u0438\u0442\u043d\u044b\u0439 \u0441\u043a\u0440\u0430\u0431 Stop Cellulite \u044d\u0444\u0444\u0435\u043a\u0442\u0438\u0432\u043d\u043e \u0431\u043e\u0440\u0435\u0442\u0441\u044f \u0441 \u0446\u0435\u043b\u043b\u044e\u043b\u0438\u0442\u043e\u043c, \u0440\u0430\u0437\u0433\u043b\u0430\u0436\u0438\u0432\u0430\u0435\u0442, \u0432\u044b\u0440\u0430\u0432\u043d\u0438\u0432\u0430\u0435\u0442 \u043a\u043e\u0436\u0443, \u0434\u0435\u043b\u0430\u0435\u0442 \u0435\u0435 \u0448\u0435\u043b\u043a\u043e\u0432\u0438\u0441\u0442\u043e\u0439, \u0443\u043f\u0440\u0443\u0433\u043e\u0439 \u0438 \u044d\u043b\u0430\u0441\u0442\u0438\u0447\u043d\u043e\u0439.<\/span><\/p>\n","protected":false},"featured_media":13729,"template":"","meta":[],"product_brand":[],"product_cat":[342,478,338,280],"product_tag":[571],"class_list":{"0":"post-13731","1":"product","2":"type-product","3":"status-publish","4":"has-post-thumbnail","6":"product_cat-mr-scrubber","7":"product_cat-toate-produsele-ru","8":"product_cat-338","9":"product_cat-280","10":"product_tag-stop-cellulite-ru","12":"first","13":"instock","14":"shipping-taxable","15":"purchasable","16":"product-type-simple"},"yoast_head":"<!-- This site is optimized with the Yoast SEO plugin v27.5 - https:\/\/yoast.com\/product\/yoast-seo-wordpress\/ -->\n<title>Stop Cellulite Coffee Bean Scrub Mr.SCRUBBER - HANNA ORGANIC<\/title>\n<meta name=\"description\" content=\"Scrub anticelulitic Stop Cellulite cu extract de piper ro\u0219u \u0219i scor\u021bi\u0219oar\u0103 combate eficient celulita, uniformizeaz\u0103 textura pielii, catifeleaz\u0103 \u0219i \u00eembun\u0103t\u0103\u021be\u0219te aspectul pielii.\" \/>\n<meta name=\"robots\" content=\"index, follow, max-snippet:-1, max-image-preview:large, max-video-preview:-1\" \/>\n<link rel=\"canonical\" href=\"https:\/\/hannaorganic.md\/ru\/produs\/stop-cellulite-coffee-bean-scrub-mr-scrubber\/\" \/>\n<meta property=\"og:locale\" content=\"ru_RU\" \/>\n<meta property=\"og:type\" content=\"article\" \/>\n<meta property=\"og:title\" content=\"Stop Cellulite Coffee Bean Scrub Mr.SCRUBBER - HANNA ORGANIC\" \/>\n<meta property=\"og:description\" content=\"Scrub anticelulitic Stop Cellulite cu extract de piper ro\u0219u \u0219i scor\u021bi\u0219oar\u0103 combate eficient celulita, uniformizeaz\u0103 textura pielii, catifeleaz\u0103 \u0219i \u00eembun\u0103t\u0103\u021be\u0219te aspectul pielii.\" \/>\n<meta property=\"og:url\" content=\"https:\/\/hannaorganic.md\/ru\/produs\/stop-cellulite-coffee-bean-scrub-mr-scrubber\/\" \/>\n<meta property=\"og:site_name\" content=\"HANNA ORGANIC\" \/>\n<meta property=\"article:publisher\" content=\"https:\/\/www.facebook.com\/bluemagic.md\/\" \/>\n<meta property=\"article:modified_time\" content=\"2024-02-27T11:34:19+00:00\" \/>\n<meta property=\"og:image\" content=\"https:\/\/hannaorganic.md\/wp-content\/uploads\/2020\/04\/Screen-Shot-2020-04-29-at-23.14.39.png\" \/>\n\t<meta property=\"og:image:width\" content=\"1412\" \/>\n\t<meta property=\"og:image:height\" content=\"1366\" \/>\n\t<meta property=\"og:image:type\" content=\"image\/png\" \/>\n<meta name=\"twitter:card\" content=\"summary_large_image\" \/>\n<meta name=\"twitter:label1\" content=\"\u041f\u0440\u0438\u043c\u0435\u0440\u043d\u043e\u0435 \u0432\u0440\u0435\u043c\u044f \u0434\u043b\u044f \u0447\u0442\u0435\u043d\u0438\u044f\" \/>\n\t<meta name=\"twitter:data1\" content=\"2 \u043c\u0438\u043d\u0443\u0442\u044b\" \/>\n<script type=\"application\/ld+json\" class=\"yoast-schema-graph\">{\"@context\":\"https:\\\/\\\/schema.org\",\"@graph\":[{\"@type\":\"WebPage\",\"@id\":\"https:\\\/\\\/hannaorganic.md\\\/ru\\\/produs\\\/stop-cellulite-coffee-bean-scrub-mr-scrubber\\\/\",\"url\":\"https:\\\/\\\/hannaorganic.md\\\/ru\\\/produs\\\/stop-cellulite-coffee-bean-scrub-mr-scrubber\\\/\",\"name\":\"Stop Cellulite Coffee Bean Scrub Mr.SCRUBBER - HANNA ORGANIC\",\"isPartOf\":{\"@id\":\"https:\\\/\\\/hannaorganic.md\\\/ru\\\/#website\"},\"primaryImageOfPage\":{\"@id\":\"https:\\\/\\\/hannaorganic.md\\\/ru\\\/produs\\\/stop-cellulite-coffee-bean-scrub-mr-scrubber\\\/#primaryimage\"},\"image\":{\"@id\":\"https:\\\/\\\/hannaorganic.md\\\/ru\\\/produs\\\/stop-cellulite-coffee-bean-scrub-mr-scrubber\\\/#primaryimage\"},\"thumbnailUrl\":\"https:\\\/\\\/hannaorganic.md\\\/wp-content\\\/uploads\\\/2020\\\/04\\\/Screen-Shot-2020-04-29-at-23.14.39.png\",\"datePublished\":\"2020-04-29T20:37:48+00:00\",\"dateModified\":\"2024-02-27T11:34:19+00:00\",\"description\":\"Scrub anticelulitic Stop Cellulite cu extract de piper ro\u0219u \u0219i scor\u021bi\u0219oar\u0103 combate eficient celulita, uniformizeaz\u0103 textura pielii, catifeleaz\u0103 \u0219i \u00eembun\u0103t\u0103\u021be\u0219te aspectul pielii.\",\"breadcrumb\":{\"@id\":\"https:\\\/\\\/hannaorganic.md\\\/ru\\\/produs\\\/stop-cellulite-coffee-bean-scrub-mr-scrubber\\\/#breadcrumb\"},\"inLanguage\":\"ru-RU\",\"potentialAction\":[{\"@type\":\"ReadAction\",\"target\":[\"https:\\\/\\\/hannaorganic.md\\\/ru\\\/produs\\\/stop-cellulite-coffee-bean-scrub-mr-scrubber\\\/\"]}]},{\"@type\":\"ImageObject\",\"inLanguage\":\"ru-RU\",\"@id\":\"https:\\\/\\\/hannaorganic.md\\\/ru\\\/produs\\\/stop-cellulite-coffee-bean-scrub-mr-scrubber\\\/#primaryimage\",\"url\":\"https:\\\/\\\/hannaorganic.md\\\/wp-content\\\/uploads\\\/2020\\\/04\\\/Screen-Shot-2020-04-29-at-23.14.39.png\",\"contentUrl\":\"https:\\\/\\\/hannaorganic.md\\\/wp-content\\\/uploads\\\/2020\\\/04\\\/Screen-Shot-2020-04-29-at-23.14.39.png\",\"width\":1412,\"height\":1366},{\"@type\":\"BreadcrumbList\",\"@id\":\"https:\\\/\\\/hannaorganic.md\\\/ru\\\/produs\\\/stop-cellulite-coffee-bean-scrub-mr-scrubber\\\/#breadcrumb\",\"itemListElement\":[{\"@type\":\"ListItem\",\"position\":1,\"name\":\"Prima pagin\u0103\",\"item\":\"https:\\\/\\\/hannaorganic.md\\\/ru\\\/hanna-organic\\\/\"},{\"@type\":\"ListItem\",\"position\":2,\"name\":\"\u041c\u0430\u0433\u0430\u0437\u0438\u043d\",\"item\":\"https:\\\/\\\/hannaorganic.md\\\/ru\\\/shop\\\/\"},{\"@type\":\"ListItem\",\"position\":3,\"name\":\"Stop Cellulite Coffee Bean Scrub Mr.SCRUBBER\"}]},{\"@type\":\"WebSite\",\"@id\":\"https:\\\/\\\/hannaorganic.md\\\/ru\\\/#website\",\"url\":\"https:\\\/\\\/hannaorganic.md\\\/ru\\\/\",\"name\":\"HANNA ORGANIC\",\"description\":\"Multi-Brand Cosmetic Store\",\"potentialAction\":[{\"@type\":\"SearchAction\",\"target\":{\"@type\":\"EntryPoint\",\"urlTemplate\":\"https:\\\/\\\/hannaorganic.md\\\/ru\\\/?s={search_term_string}\"},\"query-input\":{\"@type\":\"PropertyValueSpecification\",\"valueRequired\":true,\"valueName\":\"search_term_string\"}}],\"inLanguage\":\"ru-RU\"}]}<\/script>\n<!-- \/ Yoast SEO plugin. -->","yoast_head_json":{"title":"Stop Cellulite Coffee Bean Scrub Mr.SCRUBBER - HANNA ORGANIC","description":"Scrub anticelulitic Stop Cellulite cu extract de piper ro\u0219u \u0219i scor\u021bi\u0219oar\u0103 combate eficient celulita, uniformizeaz\u0103 textura pielii, catifeleaz\u0103 \u0219i \u00eembun\u0103t\u0103\u021be\u0219te aspectul pielii.","robots":{"index":"index","follow":"follow","max-snippet":"max-snippet:-1","max-image-preview":"max-image-preview:large","max-video-preview":"max-video-preview:-1"},"canonical":"https:\/\/hannaorganic.md\/ru\/produs\/stop-cellulite-coffee-bean-scrub-mr-scrubber\/","og_locale":"ru_RU","og_type":"article","og_title":"Stop Cellulite Coffee Bean Scrub Mr.SCRUBBER - HANNA ORGANIC","og_description":"Scrub anticelulitic Stop Cellulite cu extract de piper ro\u0219u \u0219i scor\u021bi\u0219oar\u0103 combate eficient celulita, uniformizeaz\u0103 textura pielii, catifeleaz\u0103 \u0219i \u00eembun\u0103t\u0103\u021be\u0219te aspectul pielii.","og_url":"https:\/\/hannaorganic.md\/ru\/produs\/stop-cellulite-coffee-bean-scrub-mr-scrubber\/","og_site_name":"HANNA ORGANIC","article_publisher":"https:\/\/www.facebook.com\/bluemagic.md\/","article_modified_time":"2024-02-27T11:34:19+00:00","og_image":[{"width":1412,"height":1366,"url":"https:\/\/hannaorganic.md\/wp-content\/uploads\/2020\/04\/Screen-Shot-2020-04-29-at-23.14.39.png","type":"image\/png"}],"twitter_card":"summary_large_image","twitter_misc":{"\u041f\u0440\u0438\u043c\u0435\u0440\u043d\u043e\u0435 \u0432\u0440\u0435\u043c\u044f \u0434\u043b\u044f \u0447\u0442\u0435\u043d\u0438\u044f":"2 \u043c\u0438\u043d\u0443\u0442\u044b"},"schema":{"@context":"https:\/\/schema.org","@graph":[{"@type":"WebPage","@id":"https:\/\/hannaorganic.md\/ru\/produs\/stop-cellulite-coffee-bean-scrub-mr-scrubber\/","url":"https:\/\/hannaorganic.md\/ru\/produs\/stop-cellulite-coffee-bean-scrub-mr-scrubber\/","name":"Stop Cellulite Coffee Bean Scrub Mr.SCRUBBER - HANNA ORGANIC","isPartOf":{"@id":"https:\/\/hannaorganic.md\/ru\/#website"},"primaryImageOfPage":{"@id":"https:\/\/hannaorganic.md\/ru\/produs\/stop-cellulite-coffee-bean-scrub-mr-scrubber\/#primaryimage"},"image":{"@id":"https:\/\/hannaorganic.md\/ru\/produs\/stop-cellulite-coffee-bean-scrub-mr-scrubber\/#primaryimage"},"thumbnailUrl":"https:\/\/hannaorganic.md\/wp-content\/uploads\/2020\/04\/Screen-Shot-2020-04-29-at-23.14.39.png","datePublished":"2020-04-29T20:37:48+00:00","dateModified":"2024-02-27T11:34:19+00:00","description":"Scrub anticelulitic Stop Cellulite cu extract de piper ro\u0219u \u0219i scor\u021bi\u0219oar\u0103 combate eficient celulita, uniformizeaz\u0103 textura pielii, catifeleaz\u0103 \u0219i \u00eembun\u0103t\u0103\u021be\u0219te aspectul pielii.","breadcrumb":{"@id":"https:\/\/hannaorganic.md\/ru\/produs\/stop-cellulite-coffee-bean-scrub-mr-scrubber\/#breadcrumb"},"inLanguage":"ru-RU","potentialAction":[{"@type":"ReadAction","target":["https:\/\/hannaorganic.md\/ru\/produs\/stop-cellulite-coffee-bean-scrub-mr-scrubber\/"]}]},{"@type":"ImageObject","inLanguage":"ru-RU","@id":"https:\/\/hannaorganic.md\/ru\/produs\/stop-cellulite-coffee-bean-scrub-mr-scrubber\/#primaryimage","url":"https:\/\/hannaorganic.md\/wp-content\/uploads\/2020\/04\/Screen-Shot-2020-04-29-at-23.14.39.png","contentUrl":"https:\/\/hannaorganic.md\/wp-content\/uploads\/2020\/04\/Screen-Shot-2020-04-29-at-23.14.39.png","width":1412,"height":1366},{"@type":"BreadcrumbList","@id":"https:\/\/hannaorganic.md\/ru\/produs\/stop-cellulite-coffee-bean-scrub-mr-scrubber\/#breadcrumb","itemListElement":[{"@type":"ListItem","position":1,"name":"Prima pagin\u0103","item":"https:\/\/hannaorganic.md\/ru\/hanna-organic\/"},{"@type":"ListItem","position":2,"name":"\u041c\u0430\u0433\u0430\u0437\u0438\u043d","item":"https:\/\/hannaorganic.md\/ru\/shop\/"},{"@type":"ListItem","position":3,"name":"Stop Cellulite Coffee Bean Scrub Mr.SCRUBBER"}]},{"@type":"WebSite","@id":"https:\/\/hannaorganic.md\/ru\/#website","url":"https:\/\/hannaorganic.md\/ru\/","name":"HANNA ORGANIC","description":"Multi-Brand Cosmetic Store","potentialAction":[{"@type":"SearchAction","target":{"@type":"EntryPoint","urlTemplate":"https:\/\/hannaorganic.md\/ru\/?s={search_term_string}"},"query-input":{"@type":"PropertyValueSpecification","valueRequired":true,"valueName":"search_term_string"}}],"inLanguage":"ru-RU"}]}},"_links":{"self":[{"href":"https:\/\/hannaorganic.md\/ru\/wp-json\/wp\/v2\/product\/13731","targetHints":{"allow":["GET"]}}],"collection":[{"href":"https:\/\/hannaorganic.md\/ru\/wp-json\/wp\/v2\/product"}],"about":[{"href":"https:\/\/hannaorganic.md\/ru\/wp-json\/wp\/v2\/types\/product"}],"wp:featuredmedia":[{"embeddable":true,"href":"https:\/\/hannaorganic.md\/ru\/wp-json\/wp\/v2\/media\/13729"}],"wp:attachment":[{"href":"https:\/\/hannaorganic.md\/ru\/wp-json\/wp\/v2\/media?parent=13731"}],"wp:term":[{"taxonomy":"product_brand","embeddable":true,"href":"https:\/\/hannaorganic.md\/ru\/wp-json\/wp\/v2\/product_brand?post=13731"},{"taxonomy":"product_cat","embeddable":true,"href":"https:\/\/hannaorganic.md\/ru\/wp-json\/wp\/v2\/product_cat?post=13731"},{"taxonomy":"product_tag","embeddable":true,"href":"https:\/\/hannaorganic.md\/ru\/wp-json\/wp\/v2\/product_tag?post=13731"}],"curies":[{"name":"wp","href":"https:\/\/api.w.org\/{rel}","templated":true}]}}