{"id":13770,"date":"2020-04-30T11:01:20","date_gmt":"2020-04-30T09:01:20","guid":{"rendered":"https:\/\/hannaorganic.md\/?post_type=product&#038;p=13770"},"modified":"2026-04-29T00:28:34","modified_gmt":"2026-04-28T22:28:34","slug":"stop-cellulite-set-mr-scrubber","status":"publish","type":"product","link":"https:\/\/hannaorganic.md\/ru\/produs\/stop-cellulite-set-mr-scrubber\/","title":{"rendered":"Perfect Coco Body Set Mr.SCRUBBER"},"content":{"rendered":"<h4><strong style=\"font-size: 80%\"><a href=\"https:\/\/hannaorganic.md\/produs\/body-brush-mr-scrubber\/\">Body Brush Mr. SCRUBBER<\/a><\/strong><\/h4>\n<p><span style=\"font-size: 80%\">Peria pentru masaj uscat Mr.SCRUBBER din lemn natural \u0219i fibre de cactus contribuie la eliminarea toxinelor, excesului de lichid \u0219i aspectului pielii coaj\u0103 de portocal\u0103.<\/span><\/p>\n<h4><span style=\"font-size: 80%\"><a href=\"https:\/\/hannaorganic.md\/produs\/stop-cellulite-coffee-bean-scrub-mr-scrubber\/\"><strong>Stop Cellulite Coffee Bean Scrub Mr.SCRUBBER<\/strong><\/a><\/span><\/h4>\n<p><span style=\"font-size: 80%\">Scrub anticelulitic Stop Cellulite cu extract de piper ro\u0219u \u0219i scor\u021bi\u0219oar\u0103 combate eficient celulita, uniformizeaz\u0103 textura pielii, catifeleaz\u0103 \u0219i \u00eembun\u0103t\u0103\u021be\u0219te aspectul pielii.\u00a0<\/span><\/p>\n<h4><strong><a href=\"https:\/\/hannaorganic.md\/produs\/my-coco-oil-extra-pure-mr-scrubber\/\">My Coco Oil Extra Pure Mr.SCRUBBER\u00a0<\/a><\/strong><\/h4>\n<p>Hidrateaz\u0103 intens \u0219i \u00eembun\u0103t\u0103\u021be\u0219te elasticitatea pielii.<\/p>\n<h4><strong>Mod de utilizare:<\/strong><\/h4>\n<p><strong>Pasul 1.<\/strong>\u00a0Efectua\u021bi periajul uscat al dermei conform instruc\u021biunilor (regulat, odata pe zi, \u00een fiecare zi);<\/p>\n<p><strong>Pasul 2.<\/strong> Merge\u021bi \u00een du\u0219, aplica\u021bi scrub-ul conform instruc\u021biunilor (utiliza\u021bi de 1-2 ori pe saptam\u00e2n\u0103);<\/p>\n<p><strong>Pasul 3.<\/strong>\u00a0Dup\u0103 du\u0219, aplica\u021bi ulei de cocos pe corp cu mi\u0219c\u0103ri circulare, p\u00e2n\u0103 la absorbirea lui complet\u0103 (pute\u021bi utiliza zilnic).<\/p>\n","protected":false},"excerpt":{"rendered":"<p><span style=\"font-size: 80%\"><em>Setul include:<\/em><\/span><\/p>\n<ol>\n<li>\n<h4><span style=\"font-size: 80%\"><strong><a href=\"https:\/\/hannaorganic.md\/produs\/body-brush-mr-scrubber\/\">Body Brush Mr. SCRUBBER;<\/a><\/strong><\/span><\/h4>\n<\/li>\n<li>\n<h4><span style=\"font-size: 80%\"><strong><a href=\"https:\/\/hannaorganic.md\/produs\/stop-cellulite-coffee-bean-scrub-mr-scrubber\/\">Stop Cellulite Coffee Bean Scrub Mr.SCRUBBER;<\/a><\/strong><\/span><\/h4>\n<\/li>\n<li><a href=\"https:\/\/hannaorganic.md\/produs\/my-coco-oil-extra-pure-mr-scrubber\/\">My Coco Oil Extra Pure Mr.SCRUBBER<\/a><\/li>\n<\/ol>\n","protected":false},"featured_media":13780,"template":"","meta":[],"product_brand":[],"product_cat":[175,207,104,360,96,365],"product_tag":[537],"class_list":{"0":"post-13770","1":"product","2":"type-product","3":"status-publish","4":"has-post-thumbnail","6":"product_cat-accessories","7":"product_cat-body-brush","8":"product_cat-body-scrub","9":"product_cat-coffee-scrub","10":"product_cat-mrscrubber-md","11":"product_cat-seturi-promotionale","12":"product_tag-stop-cellulite","14":"first","15":"instock","16":"sale","17":"shipping-taxable","18":"purchasable","19":"product-type-simple"},"yoast_head":"<!-- This site is optimized with the Yoast SEO plugin v27.5 - https:\/\/yoast.com\/product\/yoast-seo-wordpress\/ -->\n<title>Perfect Coco Body Set Mr.SCRUBBER - HANNA ORGANIC<\/title>\n<meta name=\"description\" content=\"Setul include:Stop Cellulite Coffee Bean Scrub Mr.SCRUBBER;Body Brush Mr. SCRUBBER.\" \/>\n<meta name=\"robots\" content=\"index, follow, max-snippet:-1, max-image-preview:large, max-video-preview:-1\" \/>\n<link rel=\"canonical\" href=\"https:\/\/hannaorganic.md\/ru\/produs\/stop-cellulite-set-mr-scrubber\/\" \/>\n<meta property=\"og:locale\" content=\"ru_RU\" \/>\n<meta property=\"og:type\" content=\"article\" \/>\n<meta property=\"og:title\" content=\"Perfect Coco Body Set Mr.SCRUBBER - HANNA ORGANIC\" \/>\n<meta property=\"og:description\" content=\"Setul include:Stop Cellulite Coffee Bean Scrub Mr.SCRUBBER;Body Brush Mr. SCRUBBER.\" \/>\n<meta property=\"og:url\" content=\"https:\/\/hannaorganic.md\/ru\/produs\/stop-cellulite-set-mr-scrubber\/\" \/>\n<meta property=\"og:site_name\" content=\"HANNA ORGANIC\" \/>\n<meta property=\"article:publisher\" content=\"https:\/\/www.facebook.com\/bluemagic.md\/\" \/>\n<meta property=\"article:modified_time\" content=\"2026-04-28T22:28:34+00:00\" \/>\n<meta property=\"og:image\" content=\"https:\/\/hannaorganic.md\/wp-content\/uploads\/2020\/04\/Screen-Shot-2020-04-30-at-12.40.41.png\" \/>\n\t<meta property=\"og:image:width\" content=\"1017\" \/>\n\t<meta property=\"og:image:height\" content=\"1017\" \/>\n\t<meta property=\"og:image:type\" content=\"image\/png\" \/>\n<meta name=\"twitter:card\" content=\"summary_large_image\" \/>\n<meta name=\"twitter:label1\" content=\"\u041f\u0440\u0438\u043c\u0435\u0440\u043d\u043e\u0435 \u0432\u0440\u0435\u043c\u044f \u0434\u043b\u044f \u0447\u0442\u0435\u043d\u0438\u044f\" \/>\n\t<meta name=\"twitter:data1\" content=\"1 \u043c\u0438\u043d\u0443\u0442\u0430\" \/>\n<script type=\"application\/ld+json\" class=\"yoast-schema-graph\">{\"@context\":\"https:\\\/\\\/schema.org\",\"@graph\":[{\"@type\":\"WebPage\",\"@id\":\"https:\\\/\\\/hannaorganic.md\\\/ru\\\/produs\\\/stop-cellulite-set-mr-scrubber\\\/\",\"url\":\"https:\\\/\\\/hannaorganic.md\\\/ru\\\/produs\\\/stop-cellulite-set-mr-scrubber\\\/\",\"name\":\"Perfect Coco Body Set Mr.SCRUBBER - HANNA ORGANIC\",\"isPartOf\":{\"@id\":\"https:\\\/\\\/hannaorganic.md\\\/ru\\\/#website\"},\"primaryImageOfPage\":{\"@id\":\"https:\\\/\\\/hannaorganic.md\\\/ru\\\/produs\\\/stop-cellulite-set-mr-scrubber\\\/#primaryimage\"},\"image\":{\"@id\":\"https:\\\/\\\/hannaorganic.md\\\/ru\\\/produs\\\/stop-cellulite-set-mr-scrubber\\\/#primaryimage\"},\"thumbnailUrl\":\"https:\\\/\\\/hannaorganic.md\\\/wp-content\\\/uploads\\\/2020\\\/04\\\/Screen-Shot-2020-04-30-at-12.40.41.png\",\"datePublished\":\"2020-04-30T09:01:20+00:00\",\"dateModified\":\"2026-04-28T22:28:34+00:00\",\"description\":\"Setul include:Stop Cellulite Coffee Bean Scrub Mr.SCRUBBER;Body Brush Mr. SCRUBBER.\",\"breadcrumb\":{\"@id\":\"https:\\\/\\\/hannaorganic.md\\\/ru\\\/produs\\\/stop-cellulite-set-mr-scrubber\\\/#breadcrumb\"},\"inLanguage\":\"ru-RU\",\"potentialAction\":[{\"@type\":\"ReadAction\",\"target\":[\"https:\\\/\\\/hannaorganic.md\\\/ru\\\/produs\\\/stop-cellulite-set-mr-scrubber\\\/\"]}]},{\"@type\":\"ImageObject\",\"inLanguage\":\"ru-RU\",\"@id\":\"https:\\\/\\\/hannaorganic.md\\\/ru\\\/produs\\\/stop-cellulite-set-mr-scrubber\\\/#primaryimage\",\"url\":\"https:\\\/\\\/hannaorganic.md\\\/wp-content\\\/uploads\\\/2020\\\/04\\\/Screen-Shot-2020-04-30-at-12.40.41.png\",\"contentUrl\":\"https:\\\/\\\/hannaorganic.md\\\/wp-content\\\/uploads\\\/2020\\\/04\\\/Screen-Shot-2020-04-30-at-12.40.41.png\",\"width\":1017,\"height\":1017},{\"@type\":\"BreadcrumbList\",\"@id\":\"https:\\\/\\\/hannaorganic.md\\\/ru\\\/produs\\\/stop-cellulite-set-mr-scrubber\\\/#breadcrumb\",\"itemListElement\":[{\"@type\":\"ListItem\",\"position\":1,\"name\":\"Prima pagin\u0103\",\"item\":\"https:\\\/\\\/hannaorganic.md\\\/ru\\\/hanna-organic\\\/\"},{\"@type\":\"ListItem\",\"position\":2,\"name\":\"\u041c\u0430\u0433\u0430\u0437\u0438\u043d\",\"item\":\"https:\\\/\\\/hannaorganic.md\\\/ru\\\/shop\\\/\"},{\"@type\":\"ListItem\",\"position\":3,\"name\":\"Perfect Coco Body Set Mr.SCRUBBER\"}]},{\"@type\":\"WebSite\",\"@id\":\"https:\\\/\\\/hannaorganic.md\\\/ru\\\/#website\",\"url\":\"https:\\\/\\\/hannaorganic.md\\\/ru\\\/\",\"name\":\"HANNA ORGANIC\",\"description\":\"Multi-Brand Cosmetic Store\",\"potentialAction\":[{\"@type\":\"SearchAction\",\"target\":{\"@type\":\"EntryPoint\",\"urlTemplate\":\"https:\\\/\\\/hannaorganic.md\\\/ru\\\/?s={search_term_string}\"},\"query-input\":{\"@type\":\"PropertyValueSpecification\",\"valueRequired\":true,\"valueName\":\"search_term_string\"}}],\"inLanguage\":\"ru-RU\"}]}<\/script>\n<!-- \/ Yoast SEO plugin. -->","yoast_head_json":{"title":"Perfect Coco Body Set Mr.SCRUBBER - HANNA ORGANIC","description":"Setul include:Stop Cellulite Coffee Bean Scrub Mr.SCRUBBER;Body Brush Mr. SCRUBBER.","robots":{"index":"index","follow":"follow","max-snippet":"max-snippet:-1","max-image-preview":"max-image-preview:large","max-video-preview":"max-video-preview:-1"},"canonical":"https:\/\/hannaorganic.md\/ru\/produs\/stop-cellulite-set-mr-scrubber\/","og_locale":"ru_RU","og_type":"article","og_title":"Perfect Coco Body Set Mr.SCRUBBER - HANNA ORGANIC","og_description":"Setul include:Stop Cellulite Coffee Bean Scrub Mr.SCRUBBER;Body Brush Mr. SCRUBBER.","og_url":"https:\/\/hannaorganic.md\/ru\/produs\/stop-cellulite-set-mr-scrubber\/","og_site_name":"HANNA ORGANIC","article_publisher":"https:\/\/www.facebook.com\/bluemagic.md\/","article_modified_time":"2026-04-28T22:28:34+00:00","og_image":[{"width":1017,"height":1017,"url":"https:\/\/hannaorganic.md\/wp-content\/uploads\/2020\/04\/Screen-Shot-2020-04-30-at-12.40.41.png","type":"image\/png"}],"twitter_card":"summary_large_image","twitter_misc":{"\u041f\u0440\u0438\u043c\u0435\u0440\u043d\u043e\u0435 \u0432\u0440\u0435\u043c\u044f \u0434\u043b\u044f \u0447\u0442\u0435\u043d\u0438\u044f":"1 \u043c\u0438\u043d\u0443\u0442\u0430"},"schema":{"@context":"https:\/\/schema.org","@graph":[{"@type":"WebPage","@id":"https:\/\/hannaorganic.md\/ru\/produs\/stop-cellulite-set-mr-scrubber\/","url":"https:\/\/hannaorganic.md\/ru\/produs\/stop-cellulite-set-mr-scrubber\/","name":"Perfect Coco Body Set Mr.SCRUBBER - HANNA ORGANIC","isPartOf":{"@id":"https:\/\/hannaorganic.md\/ru\/#website"},"primaryImageOfPage":{"@id":"https:\/\/hannaorganic.md\/ru\/produs\/stop-cellulite-set-mr-scrubber\/#primaryimage"},"image":{"@id":"https:\/\/hannaorganic.md\/ru\/produs\/stop-cellulite-set-mr-scrubber\/#primaryimage"},"thumbnailUrl":"https:\/\/hannaorganic.md\/wp-content\/uploads\/2020\/04\/Screen-Shot-2020-04-30-at-12.40.41.png","datePublished":"2020-04-30T09:01:20+00:00","dateModified":"2026-04-28T22:28:34+00:00","description":"Setul include:Stop Cellulite Coffee Bean Scrub Mr.SCRUBBER;Body Brush Mr. SCRUBBER.","breadcrumb":{"@id":"https:\/\/hannaorganic.md\/ru\/produs\/stop-cellulite-set-mr-scrubber\/#breadcrumb"},"inLanguage":"ru-RU","potentialAction":[{"@type":"ReadAction","target":["https:\/\/hannaorganic.md\/ru\/produs\/stop-cellulite-set-mr-scrubber\/"]}]},{"@type":"ImageObject","inLanguage":"ru-RU","@id":"https:\/\/hannaorganic.md\/ru\/produs\/stop-cellulite-set-mr-scrubber\/#primaryimage","url":"https:\/\/hannaorganic.md\/wp-content\/uploads\/2020\/04\/Screen-Shot-2020-04-30-at-12.40.41.png","contentUrl":"https:\/\/hannaorganic.md\/wp-content\/uploads\/2020\/04\/Screen-Shot-2020-04-30-at-12.40.41.png","width":1017,"height":1017},{"@type":"BreadcrumbList","@id":"https:\/\/hannaorganic.md\/ru\/produs\/stop-cellulite-set-mr-scrubber\/#breadcrumb","itemListElement":[{"@type":"ListItem","position":1,"name":"Prima pagin\u0103","item":"https:\/\/hannaorganic.md\/ru\/hanna-organic\/"},{"@type":"ListItem","position":2,"name":"\u041c\u0430\u0433\u0430\u0437\u0438\u043d","item":"https:\/\/hannaorganic.md\/ru\/shop\/"},{"@type":"ListItem","position":3,"name":"Perfect Coco Body Set Mr.SCRUBBER"}]},{"@type":"WebSite","@id":"https:\/\/hannaorganic.md\/ru\/#website","url":"https:\/\/hannaorganic.md\/ru\/","name":"HANNA ORGANIC","description":"Multi-Brand Cosmetic Store","potentialAction":[{"@type":"SearchAction","target":{"@type":"EntryPoint","urlTemplate":"https:\/\/hannaorganic.md\/ru\/?s={search_term_string}"},"query-input":{"@type":"PropertyValueSpecification","valueRequired":true,"valueName":"search_term_string"}}],"inLanguage":"ru-RU"}]}},"_links":{"self":[{"href":"https:\/\/hannaorganic.md\/ru\/wp-json\/wp\/v2\/product\/13770","targetHints":{"allow":["GET"]}}],"collection":[{"href":"https:\/\/hannaorganic.md\/ru\/wp-json\/wp\/v2\/product"}],"about":[{"href":"https:\/\/hannaorganic.md\/ru\/wp-json\/wp\/v2\/types\/product"}],"wp:featuredmedia":[{"embeddable":true,"href":"https:\/\/hannaorganic.md\/ru\/wp-json\/wp\/v2\/media\/13780"}],"wp:attachment":[{"href":"https:\/\/hannaorganic.md\/ru\/wp-json\/wp\/v2\/media?parent=13770"}],"wp:term":[{"taxonomy":"product_brand","embeddable":true,"href":"https:\/\/hannaorganic.md\/ru\/wp-json\/wp\/v2\/product_brand?post=13770"},{"taxonomy":"product_cat","embeddable":true,"href":"https:\/\/hannaorganic.md\/ru\/wp-json\/wp\/v2\/product_cat?post=13770"},{"taxonomy":"product_tag","embeddable":true,"href":"https:\/\/hannaorganic.md\/ru\/wp-json\/wp\/v2\/product_tag?post=13770"}],"curies":[{"name":"wp","href":"https:\/\/api.w.org\/{rel}","templated":true}]}}