{"id":14037,"date":"2020-03-18T20:51:28","date_gmt":"2020-03-18T18:51:28","guid":{"rendered":"https:\/\/hannaorganic.md\/produs\/body-couture-grapefruit-oil-mr-scrubber\/"},"modified":"2020-03-18T20:51:28","modified_gmt":"2020-03-18T18:51:28","slug":"body-couture-grapefruit-oil-mr-scrubber","status":"publish","type":"product","link":"https:\/\/hannaorganic.md\/ru\/produs\/body-couture-grapefruit-oil-mr-scrubber\/","title":{"rendered":"Body Couture Grapefruit Oil Mr.SCRUBBER"},"content":{"rendered":"<div class=\"product-heading product-heading--first\">\n<div class=\"product__column-item\" data-view-block=\"group_4\">\n<div class=\"product__group product__group--tabs\">\n<div id=\"opisanie-3\">\n<div class=\"product__section\">\n<div class=\"product-description j-product-description \">\n<div class=\"text\">\n<p><span style=\"font-size: 85%;\">\u041c\u0430\u0441\u043b\u043e \u0433\u0440\u0435\u0439\u043f\u0444\u0440\u0443\u0442\u0430 \u0432\u043e\u0441\u0441\u0442\u0430\u043d\u0430\u0432\u043b\u0438\u0432\u0430\u0435\u0442 \u0441\u0442\u0440\u0443\u043a\u0442\u0443\u0440\u0443 \u043a\u043b\u0435\u0442\u043e\u043a, \u0443\u0447\u0430\u0441\u0442\u0432\u0443\u0435\u0442 \u0432 \u0441\u0438\u043d\u0442\u0435\u0437\u0435 \u043a\u043e\u043b\u043b\u0430\u0433\u0435\u043d\u0430. \u041e\u0441\u043e\u0431\u0435\u043d\u043d\u043e \u0446\u0435\u043d\u0438\u0442\u0441\u044f \u0435\u0433\u043e \u043e\u043c\u043e\u043b\u0430\u0436\u0438\u0432\u0430\u044e\u0449\u0438\u0439 \u0438 \u0442\u043e\u043d\u0438\u0437\u0438\u0440\u0443\u044e\u0449\u0438\u0439 \u044d\u0444\u0444\u0435\u043a\u0442. \u041c\u0430\u0441\u043b\u043e \u0433\u043b\u0443\u0431\u043e\u043a\u043e \u0443\u0432\u043b\u0430\u0436\u043d\u044f\u0435\u0442 \u0443\u0432\u044f\u0434\u0430\u044e\u0449\u0443\u044e \u043a\u043e\u0436\u0443, \u043e\u0441\u0432\u0435\u0442\u043b\u044f\u0435\u0442 \u043f\u0438\u0433\u043c\u0435\u043d\u0442\u043d\u044b\u0435 \u043f\u044f\u0442\u043d\u0430 \u0438 \u0432\u044b\u0440\u0430\u0432\u043d\u0438\u0432\u0430\u0435\u0442 \u0442\u043e\u043d, \u0443\u0441\u0442\u0440\u0430\u043d\u044f\u0435\u0442 \u0441\u0443\u0445\u043e\u0441\u0442\u044c, \u0437\u0430\u043f\u043e\u043b\u043d\u044f\u0435\u0442 \u0438\u0437\u043d\u0443\u0442\u0440\u0438 \u043c\u0435\u043b\u043a\u0438\u0435 \u043c\u043e\u0440\u0449\u0438\u043d\u044b.<\/span><\/p>\n<\/div>\n<\/div>\n<\/div>\n<\/div>\n<\/div>\n<\/div>\n<h4 class=\"product-heading__title\"><span style=\"font-size: 85%;\"><strong>\u0425\u0430\u0440\u0430\u043a\u0442\u0435\u0440\u0438\u0441\u0442\u0438\u043a\u0438<br \/>\n<\/strong><\/span><\/h4>\n<\/div>\n<div data-view-block=\"group_2.characteristics\">\n<div class=\"product__section\">\n<div class=\"product-features\">\n<table class=\"product-features__table\">\n<tbody>\n<tr class=\"product-features__row\">\n<th class=\"product-features__cell product-features__cell--h\"><span style=\"font-size: 85%;\">\u0421\u043f\u043e\u0441\u043e\u0431 \u0438\u0441\u043f\u043e\u043b\u044c\u0437\u043e\u0432\u0430\u043d\u0438\u044f<\/span><\/th>\n<td class=\"product-features__cell\"><span style=\"font-size: 85%;\">\u041d\u0430\u043d\u0435\u0441\u0442\u0438 \u043a\u0440\u0435\u043c \u043d\u0430 \u0447\u0438\u0441\u0442\u043e\u0435 \u0442\u0435\u043b\u043e \u043c\u0430\u0441\u0441\u0430\u0436\u043d\u044b\u043c\u0438 \u0434\u0432\u0438\u0436\u0435\u043d\u0438\u044f\u043c\u0438.<\/span><\/td>\n<\/tr>\n<tr class=\"product-features__row\">\n<th class=\"product-features__cell product-features__cell--h\"><span style=\"font-size: 85%;\">\u0421\u043e\u0441\u0442\u0430\u0432<\/span><\/th>\n<td class=\"product-features__cell\"><span style=\"font-size: 85%;\">Aqua, Shea butter, Glicerin, Grapefruit oil, Tocopheryl Acetate, Polyacrylate 13 &amp; Polyisobutene &amp; Polysorbate 20, Perfume, Ethylhexylglycerine.<\/span><\/td>\n<\/tr>\n<tr class=\"product-features__row\">\n<th class=\"product-features__cell product-features__cell--h\"><span style=\"font-size: 85%;\">\u041e\u0431\u044a\u0435\u043c<\/span><\/th>\n<td class=\"product-features__cell\"><span style=\"font-size: 85%;\">150 \u043c\u043b<\/span><\/td>\n<\/tr>\n<tr class=\"product-features__row\">\n<th class=\"product-features__cell product-features__cell--h\"><span style=\"font-size: 85%;\">\u0412\u043e\u0437\u0440\u0430\u0441\u0442<\/span><\/th>\n<td class=\"product-features__cell\"><\/td>\n<\/tr>\n<tr class=\"product-features__row\">\n<th class=\"product-features__cell product-features__cell--h\"><span style=\"font-size: 85%;\">\u0412\u0438\u0434<\/span><\/th>\n<td class=\"product-features__cell\"><span style=\"font-size: 85%;\">\u041a\u0440\u0435\u043c<\/span><\/td>\n<\/tr>\n<\/tbody>\n<\/table>\n<\/div>\n<\/div>\n<\/div>\n","protected":false},"excerpt":{"rendered":"<p><span style=\"font-size: 80%;\">\u041e\u0431\u043e\u0433\u0430\u0449\u0435\u043d\u043d\u044b\u0439 \u043c\u0430\u0441\u043b\u0430\u043c\u0438 \u0433\u0440\u0435\u0439\u043f\u0444\u0440\u0443\u0442\u0430 \u0438 \u0448\u0438 \u043a\u0440\u0435\u043c \u043f\u0440\u0438\u0434\u0430\u0435\u0442 \u043a\u043e\u0436\u0435 \u0443\u043f\u0440\u0443\u0433\u043e\u0441\u0442\u0438 \u0438 \u0448\u0435\u043b\u043a\u043e\u0432\u0438\u0441\u0442\u043e\u0441\u0442\u0438, \u00a0\u0431\u043b\u0430\u0433\u043e\u0434\u0430\u0440\u044f \u044d\u0444\u0444\u0435\u043a\u0442\u0443 \u043b\u0438\u0444\u0442\u0438\u043d\u0433\u0430 \u043c\u043e\u0434\u0435\u043b\u0438\u0440\u0443\u0435\u0442 \u0441\u0438\u043b\u0443\u044d\u0442 \u0438 \u0443\u043a\u0440\u0435\u043f\u043b\u044f\u0435\u0442 \u043a\u043e\u0436\u0443. <\/span><\/p>\n","protected":false},"featured_media":11439,"template":"","meta":[],"product_brand":[],"product_cat":[342,327,280],"product_tag":[538,571],"class_list":{"0":"post-14037","1":"product","2":"type-product","3":"status-publish","4":"has-post-thumbnail","6":"product_cat-mr-scrubber","7":"product_cat-327","8":"product_cat-280","9":"product_tag-body-couture","10":"product_tag-stop-cellulite-ru","12":"first","13":"outofstock","14":"shipping-taxable","15":"purchasable","16":"product-type-simple"},"yoast_head":"<!-- This site is optimized with the Yoast SEO plugin v27.5 - https:\/\/yoast.com\/product\/yoast-seo-wordpress\/ -->\n<title>Body Couture Grapefruit Oil Mr.SCRUBBER - HANNA ORGANIC<\/title>\n<meta name=\"description\" content=\"Crem\u0103 pentru corp Mr.SCRUBBER cu textur\u0103 u\u0219oar\u0103 \u0219i fluid\u0103 \u00eembog\u0103\u021bit\u0103 cu ulei de grapefruit \u0219i unt shea \u00eembun\u0103t\u0103\u021be\u0219te elasticitatea pielii \u0219i o face mai m\u0103t\u0103soas\u0103, modeleaz\u0103 silueta \u0219i \u00eent\u0103re\u0219te pielea.\u00a0\" \/>\n<meta name=\"robots\" content=\"index, follow, max-snippet:-1, max-image-preview:large, max-video-preview:-1\" \/>\n<link rel=\"canonical\" href=\"https:\/\/hannaorganic.md\/ru\/produs\/body-couture-grapefruit-oil-mr-scrubber\/\" \/>\n<meta property=\"og:locale\" content=\"ru_RU\" \/>\n<meta property=\"og:type\" content=\"article\" \/>\n<meta property=\"og:title\" content=\"Body Couture Grapefruit Oil Mr.SCRUBBER - HANNA ORGANIC\" \/>\n<meta property=\"og:description\" content=\"Crem\u0103 pentru corp Mr.SCRUBBER cu textur\u0103 u\u0219oar\u0103 \u0219i fluid\u0103 \u00eembog\u0103\u021bit\u0103 cu ulei de grapefruit \u0219i unt shea \u00eembun\u0103t\u0103\u021be\u0219te elasticitatea pielii \u0219i o face mai m\u0103t\u0103soas\u0103, modeleaz\u0103 silueta \u0219i \u00eent\u0103re\u0219te pielea.\u00a0\" \/>\n<meta property=\"og:url\" content=\"https:\/\/hannaorganic.md\/ru\/produs\/body-couture-grapefruit-oil-mr-scrubber\/\" \/>\n<meta property=\"og:site_name\" content=\"HANNA ORGANIC\" \/>\n<meta property=\"article:publisher\" content=\"https:\/\/www.facebook.com\/bluemagic.md\/\" \/>\n<meta property=\"og:image\" content=\"https:\/\/hannaorganic.md\/wp-content\/uploads\/2020\/03\/podtyagivaushchiy-krem-dlya-tela-s-greypfrutovym-maslom-body-couture-grapefruit-oil-78562951301914.jpg\" \/>\n\t<meta property=\"og:image:width\" content=\"1800\" \/>\n\t<meta property=\"og:image:height\" content=\"1200\" \/>\n\t<meta property=\"og:image:type\" content=\"image\/jpeg\" \/>\n<meta name=\"twitter:card\" content=\"summary_large_image\" \/>\n<script type=\"application\/ld+json\" class=\"yoast-schema-graph\">{\"@context\":\"https:\\\/\\\/schema.org\",\"@graph\":[{\"@type\":\"WebPage\",\"@id\":\"https:\\\/\\\/hannaorganic.md\\\/ru\\\/produs\\\/body-couture-grapefruit-oil-mr-scrubber\\\/\",\"url\":\"https:\\\/\\\/hannaorganic.md\\\/ru\\\/produs\\\/body-couture-grapefruit-oil-mr-scrubber\\\/\",\"name\":\"Body Couture Grapefruit Oil Mr.SCRUBBER - HANNA ORGANIC\",\"isPartOf\":{\"@id\":\"https:\\\/\\\/hannaorganic.md\\\/ru\\\/#website\"},\"primaryImageOfPage\":{\"@id\":\"https:\\\/\\\/hannaorganic.md\\\/ru\\\/produs\\\/body-couture-grapefruit-oil-mr-scrubber\\\/#primaryimage\"},\"image\":{\"@id\":\"https:\\\/\\\/hannaorganic.md\\\/ru\\\/produs\\\/body-couture-grapefruit-oil-mr-scrubber\\\/#primaryimage\"},\"thumbnailUrl\":\"https:\\\/\\\/hannaorganic.md\\\/wp-content\\\/uploads\\\/2020\\\/03\\\/podtyagivaushchiy-krem-dlya-tela-s-greypfrutovym-maslom-body-couture-grapefruit-oil-78562951301914.jpg\",\"datePublished\":\"2020-03-18T18:51:28+00:00\",\"description\":\"Crem\u0103 pentru corp Mr.SCRUBBER cu textur\u0103 u\u0219oar\u0103 \u0219i fluid\u0103 \u00eembog\u0103\u021bit\u0103 cu ulei de grapefruit \u0219i unt shea \u00eembun\u0103t\u0103\u021be\u0219te elasticitatea pielii \u0219i o face mai m\u0103t\u0103soas\u0103, modeleaz\u0103 silueta \u0219i \u00eent\u0103re\u0219te pielea.\u00a0\",\"breadcrumb\":{\"@id\":\"https:\\\/\\\/hannaorganic.md\\\/ru\\\/produs\\\/body-couture-grapefruit-oil-mr-scrubber\\\/#breadcrumb\"},\"inLanguage\":\"ru-RU\",\"potentialAction\":[{\"@type\":\"ReadAction\",\"target\":[\"https:\\\/\\\/hannaorganic.md\\\/ru\\\/produs\\\/body-couture-grapefruit-oil-mr-scrubber\\\/\"]}]},{\"@type\":\"ImageObject\",\"inLanguage\":\"ru-RU\",\"@id\":\"https:\\\/\\\/hannaorganic.md\\\/ru\\\/produs\\\/body-couture-grapefruit-oil-mr-scrubber\\\/#primaryimage\",\"url\":\"https:\\\/\\\/hannaorganic.md\\\/wp-content\\\/uploads\\\/2020\\\/03\\\/podtyagivaushchiy-krem-dlya-tela-s-greypfrutovym-maslom-body-couture-grapefruit-oil-78562951301914.jpg\",\"contentUrl\":\"https:\\\/\\\/hannaorganic.md\\\/wp-content\\\/uploads\\\/2020\\\/03\\\/podtyagivaushchiy-krem-dlya-tela-s-greypfrutovym-maslom-body-couture-grapefruit-oil-78562951301914.jpg\",\"width\":1800,\"height\":1200},{\"@type\":\"BreadcrumbList\",\"@id\":\"https:\\\/\\\/hannaorganic.md\\\/ru\\\/produs\\\/body-couture-grapefruit-oil-mr-scrubber\\\/#breadcrumb\",\"itemListElement\":[{\"@type\":\"ListItem\",\"position\":1,\"name\":\"Prima pagin\u0103\",\"item\":\"https:\\\/\\\/hannaorganic.md\\\/ru\\\/hanna-organic\\\/\"},{\"@type\":\"ListItem\",\"position\":2,\"name\":\"\u041c\u0430\u0433\u0430\u0437\u0438\u043d\",\"item\":\"https:\\\/\\\/hannaorganic.md\\\/ru\\\/shop\\\/\"},{\"@type\":\"ListItem\",\"position\":3,\"name\":\"Body Couture Grapefruit Oil Mr.SCRUBBER\"}]},{\"@type\":\"WebSite\",\"@id\":\"https:\\\/\\\/hannaorganic.md\\\/ru\\\/#website\",\"url\":\"https:\\\/\\\/hannaorganic.md\\\/ru\\\/\",\"name\":\"HANNA ORGANIC\",\"description\":\"Multi-Brand Cosmetic Store\",\"potentialAction\":[{\"@type\":\"SearchAction\",\"target\":{\"@type\":\"EntryPoint\",\"urlTemplate\":\"https:\\\/\\\/hannaorganic.md\\\/ru\\\/?s={search_term_string}\"},\"query-input\":{\"@type\":\"PropertyValueSpecification\",\"valueRequired\":true,\"valueName\":\"search_term_string\"}}],\"inLanguage\":\"ru-RU\"}]}<\/script>\n<!-- \/ Yoast SEO plugin. -->","yoast_head_json":{"title":"Body Couture Grapefruit Oil Mr.SCRUBBER - HANNA ORGANIC","description":"Crem\u0103 pentru corp Mr.SCRUBBER cu textur\u0103 u\u0219oar\u0103 \u0219i fluid\u0103 \u00eembog\u0103\u021bit\u0103 cu ulei de grapefruit \u0219i unt shea \u00eembun\u0103t\u0103\u021be\u0219te elasticitatea pielii \u0219i o face mai m\u0103t\u0103soas\u0103, modeleaz\u0103 silueta \u0219i \u00eent\u0103re\u0219te pielea.\u00a0","robots":{"index":"index","follow":"follow","max-snippet":"max-snippet:-1","max-image-preview":"max-image-preview:large","max-video-preview":"max-video-preview:-1"},"canonical":"https:\/\/hannaorganic.md\/ru\/produs\/body-couture-grapefruit-oil-mr-scrubber\/","og_locale":"ru_RU","og_type":"article","og_title":"Body Couture Grapefruit Oil Mr.SCRUBBER - HANNA ORGANIC","og_description":"Crem\u0103 pentru corp Mr.SCRUBBER cu textur\u0103 u\u0219oar\u0103 \u0219i fluid\u0103 \u00eembog\u0103\u021bit\u0103 cu ulei de grapefruit \u0219i unt shea \u00eembun\u0103t\u0103\u021be\u0219te elasticitatea pielii \u0219i o face mai m\u0103t\u0103soas\u0103, modeleaz\u0103 silueta \u0219i \u00eent\u0103re\u0219te pielea.\u00a0","og_url":"https:\/\/hannaorganic.md\/ru\/produs\/body-couture-grapefruit-oil-mr-scrubber\/","og_site_name":"HANNA ORGANIC","article_publisher":"https:\/\/www.facebook.com\/bluemagic.md\/","og_image":[{"width":1800,"height":1200,"url":"https:\/\/hannaorganic.md\/wp-content\/uploads\/2020\/03\/podtyagivaushchiy-krem-dlya-tela-s-greypfrutovym-maslom-body-couture-grapefruit-oil-78562951301914.jpg","type":"image\/jpeg"}],"twitter_card":"summary_large_image","schema":{"@context":"https:\/\/schema.org","@graph":[{"@type":"WebPage","@id":"https:\/\/hannaorganic.md\/ru\/produs\/body-couture-grapefruit-oil-mr-scrubber\/","url":"https:\/\/hannaorganic.md\/ru\/produs\/body-couture-grapefruit-oil-mr-scrubber\/","name":"Body Couture Grapefruit Oil Mr.SCRUBBER - HANNA ORGANIC","isPartOf":{"@id":"https:\/\/hannaorganic.md\/ru\/#website"},"primaryImageOfPage":{"@id":"https:\/\/hannaorganic.md\/ru\/produs\/body-couture-grapefruit-oil-mr-scrubber\/#primaryimage"},"image":{"@id":"https:\/\/hannaorganic.md\/ru\/produs\/body-couture-grapefruit-oil-mr-scrubber\/#primaryimage"},"thumbnailUrl":"https:\/\/hannaorganic.md\/wp-content\/uploads\/2020\/03\/podtyagivaushchiy-krem-dlya-tela-s-greypfrutovym-maslom-body-couture-grapefruit-oil-78562951301914.jpg","datePublished":"2020-03-18T18:51:28+00:00","description":"Crem\u0103 pentru corp Mr.SCRUBBER cu textur\u0103 u\u0219oar\u0103 \u0219i fluid\u0103 \u00eembog\u0103\u021bit\u0103 cu ulei de grapefruit \u0219i unt shea \u00eembun\u0103t\u0103\u021be\u0219te elasticitatea pielii \u0219i o face mai m\u0103t\u0103soas\u0103, modeleaz\u0103 silueta \u0219i \u00eent\u0103re\u0219te pielea.\u00a0","breadcrumb":{"@id":"https:\/\/hannaorganic.md\/ru\/produs\/body-couture-grapefruit-oil-mr-scrubber\/#breadcrumb"},"inLanguage":"ru-RU","potentialAction":[{"@type":"ReadAction","target":["https:\/\/hannaorganic.md\/ru\/produs\/body-couture-grapefruit-oil-mr-scrubber\/"]}]},{"@type":"ImageObject","inLanguage":"ru-RU","@id":"https:\/\/hannaorganic.md\/ru\/produs\/body-couture-grapefruit-oil-mr-scrubber\/#primaryimage","url":"https:\/\/hannaorganic.md\/wp-content\/uploads\/2020\/03\/podtyagivaushchiy-krem-dlya-tela-s-greypfrutovym-maslom-body-couture-grapefruit-oil-78562951301914.jpg","contentUrl":"https:\/\/hannaorganic.md\/wp-content\/uploads\/2020\/03\/podtyagivaushchiy-krem-dlya-tela-s-greypfrutovym-maslom-body-couture-grapefruit-oil-78562951301914.jpg","width":1800,"height":1200},{"@type":"BreadcrumbList","@id":"https:\/\/hannaorganic.md\/ru\/produs\/body-couture-grapefruit-oil-mr-scrubber\/#breadcrumb","itemListElement":[{"@type":"ListItem","position":1,"name":"Prima pagin\u0103","item":"https:\/\/hannaorganic.md\/ru\/hanna-organic\/"},{"@type":"ListItem","position":2,"name":"\u041c\u0430\u0433\u0430\u0437\u0438\u043d","item":"https:\/\/hannaorganic.md\/ru\/shop\/"},{"@type":"ListItem","position":3,"name":"Body Couture Grapefruit Oil Mr.SCRUBBER"}]},{"@type":"WebSite","@id":"https:\/\/hannaorganic.md\/ru\/#website","url":"https:\/\/hannaorganic.md\/ru\/","name":"HANNA ORGANIC","description":"Multi-Brand Cosmetic Store","potentialAction":[{"@type":"SearchAction","target":{"@type":"EntryPoint","urlTemplate":"https:\/\/hannaorganic.md\/ru\/?s={search_term_string}"},"query-input":{"@type":"PropertyValueSpecification","valueRequired":true,"valueName":"search_term_string"}}],"inLanguage":"ru-RU"}]}},"_links":{"self":[{"href":"https:\/\/hannaorganic.md\/ru\/wp-json\/wp\/v2\/product\/14037","targetHints":{"allow":["GET"]}}],"collection":[{"href":"https:\/\/hannaorganic.md\/ru\/wp-json\/wp\/v2\/product"}],"about":[{"href":"https:\/\/hannaorganic.md\/ru\/wp-json\/wp\/v2\/types\/product"}],"wp:featuredmedia":[{"embeddable":true,"href":"https:\/\/hannaorganic.md\/ru\/wp-json\/wp\/v2\/media\/11439"}],"wp:attachment":[{"href":"https:\/\/hannaorganic.md\/ru\/wp-json\/wp\/v2\/media?parent=14037"}],"wp:term":[{"taxonomy":"product_brand","embeddable":true,"href":"https:\/\/hannaorganic.md\/ru\/wp-json\/wp\/v2\/product_brand?post=14037"},{"taxonomy":"product_cat","embeddable":true,"href":"https:\/\/hannaorganic.md\/ru\/wp-json\/wp\/v2\/product_cat?post=14037"},{"taxonomy":"product_tag","embeddable":true,"href":"https:\/\/hannaorganic.md\/ru\/wp-json\/wp\/v2\/product_tag?post=14037"}],"curies":[{"name":"wp","href":"https:\/\/api.w.org\/{rel}","templated":true}]}}