{"id":14556,"date":"2020-05-07T10:59:20","date_gmt":"2020-05-07T08:59:20","guid":{"rendered":"https:\/\/hannaorganic.md\/?post_type=product&#038;p=14556"},"modified":"2026-04-29T19:14:45","modified_gmt":"2026-04-29T17:14:45","slug":"hyaluronic-acid-eye-set-mr-scrubber","status":"publish","type":"product","link":"https:\/\/hannaorganic.md\/ru\/produs\/hyaluronic-acid-eye-set-mr-scrubber\/","title":{"rendered":"Hyaluronic Acid Eye Set Mr.SCRUBBER"},"content":{"rendered":"<p>Mod de utilizare:<\/p>\n<ol>\n<li>Aplic\u0103 patch-urile c\u00e2te 1 buc. sub fiecare ochi, las\u0103 s\u0103 ac\u021bioneze 10-15 min., apoi \u00eendep\u0103rteaz\u0103 patchurile, tapeaz\u0103 cu degetele solu\u021bia r\u0103mas\u0103 pe piele.<\/li>\n<li>Aplic\u0103 c\u00e2teva pic\u0103turi de\u00a0<a href=\"https:\/\/hannaorganic.md\/produs\/hyaluronic-acid-eye-cream-02-mr-scrubber\/\">Hyaluronic acid EYE CREAM 0,2% Mr.SCRUBBER<\/a> pe zona de sub ochi, tapeaz\u0103 u\u0219or cu degetele p\u00e2n\u0103 crema nu se va absorbi complet.<\/li>\n<\/ol>\n","protected":false},"excerpt":{"rendered":"<p><strong><em>Setul con\u021bine 2 produse:<\/em><\/strong><\/p>\n<ol>\n<li><a href=\"https:\/\/hannaorganic.md\/produs\/hyaluronic-acid-eye-patch-04-mr-scrubber\/\">Hyaluronic acid Eye Patch 0,4% Mr.SCRUBBER<\/a>;<\/li>\n<li><a href=\"https:\/\/hannaorganic.md\/produs\/hyaluronic-acid-eye-cream-02-mr-scrubber\/\">Hyaluronic acid EYE CREAM 0,2% Mr.SCRUBBER<\/a>.<\/li>\n<\/ol>\n","protected":false},"featured_media":14557,"template":"","meta":[],"product_brand":[],"product_cat":[177,239,245,96,365],"product_tag":[539],"class_list":{"0":"post-14556","1":"product","2":"type-product","3":"status-publish","4":"has-post-thumbnail","6":"product_cat-eye-cream","7":"product_cat-eye-patch","8":"product_cat-gift-box","9":"product_cat-mrscrubber-md","10":"product_cat-seturi-promotionale","11":"product_tag-hyaluronic-acid","13":"first","14":"instock","15":"shipping-taxable","16":"purchasable","17":"product-type-simple"},"yoast_head":"<!-- This site is optimized with the Yoast SEO plugin v27.5 - https:\/\/yoast.com\/product\/yoast-seo-wordpress\/ -->\n<title>Hyaluronic Acid Eye Set Mr.SCRUBBER - HANNA ORGANIC<\/title>\n<meta name=\"robots\" content=\"index, follow, max-snippet:-1, max-image-preview:large, max-video-preview:-1\" \/>\n<link rel=\"canonical\" href=\"https:\/\/hannaorganic.md\/ru\/produs\/hyaluronic-acid-eye-set-mr-scrubber\/\" \/>\n<meta property=\"og:locale\" content=\"ru_RU\" \/>\n<meta property=\"og:type\" content=\"article\" \/>\n<meta property=\"og:title\" content=\"Hyaluronic Acid Eye Set Mr.SCRUBBER - HANNA ORGANIC\" \/>\n<meta property=\"og:description\" content=\"Setul con\u021bine 2 produse:   Hyaluronic acid Eye Patch 0,4% Mr.SCRUBBER;  Hyaluronic acid EYE CREAM 0,2% Mr.SCRUBBER.\" \/>\n<meta property=\"og:url\" content=\"https:\/\/hannaorganic.md\/ru\/produs\/hyaluronic-acid-eye-set-mr-scrubber\/\" \/>\n<meta property=\"og:site_name\" content=\"HANNA ORGANIC\" \/>\n<meta property=\"article:publisher\" content=\"https:\/\/www.facebook.com\/bluemagic.md\/\" \/>\n<meta property=\"article:modified_time\" content=\"2026-04-29T17:14:45+00:00\" \/>\n<meta property=\"og:image\" content=\"https:\/\/hannaorganic.md\/wp-content\/uploads\/2020\/05\/hyaluronic-acid-eye-set-1024x686.png\" \/>\n\t<meta property=\"og:image:width\" content=\"1024\" \/>\n\t<meta property=\"og:image:height\" content=\"686\" \/>\n\t<meta property=\"og:image:type\" content=\"image\/png\" \/>\n<meta name=\"twitter:card\" content=\"summary_large_image\" \/>\n<script type=\"application\/ld+json\" class=\"yoast-schema-graph\">{\"@context\":\"https:\\\/\\\/schema.org\",\"@graph\":[{\"@type\":\"WebPage\",\"@id\":\"https:\\\/\\\/hannaorganic.md\\\/ru\\\/produs\\\/hyaluronic-acid-eye-set-mr-scrubber\\\/\",\"url\":\"https:\\\/\\\/hannaorganic.md\\\/ru\\\/produs\\\/hyaluronic-acid-eye-set-mr-scrubber\\\/\",\"name\":\"Hyaluronic Acid Eye Set Mr.SCRUBBER - HANNA ORGANIC\",\"isPartOf\":{\"@id\":\"https:\\\/\\\/hannaorganic.md\\\/ru\\\/#website\"},\"primaryImageOfPage\":{\"@id\":\"https:\\\/\\\/hannaorganic.md\\\/ru\\\/produs\\\/hyaluronic-acid-eye-set-mr-scrubber\\\/#primaryimage\"},\"image\":{\"@id\":\"https:\\\/\\\/hannaorganic.md\\\/ru\\\/produs\\\/hyaluronic-acid-eye-set-mr-scrubber\\\/#primaryimage\"},\"thumbnailUrl\":\"https:\\\/\\\/hannaorganic.md\\\/wp-content\\\/uploads\\\/2020\\\/05\\\/hyaluronic-acid-eye-set.png\",\"datePublished\":\"2020-05-07T08:59:20+00:00\",\"dateModified\":\"2026-04-29T17:14:45+00:00\",\"breadcrumb\":{\"@id\":\"https:\\\/\\\/hannaorganic.md\\\/ru\\\/produs\\\/hyaluronic-acid-eye-set-mr-scrubber\\\/#breadcrumb\"},\"inLanguage\":\"ru-RU\",\"potentialAction\":[{\"@type\":\"ReadAction\",\"target\":[\"https:\\\/\\\/hannaorganic.md\\\/ru\\\/produs\\\/hyaluronic-acid-eye-set-mr-scrubber\\\/\"]}]},{\"@type\":\"ImageObject\",\"inLanguage\":\"ru-RU\",\"@id\":\"https:\\\/\\\/hannaorganic.md\\\/ru\\\/produs\\\/hyaluronic-acid-eye-set-mr-scrubber\\\/#primaryimage\",\"url\":\"https:\\\/\\\/hannaorganic.md\\\/wp-content\\\/uploads\\\/2020\\\/05\\\/hyaluronic-acid-eye-set.png\",\"contentUrl\":\"https:\\\/\\\/hannaorganic.md\\\/wp-content\\\/uploads\\\/2020\\\/05\\\/hyaluronic-acid-eye-set.png\",\"width\":2688,\"height\":1800},{\"@type\":\"BreadcrumbList\",\"@id\":\"https:\\\/\\\/hannaorganic.md\\\/ru\\\/produs\\\/hyaluronic-acid-eye-set-mr-scrubber\\\/#breadcrumb\",\"itemListElement\":[{\"@type\":\"ListItem\",\"position\":1,\"name\":\"Prima pagin\u0103\",\"item\":\"https:\\\/\\\/hannaorganic.md\\\/ru\\\/hanna-organic\\\/\"},{\"@type\":\"ListItem\",\"position\":2,\"name\":\"\u041c\u0430\u0433\u0430\u0437\u0438\u043d\",\"item\":\"https:\\\/\\\/hannaorganic.md\\\/ru\\\/shop\\\/\"},{\"@type\":\"ListItem\",\"position\":3,\"name\":\"Hyaluronic Acid Eye Set Mr.SCRUBBER\"}]},{\"@type\":\"WebSite\",\"@id\":\"https:\\\/\\\/hannaorganic.md\\\/ru\\\/#website\",\"url\":\"https:\\\/\\\/hannaorganic.md\\\/ru\\\/\",\"name\":\"HANNA ORGANIC\",\"description\":\"Multi-Brand Cosmetic Store\",\"potentialAction\":[{\"@type\":\"SearchAction\",\"target\":{\"@type\":\"EntryPoint\",\"urlTemplate\":\"https:\\\/\\\/hannaorganic.md\\\/ru\\\/?s={search_term_string}\"},\"query-input\":{\"@type\":\"PropertyValueSpecification\",\"valueRequired\":true,\"valueName\":\"search_term_string\"}}],\"inLanguage\":\"ru-RU\"}]}<\/script>\n<!-- \/ Yoast SEO plugin. -->","yoast_head_json":{"title":"Hyaluronic Acid Eye Set Mr.SCRUBBER - HANNA ORGANIC","robots":{"index":"index","follow":"follow","max-snippet":"max-snippet:-1","max-image-preview":"max-image-preview:large","max-video-preview":"max-video-preview:-1"},"canonical":"https:\/\/hannaorganic.md\/ru\/produs\/hyaluronic-acid-eye-set-mr-scrubber\/","og_locale":"ru_RU","og_type":"article","og_title":"Hyaluronic Acid Eye Set Mr.SCRUBBER - HANNA ORGANIC","og_description":"Setul con\u021bine 2 produse:   Hyaluronic acid Eye Patch 0,4% Mr.SCRUBBER;  Hyaluronic acid EYE CREAM 0,2% Mr.SCRUBBER.","og_url":"https:\/\/hannaorganic.md\/ru\/produs\/hyaluronic-acid-eye-set-mr-scrubber\/","og_site_name":"HANNA ORGANIC","article_publisher":"https:\/\/www.facebook.com\/bluemagic.md\/","article_modified_time":"2026-04-29T17:14:45+00:00","og_image":[{"width":1024,"height":686,"url":"https:\/\/hannaorganic.md\/wp-content\/uploads\/2020\/05\/hyaluronic-acid-eye-set-1024x686.png","type":"image\/png"}],"twitter_card":"summary_large_image","schema":{"@context":"https:\/\/schema.org","@graph":[{"@type":"WebPage","@id":"https:\/\/hannaorganic.md\/ru\/produs\/hyaluronic-acid-eye-set-mr-scrubber\/","url":"https:\/\/hannaorganic.md\/ru\/produs\/hyaluronic-acid-eye-set-mr-scrubber\/","name":"Hyaluronic Acid Eye Set Mr.SCRUBBER - HANNA ORGANIC","isPartOf":{"@id":"https:\/\/hannaorganic.md\/ru\/#website"},"primaryImageOfPage":{"@id":"https:\/\/hannaorganic.md\/ru\/produs\/hyaluronic-acid-eye-set-mr-scrubber\/#primaryimage"},"image":{"@id":"https:\/\/hannaorganic.md\/ru\/produs\/hyaluronic-acid-eye-set-mr-scrubber\/#primaryimage"},"thumbnailUrl":"https:\/\/hannaorganic.md\/wp-content\/uploads\/2020\/05\/hyaluronic-acid-eye-set.png","datePublished":"2020-05-07T08:59:20+00:00","dateModified":"2026-04-29T17:14:45+00:00","breadcrumb":{"@id":"https:\/\/hannaorganic.md\/ru\/produs\/hyaluronic-acid-eye-set-mr-scrubber\/#breadcrumb"},"inLanguage":"ru-RU","potentialAction":[{"@type":"ReadAction","target":["https:\/\/hannaorganic.md\/ru\/produs\/hyaluronic-acid-eye-set-mr-scrubber\/"]}]},{"@type":"ImageObject","inLanguage":"ru-RU","@id":"https:\/\/hannaorganic.md\/ru\/produs\/hyaluronic-acid-eye-set-mr-scrubber\/#primaryimage","url":"https:\/\/hannaorganic.md\/wp-content\/uploads\/2020\/05\/hyaluronic-acid-eye-set.png","contentUrl":"https:\/\/hannaorganic.md\/wp-content\/uploads\/2020\/05\/hyaluronic-acid-eye-set.png","width":2688,"height":1800},{"@type":"BreadcrumbList","@id":"https:\/\/hannaorganic.md\/ru\/produs\/hyaluronic-acid-eye-set-mr-scrubber\/#breadcrumb","itemListElement":[{"@type":"ListItem","position":1,"name":"Prima pagin\u0103","item":"https:\/\/hannaorganic.md\/ru\/hanna-organic\/"},{"@type":"ListItem","position":2,"name":"\u041c\u0430\u0433\u0430\u0437\u0438\u043d","item":"https:\/\/hannaorganic.md\/ru\/shop\/"},{"@type":"ListItem","position":3,"name":"Hyaluronic Acid Eye Set Mr.SCRUBBER"}]},{"@type":"WebSite","@id":"https:\/\/hannaorganic.md\/ru\/#website","url":"https:\/\/hannaorganic.md\/ru\/","name":"HANNA ORGANIC","description":"Multi-Brand Cosmetic Store","potentialAction":[{"@type":"SearchAction","target":{"@type":"EntryPoint","urlTemplate":"https:\/\/hannaorganic.md\/ru\/?s={search_term_string}"},"query-input":{"@type":"PropertyValueSpecification","valueRequired":true,"valueName":"search_term_string"}}],"inLanguage":"ru-RU"}]}},"_links":{"self":[{"href":"https:\/\/hannaorganic.md\/ru\/wp-json\/wp\/v2\/product\/14556","targetHints":{"allow":["GET"]}}],"collection":[{"href":"https:\/\/hannaorganic.md\/ru\/wp-json\/wp\/v2\/product"}],"about":[{"href":"https:\/\/hannaorganic.md\/ru\/wp-json\/wp\/v2\/types\/product"}],"wp:featuredmedia":[{"embeddable":true,"href":"https:\/\/hannaorganic.md\/ru\/wp-json\/wp\/v2\/media\/14557"}],"wp:attachment":[{"href":"https:\/\/hannaorganic.md\/ru\/wp-json\/wp\/v2\/media?parent=14556"}],"wp:term":[{"taxonomy":"product_brand","embeddable":true,"href":"https:\/\/hannaorganic.md\/ru\/wp-json\/wp\/v2\/product_brand?post=14556"},{"taxonomy":"product_cat","embeddable":true,"href":"https:\/\/hannaorganic.md\/ru\/wp-json\/wp\/v2\/product_cat?post=14556"},{"taxonomy":"product_tag","embeddable":true,"href":"https:\/\/hannaorganic.md\/ru\/wp-json\/wp\/v2\/product_tag?post=14556"}],"curies":[{"name":"wp","href":"https:\/\/api.w.org\/{rel}","templated":true}]}}