{"id":19516,"date":"2020-08-11T00:04:40","date_gmt":"2020-08-10T22:04:40","guid":{"rendered":"https:\/\/hannaorganic.md\/?post_type=product&#038;p=19516"},"modified":"2025-07-25T18:36:59","modified_gmt":"2025-07-25T16:36:59","slug":"coconut-shampoo-mr-scrubber","status":"publish","type":"product","link":"https:\/\/hannaorganic.md\/ru\/produs\/coconut-shampoo-mr-scrubber\/","title":{"rendered":"Coconut Shampoo Mr.SCRUBBER"},"content":{"rendered":"<div class=\"product__column-item\" data-view-block=\"group_2\">\n<div class=\"product__group \">\n<div class=\"product__group-item\">\n<div class=\"product-heading product-heading--first\">\n<div class=\"product-heading__title\"><\/div>\n<\/div>\n<div data-view-block=\"group_2.characteristics\">\n<div class=\"product__section\">\n<div class=\"product-features\">\n<table class=\"product-features__table\">\n<tbody>\n<tr class=\"product-features__row\">\n<th class=\"product-features__cell product-features__cell--h\">Ingrediente<\/th>\n<td class=\"product-features__cell\">Aqua, Coco glucoside&amp;disodium laurylsulfosuccinate&amp;glycerin, Cocamidopropyl betaine, Sodium coco sulphate, Coconut oil glycereth-8 esters, Pantenol, Polyquaternium 7, Hydrolyzed Silk, Parfum, Citric acid, Methylchloroisothiazolinone, Methylisothiazolinone<\/td>\n<\/tr>\n<tr class=\"product-features__row\">\n<th class=\"product-features__cell product-features__cell--h\">Mod de utilizare<\/th>\n<td class=\"product-features__cell\">Aplica\u021bi pe p\u0103rul umed \u0219i \u021bine\u021bi un minut (acest lucru\u00a0este necesar pentru ca micronutrien\u021bii \u0219i uleiurile s\u0103 ac\u021bioneze mai bine asupra scalpului \u0219i p\u0103rului), spumeaz\u0103, apoi spal\u0103 cu ap\u0103.<\/td>\n<\/tr>\n<tr class=\"product-features__row\">\n<th class=\"product-features__cell product-features__cell--h\">Volum<\/th>\n<td class=\"product-features__cell\">250 ml 8,45 fl oz<\/td>\n<\/tr>\n<tr class=\"product-features__row\">\n<th class=\"product-features__cell product-features__cell--h\">Efecte<\/th>\n<td class=\"product-features__cell\">cur\u0103\u021bare minu\u021bioas\u0103 \u0219i delicat\u0103;<br \/>\nhidratarea \u0219i \u00eenmuierea p\u0103rului;<br \/>\nvolum \u0219i str\u0103lucire.<\/td>\n<\/tr>\n<\/tbody>\n<\/table>\n<p>Cum functioneaz\u00e3:<\/p>\n<ul>\n<li><strong>Uleiul de nuc\u0103 de cocos<\/strong> hr\u0103ne\u0219te profund \u0219i hidrateaz\u0103 p\u0103rul, elimin\u0103 \u0219i previne ruperea, serve\u0219te ca o protec\u021bie termic\u0103 natural\u0103, \u00eent\u0103re\u0219te foliculul pilos \u0219i d\u0103 o str\u0103lucire s\u0103n\u0103toas\u0103. Ingredientele active protejeaz\u0103 p\u0103rul de efectele nocive ale mediului extern: raze ultraviolete, sare, ap\u0103 clorat\u0103;<\/li>\n<li><strong>Pantenolul<\/strong> amelioreaz\u0103 irita\u021biile, inflama\u021biile, fulgerea, hidrateaz\u0103 \u0219i calmeaz\u0103 pielea;<\/li>\n<li><strong>Proteina de m\u0103tase<\/strong> reface p\u0103rul sl\u0103bit \u0219i plictisit. Un produs valoros cu un set complet de aminoacizi p\u0103streaz\u0103 perfect umiditatea, creeaz\u0103 o pelicul\u0103 protectoare \u0219i previne capetele despicate. Cimenteaz\u0103 structura de cheratin\u0103 a p\u0103rului, asigur\u0103 elasticitatea \u0219i netezimea acestuia;<\/li>\n<li><strong>acidul citric<\/strong> regleaz\u0103 secre\u021bia de sebum \u0219i reduce uleiul r\u0103d\u0103cinilor p\u0103rului, \u00eenmoaie \u0219uvi\u021bele, le d\u0103 str\u0103lucire \u0219i u\u0219ureaz\u0103 piept\u0103narea.<\/li>\n<\/ul>\n<\/div>\n<\/div>\n<\/div>\n<\/div>\n<\/div>\n<\/div>\n<div class=\"product__column-item\" data-view-block=\"group_4\">\n<div class=\"product__group product__group--tabs\">\n<div class=\"product-heading product-heading--first\"><\/div>\n<\/div>\n<\/div>\n","protected":false},"excerpt":{"rendered":"<p>\u0218amponul cur\u0103\u021b\u0103 u\u0219or \u0219i temeinic p\u0103rul \u0219i scalpul, nu provoac\u0103 usc\u0103ciune \u0219i este potrivit pentru utilizarea zilnic\u0103. Componentele active ale uleiului de nuc\u0103 de cocos ajut\u0103 la restaurarea, hr\u0103nirea \u0219i hidratarea p\u0103rului, f\u0103c\u00e2ndu-l neted, moale \u0219i u\u0219or de aranjat.<\/p>\n","protected":false},"featured_media":19517,"template":"","meta":[],"product_brand":[],"product_cat":[101,96,184],"product_tag":[575,574],"class_list":{"0":"post-19516","1":"product","2":"type-product","3":"status-publish","4":"has-post-thumbnail","6":"product_cat-par","7":"product_cat-mrscrubber-md","8":"product_cat-shampoo","9":"product_tag-mr-scrubber","10":"product_tag-shampoo","12":"first","13":"instock","14":"shipping-taxable","15":"purchasable","16":"product-type-simple"},"yoast_head":"<!-- This site is optimized with the Yoast SEO plugin v27.5 - https:\/\/yoast.com\/product\/yoast-seo-wordpress\/ -->\n<title>Coconut Shampoo Mr.SCRUBBER - HANNA ORGANIC<\/title>\n<meta name=\"robots\" content=\"index, follow, max-snippet:-1, max-image-preview:large, max-video-preview:-1\" \/>\n<link rel=\"canonical\" href=\"https:\/\/hannaorganic.md\/ru\/produs\/coconut-shampoo-mr-scrubber\/\" \/>\n<meta property=\"og:locale\" content=\"ru_RU\" \/>\n<meta property=\"og:type\" content=\"article\" \/>\n<meta property=\"og:title\" content=\"Coconut Shampoo Mr.SCRUBBER - HANNA ORGANIC\" \/>\n<meta property=\"og:description\" content=\"\u0218amponul cur\u0103\u021b\u0103 u\u0219or \u0219i temeinic p\u0103rul \u0219i scalpul, nu provoac\u0103 usc\u0103ciune \u0219i este potrivit pentru utilizarea zilnic\u0103. Componentele active ale uleiului de nuc\u0103 de cocos ajut\u0103 la restaurarea, hr\u0103nirea \u0219i hidratarea p\u0103rului, f\u0103c\u00e2ndu-l neted, moale \u0219i u\u0219or de aranjat.\" \/>\n<meta property=\"og:url\" content=\"https:\/\/hannaorganic.md\/ru\/produs\/coconut-shampoo-mr-scrubber\/\" \/>\n<meta property=\"og:site_name\" content=\"HANNA ORGANIC\" \/>\n<meta property=\"article:publisher\" content=\"https:\/\/www.facebook.com\/bluemagic.md\/\" \/>\n<meta property=\"article:modified_time\" content=\"2025-07-25T16:36:59+00:00\" \/>\n<meta property=\"og:image\" content=\"https:\/\/hannaorganic.md\/wp-content\/uploads\/2020\/08\/naturalnyy-shampun-s-kokosovym-maslom-my-coco-oil-mr.scrubber-14378182809538.jpg\" \/>\n\t<meta property=\"og:image:width\" content=\"1000\" \/>\n\t<meta property=\"og:image:height\" content=\"1000\" \/>\n\t<meta property=\"og:image:type\" content=\"image\/jpeg\" \/>\n<meta name=\"twitter:card\" content=\"summary_large_image\" \/>\n<meta name=\"twitter:label1\" content=\"\u041f\u0440\u0438\u043c\u0435\u0440\u043d\u043e\u0435 \u0432\u0440\u0435\u043c\u044f \u0434\u043b\u044f \u0447\u0442\u0435\u043d\u0438\u044f\" \/>\n\t<meta name=\"twitter:data1\" content=\"1 \u043c\u0438\u043d\u0443\u0442\u0430\" \/>\n<script type=\"application\/ld+json\" class=\"yoast-schema-graph\">{\"@context\":\"https:\\\/\\\/schema.org\",\"@graph\":[{\"@type\":\"WebPage\",\"@id\":\"https:\\\/\\\/hannaorganic.md\\\/ru\\\/produs\\\/coconut-shampoo-mr-scrubber\\\/\",\"url\":\"https:\\\/\\\/hannaorganic.md\\\/ru\\\/produs\\\/coconut-shampoo-mr-scrubber\\\/\",\"name\":\"Coconut Shampoo Mr.SCRUBBER - HANNA ORGANIC\",\"isPartOf\":{\"@id\":\"https:\\\/\\\/hannaorganic.md\\\/ru\\\/#website\"},\"primaryImageOfPage\":{\"@id\":\"https:\\\/\\\/hannaorganic.md\\\/ru\\\/produs\\\/coconut-shampoo-mr-scrubber\\\/#primaryimage\"},\"image\":{\"@id\":\"https:\\\/\\\/hannaorganic.md\\\/ru\\\/produs\\\/coconut-shampoo-mr-scrubber\\\/#primaryimage\"},\"thumbnailUrl\":\"https:\\\/\\\/hannaorganic.md\\\/wp-content\\\/uploads\\\/2020\\\/08\\\/naturalnyy-shampun-s-kokosovym-maslom-my-coco-oil-mr.scrubber-14378182809538.jpg\",\"datePublished\":\"2020-08-10T22:04:40+00:00\",\"dateModified\":\"2025-07-25T16:36:59+00:00\",\"breadcrumb\":{\"@id\":\"https:\\\/\\\/hannaorganic.md\\\/ru\\\/produs\\\/coconut-shampoo-mr-scrubber\\\/#breadcrumb\"},\"inLanguage\":\"ru-RU\",\"potentialAction\":[{\"@type\":\"ReadAction\",\"target\":[\"https:\\\/\\\/hannaorganic.md\\\/ru\\\/produs\\\/coconut-shampoo-mr-scrubber\\\/\"]}]},{\"@type\":\"ImageObject\",\"inLanguage\":\"ru-RU\",\"@id\":\"https:\\\/\\\/hannaorganic.md\\\/ru\\\/produs\\\/coconut-shampoo-mr-scrubber\\\/#primaryimage\",\"url\":\"https:\\\/\\\/hannaorganic.md\\\/wp-content\\\/uploads\\\/2020\\\/08\\\/naturalnyy-shampun-s-kokosovym-maslom-my-coco-oil-mr.scrubber-14378182809538.jpg\",\"contentUrl\":\"https:\\\/\\\/hannaorganic.md\\\/wp-content\\\/uploads\\\/2020\\\/08\\\/naturalnyy-shampun-s-kokosovym-maslom-my-coco-oil-mr.scrubber-14378182809538.jpg\",\"width\":1000,\"height\":1000},{\"@type\":\"BreadcrumbList\",\"@id\":\"https:\\\/\\\/hannaorganic.md\\\/ru\\\/produs\\\/coconut-shampoo-mr-scrubber\\\/#breadcrumb\",\"itemListElement\":[{\"@type\":\"ListItem\",\"position\":1,\"name\":\"Prima pagin\u0103\",\"item\":\"https:\\\/\\\/hannaorganic.md\\\/ru\\\/hanna-organic\\\/\"},{\"@type\":\"ListItem\",\"position\":2,\"name\":\"\u041c\u0430\u0433\u0430\u0437\u0438\u043d\",\"item\":\"https:\\\/\\\/hannaorganic.md\\\/ru\\\/shop\\\/\"},{\"@type\":\"ListItem\",\"position\":3,\"name\":\"Coconut Shampoo Mr.SCRUBBER\"}]},{\"@type\":\"WebSite\",\"@id\":\"https:\\\/\\\/hannaorganic.md\\\/ru\\\/#website\",\"url\":\"https:\\\/\\\/hannaorganic.md\\\/ru\\\/\",\"name\":\"HANNA ORGANIC\",\"description\":\"Multi-Brand Cosmetic Store\",\"potentialAction\":[{\"@type\":\"SearchAction\",\"target\":{\"@type\":\"EntryPoint\",\"urlTemplate\":\"https:\\\/\\\/hannaorganic.md\\\/ru\\\/?s={search_term_string}\"},\"query-input\":{\"@type\":\"PropertyValueSpecification\",\"valueRequired\":true,\"valueName\":\"search_term_string\"}}],\"inLanguage\":\"ru-RU\"}]}<\/script>\n<!-- \/ Yoast SEO plugin. -->","yoast_head_json":{"title":"Coconut Shampoo Mr.SCRUBBER - HANNA ORGANIC","robots":{"index":"index","follow":"follow","max-snippet":"max-snippet:-1","max-image-preview":"max-image-preview:large","max-video-preview":"max-video-preview:-1"},"canonical":"https:\/\/hannaorganic.md\/ru\/produs\/coconut-shampoo-mr-scrubber\/","og_locale":"ru_RU","og_type":"article","og_title":"Coconut Shampoo Mr.SCRUBBER - HANNA ORGANIC","og_description":"\u0218amponul cur\u0103\u021b\u0103 u\u0219or \u0219i temeinic p\u0103rul \u0219i scalpul, nu provoac\u0103 usc\u0103ciune \u0219i este potrivit pentru utilizarea zilnic\u0103. Componentele active ale uleiului de nuc\u0103 de cocos ajut\u0103 la restaurarea, hr\u0103nirea \u0219i hidratarea p\u0103rului, f\u0103c\u00e2ndu-l neted, moale \u0219i u\u0219or de aranjat.","og_url":"https:\/\/hannaorganic.md\/ru\/produs\/coconut-shampoo-mr-scrubber\/","og_site_name":"HANNA ORGANIC","article_publisher":"https:\/\/www.facebook.com\/bluemagic.md\/","article_modified_time":"2025-07-25T16:36:59+00:00","og_image":[{"width":1000,"height":1000,"url":"https:\/\/hannaorganic.md\/wp-content\/uploads\/2020\/08\/naturalnyy-shampun-s-kokosovym-maslom-my-coco-oil-mr.scrubber-14378182809538.jpg","type":"image\/jpeg"}],"twitter_card":"summary_large_image","twitter_misc":{"\u041f\u0440\u0438\u043c\u0435\u0440\u043d\u043e\u0435 \u0432\u0440\u0435\u043c\u044f \u0434\u043b\u044f \u0447\u0442\u0435\u043d\u0438\u044f":"1 \u043c\u0438\u043d\u0443\u0442\u0430"},"schema":{"@context":"https:\/\/schema.org","@graph":[{"@type":"WebPage","@id":"https:\/\/hannaorganic.md\/ru\/produs\/coconut-shampoo-mr-scrubber\/","url":"https:\/\/hannaorganic.md\/ru\/produs\/coconut-shampoo-mr-scrubber\/","name":"Coconut Shampoo Mr.SCRUBBER - HANNA ORGANIC","isPartOf":{"@id":"https:\/\/hannaorganic.md\/ru\/#website"},"primaryImageOfPage":{"@id":"https:\/\/hannaorganic.md\/ru\/produs\/coconut-shampoo-mr-scrubber\/#primaryimage"},"image":{"@id":"https:\/\/hannaorganic.md\/ru\/produs\/coconut-shampoo-mr-scrubber\/#primaryimage"},"thumbnailUrl":"https:\/\/hannaorganic.md\/wp-content\/uploads\/2020\/08\/naturalnyy-shampun-s-kokosovym-maslom-my-coco-oil-mr.scrubber-14378182809538.jpg","datePublished":"2020-08-10T22:04:40+00:00","dateModified":"2025-07-25T16:36:59+00:00","breadcrumb":{"@id":"https:\/\/hannaorganic.md\/ru\/produs\/coconut-shampoo-mr-scrubber\/#breadcrumb"},"inLanguage":"ru-RU","potentialAction":[{"@type":"ReadAction","target":["https:\/\/hannaorganic.md\/ru\/produs\/coconut-shampoo-mr-scrubber\/"]}]},{"@type":"ImageObject","inLanguage":"ru-RU","@id":"https:\/\/hannaorganic.md\/ru\/produs\/coconut-shampoo-mr-scrubber\/#primaryimage","url":"https:\/\/hannaorganic.md\/wp-content\/uploads\/2020\/08\/naturalnyy-shampun-s-kokosovym-maslom-my-coco-oil-mr.scrubber-14378182809538.jpg","contentUrl":"https:\/\/hannaorganic.md\/wp-content\/uploads\/2020\/08\/naturalnyy-shampun-s-kokosovym-maslom-my-coco-oil-mr.scrubber-14378182809538.jpg","width":1000,"height":1000},{"@type":"BreadcrumbList","@id":"https:\/\/hannaorganic.md\/ru\/produs\/coconut-shampoo-mr-scrubber\/#breadcrumb","itemListElement":[{"@type":"ListItem","position":1,"name":"Prima pagin\u0103","item":"https:\/\/hannaorganic.md\/ru\/hanna-organic\/"},{"@type":"ListItem","position":2,"name":"\u041c\u0430\u0433\u0430\u0437\u0438\u043d","item":"https:\/\/hannaorganic.md\/ru\/shop\/"},{"@type":"ListItem","position":3,"name":"Coconut Shampoo Mr.SCRUBBER"}]},{"@type":"WebSite","@id":"https:\/\/hannaorganic.md\/ru\/#website","url":"https:\/\/hannaorganic.md\/ru\/","name":"HANNA ORGANIC","description":"Multi-Brand Cosmetic Store","potentialAction":[{"@type":"SearchAction","target":{"@type":"EntryPoint","urlTemplate":"https:\/\/hannaorganic.md\/ru\/?s={search_term_string}"},"query-input":{"@type":"PropertyValueSpecification","valueRequired":true,"valueName":"search_term_string"}}],"inLanguage":"ru-RU"}]}},"_links":{"self":[{"href":"https:\/\/hannaorganic.md\/ru\/wp-json\/wp\/v2\/product\/19516","targetHints":{"allow":["GET"]}}],"collection":[{"href":"https:\/\/hannaorganic.md\/ru\/wp-json\/wp\/v2\/product"}],"about":[{"href":"https:\/\/hannaorganic.md\/ru\/wp-json\/wp\/v2\/types\/product"}],"wp:featuredmedia":[{"embeddable":true,"href":"https:\/\/hannaorganic.md\/ru\/wp-json\/wp\/v2\/media\/19517"}],"wp:attachment":[{"href":"https:\/\/hannaorganic.md\/ru\/wp-json\/wp\/v2\/media?parent=19516"}],"wp:term":[{"taxonomy":"product_brand","embeddable":true,"href":"https:\/\/hannaorganic.md\/ru\/wp-json\/wp\/v2\/product_brand?post=19516"},{"taxonomy":"product_cat","embeddable":true,"href":"https:\/\/hannaorganic.md\/ru\/wp-json\/wp\/v2\/product_cat?post=19516"},{"taxonomy":"product_tag","embeddable":true,"href":"https:\/\/hannaorganic.md\/ru\/wp-json\/wp\/v2\/product_tag?post=19516"}],"curies":[{"name":"wp","href":"https:\/\/api.w.org\/{rel}","templated":true}]}}