{"id":19519,"date":"2020-08-11T00:20:05","date_gmt":"2020-08-10T22:20:05","guid":{"rendered":"https:\/\/hannaorganic.md\/?post_type=product&#038;p=19519"},"modified":"2025-04-14T09:32:13","modified_gmt":"2025-04-14T07:32:13","slug":"coconut-hair-mask-mr-scrubber","status":"publish","type":"product","link":"https:\/\/hannaorganic.md\/ru\/produs\/coconut-hair-mask-mr-scrubber\/","title":{"rendered":"Coconut Hair Mask Mr.SCRUBBER"},"content":{"rendered":"<table class=\"product-features__table\">\n<tbody>\n<tr class=\"product-features__row\">\n<th class=\"product-features__cell product-features__cell--h\">Ingrediente<\/th>\n<td class=\"product-features__cell\">Aqua, Cetearyl Alcohol, Ceteareth-20, Ethylhexyl Stearate, Cetrimonium Chloride, Coconut Oil Glycereth-8 Esters, Hydrolyzed Silk, Hydrolyzed Keratin, Water-soluble, D-Panthenol, Tocopheryl Acetate, Parfum, Methylchloroisothiazolinone, Methylisothiazolinon<\/td>\n<\/tr>\n<tr class=\"product-features__row\">\n<th class=\"product-features__cell product-features__cell--h\">Mod de utilizare<\/th>\n<td class=\"product-features__cell\">Aplica\u021bi o cantitate moderat\u0103 pe p\u0103rul umed. Mas\u00e2nd u\u0219or distribuie-l pe toat\u0103 lungimea. \u021aine\u021bi 5-10 min. Sp\u0103la\u021bi apoi p\u0103rul cu ap\u0103.<\/td>\n<\/tr>\n<tr class=\"product-features__row\">\n<th class=\"product-features__cell product-features__cell--h\">Volum<\/th>\n<td class=\"product-features__cell\">250 ml 8,45 fl oz<\/td>\n<\/tr>\n<tr class=\"product-features__row\">\n<th class=\"product-features__cell product-features__cell--h\">Efecte<\/th>\n<td class=\"product-features__cell\">netezirea, \u00eenmuierea p\u0103rului;<br \/>\nprevine \u0219i trateaz\u0103 capetele despicate;<br \/>\no cre\u0219tere a volumului p\u0103rului, str\u0103lucire \u0219i elasticitate.<\/td>\n<\/tr>\n<\/tbody>\n<\/table>\n<h4>Cum functioneaz\u00e3:<\/h4>\n<ol>\n<li>Uleiul de nuc\u0103 de cocos hr\u0103ne\u0219te profund \u0219i hidrateaz\u0103 p\u0103rul, elimin\u0103 \u0219i previne ruperea, serve\u0219te ca o protec\u021bie termic\u0103 natural\u0103, \u00eent\u0103re\u0219te foliculul pilos \u0219i d\u0103 o str\u0103lucire s\u0103n\u0103toas\u0103. Ingredientele active protejeaz\u0103 p\u0103rul de efectele nocive ale mediului extern: raze ultraviolete, sare, ap\u0103 clorat\u0103;<\/li>\n<li>Proteina de m\u0103tase reface p\u0103rul sl\u0103bit \u0219i plictisit. Un produs valoros cu un set complet de aminoacizi p\u0103streaz\u0103 perfect umiditatea, creeaz\u0103 o pelicul\u0103 protectoare \u0219i previne capetele despicate. Cimenteaz\u0103 structura de cheratin\u0103 a p\u0103rului, asigur\u0103 elasticitatea \u0219i netezimea acestuia;<\/li>\n<li>keratina p\u0103streaz\u0103 umiditatea, p\u0103trunde ad\u00e2nc \u00een structura fiec\u0103rui fir de p\u0103r, o umple \u0219i elimin\u0103 posibile imperfec\u021biuni, confer\u0103 volumului p\u0103rului \u0219i str\u0103lucire incredibil\u0103. De asemenea, penetreaz\u0103 scalpul \u0219i hr\u0103ne\u0219te foliculii de p\u0103r, stimuleaz\u0103 cre\u0219terea p\u0103rului s\u0103n\u0103tos frumos;<\/li>\n<li>d-pantenolul amelioreaz\u0103 irita\u021biile, inflama\u021biile, fulgerea, hidrateaz\u0103 \u0219i calmeaz\u0103 pielea;<\/li>\n<li>Vitamina E activeaz\u0103 procesele metabolice la nivelul scalpului, p\u0103streaz\u0103 umezeala \u0219i \u00eembun\u0103t\u0103\u021be\u0219te nutri\u021bia foliculilor de p\u0103r.<\/li>\n<\/ol>\n","protected":false},"excerpt":{"rendered":"<p>Masca hr\u0103ne\u0219te intens \u0219i reface p\u0103rul deteriorat, \u00eel satura cu umiditatea necesar\u0103, \u00eel face moale \u0219i m\u0103t\u0103sos. Uleiul de nuc\u0103 de cocos p\u0103streaz\u0103 profunzimea culorii p\u0103rului colorat, hr\u0103ne\u0219te \u0219i hidrateaz\u0103 perfect scalpul, activeaz\u0103 cre\u0219terea p\u0103rului \u0219i previne c\u0103derea p\u0103rului \u0219i capetele despicate, este un remediu eficient \u00een lupta \u00eempotriva matre\u021bii. Atunci c\u00e2nd este aplicat pe p\u0103r, creeaz\u0103 o pelicul\u0103 protectoare care \u00eempiedic\u0103 proteina s\u0103 fie sp\u0103lat\u0103 din structura p\u0103rului \u0219i, de asemenea, protejeaz\u0103 \u00een mod sigur \u00eempotriva usc\u0103rii cu usc\u0103torul pentru p\u0103r, forceps, \u00a0luminii solare, sare sau ap\u0103 clorat\u0103. Odat\u0103 cu utilizarea continu\u0103 a m\u0103\u0219tii, p\u0103rul t\u0103u va deveni puternic, str\u0103lucitor, s\u0103n\u0103tos, voluminos \u0219i perfect \u00eengrijit.<\/p>\n","protected":false},"featured_media":19520,"template":"","meta":[],"product_brand":[],"product_cat":[191,96],"product_tag":[576],"class_list":{"0":"post-19519","1":"product","2":"type-product","3":"status-publish","4":"has-post-thumbnail","6":"product_cat-hair-mask","7":"product_cat-mrscrubber-md","8":"product_tag-hair-mask","10":"first","11":"instock","12":"shipping-taxable","13":"purchasable","14":"product-type-simple"},"yoast_head":"<!-- This site is optimized with the Yoast SEO plugin v27.5 - https:\/\/yoast.com\/product\/yoast-seo-wordpress\/ -->\n<title>Coconut Hair Mask Mr.SCRUBBER - HANNA ORGANIC<\/title>\n<meta name=\"robots\" content=\"index, follow, max-snippet:-1, max-image-preview:large, max-video-preview:-1\" \/>\n<link rel=\"canonical\" href=\"https:\/\/hannaorganic.md\/ru\/produs\/coconut-hair-mask-mr-scrubber\/\" \/>\n<meta property=\"og:locale\" content=\"ru_RU\" \/>\n<meta property=\"og:type\" content=\"article\" \/>\n<meta property=\"og:title\" content=\"Coconut Hair Mask Mr.SCRUBBER - HANNA ORGANIC\" \/>\n<meta property=\"og:description\" content=\"Masca hr\u0103ne\u0219te intens \u0219i reface p\u0103rul deteriorat, \u00eel satura cu umiditatea necesar\u0103, \u00eel face moale \u0219i m\u0103t\u0103sos. Uleiul de nuc\u0103 de cocos p\u0103streaz\u0103 profunzimea culorii p\u0103rului colorat, hr\u0103ne\u0219te \u0219i hidrateaz\u0103 perfect scalpul, activeaz\u0103 cre\u0219terea p\u0103rului \u0219i previne c\u0103derea p\u0103rului \u0219i capetele despicate, este un remediu eficient \u00een lupta \u00eempotriva matre\u021bii. Atunci c\u00e2nd este aplicat pe p\u0103r, creeaz\u0103 o pelicul\u0103 protectoare care \u00eempiedic\u0103 proteina s\u0103 fie sp\u0103lat\u0103 din structura p\u0103rului \u0219i, de asemenea, protejeaz\u0103 \u00een mod sigur \u00eempotriva usc\u0103rii cu usc\u0103torul pentru p\u0103r, forceps, \u00a0luminii solare, sare sau ap\u0103 clorat\u0103. Odat\u0103 cu utilizarea continu\u0103 a m\u0103\u0219tii, p\u0103rul t\u0103u va deveni puternic, str\u0103lucitor, s\u0103n\u0103tos, voluminos \u0219i perfect \u00eengrijit.\" \/>\n<meta property=\"og:url\" content=\"https:\/\/hannaorganic.md\/ru\/produs\/coconut-hair-mask-mr-scrubber\/\" \/>\n<meta property=\"og:site_name\" content=\"HANNA ORGANIC\" \/>\n<meta property=\"article:publisher\" content=\"https:\/\/www.facebook.com\/bluemagic.md\/\" \/>\n<meta property=\"article:modified_time\" content=\"2025-04-14T07:32:13+00:00\" \/>\n<meta property=\"og:image\" content=\"https:\/\/hannaorganic.md\/wp-content\/uploads\/2020\/08\/vosstanavlivaushchaya-maska-dlya-volos-s-kokosovym-maslom-my-coco-oil-mr.scrubber-50351074597811.jpg\" \/>\n\t<meta property=\"og:image:width\" content=\"1000\" \/>\n\t<meta property=\"og:image:height\" content=\"1000\" \/>\n\t<meta property=\"og:image:type\" content=\"image\/jpeg\" \/>\n<meta name=\"twitter:card\" content=\"summary_large_image\" \/>\n<meta name=\"twitter:label1\" content=\"\u041f\u0440\u0438\u043c\u0435\u0440\u043d\u043e\u0435 \u0432\u0440\u0435\u043c\u044f \u0434\u043b\u044f \u0447\u0442\u0435\u043d\u0438\u044f\" \/>\n\t<meta name=\"twitter:data1\" content=\"1 \u043c\u0438\u043d\u0443\u0442\u0430\" \/>\n<script type=\"application\/ld+json\" class=\"yoast-schema-graph\">{\"@context\":\"https:\\\/\\\/schema.org\",\"@graph\":[{\"@type\":\"WebPage\",\"@id\":\"https:\\\/\\\/hannaorganic.md\\\/ru\\\/produs\\\/coconut-hair-mask-mr-scrubber\\\/\",\"url\":\"https:\\\/\\\/hannaorganic.md\\\/ru\\\/produs\\\/coconut-hair-mask-mr-scrubber\\\/\",\"name\":\"Coconut Hair Mask Mr.SCRUBBER - HANNA ORGANIC\",\"isPartOf\":{\"@id\":\"https:\\\/\\\/hannaorganic.md\\\/ru\\\/#website\"},\"primaryImageOfPage\":{\"@id\":\"https:\\\/\\\/hannaorganic.md\\\/ru\\\/produs\\\/coconut-hair-mask-mr-scrubber\\\/#primaryimage\"},\"image\":{\"@id\":\"https:\\\/\\\/hannaorganic.md\\\/ru\\\/produs\\\/coconut-hair-mask-mr-scrubber\\\/#primaryimage\"},\"thumbnailUrl\":\"https:\\\/\\\/hannaorganic.md\\\/wp-content\\\/uploads\\\/2020\\\/08\\\/vosstanavlivaushchaya-maska-dlya-volos-s-kokosovym-maslom-my-coco-oil-mr.scrubber-50351074597811.jpg\",\"datePublished\":\"2020-08-10T22:20:05+00:00\",\"dateModified\":\"2025-04-14T07:32:13+00:00\",\"breadcrumb\":{\"@id\":\"https:\\\/\\\/hannaorganic.md\\\/ru\\\/produs\\\/coconut-hair-mask-mr-scrubber\\\/#breadcrumb\"},\"inLanguage\":\"ru-RU\",\"potentialAction\":[{\"@type\":\"ReadAction\",\"target\":[\"https:\\\/\\\/hannaorganic.md\\\/ru\\\/produs\\\/coconut-hair-mask-mr-scrubber\\\/\"]}]},{\"@type\":\"ImageObject\",\"inLanguage\":\"ru-RU\",\"@id\":\"https:\\\/\\\/hannaorganic.md\\\/ru\\\/produs\\\/coconut-hair-mask-mr-scrubber\\\/#primaryimage\",\"url\":\"https:\\\/\\\/hannaorganic.md\\\/wp-content\\\/uploads\\\/2020\\\/08\\\/vosstanavlivaushchaya-maska-dlya-volos-s-kokosovym-maslom-my-coco-oil-mr.scrubber-50351074597811.jpg\",\"contentUrl\":\"https:\\\/\\\/hannaorganic.md\\\/wp-content\\\/uploads\\\/2020\\\/08\\\/vosstanavlivaushchaya-maska-dlya-volos-s-kokosovym-maslom-my-coco-oil-mr.scrubber-50351074597811.jpg\",\"width\":1000,\"height\":1000},{\"@type\":\"BreadcrumbList\",\"@id\":\"https:\\\/\\\/hannaorganic.md\\\/ru\\\/produs\\\/coconut-hair-mask-mr-scrubber\\\/#breadcrumb\",\"itemListElement\":[{\"@type\":\"ListItem\",\"position\":1,\"name\":\"Prima pagin\u0103\",\"item\":\"https:\\\/\\\/hannaorganic.md\\\/ru\\\/hanna-organic\\\/\"},{\"@type\":\"ListItem\",\"position\":2,\"name\":\"\u041c\u0430\u0433\u0430\u0437\u0438\u043d\",\"item\":\"https:\\\/\\\/hannaorganic.md\\\/ru\\\/shop\\\/\"},{\"@type\":\"ListItem\",\"position\":3,\"name\":\"Coconut Hair Mask Mr.SCRUBBER\"}]},{\"@type\":\"WebSite\",\"@id\":\"https:\\\/\\\/hannaorganic.md\\\/ru\\\/#website\",\"url\":\"https:\\\/\\\/hannaorganic.md\\\/ru\\\/\",\"name\":\"HANNA ORGANIC\",\"description\":\"Multi-Brand Cosmetic Store\",\"potentialAction\":[{\"@type\":\"SearchAction\",\"target\":{\"@type\":\"EntryPoint\",\"urlTemplate\":\"https:\\\/\\\/hannaorganic.md\\\/ru\\\/?s={search_term_string}\"},\"query-input\":{\"@type\":\"PropertyValueSpecification\",\"valueRequired\":true,\"valueName\":\"search_term_string\"}}],\"inLanguage\":\"ru-RU\"}]}<\/script>\n<!-- \/ Yoast SEO plugin. -->","yoast_head_json":{"title":"Coconut Hair Mask Mr.SCRUBBER - HANNA ORGANIC","robots":{"index":"index","follow":"follow","max-snippet":"max-snippet:-1","max-image-preview":"max-image-preview:large","max-video-preview":"max-video-preview:-1"},"canonical":"https:\/\/hannaorganic.md\/ru\/produs\/coconut-hair-mask-mr-scrubber\/","og_locale":"ru_RU","og_type":"article","og_title":"Coconut Hair Mask Mr.SCRUBBER - HANNA ORGANIC","og_description":"Masca hr\u0103ne\u0219te intens \u0219i reface p\u0103rul deteriorat, \u00eel satura cu umiditatea necesar\u0103, \u00eel face moale \u0219i m\u0103t\u0103sos. Uleiul de nuc\u0103 de cocos p\u0103streaz\u0103 profunzimea culorii p\u0103rului colorat, hr\u0103ne\u0219te \u0219i hidrateaz\u0103 perfect scalpul, activeaz\u0103 cre\u0219terea p\u0103rului \u0219i previne c\u0103derea p\u0103rului \u0219i capetele despicate, este un remediu eficient \u00een lupta \u00eempotriva matre\u021bii. Atunci c\u00e2nd este aplicat pe p\u0103r, creeaz\u0103 o pelicul\u0103 protectoare care \u00eempiedic\u0103 proteina s\u0103 fie sp\u0103lat\u0103 din structura p\u0103rului \u0219i, de asemenea, protejeaz\u0103 \u00een mod sigur \u00eempotriva usc\u0103rii cu usc\u0103torul pentru p\u0103r, forceps, \u00a0luminii solare, sare sau ap\u0103 clorat\u0103. Odat\u0103 cu utilizarea continu\u0103 a m\u0103\u0219tii, p\u0103rul t\u0103u va deveni puternic, str\u0103lucitor, s\u0103n\u0103tos, voluminos \u0219i perfect \u00eengrijit.","og_url":"https:\/\/hannaorganic.md\/ru\/produs\/coconut-hair-mask-mr-scrubber\/","og_site_name":"HANNA ORGANIC","article_publisher":"https:\/\/www.facebook.com\/bluemagic.md\/","article_modified_time":"2025-04-14T07:32:13+00:00","og_image":[{"width":1000,"height":1000,"url":"https:\/\/hannaorganic.md\/wp-content\/uploads\/2020\/08\/vosstanavlivaushchaya-maska-dlya-volos-s-kokosovym-maslom-my-coco-oil-mr.scrubber-50351074597811.jpg","type":"image\/jpeg"}],"twitter_card":"summary_large_image","twitter_misc":{"\u041f\u0440\u0438\u043c\u0435\u0440\u043d\u043e\u0435 \u0432\u0440\u0435\u043c\u044f \u0434\u043b\u044f \u0447\u0442\u0435\u043d\u0438\u044f":"1 \u043c\u0438\u043d\u0443\u0442\u0430"},"schema":{"@context":"https:\/\/schema.org","@graph":[{"@type":"WebPage","@id":"https:\/\/hannaorganic.md\/ru\/produs\/coconut-hair-mask-mr-scrubber\/","url":"https:\/\/hannaorganic.md\/ru\/produs\/coconut-hair-mask-mr-scrubber\/","name":"Coconut Hair Mask Mr.SCRUBBER - HANNA ORGANIC","isPartOf":{"@id":"https:\/\/hannaorganic.md\/ru\/#website"},"primaryImageOfPage":{"@id":"https:\/\/hannaorganic.md\/ru\/produs\/coconut-hair-mask-mr-scrubber\/#primaryimage"},"image":{"@id":"https:\/\/hannaorganic.md\/ru\/produs\/coconut-hair-mask-mr-scrubber\/#primaryimage"},"thumbnailUrl":"https:\/\/hannaorganic.md\/wp-content\/uploads\/2020\/08\/vosstanavlivaushchaya-maska-dlya-volos-s-kokosovym-maslom-my-coco-oil-mr.scrubber-50351074597811.jpg","datePublished":"2020-08-10T22:20:05+00:00","dateModified":"2025-04-14T07:32:13+00:00","breadcrumb":{"@id":"https:\/\/hannaorganic.md\/ru\/produs\/coconut-hair-mask-mr-scrubber\/#breadcrumb"},"inLanguage":"ru-RU","potentialAction":[{"@type":"ReadAction","target":["https:\/\/hannaorganic.md\/ru\/produs\/coconut-hair-mask-mr-scrubber\/"]}]},{"@type":"ImageObject","inLanguage":"ru-RU","@id":"https:\/\/hannaorganic.md\/ru\/produs\/coconut-hair-mask-mr-scrubber\/#primaryimage","url":"https:\/\/hannaorganic.md\/wp-content\/uploads\/2020\/08\/vosstanavlivaushchaya-maska-dlya-volos-s-kokosovym-maslom-my-coco-oil-mr.scrubber-50351074597811.jpg","contentUrl":"https:\/\/hannaorganic.md\/wp-content\/uploads\/2020\/08\/vosstanavlivaushchaya-maska-dlya-volos-s-kokosovym-maslom-my-coco-oil-mr.scrubber-50351074597811.jpg","width":1000,"height":1000},{"@type":"BreadcrumbList","@id":"https:\/\/hannaorganic.md\/ru\/produs\/coconut-hair-mask-mr-scrubber\/#breadcrumb","itemListElement":[{"@type":"ListItem","position":1,"name":"Prima pagin\u0103","item":"https:\/\/hannaorganic.md\/ru\/hanna-organic\/"},{"@type":"ListItem","position":2,"name":"\u041c\u0430\u0433\u0430\u0437\u0438\u043d","item":"https:\/\/hannaorganic.md\/ru\/shop\/"},{"@type":"ListItem","position":3,"name":"Coconut Hair Mask Mr.SCRUBBER"}]},{"@type":"WebSite","@id":"https:\/\/hannaorganic.md\/ru\/#website","url":"https:\/\/hannaorganic.md\/ru\/","name":"HANNA ORGANIC","description":"Multi-Brand Cosmetic Store","potentialAction":[{"@type":"SearchAction","target":{"@type":"EntryPoint","urlTemplate":"https:\/\/hannaorganic.md\/ru\/?s={search_term_string}"},"query-input":{"@type":"PropertyValueSpecification","valueRequired":true,"valueName":"search_term_string"}}],"inLanguage":"ru-RU"}]}},"_links":{"self":[{"href":"https:\/\/hannaorganic.md\/ru\/wp-json\/wp\/v2\/product\/19519","targetHints":{"allow":["GET"]}}],"collection":[{"href":"https:\/\/hannaorganic.md\/ru\/wp-json\/wp\/v2\/product"}],"about":[{"href":"https:\/\/hannaorganic.md\/ru\/wp-json\/wp\/v2\/types\/product"}],"wp:featuredmedia":[{"embeddable":true,"href":"https:\/\/hannaorganic.md\/ru\/wp-json\/wp\/v2\/media\/19520"}],"wp:attachment":[{"href":"https:\/\/hannaorganic.md\/ru\/wp-json\/wp\/v2\/media?parent=19519"}],"wp:term":[{"taxonomy":"product_brand","embeddable":true,"href":"https:\/\/hannaorganic.md\/ru\/wp-json\/wp\/v2\/product_brand?post=19519"},{"taxonomy":"product_cat","embeddable":true,"href":"https:\/\/hannaorganic.md\/ru\/wp-json\/wp\/v2\/product_cat?post=19519"},{"taxonomy":"product_tag","embeddable":true,"href":"https:\/\/hannaorganic.md\/ru\/wp-json\/wp\/v2\/product_tag?post=19519"}],"curies":[{"name":"wp","href":"https:\/\/api.w.org\/{rel}","templated":true}]}}