{"id":2379,"date":"2019-11-02T19:00:09","date_gmt":"2019-11-02T17:00:09","guid":{"rendered":"https:\/\/hannaorganic.md\/?post_type=product&#038;p=2379"},"modified":"2025-03-02T15:13:34","modified_gmt":"2025-03-02T13:13:34","slug":"cleansing-mousse-clay-pore-minimizing-mr-scrubber","status":"publish","type":"product","link":"https:\/\/hannaorganic.md\/ru\/produs\/cleansing-mousse-clay-pore-minimizing-mr-scrubber\/","title":{"rendered":"Cleansing Mousse Clay Pore Minimizing Mr.SCRUBBER"},"content":{"rendered":"<p>\u0422\u0449\u0430\u0442\u0435\u043b\u044c\u043d\u043e \u043e\u0447\u0438\u0449\u0430\u0435\u0442 \u0438 \u043d\u0435 \u0441\u0443\u0448\u0438\u0442 \u043a\u043e\u0436\u0443, \u0441\u043f\u043e\u0441\u043e\u0431\u0441\u0442\u0432\u0443\u0435\u0442 \u0441\u0443\u0436\u0435\u043d\u0438\u044e \u043f\u043e\u0440, \u0441\u043b\u0435\u0433\u043a\u0430 \u043e\u0441\u0432\u0435\u0442\u043b\u044f\u0435\u0442, \u0443\u043c\u0435\u043d\u044c\u0448\u0430\u0435\u0442 \u043f\u043b\u043e\u0442\u043d\u043e\u0441\u0442\u044c \u0432\u044b\u0441\u044b\u043f\u0430\u043d\u0438\u0439. \u042d\u043a\u0441\u0442\u0440\u0430\u043a\u0442 \u043c\u0430\u043b\u0438\u043d\u044b \u0443\u0432\u043b\u0430\u0436\u043d\u044f\u0435\u0442 \u043a\u043e\u0436\u0443 \u043b\u0438\u0446\u0430, \u0434\u0435\u043b\u0430\u0435\u0442 \u0435\u0435 \u043c\u044f\u0433\u043a\u043e\u0439 \u0438 \u0448\u0435\u043b\u043a\u043e\u0432\u0438\u0441\u0442\u043e\u0439. \u0411\u043b\u0430\u0433\u043e\u0434\u0430\u0440\u044f \u0432\u043e\u0437\u0434\u0443\u0448\u043d\u043e\u0439 \u0442\u0435\u043a\u0441\u0442\u0443\u0440\u0435 \u043c\u0443\u0441\u0441 \u043e\u0447\u0435\u043d\u044c \u043d\u0435\u0436\u043d\u043e \u043e\u0447\u0438\u0449\u0430\u0435\u0442 \u043b\u0438\u0446\u043e, \u0432\u043e\u0437\u0432\u0440\u0430\u0449\u0430\u0435\u0442 \u0435\u043c\u0443 \u0441\u0432\u0435\u0436\u0438\u0439, \u0440\u043e\u0432\u043d\u044b\u0439 \u0442\u043e\u043d. \u041b\u0435\u0433\u043a\u0430\u044f \u043f\u0435\u043d\u0430 \u043f\u043e\u043b\u0443\u0447\u0430\u0435\u0442\u0441\u044f \u0443\u0436\u0435 \u043e\u0442 \u043e\u0434\u043d\u043e\u0433\u043e \u043d\u0430\u0436\u0430\u0442\u0438\u044f \u0434\u043e\u0437\u0430\u0442\u043e\u0440\u0430, \u043d\u0435 \u0440\u0430\u0437\u0434\u0440\u0430\u0436\u0430\u0435\u0442 \u0434\u0430\u0436\u0435 \u0441\u0430\u043c\u0443\u044e \u0447\u0443\u0432\u0441\u0442\u0432\u0438\u0442\u0435\u043b\u044c\u043d\u0443\u044e \u043a\u043e\u0436\u0443 \u0438 \u043f\u043e\u0434\u0445\u043e\u0434\u0438\u0442 \u0434\u043b\u044f \u0435\u0436\u0435\u0434\u043d\u0435\u0432\u043d\u043e\u0433\u043e \u0443\u043c\u044b\u0432\u0430\u043d\u0438\u044f \u0443\u0442\u0440\u043e\u043c \u0438 \u0432\u0435\u0447\u0435\u0440\u043e\u043c.<\/p>\n<table class=\"product-features__table\">\n<tbody>\n<tr class=\"product-features__row\">\n<th class=\"product-features__cell product-features__cell--h\">\u0421\u043f\u043e\u0441\u043e\u0431 \u0438\u0441\u043f\u043e\u043b\u044c\u0437\u043e\u0432\u0430\u043d\u0438\u044f<\/th>\n<td class=\"product-features__cell\">\u041d\u0435\u0431\u043e\u043b\u044c\u0448\u043e\u0435 \u043a\u043e\u043b\u0438\u0447\u0435\u0441\u0442\u0432\u043e \u043c\u0443\u0441\u0441\u0430 \u043d\u0430\u043d\u0435\u0441\u0442\u0438 \u043d\u0430 \u0432\u043b\u0430\u0436\u043d\u0443\u044e \u043a\u043e\u0436\u0443 \u043b\u0438\u0446\u0430, \u0441\u043b\u0435\u0433\u043a\u0430 \u043f\u043e\u043c\u0430\u0441\u0441\u0438\u0440\u043e\u0432\u0430\u0442\u044c, \u0441\u043c\u044b\u0442\u044c \u0432\u043e\u0434\u043e\u0439. \u0418\u0437\u0431\u0435\u0433\u0430\u0442\u044c \u043f\u043e\u043f\u0430\u0434\u0430\u043d\u0438\u044f \u0432 \u0433\u043b\u0430\u0437\u0430.<\/td>\n<\/tr>\n<tr class=\"product-features__row\">\n<th class=\"product-features__cell product-features__cell--h\">\u0421\u043e\u0441\u0442\u0430\u0432<\/th>\n<td class=\"product-features__cell\">Water (aqua), Sodium Coco-sulfate, Olive (Oliva Europea) Oil PEG-7 Esters, Cocos Nucifera (Coconut) Oil, Glycerin, Lemon (Citrus limon) Essential Oil, Rubus Idaeus (Raspberry) Seed\/Leaf Extract, Ethylhexylglycerin.<\/td>\n<\/tr>\n<tr class=\"product-features__row\">\n<th class=\"product-features__cell product-features__cell--h\">\u041e\u0431\u044a\u0435\u043c<\/th>\n<td class=\"product-features__cell\">150 \u043c\u043b<\/td>\n<\/tr>\n<tr class=\"product-features__row\">\n<th class=\"product-features__cell product-features__cell--h\">\u0412\u043e\u0437\u0440\u0430\u0441\u0442<\/th>\n<td class=\"product-features__cell\">18+<\/td>\n<\/tr>\n<tr class=\"product-features__row\">\n<th class=\"product-features__cell product-features__cell--h\">\u0412\u0438\u0434<\/th>\n<td class=\"product-features__cell\">\u041c\u0443\u0441\u0441<\/td>\n<\/tr>\n<\/tbody>\n<\/table>\n","protected":false},"excerpt":{"rendered":"<p>Spum\u0103 delicat\u0103 pentru cur\u0103\u0163area tenului \u015fi mic\u015forarea porilor. \u00cembog\u0103\u0163ita cu ulei esen\u0163ial de l\u0103m\u00e2ie care ajuta la uniformizarea nuan\u0163ei tenului \u015fi extract de zmeur\u0103 ce reduce \u00een mod vizibil porii \u015fi hidrateaz\u0103 pielea, l\u0103s\u00e2nd-o moale \u015fi supl\u0103. Potrivit\u0103 pentru toate tipurile de ten, chiar \u015fi cel uscat. Nu con\u0163ine coloran\u0163i, sulfa\u0163i sau parabeni.<\/p>\n<ol>\n<li>Aplic\u0103 o cantitate mic\u0103 de produs pe tenul umed.<\/li>\n<li>Maseaz\u0103 delicat cu mi\u015fc\u0103ri circulare.<\/li>\n<li>Cl\u0103te\u015fte cu ap\u0103 din abunden\u0163\u0103.<\/li>\n<li><strong>Pentru rezultate optime utilizeaz\u0103 produsul diminea\u021ba \u0219i seara.<\/strong><\/li>\n<\/ol>\n","protected":false},"featured_media":2380,"template":"","meta":[],"product_brand":[],"product_cat":[100,111,96,92],"product_tag":[],"class_list":{"0":"post-2379","1":"product","2":"type-product","3":"status-publish","4":"has-post-thumbnail","6":"product_cat-fata","7":"product_cat-face-wash","8":"product_cat-mrscrubber-md","9":"product_cat-toate-produsele","11":"first","12":"instock","13":"shipping-taxable","14":"purchasable","15":"product-type-simple"},"yoast_head":"<!-- This site is optimized with the Yoast SEO plugin v27.5 - https:\/\/yoast.com\/product\/yoast-seo-wordpress\/ -->\n<title>Cleansing Mousse Clay Pore Minimizing Mr.SCRUBBER - HANNA ORGANIC<\/title>\n<meta name=\"robots\" content=\"index, follow, max-snippet:-1, max-image-preview:large, max-video-preview:-1\" \/>\n<link rel=\"canonical\" href=\"https:\/\/hannaorganic.md\/ru\/produs\/cleansing-mousse-clay-pore-minimizing-mr-scrubber\/\" \/>\n<meta property=\"og:locale\" content=\"ru_RU\" \/>\n<meta property=\"og:type\" content=\"article\" \/>\n<meta property=\"og:title\" content=\"Cleansing Mousse Clay Pore Minimizing Mr.SCRUBBER - HANNA ORGANIC\" \/>\n<meta property=\"og:description\" content=\"Spum\u0103 delicat\u0103 pentru cur\u0103\u0163area tenului \u015fi mic\u015forarea porilor. \u00cembog\u0103\u0163ita cu ulei esen\u0163ial de l\u0103m\u00e2ie care ajuta la uniformizarea nuan\u0163ei tenului \u015fi extract de zmeur\u0103 ce reduce \u00een mod vizibil porii \u015fi hidrateaz\u0103 pielea, l\u0103s\u00e2nd-o moale \u015fi supl\u0103. Potrivit\u0103 pentru toate tipurile de ten, chiar \u015fi cel uscat. Nu con\u0163ine coloran\u0163i, sulfa\u0163i sau parabeni.   Aplic\u0103 o cantitate mic\u0103 de produs pe tenul umed.  Maseaz\u0103 delicat cu mi\u015fc\u0103ri circulare.  Cl\u0103te\u015fte cu ap\u0103 din abunden\u0163\u0103.  Pentru rezultate optime utilizeaz\u0103 produsul diminea\u021ba \u0219i seara.\" \/>\n<meta property=\"og:url\" content=\"https:\/\/hannaorganic.md\/ru\/produs\/cleansing-mousse-clay-pore-minimizing-mr-scrubber\/\" \/>\n<meta property=\"og:site_name\" content=\"HANNA ORGANIC\" \/>\n<meta property=\"article:publisher\" content=\"https:\/\/www.facebook.com\/bluemagic.md\/\" \/>\n<meta property=\"article:modified_time\" content=\"2025-03-02T13:13:34+00:00\" \/>\n<meta property=\"og:image\" content=\"https:\/\/hannaorganic.md\/wp-content\/uploads\/2019\/11\/muss-dlya-umyvaniya-clay-pore-minimizing-mr.scrubber-91553810463269-2.jpg\" \/>\n\t<meta property=\"og:image:width\" content=\"1200\" \/>\n\t<meta property=\"og:image:height\" content=\"1800\" \/>\n\t<meta property=\"og:image:type\" content=\"image\/jpeg\" \/>\n<meta name=\"twitter:card\" content=\"summary_large_image\" \/>\n<script type=\"application\/ld+json\" class=\"yoast-schema-graph\">{\"@context\":\"https:\\\/\\\/schema.org\",\"@graph\":[{\"@type\":\"WebPage\",\"@id\":\"https:\\\/\\\/hannaorganic.md\\\/ru\\\/produs\\\/cleansing-mousse-clay-pore-minimizing-mr-scrubber\\\/\",\"url\":\"https:\\\/\\\/hannaorganic.md\\\/ru\\\/produs\\\/cleansing-mousse-clay-pore-minimizing-mr-scrubber\\\/\",\"name\":\"Cleansing Mousse Clay Pore Minimizing Mr.SCRUBBER - HANNA ORGANIC\",\"isPartOf\":{\"@id\":\"https:\\\/\\\/hannaorganic.md\\\/ru\\\/#website\"},\"primaryImageOfPage\":{\"@id\":\"https:\\\/\\\/hannaorganic.md\\\/ru\\\/produs\\\/cleansing-mousse-clay-pore-minimizing-mr-scrubber\\\/#primaryimage\"},\"image\":{\"@id\":\"https:\\\/\\\/hannaorganic.md\\\/ru\\\/produs\\\/cleansing-mousse-clay-pore-minimizing-mr-scrubber\\\/#primaryimage\"},\"thumbnailUrl\":\"https:\\\/\\\/hannaorganic.md\\\/wp-content\\\/uploads\\\/2019\\\/11\\\/muss-dlya-umyvaniya-clay-pore-minimizing-mr.scrubber-91553810463269-2.jpg\",\"datePublished\":\"2019-11-02T17:00:09+00:00\",\"dateModified\":\"2025-03-02T13:13:34+00:00\",\"breadcrumb\":{\"@id\":\"https:\\\/\\\/hannaorganic.md\\\/ru\\\/produs\\\/cleansing-mousse-clay-pore-minimizing-mr-scrubber\\\/#breadcrumb\"},\"inLanguage\":\"ru-RU\",\"potentialAction\":[{\"@type\":\"ReadAction\",\"target\":[\"https:\\\/\\\/hannaorganic.md\\\/ru\\\/produs\\\/cleansing-mousse-clay-pore-minimizing-mr-scrubber\\\/\"]}]},{\"@type\":\"ImageObject\",\"inLanguage\":\"ru-RU\",\"@id\":\"https:\\\/\\\/hannaorganic.md\\\/ru\\\/produs\\\/cleansing-mousse-clay-pore-minimizing-mr-scrubber\\\/#primaryimage\",\"url\":\"https:\\\/\\\/hannaorganic.md\\\/wp-content\\\/uploads\\\/2019\\\/11\\\/muss-dlya-umyvaniya-clay-pore-minimizing-mr.scrubber-91553810463269-2.jpg\",\"contentUrl\":\"https:\\\/\\\/hannaorganic.md\\\/wp-content\\\/uploads\\\/2019\\\/11\\\/muss-dlya-umyvaniya-clay-pore-minimizing-mr.scrubber-91553810463269-2.jpg\",\"width\":1200,\"height\":1800},{\"@type\":\"BreadcrumbList\",\"@id\":\"https:\\\/\\\/hannaorganic.md\\\/ru\\\/produs\\\/cleansing-mousse-clay-pore-minimizing-mr-scrubber\\\/#breadcrumb\",\"itemListElement\":[{\"@type\":\"ListItem\",\"position\":1,\"name\":\"Prima pagin\u0103\",\"item\":\"https:\\\/\\\/hannaorganic.md\\\/ru\\\/hanna-organic\\\/\"},{\"@type\":\"ListItem\",\"position\":2,\"name\":\"\u041c\u0430\u0433\u0430\u0437\u0438\u043d\",\"item\":\"https:\\\/\\\/hannaorganic.md\\\/ru\\\/shop\\\/\"},{\"@type\":\"ListItem\",\"position\":3,\"name\":\"Cleansing Mousse Clay Pore Minimizing Mr.SCRUBBER\"}]},{\"@type\":\"WebSite\",\"@id\":\"https:\\\/\\\/hannaorganic.md\\\/ru\\\/#website\",\"url\":\"https:\\\/\\\/hannaorganic.md\\\/ru\\\/\",\"name\":\"HANNA ORGANIC\",\"description\":\"Multi-Brand Cosmetic Store\",\"potentialAction\":[{\"@type\":\"SearchAction\",\"target\":{\"@type\":\"EntryPoint\",\"urlTemplate\":\"https:\\\/\\\/hannaorganic.md\\\/ru\\\/?s={search_term_string}\"},\"query-input\":{\"@type\":\"PropertyValueSpecification\",\"valueRequired\":true,\"valueName\":\"search_term_string\"}}],\"inLanguage\":\"ru-RU\"}]}<\/script>\n<!-- \/ Yoast SEO plugin. -->","yoast_head_json":{"title":"Cleansing Mousse Clay Pore Minimizing Mr.SCRUBBER - HANNA ORGANIC","robots":{"index":"index","follow":"follow","max-snippet":"max-snippet:-1","max-image-preview":"max-image-preview:large","max-video-preview":"max-video-preview:-1"},"canonical":"https:\/\/hannaorganic.md\/ru\/produs\/cleansing-mousse-clay-pore-minimizing-mr-scrubber\/","og_locale":"ru_RU","og_type":"article","og_title":"Cleansing Mousse Clay Pore Minimizing Mr.SCRUBBER - HANNA ORGANIC","og_description":"Spum\u0103 delicat\u0103 pentru cur\u0103\u0163area tenului \u015fi mic\u015forarea porilor. \u00cembog\u0103\u0163ita cu ulei esen\u0163ial de l\u0103m\u00e2ie care ajuta la uniformizarea nuan\u0163ei tenului \u015fi extract de zmeur\u0103 ce reduce \u00een mod vizibil porii \u015fi hidrateaz\u0103 pielea, l\u0103s\u00e2nd-o moale \u015fi supl\u0103. Potrivit\u0103 pentru toate tipurile de ten, chiar \u015fi cel uscat. Nu con\u0163ine coloran\u0163i, sulfa\u0163i sau parabeni.   Aplic\u0103 o cantitate mic\u0103 de produs pe tenul umed.  Maseaz\u0103 delicat cu mi\u015fc\u0103ri circulare.  Cl\u0103te\u015fte cu ap\u0103 din abunden\u0163\u0103.  Pentru rezultate optime utilizeaz\u0103 produsul diminea\u021ba \u0219i seara.","og_url":"https:\/\/hannaorganic.md\/ru\/produs\/cleansing-mousse-clay-pore-minimizing-mr-scrubber\/","og_site_name":"HANNA ORGANIC","article_publisher":"https:\/\/www.facebook.com\/bluemagic.md\/","article_modified_time":"2025-03-02T13:13:34+00:00","og_image":[{"width":1200,"height":1800,"url":"https:\/\/hannaorganic.md\/wp-content\/uploads\/2019\/11\/muss-dlya-umyvaniya-clay-pore-minimizing-mr.scrubber-91553810463269-2.jpg","type":"image\/jpeg"}],"twitter_card":"summary_large_image","schema":{"@context":"https:\/\/schema.org","@graph":[{"@type":"WebPage","@id":"https:\/\/hannaorganic.md\/ru\/produs\/cleansing-mousse-clay-pore-minimizing-mr-scrubber\/","url":"https:\/\/hannaorganic.md\/ru\/produs\/cleansing-mousse-clay-pore-minimizing-mr-scrubber\/","name":"Cleansing Mousse Clay Pore Minimizing Mr.SCRUBBER - HANNA ORGANIC","isPartOf":{"@id":"https:\/\/hannaorganic.md\/ru\/#website"},"primaryImageOfPage":{"@id":"https:\/\/hannaorganic.md\/ru\/produs\/cleansing-mousse-clay-pore-minimizing-mr-scrubber\/#primaryimage"},"image":{"@id":"https:\/\/hannaorganic.md\/ru\/produs\/cleansing-mousse-clay-pore-minimizing-mr-scrubber\/#primaryimage"},"thumbnailUrl":"https:\/\/hannaorganic.md\/wp-content\/uploads\/2019\/11\/muss-dlya-umyvaniya-clay-pore-minimizing-mr.scrubber-91553810463269-2.jpg","datePublished":"2019-11-02T17:00:09+00:00","dateModified":"2025-03-02T13:13:34+00:00","breadcrumb":{"@id":"https:\/\/hannaorganic.md\/ru\/produs\/cleansing-mousse-clay-pore-minimizing-mr-scrubber\/#breadcrumb"},"inLanguage":"ru-RU","potentialAction":[{"@type":"ReadAction","target":["https:\/\/hannaorganic.md\/ru\/produs\/cleansing-mousse-clay-pore-minimizing-mr-scrubber\/"]}]},{"@type":"ImageObject","inLanguage":"ru-RU","@id":"https:\/\/hannaorganic.md\/ru\/produs\/cleansing-mousse-clay-pore-minimizing-mr-scrubber\/#primaryimage","url":"https:\/\/hannaorganic.md\/wp-content\/uploads\/2019\/11\/muss-dlya-umyvaniya-clay-pore-minimizing-mr.scrubber-91553810463269-2.jpg","contentUrl":"https:\/\/hannaorganic.md\/wp-content\/uploads\/2019\/11\/muss-dlya-umyvaniya-clay-pore-minimizing-mr.scrubber-91553810463269-2.jpg","width":1200,"height":1800},{"@type":"BreadcrumbList","@id":"https:\/\/hannaorganic.md\/ru\/produs\/cleansing-mousse-clay-pore-minimizing-mr-scrubber\/#breadcrumb","itemListElement":[{"@type":"ListItem","position":1,"name":"Prima pagin\u0103","item":"https:\/\/hannaorganic.md\/ru\/hanna-organic\/"},{"@type":"ListItem","position":2,"name":"\u041c\u0430\u0433\u0430\u0437\u0438\u043d","item":"https:\/\/hannaorganic.md\/ru\/shop\/"},{"@type":"ListItem","position":3,"name":"Cleansing Mousse Clay Pore Minimizing Mr.SCRUBBER"}]},{"@type":"WebSite","@id":"https:\/\/hannaorganic.md\/ru\/#website","url":"https:\/\/hannaorganic.md\/ru\/","name":"HANNA ORGANIC","description":"Multi-Brand Cosmetic Store","potentialAction":[{"@type":"SearchAction","target":{"@type":"EntryPoint","urlTemplate":"https:\/\/hannaorganic.md\/ru\/?s={search_term_string}"},"query-input":{"@type":"PropertyValueSpecification","valueRequired":true,"valueName":"search_term_string"}}],"inLanguage":"ru-RU"}]}},"_links":{"self":[{"href":"https:\/\/hannaorganic.md\/ru\/wp-json\/wp\/v2\/product\/2379","targetHints":{"allow":["GET"]}}],"collection":[{"href":"https:\/\/hannaorganic.md\/ru\/wp-json\/wp\/v2\/product"}],"about":[{"href":"https:\/\/hannaorganic.md\/ru\/wp-json\/wp\/v2\/types\/product"}],"wp:featuredmedia":[{"embeddable":true,"href":"https:\/\/hannaorganic.md\/ru\/wp-json\/wp\/v2\/media\/2380"}],"wp:attachment":[{"href":"https:\/\/hannaorganic.md\/ru\/wp-json\/wp\/v2\/media?parent=2379"}],"wp:term":[{"taxonomy":"product_brand","embeddable":true,"href":"https:\/\/hannaorganic.md\/ru\/wp-json\/wp\/v2\/product_brand?post=2379"},{"taxonomy":"product_cat","embeddable":true,"href":"https:\/\/hannaorganic.md\/ru\/wp-json\/wp\/v2\/product_cat?post=2379"},{"taxonomy":"product_tag","embeddable":true,"href":"https:\/\/hannaorganic.md\/ru\/wp-json\/wp\/v2\/product_tag?post=2379"}],"curies":[{"name":"wp","href":"https:\/\/api.w.org\/{rel}","templated":true}]}}