{"id":2381,"date":"2019-11-02T19:04:47","date_gmt":"2019-11-02T17:04:47","guid":{"rendered":"https:\/\/hannaorganic.md\/?post_type=product&#038;p=2381"},"modified":"2025-03-02T15:13:27","modified_gmt":"2025-03-02T13:13:27","slug":"cleansing-mousse-hydrating-peony-extract-mr-scrubber","status":"publish","type":"product","link":"https:\/\/hannaorganic.md\/ru\/produs\/cleansing-mousse-hydrating-peony-extract-mr-scrubber\/","title":{"rendered":"Cleansing Mousse Hydrating Peony Extract Mr.SCRUBBER"},"content":{"rendered":"<p>\u041d\u0435\u0436\u043d\u044b\u0439 \u043c\u0443\u0441\u0441 \u0441 \u044d\u043a\u0441\u0442\u0440\u0430\u043a\u0442\u043e\u043c \u043f\u0438\u043e\u043d\u0430 \u0434\u0435\u043b\u0438\u043a\u0430\u0442\u043d\u043e \u0438 \u0442\u0449\u0430\u0442\u0435\u043b\u044c\u043d\u043e \u0443\u0434\u0430\u043b\u044f\u0435\u0442 \u0437\u0430\u0433\u0440\u044f\u0437\u043d\u0435\u043d\u0438\u044f, \u043d\u043e\u0440\u043c\u0430\u043b\u0438\u0437\u0443\u0435\u0442 \u043e\u0431\u043c\u0435\u043d\u043d\u044b\u0435 \u043f\u0440\u043e\u0446\u0435\u0441\u0441\u044b \u0432 \u043a\u043e\u0436\u0435, \u043f\u043e\u0432\u044b\u0448\u0430\u0435\u0442 \u0435\u0435 \u0443\u043f\u0440\u0443\u0433\u043e\u0441\u0442\u044c \u0438 \u044d\u043b\u0430\u0441\u0442\u0438\u0447\u043d\u043e\u0441\u0442\u044c. \u0410\u0440\u0433\u0430\u043d\u043e\u0432\u043e\u0435 \u043c\u0430\u0441\u043b\u043e \u0432 \u0441\u043e\u0441\u0442\u0430\u0432\u0435 \u043f\u0440\u0435\u043a\u0440\u0430\u0441\u043d\u043e \u043f\u0438\u0442\u0430\u0435\u0442 \u043a\u043e\u0436\u0443, \u0441\u043d\u0438\u043c\u0430\u0435\u0442 \u0432\u043e\u0441\u043f\u0430\u043b\u0438\u0442\u0435\u043b\u044c\u043d\u044b\u0435 \u043f\u0440\u043e\u0446\u0435\u0441\u0441\u044b \u0438 \u0440\u0430\u0437\u0434\u0440\u0430\u0436\u0435\u043d\u0438\u044f. \u0411\u043b\u0430\u0433\u043e\u0434\u0430\u0440\u044f \u0432\u043e\u0437\u0434\u0443\u0448\u043d\u043e\u0439 \u0442\u0435\u043a\u0441\u0442\u0443\u0440\u0435 \u043c\u0443\u0441\u0441 \u043e\u0447\u0435\u043d\u044c \u043d\u0435\u0436\u043d\u043e \u043e\u0447\u0438\u0449\u0430\u0435\u0442 \u043b\u0438\u0446\u043e, \u0432\u043e\u0437\u0432\u0440\u0430\u0449\u0430\u0435\u0442 \u0435\u043c\u0443 \u0441\u0432\u0435\u0436\u0438\u0439, \u0440\u043e\u0432\u043d\u044b\u0439 \u0442\u043e\u043d. \u041b\u0435\u0433\u043a\u0430\u044f \u043f\u0435\u043d\u0430 \u043f\u043e\u043b\u0443\u0447\u0430\u0435\u0442\u0441\u044f \u0443\u0436\u0435 \u043e\u0442 \u043e\u0434\u043d\u043e\u0433\u043e \u043d\u0430\u0436\u0430\u0442\u0438\u044f \u0434\u043e\u0437\u0430\u0442\u043e\u0440\u0430, \u043d\u0435 \u0440\u0430\u0437\u0434\u0440\u0430\u0436\u0430\u0435\u0442 \u0434\u0430\u0436\u0435 \u0441\u0430\u043c\u0443\u044e \u0447\u0443\u0432\u0441\u0442\u0432\u0438\u0442\u0435\u043b\u044c\u043d\u0443\u044e \u043a\u043e\u0436\u0443 \u0438 \u043f\u043e\u0434\u0445\u043e\u0434\u0438\u0442 \u0434\u043b\u044f \u0435\u0436\u0435\u0434\u043d\u0435\u0432\u043d\u043e\u0433\u043e \u0443\u043c\u044b\u0432\u0430\u043d\u0438\u044f \u0443\u0442\u0440\u043e\u043c \u0438 \u0432\u0435\u0447\u0435\u0440\u043e\u043c.<\/p>\n<table class=\"product-features__table\">\n<tbody>\n<tr class=\"product-features__row\">\n<th class=\"product-features__cell product-features__cell--h\">\u0421\u043f\u043e\u0441\u043e\u0431 \u0438\u0441\u043f\u043e\u043b\u044c\u0437\u043e\u0432\u0430\u043d\u0438\u044f<\/th>\n<td class=\"product-features__cell\">\u041d\u0435\u0431\u043e\u043b\u044c\u0448\u043e\u0435 \u043a\u043e\u043b\u0438\u0447\u0435\u0441\u0442\u0432\u043e \u043c\u0443\u0441\u0441\u0430 \u043d\u0430\u043d\u0435\u0441\u0442\u0438 \u043d\u0430 \u0432\u043b\u0430\u0436\u043d\u0443\u044e \u043a\u043e\u0436\u0443 \u043b\u0438\u0446\u0430, \u0441\u043b\u0435\u0433\u043a\u0430 \u043f\u043e\u043c\u0430\u0441\u0441\u0438\u0440\u043e\u0432\u0430\u0442\u044c, \u0441\u043c\u044b\u0442\u044c \u0432\u043e\u0434\u043e\u0439. \u0418\u0437\u0431\u0435\u0433\u0430\u0442\u044c \u043f\u043e\u043f\u0430\u0434\u0430\u043d\u0438\u044f \u0432 \u0433\u043b\u0430\u0437\u0430.<\/td>\n<\/tr>\n<tr class=\"product-features__row\">\n<th class=\"product-features__cell product-features__cell--h\">\u0421\u043e\u0441\u0442\u0430\u0432<\/th>\n<td class=\"product-features__cell\">Water (aqua), Sodium Coco-sulfate, Olive (Oliva Europea) Oil PEG-7 Esters, Argania spinsosa (Argan) oil, Glycerin, Leptospermum scoparium (Manuka) oil, Paeonia Suffruticosa\/Paeonia Lactiflora Root Water, Paeonia glycolic extractum, Ethylhexylglycerin.<\/td>\n<\/tr>\n<tr class=\"product-features__row\">\n<th class=\"product-features__cell product-features__cell--h\">\u041e\u0431\u044a\u0435\u043c<\/th>\n<td class=\"product-features__cell\">150 \u043c\u043b<\/td>\n<\/tr>\n<tr class=\"product-features__row\">\n<th class=\"product-features__cell product-features__cell--h\">\u0412\u043e\u0437\u0440\u0430\u0441\u0442<\/th>\n<td class=\"product-features__cell\">18+<\/td>\n<\/tr>\n<tr class=\"product-features__row\">\n<th class=\"product-features__cell product-features__cell--h\">\u0412\u0438\u0434<\/th>\n<td class=\"product-features__cell\">\u041c\u0443\u0441\u0441<\/td>\n<\/tr>\n<\/tbody>\n<\/table>\n<p><video id=\"video-854-1_html5\" class=\"wp-video-shortcode\" src=\"http:\/\/www.mrscrubber.eu\/wp-content\/uploads\/2019\/03\/mr.scrubber.ukraine___Bwl2g9thpyD___.mp4?_=1\" preload=\"metadata\" width=\"480\" height=\"600\" data-mce-fragment=\"1\"><\/video><\/p>\n","protected":false},"excerpt":{"rendered":"<div class=\"resp-tab-content tab-grup resp-tab-content-active\" aria-labelledby=\"tab-grup_tab_item-0\">\n<div class=\"_descriptionTab __showDescription\">\n<p>Spum\u0103 bl\u00e2nd\u0103 pentru cur\u0103\u0163area delicat\u0103 a tenului. Con\u0163ine ulei pre\u0163ios de argan care hr\u0103ne\u015fte pielea \u00een profunzime \u015fi ulei esen\u0163ial de manuka, care tonific\u0103 \u015fi regenereaz\u0103. Extractul de bujor combate irita\u0163iile, amelioreaz\u0103 inflama\u0163iile \u015fi restabile\u015fte elasticitatea tenului. Potrivit pentru toate tipurile de ten, inclusiv cel sensibil.<\/p>\n<ol>\n<li>Aplic\u0103 o cantitate mic\u0103 de produs pe tenul umed.<\/li>\n<li>Maseaz\u0103 delicat cu mi\u015fc\u0103ri circulare.<\/li>\n<li>Cl\u0103te\u015fte cu ap\u0103 din abunden\u0163\u0103.<\/li>\n<li>ulei esen\u021bial de manuka<\/li>\n<li><strong>Pentru rezultate optime utilizeaz\u0103 produsul diminea\u021ba \u0219i seara.<\/strong><\/li>\n<\/ol>\n<\/div>\n<\/div>\n","protected":false},"featured_media":2382,"template":"","meta":[],"product_brand":[],"product_cat":[100,111,96],"product_tag":[],"class_list":{"0":"post-2381","1":"product","2":"type-product","3":"status-publish","4":"has-post-thumbnail","6":"product_cat-fata","7":"product_cat-face-wash","8":"product_cat-mrscrubber-md","10":"first","11":"instock","12":"shipping-taxable","13":"purchasable","14":"product-type-simple"},"yoast_head":"<!-- This site is optimized with the Yoast SEO plugin v27.5 - https:\/\/yoast.com\/product\/yoast-seo-wordpress\/ -->\n<title>Cleansing Mousse Hydrating Peony Extract Mr.SCRUBBER - HANNA ORGANIC<\/title>\n<meta name=\"robots\" content=\"index, follow, max-snippet:-1, max-image-preview:large, max-video-preview:-1\" \/>\n<link rel=\"canonical\" href=\"https:\/\/hannaorganic.md\/ru\/produs\/cleansing-mousse-hydrating-peony-extract-mr-scrubber\/\" \/>\n<meta property=\"og:locale\" content=\"ru_RU\" \/>\n<meta property=\"og:type\" content=\"article\" \/>\n<meta property=\"og:title\" content=\"Cleansing Mousse Hydrating Peony Extract Mr.SCRUBBER - HANNA ORGANIC\" \/>\n<meta property=\"og:description\" content=\"Spum\u0103 bl\u00e2nd\u0103 pentru cur\u0103\u0163area delicat\u0103 a tenului. Con\u0163ine ulei pre\u0163ios de argan care hr\u0103ne\u015fte pielea \u00een profunzime \u015fi ulei esen\u0163ial de manuka, care tonific\u0103 \u015fi regenereaz\u0103. Extractul de bujor combate irita\u0163iile, amelioreaz\u0103 inflama\u0163iile \u015fi restabile\u015fte elasticitatea tenului. Potrivit pentru toate tipurile de ten, inclusiv cel sensibil.   Aplic\u0103 o cantitate mic\u0103 de produs pe tenul umed.  Maseaz\u0103 delicat cu mi\u015fc\u0103ri circulare.  Cl\u0103te\u015fte cu ap\u0103 din abunden\u0163\u0103.  ulei esen\u021bial de manuka  Pentru rezultate optime utilizeaz\u0103 produsul diminea\u021ba \u0219i seara.\" \/>\n<meta property=\"og:url\" content=\"https:\/\/hannaorganic.md\/ru\/produs\/cleansing-mousse-hydrating-peony-extract-mr-scrubber\/\" \/>\n<meta property=\"og:site_name\" content=\"HANNA ORGANIC\" \/>\n<meta property=\"article:publisher\" content=\"https:\/\/www.facebook.com\/bluemagic.md\/\" \/>\n<meta property=\"article:modified_time\" content=\"2025-03-02T13:13:27+00:00\" \/>\n<meta property=\"og:image\" content=\"https:\/\/hannaorganic.md\/wp-content\/uploads\/2019\/11\/uvlazhnyaushchiy-muss-dlya-umyvaniya-hydrating-peony-extract-mr.scrubber-33440760509085.jpg\" \/>\n\t<meta property=\"og:image:width\" content=\"1200\" \/>\n\t<meta property=\"og:image:height\" content=\"1800\" \/>\n\t<meta property=\"og:image:type\" content=\"image\/jpeg\" \/>\n<meta name=\"twitter:card\" content=\"summary_large_image\" \/>\n<script type=\"application\/ld+json\" class=\"yoast-schema-graph\">{\"@context\":\"https:\\\/\\\/schema.org\",\"@graph\":[{\"@type\":\"WebPage\",\"@id\":\"https:\\\/\\\/hannaorganic.md\\\/ru\\\/produs\\\/cleansing-mousse-hydrating-peony-extract-mr-scrubber\\\/\",\"url\":\"https:\\\/\\\/hannaorganic.md\\\/ru\\\/produs\\\/cleansing-mousse-hydrating-peony-extract-mr-scrubber\\\/\",\"name\":\"Cleansing Mousse Hydrating Peony Extract Mr.SCRUBBER - HANNA ORGANIC\",\"isPartOf\":{\"@id\":\"https:\\\/\\\/hannaorganic.md\\\/ru\\\/#website\"},\"primaryImageOfPage\":{\"@id\":\"https:\\\/\\\/hannaorganic.md\\\/ru\\\/produs\\\/cleansing-mousse-hydrating-peony-extract-mr-scrubber\\\/#primaryimage\"},\"image\":{\"@id\":\"https:\\\/\\\/hannaorganic.md\\\/ru\\\/produs\\\/cleansing-mousse-hydrating-peony-extract-mr-scrubber\\\/#primaryimage\"},\"thumbnailUrl\":\"https:\\\/\\\/hannaorganic.md\\\/wp-content\\\/uploads\\\/2019\\\/11\\\/uvlazhnyaushchiy-muss-dlya-umyvaniya-hydrating-peony-extract-mr.scrubber-33440760509085.jpg\",\"datePublished\":\"2019-11-02T17:04:47+00:00\",\"dateModified\":\"2025-03-02T13:13:27+00:00\",\"breadcrumb\":{\"@id\":\"https:\\\/\\\/hannaorganic.md\\\/ru\\\/produs\\\/cleansing-mousse-hydrating-peony-extract-mr-scrubber\\\/#breadcrumb\"},\"inLanguage\":\"ru-RU\",\"potentialAction\":[{\"@type\":\"ReadAction\",\"target\":[\"https:\\\/\\\/hannaorganic.md\\\/ru\\\/produs\\\/cleansing-mousse-hydrating-peony-extract-mr-scrubber\\\/\"]}]},{\"@type\":\"ImageObject\",\"inLanguage\":\"ru-RU\",\"@id\":\"https:\\\/\\\/hannaorganic.md\\\/ru\\\/produs\\\/cleansing-mousse-hydrating-peony-extract-mr-scrubber\\\/#primaryimage\",\"url\":\"https:\\\/\\\/hannaorganic.md\\\/wp-content\\\/uploads\\\/2019\\\/11\\\/uvlazhnyaushchiy-muss-dlya-umyvaniya-hydrating-peony-extract-mr.scrubber-33440760509085.jpg\",\"contentUrl\":\"https:\\\/\\\/hannaorganic.md\\\/wp-content\\\/uploads\\\/2019\\\/11\\\/uvlazhnyaushchiy-muss-dlya-umyvaniya-hydrating-peony-extract-mr.scrubber-33440760509085.jpg\",\"width\":1200,\"height\":1800},{\"@type\":\"BreadcrumbList\",\"@id\":\"https:\\\/\\\/hannaorganic.md\\\/ru\\\/produs\\\/cleansing-mousse-hydrating-peony-extract-mr-scrubber\\\/#breadcrumb\",\"itemListElement\":[{\"@type\":\"ListItem\",\"position\":1,\"name\":\"Prima pagin\u0103\",\"item\":\"https:\\\/\\\/hannaorganic.md\\\/ru\\\/hanna-organic\\\/\"},{\"@type\":\"ListItem\",\"position\":2,\"name\":\"\u041c\u0430\u0433\u0430\u0437\u0438\u043d\",\"item\":\"https:\\\/\\\/hannaorganic.md\\\/ru\\\/shop\\\/\"},{\"@type\":\"ListItem\",\"position\":3,\"name\":\"Cleansing Mousse Hydrating Peony Extract Mr.SCRUBBER\"}]},{\"@type\":\"WebSite\",\"@id\":\"https:\\\/\\\/hannaorganic.md\\\/ru\\\/#website\",\"url\":\"https:\\\/\\\/hannaorganic.md\\\/ru\\\/\",\"name\":\"HANNA ORGANIC\",\"description\":\"Multi-Brand Cosmetic Store\",\"potentialAction\":[{\"@type\":\"SearchAction\",\"target\":{\"@type\":\"EntryPoint\",\"urlTemplate\":\"https:\\\/\\\/hannaorganic.md\\\/ru\\\/?s={search_term_string}\"},\"query-input\":{\"@type\":\"PropertyValueSpecification\",\"valueRequired\":true,\"valueName\":\"search_term_string\"}}],\"inLanguage\":\"ru-RU\"}]}<\/script>\n<!-- \/ Yoast SEO plugin. -->","yoast_head_json":{"title":"Cleansing Mousse Hydrating Peony Extract Mr.SCRUBBER - HANNA ORGANIC","robots":{"index":"index","follow":"follow","max-snippet":"max-snippet:-1","max-image-preview":"max-image-preview:large","max-video-preview":"max-video-preview:-1"},"canonical":"https:\/\/hannaorganic.md\/ru\/produs\/cleansing-mousse-hydrating-peony-extract-mr-scrubber\/","og_locale":"ru_RU","og_type":"article","og_title":"Cleansing Mousse Hydrating Peony Extract Mr.SCRUBBER - HANNA ORGANIC","og_description":"Spum\u0103 bl\u00e2nd\u0103 pentru cur\u0103\u0163area delicat\u0103 a tenului. Con\u0163ine ulei pre\u0163ios de argan care hr\u0103ne\u015fte pielea \u00een profunzime \u015fi ulei esen\u0163ial de manuka, care tonific\u0103 \u015fi regenereaz\u0103. Extractul de bujor combate irita\u0163iile, amelioreaz\u0103 inflama\u0163iile \u015fi restabile\u015fte elasticitatea tenului. Potrivit pentru toate tipurile de ten, inclusiv cel sensibil.   Aplic\u0103 o cantitate mic\u0103 de produs pe tenul umed.  Maseaz\u0103 delicat cu mi\u015fc\u0103ri circulare.  Cl\u0103te\u015fte cu ap\u0103 din abunden\u0163\u0103.  ulei esen\u021bial de manuka  Pentru rezultate optime utilizeaz\u0103 produsul diminea\u021ba \u0219i seara.","og_url":"https:\/\/hannaorganic.md\/ru\/produs\/cleansing-mousse-hydrating-peony-extract-mr-scrubber\/","og_site_name":"HANNA ORGANIC","article_publisher":"https:\/\/www.facebook.com\/bluemagic.md\/","article_modified_time":"2025-03-02T13:13:27+00:00","og_image":[{"width":1200,"height":1800,"url":"https:\/\/hannaorganic.md\/wp-content\/uploads\/2019\/11\/uvlazhnyaushchiy-muss-dlya-umyvaniya-hydrating-peony-extract-mr.scrubber-33440760509085.jpg","type":"image\/jpeg"}],"twitter_card":"summary_large_image","schema":{"@context":"https:\/\/schema.org","@graph":[{"@type":"WebPage","@id":"https:\/\/hannaorganic.md\/ru\/produs\/cleansing-mousse-hydrating-peony-extract-mr-scrubber\/","url":"https:\/\/hannaorganic.md\/ru\/produs\/cleansing-mousse-hydrating-peony-extract-mr-scrubber\/","name":"Cleansing Mousse Hydrating Peony Extract Mr.SCRUBBER - HANNA ORGANIC","isPartOf":{"@id":"https:\/\/hannaorganic.md\/ru\/#website"},"primaryImageOfPage":{"@id":"https:\/\/hannaorganic.md\/ru\/produs\/cleansing-mousse-hydrating-peony-extract-mr-scrubber\/#primaryimage"},"image":{"@id":"https:\/\/hannaorganic.md\/ru\/produs\/cleansing-mousse-hydrating-peony-extract-mr-scrubber\/#primaryimage"},"thumbnailUrl":"https:\/\/hannaorganic.md\/wp-content\/uploads\/2019\/11\/uvlazhnyaushchiy-muss-dlya-umyvaniya-hydrating-peony-extract-mr.scrubber-33440760509085.jpg","datePublished":"2019-11-02T17:04:47+00:00","dateModified":"2025-03-02T13:13:27+00:00","breadcrumb":{"@id":"https:\/\/hannaorganic.md\/ru\/produs\/cleansing-mousse-hydrating-peony-extract-mr-scrubber\/#breadcrumb"},"inLanguage":"ru-RU","potentialAction":[{"@type":"ReadAction","target":["https:\/\/hannaorganic.md\/ru\/produs\/cleansing-mousse-hydrating-peony-extract-mr-scrubber\/"]}]},{"@type":"ImageObject","inLanguage":"ru-RU","@id":"https:\/\/hannaorganic.md\/ru\/produs\/cleansing-mousse-hydrating-peony-extract-mr-scrubber\/#primaryimage","url":"https:\/\/hannaorganic.md\/wp-content\/uploads\/2019\/11\/uvlazhnyaushchiy-muss-dlya-umyvaniya-hydrating-peony-extract-mr.scrubber-33440760509085.jpg","contentUrl":"https:\/\/hannaorganic.md\/wp-content\/uploads\/2019\/11\/uvlazhnyaushchiy-muss-dlya-umyvaniya-hydrating-peony-extract-mr.scrubber-33440760509085.jpg","width":1200,"height":1800},{"@type":"BreadcrumbList","@id":"https:\/\/hannaorganic.md\/ru\/produs\/cleansing-mousse-hydrating-peony-extract-mr-scrubber\/#breadcrumb","itemListElement":[{"@type":"ListItem","position":1,"name":"Prima pagin\u0103","item":"https:\/\/hannaorganic.md\/ru\/hanna-organic\/"},{"@type":"ListItem","position":2,"name":"\u041c\u0430\u0433\u0430\u0437\u0438\u043d","item":"https:\/\/hannaorganic.md\/ru\/shop\/"},{"@type":"ListItem","position":3,"name":"Cleansing Mousse Hydrating Peony Extract Mr.SCRUBBER"}]},{"@type":"WebSite","@id":"https:\/\/hannaorganic.md\/ru\/#website","url":"https:\/\/hannaorganic.md\/ru\/","name":"HANNA ORGANIC","description":"Multi-Brand Cosmetic Store","potentialAction":[{"@type":"SearchAction","target":{"@type":"EntryPoint","urlTemplate":"https:\/\/hannaorganic.md\/ru\/?s={search_term_string}"},"query-input":{"@type":"PropertyValueSpecification","valueRequired":true,"valueName":"search_term_string"}}],"inLanguage":"ru-RU"}]}},"_links":{"self":[{"href":"https:\/\/hannaorganic.md\/ru\/wp-json\/wp\/v2\/product\/2381","targetHints":{"allow":["GET"]}}],"collection":[{"href":"https:\/\/hannaorganic.md\/ru\/wp-json\/wp\/v2\/product"}],"about":[{"href":"https:\/\/hannaorganic.md\/ru\/wp-json\/wp\/v2\/types\/product"}],"wp:featuredmedia":[{"embeddable":true,"href":"https:\/\/hannaorganic.md\/ru\/wp-json\/wp\/v2\/media\/2382"}],"wp:attachment":[{"href":"https:\/\/hannaorganic.md\/ru\/wp-json\/wp\/v2\/media?parent=2381"}],"wp:term":[{"taxonomy":"product_brand","embeddable":true,"href":"https:\/\/hannaorganic.md\/ru\/wp-json\/wp\/v2\/product_brand?post=2381"},{"taxonomy":"product_cat","embeddable":true,"href":"https:\/\/hannaorganic.md\/ru\/wp-json\/wp\/v2\/product_cat?post=2381"},{"taxonomy":"product_tag","embeddable":true,"href":"https:\/\/hannaorganic.md\/ru\/wp-json\/wp\/v2\/product_tag?post=2381"}],"curies":[{"name":"wp","href":"https:\/\/api.w.org\/{rel}","templated":true}]}}