{"id":24107,"date":"2020-12-05T21:37:55","date_gmt":"2020-12-05T19:37:55","guid":{"rendered":"https:\/\/hannaorganic.md\/?post_type=product&#038;p=24107"},"modified":"2025-08-05T08:53:29","modified_gmt":"2025-08-05T06:53:29","slug":"man-hair-body-2-in-1-mr-scrubber","status":"publish","type":"product","link":"https:\/\/hannaorganic.md\/ru\/produs\/man-hair-body-2-in-1-mr-scrubber\/","title":{"rendered":"Man Hair &amp; Body 2 in 1 Mr.SCRUBBER"},"content":{"rendered":"","protected":false},"excerpt":{"rendered":"<p>Creat special pentru b\u0103rba\u021bi, acest \u0219ampon cur\u0103\u021b\u0103 \u0219i hr\u0103ne\u0219te pielea cu deosebire. Uleiurile de rapi\u021b\u0103 \u0219i c\u00e2nep\u0103 contribuie la cre\u0219terea p\u0103rului s\u0103n\u0103tos, re\u00eemprosp\u0103teaz\u0103 scalpul, are efect antibacterian \u0219i elimin\u0103 m\u0103trea\u021ba.<\/p>\n","protected":false},"featured_media":24110,"template":"","meta":[],"product_brand":[],"product_cat":[267,265,96,92],"product_tag":[585],"class_list":{"0":"post-24107","1":"product","2":"type-product","3":"status-publish","4":"has-post-thumbnail","6":"product_cat-body","7":"product_cat-man","8":"product_cat-mrscrubber-md","9":"product_cat-toate-produsele","10":"product_tag-man","12":"first","13":"instock","14":"shipping-taxable","15":"purchasable","16":"product-type-simple"},"yoast_head":"<!-- This site is optimized with the Yoast SEO plugin v27.5 - https:\/\/yoast.com\/product\/yoast-seo-wordpress\/ -->\n<title>Man Hair &amp; Body 2 in 1 Mr.SCRUBBER - HANNA ORGANIC<\/title>\n<meta name=\"robots\" content=\"index, follow, max-snippet:-1, max-image-preview:large, max-video-preview:-1\" \/>\n<link rel=\"canonical\" href=\"https:\/\/hannaorganic.md\/ru\/produs\/man-hair-body-2-in-1-mr-scrubber\/\" \/>\n<meta property=\"og:locale\" content=\"ru_RU\" \/>\n<meta property=\"og:type\" content=\"article\" \/>\n<meta property=\"og:title\" content=\"Man Hair &amp; Body 2 in 1 Mr.SCRUBBER - HANNA ORGANIC\" \/>\n<meta property=\"og:description\" content=\"Creat special pentru b\u0103rba\u021bi, acest \u0219ampon cur\u0103\u021b\u0103 \u0219i hr\u0103ne\u0219te pielea cu deosebire. Uleiurile de rapi\u021b\u0103 \u0219i c\u00e2nep\u0103 contribuie la cre\u0219terea p\u0103rului s\u0103n\u0103tos, re\u00eemprosp\u0103teaz\u0103 scalpul, are efect antibacterian \u0219i elimin\u0103 m\u0103trea\u021ba.\" \/>\n<meta property=\"og:url\" content=\"https:\/\/hannaorganic.md\/ru\/produs\/man-hair-body-2-in-1-mr-scrubber\/\" \/>\n<meta property=\"og:site_name\" content=\"HANNA ORGANIC\" \/>\n<meta property=\"article:publisher\" content=\"https:\/\/www.facebook.com\/bluemagic.md\/\" \/>\n<meta property=\"article:modified_time\" content=\"2025-08-05T06:53:29+00:00\" \/>\n<meta property=\"og:image\" content=\"https:\/\/hannaorganic.md\/wp-content\/uploads\/2020\/12\/shampun-dlya-tela-i-volos-man-hair-body-2-in-1-mr.scrubber-38499017511771.png\" \/>\n\t<meta property=\"og:image:width\" content=\"1000\" \/>\n\t<meta property=\"og:image:height\" content=\"1000\" \/>\n\t<meta property=\"og:image:type\" content=\"image\/png\" \/>\n<meta name=\"twitter:card\" content=\"summary_large_image\" \/>\n<script type=\"application\/ld+json\" class=\"yoast-schema-graph\">{\"@context\":\"https:\\\/\\\/schema.org\",\"@graph\":[{\"@type\":\"WebPage\",\"@id\":\"https:\\\/\\\/hannaorganic.md\\\/ru\\\/produs\\\/man-hair-body-2-in-1-mr-scrubber\\\/\",\"url\":\"https:\\\/\\\/hannaorganic.md\\\/ru\\\/produs\\\/man-hair-body-2-in-1-mr-scrubber\\\/\",\"name\":\"Man Hair &amp; Body 2 in 1 Mr.SCRUBBER - HANNA ORGANIC\",\"isPartOf\":{\"@id\":\"https:\\\/\\\/hannaorganic.md\\\/ru\\\/#website\"},\"primaryImageOfPage\":{\"@id\":\"https:\\\/\\\/hannaorganic.md\\\/ru\\\/produs\\\/man-hair-body-2-in-1-mr-scrubber\\\/#primaryimage\"},\"image\":{\"@id\":\"https:\\\/\\\/hannaorganic.md\\\/ru\\\/produs\\\/man-hair-body-2-in-1-mr-scrubber\\\/#primaryimage\"},\"thumbnailUrl\":\"https:\\\/\\\/hannaorganic.md\\\/wp-content\\\/uploads\\\/2020\\\/12\\\/shampun-dlya-tela-i-volos-man-hair-body-2-in-1-mr.scrubber-38499017511771.png\",\"datePublished\":\"2020-12-05T19:37:55+00:00\",\"dateModified\":\"2025-08-05T06:53:29+00:00\",\"breadcrumb\":{\"@id\":\"https:\\\/\\\/hannaorganic.md\\\/ru\\\/produs\\\/man-hair-body-2-in-1-mr-scrubber\\\/#breadcrumb\"},\"inLanguage\":\"ru-RU\",\"potentialAction\":[{\"@type\":\"ReadAction\",\"target\":[\"https:\\\/\\\/hannaorganic.md\\\/ru\\\/produs\\\/man-hair-body-2-in-1-mr-scrubber\\\/\"]}]},{\"@type\":\"ImageObject\",\"inLanguage\":\"ru-RU\",\"@id\":\"https:\\\/\\\/hannaorganic.md\\\/ru\\\/produs\\\/man-hair-body-2-in-1-mr-scrubber\\\/#primaryimage\",\"url\":\"https:\\\/\\\/hannaorganic.md\\\/wp-content\\\/uploads\\\/2020\\\/12\\\/shampun-dlya-tela-i-volos-man-hair-body-2-in-1-mr.scrubber-38499017511771.png\",\"contentUrl\":\"https:\\\/\\\/hannaorganic.md\\\/wp-content\\\/uploads\\\/2020\\\/12\\\/shampun-dlya-tela-i-volos-man-hair-body-2-in-1-mr.scrubber-38499017511771.png\",\"width\":1000,\"height\":1000},{\"@type\":\"BreadcrumbList\",\"@id\":\"https:\\\/\\\/hannaorganic.md\\\/ru\\\/produs\\\/man-hair-body-2-in-1-mr-scrubber\\\/#breadcrumb\",\"itemListElement\":[{\"@type\":\"ListItem\",\"position\":1,\"name\":\"Prima pagin\u0103\",\"item\":\"https:\\\/\\\/hannaorganic.md\\\/ru\\\/hanna-organic\\\/\"},{\"@type\":\"ListItem\",\"position\":2,\"name\":\"\u041c\u0430\u0433\u0430\u0437\u0438\u043d\",\"item\":\"https:\\\/\\\/hannaorganic.md\\\/ru\\\/shop\\\/\"},{\"@type\":\"ListItem\",\"position\":3,\"name\":\"Man Hair &amp; Body 2 in 1 Mr.SCRUBBER\"}]},{\"@type\":\"WebSite\",\"@id\":\"https:\\\/\\\/hannaorganic.md\\\/ru\\\/#website\",\"url\":\"https:\\\/\\\/hannaorganic.md\\\/ru\\\/\",\"name\":\"HANNA ORGANIC\",\"description\":\"Multi-Brand Cosmetic Store\",\"potentialAction\":[{\"@type\":\"SearchAction\",\"target\":{\"@type\":\"EntryPoint\",\"urlTemplate\":\"https:\\\/\\\/hannaorganic.md\\\/ru\\\/?s={search_term_string}\"},\"query-input\":{\"@type\":\"PropertyValueSpecification\",\"valueRequired\":true,\"valueName\":\"search_term_string\"}}],\"inLanguage\":\"ru-RU\"}]}<\/script>\n<!-- \/ Yoast SEO plugin. -->","yoast_head_json":{"title":"Man Hair &amp; Body 2 in 1 Mr.SCRUBBER - HANNA ORGANIC","robots":{"index":"index","follow":"follow","max-snippet":"max-snippet:-1","max-image-preview":"max-image-preview:large","max-video-preview":"max-video-preview:-1"},"canonical":"https:\/\/hannaorganic.md\/ru\/produs\/man-hair-body-2-in-1-mr-scrubber\/","og_locale":"ru_RU","og_type":"article","og_title":"Man Hair &amp; Body 2 in 1 Mr.SCRUBBER - HANNA ORGANIC","og_description":"Creat special pentru b\u0103rba\u021bi, acest \u0219ampon cur\u0103\u021b\u0103 \u0219i hr\u0103ne\u0219te pielea cu deosebire. Uleiurile de rapi\u021b\u0103 \u0219i c\u00e2nep\u0103 contribuie la cre\u0219terea p\u0103rului s\u0103n\u0103tos, re\u00eemprosp\u0103teaz\u0103 scalpul, are efect antibacterian \u0219i elimin\u0103 m\u0103trea\u021ba.","og_url":"https:\/\/hannaorganic.md\/ru\/produs\/man-hair-body-2-in-1-mr-scrubber\/","og_site_name":"HANNA ORGANIC","article_publisher":"https:\/\/www.facebook.com\/bluemagic.md\/","article_modified_time":"2025-08-05T06:53:29+00:00","og_image":[{"width":1000,"height":1000,"url":"https:\/\/hannaorganic.md\/wp-content\/uploads\/2020\/12\/shampun-dlya-tela-i-volos-man-hair-body-2-in-1-mr.scrubber-38499017511771.png","type":"image\/png"}],"twitter_card":"summary_large_image","schema":{"@context":"https:\/\/schema.org","@graph":[{"@type":"WebPage","@id":"https:\/\/hannaorganic.md\/ru\/produs\/man-hair-body-2-in-1-mr-scrubber\/","url":"https:\/\/hannaorganic.md\/ru\/produs\/man-hair-body-2-in-1-mr-scrubber\/","name":"Man Hair &amp; Body 2 in 1 Mr.SCRUBBER - HANNA ORGANIC","isPartOf":{"@id":"https:\/\/hannaorganic.md\/ru\/#website"},"primaryImageOfPage":{"@id":"https:\/\/hannaorganic.md\/ru\/produs\/man-hair-body-2-in-1-mr-scrubber\/#primaryimage"},"image":{"@id":"https:\/\/hannaorganic.md\/ru\/produs\/man-hair-body-2-in-1-mr-scrubber\/#primaryimage"},"thumbnailUrl":"https:\/\/hannaorganic.md\/wp-content\/uploads\/2020\/12\/shampun-dlya-tela-i-volos-man-hair-body-2-in-1-mr.scrubber-38499017511771.png","datePublished":"2020-12-05T19:37:55+00:00","dateModified":"2025-08-05T06:53:29+00:00","breadcrumb":{"@id":"https:\/\/hannaorganic.md\/ru\/produs\/man-hair-body-2-in-1-mr-scrubber\/#breadcrumb"},"inLanguage":"ru-RU","potentialAction":[{"@type":"ReadAction","target":["https:\/\/hannaorganic.md\/ru\/produs\/man-hair-body-2-in-1-mr-scrubber\/"]}]},{"@type":"ImageObject","inLanguage":"ru-RU","@id":"https:\/\/hannaorganic.md\/ru\/produs\/man-hair-body-2-in-1-mr-scrubber\/#primaryimage","url":"https:\/\/hannaorganic.md\/wp-content\/uploads\/2020\/12\/shampun-dlya-tela-i-volos-man-hair-body-2-in-1-mr.scrubber-38499017511771.png","contentUrl":"https:\/\/hannaorganic.md\/wp-content\/uploads\/2020\/12\/shampun-dlya-tela-i-volos-man-hair-body-2-in-1-mr.scrubber-38499017511771.png","width":1000,"height":1000},{"@type":"BreadcrumbList","@id":"https:\/\/hannaorganic.md\/ru\/produs\/man-hair-body-2-in-1-mr-scrubber\/#breadcrumb","itemListElement":[{"@type":"ListItem","position":1,"name":"Prima pagin\u0103","item":"https:\/\/hannaorganic.md\/ru\/hanna-organic\/"},{"@type":"ListItem","position":2,"name":"\u041c\u0430\u0433\u0430\u0437\u0438\u043d","item":"https:\/\/hannaorganic.md\/ru\/shop\/"},{"@type":"ListItem","position":3,"name":"Man Hair &amp; Body 2 in 1 Mr.SCRUBBER"}]},{"@type":"WebSite","@id":"https:\/\/hannaorganic.md\/ru\/#website","url":"https:\/\/hannaorganic.md\/ru\/","name":"HANNA ORGANIC","description":"Multi-Brand Cosmetic Store","potentialAction":[{"@type":"SearchAction","target":{"@type":"EntryPoint","urlTemplate":"https:\/\/hannaorganic.md\/ru\/?s={search_term_string}"},"query-input":{"@type":"PropertyValueSpecification","valueRequired":true,"valueName":"search_term_string"}}],"inLanguage":"ru-RU"}]}},"_links":{"self":[{"href":"https:\/\/hannaorganic.md\/ru\/wp-json\/wp\/v2\/product\/24107","targetHints":{"allow":["GET"]}}],"collection":[{"href":"https:\/\/hannaorganic.md\/ru\/wp-json\/wp\/v2\/product"}],"about":[{"href":"https:\/\/hannaorganic.md\/ru\/wp-json\/wp\/v2\/types\/product"}],"wp:featuredmedia":[{"embeddable":true,"href":"https:\/\/hannaorganic.md\/ru\/wp-json\/wp\/v2\/media\/24110"}],"wp:attachment":[{"href":"https:\/\/hannaorganic.md\/ru\/wp-json\/wp\/v2\/media?parent=24107"}],"wp:term":[{"taxonomy":"product_brand","embeddable":true,"href":"https:\/\/hannaorganic.md\/ru\/wp-json\/wp\/v2\/product_brand?post=24107"},{"taxonomy":"product_cat","embeddable":true,"href":"https:\/\/hannaorganic.md\/ru\/wp-json\/wp\/v2\/product_cat?post=24107"},{"taxonomy":"product_tag","embeddable":true,"href":"https:\/\/hannaorganic.md\/ru\/wp-json\/wp\/v2\/product_tag?post=24107"}],"curies":[{"name":"wp","href":"https:\/\/api.w.org\/{rel}","templated":true}]}}