{"id":31774,"date":"2021-04-20T10:22:39","date_gmt":"2021-04-20T08:22:39","guid":{"rendered":"https:\/\/hannaorganic.md\/produs\/brow-scrub-brow-artist-mr-scrubber\/"},"modified":"2021-04-20T10:22:39","modified_gmt":"2021-04-20T08:22:39","slug":"brow-scrub-brow-artist-mr-scrubber","status":"publish","type":"product","link":"https:\/\/hannaorganic.md\/ru\/produs\/brow-scrub-brow-artist-mr-scrubber\/","title":{"rendered":"Brow Scrub Brow Artist Mr.SCRUBBER"},"content":{"rendered":"<div class=\"product__column-item\" data-view-block=\"group_2\">\n<div class=\"product__group \">\n<div class=\"product__group-item\">\n<div data-view-block=\"group_2.characteristics\">\n<div class=\"product__section\">\n<div class=\"product-features\">\n<table class=\"product-features__table\">\n<tbody>\n<tr class=\"product-features__row\">\n<th class=\"product-features__cell product-features__cell--h\">\u0421\u043a\u043b\u0430\u0434<\/th>\n<td class=\"product-features__cell\">Aqua, Sodium Bicarbonate, Sodium cocoyl isethionate, Cocamidopropyl betaine, Stearic acid, Isopropyl Palmitate, Glycerin (99.5%), Phenoxyethanol, Perfume.<\/td>\n<\/tr>\n<tr class=\"product-features__row\">\n<th class=\"product-features__cell product-features__cell--h\">\u0421\u043f\u043e\u0441\u043e\u0431 \u043f\u0440\u0438\u043c\u0435\u043d\u0435\u043d\u0438\u044f<\/th>\n<td class=\"product-features__cell\">\u041d\u0435\u0431\u043e\u043b\u044c\u0448\u043e\u0435 \u043a\u043e\u043b\u0438\u0447\u0435\u0441\u0442\u0432\u043e \u0441\u0440\u0435\u0434\u0441\u0442\u0432\u0430 \u043d\u0430\u043d\u0435\u0441\u0442\u0438 \u043d\u0430 \u0431\u0440\u043e\u0432\u0438 \u043d\u0435\u0436\u043d\u044b\u043c\u0438 \u043c\u0430\u0441\u0441\u0438\u0440\u0443\u044e\u0449\u0438\u043c\u0438 \u0434\u0432\u0438\u0436\u0435\u043d\u0438\u044f\u043c\u0438. \u0421\u043c\u044b\u0442\u044c \u0431\u043e\u043b\u044c\u0448\u0438\u043c \u043a\u043e\u043b\u0438\u0447\u0435\u0441\u0442\u0432\u043e\u043c \u0442\u0435\u043f\u043b\u043e\u0439 \u0432\u043e\u0434\u044b. \u0418\u0437\u0431\u0435\u0433\u0430\u0442\u044c \u043f\u043e\u043f\u0430\u0434\u0430\u043d\u0438\u044f \u0432 \u0433\u043b\u0430\u0437\u0430. \u041f\u0440\u0438 \u043f\u043e\u043f\u0430\u0434\u0430\u043d\u0438\u0438 \u0432 \u0433\u043b\u0430\u0437\u0430 \u043f\u0440\u043e\u043c\u044b\u0442\u044c \u0431\u043e\u043b\u044c\u0448\u0438\u043c \u043a\u043e\u043b\u0438\u0447\u0435\u0441\u0442\u0432\u043e\u043c \u043f\u0440\u043e\u0442\u043e\u0447\u043d\u043e\u0439 \u0432\u043e\u0434\u044b.<\/td>\n<\/tr>\n<tr class=\"product-features__row\">\n<th class=\"product-features__cell product-features__cell--h\">\u041e\u0431\u044a\u0435\u043c<\/th>\n<td class=\"product-features__cell\">40 g 1,3 fl. oz<\/td>\n<\/tr>\n<tr class=\"product-features__row\">\n<th class=\"product-features__cell product-features__cell--h\">\u0412\u043e\u0437\u0440\u0430\u0441\u0442<\/th>\n<td class=\"product-features__cell\">18+<\/td>\n<\/tr>\n<\/tbody>\n<\/table>\n<\/div>\n<\/div>\n<\/div>\n<\/div>\n<\/div>\n<\/div>\n<div class=\"product__column-item\" data-view-block=\"group_4\">\n<div class=\"product__group product__group--tabs\">\n<div class=\"product-heading product-heading--first\">\n<h3>\u041a\u0430\u043a \u0440\u0430\u0431\u043e\u0442\u0430\u0435\u0442:<\/h3>\n<ul>\n<li>\u0441\u043e\u0434\u0430 &#8212; \u043e\u0447\u0435\u043d\u044c \u0434\u0435\u043b\u0438\u043a\u0430\u0442\u043d\u044b\u0439 \u044d\u043a\u0441\u0444\u043e\u043b\u0438\u0430\u043d\u0442, \u043a\u043e\u0442\u043e\u0440\u044b\u0439 \u043d\u0435\u0436\u043d\u043e \u0432\u043e\u0437\u0434\u0435\u0439\u0441\u0442\u0432\u0443\u0435\u0442 \u043d\u0430 \u0432\u0435\u0440\u0445\u043d\u0438\u0439 \u0441\u043b\u043e\u0439 \u044d\u043f\u0438\u0434\u0435\u0440\u043c\u0438\u0441\u0430, \u043e\u0447\u0438\u0449\u0430\u0435\u0442 \u043a\u043e\u0436\u0443 \u043e\u0442 \u0432\u0441\u0435\u0445 \u0432\u0438\u0434\u043e\u0432 \u0437\u0430\u0433\u0440\u044f\u0437\u043d\u0435\u043d\u0438\u0439, \u0440\u0430\u0437\u0433\u043b\u0430\u0436\u0438\u0432\u0430\u0435\u0442 \u0438 \u0441\u043c\u044f\u0433\u0447\u0430\u0435\u0442 \u0435\u0435. \u0423\u0441\u0442\u0440\u0430\u043d\u044f\u0435\u0442 \u0440\u0430\u0437\u0434\u0440\u0430\u0436\u0435\u043d\u0438\u0435 \u0438 \u0432\u043e\u0441\u043f\u0430\u043b\u0438\u0442\u0435\u043b\u044c\u043d\u044b\u0435 \u043f\u0440\u043e\u0446\u0435\u0441\u0441\u044b, \u0441\u043f\u043e\u0441\u043e\u0431\u0441\u0442\u0432\u0443\u0435\u0442 \u0431\u044b\u0441\u0442\u0440\u043e\u043c\u0443 \u0437\u0430\u0436\u0438\u0432\u043b\u0435\u043d\u0438\u044e \u043c\u0438\u043a\u0440\u043e\u043f\u043e\u0432\u0440\u0435\u0436\u0434\u0435\u043d\u0438\u0439;<\/li>\n<li>\u0433\u043b\u0438\u0446\u0435\u0440\u0438\u043d \u0433\u043b\u0443\u0431\u043e\u043a\u043e \u0443\u0432\u043b\u0430\u0436\u043d\u044f\u0435\u0442 \u043a\u043e\u0436\u0443, \u0443\u0441\u043a\u043e\u0440\u044f\u0435\u0442 \u043f\u0440\u043e\u0446\u0435\u0441\u0441\u044b \u043c\u0435\u0441\u0442\u043d\u043e\u0433\u043e \u043c\u0435\u0442\u0430\u0431\u043e\u043b\u0438\u0437\u043c\u0430, \u0442\u0440\u0430\u043d\u0441\u043f\u043e\u0440\u0442\u0438\u0440\u0443\u0435\u0442 \u043f\u043e\u043b\u0435\u0437\u043d\u044b\u0435 \u0432\u0435\u0449\u0435\u0441\u0442\u0432\u0430 \u0432 \u0433\u043b\u0443\u0431\u043e\u043a\u0438\u0435 \u0441\u043b\u043e\u0438 \u0434\u0435\u0440\u043c\u044b, \u0432\u044b\u0440\u0430\u0432\u043d\u0438\u0432\u0430\u0435\u0442 \u0438 \u0441\u043c\u044f\u0433\u0447\u0430\u0435\u0442 \u043a\u043e\u0436\u0443, \u043e\u0431\u0435\u0441\u043f\u0435\u0447\u0438\u0432\u0430\u0435\u0442 \u043b\u0435\u0433\u043a\u0438\u0439 \u0435\u0441\u0442\u0435\u0441\u0442\u0432\u0435\u043d\u043d\u044b\u0439 \u043b\u0438\u0444\u0442\u0438\u043d\u0433.<\/li>\n<\/ul>\n<h3>\u042d\u0444\u0444\u0435\u043a\u0442:<\/h3>\n<ul>\n<li>\u0440\u0430\u0437\u0433\u043b\u0430\u0436\u0438\u0432\u0430\u043d\u0438\u0435 \u0438 \u0441\u043c\u044f\u0433\u0447\u0435\u043d\u0438\u0435 \u043a\u043e\u0436\u0438;<\/li>\n<li>\u0443\u0432\u043b\u0430\u0436\u043d\u0435\u043d\u0438\u0435 \u0438 \u0443\u0441\u043a\u043e\u0440\u0435\u043d\u0438\u0435 \u0440\u043e\u0441\u0442\u0430 \u0431\u0440\u043e\u0432\u0435\u0439;<\/li>\n<li>\u043f\u043e\u0432\u044b\u0448\u0435\u043d\u0438\u0435 \u043a\u0430\u0447\u0435\u0441\u0442\u0432\u0430 \u043e\u043a\u0440\u0430\u0448\u0438\u0432\u0430\u043d\u0438\u044f.<\/li>\n<\/ul>\n<\/div>\n<\/div>\n<\/div>\n","protected":false},"excerpt":{"rendered":"<p>\u041f\u0440\u043e\u0444\u0435\u0441\u0441\u0438\u043e\u043d\u0430\u043b\u044c\u043d\u044b\u0439 \u0441\u043a\u0440\u0430\u0431 \u0434\u043b\u044f \u0431\u0440\u043e\u0432\u0435\u0439 Brow Artist \u0434\u0435\u043b\u0438\u043a\u0430\u0442\u043d\u043e \u0438 \u0442\u0449\u0430\u0442\u0435\u043b\u044c\u043d\u043e \u043e\u0447\u0438\u0449\u0430\u0435\u0442 \u0437\u043e\u043d\u0443 \u0431\u0440\u043e\u0432\u0435\u0439 \u043e\u0442 \u043e\u043c\u0435\u0440\u0442\u0432\u0435\u0432\u0448\u0438\u0445 \u043a\u043b\u0435\u0442\u043e\u043a \u0438 \u043e\u0441\u0442\u0430\u0442\u043a\u043e\u0432 \u043c\u0430\u043a\u0438\u044f\u0436\u0430. \u0423\u043b\u0443\u0447\u0448\u0430\u0435\u0442 \u043f\u0438\u0442\u0430\u043d\u0438\u0435 \u0432\u043e\u043b\u043e\u0441\u044f\u043d\u044b\u0445 \u043b\u0443\u043a\u043e\u0432\u0438\u0446, \u0443\u0441\u043a\u043e\u0440\u044f\u0435\u0442 \u0440\u043e\u0441\u0442 \u0438 \u0443\u0432\u0435\u043b\u0438\u0447\u0438\u0432\u0430\u0435\u0442 \u0433\u0443\u0441\u0442\u043e\u0442\u0443 \u0431\u0440\u043e\u0432\u0435\u0439. \u041d\u0430\u0441\u044b\u0449\u0430\u0435\u0442 \u043a\u043e\u0436\u0443 \u043a\u0438\u0441\u043b\u043e\u0440\u043e\u0434\u043e\u043c, \u0443\u0432\u043b\u0430\u0436\u043d\u044f\u0435\u0442 \u0438 \u0440\u0430\u0437\u0433\u043b\u0430\u0436\u0438\u0432\u0430\u0435\u0442 \u0435\u0435, \u0437\u0430\u043c\u0435\u0442\u043d\u043e \u0443\u043b\u0443\u0447\u0448\u0430\u0435\u0442 \u0440\u0430\u0432\u043d\u043e\u043c\u0435\u0440\u043d\u043e\u0441\u0442\u044c \u0438 \u0443\u0441\u0442\u043e\u0439\u0447\u0438\u0432\u043e\u0441\u0442\u044c \u043e\u043a\u0440\u0430\u0448\u0438\u0432\u0430\u043d\u0438\u0435 \u0431\u0440\u043e\u0432\u0435\u0439.<\/p>\n","protected":false},"featured_media":30988,"template":"","meta":[],"product_brand":[],"product_cat":[342,320,281],"product_tag":[590,589],"class_list":{"0":"post-31774","1":"product","2":"type-product","3":"status-publish","4":"has-post-thumbnail","6":"product_cat-mr-scrubber","7":"product_cat-lash-and-brows","8":"product_cat-281","9":"product_tag-14-ru","10":"product_tag-brow-artist-ru","12":"first","13":"outofstock","14":"shipping-taxable","15":"purchasable","16":"product-type-simple"},"yoast_head":"<!-- This site is optimized with the Yoast SEO plugin v27.5 - https:\/\/yoast.com\/product\/yoast-seo-wordpress\/ -->\n<title>Brow Scrub Brow Artist Mr.SCRUBBER - HANNA ORGANIC<\/title>\n<meta name=\"description\" content=\"Brow Scrub Brow Artist Mr.SCRUBBER Scrubul pentru spr\u00e2ncene Brow Artist cur\u0103\u021b\u0103 delicat \u0219i temeinic zona spr\u00e2ncenelor de celulele moarte \u0219i de resturile de machiaj. \u00cembun\u0103t\u0103\u021be\u0219te nutri\u021bia foliculilor de p\u0103r, accelereaz\u0103 cre\u0219terea \u0219i cre\u0219te densitatea spr\u00e2ncenelor. Satureaz\u0103 pielea cu oxigen, o hidrateaz\u0103 \u0219i o netezeste, \u00eembun\u0103t\u0103\u021be\u0219te considerabil uniformitatea \u0219i durabilitatea color\u0103rii spr\u00e2ncenelor.\" \/>\n<meta name=\"robots\" content=\"index, follow, max-snippet:-1, max-image-preview:large, max-video-preview:-1\" \/>\n<link rel=\"canonical\" href=\"https:\/\/hannaorganic.md\/ru\/produs\/brow-scrub-brow-artist-mr-scrubber\/\" \/>\n<meta property=\"og:locale\" content=\"ru_RU\" \/>\n<meta property=\"og:type\" content=\"article\" \/>\n<meta property=\"og:title\" content=\"Brow Scrub Brow Artist Mr.SCRUBBER - HANNA ORGANIC\" \/>\n<meta property=\"og:description\" content=\"Brow Scrub Brow Artist Mr.SCRUBBER Scrubul pentru spr\u00e2ncene Brow Artist cur\u0103\u021b\u0103 delicat \u0219i temeinic zona spr\u00e2ncenelor de celulele moarte \u0219i de resturile de machiaj. \u00cembun\u0103t\u0103\u021be\u0219te nutri\u021bia foliculilor de p\u0103r, accelereaz\u0103 cre\u0219terea \u0219i cre\u0219te densitatea spr\u00e2ncenelor. Satureaz\u0103 pielea cu oxigen, o hidrateaz\u0103 \u0219i o netezeste, \u00eembun\u0103t\u0103\u021be\u0219te considerabil uniformitatea \u0219i durabilitatea color\u0103rii spr\u00e2ncenelor.\" \/>\n<meta property=\"og:url\" content=\"https:\/\/hannaorganic.md\/ru\/produs\/brow-scrub-brow-artist-mr-scrubber\/\" \/>\n<meta property=\"og:site_name\" content=\"HANNA ORGANIC\" \/>\n<meta property=\"article:publisher\" content=\"https:\/\/www.facebook.com\/bluemagic.md\/\" \/>\n<meta property=\"og:image\" content=\"https:\/\/hannaorganic.md\/wp-content\/uploads\/2021\/01\/profesiyniy-skrab-dlya-briv-brow-artist-mr.scrubber-82490539671294-1.jpg\" \/>\n\t<meta property=\"og:image:width\" content=\"1000\" \/>\n\t<meta property=\"og:image:height\" content=\"1000\" \/>\n\t<meta property=\"og:image:type\" content=\"image\/jpeg\" \/>\n<meta name=\"twitter:card\" content=\"summary_large_image\" \/>\n<script type=\"application\/ld+json\" class=\"yoast-schema-graph\">{\"@context\":\"https:\\\/\\\/schema.org\",\"@graph\":[{\"@type\":\"WebPage\",\"@id\":\"https:\\\/\\\/hannaorganic.md\\\/ru\\\/produs\\\/brow-scrub-brow-artist-mr-scrubber\\\/\",\"url\":\"https:\\\/\\\/hannaorganic.md\\\/ru\\\/produs\\\/brow-scrub-brow-artist-mr-scrubber\\\/\",\"name\":\"Brow Scrub Brow Artist Mr.SCRUBBER - HANNA ORGANIC\",\"isPartOf\":{\"@id\":\"https:\\\/\\\/hannaorganic.md\\\/ru\\\/#website\"},\"primaryImageOfPage\":{\"@id\":\"https:\\\/\\\/hannaorganic.md\\\/ru\\\/produs\\\/brow-scrub-brow-artist-mr-scrubber\\\/#primaryimage\"},\"image\":{\"@id\":\"https:\\\/\\\/hannaorganic.md\\\/ru\\\/produs\\\/brow-scrub-brow-artist-mr-scrubber\\\/#primaryimage\"},\"thumbnailUrl\":\"https:\\\/\\\/hannaorganic.md\\\/wp-content\\\/uploads\\\/2021\\\/01\\\/profesiyniy-skrab-dlya-briv-brow-artist-mr.scrubber-82490539671294-1.jpg\",\"datePublished\":\"2021-04-20T08:22:39+00:00\",\"description\":\"Brow Scrub Brow Artist Mr.SCRUBBER Scrubul pentru spr\u00e2ncene Brow Artist cur\u0103\u021b\u0103 delicat \u0219i temeinic zona spr\u00e2ncenelor de celulele moarte \u0219i de resturile de machiaj. \u00cembun\u0103t\u0103\u021be\u0219te nutri\u021bia foliculilor de p\u0103r, accelereaz\u0103 cre\u0219terea \u0219i cre\u0219te densitatea spr\u00e2ncenelor. Satureaz\u0103 pielea cu oxigen, o hidrateaz\u0103 \u0219i o netezeste, \u00eembun\u0103t\u0103\u021be\u0219te considerabil uniformitatea \u0219i durabilitatea color\u0103rii spr\u00e2ncenelor.\",\"breadcrumb\":{\"@id\":\"https:\\\/\\\/hannaorganic.md\\\/ru\\\/produs\\\/brow-scrub-brow-artist-mr-scrubber\\\/#breadcrumb\"},\"inLanguage\":\"ru-RU\",\"potentialAction\":[{\"@type\":\"ReadAction\",\"target\":[\"https:\\\/\\\/hannaorganic.md\\\/ru\\\/produs\\\/brow-scrub-brow-artist-mr-scrubber\\\/\"]}]},{\"@type\":\"ImageObject\",\"inLanguage\":\"ru-RU\",\"@id\":\"https:\\\/\\\/hannaorganic.md\\\/ru\\\/produs\\\/brow-scrub-brow-artist-mr-scrubber\\\/#primaryimage\",\"url\":\"https:\\\/\\\/hannaorganic.md\\\/wp-content\\\/uploads\\\/2021\\\/01\\\/profesiyniy-skrab-dlya-briv-brow-artist-mr.scrubber-82490539671294-1.jpg\",\"contentUrl\":\"https:\\\/\\\/hannaorganic.md\\\/wp-content\\\/uploads\\\/2021\\\/01\\\/profesiyniy-skrab-dlya-briv-brow-artist-mr.scrubber-82490539671294-1.jpg\",\"width\":1000,\"height\":1000},{\"@type\":\"BreadcrumbList\",\"@id\":\"https:\\\/\\\/hannaorganic.md\\\/ru\\\/produs\\\/brow-scrub-brow-artist-mr-scrubber\\\/#breadcrumb\",\"itemListElement\":[{\"@type\":\"ListItem\",\"position\":1,\"name\":\"Prima pagin\u0103\",\"item\":\"https:\\\/\\\/hannaorganic.md\\\/ru\\\/hanna-organic\\\/\"},{\"@type\":\"ListItem\",\"position\":2,\"name\":\"\u041c\u0430\u0433\u0430\u0437\u0438\u043d\",\"item\":\"https:\\\/\\\/hannaorganic.md\\\/ru\\\/shop\\\/\"},{\"@type\":\"ListItem\",\"position\":3,\"name\":\"Brow Scrub Brow Artist Mr.SCRUBBER\"}]},{\"@type\":\"WebSite\",\"@id\":\"https:\\\/\\\/hannaorganic.md\\\/ru\\\/#website\",\"url\":\"https:\\\/\\\/hannaorganic.md\\\/ru\\\/\",\"name\":\"HANNA ORGANIC\",\"description\":\"Multi-Brand Cosmetic Store\",\"potentialAction\":[{\"@type\":\"SearchAction\",\"target\":{\"@type\":\"EntryPoint\",\"urlTemplate\":\"https:\\\/\\\/hannaorganic.md\\\/ru\\\/?s={search_term_string}\"},\"query-input\":{\"@type\":\"PropertyValueSpecification\",\"valueRequired\":true,\"valueName\":\"search_term_string\"}}],\"inLanguage\":\"ru-RU\"}]}<\/script>\n<!-- \/ Yoast SEO plugin. -->","yoast_head_json":{"title":"Brow Scrub Brow Artist Mr.SCRUBBER - HANNA ORGANIC","description":"Brow Scrub Brow Artist Mr.SCRUBBER Scrubul pentru spr\u00e2ncene Brow Artist cur\u0103\u021b\u0103 delicat \u0219i temeinic zona spr\u00e2ncenelor de celulele moarte \u0219i de resturile de machiaj. \u00cembun\u0103t\u0103\u021be\u0219te nutri\u021bia foliculilor de p\u0103r, accelereaz\u0103 cre\u0219terea \u0219i cre\u0219te densitatea spr\u00e2ncenelor. Satureaz\u0103 pielea cu oxigen, o hidrateaz\u0103 \u0219i o netezeste, \u00eembun\u0103t\u0103\u021be\u0219te considerabil uniformitatea \u0219i durabilitatea color\u0103rii spr\u00e2ncenelor.","robots":{"index":"index","follow":"follow","max-snippet":"max-snippet:-1","max-image-preview":"max-image-preview:large","max-video-preview":"max-video-preview:-1"},"canonical":"https:\/\/hannaorganic.md\/ru\/produs\/brow-scrub-brow-artist-mr-scrubber\/","og_locale":"ru_RU","og_type":"article","og_title":"Brow Scrub Brow Artist Mr.SCRUBBER - HANNA ORGANIC","og_description":"Brow Scrub Brow Artist Mr.SCRUBBER Scrubul pentru spr\u00e2ncene Brow Artist cur\u0103\u021b\u0103 delicat \u0219i temeinic zona spr\u00e2ncenelor de celulele moarte \u0219i de resturile de machiaj. \u00cembun\u0103t\u0103\u021be\u0219te nutri\u021bia foliculilor de p\u0103r, accelereaz\u0103 cre\u0219terea \u0219i cre\u0219te densitatea spr\u00e2ncenelor. Satureaz\u0103 pielea cu oxigen, o hidrateaz\u0103 \u0219i o netezeste, \u00eembun\u0103t\u0103\u021be\u0219te considerabil uniformitatea \u0219i durabilitatea color\u0103rii spr\u00e2ncenelor.","og_url":"https:\/\/hannaorganic.md\/ru\/produs\/brow-scrub-brow-artist-mr-scrubber\/","og_site_name":"HANNA ORGANIC","article_publisher":"https:\/\/www.facebook.com\/bluemagic.md\/","og_image":[{"width":1000,"height":1000,"url":"https:\/\/hannaorganic.md\/wp-content\/uploads\/2021\/01\/profesiyniy-skrab-dlya-briv-brow-artist-mr.scrubber-82490539671294-1.jpg","type":"image\/jpeg"}],"twitter_card":"summary_large_image","schema":{"@context":"https:\/\/schema.org","@graph":[{"@type":"WebPage","@id":"https:\/\/hannaorganic.md\/ru\/produs\/brow-scrub-brow-artist-mr-scrubber\/","url":"https:\/\/hannaorganic.md\/ru\/produs\/brow-scrub-brow-artist-mr-scrubber\/","name":"Brow Scrub Brow Artist Mr.SCRUBBER - HANNA ORGANIC","isPartOf":{"@id":"https:\/\/hannaorganic.md\/ru\/#website"},"primaryImageOfPage":{"@id":"https:\/\/hannaorganic.md\/ru\/produs\/brow-scrub-brow-artist-mr-scrubber\/#primaryimage"},"image":{"@id":"https:\/\/hannaorganic.md\/ru\/produs\/brow-scrub-brow-artist-mr-scrubber\/#primaryimage"},"thumbnailUrl":"https:\/\/hannaorganic.md\/wp-content\/uploads\/2021\/01\/profesiyniy-skrab-dlya-briv-brow-artist-mr.scrubber-82490539671294-1.jpg","datePublished":"2021-04-20T08:22:39+00:00","description":"Brow Scrub Brow Artist Mr.SCRUBBER Scrubul pentru spr\u00e2ncene Brow Artist cur\u0103\u021b\u0103 delicat \u0219i temeinic zona spr\u00e2ncenelor de celulele moarte \u0219i de resturile de machiaj. \u00cembun\u0103t\u0103\u021be\u0219te nutri\u021bia foliculilor de p\u0103r, accelereaz\u0103 cre\u0219terea \u0219i cre\u0219te densitatea spr\u00e2ncenelor. Satureaz\u0103 pielea cu oxigen, o hidrateaz\u0103 \u0219i o netezeste, \u00eembun\u0103t\u0103\u021be\u0219te considerabil uniformitatea \u0219i durabilitatea color\u0103rii spr\u00e2ncenelor.","breadcrumb":{"@id":"https:\/\/hannaorganic.md\/ru\/produs\/brow-scrub-brow-artist-mr-scrubber\/#breadcrumb"},"inLanguage":"ru-RU","potentialAction":[{"@type":"ReadAction","target":["https:\/\/hannaorganic.md\/ru\/produs\/brow-scrub-brow-artist-mr-scrubber\/"]}]},{"@type":"ImageObject","inLanguage":"ru-RU","@id":"https:\/\/hannaorganic.md\/ru\/produs\/brow-scrub-brow-artist-mr-scrubber\/#primaryimage","url":"https:\/\/hannaorganic.md\/wp-content\/uploads\/2021\/01\/profesiyniy-skrab-dlya-briv-brow-artist-mr.scrubber-82490539671294-1.jpg","contentUrl":"https:\/\/hannaorganic.md\/wp-content\/uploads\/2021\/01\/profesiyniy-skrab-dlya-briv-brow-artist-mr.scrubber-82490539671294-1.jpg","width":1000,"height":1000},{"@type":"BreadcrumbList","@id":"https:\/\/hannaorganic.md\/ru\/produs\/brow-scrub-brow-artist-mr-scrubber\/#breadcrumb","itemListElement":[{"@type":"ListItem","position":1,"name":"Prima pagin\u0103","item":"https:\/\/hannaorganic.md\/ru\/hanna-organic\/"},{"@type":"ListItem","position":2,"name":"\u041c\u0430\u0433\u0430\u0437\u0438\u043d","item":"https:\/\/hannaorganic.md\/ru\/shop\/"},{"@type":"ListItem","position":3,"name":"Brow Scrub Brow Artist Mr.SCRUBBER"}]},{"@type":"WebSite","@id":"https:\/\/hannaorganic.md\/ru\/#website","url":"https:\/\/hannaorganic.md\/ru\/","name":"HANNA ORGANIC","description":"Multi-Brand Cosmetic Store","potentialAction":[{"@type":"SearchAction","target":{"@type":"EntryPoint","urlTemplate":"https:\/\/hannaorganic.md\/ru\/?s={search_term_string}"},"query-input":{"@type":"PropertyValueSpecification","valueRequired":true,"valueName":"search_term_string"}}],"inLanguage":"ru-RU"}]}},"_links":{"self":[{"href":"https:\/\/hannaorganic.md\/ru\/wp-json\/wp\/v2\/product\/31774","targetHints":{"allow":["GET"]}}],"collection":[{"href":"https:\/\/hannaorganic.md\/ru\/wp-json\/wp\/v2\/product"}],"about":[{"href":"https:\/\/hannaorganic.md\/ru\/wp-json\/wp\/v2\/types\/product"}],"wp:featuredmedia":[{"embeddable":true,"href":"https:\/\/hannaorganic.md\/ru\/wp-json\/wp\/v2\/media\/30988"}],"wp:attachment":[{"href":"https:\/\/hannaorganic.md\/ru\/wp-json\/wp\/v2\/media?parent=31774"}],"wp:term":[{"taxonomy":"product_brand","embeddable":true,"href":"https:\/\/hannaorganic.md\/ru\/wp-json\/wp\/v2\/product_brand?post=31774"},{"taxonomy":"product_cat","embeddable":true,"href":"https:\/\/hannaorganic.md\/ru\/wp-json\/wp\/v2\/product_cat?post=31774"},{"taxonomy":"product_tag","embeddable":true,"href":"https:\/\/hannaorganic.md\/ru\/wp-json\/wp\/v2\/product_tag?post=31774"}],"curies":[{"name":"wp","href":"https:\/\/api.w.org\/{rel}","templated":true}]}}