{"id":833,"date":"2019-05-16T11:44:49","date_gmt":"2019-05-16T09:44:49","guid":{"rendered":"https:\/\/hannaorganic.md\/?post_type=product&#038;p=833"},"modified":"2024-02-24T18:01:47","modified_gmt":"2024-02-24T16:01:47","slug":"rice-scrub-argan-oil-mr-scrubber","status":"publish","type":"product","link":"https:\/\/hannaorganic.md\/ru\/produs\/rice-scrub-argan-oil-mr-scrubber\/","title":{"rendered":"RICE SCRUB ARGAN OIL Mr.SCRUBBER"},"content":{"rendered":"<h4><span style=\"font-size: 75%\"><strong>RO<\/strong> Scrub de corp cu orez \u0219i ulei de argan &#8212; Rice Scrub Argan Oil<\/span><\/h4>\n<h2 class=\"mrscrubber\"><span style=\"font-size: 75%\">Mod de folosire exfoliant:<\/span><\/h2>\n<ol>\n<li><span style=\"font-size: 75%\">Aplic\u0103 \u00een du\u0219 sau baie, pe pielea umed\u0103.<\/span><\/li>\n<li><span style=\"font-size: 75%\">Maseaz\u0103 cu mi\u0219c\u0103ri circulare bl\u00e2nde.<\/span><\/li>\n<li><span style=\"font-size: 75%\">Insist\u0103 pe p\u0103r\u021bile problematice, acolo unde pielea este mai aspr\u0103 sau mai groas\u0103 (coate, genunchi).<\/span><\/li>\n<li><span style=\"font-size: 75%\">Las\u0103 scrub-ul pe piele 4-5 minute.<\/span><\/li>\n<li><span style=\"font-size: 75%\">Cl\u0103te\u0219te cu ap\u0103 cald\u0103 din abunden\u021b\u0103.<\/span><\/li>\n<li><span style=\"font-size: 75%\">Nu este necesar\u0103 aplicarea cremei dup\u0103 procedur\u0103, deoarece uleiurile din compozi\u021bia scrub-ului \u00eenlocuiesc necesitatea.<\/span><\/li>\n<li><span style=\"font-size: 75%\">Repet\u0103 procedura de 2-3 ori pe s\u0103pt\u0103m\u00e2n\u0103.<\/span><\/li>\n<\/ol>\n<h2 class=\"mrscrubber\"><span style=\"font-size: 75%\">Ingrediente:<\/span><\/h2>\n<ul>\n<li><span style=\"font-size: 75%\">orez zdrobit<\/span><\/li>\n<li><span style=\"font-size: 75%\">ulei de Argan<\/span><\/li>\n<li><span style=\"font-size: 75%\">zah\u0103r brun<\/span><\/li>\n<li><span style=\"font-size: 75%\">sare roz de Himalaya<\/span><\/li>\n<li><span style=\"font-size: 75%\">vitamina E<\/span><\/li>\n<\/ul>\n<h4><strong>RU<\/strong> \u0420\u0438\u0441\u043e\u0432\u044b\u0439 \u0441\u043a\u0440\u0430\u0431 \u0434\u043b\u044f \u0442\u0435\u043b\u0430 Argan Oil Mr.SCRUBBER<\/h4>\n<table class=\"product-features__table\">\n<tbody>\n<tr class=\"product-features__row\">\n<th class=\"product-features__cell product-features__cell--h\">\u0421\u043f\u043e\u0441\u043e\u0431 \u0438\u0441\u043f\u043e\u043b\u044c\u0437\u043e\u0432\u0430\u043d\u0438\u044f<\/th>\n<td class=\"product-features__cell\">\u041d\u0430\u043d\u0435\u0441\u0442\u0438 \u0441\u043a\u0440\u0430\u0431 \u043d\u0430 \u0432\u043b\u0430\u0436\u043d\u043e\u0435 \u0442\u0435\u043b\u043e \u043c\u0430\u0441\u0441\u0430\u0436\u043d\u044b\u043c\u0438 \u0434\u0432\u0438\u0436\u0435\u043d\u0438\u044f\u043c\u0438, \u0443\u0434\u0435\u043b\u044f\u044f \u0432\u043d\u0438\u043c\u0430\u043d\u0438\u0435 \u043f\u0440\u043e\u0431\u043b\u0435\u043c\u043d\u044b\u043c \u0437\u043e\u043d\u0430\u043c. \u041e\u0441\u0442\u0430\u0432\u0438\u0442\u044c \u043d\u0430 5 \u043c\u0438\u043d\u0443\u0442 \u0434\u043b\u044f \u043b\u0443\u0447\u0448\u0435\u0433\u043e \u0440\u0435\u0437\u0443\u043b\u044c\u0442\u0430\u0442\u0430. \u0421\u043c\u044b\u0442\u044c \u0442\u0435\u043f\u043b\u043e\u0439 \u0432\u043e\u0434\u043e\u0439 \u0431\u0435\u0437 \u043c\u044b\u043b\u0430. \u041f\u0440\u0438\u043c\u0435\u043d\u044f\u0442\u044c \u0434\u0432\u0430\u0436\u0434\u044b \u0432 \u043d\u0435\u0434\u0435\u043b\u044e.<\/td>\n<\/tr>\n<tr class=\"product-features__row\">\n<th class=\"product-features__cell product-features__cell--h\">\u0421\u043e\u0441\u0442\u0430\u0432<\/th>\n<td class=\"product-features__cell\">Rice crushed, Argan oil, Cane brown sugar, Himalayan pink salt, Vitamin E, Fragrance.<\/td>\n<\/tr>\n<tr class=\"product-features__row\">\n<th class=\"product-features__cell product-features__cell--h\">\u041e\u0431\u044a\u0435\u043c<\/th>\n<td class=\"product-features__cell\">200 \u0433\u0440<\/td>\n<\/tr>\n<tr class=\"product-features__row\">\n<th class=\"product-features__cell product-features__cell--h\">\u0412\u043e\u0437\u0440\u0430\u0441\u0442<\/th>\n<td class=\"product-features__cell\">18+<\/td>\n<\/tr>\n<tr class=\"product-features__row\">\n<th class=\"product-features__cell product-features__cell--h\">\u0412\u0438\u0434<\/th>\n<td class=\"product-features__cell\">\u0421\u043a\u0440\u0430\u0431<\/td>\n<\/tr>\n<\/tbody>\n<\/table>\n","protected":false},"excerpt":{"rendered":"<h4><span style=\"font-size: 75%\"><strong>RU<\/strong> \u0420\u0438\u0441\u043e\u0432\u044b\u0439 \u0441\u043a\u0440\u0430\u0431 \u0434\u043b\u044f \u0442\u0435\u043b\u0430 Argan Oil Mr.SCRUBBER<\/span><\/h4>\n<p><span style=\"font-size: 75%\">\u0420\u0438\u0441\u043e\u0432\u0430\u044f \u043f\u0443\u0434\u0440\u0430 \u0434\u0435\u043b\u0438\u043a\u0430\u0442\u043d\u043e \u043e\u0447\u0438\u0449\u0430\u0435\u0442, \u043e\u0441\u0432\u0435\u0436\u0430\u0435\u0442 \u0438 \u043e\u0442\u0431\u0435\u043b\u0438\u0432\u0430\u0435\u0442 \u043a\u043e\u0436\u0443, \u0430\u0440\u0433\u0430\u043d\u043e\u0432\u043e\u0435 \u043c\u0430\u0441\u043b\u043e \u043f\u0438\u0442\u0430\u0435\u0442, \u0443\u0441\u0442\u0440\u0430\u043d\u044f\u0435\u0442 \u0448\u0435\u043b\u0443\u0448\u0435\u043d\u0438\u044f \u0438 \u043f\u0440\u0435\u0434\u0443\u043f\u0440\u0435\u0436\u0434\u0430\u0435\u0442 \u0432\u043e\u0437\u043d\u0438\u043a\u043d\u043e\u0432\u0435\u043d\u0438\u0435 \u0441\u0443\u0445\u043e\u0441\u0442\u0438, \u0441\u0442\u044f\u043d\u0443\u0442\u043e\u0441\u0442\u0438. \u0422\u0430\u043a\u0436\u0435 \u043c\u0430\u0441\u043b\u043e \u0430\u0440\u0433\u0430\u043d\u0430 \u0438\u043c\u0435\u0435\u0442 \u043c\u043e\u0449\u043d\u044b\u0439 \u043e\u043c\u043e\u043b\u0430\u0436\u0438\u0432\u0430\u044e\u0449\u0438\u0439 \u044d\u0444\u0444\u0435\u043a\u0442, \u0442\u043e\u043d\u0438\u0437\u0438\u0440\u0443\u0435\u0442 \u0443\u0432\u044f\u0434\u0430\u044e\u0449\u0443\u044e \u043a\u043e\u0436\u0443, \u043f\u0440\u0438\u0434\u0430\u0435\u0442 \u0435\u0439 \u0443\u043f\u0440\u0443\u0433\u043e\u0441\u0442\u044c, \u0438\u0437\u0431\u0430\u0432\u043b\u044f\u0435\u0442 \u043e\u0442 \u043f\u044f\u0442\u0435\u043d \u0438 \u043f\u043e\u043a\u0440\u0430\u0441\u043d\u0435\u043d\u0438\u0439.<\/span><\/p>\n<h4><span style=\"font-size: 75%\"><strong>RO<\/strong> Scrub de corp cu orez \u0219i ulei de argan &#8212; Rice Scrub Argan Oil<\/span><\/h4>\n<p><span style=\"font-size: 75%\">Bucur\u0103-te de propriet\u0103\u021bile regenerante ale pre\u021biosului\u00a0 ulei de argan, care hidrateaz\u0103 \u0219i hr\u0103ne\u0219te \u00een totalitate chiar \u0219i pielea foarte uscat\u0103, \u00een timp ce microparticulele de orez \u00eendep\u0103rteaz\u0103 cu succes celulele moarte, l\u0103s\u00e2nd pielea supl\u0103 \u015fi neted\u0103. Arom\u0103 delicat\u0103 de flori cu note de piper roz, kiwi, iasomie, mosc \u0219i lemn de santal.<\/span><\/p>\n","protected":false},"featured_media":834,"template":"","meta":[],"product_brand":[],"product_cat":[99,104,96,359,92],"product_tag":[],"class_list":{"0":"post-833","1":"product","2":"type-product","3":"status-publish","4":"has-post-thumbnail","6":"product_cat-corp","7":"product_cat-body-scrub","8":"product_cat-mrscrubber-md","9":"product_cat-rice-scrub","10":"product_cat-toate-produsele","12":"first","13":"instock","14":"shipping-taxable","15":"purchasable","16":"product-type-simple"},"yoast_head":"<!-- This site is optimized with the Yoast SEO plugin v27.5 - https:\/\/yoast.com\/product\/yoast-seo-wordpress\/ -->\n<title>RICE SCRUB ARGAN OIL Mr.SCRUBBER - HANNA ORGANIC<\/title>\n<meta name=\"robots\" content=\"index, follow, max-snippet:-1, max-image-preview:large, max-video-preview:-1\" \/>\n<link rel=\"canonical\" href=\"https:\/\/hannaorganic.md\/ru\/produs\/rice-scrub-argan-oil-mr-scrubber\/\" \/>\n<meta property=\"og:locale\" content=\"ru_RU\" \/>\n<meta property=\"og:type\" content=\"article\" \/>\n<meta property=\"og:title\" content=\"RICE SCRUB ARGAN OIL Mr.SCRUBBER - HANNA ORGANIC\" \/>\n<meta property=\"og:description\" content=\"RU \u0420\u0438\u0441\u043e\u0432\u044b\u0439 \u0441\u043a\u0440\u0430\u0431 \u0434\u043b\u044f \u0442\u0435\u043b\u0430 Argan Oil Mr.SCRUBBER \u0420\u0438\u0441\u043e\u0432\u0430\u044f \u043f\u0443\u0434\u0440\u0430 \u0434\u0435\u043b\u0438\u043a\u0430\u0442\u043d\u043e \u043e\u0447\u0438\u0449\u0430\u0435\u0442, \u043e\u0441\u0432\u0435\u0436\u0430\u0435\u0442 \u0438 \u043e\u0442\u0431\u0435\u043b\u0438\u0432\u0430\u0435\u0442 \u043a\u043e\u0436\u0443, \u0430\u0440\u0433\u0430\u043d\u043e\u0432\u043e\u0435 \u043c\u0430\u0441\u043b\u043e \u043f\u0438\u0442\u0430\u0435\u0442, \u0443\u0441\u0442\u0440\u0430\u043d\u044f\u0435\u0442 \u0448\u0435\u043b\u0443\u0448\u0435\u043d\u0438\u044f \u0438 \u043f\u0440\u0435\u0434\u0443\u043f\u0440\u0435\u0436\u0434\u0430\u0435\u0442 \u0432\u043e\u0437\u043d\u0438\u043a\u043d\u043e\u0432\u0435\u043d\u0438\u0435 \u0441\u0443\u0445\u043e\u0441\u0442\u0438, \u0441\u0442\u044f\u043d\u0443\u0442\u043e\u0441\u0442\u0438. \u0422\u0430\u043a\u0436\u0435 \u043c\u0430\u0441\u043b\u043e \u0430\u0440\u0433\u0430\u043d\u0430 \u0438\u043c\u0435\u0435\u0442 \u043c\u043e\u0449\u043d\u044b\u0439 \u043e\u043c\u043e\u043b\u0430\u0436\u0438\u0432\u0430\u044e\u0449\u0438\u0439 \u044d\u0444\u0444\u0435\u043a\u0442, \u0442\u043e\u043d\u0438\u0437\u0438\u0440\u0443\u0435\u0442 \u0443\u0432\u044f\u0434\u0430\u044e\u0449\u0443\u044e \u043a\u043e\u0436\u0443, \u043f\u0440\u0438\u0434\u0430\u0435\u0442 \u0435\u0439 \u0443\u043f\u0440\u0443\u0433\u043e\u0441\u0442\u044c, \u0438\u0437\u0431\u0430\u0432\u043b\u044f\u0435\u0442 \u043e\u0442 \u043f\u044f\u0442\u0435\u043d \u0438 \u043f\u043e\u043a\u0440\u0430\u0441\u043d\u0435\u043d\u0438\u0439. RO Scrub de corp cu orez \u0219i ulei de argan - Rice Scrub Argan Oil Bucur\u0103-te de propriet\u0103\u021bile regenerante ale pre\u021biosului\u00a0 ulei de argan, care hidrateaz\u0103 \u0219i hr\u0103ne\u0219te \u00een totalitate chiar \u0219i pielea foarte uscat\u0103, \u00een timp ce microparticulele de orez \u00eendep\u0103rteaz\u0103 cu succes celulele moarte, l\u0103s\u00e2nd pielea supl\u0103 \u015fi neted\u0103. Arom\u0103 delicat\u0103 de flori cu note de piper roz, kiwi, iasomie, mosc \u0219i lemn de santal.\" \/>\n<meta property=\"og:url\" content=\"https:\/\/hannaorganic.md\/ru\/produs\/rice-scrub-argan-oil-mr-scrubber\/\" \/>\n<meta property=\"og:site_name\" content=\"HANNA ORGANIC\" \/>\n<meta property=\"article:publisher\" content=\"https:\/\/www.facebook.com\/bluemagic.md\/\" \/>\n<meta property=\"article:modified_time\" content=\"2024-02-24T16:01:47+00:00\" \/>\n<meta property=\"og:image\" content=\"https:\/\/hannaorganic.md\/wp-content\/uploads\/2019\/05\/risovyy-skrab-dlya-tela-mr.scrubber-argan-oil-43593515345420-e1557999570842.jpg\" \/>\n\t<meta property=\"og:image:width\" content=\"600\" \/>\n\t<meta property=\"og:image:height\" content=\"900\" \/>\n\t<meta property=\"og:image:type\" content=\"image\/jpeg\" \/>\n<meta name=\"twitter:card\" content=\"summary_large_image\" \/>\n<meta name=\"twitter:label1\" content=\"\u041f\u0440\u0438\u043c\u0435\u0440\u043d\u043e\u0435 \u0432\u0440\u0435\u043c\u044f \u0434\u043b\u044f \u0447\u0442\u0435\u043d\u0438\u044f\" \/>\n\t<meta name=\"twitter:data1\" content=\"1 \u043c\u0438\u043d\u0443\u0442\u0430\" \/>\n<script type=\"application\/ld+json\" class=\"yoast-schema-graph\">{\"@context\":\"https:\\\/\\\/schema.org\",\"@graph\":[{\"@type\":\"WebPage\",\"@id\":\"https:\\\/\\\/hannaorganic.md\\\/ru\\\/produs\\\/rice-scrub-argan-oil-mr-scrubber\\\/\",\"url\":\"https:\\\/\\\/hannaorganic.md\\\/ru\\\/produs\\\/rice-scrub-argan-oil-mr-scrubber\\\/\",\"name\":\"RICE SCRUB ARGAN OIL Mr.SCRUBBER - HANNA ORGANIC\",\"isPartOf\":{\"@id\":\"https:\\\/\\\/hannaorganic.md\\\/ru\\\/#website\"},\"primaryImageOfPage\":{\"@id\":\"https:\\\/\\\/hannaorganic.md\\\/ru\\\/produs\\\/rice-scrub-argan-oil-mr-scrubber\\\/#primaryimage\"},\"image\":{\"@id\":\"https:\\\/\\\/hannaorganic.md\\\/ru\\\/produs\\\/rice-scrub-argan-oil-mr-scrubber\\\/#primaryimage\"},\"thumbnailUrl\":\"https:\\\/\\\/hannaorganic.md\\\/wp-content\\\/uploads\\\/2019\\\/05\\\/risovyy-skrab-dlya-tela-mr.scrubber-argan-oil-43593515345420-e1557999570842.jpg\",\"datePublished\":\"2019-05-16T09:44:49+00:00\",\"dateModified\":\"2024-02-24T16:01:47+00:00\",\"breadcrumb\":{\"@id\":\"https:\\\/\\\/hannaorganic.md\\\/ru\\\/produs\\\/rice-scrub-argan-oil-mr-scrubber\\\/#breadcrumb\"},\"inLanguage\":\"ru-RU\",\"potentialAction\":[{\"@type\":\"ReadAction\",\"target\":[\"https:\\\/\\\/hannaorganic.md\\\/ru\\\/produs\\\/rice-scrub-argan-oil-mr-scrubber\\\/\"]}]},{\"@type\":\"ImageObject\",\"inLanguage\":\"ru-RU\",\"@id\":\"https:\\\/\\\/hannaorganic.md\\\/ru\\\/produs\\\/rice-scrub-argan-oil-mr-scrubber\\\/#primaryimage\",\"url\":\"https:\\\/\\\/hannaorganic.md\\\/wp-content\\\/uploads\\\/2019\\\/05\\\/risovyy-skrab-dlya-tela-mr.scrubber-argan-oil-43593515345420-e1557999570842.jpg\",\"contentUrl\":\"https:\\\/\\\/hannaorganic.md\\\/wp-content\\\/uploads\\\/2019\\\/05\\\/risovyy-skrab-dlya-tela-mr.scrubber-argan-oil-43593515345420-e1557999570842.jpg\",\"width\":600,\"height\":900},{\"@type\":\"BreadcrumbList\",\"@id\":\"https:\\\/\\\/hannaorganic.md\\\/ru\\\/produs\\\/rice-scrub-argan-oil-mr-scrubber\\\/#breadcrumb\",\"itemListElement\":[{\"@type\":\"ListItem\",\"position\":1,\"name\":\"Prima pagin\u0103\",\"item\":\"https:\\\/\\\/hannaorganic.md\\\/ru\\\/hanna-organic\\\/\"},{\"@type\":\"ListItem\",\"position\":2,\"name\":\"\u041c\u0430\u0433\u0430\u0437\u0438\u043d\",\"item\":\"https:\\\/\\\/hannaorganic.md\\\/ru\\\/shop\\\/\"},{\"@type\":\"ListItem\",\"position\":3,\"name\":\"RICE SCRUB ARGAN OIL Mr.SCRUBBER\"}]},{\"@type\":\"WebSite\",\"@id\":\"https:\\\/\\\/hannaorganic.md\\\/ru\\\/#website\",\"url\":\"https:\\\/\\\/hannaorganic.md\\\/ru\\\/\",\"name\":\"HANNA ORGANIC\",\"description\":\"Multi-Brand Cosmetic Store\",\"potentialAction\":[{\"@type\":\"SearchAction\",\"target\":{\"@type\":\"EntryPoint\",\"urlTemplate\":\"https:\\\/\\\/hannaorganic.md\\\/ru\\\/?s={search_term_string}\"},\"query-input\":{\"@type\":\"PropertyValueSpecification\",\"valueRequired\":true,\"valueName\":\"search_term_string\"}}],\"inLanguage\":\"ru-RU\"}]}<\/script>\n<!-- \/ Yoast SEO plugin. -->","yoast_head_json":{"title":"RICE SCRUB ARGAN OIL Mr.SCRUBBER - HANNA ORGANIC","robots":{"index":"index","follow":"follow","max-snippet":"max-snippet:-1","max-image-preview":"max-image-preview:large","max-video-preview":"max-video-preview:-1"},"canonical":"https:\/\/hannaorganic.md\/ru\/produs\/rice-scrub-argan-oil-mr-scrubber\/","og_locale":"ru_RU","og_type":"article","og_title":"RICE SCRUB ARGAN OIL Mr.SCRUBBER - HANNA ORGANIC","og_description":"RU \u0420\u0438\u0441\u043e\u0432\u044b\u0439 \u0441\u043a\u0440\u0430\u0431 \u0434\u043b\u044f \u0442\u0435\u043b\u0430 Argan Oil Mr.SCRUBBER \u0420\u0438\u0441\u043e\u0432\u0430\u044f \u043f\u0443\u0434\u0440\u0430 \u0434\u0435\u043b\u0438\u043a\u0430\u0442\u043d\u043e \u043e\u0447\u0438\u0449\u0430\u0435\u0442, \u043e\u0441\u0432\u0435\u0436\u0430\u0435\u0442 \u0438 \u043e\u0442\u0431\u0435\u043b\u0438\u0432\u0430\u0435\u0442 \u043a\u043e\u0436\u0443, \u0430\u0440\u0433\u0430\u043d\u043e\u0432\u043e\u0435 \u043c\u0430\u0441\u043b\u043e \u043f\u0438\u0442\u0430\u0435\u0442, \u0443\u0441\u0442\u0440\u0430\u043d\u044f\u0435\u0442 \u0448\u0435\u043b\u0443\u0448\u0435\u043d\u0438\u044f \u0438 \u043f\u0440\u0435\u0434\u0443\u043f\u0440\u0435\u0436\u0434\u0430\u0435\u0442 \u0432\u043e\u0437\u043d\u0438\u043a\u043d\u043e\u0432\u0435\u043d\u0438\u0435 \u0441\u0443\u0445\u043e\u0441\u0442\u0438, \u0441\u0442\u044f\u043d\u0443\u0442\u043e\u0441\u0442\u0438. \u0422\u0430\u043a\u0436\u0435 \u043c\u0430\u0441\u043b\u043e \u0430\u0440\u0433\u0430\u043d\u0430 \u0438\u043c\u0435\u0435\u0442 \u043c\u043e\u0449\u043d\u044b\u0439 \u043e\u043c\u043e\u043b\u0430\u0436\u0438\u0432\u0430\u044e\u0449\u0438\u0439 \u044d\u0444\u0444\u0435\u043a\u0442, \u0442\u043e\u043d\u0438\u0437\u0438\u0440\u0443\u0435\u0442 \u0443\u0432\u044f\u0434\u0430\u044e\u0449\u0443\u044e \u043a\u043e\u0436\u0443, \u043f\u0440\u0438\u0434\u0430\u0435\u0442 \u0435\u0439 \u0443\u043f\u0440\u0443\u0433\u043e\u0441\u0442\u044c, \u0438\u0437\u0431\u0430\u0432\u043b\u044f\u0435\u0442 \u043e\u0442 \u043f\u044f\u0442\u0435\u043d \u0438 \u043f\u043e\u043a\u0440\u0430\u0441\u043d\u0435\u043d\u0438\u0439. RO Scrub de corp cu orez \u0219i ulei de argan - Rice Scrub Argan Oil Bucur\u0103-te de propriet\u0103\u021bile regenerante ale pre\u021biosului\u00a0 ulei de argan, care hidrateaz\u0103 \u0219i hr\u0103ne\u0219te \u00een totalitate chiar \u0219i pielea foarte uscat\u0103, \u00een timp ce microparticulele de orez \u00eendep\u0103rteaz\u0103 cu succes celulele moarte, l\u0103s\u00e2nd pielea supl\u0103 \u015fi neted\u0103. Arom\u0103 delicat\u0103 de flori cu note de piper roz, kiwi, iasomie, mosc \u0219i lemn de santal.","og_url":"https:\/\/hannaorganic.md\/ru\/produs\/rice-scrub-argan-oil-mr-scrubber\/","og_site_name":"HANNA ORGANIC","article_publisher":"https:\/\/www.facebook.com\/bluemagic.md\/","article_modified_time":"2024-02-24T16:01:47+00:00","og_image":[{"width":600,"height":900,"url":"https:\/\/hannaorganic.md\/wp-content\/uploads\/2019\/05\/risovyy-skrab-dlya-tela-mr.scrubber-argan-oil-43593515345420-e1557999570842.jpg","type":"image\/jpeg"}],"twitter_card":"summary_large_image","twitter_misc":{"\u041f\u0440\u0438\u043c\u0435\u0440\u043d\u043e\u0435 \u0432\u0440\u0435\u043c\u044f \u0434\u043b\u044f \u0447\u0442\u0435\u043d\u0438\u044f":"1 \u043c\u0438\u043d\u0443\u0442\u0430"},"schema":{"@context":"https:\/\/schema.org","@graph":[{"@type":"WebPage","@id":"https:\/\/hannaorganic.md\/ru\/produs\/rice-scrub-argan-oil-mr-scrubber\/","url":"https:\/\/hannaorganic.md\/ru\/produs\/rice-scrub-argan-oil-mr-scrubber\/","name":"RICE SCRUB ARGAN OIL Mr.SCRUBBER - HANNA ORGANIC","isPartOf":{"@id":"https:\/\/hannaorganic.md\/ru\/#website"},"primaryImageOfPage":{"@id":"https:\/\/hannaorganic.md\/ru\/produs\/rice-scrub-argan-oil-mr-scrubber\/#primaryimage"},"image":{"@id":"https:\/\/hannaorganic.md\/ru\/produs\/rice-scrub-argan-oil-mr-scrubber\/#primaryimage"},"thumbnailUrl":"https:\/\/hannaorganic.md\/wp-content\/uploads\/2019\/05\/risovyy-skrab-dlya-tela-mr.scrubber-argan-oil-43593515345420-e1557999570842.jpg","datePublished":"2019-05-16T09:44:49+00:00","dateModified":"2024-02-24T16:01:47+00:00","breadcrumb":{"@id":"https:\/\/hannaorganic.md\/ru\/produs\/rice-scrub-argan-oil-mr-scrubber\/#breadcrumb"},"inLanguage":"ru-RU","potentialAction":[{"@type":"ReadAction","target":["https:\/\/hannaorganic.md\/ru\/produs\/rice-scrub-argan-oil-mr-scrubber\/"]}]},{"@type":"ImageObject","inLanguage":"ru-RU","@id":"https:\/\/hannaorganic.md\/ru\/produs\/rice-scrub-argan-oil-mr-scrubber\/#primaryimage","url":"https:\/\/hannaorganic.md\/wp-content\/uploads\/2019\/05\/risovyy-skrab-dlya-tela-mr.scrubber-argan-oil-43593515345420-e1557999570842.jpg","contentUrl":"https:\/\/hannaorganic.md\/wp-content\/uploads\/2019\/05\/risovyy-skrab-dlya-tela-mr.scrubber-argan-oil-43593515345420-e1557999570842.jpg","width":600,"height":900},{"@type":"BreadcrumbList","@id":"https:\/\/hannaorganic.md\/ru\/produs\/rice-scrub-argan-oil-mr-scrubber\/#breadcrumb","itemListElement":[{"@type":"ListItem","position":1,"name":"Prima pagin\u0103","item":"https:\/\/hannaorganic.md\/ru\/hanna-organic\/"},{"@type":"ListItem","position":2,"name":"\u041c\u0430\u0433\u0430\u0437\u0438\u043d","item":"https:\/\/hannaorganic.md\/ru\/shop\/"},{"@type":"ListItem","position":3,"name":"RICE SCRUB ARGAN OIL Mr.SCRUBBER"}]},{"@type":"WebSite","@id":"https:\/\/hannaorganic.md\/ru\/#website","url":"https:\/\/hannaorganic.md\/ru\/","name":"HANNA ORGANIC","description":"Multi-Brand Cosmetic Store","potentialAction":[{"@type":"SearchAction","target":{"@type":"EntryPoint","urlTemplate":"https:\/\/hannaorganic.md\/ru\/?s={search_term_string}"},"query-input":{"@type":"PropertyValueSpecification","valueRequired":true,"valueName":"search_term_string"}}],"inLanguage":"ru-RU"}]}},"_links":{"self":[{"href":"https:\/\/hannaorganic.md\/ru\/wp-json\/wp\/v2\/product\/833","targetHints":{"allow":["GET"]}}],"collection":[{"href":"https:\/\/hannaorganic.md\/ru\/wp-json\/wp\/v2\/product"}],"about":[{"href":"https:\/\/hannaorganic.md\/ru\/wp-json\/wp\/v2\/types\/product"}],"wp:featuredmedia":[{"embeddable":true,"href":"https:\/\/hannaorganic.md\/ru\/wp-json\/wp\/v2\/media\/834"}],"wp:attachment":[{"href":"https:\/\/hannaorganic.md\/ru\/wp-json\/wp\/v2\/media?parent=833"}],"wp:term":[{"taxonomy":"product_brand","embeddable":true,"href":"https:\/\/hannaorganic.md\/ru\/wp-json\/wp\/v2\/product_brand?post=833"},{"taxonomy":"product_cat","embeddable":true,"href":"https:\/\/hannaorganic.md\/ru\/wp-json\/wp\/v2\/product_cat?post=833"},{"taxonomy":"product_tag","embeddable":true,"href":"https:\/\/hannaorganic.md\/ru\/wp-json\/wp\/v2\/product_tag?post=833"}],"curies":[{"name":"wp","href":"https:\/\/api.w.org\/{rel}","templated":true}]}}