{"id":83546,"date":"2024-01-28T12:33:09","date_gmt":"2024-01-28T10:33:09","guid":{"rendered":"https:\/\/hannaorganic.md\/produs\/men-luxury-gift-box-mr-scrubber\/"},"modified":"2024-02-26T00:05:15","modified_gmt":"2024-02-25T22:05:15","slug":"men-luxury-gift-box-mr-scrubber","status":"publish","type":"product","link":"https:\/\/hannaorganic.md\/ru\/produs\/men-luxury-gift-box-mr-scrubber\/","title":{"rendered":"Men Luxury Gift Box Mr.SCRUBBER"},"content":{"rendered":"<p>Boxul con\u021bine :<\/p>\n<p>1.Spray cu sare pentru aranjarea \u0219i fixarea p\u0103rului &#8212; 150 ml;<\/p>\n<p>2.Scrub pentru corp cu cafea &#8212; 200 gr;<\/p>\n<p>3.Gel de du\u0219 &#8212; 250 ml;<\/p>\n<p>4.Gel pentru ras &#8212; 125 ml;<\/p>\n<p>5.Crem\u0103 hidratant\u0103 dup\u0103 ras &#8212; 100 ml;<\/p>\n<p>6.Ulei-stimulator de cre\u0219tere pentru p\u0103r\/barb\u0103 &#8212; 50 ml.<\/p>\n","protected":false},"excerpt":{"rendered":"<p>Scap\u0103 de grija cadourilor cu setul cadou marca Mr.SCRUBBER. V\u0103 propunem un set cadou pentru b\u0103rba\u021bi \u00a0ce ofer\u0103 \u00eengrijire pas cu pas a tenului, a corpului \u0219i a p\u0103rului. Produsele special elaborate cur\u0103\u021b\u0103 temeinic \u0219i delicat, elimin\u0103 irita\u021biile, erup\u021biile cutanate \u0219i ro\u0219ea\u021ba.Ambalajul \u0219i designul elegant fac din setul un cadou ideal pentru un b\u0103rbat modern. Setul con\u021bine : scrub pentru corp, spray pentru aranjarea p\u0103rului, gel de du\u0219, ulei pentru p\u0103r\/barb\u0103, gel pentru ras \u0219i crem\u0103 dup\u0103 ras. Un set ce con\u021bine toate produsele necesare pentru o rutin\u0103 complex\u0103. Toate produsele sunt \u00eembog\u0103\u021bite cu uleiuri esen\u021biale ce hidrateaz\u0103 pielea. Produsele sunt potrivite pentru orice tip de ten, p\u0103r sau piele.<\/p>\n","protected":false},"featured_media":83543,"template":"","meta":[],"product_brand":[],"product_cat":[342,478,292,279,290,291],"product_tag":[1780,1777,928,1754,1779,1514,667,1778,1550,1234,1166,1102],"class_list":{"0":"post-83546","1":"product","2":"type-product","3":"status-publish","4":"has-post-thumbnail","6":"product_cat-mr-scrubber","7":"product_cat-toate-produsele-ru","8":"product_cat-292","9":"product_cat-279","10":"product_cat-290","11":"product_cat-291","12":"product_tag-after-shave-ru","13":"product_tag-beard-oil-ru","14":"product_tag-birthday-gift-ru","15":"product_tag-box-ru","16":"product_tag-for-him-ru","17":"product_tag-gift-ru","18":"product_tag-hair-ru","19":"product_tag-luxury-ru","20":"product_tag-men-ru","21":"product_tag-present-ru","22":"product_tag-scrub-ru","23":"product_tag-shower-gel-ru","25":"first","26":"instock","27":"shipping-taxable","28":"purchasable","29":"product-type-simple"},"yoast_head":"<!-- This site is optimized with the Yoast SEO plugin v27.5 - https:\/\/yoast.com\/product\/yoast-seo-wordpress\/ -->\n<title>Men Luxury Gift Box Mr.SCRUBBER - HANNA ORGANIC<\/title>\n<meta name=\"robots\" content=\"index, follow, max-snippet:-1, max-image-preview:large, max-video-preview:-1\" \/>\n<link rel=\"canonical\" href=\"https:\/\/hannaorganic.md\/ru\/produs\/men-luxury-gift-box-mr-scrubber\/\" \/>\n<meta property=\"og:locale\" content=\"ru_RU\" \/>\n<meta property=\"og:type\" content=\"article\" \/>\n<meta property=\"og:title\" content=\"Men Luxury Gift Box Mr.SCRUBBER - HANNA ORGANIC\" \/>\n<meta property=\"og:description\" content=\"Scap\u0103 de grija cadourilor cu setul cadou marca Mr.SCRUBBER. V\u0103 propunem un set cadou pentru b\u0103rba\u021bi \u00a0ce ofer\u0103 \u00eengrijire pas cu pas a tenului, a corpului \u0219i a p\u0103rului. Produsele special elaborate cur\u0103\u021b\u0103 temeinic \u0219i delicat, elimin\u0103 irita\u021biile, erup\u021biile cutanate \u0219i ro\u0219ea\u021ba.Ambalajul \u0219i designul elegant fac din setul un cadou ideal pentru un b\u0103rbat modern. Setul con\u021bine : scrub pentru corp, spray pentru aranjarea p\u0103rului, gel de du\u0219, ulei pentru p\u0103r\/barb\u0103, gel pentru ras \u0219i crem\u0103 dup\u0103 ras. Un set ce con\u021bine toate produsele necesare pentru o rutin\u0103 complex\u0103. Toate produsele sunt \u00eembog\u0103\u021bite cu uleiuri esen\u021biale ce hidrateaz\u0103 pielea. Produsele sunt potrivite pentru orice tip de ten, p\u0103r sau piele.\" \/>\n<meta property=\"og:url\" content=\"https:\/\/hannaorganic.md\/ru\/produs\/men-luxury-gift-box-mr-scrubber\/\" \/>\n<meta property=\"og:site_name\" content=\"HANNA ORGANIC\" \/>\n<meta property=\"article:publisher\" content=\"https:\/\/www.facebook.com\/bluemagic.md\/\" \/>\n<meta property=\"article:modified_time\" content=\"2024-02-25T22:05:15+00:00\" \/>\n<meta property=\"og:image\" content=\"https:\/\/hannaorganic.md\/wp-content\/uploads\/2024\/01\/236DFA70-91B3-47E7-BAD2-AA9CF4F28492.jpeg\" \/>\n\t<meta property=\"og:image:width\" content=\"1920\" \/>\n\t<meta property=\"og:image:height\" content=\"2560\" \/>\n\t<meta property=\"og:image:type\" content=\"image\/jpeg\" \/>\n<meta name=\"twitter:card\" content=\"summary_large_image\" \/>\n<meta name=\"twitter:label1\" content=\"\u041f\u0440\u0438\u043c\u0435\u0440\u043d\u043e\u0435 \u0432\u0440\u0435\u043c\u044f \u0434\u043b\u044f \u0447\u0442\u0435\u043d\u0438\u044f\" \/>\n\t<meta name=\"twitter:data1\" content=\"1 \u043c\u0438\u043d\u0443\u0442\u0430\" \/>\n<script type=\"application\/ld+json\" class=\"yoast-schema-graph\">{\"@context\":\"https:\\\/\\\/schema.org\",\"@graph\":[{\"@type\":\"WebPage\",\"@id\":\"https:\\\/\\\/hannaorganic.md\\\/ru\\\/produs\\\/men-luxury-gift-box-mr-scrubber\\\/\",\"url\":\"https:\\\/\\\/hannaorganic.md\\\/ru\\\/produs\\\/men-luxury-gift-box-mr-scrubber\\\/\",\"name\":\"Men Luxury Gift Box Mr.SCRUBBER - HANNA ORGANIC\",\"isPartOf\":{\"@id\":\"https:\\\/\\\/hannaorganic.md\\\/ru\\\/#website\"},\"primaryImageOfPage\":{\"@id\":\"https:\\\/\\\/hannaorganic.md\\\/ru\\\/produs\\\/men-luxury-gift-box-mr-scrubber\\\/#primaryimage\"},\"image\":{\"@id\":\"https:\\\/\\\/hannaorganic.md\\\/ru\\\/produs\\\/men-luxury-gift-box-mr-scrubber\\\/#primaryimage\"},\"thumbnailUrl\":\"https:\\\/\\\/hannaorganic.md\\\/wp-content\\\/uploads\\\/2024\\\/01\\\/236DFA70-91B3-47E7-BAD2-AA9CF4F28492.jpeg\",\"datePublished\":\"2024-01-28T10:33:09+00:00\",\"dateModified\":\"2024-02-25T22:05:15+00:00\",\"breadcrumb\":{\"@id\":\"https:\\\/\\\/hannaorganic.md\\\/ru\\\/produs\\\/men-luxury-gift-box-mr-scrubber\\\/#breadcrumb\"},\"inLanguage\":\"ru-RU\",\"potentialAction\":[{\"@type\":\"ReadAction\",\"target\":[\"https:\\\/\\\/hannaorganic.md\\\/ru\\\/produs\\\/men-luxury-gift-box-mr-scrubber\\\/\"]}]},{\"@type\":\"ImageObject\",\"inLanguage\":\"ru-RU\",\"@id\":\"https:\\\/\\\/hannaorganic.md\\\/ru\\\/produs\\\/men-luxury-gift-box-mr-scrubber\\\/#primaryimage\",\"url\":\"https:\\\/\\\/hannaorganic.md\\\/wp-content\\\/uploads\\\/2024\\\/01\\\/236DFA70-91B3-47E7-BAD2-AA9CF4F28492.jpeg\",\"contentUrl\":\"https:\\\/\\\/hannaorganic.md\\\/wp-content\\\/uploads\\\/2024\\\/01\\\/236DFA70-91B3-47E7-BAD2-AA9CF4F28492.jpeg\",\"width\":1920,\"height\":2560},{\"@type\":\"BreadcrumbList\",\"@id\":\"https:\\\/\\\/hannaorganic.md\\\/ru\\\/produs\\\/men-luxury-gift-box-mr-scrubber\\\/#breadcrumb\",\"itemListElement\":[{\"@type\":\"ListItem\",\"position\":1,\"name\":\"Prima pagin\u0103\",\"item\":\"https:\\\/\\\/hannaorganic.md\\\/ru\\\/hanna-organic\\\/\"},{\"@type\":\"ListItem\",\"position\":2,\"name\":\"\u041c\u0430\u0433\u0430\u0437\u0438\u043d\",\"item\":\"https:\\\/\\\/hannaorganic.md\\\/ru\\\/shop\\\/\"},{\"@type\":\"ListItem\",\"position\":3,\"name\":\"Men Luxury Gift Box Mr.SCRUBBER\"}]},{\"@type\":\"WebSite\",\"@id\":\"https:\\\/\\\/hannaorganic.md\\\/ru\\\/#website\",\"url\":\"https:\\\/\\\/hannaorganic.md\\\/ru\\\/\",\"name\":\"HANNA ORGANIC\",\"description\":\"Multi-Brand Cosmetic Store\",\"potentialAction\":[{\"@type\":\"SearchAction\",\"target\":{\"@type\":\"EntryPoint\",\"urlTemplate\":\"https:\\\/\\\/hannaorganic.md\\\/ru\\\/?s={search_term_string}\"},\"query-input\":{\"@type\":\"PropertyValueSpecification\",\"valueRequired\":true,\"valueName\":\"search_term_string\"}}],\"inLanguage\":\"ru-RU\"}]}<\/script>\n<!-- \/ Yoast SEO plugin. -->","yoast_head_json":{"title":"Men Luxury Gift Box Mr.SCRUBBER - HANNA ORGANIC","robots":{"index":"index","follow":"follow","max-snippet":"max-snippet:-1","max-image-preview":"max-image-preview:large","max-video-preview":"max-video-preview:-1"},"canonical":"https:\/\/hannaorganic.md\/ru\/produs\/men-luxury-gift-box-mr-scrubber\/","og_locale":"ru_RU","og_type":"article","og_title":"Men Luxury Gift Box Mr.SCRUBBER - HANNA ORGANIC","og_description":"Scap\u0103 de grija cadourilor cu setul cadou marca Mr.SCRUBBER. V\u0103 propunem un set cadou pentru b\u0103rba\u021bi \u00a0ce ofer\u0103 \u00eengrijire pas cu pas a tenului, a corpului \u0219i a p\u0103rului. Produsele special elaborate cur\u0103\u021b\u0103 temeinic \u0219i delicat, elimin\u0103 irita\u021biile, erup\u021biile cutanate \u0219i ro\u0219ea\u021ba.Ambalajul \u0219i designul elegant fac din setul un cadou ideal pentru un b\u0103rbat modern. Setul con\u021bine : scrub pentru corp, spray pentru aranjarea p\u0103rului, gel de du\u0219, ulei pentru p\u0103r\/barb\u0103, gel pentru ras \u0219i crem\u0103 dup\u0103 ras. Un set ce con\u021bine toate produsele necesare pentru o rutin\u0103 complex\u0103. Toate produsele sunt \u00eembog\u0103\u021bite cu uleiuri esen\u021biale ce hidrateaz\u0103 pielea. Produsele sunt potrivite pentru orice tip de ten, p\u0103r sau piele.","og_url":"https:\/\/hannaorganic.md\/ru\/produs\/men-luxury-gift-box-mr-scrubber\/","og_site_name":"HANNA ORGANIC","article_publisher":"https:\/\/www.facebook.com\/bluemagic.md\/","article_modified_time":"2024-02-25T22:05:15+00:00","og_image":[{"width":1920,"height":2560,"url":"https:\/\/hannaorganic.md\/wp-content\/uploads\/2024\/01\/236DFA70-91B3-47E7-BAD2-AA9CF4F28492.jpeg","type":"image\/jpeg"}],"twitter_card":"summary_large_image","twitter_misc":{"\u041f\u0440\u0438\u043c\u0435\u0440\u043d\u043e\u0435 \u0432\u0440\u0435\u043c\u044f \u0434\u043b\u044f \u0447\u0442\u0435\u043d\u0438\u044f":"1 \u043c\u0438\u043d\u0443\u0442\u0430"},"schema":{"@context":"https:\/\/schema.org","@graph":[{"@type":"WebPage","@id":"https:\/\/hannaorganic.md\/ru\/produs\/men-luxury-gift-box-mr-scrubber\/","url":"https:\/\/hannaorganic.md\/ru\/produs\/men-luxury-gift-box-mr-scrubber\/","name":"Men Luxury Gift Box Mr.SCRUBBER - HANNA ORGANIC","isPartOf":{"@id":"https:\/\/hannaorganic.md\/ru\/#website"},"primaryImageOfPage":{"@id":"https:\/\/hannaorganic.md\/ru\/produs\/men-luxury-gift-box-mr-scrubber\/#primaryimage"},"image":{"@id":"https:\/\/hannaorganic.md\/ru\/produs\/men-luxury-gift-box-mr-scrubber\/#primaryimage"},"thumbnailUrl":"https:\/\/hannaorganic.md\/wp-content\/uploads\/2024\/01\/236DFA70-91B3-47E7-BAD2-AA9CF4F28492.jpeg","datePublished":"2024-01-28T10:33:09+00:00","dateModified":"2024-02-25T22:05:15+00:00","breadcrumb":{"@id":"https:\/\/hannaorganic.md\/ru\/produs\/men-luxury-gift-box-mr-scrubber\/#breadcrumb"},"inLanguage":"ru-RU","potentialAction":[{"@type":"ReadAction","target":["https:\/\/hannaorganic.md\/ru\/produs\/men-luxury-gift-box-mr-scrubber\/"]}]},{"@type":"ImageObject","inLanguage":"ru-RU","@id":"https:\/\/hannaorganic.md\/ru\/produs\/men-luxury-gift-box-mr-scrubber\/#primaryimage","url":"https:\/\/hannaorganic.md\/wp-content\/uploads\/2024\/01\/236DFA70-91B3-47E7-BAD2-AA9CF4F28492.jpeg","contentUrl":"https:\/\/hannaorganic.md\/wp-content\/uploads\/2024\/01\/236DFA70-91B3-47E7-BAD2-AA9CF4F28492.jpeg","width":1920,"height":2560},{"@type":"BreadcrumbList","@id":"https:\/\/hannaorganic.md\/ru\/produs\/men-luxury-gift-box-mr-scrubber\/#breadcrumb","itemListElement":[{"@type":"ListItem","position":1,"name":"Prima pagin\u0103","item":"https:\/\/hannaorganic.md\/ru\/hanna-organic\/"},{"@type":"ListItem","position":2,"name":"\u041c\u0430\u0433\u0430\u0437\u0438\u043d","item":"https:\/\/hannaorganic.md\/ru\/shop\/"},{"@type":"ListItem","position":3,"name":"Men Luxury Gift Box Mr.SCRUBBER"}]},{"@type":"WebSite","@id":"https:\/\/hannaorganic.md\/ru\/#website","url":"https:\/\/hannaorganic.md\/ru\/","name":"HANNA ORGANIC","description":"Multi-Brand Cosmetic Store","potentialAction":[{"@type":"SearchAction","target":{"@type":"EntryPoint","urlTemplate":"https:\/\/hannaorganic.md\/ru\/?s={search_term_string}"},"query-input":{"@type":"PropertyValueSpecification","valueRequired":true,"valueName":"search_term_string"}}],"inLanguage":"ru-RU"}]}},"_links":{"self":[{"href":"https:\/\/hannaorganic.md\/ru\/wp-json\/wp\/v2\/product\/83546","targetHints":{"allow":["GET"]}}],"collection":[{"href":"https:\/\/hannaorganic.md\/ru\/wp-json\/wp\/v2\/product"}],"about":[{"href":"https:\/\/hannaorganic.md\/ru\/wp-json\/wp\/v2\/types\/product"}],"wp:featuredmedia":[{"embeddable":true,"href":"https:\/\/hannaorganic.md\/ru\/wp-json\/wp\/v2\/media\/83543"}],"wp:attachment":[{"href":"https:\/\/hannaorganic.md\/ru\/wp-json\/wp\/v2\/media?parent=83546"}],"wp:term":[{"taxonomy":"product_brand","embeddable":true,"href":"https:\/\/hannaorganic.md\/ru\/wp-json\/wp\/v2\/product_brand?post=83546"},{"taxonomy":"product_cat","embeddable":true,"href":"https:\/\/hannaorganic.md\/ru\/wp-json\/wp\/v2\/product_cat?post=83546"},{"taxonomy":"product_tag","embeddable":true,"href":"https:\/\/hannaorganic.md\/ru\/wp-json\/wp\/v2\/product_tag?post=83546"}],"curies":[{"name":"wp","href":"https:\/\/api.w.org\/{rel}","templated":true}]}}