{"id":83908,"date":"2024-02-20T19:13:20","date_gmt":"2024-02-20T17:13:20","guid":{"rendered":"https:\/\/hannaorganic.md\/?post_type=product&#038;p=83908"},"modified":"2026-04-29T22:25:12","modified_gmt":"2026-04-29T20:25:12","slug":"mr-scrubber-hollyskin-collaboration-hairbody-gift-box","status":"publish","type":"product","link":"https:\/\/hannaorganic.md\/ru\/produs\/mr-scrubber-hollyskin-collaboration-hairbody-gift-box\/","title":{"rendered":"Mr.SCRUBBER &amp; HOLLYSKIN Collaboration Hair&amp;Body Gift Box"},"content":{"rendered":"<p>Gift Boxul con\u021bine :<br \/>\n1.Lo\u021biune pentru corp\/m\u00e2ini &#8212; 250 ml;<br \/>\n2.Scrub pentru buze &#8212; 48 gr;<br \/>\n3.Scrub pentru scalp &#8212; 130 gr;<br \/>\n4.Scrub pentru corp cu cafea &#8212; 300 gr;<br \/>\n5.Ulei hidratant pentru p\u0103r &#8212; 30 ml.<\/p>\n","protected":false},"excerpt":{"rendered":"<p>V\u0103 propunem un set cadou complex ce con\u021bine produse pentru p\u0103r \u0219i corp. Produsele celor 2 branduri te vor cuceri de la prima utilizare. Ob\u021bine o piele de exfoliat\u0103 \u0219i hidratat\u0103 dar \u0219i o podoab\u0103 capilar\u0103 de invidiat. L\u0103sa\u021bi-v\u0103 r\u0103sf\u0103\u021ba\u021bi de scrubul de corp, de lo\u021biunea parfumat\u0103 \u0219i de celelalte produse magnifice. O cutie de-a dreptul colorat\u0103 \u0219i util\u0103 pentru orice femeie.<\/p>\n","protected":false},"featured_media":83910,"template":"","meta":[],"product_brand":[],"product_cat":[245,123,96,363,92],"product_tag":[901,840,1493,1611,1792,1513,1726,1071,1108,1258,689,1261,575,1591,1793],"class_list":{"0":"post-83908","1":"product","2":"type-product","3":"status-publish","4":"has-post-thumbnail","6":"product_cat-gift-box","7":"product_cat-holly-skin","8":"product_cat-mrscrubber-md","9":"product_cat-seturi-cadou","10":"product_cat-toate-produsele","11":"product_tag-birthday-present","12":"product_tag-body-care","13":"product_tag-body-lotion","14":"product_tag-box","15":"product_tag-collab","16":"product_tag-gift","17":"product_tag-girls","18":"product_tag-hair-care","19":"product_tag-hair-scrub","20":"product_tag-hollyskin","21":"product_tag-keratin","22":"product_tag-lip-scrub","23":"product_tag-mr-scrubber","24":"product_tag-silk","25":"product_tag-women","27":"first","28":"instock","29":"shipping-taxable","30":"purchasable","31":"product-type-simple"},"yoast_head":"<!-- This site is optimized with the Yoast SEO plugin v27.5 - https:\/\/yoast.com\/product\/yoast-seo-wordpress\/ -->\n<title>Mr.SCRUBBER &amp; HOLLYSKIN Collaboration Hair&amp;Body Gift Box - HANNA ORGANIC<\/title>\n<meta name=\"robots\" content=\"index, follow, max-snippet:-1, max-image-preview:large, max-video-preview:-1\" \/>\n<link rel=\"canonical\" href=\"https:\/\/hannaorganic.md\/ru\/produs\/mr-scrubber-hollyskin-collaboration-hairbody-gift-box\/\" \/>\n<meta property=\"og:locale\" content=\"ru_RU\" \/>\n<meta property=\"og:type\" content=\"article\" \/>\n<meta property=\"og:title\" content=\"Mr.SCRUBBER &amp; HOLLYSKIN Collaboration Hair&amp;Body Gift Box - HANNA ORGANIC\" \/>\n<meta property=\"og:description\" content=\"V\u0103 propunem un set cadou complex ce con\u021bine produse pentru p\u0103r \u0219i corp. Produsele celor 2 branduri te vor cuceri de la prima utilizare. Ob\u021bine o piele de exfoliat\u0103 \u0219i hidratat\u0103 dar \u0219i o podoab\u0103 capilar\u0103 de invidiat. L\u0103sa\u021bi-v\u0103 r\u0103sf\u0103\u021ba\u021bi de scrubul de corp, de lo\u021biunea parfumat\u0103 \u0219i de celelalte produse magnifice. O cutie de-a dreptul colorat\u0103 \u0219i util\u0103 pentru orice femeie.\" \/>\n<meta property=\"og:url\" content=\"https:\/\/hannaorganic.md\/ru\/produs\/mr-scrubber-hollyskin-collaboration-hairbody-gift-box\/\" \/>\n<meta property=\"og:site_name\" content=\"HANNA ORGANIC\" \/>\n<meta property=\"article:publisher\" content=\"https:\/\/www.facebook.com\/bluemagic.md\/\" \/>\n<meta property=\"article:modified_time\" content=\"2026-04-29T20:25:12+00:00\" \/>\n<meta property=\"og:image\" content=\"https:\/\/hannaorganic.md\/wp-content\/uploads\/2024\/02\/IMG_2111.jpeg\" \/>\n\t<meta property=\"og:image:width\" content=\"1544\" \/>\n\t<meta property=\"og:image:height\" content=\"2048\" \/>\n\t<meta property=\"og:image:type\" content=\"image\/jpeg\" \/>\n<meta name=\"twitter:card\" content=\"summary_large_image\" \/>\n<meta name=\"twitter:label1\" content=\"\u041f\u0440\u0438\u043c\u0435\u0440\u043d\u043e\u0435 \u0432\u0440\u0435\u043c\u044f \u0434\u043b\u044f \u0447\u0442\u0435\u043d\u0438\u044f\" \/>\n\t<meta name=\"twitter:data1\" content=\"1 \u043c\u0438\u043d\u0443\u0442\u0430\" \/>\n<script type=\"application\/ld+json\" class=\"yoast-schema-graph\">{\"@context\":\"https:\\\/\\\/schema.org\",\"@graph\":[{\"@type\":\"WebPage\",\"@id\":\"https:\\\/\\\/hannaorganic.md\\\/ru\\\/produs\\\/mr-scrubber-hollyskin-collaboration-hairbody-gift-box\\\/\",\"url\":\"https:\\\/\\\/hannaorganic.md\\\/ru\\\/produs\\\/mr-scrubber-hollyskin-collaboration-hairbody-gift-box\\\/\",\"name\":\"Mr.SCRUBBER &amp; HOLLYSKIN Collaboration Hair&amp;Body Gift Box - HANNA ORGANIC\",\"isPartOf\":{\"@id\":\"https:\\\/\\\/hannaorganic.md\\\/ru\\\/#website\"},\"primaryImageOfPage\":{\"@id\":\"https:\\\/\\\/hannaorganic.md\\\/ru\\\/produs\\\/mr-scrubber-hollyskin-collaboration-hairbody-gift-box\\\/#primaryimage\"},\"image\":{\"@id\":\"https:\\\/\\\/hannaorganic.md\\\/ru\\\/produs\\\/mr-scrubber-hollyskin-collaboration-hairbody-gift-box\\\/#primaryimage\"},\"thumbnailUrl\":\"https:\\\/\\\/hannaorganic.md\\\/wp-content\\\/uploads\\\/2024\\\/02\\\/IMG_2111.jpeg\",\"datePublished\":\"2024-02-20T17:13:20+00:00\",\"dateModified\":\"2026-04-29T20:25:12+00:00\",\"breadcrumb\":{\"@id\":\"https:\\\/\\\/hannaorganic.md\\\/ru\\\/produs\\\/mr-scrubber-hollyskin-collaboration-hairbody-gift-box\\\/#breadcrumb\"},\"inLanguage\":\"ru-RU\",\"potentialAction\":[{\"@type\":\"ReadAction\",\"target\":[\"https:\\\/\\\/hannaorganic.md\\\/ru\\\/produs\\\/mr-scrubber-hollyskin-collaboration-hairbody-gift-box\\\/\"]}]},{\"@type\":\"ImageObject\",\"inLanguage\":\"ru-RU\",\"@id\":\"https:\\\/\\\/hannaorganic.md\\\/ru\\\/produs\\\/mr-scrubber-hollyskin-collaboration-hairbody-gift-box\\\/#primaryimage\",\"url\":\"https:\\\/\\\/hannaorganic.md\\\/wp-content\\\/uploads\\\/2024\\\/02\\\/IMG_2111.jpeg\",\"contentUrl\":\"https:\\\/\\\/hannaorganic.md\\\/wp-content\\\/uploads\\\/2024\\\/02\\\/IMG_2111.jpeg\",\"width\":1544,\"height\":2048},{\"@type\":\"BreadcrumbList\",\"@id\":\"https:\\\/\\\/hannaorganic.md\\\/ru\\\/produs\\\/mr-scrubber-hollyskin-collaboration-hairbody-gift-box\\\/#breadcrumb\",\"itemListElement\":[{\"@type\":\"ListItem\",\"position\":1,\"name\":\"Prima pagin\u0103\",\"item\":\"https:\\\/\\\/hannaorganic.md\\\/ru\\\/hanna-organic\\\/\"},{\"@type\":\"ListItem\",\"position\":2,\"name\":\"\u041c\u0430\u0433\u0430\u0437\u0438\u043d\",\"item\":\"https:\\\/\\\/hannaorganic.md\\\/ru\\\/shop\\\/\"},{\"@type\":\"ListItem\",\"position\":3,\"name\":\"Mr.SCRUBBER &amp; HOLLYSKIN Collaboration Hair&amp;Body Gift Box\"}]},{\"@type\":\"WebSite\",\"@id\":\"https:\\\/\\\/hannaorganic.md\\\/ru\\\/#website\",\"url\":\"https:\\\/\\\/hannaorganic.md\\\/ru\\\/\",\"name\":\"HANNA ORGANIC\",\"description\":\"Multi-Brand Cosmetic Store\",\"potentialAction\":[{\"@type\":\"SearchAction\",\"target\":{\"@type\":\"EntryPoint\",\"urlTemplate\":\"https:\\\/\\\/hannaorganic.md\\\/ru\\\/?s={search_term_string}\"},\"query-input\":{\"@type\":\"PropertyValueSpecification\",\"valueRequired\":true,\"valueName\":\"search_term_string\"}}],\"inLanguage\":\"ru-RU\"}]}<\/script>\n<!-- \/ Yoast SEO plugin. -->","yoast_head_json":{"title":"Mr.SCRUBBER &amp; HOLLYSKIN Collaboration Hair&amp;Body Gift Box - HANNA ORGANIC","robots":{"index":"index","follow":"follow","max-snippet":"max-snippet:-1","max-image-preview":"max-image-preview:large","max-video-preview":"max-video-preview:-1"},"canonical":"https:\/\/hannaorganic.md\/ru\/produs\/mr-scrubber-hollyskin-collaboration-hairbody-gift-box\/","og_locale":"ru_RU","og_type":"article","og_title":"Mr.SCRUBBER &amp; HOLLYSKIN Collaboration Hair&amp;Body Gift Box - HANNA ORGANIC","og_description":"V\u0103 propunem un set cadou complex ce con\u021bine produse pentru p\u0103r \u0219i corp. Produsele celor 2 branduri te vor cuceri de la prima utilizare. Ob\u021bine o piele de exfoliat\u0103 \u0219i hidratat\u0103 dar \u0219i o podoab\u0103 capilar\u0103 de invidiat. L\u0103sa\u021bi-v\u0103 r\u0103sf\u0103\u021ba\u021bi de scrubul de corp, de lo\u021biunea parfumat\u0103 \u0219i de celelalte produse magnifice. O cutie de-a dreptul colorat\u0103 \u0219i util\u0103 pentru orice femeie.","og_url":"https:\/\/hannaorganic.md\/ru\/produs\/mr-scrubber-hollyskin-collaboration-hairbody-gift-box\/","og_site_name":"HANNA ORGANIC","article_publisher":"https:\/\/www.facebook.com\/bluemagic.md\/","article_modified_time":"2026-04-29T20:25:12+00:00","og_image":[{"width":1544,"height":2048,"url":"https:\/\/hannaorganic.md\/wp-content\/uploads\/2024\/02\/IMG_2111.jpeg","type":"image\/jpeg"}],"twitter_card":"summary_large_image","twitter_misc":{"\u041f\u0440\u0438\u043c\u0435\u0440\u043d\u043e\u0435 \u0432\u0440\u0435\u043c\u044f \u0434\u043b\u044f \u0447\u0442\u0435\u043d\u0438\u044f":"1 \u043c\u0438\u043d\u0443\u0442\u0430"},"schema":{"@context":"https:\/\/schema.org","@graph":[{"@type":"WebPage","@id":"https:\/\/hannaorganic.md\/ru\/produs\/mr-scrubber-hollyskin-collaboration-hairbody-gift-box\/","url":"https:\/\/hannaorganic.md\/ru\/produs\/mr-scrubber-hollyskin-collaboration-hairbody-gift-box\/","name":"Mr.SCRUBBER &amp; HOLLYSKIN Collaboration Hair&amp;Body Gift Box - HANNA ORGANIC","isPartOf":{"@id":"https:\/\/hannaorganic.md\/ru\/#website"},"primaryImageOfPage":{"@id":"https:\/\/hannaorganic.md\/ru\/produs\/mr-scrubber-hollyskin-collaboration-hairbody-gift-box\/#primaryimage"},"image":{"@id":"https:\/\/hannaorganic.md\/ru\/produs\/mr-scrubber-hollyskin-collaboration-hairbody-gift-box\/#primaryimage"},"thumbnailUrl":"https:\/\/hannaorganic.md\/wp-content\/uploads\/2024\/02\/IMG_2111.jpeg","datePublished":"2024-02-20T17:13:20+00:00","dateModified":"2026-04-29T20:25:12+00:00","breadcrumb":{"@id":"https:\/\/hannaorganic.md\/ru\/produs\/mr-scrubber-hollyskin-collaboration-hairbody-gift-box\/#breadcrumb"},"inLanguage":"ru-RU","potentialAction":[{"@type":"ReadAction","target":["https:\/\/hannaorganic.md\/ru\/produs\/mr-scrubber-hollyskin-collaboration-hairbody-gift-box\/"]}]},{"@type":"ImageObject","inLanguage":"ru-RU","@id":"https:\/\/hannaorganic.md\/ru\/produs\/mr-scrubber-hollyskin-collaboration-hairbody-gift-box\/#primaryimage","url":"https:\/\/hannaorganic.md\/wp-content\/uploads\/2024\/02\/IMG_2111.jpeg","contentUrl":"https:\/\/hannaorganic.md\/wp-content\/uploads\/2024\/02\/IMG_2111.jpeg","width":1544,"height":2048},{"@type":"BreadcrumbList","@id":"https:\/\/hannaorganic.md\/ru\/produs\/mr-scrubber-hollyskin-collaboration-hairbody-gift-box\/#breadcrumb","itemListElement":[{"@type":"ListItem","position":1,"name":"Prima pagin\u0103","item":"https:\/\/hannaorganic.md\/ru\/hanna-organic\/"},{"@type":"ListItem","position":2,"name":"\u041c\u0430\u0433\u0430\u0437\u0438\u043d","item":"https:\/\/hannaorganic.md\/ru\/shop\/"},{"@type":"ListItem","position":3,"name":"Mr.SCRUBBER &amp; HOLLYSKIN Collaboration Hair&amp;Body Gift Box"}]},{"@type":"WebSite","@id":"https:\/\/hannaorganic.md\/ru\/#website","url":"https:\/\/hannaorganic.md\/ru\/","name":"HANNA ORGANIC","description":"Multi-Brand Cosmetic Store","potentialAction":[{"@type":"SearchAction","target":{"@type":"EntryPoint","urlTemplate":"https:\/\/hannaorganic.md\/ru\/?s={search_term_string}"},"query-input":{"@type":"PropertyValueSpecification","valueRequired":true,"valueName":"search_term_string"}}],"inLanguage":"ru-RU"}]}},"_links":{"self":[{"href":"https:\/\/hannaorganic.md\/ru\/wp-json\/wp\/v2\/product\/83908","targetHints":{"allow":["GET"]}}],"collection":[{"href":"https:\/\/hannaorganic.md\/ru\/wp-json\/wp\/v2\/product"}],"about":[{"href":"https:\/\/hannaorganic.md\/ru\/wp-json\/wp\/v2\/types\/product"}],"wp:featuredmedia":[{"embeddable":true,"href":"https:\/\/hannaorganic.md\/ru\/wp-json\/wp\/v2\/media\/83910"}],"wp:attachment":[{"href":"https:\/\/hannaorganic.md\/ru\/wp-json\/wp\/v2\/media?parent=83908"}],"wp:term":[{"taxonomy":"product_brand","embeddable":true,"href":"https:\/\/hannaorganic.md\/ru\/wp-json\/wp\/v2\/product_brand?post=83908"},{"taxonomy":"product_cat","embeddable":true,"href":"https:\/\/hannaorganic.md\/ru\/wp-json\/wp\/v2\/product_cat?post=83908"},{"taxonomy":"product_tag","embeddable":true,"href":"https:\/\/hannaorganic.md\/ru\/wp-json\/wp\/v2\/product_tag?post=83908"}],"curies":[{"name":"wp","href":"https:\/\/api.w.org\/{rel}","templated":true}]}}