{"id":83964,"date":"2024-02-24T18:56:14","date_gmt":"2024-02-24T16:56:14","guid":{"rendered":"https:\/\/hannaorganic.md\/?post_type=product&#038;p=83964"},"modified":"2025-03-01T13:22:06","modified_gmt":"2025-03-01T11:22:06","slug":"green-tea-lemonade-hand-cream-mr-scrubber","status":"publish","type":"product","link":"https:\/\/hannaorganic.md\/ru\/produs\/green-tea-lemonade-hand-cream-mr-scrubber\/","title":{"rendered":"Green Tea Lemonade Hand Cream Mr.SCRUBBER"},"content":{"rendered":"<table class=\"product-features__table\">\n<tbody>\n<tr class=\"product-features__row\">\n<th class=\"product-features__cell product-features__cell--h\">NGREDIENTE<\/th>\n<td class=\"product-features__cell\">Aqua, Butyrospermum Parkii (Shea) Butter, Prunus Armeniaca Kernel Oil, Glicerin, Argania spinosa Oil, Tocopheryl Acetate, Caprylic\/Capric Triglyceride, Polyacrylate 13&amp;Polyisobutene&amp;Polysorbate 20, Perfume, Pigment, EthylHexylGlycerin, Phenoxyethanol.<\/td>\n<\/tr>\n<tr class=\"product-features__row\">\n<th class=\"product-features__cell product-features__cell--h\">MOD DE UTILIZARE<\/th>\n<td class=\"product-features__cell\">Se aplic\u0103 o cantitate moderat\u0103 de produs pe m\u00e2ini \u0219i se repartizeaz\u0103 uniform.<\/td>\n<\/tr>\n<tr class=\"product-features__row\">\n<th class=\"product-features__cell product-features__cell--h\">VOLUM<\/th>\n<td class=\"product-features__cell\">30 ml<\/td>\n<\/tr>\n<\/tbody>\n<\/table>\n","protected":false},"excerpt":{"rendered":"<p>Crema de maini hranitoare pe baza de unt de shea, ulei de argan si ulei de miez de caise catifeleaza, hidrateaza si hraneste instant pielea. Face m\u00e2inile foarte moi \u0219i bine \u00eengrijite, elimin\u0103 usc\u0103ciunea, exfolierea, petele pigmentare, vindec\u0103 r\u0103nile minore. Crema neteze\u0219te vizibil pielea, \u00eei confer\u0103 m\u0103t\u0103sos, creeaz\u0103 o pelicul\u0103 respirabil\u0103 la suprafa\u021b\u0103 care previne evaporarea umidit\u0103\u021bii, ofer\u0103 protec\u021bie suplimentar\u0103 \u00eempotriva efectelor nocive ale mediului. Aroma fresh de limonada cu ceai verde te va suprinde placut.<\/p>\n","protected":false},"featured_media":83965,"template":"","meta":[],"product_brand":[],"product_cat":[241,580,96,92],"product_tag":[1240,1177,1740,243,1796,1798,575,1095,1797],"class_list":{"0":"post-83964","1":"product","2":"type-product","3":"status-publish","4":"has-post-thumbnail","6":"product_cat-hands","7":"product_cat-hands-cream","8":"product_cat-mrscrubber-md","9":"product_cat-toate-produsele","10":"product_tag-babassu-oil","11":"product_tag-cream","12":"product_tag-green","13":"product_tag-hands","14":"product_tag-hydrating","15":"product_tag-lemonade","16":"product_tag-mr-scrubber","17":"product_tag-shea-butter","18":"product_tag-tea","20":"first","21":"instock","22":"shipping-taxable","23":"purchasable","24":"product-type-simple"},"yoast_head":"<!-- This site is optimized with the Yoast SEO plugin v27.5 - https:\/\/yoast.com\/product\/yoast-seo-wordpress\/ -->\n<title>Green Tea Lemonade Hand Cream Mr.SCRUBBER - HANNA ORGANIC<\/title>\n<meta name=\"robots\" content=\"index, follow, max-snippet:-1, max-image-preview:large, max-video-preview:-1\" \/>\n<link rel=\"canonical\" href=\"https:\/\/hannaorganic.md\/ru\/produs\/green-tea-lemonade-hand-cream-mr-scrubber\/\" \/>\n<meta property=\"og:locale\" content=\"ru_RU\" \/>\n<meta property=\"og:type\" content=\"article\" \/>\n<meta property=\"og:title\" content=\"Green Tea Lemonade Hand Cream Mr.SCRUBBER - HANNA ORGANIC\" \/>\n<meta property=\"og:description\" content=\"Crema de maini hranitoare pe baza de unt de shea, ulei de argan si ulei de miez de caise catifeleaza, hidrateaza si hraneste instant pielea. Face m\u00e2inile foarte moi \u0219i bine \u00eengrijite, elimin\u0103 usc\u0103ciunea, exfolierea, petele pigmentare, vindec\u0103 r\u0103nile minore. Crema neteze\u0219te vizibil pielea, \u00eei confer\u0103 m\u0103t\u0103sos, creeaz\u0103 o pelicul\u0103 respirabil\u0103 la suprafa\u021b\u0103 care previne evaporarea umidit\u0103\u021bii, ofer\u0103 protec\u021bie suplimentar\u0103 \u00eempotriva efectelor nocive ale mediului. Aroma fresh de limonada cu ceai verde te va suprinde placut.\" \/>\n<meta property=\"og:url\" content=\"https:\/\/hannaorganic.md\/ru\/produs\/green-tea-lemonade-hand-cream-mr-scrubber\/\" \/>\n<meta property=\"og:site_name\" content=\"HANNA ORGANIC\" \/>\n<meta property=\"article:publisher\" content=\"https:\/\/www.facebook.com\/bluemagic.md\/\" \/>\n<meta property=\"article:modified_time\" content=\"2025-03-01T11:22:06+00:00\" \/>\n<meta property=\"og:image\" content=\"https:\/\/hannaorganic.md\/wp-content\/uploads\/2024\/02\/IMG_2207.jpeg\" \/>\n\t<meta property=\"og:image:width\" content=\"828\" \/>\n\t<meta property=\"og:image:height\" content=\"1351\" \/>\n\t<meta property=\"og:image:type\" content=\"image\/jpeg\" \/>\n<meta name=\"twitter:card\" content=\"summary_large_image\" \/>\n<meta name=\"twitter:label1\" content=\"\u041f\u0440\u0438\u043c\u0435\u0440\u043d\u043e\u0435 \u0432\u0440\u0435\u043c\u044f \u0434\u043b\u044f \u0447\u0442\u0435\u043d\u0438\u044f\" \/>\n\t<meta name=\"twitter:data1\" content=\"1 \u043c\u0438\u043d\u0443\u0442\u0430\" \/>\n<script type=\"application\/ld+json\" class=\"yoast-schema-graph\">{\"@context\":\"https:\\\/\\\/schema.org\",\"@graph\":[{\"@type\":\"WebPage\",\"@id\":\"https:\\\/\\\/hannaorganic.md\\\/ru\\\/produs\\\/green-tea-lemonade-hand-cream-mr-scrubber\\\/\",\"url\":\"https:\\\/\\\/hannaorganic.md\\\/ru\\\/produs\\\/green-tea-lemonade-hand-cream-mr-scrubber\\\/\",\"name\":\"Green Tea Lemonade Hand Cream Mr.SCRUBBER - HANNA ORGANIC\",\"isPartOf\":{\"@id\":\"https:\\\/\\\/hannaorganic.md\\\/ru\\\/#website\"},\"primaryImageOfPage\":{\"@id\":\"https:\\\/\\\/hannaorganic.md\\\/ru\\\/produs\\\/green-tea-lemonade-hand-cream-mr-scrubber\\\/#primaryimage\"},\"image\":{\"@id\":\"https:\\\/\\\/hannaorganic.md\\\/ru\\\/produs\\\/green-tea-lemonade-hand-cream-mr-scrubber\\\/#primaryimage\"},\"thumbnailUrl\":\"https:\\\/\\\/hannaorganic.md\\\/wp-content\\\/uploads\\\/2024\\\/02\\\/IMG_2207.jpeg\",\"datePublished\":\"2024-02-24T16:56:14+00:00\",\"dateModified\":\"2025-03-01T11:22:06+00:00\",\"breadcrumb\":{\"@id\":\"https:\\\/\\\/hannaorganic.md\\\/ru\\\/produs\\\/green-tea-lemonade-hand-cream-mr-scrubber\\\/#breadcrumb\"},\"inLanguage\":\"ru-RU\",\"potentialAction\":[{\"@type\":\"ReadAction\",\"target\":[\"https:\\\/\\\/hannaorganic.md\\\/ru\\\/produs\\\/green-tea-lemonade-hand-cream-mr-scrubber\\\/\"]}]},{\"@type\":\"ImageObject\",\"inLanguage\":\"ru-RU\",\"@id\":\"https:\\\/\\\/hannaorganic.md\\\/ru\\\/produs\\\/green-tea-lemonade-hand-cream-mr-scrubber\\\/#primaryimage\",\"url\":\"https:\\\/\\\/hannaorganic.md\\\/wp-content\\\/uploads\\\/2024\\\/02\\\/IMG_2207.jpeg\",\"contentUrl\":\"https:\\\/\\\/hannaorganic.md\\\/wp-content\\\/uploads\\\/2024\\\/02\\\/IMG_2207.jpeg\",\"width\":828,\"height\":1351},{\"@type\":\"BreadcrumbList\",\"@id\":\"https:\\\/\\\/hannaorganic.md\\\/ru\\\/produs\\\/green-tea-lemonade-hand-cream-mr-scrubber\\\/#breadcrumb\",\"itemListElement\":[{\"@type\":\"ListItem\",\"position\":1,\"name\":\"Prima pagin\u0103\",\"item\":\"https:\\\/\\\/hannaorganic.md\\\/ru\\\/hanna-organic\\\/\"},{\"@type\":\"ListItem\",\"position\":2,\"name\":\"\u041c\u0430\u0433\u0430\u0437\u0438\u043d\",\"item\":\"https:\\\/\\\/hannaorganic.md\\\/ru\\\/shop\\\/\"},{\"@type\":\"ListItem\",\"position\":3,\"name\":\"Green Tea Lemonade Hand Cream Mr.SCRUBBER\"}]},{\"@type\":\"WebSite\",\"@id\":\"https:\\\/\\\/hannaorganic.md\\\/ru\\\/#website\",\"url\":\"https:\\\/\\\/hannaorganic.md\\\/ru\\\/\",\"name\":\"HANNA ORGANIC\",\"description\":\"Multi-Brand Cosmetic Store\",\"potentialAction\":[{\"@type\":\"SearchAction\",\"target\":{\"@type\":\"EntryPoint\",\"urlTemplate\":\"https:\\\/\\\/hannaorganic.md\\\/ru\\\/?s={search_term_string}\"},\"query-input\":{\"@type\":\"PropertyValueSpecification\",\"valueRequired\":true,\"valueName\":\"search_term_string\"}}],\"inLanguage\":\"ru-RU\"}]}<\/script>\n<!-- \/ Yoast SEO plugin. -->","yoast_head_json":{"title":"Green Tea Lemonade Hand Cream Mr.SCRUBBER - HANNA ORGANIC","robots":{"index":"index","follow":"follow","max-snippet":"max-snippet:-1","max-image-preview":"max-image-preview:large","max-video-preview":"max-video-preview:-1"},"canonical":"https:\/\/hannaorganic.md\/ru\/produs\/green-tea-lemonade-hand-cream-mr-scrubber\/","og_locale":"ru_RU","og_type":"article","og_title":"Green Tea Lemonade Hand Cream Mr.SCRUBBER - HANNA ORGANIC","og_description":"Crema de maini hranitoare pe baza de unt de shea, ulei de argan si ulei de miez de caise catifeleaza, hidrateaza si hraneste instant pielea. Face m\u00e2inile foarte moi \u0219i bine \u00eengrijite, elimin\u0103 usc\u0103ciunea, exfolierea, petele pigmentare, vindec\u0103 r\u0103nile minore. Crema neteze\u0219te vizibil pielea, \u00eei confer\u0103 m\u0103t\u0103sos, creeaz\u0103 o pelicul\u0103 respirabil\u0103 la suprafa\u021b\u0103 care previne evaporarea umidit\u0103\u021bii, ofer\u0103 protec\u021bie suplimentar\u0103 \u00eempotriva efectelor nocive ale mediului. Aroma fresh de limonada cu ceai verde te va suprinde placut.","og_url":"https:\/\/hannaorganic.md\/ru\/produs\/green-tea-lemonade-hand-cream-mr-scrubber\/","og_site_name":"HANNA ORGANIC","article_publisher":"https:\/\/www.facebook.com\/bluemagic.md\/","article_modified_time":"2025-03-01T11:22:06+00:00","og_image":[{"width":828,"height":1351,"url":"https:\/\/hannaorganic.md\/wp-content\/uploads\/2024\/02\/IMG_2207.jpeg","type":"image\/jpeg"}],"twitter_card":"summary_large_image","twitter_misc":{"\u041f\u0440\u0438\u043c\u0435\u0440\u043d\u043e\u0435 \u0432\u0440\u0435\u043c\u044f \u0434\u043b\u044f \u0447\u0442\u0435\u043d\u0438\u044f":"1 \u043c\u0438\u043d\u0443\u0442\u0430"},"schema":{"@context":"https:\/\/schema.org","@graph":[{"@type":"WebPage","@id":"https:\/\/hannaorganic.md\/ru\/produs\/green-tea-lemonade-hand-cream-mr-scrubber\/","url":"https:\/\/hannaorganic.md\/ru\/produs\/green-tea-lemonade-hand-cream-mr-scrubber\/","name":"Green Tea Lemonade Hand Cream Mr.SCRUBBER - HANNA ORGANIC","isPartOf":{"@id":"https:\/\/hannaorganic.md\/ru\/#website"},"primaryImageOfPage":{"@id":"https:\/\/hannaorganic.md\/ru\/produs\/green-tea-lemonade-hand-cream-mr-scrubber\/#primaryimage"},"image":{"@id":"https:\/\/hannaorganic.md\/ru\/produs\/green-tea-lemonade-hand-cream-mr-scrubber\/#primaryimage"},"thumbnailUrl":"https:\/\/hannaorganic.md\/wp-content\/uploads\/2024\/02\/IMG_2207.jpeg","datePublished":"2024-02-24T16:56:14+00:00","dateModified":"2025-03-01T11:22:06+00:00","breadcrumb":{"@id":"https:\/\/hannaorganic.md\/ru\/produs\/green-tea-lemonade-hand-cream-mr-scrubber\/#breadcrumb"},"inLanguage":"ru-RU","potentialAction":[{"@type":"ReadAction","target":["https:\/\/hannaorganic.md\/ru\/produs\/green-tea-lemonade-hand-cream-mr-scrubber\/"]}]},{"@type":"ImageObject","inLanguage":"ru-RU","@id":"https:\/\/hannaorganic.md\/ru\/produs\/green-tea-lemonade-hand-cream-mr-scrubber\/#primaryimage","url":"https:\/\/hannaorganic.md\/wp-content\/uploads\/2024\/02\/IMG_2207.jpeg","contentUrl":"https:\/\/hannaorganic.md\/wp-content\/uploads\/2024\/02\/IMG_2207.jpeg","width":828,"height":1351},{"@type":"BreadcrumbList","@id":"https:\/\/hannaorganic.md\/ru\/produs\/green-tea-lemonade-hand-cream-mr-scrubber\/#breadcrumb","itemListElement":[{"@type":"ListItem","position":1,"name":"Prima pagin\u0103","item":"https:\/\/hannaorganic.md\/ru\/hanna-organic\/"},{"@type":"ListItem","position":2,"name":"\u041c\u0430\u0433\u0430\u0437\u0438\u043d","item":"https:\/\/hannaorganic.md\/ru\/shop\/"},{"@type":"ListItem","position":3,"name":"Green Tea Lemonade Hand Cream Mr.SCRUBBER"}]},{"@type":"WebSite","@id":"https:\/\/hannaorganic.md\/ru\/#website","url":"https:\/\/hannaorganic.md\/ru\/","name":"HANNA ORGANIC","description":"Multi-Brand Cosmetic Store","potentialAction":[{"@type":"SearchAction","target":{"@type":"EntryPoint","urlTemplate":"https:\/\/hannaorganic.md\/ru\/?s={search_term_string}"},"query-input":{"@type":"PropertyValueSpecification","valueRequired":true,"valueName":"search_term_string"}}],"inLanguage":"ru-RU"}]}},"_links":{"self":[{"href":"https:\/\/hannaorganic.md\/ru\/wp-json\/wp\/v2\/product\/83964","targetHints":{"allow":["GET"]}}],"collection":[{"href":"https:\/\/hannaorganic.md\/ru\/wp-json\/wp\/v2\/product"}],"about":[{"href":"https:\/\/hannaorganic.md\/ru\/wp-json\/wp\/v2\/types\/product"}],"wp:featuredmedia":[{"embeddable":true,"href":"https:\/\/hannaorganic.md\/ru\/wp-json\/wp\/v2\/media\/83965"}],"wp:attachment":[{"href":"https:\/\/hannaorganic.md\/ru\/wp-json\/wp\/v2\/media?parent=83964"}],"wp:term":[{"taxonomy":"product_brand","embeddable":true,"href":"https:\/\/hannaorganic.md\/ru\/wp-json\/wp\/v2\/product_brand?post=83964"},{"taxonomy":"product_cat","embeddable":true,"href":"https:\/\/hannaorganic.md\/ru\/wp-json\/wp\/v2\/product_cat?post=83964"},{"taxonomy":"product_tag","embeddable":true,"href":"https:\/\/hannaorganic.md\/ru\/wp-json\/wp\/v2\/product_tag?post=83964"}],"curies":[{"name":"wp","href":"https:\/\/api.w.org\/{rel}","templated":true}]}}