{"id":83975,"date":"2024-02-25T11:25:37","date_gmt":"2024-02-25T09:25:37","guid":{"rendered":"https:\/\/hannaorganic.md\/?post_type=product&#038;p=83975"},"modified":"2026-04-18T12:52:13","modified_gmt":"2026-04-18T10:52:13","slug":"bergamot-aroma-diffuser-mr-scrubber","status":"publish","type":"product","link":"https:\/\/hannaorganic.md\/ru\/produs\/bergamot-aroma-diffuser-mr-scrubber\/","title":{"rendered":"Bergamot Aroma Diffuser Mr.SCRUBBER"},"content":{"rendered":"<p>Aroma cristalin\u0103, bogat\u0103 \u0219i proasp\u0103t\u0103 a bergamotei, combinat\u0103 cu note delicate florale \u0219i lemnoase, sun\u0103 deosebit ! Se deschide ca o r\u0103coare de diminea\u021b\u0103 \u0219i te \u00eenv\u0103luie \u00een confort, \u00ee\u021bi ridic\u0103 starea de spirit, revigoreaz\u0103 \u0219i tonific\u0103, cre\u0219te rezisten\u021ba la stres. Mirosul proasp\u0103t al bergamotei te va cuceri.<\/p>\n<p>Tip de arom\u0103 : proasp\u0103t\u0103, tart\u0103.<\/p>\n<p>Nota de varf : floare de portocal.<\/p>\n<p>Nota de inima : bergamota.<\/p>\n<p>Note de baza : sare, note lemnoase.<\/p>\n<p>Metoda de utilizare : Scoate\u021bi cu grij\u0103 produsul din cutie.<br \/>\nDe\u0219uruba\u021bi capacul, trage\u021bi capacul transparent din plastic.<br \/>\n\u00cen\u0219uruba\u021bi capacul la loc. Introdu be\u021bi\u0219oarele \u00een lichidul aromat, iar dup\u0103 5-10 secunde, r\u0103sturn\u0103m be\u021bi\u0219oarele \u0219i reintroduce\u021bi-le \u00een sticl\u0103 cu celelalte capete. Evaporarea nu necesit\u0103 \u00eenc\u0103lzire, evaporarea are loc la temperatura camerei. Intensitatea evapor\u0103rii poate fi reglat\u0103 prin num\u0103rul de be\u021bi\u0219oare introduse simultan \u00een difuzorul de arom\u0103 (cu c\u00e2t mai multe be\u021bi\u0219oare, cu at\u00e2t evaporarea este mai intens\u0103). Durata aromatiz\u0103rii camerei este de p\u00e2n\u0103 la 90 de zile. Suprafata de lucru pana la 20 m2.<\/p>\n<p>Volum : 160 ml<\/p>\n","protected":false},"excerpt":{"rendered":"<p>Un difuzor de arom\u0103 este un element elegant al decorului \u0219i al confortului casei, o arom\u0103 unic\u0103 \u0219i o estetic\u0103 subtil\u0103 a unei case moderne. Designul laconic face ca difuzorul de arom\u0103 s\u0103 fie un mare plus pentru interiorul modern, iar parfumul rafinat ofer\u0103 o arom\u0103 persistent\u0103 \u0219i deosebit\u0103.<\/p>\n","protected":false},"featured_media":83976,"template":"","meta":[],"product_brand":[],"product_cat":[801,96,92],"product_tag":[1802,1801,1803,946,829,808],"class_list":{"0":"post-83975","1":"product","2":"type-product","3":"status-publish","4":"has-post-thumbnail","6":"product_cat-home","7":"product_cat-mrscrubber-md","8":"product_cat-toate-produsele","9":"product_tag-bergamot","10":"product_tag-difusser","11":"product_tag-fragrace","12":"product_tag-fresh","13":"product_tag-home","14":"product_tag-perfume","16":"first","17":"instock","18":"shipping-taxable","19":"purchasable","20":"product-type-simple"},"yoast_head":"<!-- This site is optimized with the Yoast SEO plugin v27.5 - https:\/\/yoast.com\/product\/yoast-seo-wordpress\/ -->\n<title>Bergamot Aroma Diffuser Mr.SCRUBBER - HANNA ORGANIC<\/title>\n<meta name=\"robots\" content=\"index, follow, max-snippet:-1, max-image-preview:large, max-video-preview:-1\" \/>\n<link rel=\"canonical\" href=\"https:\/\/hannaorganic.md\/ru\/produs\/bergamot-aroma-diffuser-mr-scrubber\/\" \/>\n<meta property=\"og:locale\" content=\"ru_RU\" \/>\n<meta property=\"og:type\" content=\"article\" \/>\n<meta property=\"og:title\" content=\"Bergamot Aroma Diffuser Mr.SCRUBBER - HANNA ORGANIC\" \/>\n<meta property=\"og:description\" content=\"Un difuzor de arom\u0103 este un element elegant al decorului \u0219i al confortului casei, o arom\u0103 unic\u0103 \u0219i o estetic\u0103 subtil\u0103 a unei case moderne. Designul laconic face ca difuzorul de arom\u0103 s\u0103 fie un mare plus pentru interiorul modern, iar parfumul rafinat ofer\u0103 o arom\u0103 persistent\u0103 \u0219i deosebit\u0103.\" \/>\n<meta property=\"og:url\" content=\"https:\/\/hannaorganic.md\/ru\/produs\/bergamot-aroma-diffuser-mr-scrubber\/\" \/>\n<meta property=\"og:site_name\" content=\"HANNA ORGANIC\" \/>\n<meta property=\"article:publisher\" content=\"https:\/\/www.facebook.com\/bluemagic.md\/\" \/>\n<meta property=\"article:modified_time\" content=\"2026-04-18T10:52:13+00:00\" \/>\n<meta property=\"og:image\" content=\"https:\/\/hannaorganic.md\/wp-content\/uploads\/2024\/02\/IMG_2217.jpeg\" \/>\n\t<meta property=\"og:image:width\" content=\"828\" \/>\n\t<meta property=\"og:image:height\" content=\"1302\" \/>\n\t<meta property=\"og:image:type\" content=\"image\/jpeg\" \/>\n<meta name=\"twitter:card\" content=\"summary_large_image\" \/>\n<meta name=\"twitter:label1\" content=\"\u041f\u0440\u0438\u043c\u0435\u0440\u043d\u043e\u0435 \u0432\u0440\u0435\u043c\u044f \u0434\u043b\u044f \u0447\u0442\u0435\u043d\u0438\u044f\" \/>\n\t<meta name=\"twitter:data1\" content=\"2 \u043c\u0438\u043d\u0443\u0442\u044b\" \/>\n<script type=\"application\/ld+json\" class=\"yoast-schema-graph\">{\"@context\":\"https:\\\/\\\/schema.org\",\"@graph\":[{\"@type\":\"WebPage\",\"@id\":\"https:\\\/\\\/hannaorganic.md\\\/ru\\\/produs\\\/bergamot-aroma-diffuser-mr-scrubber\\\/\",\"url\":\"https:\\\/\\\/hannaorganic.md\\\/ru\\\/produs\\\/bergamot-aroma-diffuser-mr-scrubber\\\/\",\"name\":\"Bergamot Aroma Diffuser Mr.SCRUBBER - HANNA ORGANIC\",\"isPartOf\":{\"@id\":\"https:\\\/\\\/hannaorganic.md\\\/ru\\\/#website\"},\"primaryImageOfPage\":{\"@id\":\"https:\\\/\\\/hannaorganic.md\\\/ru\\\/produs\\\/bergamot-aroma-diffuser-mr-scrubber\\\/#primaryimage\"},\"image\":{\"@id\":\"https:\\\/\\\/hannaorganic.md\\\/ru\\\/produs\\\/bergamot-aroma-diffuser-mr-scrubber\\\/#primaryimage\"},\"thumbnailUrl\":\"https:\\\/\\\/hannaorganic.md\\\/wp-content\\\/uploads\\\/2024\\\/02\\\/IMG_2217.jpeg\",\"datePublished\":\"2024-02-25T09:25:37+00:00\",\"dateModified\":\"2026-04-18T10:52:13+00:00\",\"breadcrumb\":{\"@id\":\"https:\\\/\\\/hannaorganic.md\\\/ru\\\/produs\\\/bergamot-aroma-diffuser-mr-scrubber\\\/#breadcrumb\"},\"inLanguage\":\"ru-RU\",\"potentialAction\":[{\"@type\":\"ReadAction\",\"target\":[\"https:\\\/\\\/hannaorganic.md\\\/ru\\\/produs\\\/bergamot-aroma-diffuser-mr-scrubber\\\/\"]}]},{\"@type\":\"ImageObject\",\"inLanguage\":\"ru-RU\",\"@id\":\"https:\\\/\\\/hannaorganic.md\\\/ru\\\/produs\\\/bergamot-aroma-diffuser-mr-scrubber\\\/#primaryimage\",\"url\":\"https:\\\/\\\/hannaorganic.md\\\/wp-content\\\/uploads\\\/2024\\\/02\\\/IMG_2217.jpeg\",\"contentUrl\":\"https:\\\/\\\/hannaorganic.md\\\/wp-content\\\/uploads\\\/2024\\\/02\\\/IMG_2217.jpeg\",\"width\":828,\"height\":1302},{\"@type\":\"BreadcrumbList\",\"@id\":\"https:\\\/\\\/hannaorganic.md\\\/ru\\\/produs\\\/bergamot-aroma-diffuser-mr-scrubber\\\/#breadcrumb\",\"itemListElement\":[{\"@type\":\"ListItem\",\"position\":1,\"name\":\"Prima pagin\u0103\",\"item\":\"https:\\\/\\\/hannaorganic.md\\\/ru\\\/hanna-organic\\\/\"},{\"@type\":\"ListItem\",\"position\":2,\"name\":\"\u041c\u0430\u0433\u0430\u0437\u0438\u043d\",\"item\":\"https:\\\/\\\/hannaorganic.md\\\/ru\\\/shop\\\/\"},{\"@type\":\"ListItem\",\"position\":3,\"name\":\"Bergamot Aroma Diffuser Mr.SCRUBBER\"}]},{\"@type\":\"WebSite\",\"@id\":\"https:\\\/\\\/hannaorganic.md\\\/ru\\\/#website\",\"url\":\"https:\\\/\\\/hannaorganic.md\\\/ru\\\/\",\"name\":\"HANNA ORGANIC\",\"description\":\"Multi-Brand Cosmetic Store\",\"potentialAction\":[{\"@type\":\"SearchAction\",\"target\":{\"@type\":\"EntryPoint\",\"urlTemplate\":\"https:\\\/\\\/hannaorganic.md\\\/ru\\\/?s={search_term_string}\"},\"query-input\":{\"@type\":\"PropertyValueSpecification\",\"valueRequired\":true,\"valueName\":\"search_term_string\"}}],\"inLanguage\":\"ru-RU\"}]}<\/script>\n<!-- \/ Yoast SEO plugin. -->","yoast_head_json":{"title":"Bergamot Aroma Diffuser Mr.SCRUBBER - HANNA ORGANIC","robots":{"index":"index","follow":"follow","max-snippet":"max-snippet:-1","max-image-preview":"max-image-preview:large","max-video-preview":"max-video-preview:-1"},"canonical":"https:\/\/hannaorganic.md\/ru\/produs\/bergamot-aroma-diffuser-mr-scrubber\/","og_locale":"ru_RU","og_type":"article","og_title":"Bergamot Aroma Diffuser Mr.SCRUBBER - HANNA ORGANIC","og_description":"Un difuzor de arom\u0103 este un element elegant al decorului \u0219i al confortului casei, o arom\u0103 unic\u0103 \u0219i o estetic\u0103 subtil\u0103 a unei case moderne. Designul laconic face ca difuzorul de arom\u0103 s\u0103 fie un mare plus pentru interiorul modern, iar parfumul rafinat ofer\u0103 o arom\u0103 persistent\u0103 \u0219i deosebit\u0103.","og_url":"https:\/\/hannaorganic.md\/ru\/produs\/bergamot-aroma-diffuser-mr-scrubber\/","og_site_name":"HANNA ORGANIC","article_publisher":"https:\/\/www.facebook.com\/bluemagic.md\/","article_modified_time":"2026-04-18T10:52:13+00:00","og_image":[{"width":828,"height":1302,"url":"https:\/\/hannaorganic.md\/wp-content\/uploads\/2024\/02\/IMG_2217.jpeg","type":"image\/jpeg"}],"twitter_card":"summary_large_image","twitter_misc":{"\u041f\u0440\u0438\u043c\u0435\u0440\u043d\u043e\u0435 \u0432\u0440\u0435\u043c\u044f \u0434\u043b\u044f \u0447\u0442\u0435\u043d\u0438\u044f":"2 \u043c\u0438\u043d\u0443\u0442\u044b"},"schema":{"@context":"https:\/\/schema.org","@graph":[{"@type":"WebPage","@id":"https:\/\/hannaorganic.md\/ru\/produs\/bergamot-aroma-diffuser-mr-scrubber\/","url":"https:\/\/hannaorganic.md\/ru\/produs\/bergamot-aroma-diffuser-mr-scrubber\/","name":"Bergamot Aroma Diffuser Mr.SCRUBBER - HANNA ORGANIC","isPartOf":{"@id":"https:\/\/hannaorganic.md\/ru\/#website"},"primaryImageOfPage":{"@id":"https:\/\/hannaorganic.md\/ru\/produs\/bergamot-aroma-diffuser-mr-scrubber\/#primaryimage"},"image":{"@id":"https:\/\/hannaorganic.md\/ru\/produs\/bergamot-aroma-diffuser-mr-scrubber\/#primaryimage"},"thumbnailUrl":"https:\/\/hannaorganic.md\/wp-content\/uploads\/2024\/02\/IMG_2217.jpeg","datePublished":"2024-02-25T09:25:37+00:00","dateModified":"2026-04-18T10:52:13+00:00","breadcrumb":{"@id":"https:\/\/hannaorganic.md\/ru\/produs\/bergamot-aroma-diffuser-mr-scrubber\/#breadcrumb"},"inLanguage":"ru-RU","potentialAction":[{"@type":"ReadAction","target":["https:\/\/hannaorganic.md\/ru\/produs\/bergamot-aroma-diffuser-mr-scrubber\/"]}]},{"@type":"ImageObject","inLanguage":"ru-RU","@id":"https:\/\/hannaorganic.md\/ru\/produs\/bergamot-aroma-diffuser-mr-scrubber\/#primaryimage","url":"https:\/\/hannaorganic.md\/wp-content\/uploads\/2024\/02\/IMG_2217.jpeg","contentUrl":"https:\/\/hannaorganic.md\/wp-content\/uploads\/2024\/02\/IMG_2217.jpeg","width":828,"height":1302},{"@type":"BreadcrumbList","@id":"https:\/\/hannaorganic.md\/ru\/produs\/bergamot-aroma-diffuser-mr-scrubber\/#breadcrumb","itemListElement":[{"@type":"ListItem","position":1,"name":"Prima pagin\u0103","item":"https:\/\/hannaorganic.md\/ru\/hanna-organic\/"},{"@type":"ListItem","position":2,"name":"\u041c\u0430\u0433\u0430\u0437\u0438\u043d","item":"https:\/\/hannaorganic.md\/ru\/shop\/"},{"@type":"ListItem","position":3,"name":"Bergamot Aroma Diffuser Mr.SCRUBBER"}]},{"@type":"WebSite","@id":"https:\/\/hannaorganic.md\/ru\/#website","url":"https:\/\/hannaorganic.md\/ru\/","name":"HANNA ORGANIC","description":"Multi-Brand Cosmetic Store","potentialAction":[{"@type":"SearchAction","target":{"@type":"EntryPoint","urlTemplate":"https:\/\/hannaorganic.md\/ru\/?s={search_term_string}"},"query-input":{"@type":"PropertyValueSpecification","valueRequired":true,"valueName":"search_term_string"}}],"inLanguage":"ru-RU"}]}},"_links":{"self":[{"href":"https:\/\/hannaorganic.md\/ru\/wp-json\/wp\/v2\/product\/83975","targetHints":{"allow":["GET"]}}],"collection":[{"href":"https:\/\/hannaorganic.md\/ru\/wp-json\/wp\/v2\/product"}],"about":[{"href":"https:\/\/hannaorganic.md\/ru\/wp-json\/wp\/v2\/types\/product"}],"wp:featuredmedia":[{"embeddable":true,"href":"https:\/\/hannaorganic.md\/ru\/wp-json\/wp\/v2\/media\/83976"}],"wp:attachment":[{"href":"https:\/\/hannaorganic.md\/ru\/wp-json\/wp\/v2\/media?parent=83975"}],"wp:term":[{"taxonomy":"product_brand","embeddable":true,"href":"https:\/\/hannaorganic.md\/ru\/wp-json\/wp\/v2\/product_brand?post=83975"},{"taxonomy":"product_cat","embeddable":true,"href":"https:\/\/hannaorganic.md\/ru\/wp-json\/wp\/v2\/product_cat?post=83975"},{"taxonomy":"product_tag","embeddable":true,"href":"https:\/\/hannaorganic.md\/ru\/wp-json\/wp\/v2\/product_tag?post=83975"}],"curies":[{"name":"wp","href":"https:\/\/api.w.org\/{rel}","templated":true}]}}