{"id":83982,"date":"2024-02-25T11:54:58","date_gmt":"2024-02-25T09:54:58","guid":{"rendered":"https:\/\/hannaorganic.md\/?post_type=product&#038;p=83982"},"modified":"2024-02-25T11:55:47","modified_gmt":"2024-02-25T09:55:47","slug":"verbena-aroma-candle-mr-scrubber","status":"publish","type":"product","link":"https:\/\/hannaorganic.md\/ru\/produs\/verbena-aroma-candle-mr-scrubber\/","title":{"rendered":"Verbena Aroma Candle Mr.SCRUBBER"},"content":{"rendered":"<p>Tart \u0219i rafinat, proasp\u0103t cu note dulci f\u0103r\u0103 greutate, parfumul de l\u0103m\u00e2ie al verbenei te transport\u0103 \u00een vremurile sentimentelor str\u0103lucitoare \u0219i emo\u021biilor pure ale lui Scarlett O&#8217;Hara, asociate cu elegan\u021ba nobil\u0103 \u0219i \u00eencrederea calm\u0103. Verbena activeaz\u0103 poten\u021bialul creativ, elimin\u0103 oboseala, stresul, tensiunea, normalizeaz\u0103 somnul, promoveaz\u0103 dezvoltarea spiritual\u0103. Aroma proasp\u0103t\u0103 a Verbenei pare s\u0103 fi fost creat\u0103 pentru interioare moderne \u00eentr-un stil minimalist.<\/p>\n<p>Tip de arom\u0103 : floral, proasp\u0103t.<\/p>\n<p>Nota de varf : boabe de ienupar.<\/p>\n<p>Note de inima : verbena, citrice.<\/p>\n<p>Nota de baza : note verzi.<\/p>\n<p>Mod de utilizare : a\u0219eza\u021bi lum\u00e2narea pe o suprafa\u021b\u0103 suficient de rezistent\u0103 la c\u0103ldur\u0103. Utiliza\u021bi pentru aromatizare, decorare, crearea confortului \u00een incint\u0103. Nu l\u0103sa\u021bi lum\u00e2narea s\u0103 se ard\u0103 complet. Lum\u00e2narea nu trebuie s\u0103 ard\u0103 mai mult de 4 ore. Dup\u0103 aprindere, lum\u00e2narea ar trebui s\u0103 ard\u0103 p\u00e2n\u0103 c\u00e2nd suprafa\u021ba cerii este complet topit\u0103, pentru a preveni formarea depresiilor nedorite, pentru a men\u021bine arderea optim\u0103. \u00cen niciun caz nu l\u0103sa\u021bi o lum\u00e2nare aprins\u0103 nesupravegheat\u0103 l\u00e2ng\u0103 obiecte inflamabile. A nu se l\u0103sa la \u00eendem\u00e2na copiilor \u0219i a animalelor de companie.<\/p>\n<p>Volum : 225 ml<\/p>\n<p>&nbsp;<\/p>\n","protected":false},"excerpt":{"rendered":"<p>O lum\u00e2nare de soia aromat\u0103 umple camera cu o arom\u0103 magic\u0103, creeaz\u0103 o stare de spirit, treze\u0219te sentimente \u0219i amintiri, ofer\u0103 o atmosfer\u0103 unic\u0103 de c\u0103ldur\u0103 \u0219i pace. O lum\u00e2nare natural\u0103 din soia arde curat \u0219i pentru o lung\u0103 perioad\u0103 de timp, nu emite substan\u021be periculoase.<\/p>\n","protected":false},"featured_media":83983,"template":"","meta":[],"product_brand":[],"product_cat":[802,801,96,92],"product_tag":[1805,829,808,1808],"class_list":{"0":"post-83982","1":"product","2":"type-product","3":"status-publish","4":"has-post-thumbnail","6":"product_cat-candles","7":"product_cat-home","8":"product_cat-mrscrubber-md","9":"product_cat-toate-produsele","10":"product_tag-candle","11":"product_tag-home","12":"product_tag-perfume","13":"product_tag-verbena","15":"first","16":"instock","17":"shipping-taxable","18":"purchasable","19":"product-type-simple"},"yoast_head":"<!-- This site is optimized with the Yoast SEO plugin v27.5 - https:\/\/yoast.com\/product\/yoast-seo-wordpress\/ -->\n<title>Verbena Aroma Candle Mr.SCRUBBER - HANNA ORGANIC<\/title>\n<meta name=\"robots\" content=\"index, follow, max-snippet:-1, max-image-preview:large, max-video-preview:-1\" \/>\n<link rel=\"canonical\" href=\"https:\/\/hannaorganic.md\/ru\/produs\/verbena-aroma-candle-mr-scrubber\/\" \/>\n<meta property=\"og:locale\" content=\"ru_RU\" \/>\n<meta property=\"og:type\" content=\"article\" \/>\n<meta property=\"og:title\" content=\"Verbena Aroma Candle Mr.SCRUBBER - HANNA ORGANIC\" \/>\n<meta property=\"og:description\" content=\"O lum\u00e2nare de soia aromat\u0103 umple camera cu o arom\u0103 magic\u0103, creeaz\u0103 o stare de spirit, treze\u0219te sentimente \u0219i amintiri, ofer\u0103 o atmosfer\u0103 unic\u0103 de c\u0103ldur\u0103 \u0219i pace. O lum\u00e2nare natural\u0103 din soia arde curat \u0219i pentru o lung\u0103 perioad\u0103 de timp, nu emite substan\u021be periculoase.\" \/>\n<meta property=\"og:url\" content=\"https:\/\/hannaorganic.md\/ru\/produs\/verbena-aroma-candle-mr-scrubber\/\" \/>\n<meta property=\"og:site_name\" content=\"HANNA ORGANIC\" \/>\n<meta property=\"article:publisher\" content=\"https:\/\/www.facebook.com\/bluemagic.md\/\" \/>\n<meta property=\"article:modified_time\" content=\"2024-02-25T09:55:47+00:00\" \/>\n<meta property=\"og:image\" content=\"https:\/\/hannaorganic.md\/wp-content\/uploads\/2024\/02\/IMG_2218-1.jpeg\" \/>\n\t<meta property=\"og:image:width\" content=\"828\" \/>\n\t<meta property=\"og:image:height\" content=\"1272\" \/>\n\t<meta property=\"og:image:type\" content=\"image\/jpeg\" \/>\n<meta name=\"twitter:card\" content=\"summary_large_image\" \/>\n<meta name=\"twitter:label1\" content=\"\u041f\u0440\u0438\u043c\u0435\u0440\u043d\u043e\u0435 \u0432\u0440\u0435\u043c\u044f \u0434\u043b\u044f \u0447\u0442\u0435\u043d\u0438\u044f\" \/>\n\t<meta name=\"twitter:data1\" content=\"2 \u043c\u0438\u043d\u0443\u0442\u044b\" \/>\n<script type=\"application\/ld+json\" class=\"yoast-schema-graph\">{\"@context\":\"https:\\\/\\\/schema.org\",\"@graph\":[{\"@type\":\"WebPage\",\"@id\":\"https:\\\/\\\/hannaorganic.md\\\/ru\\\/produs\\\/verbena-aroma-candle-mr-scrubber\\\/\",\"url\":\"https:\\\/\\\/hannaorganic.md\\\/ru\\\/produs\\\/verbena-aroma-candle-mr-scrubber\\\/\",\"name\":\"Verbena Aroma Candle Mr.SCRUBBER - HANNA ORGANIC\",\"isPartOf\":{\"@id\":\"https:\\\/\\\/hannaorganic.md\\\/ru\\\/#website\"},\"primaryImageOfPage\":{\"@id\":\"https:\\\/\\\/hannaorganic.md\\\/ru\\\/produs\\\/verbena-aroma-candle-mr-scrubber\\\/#primaryimage\"},\"image\":{\"@id\":\"https:\\\/\\\/hannaorganic.md\\\/ru\\\/produs\\\/verbena-aroma-candle-mr-scrubber\\\/#primaryimage\"},\"thumbnailUrl\":\"https:\\\/\\\/hannaorganic.md\\\/wp-content\\\/uploads\\\/2024\\\/02\\\/IMG_2218-1.jpeg\",\"datePublished\":\"2024-02-25T09:54:58+00:00\",\"dateModified\":\"2024-02-25T09:55:47+00:00\",\"breadcrumb\":{\"@id\":\"https:\\\/\\\/hannaorganic.md\\\/ru\\\/produs\\\/verbena-aroma-candle-mr-scrubber\\\/#breadcrumb\"},\"inLanguage\":\"ru-RU\",\"potentialAction\":[{\"@type\":\"ReadAction\",\"target\":[\"https:\\\/\\\/hannaorganic.md\\\/ru\\\/produs\\\/verbena-aroma-candle-mr-scrubber\\\/\"]}]},{\"@type\":\"ImageObject\",\"inLanguage\":\"ru-RU\",\"@id\":\"https:\\\/\\\/hannaorganic.md\\\/ru\\\/produs\\\/verbena-aroma-candle-mr-scrubber\\\/#primaryimage\",\"url\":\"https:\\\/\\\/hannaorganic.md\\\/wp-content\\\/uploads\\\/2024\\\/02\\\/IMG_2218-1.jpeg\",\"contentUrl\":\"https:\\\/\\\/hannaorganic.md\\\/wp-content\\\/uploads\\\/2024\\\/02\\\/IMG_2218-1.jpeg\",\"width\":828,\"height\":1272},{\"@type\":\"BreadcrumbList\",\"@id\":\"https:\\\/\\\/hannaorganic.md\\\/ru\\\/produs\\\/verbena-aroma-candle-mr-scrubber\\\/#breadcrumb\",\"itemListElement\":[{\"@type\":\"ListItem\",\"position\":1,\"name\":\"Prima pagin\u0103\",\"item\":\"https:\\\/\\\/hannaorganic.md\\\/ru\\\/hanna-organic\\\/\"},{\"@type\":\"ListItem\",\"position\":2,\"name\":\"\u041c\u0430\u0433\u0430\u0437\u0438\u043d\",\"item\":\"https:\\\/\\\/hannaorganic.md\\\/ru\\\/shop\\\/\"},{\"@type\":\"ListItem\",\"position\":3,\"name\":\"Verbena Aroma Candle Mr.SCRUBBER\"}]},{\"@type\":\"WebSite\",\"@id\":\"https:\\\/\\\/hannaorganic.md\\\/ru\\\/#website\",\"url\":\"https:\\\/\\\/hannaorganic.md\\\/ru\\\/\",\"name\":\"HANNA ORGANIC\",\"description\":\"Multi-Brand Cosmetic Store\",\"potentialAction\":[{\"@type\":\"SearchAction\",\"target\":{\"@type\":\"EntryPoint\",\"urlTemplate\":\"https:\\\/\\\/hannaorganic.md\\\/ru\\\/?s={search_term_string}\"},\"query-input\":{\"@type\":\"PropertyValueSpecification\",\"valueRequired\":true,\"valueName\":\"search_term_string\"}}],\"inLanguage\":\"ru-RU\"}]}<\/script>\n<!-- \/ Yoast SEO plugin. -->","yoast_head_json":{"title":"Verbena Aroma Candle Mr.SCRUBBER - HANNA ORGANIC","robots":{"index":"index","follow":"follow","max-snippet":"max-snippet:-1","max-image-preview":"max-image-preview:large","max-video-preview":"max-video-preview:-1"},"canonical":"https:\/\/hannaorganic.md\/ru\/produs\/verbena-aroma-candle-mr-scrubber\/","og_locale":"ru_RU","og_type":"article","og_title":"Verbena Aroma Candle Mr.SCRUBBER - HANNA ORGANIC","og_description":"O lum\u00e2nare de soia aromat\u0103 umple camera cu o arom\u0103 magic\u0103, creeaz\u0103 o stare de spirit, treze\u0219te sentimente \u0219i amintiri, ofer\u0103 o atmosfer\u0103 unic\u0103 de c\u0103ldur\u0103 \u0219i pace. O lum\u00e2nare natural\u0103 din soia arde curat \u0219i pentru o lung\u0103 perioad\u0103 de timp, nu emite substan\u021be periculoase.","og_url":"https:\/\/hannaorganic.md\/ru\/produs\/verbena-aroma-candle-mr-scrubber\/","og_site_name":"HANNA ORGANIC","article_publisher":"https:\/\/www.facebook.com\/bluemagic.md\/","article_modified_time":"2024-02-25T09:55:47+00:00","og_image":[{"width":828,"height":1272,"url":"https:\/\/hannaorganic.md\/wp-content\/uploads\/2024\/02\/IMG_2218-1.jpeg","type":"image\/jpeg"}],"twitter_card":"summary_large_image","twitter_misc":{"\u041f\u0440\u0438\u043c\u0435\u0440\u043d\u043e\u0435 \u0432\u0440\u0435\u043c\u044f \u0434\u043b\u044f \u0447\u0442\u0435\u043d\u0438\u044f":"2 \u043c\u0438\u043d\u0443\u0442\u044b"},"schema":{"@context":"https:\/\/schema.org","@graph":[{"@type":"WebPage","@id":"https:\/\/hannaorganic.md\/ru\/produs\/verbena-aroma-candle-mr-scrubber\/","url":"https:\/\/hannaorganic.md\/ru\/produs\/verbena-aroma-candle-mr-scrubber\/","name":"Verbena Aroma Candle Mr.SCRUBBER - HANNA ORGANIC","isPartOf":{"@id":"https:\/\/hannaorganic.md\/ru\/#website"},"primaryImageOfPage":{"@id":"https:\/\/hannaorganic.md\/ru\/produs\/verbena-aroma-candle-mr-scrubber\/#primaryimage"},"image":{"@id":"https:\/\/hannaorganic.md\/ru\/produs\/verbena-aroma-candle-mr-scrubber\/#primaryimage"},"thumbnailUrl":"https:\/\/hannaorganic.md\/wp-content\/uploads\/2024\/02\/IMG_2218-1.jpeg","datePublished":"2024-02-25T09:54:58+00:00","dateModified":"2024-02-25T09:55:47+00:00","breadcrumb":{"@id":"https:\/\/hannaorganic.md\/ru\/produs\/verbena-aroma-candle-mr-scrubber\/#breadcrumb"},"inLanguage":"ru-RU","potentialAction":[{"@type":"ReadAction","target":["https:\/\/hannaorganic.md\/ru\/produs\/verbena-aroma-candle-mr-scrubber\/"]}]},{"@type":"ImageObject","inLanguage":"ru-RU","@id":"https:\/\/hannaorganic.md\/ru\/produs\/verbena-aroma-candle-mr-scrubber\/#primaryimage","url":"https:\/\/hannaorganic.md\/wp-content\/uploads\/2024\/02\/IMG_2218-1.jpeg","contentUrl":"https:\/\/hannaorganic.md\/wp-content\/uploads\/2024\/02\/IMG_2218-1.jpeg","width":828,"height":1272},{"@type":"BreadcrumbList","@id":"https:\/\/hannaorganic.md\/ru\/produs\/verbena-aroma-candle-mr-scrubber\/#breadcrumb","itemListElement":[{"@type":"ListItem","position":1,"name":"Prima pagin\u0103","item":"https:\/\/hannaorganic.md\/ru\/hanna-organic\/"},{"@type":"ListItem","position":2,"name":"\u041c\u0430\u0433\u0430\u0437\u0438\u043d","item":"https:\/\/hannaorganic.md\/ru\/shop\/"},{"@type":"ListItem","position":3,"name":"Verbena Aroma Candle Mr.SCRUBBER"}]},{"@type":"WebSite","@id":"https:\/\/hannaorganic.md\/ru\/#website","url":"https:\/\/hannaorganic.md\/ru\/","name":"HANNA ORGANIC","description":"Multi-Brand Cosmetic Store","potentialAction":[{"@type":"SearchAction","target":{"@type":"EntryPoint","urlTemplate":"https:\/\/hannaorganic.md\/ru\/?s={search_term_string}"},"query-input":{"@type":"PropertyValueSpecification","valueRequired":true,"valueName":"search_term_string"}}],"inLanguage":"ru-RU"}]}},"_links":{"self":[{"href":"https:\/\/hannaorganic.md\/ru\/wp-json\/wp\/v2\/product\/83982","targetHints":{"allow":["GET"]}}],"collection":[{"href":"https:\/\/hannaorganic.md\/ru\/wp-json\/wp\/v2\/product"}],"about":[{"href":"https:\/\/hannaorganic.md\/ru\/wp-json\/wp\/v2\/types\/product"}],"wp:featuredmedia":[{"embeddable":true,"href":"https:\/\/hannaorganic.md\/ru\/wp-json\/wp\/v2\/media\/83983"}],"wp:attachment":[{"href":"https:\/\/hannaorganic.md\/ru\/wp-json\/wp\/v2\/media?parent=83982"}],"wp:term":[{"taxonomy":"product_brand","embeddable":true,"href":"https:\/\/hannaorganic.md\/ru\/wp-json\/wp\/v2\/product_brand?post=83982"},{"taxonomy":"product_cat","embeddable":true,"href":"https:\/\/hannaorganic.md\/ru\/wp-json\/wp\/v2\/product_cat?post=83982"},{"taxonomy":"product_tag","embeddable":true,"href":"https:\/\/hannaorganic.md\/ru\/wp-json\/wp\/v2\/product_tag?post=83982"}],"curies":[{"name":"wp","href":"https:\/\/api.w.org\/{rel}","templated":true}]}}