{"id":84000,"date":"2024-02-25T14:30:20","date_gmt":"2024-02-25T12:30:20","guid":{"rendered":"https:\/\/hannaorganic.md\/?post_type=product&#038;p=84000"},"modified":"2026-04-18T12:51:42","modified_gmt":"2026-04-18T10:51:42","slug":"cobalamin-b12-pink-face-serum-mr-scrubber","status":"publish","type":"product","link":"https:\/\/hannaorganic.md\/ru\/produs\/cobalamin-b12-pink-face-serum-mr-scrubber\/","title":{"rendered":"Cobalamin B12 Pink Face Serum Mr.SCRUBBER"},"content":{"rendered":"<p>Serul este recomandat pentru toate tipurile de piele, \u00een special pentru pielea sensibil\u0103 \u0219i pielea cu o barier\u0103 de protec\u021bie deteriorat\u0103.<\/p>\n<p>Cum functioneaza :<\/p>\n<p>-cianocobalamina, vitamina B12, favorizeaz\u0103 vindecarea microleziunilor \u0219i men\u021bine un ten s\u0103n\u0103tos;<\/p>\n<p>-niacinamida, vitamina B3, regleaza productia de sebum, restabileste echilibrul si reduce aparitia acneei;<\/p>\n<p>-extractul de frunze de centella asiatica calmeaza pielea si favorizeaza vindecarea ranilor si inflamatiilor;<\/p>\n<p>-extractul de r\u0103d\u0103cin\u0103 de scobi\u021b\u0103 Baikal are propriet\u0103\u021bi antioxidante, protejeaz\u0103 derma de efectele nocive ale radicalilor liberi;<\/p>\n<p>-extractul de r\u0103d\u0103cin\u0103 de arpa\u0219 are propriet\u0103\u021bi antiseptice, ajut\u0103 la reducerea proceselor inflamatorii;<\/p>\n<p>-extractul de frunze de rozmarin contine antioxidanti, sustine culoarea sanatoasa a pielii si reduce pierderea de umiditate;<\/p>\n<p>-Aquaxyl, un complex hidratant, ajut\u0103 la re\u021binerea umidit\u0103\u021bii, restabile\u0219te \u0219i \u00eent\u0103re\u0219te bariera protectoare;<\/p>\n<p>-Uleiul de s\u00e2mburi de piersici are propriet\u0103\u021bi hidratante \u0219i ajut\u0103 la calmarea pielii uscate sau iritate ale fe\u021bei.<\/p>\n<p>Efect :<\/p>\n<p>-\u00eentre\u021binerea, refacerea \u0219i \u00eent\u0103rirea barierei de protec\u021bie a pielii;<br \/>\n-cre\u0219terea nivelului de hidratare a pielii;<br \/>\n-calmeaz\u0103 \u0219i contracareaz\u0103 ro\u0219ea\u021ba pielii;<br \/>\n-regenerarea pielii \u0219i \u00eembun\u0103t\u0103\u021birea texturii.<\/p>\n<p>Compozitie : Aqua (apa), capryl-caprylate\/caprat, caprylic\/capric triglicerida, prunus persica kernel oil, trilaureth-4 phosphate, xilitilglucozid, anhidroxilitol, xilitol, coco-caprylate, tocoferil acetat, carbomer, poliglicerin-6, centella Extract de frunze de Asiatica, Extract de r\u0103d\u0103cin\u0103 de Scutellaria Baicalensis, Extract de fructe de Hylocereus Undatus, Extract de frunze de Camellia Sinensis, Extract de r\u0103d\u0103cin\u0103 de Glycyrrhiza Glabra (lemn dulce), Extract de r\u0103d\u0103cin\u0103 de Berberis Vulgaris, Extract de frunze de Rosmarinus Officinalis (Rozmarin), Trianocobalamida, Phylamine, cianocobalamina, cianoxid de glicerina ol, Parfum.<\/p>\n<p>Mod de utilizare : aplicati cateva picaturi de ser pe pielea curatata a fetei dimineata si seara, evitand zona ochilor. Serul nu necesit\u0103 aplicare suplimentar\u0103 de crem\u0103.<\/p>\n<p>Contraindica\u021bii : sensibilitate individual\u0103 la componentele produsului. Evita contactul cu ochii. \u00cen caz de contact cu ochii, cl\u0103ti\u021bi imediat cu ap\u0103, dac\u0103 este necesar consulta\u021bi un medic<\/p>\n<p>Volum : 30 ml<\/p>\n","protected":false},"excerpt":{"rendered":"<p>Serul unic calmant pentru men\u021binerea barierei protectoare a pielii faciale Cobalamin B12 este special conceput pentru a reduce irita\u021bia \u0219i pentru a \u00eembun\u0103t\u0103\u021bi starea pielii. Con\u021bine vitamine, complexe de hidratare \u0219i extracte de plante pentru a satura pielea cu componente utile \u0219i pentru a \u00eembun\u0103t\u0103\u021bi semnificativ tonusul \u0219i microrelieful fe\u021bei. Are un efect de hidratare instant si ajuta la refacerea barierei protectoare a pielii. Cu utilizarea regulat\u0103, serul ajut\u0103 la calmarea pielii iritate \u0219i la reducerea ro\u0219ea\u021b\u0103.<\/p>\n","protected":false},"featured_media":84001,"template":"","meta":[],"product_brand":[],"product_cat":[100,96,109,92],"product_tag":[1354,1812,1026,1293,1796,575,1048,990,697],"class_list":{"0":"post-84000","1":"product","2":"type-product","3":"status-publish","4":"has-post-thumbnail","6":"product_cat-fata","7":"product_cat-mrscrubber-md","8":"product_cat-serum","9":"product_cat-toate-produsele","10":"product_tag-all-skin-types","11":"product_tag-cobalamin","12":"product_tag-daily-routine","13":"product_tag-face","14":"product_tag-hydrating","15":"product_tag-mr-scrubber","16":"product_tag-pink","17":"product_tag-serum","18":"product_tag-vitamins","20":"first","21":"outofstock","22":"sale","23":"shipping-taxable","24":"purchasable","25":"product-type-simple"},"yoast_head":"<!-- This site is optimized with the Yoast SEO plugin v27.5 - https:\/\/yoast.com\/product\/yoast-seo-wordpress\/ -->\n<title>Cobalamin B12 Pink Face Serum Mr.SCRUBBER - HANNA ORGANIC<\/title>\n<meta name=\"robots\" content=\"index, follow, max-snippet:-1, max-image-preview:large, max-video-preview:-1\" \/>\n<link rel=\"canonical\" href=\"https:\/\/hannaorganic.md\/ru\/produs\/cobalamin-b12-pink-face-serum-mr-scrubber\/\" \/>\n<meta property=\"og:locale\" content=\"ru_RU\" \/>\n<meta property=\"og:type\" content=\"article\" \/>\n<meta property=\"og:title\" content=\"Cobalamin B12 Pink Face Serum Mr.SCRUBBER - HANNA ORGANIC\" \/>\n<meta property=\"og:description\" content=\"Serul unic calmant pentru men\u021binerea barierei protectoare a pielii faciale Cobalamin B12 este special conceput pentru a reduce irita\u021bia \u0219i pentru a \u00eembun\u0103t\u0103\u021bi starea pielii. Con\u021bine vitamine, complexe de hidratare \u0219i extracte de plante pentru a satura pielea cu componente utile \u0219i pentru a \u00eembun\u0103t\u0103\u021bi semnificativ tonusul \u0219i microrelieful fe\u021bei. Are un efect de hidratare instant si ajuta la refacerea barierei protectoare a pielii. Cu utilizarea regulat\u0103, serul ajut\u0103 la calmarea pielii iritate \u0219i la reducerea ro\u0219ea\u021b\u0103.\" \/>\n<meta property=\"og:url\" content=\"https:\/\/hannaorganic.md\/ru\/produs\/cobalamin-b12-pink-face-serum-mr-scrubber\/\" \/>\n<meta property=\"og:site_name\" content=\"HANNA ORGANIC\" \/>\n<meta property=\"article:publisher\" content=\"https:\/\/www.facebook.com\/bluemagic.md\/\" \/>\n<meta property=\"article:modified_time\" content=\"2026-04-18T10:51:42+00:00\" \/>\n<meta property=\"og:image\" content=\"https:\/\/hannaorganic.md\/wp-content\/uploads\/2024\/02\/IMG_2284.jpeg\" \/>\n\t<meta property=\"og:image:width\" content=\"828\" \/>\n\t<meta property=\"og:image:height\" content=\"1329\" \/>\n\t<meta property=\"og:image:type\" content=\"image\/jpeg\" \/>\n<meta name=\"twitter:card\" content=\"summary_large_image\" \/>\n<meta name=\"twitter:label1\" content=\"\u041f\u0440\u0438\u043c\u0435\u0440\u043d\u043e\u0435 \u0432\u0440\u0435\u043c\u044f \u0434\u043b\u044f \u0447\u0442\u0435\u043d\u0438\u044f\" \/>\n\t<meta name=\"twitter:data1\" content=\"2 \u043c\u0438\u043d\u0443\u0442\u044b\" \/>\n<script type=\"application\/ld+json\" class=\"yoast-schema-graph\">{\"@context\":\"https:\\\/\\\/schema.org\",\"@graph\":[{\"@type\":\"WebPage\",\"@id\":\"https:\\\/\\\/hannaorganic.md\\\/ru\\\/produs\\\/cobalamin-b12-pink-face-serum-mr-scrubber\\\/\",\"url\":\"https:\\\/\\\/hannaorganic.md\\\/ru\\\/produs\\\/cobalamin-b12-pink-face-serum-mr-scrubber\\\/\",\"name\":\"Cobalamin B12 Pink Face Serum Mr.SCRUBBER - HANNA ORGANIC\",\"isPartOf\":{\"@id\":\"https:\\\/\\\/hannaorganic.md\\\/ru\\\/#website\"},\"primaryImageOfPage\":{\"@id\":\"https:\\\/\\\/hannaorganic.md\\\/ru\\\/produs\\\/cobalamin-b12-pink-face-serum-mr-scrubber\\\/#primaryimage\"},\"image\":{\"@id\":\"https:\\\/\\\/hannaorganic.md\\\/ru\\\/produs\\\/cobalamin-b12-pink-face-serum-mr-scrubber\\\/#primaryimage\"},\"thumbnailUrl\":\"https:\\\/\\\/hannaorganic.md\\\/wp-content\\\/uploads\\\/2024\\\/02\\\/IMG_2284.jpeg\",\"datePublished\":\"2024-02-25T12:30:20+00:00\",\"dateModified\":\"2026-04-18T10:51:42+00:00\",\"breadcrumb\":{\"@id\":\"https:\\\/\\\/hannaorganic.md\\\/ru\\\/produs\\\/cobalamin-b12-pink-face-serum-mr-scrubber\\\/#breadcrumb\"},\"inLanguage\":\"ru-RU\",\"potentialAction\":[{\"@type\":\"ReadAction\",\"target\":[\"https:\\\/\\\/hannaorganic.md\\\/ru\\\/produs\\\/cobalamin-b12-pink-face-serum-mr-scrubber\\\/\"]}]},{\"@type\":\"ImageObject\",\"inLanguage\":\"ru-RU\",\"@id\":\"https:\\\/\\\/hannaorganic.md\\\/ru\\\/produs\\\/cobalamin-b12-pink-face-serum-mr-scrubber\\\/#primaryimage\",\"url\":\"https:\\\/\\\/hannaorganic.md\\\/wp-content\\\/uploads\\\/2024\\\/02\\\/IMG_2284.jpeg\",\"contentUrl\":\"https:\\\/\\\/hannaorganic.md\\\/wp-content\\\/uploads\\\/2024\\\/02\\\/IMG_2284.jpeg\",\"width\":828,\"height\":1329},{\"@type\":\"BreadcrumbList\",\"@id\":\"https:\\\/\\\/hannaorganic.md\\\/ru\\\/produs\\\/cobalamin-b12-pink-face-serum-mr-scrubber\\\/#breadcrumb\",\"itemListElement\":[{\"@type\":\"ListItem\",\"position\":1,\"name\":\"Prima pagin\u0103\",\"item\":\"https:\\\/\\\/hannaorganic.md\\\/ru\\\/hanna-organic\\\/\"},{\"@type\":\"ListItem\",\"position\":2,\"name\":\"\u041c\u0430\u0433\u0430\u0437\u0438\u043d\",\"item\":\"https:\\\/\\\/hannaorganic.md\\\/ru\\\/shop\\\/\"},{\"@type\":\"ListItem\",\"position\":3,\"name\":\"Cobalamin B12 Pink Face Serum Mr.SCRUBBER\"}]},{\"@type\":\"WebSite\",\"@id\":\"https:\\\/\\\/hannaorganic.md\\\/ru\\\/#website\",\"url\":\"https:\\\/\\\/hannaorganic.md\\\/ru\\\/\",\"name\":\"HANNA ORGANIC\",\"description\":\"Multi-Brand Cosmetic Store\",\"potentialAction\":[{\"@type\":\"SearchAction\",\"target\":{\"@type\":\"EntryPoint\",\"urlTemplate\":\"https:\\\/\\\/hannaorganic.md\\\/ru\\\/?s={search_term_string}\"},\"query-input\":{\"@type\":\"PropertyValueSpecification\",\"valueRequired\":true,\"valueName\":\"search_term_string\"}}],\"inLanguage\":\"ru-RU\"}]}<\/script>\n<!-- \/ Yoast SEO plugin. -->","yoast_head_json":{"title":"Cobalamin B12 Pink Face Serum Mr.SCRUBBER - HANNA ORGANIC","robots":{"index":"index","follow":"follow","max-snippet":"max-snippet:-1","max-image-preview":"max-image-preview:large","max-video-preview":"max-video-preview:-1"},"canonical":"https:\/\/hannaorganic.md\/ru\/produs\/cobalamin-b12-pink-face-serum-mr-scrubber\/","og_locale":"ru_RU","og_type":"article","og_title":"Cobalamin B12 Pink Face Serum Mr.SCRUBBER - HANNA ORGANIC","og_description":"Serul unic calmant pentru men\u021binerea barierei protectoare a pielii faciale Cobalamin B12 este special conceput pentru a reduce irita\u021bia \u0219i pentru a \u00eembun\u0103t\u0103\u021bi starea pielii. Con\u021bine vitamine, complexe de hidratare \u0219i extracte de plante pentru a satura pielea cu componente utile \u0219i pentru a \u00eembun\u0103t\u0103\u021bi semnificativ tonusul \u0219i microrelieful fe\u021bei. Are un efect de hidratare instant si ajuta la refacerea barierei protectoare a pielii. Cu utilizarea regulat\u0103, serul ajut\u0103 la calmarea pielii iritate \u0219i la reducerea ro\u0219ea\u021b\u0103.","og_url":"https:\/\/hannaorganic.md\/ru\/produs\/cobalamin-b12-pink-face-serum-mr-scrubber\/","og_site_name":"HANNA ORGANIC","article_publisher":"https:\/\/www.facebook.com\/bluemagic.md\/","article_modified_time":"2026-04-18T10:51:42+00:00","og_image":[{"width":828,"height":1329,"url":"https:\/\/hannaorganic.md\/wp-content\/uploads\/2024\/02\/IMG_2284.jpeg","type":"image\/jpeg"}],"twitter_card":"summary_large_image","twitter_misc":{"\u041f\u0440\u0438\u043c\u0435\u0440\u043d\u043e\u0435 \u0432\u0440\u0435\u043c\u044f \u0434\u043b\u044f \u0447\u0442\u0435\u043d\u0438\u044f":"2 \u043c\u0438\u043d\u0443\u0442\u044b"},"schema":{"@context":"https:\/\/schema.org","@graph":[{"@type":"WebPage","@id":"https:\/\/hannaorganic.md\/ru\/produs\/cobalamin-b12-pink-face-serum-mr-scrubber\/","url":"https:\/\/hannaorganic.md\/ru\/produs\/cobalamin-b12-pink-face-serum-mr-scrubber\/","name":"Cobalamin B12 Pink Face Serum Mr.SCRUBBER - HANNA ORGANIC","isPartOf":{"@id":"https:\/\/hannaorganic.md\/ru\/#website"},"primaryImageOfPage":{"@id":"https:\/\/hannaorganic.md\/ru\/produs\/cobalamin-b12-pink-face-serum-mr-scrubber\/#primaryimage"},"image":{"@id":"https:\/\/hannaorganic.md\/ru\/produs\/cobalamin-b12-pink-face-serum-mr-scrubber\/#primaryimage"},"thumbnailUrl":"https:\/\/hannaorganic.md\/wp-content\/uploads\/2024\/02\/IMG_2284.jpeg","datePublished":"2024-02-25T12:30:20+00:00","dateModified":"2026-04-18T10:51:42+00:00","breadcrumb":{"@id":"https:\/\/hannaorganic.md\/ru\/produs\/cobalamin-b12-pink-face-serum-mr-scrubber\/#breadcrumb"},"inLanguage":"ru-RU","potentialAction":[{"@type":"ReadAction","target":["https:\/\/hannaorganic.md\/ru\/produs\/cobalamin-b12-pink-face-serum-mr-scrubber\/"]}]},{"@type":"ImageObject","inLanguage":"ru-RU","@id":"https:\/\/hannaorganic.md\/ru\/produs\/cobalamin-b12-pink-face-serum-mr-scrubber\/#primaryimage","url":"https:\/\/hannaorganic.md\/wp-content\/uploads\/2024\/02\/IMG_2284.jpeg","contentUrl":"https:\/\/hannaorganic.md\/wp-content\/uploads\/2024\/02\/IMG_2284.jpeg","width":828,"height":1329},{"@type":"BreadcrumbList","@id":"https:\/\/hannaorganic.md\/ru\/produs\/cobalamin-b12-pink-face-serum-mr-scrubber\/#breadcrumb","itemListElement":[{"@type":"ListItem","position":1,"name":"Prima pagin\u0103","item":"https:\/\/hannaorganic.md\/ru\/hanna-organic\/"},{"@type":"ListItem","position":2,"name":"\u041c\u0430\u0433\u0430\u0437\u0438\u043d","item":"https:\/\/hannaorganic.md\/ru\/shop\/"},{"@type":"ListItem","position":3,"name":"Cobalamin B12 Pink Face Serum Mr.SCRUBBER"}]},{"@type":"WebSite","@id":"https:\/\/hannaorganic.md\/ru\/#website","url":"https:\/\/hannaorganic.md\/ru\/","name":"HANNA ORGANIC","description":"Multi-Brand Cosmetic Store","potentialAction":[{"@type":"SearchAction","target":{"@type":"EntryPoint","urlTemplate":"https:\/\/hannaorganic.md\/ru\/?s={search_term_string}"},"query-input":{"@type":"PropertyValueSpecification","valueRequired":true,"valueName":"search_term_string"}}],"inLanguage":"ru-RU"}]}},"_links":{"self":[{"href":"https:\/\/hannaorganic.md\/ru\/wp-json\/wp\/v2\/product\/84000","targetHints":{"allow":["GET"]}}],"collection":[{"href":"https:\/\/hannaorganic.md\/ru\/wp-json\/wp\/v2\/product"}],"about":[{"href":"https:\/\/hannaorganic.md\/ru\/wp-json\/wp\/v2\/types\/product"}],"wp:featuredmedia":[{"embeddable":true,"href":"https:\/\/hannaorganic.md\/ru\/wp-json\/wp\/v2\/media\/84001"}],"wp:attachment":[{"href":"https:\/\/hannaorganic.md\/ru\/wp-json\/wp\/v2\/media?parent=84000"}],"wp:term":[{"taxonomy":"product_brand","embeddable":true,"href":"https:\/\/hannaorganic.md\/ru\/wp-json\/wp\/v2\/product_brand?post=84000"},{"taxonomy":"product_cat","embeddable":true,"href":"https:\/\/hannaorganic.md\/ru\/wp-json\/wp\/v2\/product_cat?post=84000"},{"taxonomy":"product_tag","embeddable":true,"href":"https:\/\/hannaorganic.md\/ru\/wp-json\/wp\/v2\/product_tag?post=84000"}],"curies":[{"name":"wp","href":"https:\/\/api.w.org\/{rel}","templated":true}]}}