{"id":84010,"date":"2024-02-25T17:23:43","date_gmt":"2024-02-25T15:23:43","guid":{"rendered":"https:\/\/hannaorganic.md\/?post_type=product&#038;p=84010"},"modified":"2026-04-18T12:51:03","modified_gmt":"2026-04-18T10:51:03","slug":"clear-face-mask-aloe-vera-mr-scrubber","status":"publish","type":"product","link":"https:\/\/hannaorganic.md\/ru\/produs\/clear-face-mask-aloe-vera-mr-scrubber\/","title":{"rendered":"Clear Face Mask\/Aloe Vera Mr.SCRUBBER"},"content":{"rendered":"<p>Cum functioneaza :<\/p>\n<p>-caolinul neteze\u0219te pielea, m\u0103re\u0219te fermitatea \u0219i elasticitatea, ajut\u0103 la saturarea dermei cu oxigen, elimin\u0103 matitatea;<\/p>\n<p>-glicerina catifeleaz\u0103 \u0219i hidrateaz\u0103 fa\u021ba, men\u021bine nivelul necesar de hidratare;<\/p>\n<p>-pudra de bambus face pielea catifelat\u0103 la atingere, absoarbe excesul de sebum \u0219i men\u021bine efectul de mat\u0103 pentru o perioad\u0103 lung\u0103 de timp;<\/p>\n<p>-extractul de vivacitate satureaz\u0103 pielea cu componente utile, o restabile\u0219te \u0219i o \u00eent\u0103re\u0219te;<\/p>\n<p>-extractul de sun\u0103toare cur\u0103\u021b\u0103 \u00een profunzime, \u00eent\u0103re\u0219te \u0219i tonific\u0103 fa\u021ba;<\/p>\n<p>-extractul de turm\u0103 este un antiseptic natural cu propriet\u0103\u021bi dezinfectante puternice, ideal pentru \u00eengrijirea pielii problematice \u0219i sensibile;<\/p>\n<p>-extractul de salvie reface stratul protector natural al pielii, o calmeaza si o intareste;<\/p>\n<p>-extractul de pelin elimin\u0103 irita\u021bia \u0219i ro\u0219ea\u021ba, reduce activitatea glandelor sebacee, are efect antibacterian;<\/p>\n<p>-extractul de portocale exfoliaza si albeste pielea, mareste tonusul;<\/p>\n<p>-extractul de aloe vera se satureaz\u0103 cu umiditate, neteze\u0219te \u0219i catifeleaz\u0103 fa\u021ba.<\/p>\n<p>Efect :<\/p>\n<p>-cur\u0103\u021barea profund\u0103 \u0219i p\u0103strarea prospe\u021bimii pentru o lung\u0103 perioad\u0103 de timp;<br \/>\n-\u00eembun\u0103t\u0103\u021birea tenului;<br \/>\n-eliminarea edemului;<br \/>\n-reducerea num\u0103rului \u0219i a densit\u0103\u021bii erup\u021biilor cutanate.<\/p>\n<p>Ingrediente : Aqua (apa), caolin, propilenglicol, glicerina, PEG-8, celuloza (Bambusa Arundinacea), triglicerida caprilica\/caprica, poliacrilat de sodiu, poliacrilat-13, poliizobutena, polisorbat 20, extract de radacina de Symphytum Officinale, extract de hipericum, extract de perfortum Bidens Tripartita Extract, Salvia Officinalis Leaf Extract, Artemisia Absinthium Extract, Citrus Sinensis Fruit Extract, Aloe Vera Leaf Extract, Methylchloroisothiazolinone, Methylisothiazolinone, Parfum, CI 19140, CI 16255, CI 732090, CI 734019<\/p>\n<p>Mod de utilizare : Aplicati un strat gros pe fata curatata, evitand zona ochilor si a buzelor. L\u0103sa\u021bi masca pe fa\u021b\u0103 timp de 5-10 minute, cl\u0103ti\u021bi cu ap\u0103 cald\u0103. Deoarece toate m\u0103\u0219tile din seria FACE CONTROL SKIN CARE con\u021bin concentra\u021bia maxim\u0103 de ingrediente active naturale, v\u0103 recomand\u0103m s\u0103 efectua\u021bi un test de sensibilitate \u00eenainte de utilizare. Utiliza\u021bi de dou\u0103 ori pe s\u0103pt\u0103m\u00e2n\u0103.<\/p>\n<p>Contraindica\u021bii : sensibilitate individual\u0103 la componentele produsului. Evita contactul cu ochii. \u00cen caz de contact cu ochii, cl\u0103ti\u021bi imediat cu ap\u0103, dac\u0103 este necesar consulta\u021bi un medic.<\/p>\n<p>Volum : 100 ml<\/p>\n<p>&nbsp;<\/p>\n<p>&nbsp;<\/p>\n","protected":false},"excerpt":{"rendered":"<p>Masca purificatoare pentru combaterea umflaturii, improspateaza instant, imbunatateste tenul, intareste si tonifica, elimina semnele de oboseala si umflatura. Ingredientele active lumineaz\u0103 delicat fa\u021ba, calmeaz\u0103, reduc num\u0103rul \u0219i densitatea erup\u021biilor cutanate.<\/p>\n","protected":false},"featured_media":84011,"template":"","meta":[],"product_brand":[],"product_cat":[100,103,96,92],"product_tag":[1813,1293,1294,575,787],"class_list":{"0":"post-84010","1":"product","2":"type-product","3":"status-publish","4":"has-post-thumbnail","6":"product_cat-fata","7":"product_cat-face-mask","8":"product_cat-mrscrubber-md","9":"product_cat-toate-produsele","10":"product_tag-clear-mask","11":"product_tag-face","12":"product_tag-mask","13":"product_tag-mr-scrubber","14":"product_tag-skin-care-routine","16":"first","17":"outofstock","18":"shipping-taxable","19":"purchasable","20":"product-type-simple"},"yoast_head":"<!-- This site is optimized with the Yoast SEO plugin v27.5 - https:\/\/yoast.com\/product\/yoast-seo-wordpress\/ -->\n<title>Clear Face Mask\/Aloe Vera Mr.SCRUBBER - HANNA ORGANIC<\/title>\n<meta name=\"robots\" content=\"index, follow, max-snippet:-1, max-image-preview:large, max-video-preview:-1\" \/>\n<link rel=\"canonical\" href=\"https:\/\/hannaorganic.md\/ru\/produs\/clear-face-mask-aloe-vera-mr-scrubber\/\" \/>\n<meta property=\"og:locale\" content=\"ru_RU\" \/>\n<meta property=\"og:type\" content=\"article\" \/>\n<meta property=\"og:title\" content=\"Clear Face Mask\/Aloe Vera Mr.SCRUBBER - HANNA ORGANIC\" \/>\n<meta property=\"og:description\" content=\"Masca purificatoare pentru combaterea umflaturii, improspateaza instant, imbunatateste tenul, intareste si tonifica, elimina semnele de oboseala si umflatura. Ingredientele active lumineaz\u0103 delicat fa\u021ba, calmeaz\u0103, reduc num\u0103rul \u0219i densitatea erup\u021biilor cutanate.\" \/>\n<meta property=\"og:url\" content=\"https:\/\/hannaorganic.md\/ru\/produs\/clear-face-mask-aloe-vera-mr-scrubber\/\" \/>\n<meta property=\"og:site_name\" content=\"HANNA ORGANIC\" \/>\n<meta property=\"article:publisher\" content=\"https:\/\/www.facebook.com\/bluemagic.md\/\" \/>\n<meta property=\"article:modified_time\" content=\"2026-04-18T10:51:03+00:00\" \/>\n<meta property=\"og:image\" content=\"https:\/\/hannaorganic.md\/wp-content\/uploads\/2024\/02\/IMG_2289.jpeg\" \/>\n\t<meta property=\"og:image:width\" content=\"828\" \/>\n\t<meta property=\"og:image:height\" content=\"1346\" \/>\n\t<meta property=\"og:image:type\" content=\"image\/jpeg\" \/>\n<meta name=\"twitter:card\" content=\"summary_large_image\" \/>\n<meta name=\"twitter:label1\" content=\"\u041f\u0440\u0438\u043c\u0435\u0440\u043d\u043e\u0435 \u0432\u0440\u0435\u043c\u044f \u0434\u043b\u044f \u0447\u0442\u0435\u043d\u0438\u044f\" \/>\n\t<meta name=\"twitter:data1\" content=\"2 \u043c\u0438\u043d\u0443\u0442\u044b\" \/>\n<script type=\"application\/ld+json\" class=\"yoast-schema-graph\">{\"@context\":\"https:\\\/\\\/schema.org\",\"@graph\":[{\"@type\":\"WebPage\",\"@id\":\"https:\\\/\\\/hannaorganic.md\\\/ru\\\/produs\\\/clear-face-mask-aloe-vera-mr-scrubber\\\/\",\"url\":\"https:\\\/\\\/hannaorganic.md\\\/ru\\\/produs\\\/clear-face-mask-aloe-vera-mr-scrubber\\\/\",\"name\":\"Clear Face Mask\\\/Aloe Vera Mr.SCRUBBER - HANNA ORGANIC\",\"isPartOf\":{\"@id\":\"https:\\\/\\\/hannaorganic.md\\\/ru\\\/#website\"},\"primaryImageOfPage\":{\"@id\":\"https:\\\/\\\/hannaorganic.md\\\/ru\\\/produs\\\/clear-face-mask-aloe-vera-mr-scrubber\\\/#primaryimage\"},\"image\":{\"@id\":\"https:\\\/\\\/hannaorganic.md\\\/ru\\\/produs\\\/clear-face-mask-aloe-vera-mr-scrubber\\\/#primaryimage\"},\"thumbnailUrl\":\"https:\\\/\\\/hannaorganic.md\\\/wp-content\\\/uploads\\\/2024\\\/02\\\/IMG_2289.jpeg\",\"datePublished\":\"2024-02-25T15:23:43+00:00\",\"dateModified\":\"2026-04-18T10:51:03+00:00\",\"breadcrumb\":{\"@id\":\"https:\\\/\\\/hannaorganic.md\\\/ru\\\/produs\\\/clear-face-mask-aloe-vera-mr-scrubber\\\/#breadcrumb\"},\"inLanguage\":\"ru-RU\",\"potentialAction\":[{\"@type\":\"ReadAction\",\"target\":[\"https:\\\/\\\/hannaorganic.md\\\/ru\\\/produs\\\/clear-face-mask-aloe-vera-mr-scrubber\\\/\"]}]},{\"@type\":\"ImageObject\",\"inLanguage\":\"ru-RU\",\"@id\":\"https:\\\/\\\/hannaorganic.md\\\/ru\\\/produs\\\/clear-face-mask-aloe-vera-mr-scrubber\\\/#primaryimage\",\"url\":\"https:\\\/\\\/hannaorganic.md\\\/wp-content\\\/uploads\\\/2024\\\/02\\\/IMG_2289.jpeg\",\"contentUrl\":\"https:\\\/\\\/hannaorganic.md\\\/wp-content\\\/uploads\\\/2024\\\/02\\\/IMG_2289.jpeg\",\"width\":828,\"height\":1346},{\"@type\":\"BreadcrumbList\",\"@id\":\"https:\\\/\\\/hannaorganic.md\\\/ru\\\/produs\\\/clear-face-mask-aloe-vera-mr-scrubber\\\/#breadcrumb\",\"itemListElement\":[{\"@type\":\"ListItem\",\"position\":1,\"name\":\"Prima pagin\u0103\",\"item\":\"https:\\\/\\\/hannaorganic.md\\\/ru\\\/hanna-organic\\\/\"},{\"@type\":\"ListItem\",\"position\":2,\"name\":\"\u041c\u0430\u0433\u0430\u0437\u0438\u043d\",\"item\":\"https:\\\/\\\/hannaorganic.md\\\/ru\\\/shop\\\/\"},{\"@type\":\"ListItem\",\"position\":3,\"name\":\"Clear Face Mask\\\/Aloe Vera Mr.SCRUBBER\"}]},{\"@type\":\"WebSite\",\"@id\":\"https:\\\/\\\/hannaorganic.md\\\/ru\\\/#website\",\"url\":\"https:\\\/\\\/hannaorganic.md\\\/ru\\\/\",\"name\":\"HANNA ORGANIC\",\"description\":\"Multi-Brand Cosmetic Store\",\"potentialAction\":[{\"@type\":\"SearchAction\",\"target\":{\"@type\":\"EntryPoint\",\"urlTemplate\":\"https:\\\/\\\/hannaorganic.md\\\/ru\\\/?s={search_term_string}\"},\"query-input\":{\"@type\":\"PropertyValueSpecification\",\"valueRequired\":true,\"valueName\":\"search_term_string\"}}],\"inLanguage\":\"ru-RU\"}]}<\/script>\n<!-- \/ Yoast SEO plugin. -->","yoast_head_json":{"title":"Clear Face Mask\/Aloe Vera Mr.SCRUBBER - HANNA ORGANIC","robots":{"index":"index","follow":"follow","max-snippet":"max-snippet:-1","max-image-preview":"max-image-preview:large","max-video-preview":"max-video-preview:-1"},"canonical":"https:\/\/hannaorganic.md\/ru\/produs\/clear-face-mask-aloe-vera-mr-scrubber\/","og_locale":"ru_RU","og_type":"article","og_title":"Clear Face Mask\/Aloe Vera Mr.SCRUBBER - HANNA ORGANIC","og_description":"Masca purificatoare pentru combaterea umflaturii, improspateaza instant, imbunatateste tenul, intareste si tonifica, elimina semnele de oboseala si umflatura. Ingredientele active lumineaz\u0103 delicat fa\u021ba, calmeaz\u0103, reduc num\u0103rul \u0219i densitatea erup\u021biilor cutanate.","og_url":"https:\/\/hannaorganic.md\/ru\/produs\/clear-face-mask-aloe-vera-mr-scrubber\/","og_site_name":"HANNA ORGANIC","article_publisher":"https:\/\/www.facebook.com\/bluemagic.md\/","article_modified_time":"2026-04-18T10:51:03+00:00","og_image":[{"width":828,"height":1346,"url":"https:\/\/hannaorganic.md\/wp-content\/uploads\/2024\/02\/IMG_2289.jpeg","type":"image\/jpeg"}],"twitter_card":"summary_large_image","twitter_misc":{"\u041f\u0440\u0438\u043c\u0435\u0440\u043d\u043e\u0435 \u0432\u0440\u0435\u043c\u044f \u0434\u043b\u044f \u0447\u0442\u0435\u043d\u0438\u044f":"2 \u043c\u0438\u043d\u0443\u0442\u044b"},"schema":{"@context":"https:\/\/schema.org","@graph":[{"@type":"WebPage","@id":"https:\/\/hannaorganic.md\/ru\/produs\/clear-face-mask-aloe-vera-mr-scrubber\/","url":"https:\/\/hannaorganic.md\/ru\/produs\/clear-face-mask-aloe-vera-mr-scrubber\/","name":"Clear Face Mask\/Aloe Vera Mr.SCRUBBER - HANNA ORGANIC","isPartOf":{"@id":"https:\/\/hannaorganic.md\/ru\/#website"},"primaryImageOfPage":{"@id":"https:\/\/hannaorganic.md\/ru\/produs\/clear-face-mask-aloe-vera-mr-scrubber\/#primaryimage"},"image":{"@id":"https:\/\/hannaorganic.md\/ru\/produs\/clear-face-mask-aloe-vera-mr-scrubber\/#primaryimage"},"thumbnailUrl":"https:\/\/hannaorganic.md\/wp-content\/uploads\/2024\/02\/IMG_2289.jpeg","datePublished":"2024-02-25T15:23:43+00:00","dateModified":"2026-04-18T10:51:03+00:00","breadcrumb":{"@id":"https:\/\/hannaorganic.md\/ru\/produs\/clear-face-mask-aloe-vera-mr-scrubber\/#breadcrumb"},"inLanguage":"ru-RU","potentialAction":[{"@type":"ReadAction","target":["https:\/\/hannaorganic.md\/ru\/produs\/clear-face-mask-aloe-vera-mr-scrubber\/"]}]},{"@type":"ImageObject","inLanguage":"ru-RU","@id":"https:\/\/hannaorganic.md\/ru\/produs\/clear-face-mask-aloe-vera-mr-scrubber\/#primaryimage","url":"https:\/\/hannaorganic.md\/wp-content\/uploads\/2024\/02\/IMG_2289.jpeg","contentUrl":"https:\/\/hannaorganic.md\/wp-content\/uploads\/2024\/02\/IMG_2289.jpeg","width":828,"height":1346},{"@type":"BreadcrumbList","@id":"https:\/\/hannaorganic.md\/ru\/produs\/clear-face-mask-aloe-vera-mr-scrubber\/#breadcrumb","itemListElement":[{"@type":"ListItem","position":1,"name":"Prima pagin\u0103","item":"https:\/\/hannaorganic.md\/ru\/hanna-organic\/"},{"@type":"ListItem","position":2,"name":"\u041c\u0430\u0433\u0430\u0437\u0438\u043d","item":"https:\/\/hannaorganic.md\/ru\/shop\/"},{"@type":"ListItem","position":3,"name":"Clear Face Mask\/Aloe Vera Mr.SCRUBBER"}]},{"@type":"WebSite","@id":"https:\/\/hannaorganic.md\/ru\/#website","url":"https:\/\/hannaorganic.md\/ru\/","name":"HANNA ORGANIC","description":"Multi-Brand Cosmetic Store","potentialAction":[{"@type":"SearchAction","target":{"@type":"EntryPoint","urlTemplate":"https:\/\/hannaorganic.md\/ru\/?s={search_term_string}"},"query-input":{"@type":"PropertyValueSpecification","valueRequired":true,"valueName":"search_term_string"}}],"inLanguage":"ru-RU"}]}},"_links":{"self":[{"href":"https:\/\/hannaorganic.md\/ru\/wp-json\/wp\/v2\/product\/84010","targetHints":{"allow":["GET"]}}],"collection":[{"href":"https:\/\/hannaorganic.md\/ru\/wp-json\/wp\/v2\/product"}],"about":[{"href":"https:\/\/hannaorganic.md\/ru\/wp-json\/wp\/v2\/types\/product"}],"wp:featuredmedia":[{"embeddable":true,"href":"https:\/\/hannaorganic.md\/ru\/wp-json\/wp\/v2\/media\/84011"}],"wp:attachment":[{"href":"https:\/\/hannaorganic.md\/ru\/wp-json\/wp\/v2\/media?parent=84010"}],"wp:term":[{"taxonomy":"product_brand","embeddable":true,"href":"https:\/\/hannaorganic.md\/ru\/wp-json\/wp\/v2\/product_brand?post=84010"},{"taxonomy":"product_cat","embeddable":true,"href":"https:\/\/hannaorganic.md\/ru\/wp-json\/wp\/v2\/product_cat?post=84010"},{"taxonomy":"product_tag","embeddable":true,"href":"https:\/\/hannaorganic.md\/ru\/wp-json\/wp\/v2\/product_tag?post=84010"}],"curies":[{"name":"wp","href":"https:\/\/api.w.org\/{rel}","templated":true}]}}