{"id":84013,"date":"2024-02-25T17:39:30","date_gmt":"2024-02-25T15:39:30","guid":{"rendered":"https:\/\/hannaorganic.md\/?post_type=product&#038;p=84013"},"modified":"2026-04-18T12:50:47","modified_gmt":"2026-04-18T10:50:47","slug":"glow-face-mask-pearl-powder-mr-scrubber","status":"publish","type":"product","link":"https:\/\/hannaorganic.md\/ru\/produs\/glow-face-mask-pearl-powder-mr-scrubber\/","title":{"rendered":"Glow Face Mask\/Pearl Powder Mr.SCRUBBER"},"content":{"rendered":"<p>Cum functioneaza :<br \/>\n-caolinul neteze\u0219te pielea, m\u0103re\u0219te fermitatea \u0219i elasticitatea, ajut\u0103 la saturarea dermei cu oxigen, elimin\u0103 matitatea;<br \/>\n-pudra de bambus face pielea catifelat\u0103 la atingere, absoarbe excesul de sebum \u0219i men\u021bine efectul de mat\u0103 pentru o perioad\u0103 lung\u0103 de timp;<br \/>\n-pudra de perle lumineaz\u0103 delicat \u0219i reface pielea, suprim\u0103 procesul de formare a melaninei \u0219i previne \u00een mod natural pigmentarea nedorit\u0103. Bogat \u00een oligoelemente \u0219i aminoacizi, ingredientul are \u0219i un efect antioxidant pronun\u021bat;<br \/>\n-D-pantenolul hr\u0103ne\u0219te \u0219i protejeaz\u0103 pielea, previne apari\u021bia pigment\u0103rii sezoniere, are un efect calmant puternic;<br \/>\n-bisabololul \u00eembun\u0103t\u0103\u021be\u0219te capacitatea ingredientelor cosmetice de a p\u0103trunde \u00een piele, restabile\u0219te elasticitatea epidermei;<br \/>\n-extractul de centella asiatica calmeaza pielea, favorizeaza vindecarea microleziunilor si inflamatiilor.<\/p>\n<p>Efect:<br \/>\n-exfoliere lejera \u0219i netezire a pielii;<br \/>\n-prevenirea apari\u021biei pigment\u0103rii legate de v\u00e2rst\u0103 \u0219i de sezon;<br \/>\n-\u00eembun\u0103t\u0103\u021birea aspectului tenului;<br \/>\n-eliminarea semnelor timpurii de \u00eemb\u0103tr\u00e2nire.<\/p>\n<p>Compozitie : Aqua (apa), caolin, propilenglicol, dioxid de titan, PEG-8, celuloza (Bambusa Arundinacea), poliacrilat de sodiu, poliacrilat-13, poliizobutena, polisorbat 20, pudra de perla, D-pantenol, bisabolol, extract de centella asiatica, Metilcloroizotiazolinon\u0103, Metilizotiazolinon\u0103, Parfum.<\/p>\n<p>Mod de utilizare : aplicati un strat gros pe pielea curatata a fetei, evitand zona din jurul ochilor si buzelor. L\u0103sa\u021bi masca pe fa\u021b\u0103 timp de 5-10 minute, cl\u0103ti\u021bi cu ap\u0103 cald\u0103. Deoarece toate m\u0103\u0219tile din seria FACE CONTROL SKIN CARE con\u021bin concentra\u021bia maxim\u0103 de ingrediente active naturale, v\u0103 recomand\u0103m s\u0103 efectua\u021bi un test de sensibilitate \u00eenainte de utilizare. Utiliza\u021bi de dou\u0103 ori pe s\u0103pt\u0103m\u00e2n\u0103.<\/p>\n<p>Contraindica\u021bii : sensibilitate individual\u0103 la componentele produsului. Evita contactul cu ochii. \u00cen caz de contact cu ochii, cl\u0103ti\u021bi imediat cu ap\u0103, dac\u0103 este necesar consulta\u021bi un medic.<\/p>\n<p>Volum : 30 ml<\/p>\n","protected":false},"excerpt":{"rendered":"<p>Masc\u0103 pentru str\u0103lucirea pielii cu pudr\u0103 de perle exfoliaz\u0103 delicat, lustruie\u0219te fa\u021ba, uniformizeaz\u0103 tonusul \u0219i microrelieful, \u00eei confer\u0103 o str\u0103lucire natural\u0103. Ingredientele active \u00eembun\u0103t\u0103\u021besc considerabil culoarea pielii, previn apari\u021bia \u0219i elimin\u0103 manifest\u0103rile pigment\u0103rii legate de v\u00e2rst\u0103 \u0219i de sezon.<\/p>\n","protected":false},"featured_media":84016,"template":"","meta":[],"product_brand":[],"product_cat":[100,103,96,92],"product_tag":[1026,1293,653,1294,575,694],"class_list":{"0":"post-84013","1":"product","2":"type-product","3":"status-publish","4":"has-post-thumbnail","6":"product_cat-fata","7":"product_cat-face-mask","8":"product_cat-mrscrubber-md","9":"product_cat-toate-produsele","10":"product_tag-daily-routine","11":"product_tag-face","12":"product_tag-glowing-skin","13":"product_tag-mask","14":"product_tag-mr-scrubber","15":"product_tag-natural-ingredients","17":"first","18":"instock","19":"shipping-taxable","20":"purchasable","21":"product-type-simple"},"yoast_head":"<!-- This site is optimized with the Yoast SEO plugin v27.5 - https:\/\/yoast.com\/product\/yoast-seo-wordpress\/ -->\n<title>Glow Face Mask\/Pearl Powder Mr.SCRUBBER - HANNA ORGANIC<\/title>\n<meta name=\"robots\" content=\"index, follow, max-snippet:-1, max-image-preview:large, max-video-preview:-1\" \/>\n<link rel=\"canonical\" href=\"https:\/\/hannaorganic.md\/ru\/produs\/glow-face-mask-pearl-powder-mr-scrubber\/\" \/>\n<meta property=\"og:locale\" content=\"ru_RU\" \/>\n<meta property=\"og:type\" content=\"article\" \/>\n<meta property=\"og:title\" content=\"Glow Face Mask\/Pearl Powder Mr.SCRUBBER - HANNA ORGANIC\" \/>\n<meta property=\"og:description\" content=\"Masc\u0103 pentru str\u0103lucirea pielii cu pudr\u0103 de perle exfoliaz\u0103 delicat, lustruie\u0219te fa\u021ba, uniformizeaz\u0103 tonusul \u0219i microrelieful, \u00eei confer\u0103 o str\u0103lucire natural\u0103. Ingredientele active \u00eembun\u0103t\u0103\u021besc considerabil culoarea pielii, previn apari\u021bia \u0219i elimin\u0103 manifest\u0103rile pigment\u0103rii legate de v\u00e2rst\u0103 \u0219i de sezon.\" \/>\n<meta property=\"og:url\" content=\"https:\/\/hannaorganic.md\/ru\/produs\/glow-face-mask-pearl-powder-mr-scrubber\/\" \/>\n<meta property=\"og:site_name\" content=\"HANNA ORGANIC\" \/>\n<meta property=\"article:publisher\" content=\"https:\/\/www.facebook.com\/bluemagic.md\/\" \/>\n<meta property=\"article:modified_time\" content=\"2026-04-18T10:50:47+00:00\" \/>\n<meta property=\"og:image\" content=\"https:\/\/hannaorganic.md\/wp-content\/uploads\/2024\/02\/IMG_2290.jpeg\" \/>\n\t<meta property=\"og:image:width\" content=\"828\" \/>\n\t<meta property=\"og:image:height\" content=\"1406\" \/>\n\t<meta property=\"og:image:type\" content=\"image\/jpeg\" \/>\n<meta name=\"twitter:card\" content=\"summary_large_image\" \/>\n<meta name=\"twitter:label1\" content=\"\u041f\u0440\u0438\u043c\u0435\u0440\u043d\u043e\u0435 \u0432\u0440\u0435\u043c\u044f \u0434\u043b\u044f \u0447\u0442\u0435\u043d\u0438\u044f\" \/>\n\t<meta name=\"twitter:data1\" content=\"2 \u043c\u0438\u043d\u0443\u0442\u044b\" \/>\n<script type=\"application\/ld+json\" class=\"yoast-schema-graph\">{\"@context\":\"https:\\\/\\\/schema.org\",\"@graph\":[{\"@type\":\"WebPage\",\"@id\":\"https:\\\/\\\/hannaorganic.md\\\/ru\\\/produs\\\/glow-face-mask-pearl-powder-mr-scrubber\\\/\",\"url\":\"https:\\\/\\\/hannaorganic.md\\\/ru\\\/produs\\\/glow-face-mask-pearl-powder-mr-scrubber\\\/\",\"name\":\"Glow Face Mask\\\/Pearl Powder Mr.SCRUBBER - HANNA ORGANIC\",\"isPartOf\":{\"@id\":\"https:\\\/\\\/hannaorganic.md\\\/ru\\\/#website\"},\"primaryImageOfPage\":{\"@id\":\"https:\\\/\\\/hannaorganic.md\\\/ru\\\/produs\\\/glow-face-mask-pearl-powder-mr-scrubber\\\/#primaryimage\"},\"image\":{\"@id\":\"https:\\\/\\\/hannaorganic.md\\\/ru\\\/produs\\\/glow-face-mask-pearl-powder-mr-scrubber\\\/#primaryimage\"},\"thumbnailUrl\":\"https:\\\/\\\/hannaorganic.md\\\/wp-content\\\/uploads\\\/2024\\\/02\\\/IMG_2290.jpeg\",\"datePublished\":\"2024-02-25T15:39:30+00:00\",\"dateModified\":\"2026-04-18T10:50:47+00:00\",\"breadcrumb\":{\"@id\":\"https:\\\/\\\/hannaorganic.md\\\/ru\\\/produs\\\/glow-face-mask-pearl-powder-mr-scrubber\\\/#breadcrumb\"},\"inLanguage\":\"ru-RU\",\"potentialAction\":[{\"@type\":\"ReadAction\",\"target\":[\"https:\\\/\\\/hannaorganic.md\\\/ru\\\/produs\\\/glow-face-mask-pearl-powder-mr-scrubber\\\/\"]}]},{\"@type\":\"ImageObject\",\"inLanguage\":\"ru-RU\",\"@id\":\"https:\\\/\\\/hannaorganic.md\\\/ru\\\/produs\\\/glow-face-mask-pearl-powder-mr-scrubber\\\/#primaryimage\",\"url\":\"https:\\\/\\\/hannaorganic.md\\\/wp-content\\\/uploads\\\/2024\\\/02\\\/IMG_2290.jpeg\",\"contentUrl\":\"https:\\\/\\\/hannaorganic.md\\\/wp-content\\\/uploads\\\/2024\\\/02\\\/IMG_2290.jpeg\",\"width\":828,\"height\":1406},{\"@type\":\"BreadcrumbList\",\"@id\":\"https:\\\/\\\/hannaorganic.md\\\/ru\\\/produs\\\/glow-face-mask-pearl-powder-mr-scrubber\\\/#breadcrumb\",\"itemListElement\":[{\"@type\":\"ListItem\",\"position\":1,\"name\":\"Prima pagin\u0103\",\"item\":\"https:\\\/\\\/hannaorganic.md\\\/ru\\\/hanna-organic\\\/\"},{\"@type\":\"ListItem\",\"position\":2,\"name\":\"\u041c\u0430\u0433\u0430\u0437\u0438\u043d\",\"item\":\"https:\\\/\\\/hannaorganic.md\\\/ru\\\/shop\\\/\"},{\"@type\":\"ListItem\",\"position\":3,\"name\":\"Glow Face Mask\\\/Pearl Powder Mr.SCRUBBER\"}]},{\"@type\":\"WebSite\",\"@id\":\"https:\\\/\\\/hannaorganic.md\\\/ru\\\/#website\",\"url\":\"https:\\\/\\\/hannaorganic.md\\\/ru\\\/\",\"name\":\"HANNA ORGANIC\",\"description\":\"Multi-Brand Cosmetic Store\",\"potentialAction\":[{\"@type\":\"SearchAction\",\"target\":{\"@type\":\"EntryPoint\",\"urlTemplate\":\"https:\\\/\\\/hannaorganic.md\\\/ru\\\/?s={search_term_string}\"},\"query-input\":{\"@type\":\"PropertyValueSpecification\",\"valueRequired\":true,\"valueName\":\"search_term_string\"}}],\"inLanguage\":\"ru-RU\"}]}<\/script>\n<!-- \/ Yoast SEO plugin. -->","yoast_head_json":{"title":"Glow Face Mask\/Pearl Powder Mr.SCRUBBER - HANNA ORGANIC","robots":{"index":"index","follow":"follow","max-snippet":"max-snippet:-1","max-image-preview":"max-image-preview:large","max-video-preview":"max-video-preview:-1"},"canonical":"https:\/\/hannaorganic.md\/ru\/produs\/glow-face-mask-pearl-powder-mr-scrubber\/","og_locale":"ru_RU","og_type":"article","og_title":"Glow Face Mask\/Pearl Powder Mr.SCRUBBER - HANNA ORGANIC","og_description":"Masc\u0103 pentru str\u0103lucirea pielii cu pudr\u0103 de perle exfoliaz\u0103 delicat, lustruie\u0219te fa\u021ba, uniformizeaz\u0103 tonusul \u0219i microrelieful, \u00eei confer\u0103 o str\u0103lucire natural\u0103. Ingredientele active \u00eembun\u0103t\u0103\u021besc considerabil culoarea pielii, previn apari\u021bia \u0219i elimin\u0103 manifest\u0103rile pigment\u0103rii legate de v\u00e2rst\u0103 \u0219i de sezon.","og_url":"https:\/\/hannaorganic.md\/ru\/produs\/glow-face-mask-pearl-powder-mr-scrubber\/","og_site_name":"HANNA ORGANIC","article_publisher":"https:\/\/www.facebook.com\/bluemagic.md\/","article_modified_time":"2026-04-18T10:50:47+00:00","og_image":[{"width":828,"height":1406,"url":"https:\/\/hannaorganic.md\/wp-content\/uploads\/2024\/02\/IMG_2290.jpeg","type":"image\/jpeg"}],"twitter_card":"summary_large_image","twitter_misc":{"\u041f\u0440\u0438\u043c\u0435\u0440\u043d\u043e\u0435 \u0432\u0440\u0435\u043c\u044f \u0434\u043b\u044f \u0447\u0442\u0435\u043d\u0438\u044f":"2 \u043c\u0438\u043d\u0443\u0442\u044b"},"schema":{"@context":"https:\/\/schema.org","@graph":[{"@type":"WebPage","@id":"https:\/\/hannaorganic.md\/ru\/produs\/glow-face-mask-pearl-powder-mr-scrubber\/","url":"https:\/\/hannaorganic.md\/ru\/produs\/glow-face-mask-pearl-powder-mr-scrubber\/","name":"Glow Face Mask\/Pearl Powder Mr.SCRUBBER - HANNA ORGANIC","isPartOf":{"@id":"https:\/\/hannaorganic.md\/ru\/#website"},"primaryImageOfPage":{"@id":"https:\/\/hannaorganic.md\/ru\/produs\/glow-face-mask-pearl-powder-mr-scrubber\/#primaryimage"},"image":{"@id":"https:\/\/hannaorganic.md\/ru\/produs\/glow-face-mask-pearl-powder-mr-scrubber\/#primaryimage"},"thumbnailUrl":"https:\/\/hannaorganic.md\/wp-content\/uploads\/2024\/02\/IMG_2290.jpeg","datePublished":"2024-02-25T15:39:30+00:00","dateModified":"2026-04-18T10:50:47+00:00","breadcrumb":{"@id":"https:\/\/hannaorganic.md\/ru\/produs\/glow-face-mask-pearl-powder-mr-scrubber\/#breadcrumb"},"inLanguage":"ru-RU","potentialAction":[{"@type":"ReadAction","target":["https:\/\/hannaorganic.md\/ru\/produs\/glow-face-mask-pearl-powder-mr-scrubber\/"]}]},{"@type":"ImageObject","inLanguage":"ru-RU","@id":"https:\/\/hannaorganic.md\/ru\/produs\/glow-face-mask-pearl-powder-mr-scrubber\/#primaryimage","url":"https:\/\/hannaorganic.md\/wp-content\/uploads\/2024\/02\/IMG_2290.jpeg","contentUrl":"https:\/\/hannaorganic.md\/wp-content\/uploads\/2024\/02\/IMG_2290.jpeg","width":828,"height":1406},{"@type":"BreadcrumbList","@id":"https:\/\/hannaorganic.md\/ru\/produs\/glow-face-mask-pearl-powder-mr-scrubber\/#breadcrumb","itemListElement":[{"@type":"ListItem","position":1,"name":"Prima pagin\u0103","item":"https:\/\/hannaorganic.md\/ru\/hanna-organic\/"},{"@type":"ListItem","position":2,"name":"\u041c\u0430\u0433\u0430\u0437\u0438\u043d","item":"https:\/\/hannaorganic.md\/ru\/shop\/"},{"@type":"ListItem","position":3,"name":"Glow Face Mask\/Pearl Powder Mr.SCRUBBER"}]},{"@type":"WebSite","@id":"https:\/\/hannaorganic.md\/ru\/#website","url":"https:\/\/hannaorganic.md\/ru\/","name":"HANNA ORGANIC","description":"Multi-Brand Cosmetic Store","potentialAction":[{"@type":"SearchAction","target":{"@type":"EntryPoint","urlTemplate":"https:\/\/hannaorganic.md\/ru\/?s={search_term_string}"},"query-input":{"@type":"PropertyValueSpecification","valueRequired":true,"valueName":"search_term_string"}}],"inLanguage":"ru-RU"}]}},"_links":{"self":[{"href":"https:\/\/hannaorganic.md\/ru\/wp-json\/wp\/v2\/product\/84013","targetHints":{"allow":["GET"]}}],"collection":[{"href":"https:\/\/hannaorganic.md\/ru\/wp-json\/wp\/v2\/product"}],"about":[{"href":"https:\/\/hannaorganic.md\/ru\/wp-json\/wp\/v2\/types\/product"}],"wp:featuredmedia":[{"embeddable":true,"href":"https:\/\/hannaorganic.md\/ru\/wp-json\/wp\/v2\/media\/84016"}],"wp:attachment":[{"href":"https:\/\/hannaorganic.md\/ru\/wp-json\/wp\/v2\/media?parent=84013"}],"wp:term":[{"taxonomy":"product_brand","embeddable":true,"href":"https:\/\/hannaorganic.md\/ru\/wp-json\/wp\/v2\/product_brand?post=84013"},{"taxonomy":"product_cat","embeddable":true,"href":"https:\/\/hannaorganic.md\/ru\/wp-json\/wp\/v2\/product_cat?post=84013"},{"taxonomy":"product_tag","embeddable":true,"href":"https:\/\/hannaorganic.md\/ru\/wp-json\/wp\/v2\/product_tag?post=84013"}],"curies":[{"name":"wp","href":"https:\/\/api.w.org\/{rel}","templated":true}]}}