{"id":84018,"date":"2024-02-25T19:18:38","date_gmt":"2024-02-25T17:18:38","guid":{"rendered":"https:\/\/hannaorganic.md\/?post_type=product&#038;p=84018"},"modified":"2025-07-11T10:22:53","modified_gmt":"2025-07-11T08:22:53","slug":"fresh-face-mask-raspberrycranberry-mr-scrubber","status":"publish","type":"product","link":"https:\/\/hannaorganic.md\/ru\/produs\/fresh-face-mask-raspberrycranberry-mr-scrubber\/","title":{"rendered":"Fresh Face Mask\/Raspberry&amp;Cranberry Mr.SCRUBBER"},"content":{"rendered":"<p>Cum functioneaza :<br \/>\n-caolinul neteze\u0219te pielea, m\u0103re\u0219te fermitatea \u0219i elasticitatea, ajut\u0103 la saturarea dermei cu oxigen, elimin\u0103 matitatea;<br \/>\n-glicerina catifeleaz\u0103 \u0219i hidrateaz\u0103 fa\u021ba, men\u021bine nivelul necesar de hidratare;<br \/>\n-pudra de bambus face pielea catifelat\u0103 la atingere, absoarbe excesul de sebum \u0219i men\u021bine efectul de mat\u0103 pentru o perioad\u0103 lung\u0103 de timp;<br \/>\n-acidul hialuronic hidrateaz\u0103 profund pielea, o face elastic\u0103 \u0219i sensibil\u0103, previne \u00eemb\u0103tr\u00e2nirea prematur\u0103;<br \/>\n-extractul de aloe vera se satureaz\u0103 cu umiditate, neteze\u0219te \u0219i catifeleaz\u0103 fa\u021ba;<br \/>\n-extractul de castrave\u021bi are propriet\u0103\u021bi reparatoare, r\u0103coritoare \u0219i calmante, \u00eembun\u0103t\u0103\u021be\u0219te tenul, d\u0103 str\u0103lucire;<br \/>\n-extractul de mu\u0219e\u021bel calmeaz\u0103 \u0219i neteze\u0219te pielea, favorizeaz\u0103 vindecarea rapid\u0103 a micro-leziunilor;<br \/>\n-extractul de salvie reface stratul protector natural al pielii, o calmeaza si o intareste;<br \/>\n-extract de fructe de zmeur\u0103 tonific\u0103, m\u0103re\u0219te fermitatea \u0219i elasticitatea, \u00eembun\u0103t\u0103\u021be\u0219te culoarea;<br \/>\n-extractul de fructe de meri\u0219or este un antioxidant puternic, \u00eent\u0103re\u0219te func\u021bia de barier\u0103 a pielii, elimin\u0103 str\u0103lucirea gras\u0103, hidrateaz\u0103 delicat \u0219i neteze\u0219te.<\/p>\n<p>Efect :<br \/>\n-nutri\u021bie, satura\u021bie cu substan\u021be utile;<br \/>\n-\u00eembun\u0103t\u0103\u021birea culorii \u0219i texturii;<br \/>\n-prospe\u021bime \u0219i \u00eent\u0103rire a pielii.<\/p>\n<p>Compozitie : Aqua (apa), caolin, propilen glicol, glicerina, PEG-8, triglicerida caprilic\/capric, celuloza (Bambusa Arundinacea), poliacrilat de sodiu, poliacrilat-13, poliizobutena, polisorbat 20, hialuronat de sodiu, extract de frunze de aloe barbadensis Extract de semin\u021be de Sativus, extract de floare de Chamomilla Recutita (Matricaria), extract de frunze de Salvia officinalis, extract de fructe de Rubus Idaeus (zmeur\u0103), extract de fructe de Vaccinum Macrocarpon (meri\u0219or), metilcloroizotiazolinon\u0103, metilizotiazolinon\u0103, parfum, pigment.<\/p>\n<p>Mod de utilizare : aplicati un strat gros pe pielea curatata a fetei, evitand zona din jurul ochilor si buzelor. L\u0103sa\u021bi masca pe fa\u021b\u0103 timp de 5-10 minute, cl\u0103ti\u021bi cu ap\u0103 cald\u0103. Deoarece toate m\u0103\u0219tile din seria FACE CONTROL SKIN CARE con\u021bin concentra\u021bia maxim\u0103 de ingrediente active naturale, v\u0103 recomand\u0103m s\u0103 efectua\u021bi un test de sensibilitate \u00eenainte de utilizare. Utiliza\u021bi de dou\u0103 ori pe s\u0103pt\u0103m\u00e2n\u0103.<\/p>\n<p>Contraindica\u021bii : sensibilitate individual\u0103 la componentele produsului. Evita contactul cu ochii. \u00cen caz de contact cu ochii, cl\u0103ti\u021bi imediat cu ap\u0103, dac\u0103 este necesar consulta\u021bi un medic.<\/p>\n<p>Volum : 100 gr<\/p>\n","protected":false},"excerpt":{"rendered":"<p>Masca hr\u0103nitoare satureaz\u0103 pielea cu componente utile, restabile\u0219te echilibrul natural, \u00eendep\u0103rteaz\u0103 instantaneu toate urmele de oboseal\u0103, \u00eembun\u0103t\u0103\u021be\u0219te culoarea \u0219i ofer\u0103 fe\u021bei un aspect proasp\u0103t. Face pielea extrem de matasoasa la atingere. Extractele naturale au un efect calmant pronun\u021bat \u0219i un efect de str\u0103lucire.<\/p>\n","protected":false},"featured_media":84019,"template":"","meta":[],"product_brand":[],"product_cat":[103,96,92],"product_tag":[1026,1293,1814,1294,575,694],"class_list":{"0":"post-84018","1":"product","2":"type-product","3":"status-publish","4":"has-post-thumbnail","6":"product_cat-face-mask","7":"product_cat-mrscrubber-md","8":"product_cat-toate-produsele","9":"product_tag-daily-routine","10":"product_tag-face","11":"product_tag-fresh-mask","12":"product_tag-mask","13":"product_tag-mr-scrubber","14":"product_tag-natural-ingredients","16":"first","17":"instock","18":"shipping-taxable","19":"purchasable","20":"product-type-simple"},"yoast_head":"<!-- This site is optimized with the Yoast SEO plugin v27.5 - https:\/\/yoast.com\/product\/yoast-seo-wordpress\/ -->\n<title>Fresh Face Mask\/Raspberry&amp;Cranberry Mr.SCRUBBER - HANNA ORGANIC<\/title>\n<meta name=\"robots\" content=\"index, follow, max-snippet:-1, max-image-preview:large, max-video-preview:-1\" \/>\n<link rel=\"canonical\" href=\"https:\/\/hannaorganic.md\/ru\/produs\/fresh-face-mask-raspberrycranberry-mr-scrubber\/\" \/>\n<meta property=\"og:locale\" content=\"ru_RU\" \/>\n<meta property=\"og:type\" content=\"article\" \/>\n<meta property=\"og:title\" content=\"Fresh Face Mask\/Raspberry&amp;Cranberry Mr.SCRUBBER - HANNA ORGANIC\" \/>\n<meta property=\"og:description\" content=\"Masca hr\u0103nitoare satureaz\u0103 pielea cu componente utile, restabile\u0219te echilibrul natural, \u00eendep\u0103rteaz\u0103 instantaneu toate urmele de oboseal\u0103, \u00eembun\u0103t\u0103\u021be\u0219te culoarea \u0219i ofer\u0103 fe\u021bei un aspect proasp\u0103t. Face pielea extrem de matasoasa la atingere. Extractele naturale au un efect calmant pronun\u021bat \u0219i un efect de str\u0103lucire.\" \/>\n<meta property=\"og:url\" content=\"https:\/\/hannaorganic.md\/ru\/produs\/fresh-face-mask-raspberrycranberry-mr-scrubber\/\" \/>\n<meta property=\"og:site_name\" content=\"HANNA ORGANIC\" \/>\n<meta property=\"article:publisher\" content=\"https:\/\/www.facebook.com\/bluemagic.md\/\" \/>\n<meta property=\"article:modified_time\" content=\"2025-07-11T08:22:53+00:00\" \/>\n<meta property=\"og:image\" content=\"https:\/\/hannaorganic.md\/wp-content\/uploads\/2024\/02\/IMG_2295.jpeg\" \/>\n\t<meta property=\"og:image:width\" content=\"828\" \/>\n\t<meta property=\"og:image:height\" content=\"1252\" \/>\n\t<meta property=\"og:image:type\" content=\"image\/jpeg\" \/>\n<meta name=\"twitter:card\" content=\"summary_large_image\" \/>\n<meta name=\"twitter:label1\" content=\"\u041f\u0440\u0438\u043c\u0435\u0440\u043d\u043e\u0435 \u0432\u0440\u0435\u043c\u044f \u0434\u043b\u044f \u0447\u0442\u0435\u043d\u0438\u044f\" \/>\n\t<meta name=\"twitter:data1\" content=\"2 \u043c\u0438\u043d\u0443\u0442\u044b\" \/>\n<script type=\"application\/ld+json\" class=\"yoast-schema-graph\">{\"@context\":\"https:\\\/\\\/schema.org\",\"@graph\":[{\"@type\":\"WebPage\",\"@id\":\"https:\\\/\\\/hannaorganic.md\\\/ru\\\/produs\\\/fresh-face-mask-raspberrycranberry-mr-scrubber\\\/\",\"url\":\"https:\\\/\\\/hannaorganic.md\\\/ru\\\/produs\\\/fresh-face-mask-raspberrycranberry-mr-scrubber\\\/\",\"name\":\"Fresh Face Mask\\\/Raspberry&amp;Cranberry Mr.SCRUBBER - HANNA ORGANIC\",\"isPartOf\":{\"@id\":\"https:\\\/\\\/hannaorganic.md\\\/ru\\\/#website\"},\"primaryImageOfPage\":{\"@id\":\"https:\\\/\\\/hannaorganic.md\\\/ru\\\/produs\\\/fresh-face-mask-raspberrycranberry-mr-scrubber\\\/#primaryimage\"},\"image\":{\"@id\":\"https:\\\/\\\/hannaorganic.md\\\/ru\\\/produs\\\/fresh-face-mask-raspberrycranberry-mr-scrubber\\\/#primaryimage\"},\"thumbnailUrl\":\"https:\\\/\\\/hannaorganic.md\\\/wp-content\\\/uploads\\\/2024\\\/02\\\/IMG_2295.jpeg\",\"datePublished\":\"2024-02-25T17:18:38+00:00\",\"dateModified\":\"2025-07-11T08:22:53+00:00\",\"breadcrumb\":{\"@id\":\"https:\\\/\\\/hannaorganic.md\\\/ru\\\/produs\\\/fresh-face-mask-raspberrycranberry-mr-scrubber\\\/#breadcrumb\"},\"inLanguage\":\"ru-RU\",\"potentialAction\":[{\"@type\":\"ReadAction\",\"target\":[\"https:\\\/\\\/hannaorganic.md\\\/ru\\\/produs\\\/fresh-face-mask-raspberrycranberry-mr-scrubber\\\/\"]}]},{\"@type\":\"ImageObject\",\"inLanguage\":\"ru-RU\",\"@id\":\"https:\\\/\\\/hannaorganic.md\\\/ru\\\/produs\\\/fresh-face-mask-raspberrycranberry-mr-scrubber\\\/#primaryimage\",\"url\":\"https:\\\/\\\/hannaorganic.md\\\/wp-content\\\/uploads\\\/2024\\\/02\\\/IMG_2295.jpeg\",\"contentUrl\":\"https:\\\/\\\/hannaorganic.md\\\/wp-content\\\/uploads\\\/2024\\\/02\\\/IMG_2295.jpeg\",\"width\":828,\"height\":1252},{\"@type\":\"BreadcrumbList\",\"@id\":\"https:\\\/\\\/hannaorganic.md\\\/ru\\\/produs\\\/fresh-face-mask-raspberrycranberry-mr-scrubber\\\/#breadcrumb\",\"itemListElement\":[{\"@type\":\"ListItem\",\"position\":1,\"name\":\"Prima pagin\u0103\",\"item\":\"https:\\\/\\\/hannaorganic.md\\\/ru\\\/hanna-organic\\\/\"},{\"@type\":\"ListItem\",\"position\":2,\"name\":\"\u041c\u0430\u0433\u0430\u0437\u0438\u043d\",\"item\":\"https:\\\/\\\/hannaorganic.md\\\/ru\\\/shop\\\/\"},{\"@type\":\"ListItem\",\"position\":3,\"name\":\"Fresh Face Mask\\\/Raspberry&amp;Cranberry Mr.SCRUBBER\"}]},{\"@type\":\"WebSite\",\"@id\":\"https:\\\/\\\/hannaorganic.md\\\/ru\\\/#website\",\"url\":\"https:\\\/\\\/hannaorganic.md\\\/ru\\\/\",\"name\":\"HANNA ORGANIC\",\"description\":\"Multi-Brand Cosmetic Store\",\"potentialAction\":[{\"@type\":\"SearchAction\",\"target\":{\"@type\":\"EntryPoint\",\"urlTemplate\":\"https:\\\/\\\/hannaorganic.md\\\/ru\\\/?s={search_term_string}\"},\"query-input\":{\"@type\":\"PropertyValueSpecification\",\"valueRequired\":true,\"valueName\":\"search_term_string\"}}],\"inLanguage\":\"ru-RU\"}]}<\/script>\n<!-- \/ Yoast SEO plugin. -->","yoast_head_json":{"title":"Fresh Face Mask\/Raspberry&amp;Cranberry Mr.SCRUBBER - HANNA ORGANIC","robots":{"index":"index","follow":"follow","max-snippet":"max-snippet:-1","max-image-preview":"max-image-preview:large","max-video-preview":"max-video-preview:-1"},"canonical":"https:\/\/hannaorganic.md\/ru\/produs\/fresh-face-mask-raspberrycranberry-mr-scrubber\/","og_locale":"ru_RU","og_type":"article","og_title":"Fresh Face Mask\/Raspberry&amp;Cranberry Mr.SCRUBBER - HANNA ORGANIC","og_description":"Masca hr\u0103nitoare satureaz\u0103 pielea cu componente utile, restabile\u0219te echilibrul natural, \u00eendep\u0103rteaz\u0103 instantaneu toate urmele de oboseal\u0103, \u00eembun\u0103t\u0103\u021be\u0219te culoarea \u0219i ofer\u0103 fe\u021bei un aspect proasp\u0103t. Face pielea extrem de matasoasa la atingere. Extractele naturale au un efect calmant pronun\u021bat \u0219i un efect de str\u0103lucire.","og_url":"https:\/\/hannaorganic.md\/ru\/produs\/fresh-face-mask-raspberrycranberry-mr-scrubber\/","og_site_name":"HANNA ORGANIC","article_publisher":"https:\/\/www.facebook.com\/bluemagic.md\/","article_modified_time":"2025-07-11T08:22:53+00:00","og_image":[{"width":828,"height":1252,"url":"https:\/\/hannaorganic.md\/wp-content\/uploads\/2024\/02\/IMG_2295.jpeg","type":"image\/jpeg"}],"twitter_card":"summary_large_image","twitter_misc":{"\u041f\u0440\u0438\u043c\u0435\u0440\u043d\u043e\u0435 \u0432\u0440\u0435\u043c\u044f \u0434\u043b\u044f \u0447\u0442\u0435\u043d\u0438\u044f":"2 \u043c\u0438\u043d\u0443\u0442\u044b"},"schema":{"@context":"https:\/\/schema.org","@graph":[{"@type":"WebPage","@id":"https:\/\/hannaorganic.md\/ru\/produs\/fresh-face-mask-raspberrycranberry-mr-scrubber\/","url":"https:\/\/hannaorganic.md\/ru\/produs\/fresh-face-mask-raspberrycranberry-mr-scrubber\/","name":"Fresh Face Mask\/Raspberry&amp;Cranberry Mr.SCRUBBER - HANNA ORGANIC","isPartOf":{"@id":"https:\/\/hannaorganic.md\/ru\/#website"},"primaryImageOfPage":{"@id":"https:\/\/hannaorganic.md\/ru\/produs\/fresh-face-mask-raspberrycranberry-mr-scrubber\/#primaryimage"},"image":{"@id":"https:\/\/hannaorganic.md\/ru\/produs\/fresh-face-mask-raspberrycranberry-mr-scrubber\/#primaryimage"},"thumbnailUrl":"https:\/\/hannaorganic.md\/wp-content\/uploads\/2024\/02\/IMG_2295.jpeg","datePublished":"2024-02-25T17:18:38+00:00","dateModified":"2025-07-11T08:22:53+00:00","breadcrumb":{"@id":"https:\/\/hannaorganic.md\/ru\/produs\/fresh-face-mask-raspberrycranberry-mr-scrubber\/#breadcrumb"},"inLanguage":"ru-RU","potentialAction":[{"@type":"ReadAction","target":["https:\/\/hannaorganic.md\/ru\/produs\/fresh-face-mask-raspberrycranberry-mr-scrubber\/"]}]},{"@type":"ImageObject","inLanguage":"ru-RU","@id":"https:\/\/hannaorganic.md\/ru\/produs\/fresh-face-mask-raspberrycranberry-mr-scrubber\/#primaryimage","url":"https:\/\/hannaorganic.md\/wp-content\/uploads\/2024\/02\/IMG_2295.jpeg","contentUrl":"https:\/\/hannaorganic.md\/wp-content\/uploads\/2024\/02\/IMG_2295.jpeg","width":828,"height":1252},{"@type":"BreadcrumbList","@id":"https:\/\/hannaorganic.md\/ru\/produs\/fresh-face-mask-raspberrycranberry-mr-scrubber\/#breadcrumb","itemListElement":[{"@type":"ListItem","position":1,"name":"Prima pagin\u0103","item":"https:\/\/hannaorganic.md\/ru\/hanna-organic\/"},{"@type":"ListItem","position":2,"name":"\u041c\u0430\u0433\u0430\u0437\u0438\u043d","item":"https:\/\/hannaorganic.md\/ru\/shop\/"},{"@type":"ListItem","position":3,"name":"Fresh Face Mask\/Raspberry&amp;Cranberry Mr.SCRUBBER"}]},{"@type":"WebSite","@id":"https:\/\/hannaorganic.md\/ru\/#website","url":"https:\/\/hannaorganic.md\/ru\/","name":"HANNA ORGANIC","description":"Multi-Brand Cosmetic Store","potentialAction":[{"@type":"SearchAction","target":{"@type":"EntryPoint","urlTemplate":"https:\/\/hannaorganic.md\/ru\/?s={search_term_string}"},"query-input":{"@type":"PropertyValueSpecification","valueRequired":true,"valueName":"search_term_string"}}],"inLanguage":"ru-RU"}]}},"_links":{"self":[{"href":"https:\/\/hannaorganic.md\/ru\/wp-json\/wp\/v2\/product\/84018","targetHints":{"allow":["GET"]}}],"collection":[{"href":"https:\/\/hannaorganic.md\/ru\/wp-json\/wp\/v2\/product"}],"about":[{"href":"https:\/\/hannaorganic.md\/ru\/wp-json\/wp\/v2\/types\/product"}],"wp:featuredmedia":[{"embeddable":true,"href":"https:\/\/hannaorganic.md\/ru\/wp-json\/wp\/v2\/media\/84019"}],"wp:attachment":[{"href":"https:\/\/hannaorganic.md\/ru\/wp-json\/wp\/v2\/media?parent=84018"}],"wp:term":[{"taxonomy":"product_brand","embeddable":true,"href":"https:\/\/hannaorganic.md\/ru\/wp-json\/wp\/v2\/product_brand?post=84018"},{"taxonomy":"product_cat","embeddable":true,"href":"https:\/\/hannaorganic.md\/ru\/wp-json\/wp\/v2\/product_cat?post=84018"},{"taxonomy":"product_tag","embeddable":true,"href":"https:\/\/hannaorganic.md\/ru\/wp-json\/wp\/v2\/product_tag?post=84018"}],"curies":[{"name":"wp","href":"https:\/\/api.w.org\/{rel}","templated":true}]}}