{"id":84030,"date":"2024-02-26T14:36:16","date_gmt":"2024-02-26T12:36:16","guid":{"rendered":"https:\/\/hannaorganic.md\/?post_type=product&#038;p=84030"},"modified":"2026-04-18T12:50:03","modified_gmt":"2026-04-18T10:50:03","slug":"detox-face-mask-charcoal-mr-scrubber","status":"publish","type":"product","link":"https:\/\/hannaorganic.md\/ru\/produs\/detox-face-mask-charcoal-mr-scrubber\/","title":{"rendered":"Detox Face Mask\/Charcoal Mr.SCRUBBER"},"content":{"rendered":"<p>Cum functioneaza :<\/p>\n<p>-caolinul neteze\u0219te pielea, m\u0103re\u0219te fermitatea \u0219i elasticitatea, ajut\u0103 la saturarea dermei cu oxigen, elimin\u0103 matitatea;<br \/>\n-glicerina catifeleaz\u0103 \u0219i hidrateaz\u0103 fa\u021ba, men\u021bine nivelul necesar de hidratare;<br \/>\n-pudra de bambus face pielea catifelat\u0103 la atingere, absoarbe excesul de sebum \u0219i men\u021bine efectul de mat\u0103 pentru o perioad\u0103 lung\u0103 de timp;<br \/>\n-extractul de centella asiatica calmeaza pielea, favorizeaza vindecarea microleziunilor si inflamatiilor;<br \/>\n-extractul de r\u0103d\u0103cin\u0103 de scobi\u021b\u0103 Baikal are propriet\u0103\u021bi antioxidante, protejeaz\u0103 derma de efectele nocive ale radicalilor liberi;<br \/>\n-extractul din fructe de dragon are efecte antiinflamatoare \u0219i hidratante;<br \/>\n-extractul de ceai verde tonific\u0103 perfect pielea, o cur\u0103\u021b\u0103 \u00een profunzime datorit\u0103 efectului s\u0103u antimicrobian;<br \/>\n-extractul de r\u0103d\u0103cin\u0103 de lemn dulce calmeaz\u0103 pielea iritat\u0103, reduce num\u0103rul \u0219i densitatea elementelor inflamatorii;<br \/>\n-extractul de r\u0103d\u0103cin\u0103 de arpa\u0219 are efect antiinflamator \u0219i antibacterian, elimin\u0103 acneea \u0219i erup\u021biile cutanate, previne apari\u021bia cicatricilor;<br \/>\n-extract de rozmarin tonific\u0103, \u00eemprosp\u0103teaz\u0103, elimin\u0103 oboseala \u0219i irita\u021bia muscular\u0103;<br \/>\n-c\u0103rbunele activat serve\u0219te ca magnet pentru toate tipurile de poluare, elimin\u0103 erup\u021biile cutanate, \u00eembun\u0103t\u0103\u021be\u0219te semnificativ starea pielii.<\/p>\n<p>Efect :<br \/>\n-cur\u0103\u021barea profund\u0103 a porilor, reducerea lor vizual\u0103;<br \/>\nrogojina;<br \/>\n-eliminarea irita\u021biei, \u00eenro\u0219irii, erup\u021biilor cutanate;<br \/>\n-reducerea num\u0103rului de puncte negre.<\/p>\n<p>Compozitie : Aqua (apa), caolin, propilenglicol, glicerina, PEG-8, triglicerida caprilic\/capric, celuloza (Bambusa Arundinacea), poliglicerina-6, propanediol, extract de frunze de Centella Asiatica, extract de radacina de scutellaria baicalensis, extract de fructe de Hylocereus Undatus, Extract de frunze de Camellia Sinensis, Extract de r\u0103d\u0103cin\u0103 de Glycyrrhiza Glabra (lemn dulce), Extract de r\u0103d\u0103cin\u0103 de Berberis Vulgaris, Extract de frunze de Rosmarinus Officinalis (Rozmarin), lactat de mentil, negru de fum, poliacrilat de sodiu, poliacrilat-13, poliizobuten\u0103, polisorbat 20, mellinotizoloroetilinotizoloro, mellinotizoloroe<\/p>\n<p>Mod de utilizare : aplicati un strat gros pe pielea curatata a fetei, evitand zona din jurul ochilor si buzelor. L\u0103sa\u021bi masca pe fa\u021b\u0103 timp de 5-10 minute, cl\u0103ti\u021bi cu ap\u0103 cald\u0103. Deoarece toate m\u0103\u0219tile din seria FACE CONTROL SKIN CARE con\u021bin concentra\u021bia maxim\u0103 de ingrediente active naturale, v\u0103 recomand\u0103m s\u0103 efectua\u021bi un test de sensibilitate \u00eenainte de utilizare. Utiliza\u021bi de dou\u0103 ori pe s\u0103pt\u0103m\u00e2n\u0103.<\/p>\n<p>Contraindica\u021bii : sensibilitate individual\u0103 la componentele produsului. Evita contactul cu ochii. \u00cen caz de contact cu ochii, cl\u0103ti\u021bi imediat cu ap\u0103, dac\u0103 este necesar consulta\u021bi un medic.<\/p>\n<p>Volum : 100 gr<\/p>\n","protected":false},"excerpt":{"rendered":"<p>Masca de cur\u0103\u021bare profund\u0103 \u00eendep\u0103rteaz\u0103 impurit\u0103\u021bile, cur\u0103\u021b\u0103 porii, absoarbe excesul de sebum, ofer\u0103 un efect de mat\u0103 de lung\u0103 durat\u0103. Cu utilizarea regulat\u0103, reduce semnificativ num\u0103rul de puncte negre, face porii mai pu\u021bin vizibili. Extractele naturale calmeaz\u0103, elimin\u0103 irita\u021bia \u0219i ro\u0219ea\u021ba, satureaz\u0103 pielea cu substan\u021be utile.<\/p>\n","protected":false},"featured_media":84031,"template":"","meta":[],"product_brand":[],"product_cat":[100,103,96,92],"product_tag":[1313,1678,1293,1294,575,1551],"class_list":{"0":"post-84030","1":"product","2":"type-product","3":"status-publish","4":"has-post-thumbnail","6":"product_cat-fata","7":"product_cat-face-mask","8":"product_cat-mrscrubber-md","9":"product_cat-toate-produsele","10":"product_tag-daily","11":"product_tag-detox","12":"product_tag-face","13":"product_tag-mask","14":"product_tag-mr-scrubber","15":"product_tag-routine","17":"first","18":"instock","19":"shipping-taxable","20":"purchasable","21":"product-type-simple"},"yoast_head":"<!-- This site is optimized with the Yoast SEO plugin v27.5 - https:\/\/yoast.com\/product\/yoast-seo-wordpress\/ -->\n<title>Detox Face Mask\/Charcoal Mr.SCRUBBER - HANNA ORGANIC<\/title>\n<meta name=\"robots\" content=\"index, follow, max-snippet:-1, max-image-preview:large, max-video-preview:-1\" \/>\n<link rel=\"canonical\" href=\"https:\/\/hannaorganic.md\/ru\/produs\/detox-face-mask-charcoal-mr-scrubber\/\" \/>\n<meta property=\"og:locale\" content=\"ru_RU\" \/>\n<meta property=\"og:type\" content=\"article\" \/>\n<meta property=\"og:title\" content=\"Detox Face Mask\/Charcoal Mr.SCRUBBER - HANNA ORGANIC\" \/>\n<meta property=\"og:description\" content=\"Masca de cur\u0103\u021bare profund\u0103 \u00eendep\u0103rteaz\u0103 impurit\u0103\u021bile, cur\u0103\u021b\u0103 porii, absoarbe excesul de sebum, ofer\u0103 un efect de mat\u0103 de lung\u0103 durat\u0103. Cu utilizarea regulat\u0103, reduce semnificativ num\u0103rul de puncte negre, face porii mai pu\u021bin vizibili. Extractele naturale calmeaz\u0103, elimin\u0103 irita\u021bia \u0219i ro\u0219ea\u021ba, satureaz\u0103 pielea cu substan\u021be utile.\" \/>\n<meta property=\"og:url\" content=\"https:\/\/hannaorganic.md\/ru\/produs\/detox-face-mask-charcoal-mr-scrubber\/\" \/>\n<meta property=\"og:site_name\" content=\"HANNA ORGANIC\" \/>\n<meta property=\"article:publisher\" content=\"https:\/\/www.facebook.com\/bluemagic.md\/\" \/>\n<meta property=\"article:modified_time\" content=\"2026-04-18T10:50:03+00:00\" \/>\n<meta property=\"og:image\" content=\"https:\/\/hannaorganic.md\/wp-content\/uploads\/2024\/02\/IMG_2314.jpeg\" \/>\n\t<meta property=\"og:image:width\" content=\"828\" \/>\n\t<meta property=\"og:image:height\" content=\"1327\" \/>\n\t<meta property=\"og:image:type\" content=\"image\/jpeg\" \/>\n<meta name=\"twitter:card\" content=\"summary_large_image\" \/>\n<meta name=\"twitter:label1\" content=\"\u041f\u0440\u0438\u043c\u0435\u0440\u043d\u043e\u0435 \u0432\u0440\u0435\u043c\u044f \u0434\u043b\u044f \u0447\u0442\u0435\u043d\u0438\u044f\" \/>\n\t<meta name=\"twitter:data1\" content=\"3 \u043c\u0438\u043d\u0443\u0442\u044b\" \/>\n<script type=\"application\/ld+json\" class=\"yoast-schema-graph\">{\"@context\":\"https:\\\/\\\/schema.org\",\"@graph\":[{\"@type\":\"WebPage\",\"@id\":\"https:\\\/\\\/hannaorganic.md\\\/ru\\\/produs\\\/detox-face-mask-charcoal-mr-scrubber\\\/\",\"url\":\"https:\\\/\\\/hannaorganic.md\\\/ru\\\/produs\\\/detox-face-mask-charcoal-mr-scrubber\\\/\",\"name\":\"Detox Face Mask\\\/Charcoal Mr.SCRUBBER - HANNA ORGANIC\",\"isPartOf\":{\"@id\":\"https:\\\/\\\/hannaorganic.md\\\/ru\\\/#website\"},\"primaryImageOfPage\":{\"@id\":\"https:\\\/\\\/hannaorganic.md\\\/ru\\\/produs\\\/detox-face-mask-charcoal-mr-scrubber\\\/#primaryimage\"},\"image\":{\"@id\":\"https:\\\/\\\/hannaorganic.md\\\/ru\\\/produs\\\/detox-face-mask-charcoal-mr-scrubber\\\/#primaryimage\"},\"thumbnailUrl\":\"https:\\\/\\\/hannaorganic.md\\\/wp-content\\\/uploads\\\/2024\\\/02\\\/IMG_2314.jpeg\",\"datePublished\":\"2024-02-26T12:36:16+00:00\",\"dateModified\":\"2026-04-18T10:50:03+00:00\",\"breadcrumb\":{\"@id\":\"https:\\\/\\\/hannaorganic.md\\\/ru\\\/produs\\\/detox-face-mask-charcoal-mr-scrubber\\\/#breadcrumb\"},\"inLanguage\":\"ru-RU\",\"potentialAction\":[{\"@type\":\"ReadAction\",\"target\":[\"https:\\\/\\\/hannaorganic.md\\\/ru\\\/produs\\\/detox-face-mask-charcoal-mr-scrubber\\\/\"]}]},{\"@type\":\"ImageObject\",\"inLanguage\":\"ru-RU\",\"@id\":\"https:\\\/\\\/hannaorganic.md\\\/ru\\\/produs\\\/detox-face-mask-charcoal-mr-scrubber\\\/#primaryimage\",\"url\":\"https:\\\/\\\/hannaorganic.md\\\/wp-content\\\/uploads\\\/2024\\\/02\\\/IMG_2314.jpeg\",\"contentUrl\":\"https:\\\/\\\/hannaorganic.md\\\/wp-content\\\/uploads\\\/2024\\\/02\\\/IMG_2314.jpeg\",\"width\":828,\"height\":1327},{\"@type\":\"BreadcrumbList\",\"@id\":\"https:\\\/\\\/hannaorganic.md\\\/ru\\\/produs\\\/detox-face-mask-charcoal-mr-scrubber\\\/#breadcrumb\",\"itemListElement\":[{\"@type\":\"ListItem\",\"position\":1,\"name\":\"Prima pagin\u0103\",\"item\":\"https:\\\/\\\/hannaorganic.md\\\/ru\\\/hanna-organic\\\/\"},{\"@type\":\"ListItem\",\"position\":2,\"name\":\"\u041c\u0430\u0433\u0430\u0437\u0438\u043d\",\"item\":\"https:\\\/\\\/hannaorganic.md\\\/ru\\\/shop\\\/\"},{\"@type\":\"ListItem\",\"position\":3,\"name\":\"Detox Face Mask\\\/Charcoal Mr.SCRUBBER\"}]},{\"@type\":\"WebSite\",\"@id\":\"https:\\\/\\\/hannaorganic.md\\\/ru\\\/#website\",\"url\":\"https:\\\/\\\/hannaorganic.md\\\/ru\\\/\",\"name\":\"HANNA ORGANIC\",\"description\":\"Multi-Brand Cosmetic Store\",\"potentialAction\":[{\"@type\":\"SearchAction\",\"target\":{\"@type\":\"EntryPoint\",\"urlTemplate\":\"https:\\\/\\\/hannaorganic.md\\\/ru\\\/?s={search_term_string}\"},\"query-input\":{\"@type\":\"PropertyValueSpecification\",\"valueRequired\":true,\"valueName\":\"search_term_string\"}}],\"inLanguage\":\"ru-RU\"}]}<\/script>\n<!-- \/ Yoast SEO plugin. -->","yoast_head_json":{"title":"Detox Face Mask\/Charcoal Mr.SCRUBBER - HANNA ORGANIC","robots":{"index":"index","follow":"follow","max-snippet":"max-snippet:-1","max-image-preview":"max-image-preview:large","max-video-preview":"max-video-preview:-1"},"canonical":"https:\/\/hannaorganic.md\/ru\/produs\/detox-face-mask-charcoal-mr-scrubber\/","og_locale":"ru_RU","og_type":"article","og_title":"Detox Face Mask\/Charcoal Mr.SCRUBBER - HANNA ORGANIC","og_description":"Masca de cur\u0103\u021bare profund\u0103 \u00eendep\u0103rteaz\u0103 impurit\u0103\u021bile, cur\u0103\u021b\u0103 porii, absoarbe excesul de sebum, ofer\u0103 un efect de mat\u0103 de lung\u0103 durat\u0103. Cu utilizarea regulat\u0103, reduce semnificativ num\u0103rul de puncte negre, face porii mai pu\u021bin vizibili. Extractele naturale calmeaz\u0103, elimin\u0103 irita\u021bia \u0219i ro\u0219ea\u021ba, satureaz\u0103 pielea cu substan\u021be utile.","og_url":"https:\/\/hannaorganic.md\/ru\/produs\/detox-face-mask-charcoal-mr-scrubber\/","og_site_name":"HANNA ORGANIC","article_publisher":"https:\/\/www.facebook.com\/bluemagic.md\/","article_modified_time":"2026-04-18T10:50:03+00:00","og_image":[{"width":828,"height":1327,"url":"https:\/\/hannaorganic.md\/wp-content\/uploads\/2024\/02\/IMG_2314.jpeg","type":"image\/jpeg"}],"twitter_card":"summary_large_image","twitter_misc":{"\u041f\u0440\u0438\u043c\u0435\u0440\u043d\u043e\u0435 \u0432\u0440\u0435\u043c\u044f \u0434\u043b\u044f \u0447\u0442\u0435\u043d\u0438\u044f":"3 \u043c\u0438\u043d\u0443\u0442\u044b"},"schema":{"@context":"https:\/\/schema.org","@graph":[{"@type":"WebPage","@id":"https:\/\/hannaorganic.md\/ru\/produs\/detox-face-mask-charcoal-mr-scrubber\/","url":"https:\/\/hannaorganic.md\/ru\/produs\/detox-face-mask-charcoal-mr-scrubber\/","name":"Detox Face Mask\/Charcoal Mr.SCRUBBER - HANNA ORGANIC","isPartOf":{"@id":"https:\/\/hannaorganic.md\/ru\/#website"},"primaryImageOfPage":{"@id":"https:\/\/hannaorganic.md\/ru\/produs\/detox-face-mask-charcoal-mr-scrubber\/#primaryimage"},"image":{"@id":"https:\/\/hannaorganic.md\/ru\/produs\/detox-face-mask-charcoal-mr-scrubber\/#primaryimage"},"thumbnailUrl":"https:\/\/hannaorganic.md\/wp-content\/uploads\/2024\/02\/IMG_2314.jpeg","datePublished":"2024-02-26T12:36:16+00:00","dateModified":"2026-04-18T10:50:03+00:00","breadcrumb":{"@id":"https:\/\/hannaorganic.md\/ru\/produs\/detox-face-mask-charcoal-mr-scrubber\/#breadcrumb"},"inLanguage":"ru-RU","potentialAction":[{"@type":"ReadAction","target":["https:\/\/hannaorganic.md\/ru\/produs\/detox-face-mask-charcoal-mr-scrubber\/"]}]},{"@type":"ImageObject","inLanguage":"ru-RU","@id":"https:\/\/hannaorganic.md\/ru\/produs\/detox-face-mask-charcoal-mr-scrubber\/#primaryimage","url":"https:\/\/hannaorganic.md\/wp-content\/uploads\/2024\/02\/IMG_2314.jpeg","contentUrl":"https:\/\/hannaorganic.md\/wp-content\/uploads\/2024\/02\/IMG_2314.jpeg","width":828,"height":1327},{"@type":"BreadcrumbList","@id":"https:\/\/hannaorganic.md\/ru\/produs\/detox-face-mask-charcoal-mr-scrubber\/#breadcrumb","itemListElement":[{"@type":"ListItem","position":1,"name":"Prima pagin\u0103","item":"https:\/\/hannaorganic.md\/ru\/hanna-organic\/"},{"@type":"ListItem","position":2,"name":"\u041c\u0430\u0433\u0430\u0437\u0438\u043d","item":"https:\/\/hannaorganic.md\/ru\/shop\/"},{"@type":"ListItem","position":3,"name":"Detox Face Mask\/Charcoal Mr.SCRUBBER"}]},{"@type":"WebSite","@id":"https:\/\/hannaorganic.md\/ru\/#website","url":"https:\/\/hannaorganic.md\/ru\/","name":"HANNA ORGANIC","description":"Multi-Brand Cosmetic Store","potentialAction":[{"@type":"SearchAction","target":{"@type":"EntryPoint","urlTemplate":"https:\/\/hannaorganic.md\/ru\/?s={search_term_string}"},"query-input":{"@type":"PropertyValueSpecification","valueRequired":true,"valueName":"search_term_string"}}],"inLanguage":"ru-RU"}]}},"_links":{"self":[{"href":"https:\/\/hannaorganic.md\/ru\/wp-json\/wp\/v2\/product\/84030","targetHints":{"allow":["GET"]}}],"collection":[{"href":"https:\/\/hannaorganic.md\/ru\/wp-json\/wp\/v2\/product"}],"about":[{"href":"https:\/\/hannaorganic.md\/ru\/wp-json\/wp\/v2\/types\/product"}],"wp:featuredmedia":[{"embeddable":true,"href":"https:\/\/hannaorganic.md\/ru\/wp-json\/wp\/v2\/media\/84031"}],"wp:attachment":[{"href":"https:\/\/hannaorganic.md\/ru\/wp-json\/wp\/v2\/media?parent=84030"}],"wp:term":[{"taxonomy":"product_brand","embeddable":true,"href":"https:\/\/hannaorganic.md\/ru\/wp-json\/wp\/v2\/product_brand?post=84030"},{"taxonomy":"product_cat","embeddable":true,"href":"https:\/\/hannaorganic.md\/ru\/wp-json\/wp\/v2\/product_cat?post=84030"},{"taxonomy":"product_tag","embeddable":true,"href":"https:\/\/hannaorganic.md\/ru\/wp-json\/wp\/v2\/product_tag?post=84030"}],"curies":[{"name":"wp","href":"https:\/\/api.w.org\/{rel}","templated":true}]}}