{"id":84033,"date":"2024-02-26T14:52:12","date_gmt":"2024-02-26T12:52:12","guid":{"rendered":"https:\/\/hannaorganic.md\/?post_type=product&#038;p=84033"},"modified":"2025-07-31T13:22:12","modified_gmt":"2025-07-31T11:22:12","slug":"perfectin-face-mask-ahabha-mr-scrubber","status":"publish","type":"product","link":"https:\/\/hannaorganic.md\/ru\/produs\/perfectin-face-mask-ahabha-mr-scrubber\/","title":{"rendered":"Perfectin Face Mask\/ AHA+BHA Mr.SCRUBBER"},"content":{"rendered":"<p>Cum functioneaza :<\/p>\n<p>-caolinul neteze\u0219te pielea, m\u0103re\u0219te fermitatea \u0219i elasticitatea, ajut\u0103 la saturarea dermei cu oxigen, elimin\u0103 matitatea;<br \/>\n-glicerina catifeleaz\u0103 \u0219i hidrateaz\u0103 fa\u021ba, men\u021bine nivelul necesar de hidratare;<br \/>\n-acidul glicolic exfoliaz\u0103 delicat \u0219i reface pielea, favorizeaz\u0103 netezirea \u0219i previne apari\u021bia cicatricilor dup\u0103 acnee, \u00eembun\u0103t\u0103\u021be\u0219te culoarea \u0219i textura fe\u021bei;<br \/>\n-acidul salicilic cur\u0103\u021b\u0103 \u00een profunzime porii, normalizeaz\u0103 secre\u021bia de sebum, lumineaz\u0103 petele pigmentare \u0219i uniformizeaz\u0103 nuan\u021ba pielii, accelereaz\u0103 exfolierea \u0219i stimuleaz\u0103 re\u00eennoirea epidermei. Datorit\u0103 propriet\u0103\u021bilor sale bactericide \u0219i antiinflamatorii puternice, reduce num\u0103rul de cosuri \u0219i \u00eembun\u0103t\u0103\u021be\u0219te starea general\u0103 a pielii.<\/p>\n<p>Efect :<br \/>\n-cur\u0103\u021b\u0103 \u00een profunzime, lustruie\u0219te pielea;<br \/>\n-\u00eembun\u0103t\u0103\u021be\u0219te culoarea \u0219i textura;<br \/>\n-reduce num\u0103rul de cosuri \u0219i erup\u021bii cutanate;<br \/>\n-previne apari\u021bia \u0219i ajut\u0103 la netezirea cicatricilor;<\/p>\n<p>Compozitie : Aqua (apa), caolin, dioxid de titan, glicerina, triglicerida caprilic\/capric, PEG-8, alcool cetearilic, glucozid cetearilic, stearat de gliceril, stearat PEG-100, guma xantan, acid glicolic, acid salicilinozolac, trietillinozoletanoamina, Metilizotiazolinon\u0103, Parfum, CI 42090.<\/p>\n<p>Mod de utilizare : aplicati un strat gros pe pielea curatata a fetei, evitand zona din jurul ochilor si buzelor. L\u0103sa\u021bi masca pe fa\u021b\u0103 timp de 5-10 minute, cl\u0103ti\u021bi cu ap\u0103 cald\u0103. Deoarece toate m\u0103\u0219tile din seria FACE CONTROL SKIN CARE con\u021bin concentra\u021bia maxim\u0103 de ingrediente active naturale, v\u0103 recomand\u0103m s\u0103 efectua\u021bi un test de sensibilitate \u00eenainte de utilizare. Utiliza\u021bi de dou\u0103 ori pe s\u0103pt\u0103m\u00e2n\u0103.<\/p>\n<p>Contraindica\u021bii : sensibilitate individual\u0103 la componentele produsului. Evita contactul cu ochii. \u00cen caz de contact cu ochii, cl\u0103ti\u021bi imediat cu ap\u0103, dac\u0103 este necesar consulta\u021bi un medic.<\/p>\n<p>Volum : 100 gr<\/p>\n","protected":false},"excerpt":{"rendered":"<p>O masc\u0103 pentru pielea problematic\u0103 \u0219i predispus\u0103 la acnee cu acizi AHA \u0219i BHA exfoliaz\u0103, lustruie\u0219te u\u0219or, \u00eembun\u0103t\u0103\u021be\u0219te culoarea \u0219i textura pielii. Sus\u021bine echilibrul natural, ajut\u0103 la reducerea num\u0103rului de acnee \u0219i erup\u021bii cutanate.<\/p>\n","protected":false},"featured_media":84034,"template":"","meta":[],"product_brand":[],"product_cat":[100,103,96,92],"product_tag":[1293,1294,575,1816,1551],"class_list":{"0":"post-84033","1":"product","2":"type-product","3":"status-publish","4":"has-post-thumbnail","6":"product_cat-fata","7":"product_cat-face-mask","8":"product_cat-mrscrubber-md","9":"product_cat-toate-produsele","10":"product_tag-face","11":"product_tag-mask","12":"product_tag-mr-scrubber","13":"product_tag-perfectin","14":"product_tag-routine","16":"first","17":"instock","18":"shipping-taxable","19":"purchasable","20":"product-type-simple"},"yoast_head":"<!-- This site is optimized with the Yoast SEO plugin v27.5 - https:\/\/yoast.com\/product\/yoast-seo-wordpress\/ -->\n<title>Perfectin Face Mask\/ AHA+BHA Mr.SCRUBBER - HANNA ORGANIC<\/title>\n<meta name=\"robots\" content=\"index, follow, max-snippet:-1, max-image-preview:large, max-video-preview:-1\" \/>\n<link rel=\"canonical\" href=\"https:\/\/hannaorganic.md\/ru\/produs\/perfectin-face-mask-ahabha-mr-scrubber\/\" \/>\n<meta property=\"og:locale\" content=\"ru_RU\" \/>\n<meta property=\"og:type\" content=\"article\" \/>\n<meta property=\"og:title\" content=\"Perfectin Face Mask\/ AHA+BHA Mr.SCRUBBER - HANNA ORGANIC\" \/>\n<meta property=\"og:description\" content=\"O masc\u0103 pentru pielea problematic\u0103 \u0219i predispus\u0103 la acnee cu acizi AHA \u0219i BHA exfoliaz\u0103, lustruie\u0219te u\u0219or, \u00eembun\u0103t\u0103\u021be\u0219te culoarea \u0219i textura pielii. Sus\u021bine echilibrul natural, ajut\u0103 la reducerea num\u0103rului de acnee \u0219i erup\u021bii cutanate.\" \/>\n<meta property=\"og:url\" content=\"https:\/\/hannaorganic.md\/ru\/produs\/perfectin-face-mask-ahabha-mr-scrubber\/\" \/>\n<meta property=\"og:site_name\" content=\"HANNA ORGANIC\" \/>\n<meta property=\"article:publisher\" content=\"https:\/\/www.facebook.com\/bluemagic.md\/\" \/>\n<meta property=\"article:modified_time\" content=\"2025-07-31T11:22:12+00:00\" \/>\n<meta property=\"og:image\" content=\"https:\/\/hannaorganic.md\/wp-content\/uploads\/2024\/02\/IMG_2315.jpeg\" \/>\n\t<meta property=\"og:image:width\" content=\"828\" \/>\n\t<meta property=\"og:image:height\" content=\"1338\" \/>\n\t<meta property=\"og:image:type\" content=\"image\/jpeg\" \/>\n<meta name=\"twitter:card\" content=\"summary_large_image\" \/>\n<meta name=\"twitter:label1\" content=\"\u041f\u0440\u0438\u043c\u0435\u0440\u043d\u043e\u0435 \u0432\u0440\u0435\u043c\u044f \u0434\u043b\u044f \u0447\u0442\u0435\u043d\u0438\u044f\" \/>\n\t<meta name=\"twitter:data1\" content=\"2 \u043c\u0438\u043d\u0443\u0442\u044b\" \/>\n<script type=\"application\/ld+json\" class=\"yoast-schema-graph\">{\"@context\":\"https:\\\/\\\/schema.org\",\"@graph\":[{\"@type\":\"WebPage\",\"@id\":\"https:\\\/\\\/hannaorganic.md\\\/ru\\\/produs\\\/perfectin-face-mask-ahabha-mr-scrubber\\\/\",\"url\":\"https:\\\/\\\/hannaorganic.md\\\/ru\\\/produs\\\/perfectin-face-mask-ahabha-mr-scrubber\\\/\",\"name\":\"Perfectin Face Mask\\\/ AHA+BHA Mr.SCRUBBER - HANNA ORGANIC\",\"isPartOf\":{\"@id\":\"https:\\\/\\\/hannaorganic.md\\\/ru\\\/#website\"},\"primaryImageOfPage\":{\"@id\":\"https:\\\/\\\/hannaorganic.md\\\/ru\\\/produs\\\/perfectin-face-mask-ahabha-mr-scrubber\\\/#primaryimage\"},\"image\":{\"@id\":\"https:\\\/\\\/hannaorganic.md\\\/ru\\\/produs\\\/perfectin-face-mask-ahabha-mr-scrubber\\\/#primaryimage\"},\"thumbnailUrl\":\"https:\\\/\\\/hannaorganic.md\\\/wp-content\\\/uploads\\\/2024\\\/02\\\/IMG_2315.jpeg\",\"datePublished\":\"2024-02-26T12:52:12+00:00\",\"dateModified\":\"2025-07-31T11:22:12+00:00\",\"breadcrumb\":{\"@id\":\"https:\\\/\\\/hannaorganic.md\\\/ru\\\/produs\\\/perfectin-face-mask-ahabha-mr-scrubber\\\/#breadcrumb\"},\"inLanguage\":\"ru-RU\",\"potentialAction\":[{\"@type\":\"ReadAction\",\"target\":[\"https:\\\/\\\/hannaorganic.md\\\/ru\\\/produs\\\/perfectin-face-mask-ahabha-mr-scrubber\\\/\"]}]},{\"@type\":\"ImageObject\",\"inLanguage\":\"ru-RU\",\"@id\":\"https:\\\/\\\/hannaorganic.md\\\/ru\\\/produs\\\/perfectin-face-mask-ahabha-mr-scrubber\\\/#primaryimage\",\"url\":\"https:\\\/\\\/hannaorganic.md\\\/wp-content\\\/uploads\\\/2024\\\/02\\\/IMG_2315.jpeg\",\"contentUrl\":\"https:\\\/\\\/hannaorganic.md\\\/wp-content\\\/uploads\\\/2024\\\/02\\\/IMG_2315.jpeg\",\"width\":828,\"height\":1338},{\"@type\":\"BreadcrumbList\",\"@id\":\"https:\\\/\\\/hannaorganic.md\\\/ru\\\/produs\\\/perfectin-face-mask-ahabha-mr-scrubber\\\/#breadcrumb\",\"itemListElement\":[{\"@type\":\"ListItem\",\"position\":1,\"name\":\"Prima pagin\u0103\",\"item\":\"https:\\\/\\\/hannaorganic.md\\\/ru\\\/hanna-organic\\\/\"},{\"@type\":\"ListItem\",\"position\":2,\"name\":\"\u041c\u0430\u0433\u0430\u0437\u0438\u043d\",\"item\":\"https:\\\/\\\/hannaorganic.md\\\/ru\\\/shop\\\/\"},{\"@type\":\"ListItem\",\"position\":3,\"name\":\"Perfectin Face Mask\\\/ AHA+BHA Mr.SCRUBBER\"}]},{\"@type\":\"WebSite\",\"@id\":\"https:\\\/\\\/hannaorganic.md\\\/ru\\\/#website\",\"url\":\"https:\\\/\\\/hannaorganic.md\\\/ru\\\/\",\"name\":\"HANNA ORGANIC\",\"description\":\"Multi-Brand Cosmetic Store\",\"potentialAction\":[{\"@type\":\"SearchAction\",\"target\":{\"@type\":\"EntryPoint\",\"urlTemplate\":\"https:\\\/\\\/hannaorganic.md\\\/ru\\\/?s={search_term_string}\"},\"query-input\":{\"@type\":\"PropertyValueSpecification\",\"valueRequired\":true,\"valueName\":\"search_term_string\"}}],\"inLanguage\":\"ru-RU\"}]}<\/script>\n<!-- \/ Yoast SEO plugin. -->","yoast_head_json":{"title":"Perfectin Face Mask\/ AHA+BHA Mr.SCRUBBER - HANNA ORGANIC","robots":{"index":"index","follow":"follow","max-snippet":"max-snippet:-1","max-image-preview":"max-image-preview:large","max-video-preview":"max-video-preview:-1"},"canonical":"https:\/\/hannaorganic.md\/ru\/produs\/perfectin-face-mask-ahabha-mr-scrubber\/","og_locale":"ru_RU","og_type":"article","og_title":"Perfectin Face Mask\/ AHA+BHA Mr.SCRUBBER - HANNA ORGANIC","og_description":"O masc\u0103 pentru pielea problematic\u0103 \u0219i predispus\u0103 la acnee cu acizi AHA \u0219i BHA exfoliaz\u0103, lustruie\u0219te u\u0219or, \u00eembun\u0103t\u0103\u021be\u0219te culoarea \u0219i textura pielii. Sus\u021bine echilibrul natural, ajut\u0103 la reducerea num\u0103rului de acnee \u0219i erup\u021bii cutanate.","og_url":"https:\/\/hannaorganic.md\/ru\/produs\/perfectin-face-mask-ahabha-mr-scrubber\/","og_site_name":"HANNA ORGANIC","article_publisher":"https:\/\/www.facebook.com\/bluemagic.md\/","article_modified_time":"2025-07-31T11:22:12+00:00","og_image":[{"width":828,"height":1338,"url":"https:\/\/hannaorganic.md\/wp-content\/uploads\/2024\/02\/IMG_2315.jpeg","type":"image\/jpeg"}],"twitter_card":"summary_large_image","twitter_misc":{"\u041f\u0440\u0438\u043c\u0435\u0440\u043d\u043e\u0435 \u0432\u0440\u0435\u043c\u044f \u0434\u043b\u044f \u0447\u0442\u0435\u043d\u0438\u044f":"2 \u043c\u0438\u043d\u0443\u0442\u044b"},"schema":{"@context":"https:\/\/schema.org","@graph":[{"@type":"WebPage","@id":"https:\/\/hannaorganic.md\/ru\/produs\/perfectin-face-mask-ahabha-mr-scrubber\/","url":"https:\/\/hannaorganic.md\/ru\/produs\/perfectin-face-mask-ahabha-mr-scrubber\/","name":"Perfectin Face Mask\/ AHA+BHA Mr.SCRUBBER - HANNA ORGANIC","isPartOf":{"@id":"https:\/\/hannaorganic.md\/ru\/#website"},"primaryImageOfPage":{"@id":"https:\/\/hannaorganic.md\/ru\/produs\/perfectin-face-mask-ahabha-mr-scrubber\/#primaryimage"},"image":{"@id":"https:\/\/hannaorganic.md\/ru\/produs\/perfectin-face-mask-ahabha-mr-scrubber\/#primaryimage"},"thumbnailUrl":"https:\/\/hannaorganic.md\/wp-content\/uploads\/2024\/02\/IMG_2315.jpeg","datePublished":"2024-02-26T12:52:12+00:00","dateModified":"2025-07-31T11:22:12+00:00","breadcrumb":{"@id":"https:\/\/hannaorganic.md\/ru\/produs\/perfectin-face-mask-ahabha-mr-scrubber\/#breadcrumb"},"inLanguage":"ru-RU","potentialAction":[{"@type":"ReadAction","target":["https:\/\/hannaorganic.md\/ru\/produs\/perfectin-face-mask-ahabha-mr-scrubber\/"]}]},{"@type":"ImageObject","inLanguage":"ru-RU","@id":"https:\/\/hannaorganic.md\/ru\/produs\/perfectin-face-mask-ahabha-mr-scrubber\/#primaryimage","url":"https:\/\/hannaorganic.md\/wp-content\/uploads\/2024\/02\/IMG_2315.jpeg","contentUrl":"https:\/\/hannaorganic.md\/wp-content\/uploads\/2024\/02\/IMG_2315.jpeg","width":828,"height":1338},{"@type":"BreadcrumbList","@id":"https:\/\/hannaorganic.md\/ru\/produs\/perfectin-face-mask-ahabha-mr-scrubber\/#breadcrumb","itemListElement":[{"@type":"ListItem","position":1,"name":"Prima pagin\u0103","item":"https:\/\/hannaorganic.md\/ru\/hanna-organic\/"},{"@type":"ListItem","position":2,"name":"\u041c\u0430\u0433\u0430\u0437\u0438\u043d","item":"https:\/\/hannaorganic.md\/ru\/shop\/"},{"@type":"ListItem","position":3,"name":"Perfectin Face Mask\/ AHA+BHA Mr.SCRUBBER"}]},{"@type":"WebSite","@id":"https:\/\/hannaorganic.md\/ru\/#website","url":"https:\/\/hannaorganic.md\/ru\/","name":"HANNA ORGANIC","description":"Multi-Brand Cosmetic Store","potentialAction":[{"@type":"SearchAction","target":{"@type":"EntryPoint","urlTemplate":"https:\/\/hannaorganic.md\/ru\/?s={search_term_string}"},"query-input":{"@type":"PropertyValueSpecification","valueRequired":true,"valueName":"search_term_string"}}],"inLanguage":"ru-RU"}]}},"_links":{"self":[{"href":"https:\/\/hannaorganic.md\/ru\/wp-json\/wp\/v2\/product\/84033","targetHints":{"allow":["GET"]}}],"collection":[{"href":"https:\/\/hannaorganic.md\/ru\/wp-json\/wp\/v2\/product"}],"about":[{"href":"https:\/\/hannaorganic.md\/ru\/wp-json\/wp\/v2\/types\/product"}],"wp:featuredmedia":[{"embeddable":true,"href":"https:\/\/hannaorganic.md\/ru\/wp-json\/wp\/v2\/media\/84034"}],"wp:attachment":[{"href":"https:\/\/hannaorganic.md\/ru\/wp-json\/wp\/v2\/media?parent=84033"}],"wp:term":[{"taxonomy":"product_brand","embeddable":true,"href":"https:\/\/hannaorganic.md\/ru\/wp-json\/wp\/v2\/product_brand?post=84033"},{"taxonomy":"product_cat","embeddable":true,"href":"https:\/\/hannaorganic.md\/ru\/wp-json\/wp\/v2\/product_cat?post=84033"},{"taxonomy":"product_tag","embeddable":true,"href":"https:\/\/hannaorganic.md\/ru\/wp-json\/wp\/v2\/product_tag?post=84033"}],"curies":[{"name":"wp","href":"https:\/\/api.w.org\/{rel}","templated":true}]}}