{"id":84038,"date":"2024-02-26T18:12:07","date_gmt":"2024-02-26T16:12:07","guid":{"rendered":"https:\/\/hannaorganic.md\/?post_type=product&#038;p=84038"},"modified":"2025-03-11T13:18:20","modified_gmt":"2025-03-11T11:18:20","slug":"so-soft-hand-cream-hollyskin","status":"publish","type":"product","link":"https:\/\/hannaorganic.md\/ru\/produs\/so-soft-hand-cream-hollyskin\/","title":{"rendered":"So Soft Hand Cream HOLLYSKIN"},"content":{"rendered":"<p>Dup\u0103 utilizare, m\u00e2inile tale vor arata perfect moi \u0219i bine \u00eengrijite. Pielea va parea mai ferm\u0103 \u0219i mai fin\u0103.<\/p>\n<p>Crema de maini So Soft. se absoarbe rapid \u0219i nu lasa senzatie de lipiciune, are un efect incredibil de catifea pentru confortul t\u0103u pe termen lung.<\/p>\n<p>Roz delicat, form\u0103 oval\u0103 perfect\u0103, Crem\u0103 de m\u00e2ini So Soft. \u2013 acesta este formatul unui accesoriu elegant care ar trebui s\u0103 fie \u00een geant\u0103.<\/p>\n<p>Ingrediente : Aqua (ap\u0103), unt de Butyrospermum Parkii, alcool cetearilic, glucozid\u0103 cetearilic\u0103, ulei de semin\u021be de Macadamia Ternifolia, extract de frunze de aloe Barbadensis, extract de semin\u021be de Cucumis Sativus, extract de floare de Chamomilla Recutita (Matricaria), extract de frunze de salvia officinalis, extract de frunze de Tocopheral, Allantointate. Polimer \u00eencruci\u0219at de hialuronat de sodiu, hialuronat de sodiu, hialuronat acetilat de sodiu, acid hialuronic hidrolizat, pentilen glicol, etilhexilglicerin\u0103, aqua, poliacrilat-13, poliizobuten\u0103, polisorbat 20, etilhexilglicerin\u0103, paroxietanol<\/p>\n<p>Mod de utilizare : Se aplica pe mainile curate cu miscari de masaj. Utiliza\u021bi dup\u0103 cum este necesar. Evita\u021bi contactul cu ochii; \u00een caz de contact cu ochii, cl\u0103ti\u021bi cu mult\u0103 ap\u0103 \u0219i, dac\u0103 este necesar, consulta\u021bi un medic.<\/p>\n<p>Tipul pielii : grasa, mixta, uscata.<\/p>\n<p>Volum : 75 ml 2,54 fl oz<\/p>\n<p>V\u00e2rsta : 18+<\/p>\n","protected":false},"excerpt":{"rendered":"<p>Crema de maini So Soft. catifeleaz\u0103 \u0219i neteze\u0219te instantaneu pielea, f\u0103c\u00e2nd m\u00e2inile foarte moi \u0219i m\u0103t\u0103soase.<br \/>\nCombin\u0103 propriet\u0103\u021bile hr\u0103nitoare ale untului de shea \u0219i uleiului de macadamia cu efectele de fermitate \u0219i albire de neegalat ale extractelor de castravete, aloe, mu\u0219e\u021bel \u0219i salvie. Formula sa este \u00eembog\u0103\u021bit\u0103 cu acid hialuronic \u0219i alantoin\u0103 pentru a cre\u0219te turgul \u0219i o hidratare \u0219i mai profund\u0103 a pielii.<\/p>\n","protected":false},"featured_media":84040,"template":"","meta":[],"product_brand":[],"product_cat":[241,580,123,92],"product_tag":[1177,1368,1818,1258,1817],"class_list":{"0":"post-84038","1":"product","2":"type-product","3":"status-publish","4":"has-post-thumbnail","6":"product_cat-hands","7":"product_cat-hands-cream","8":"product_cat-holly-skin","9":"product_cat-toate-produsele","10":"product_tag-cream","11":"product_tag-daily-use","12":"product_tag-hand","13":"product_tag-hollyskin","14":"product_tag-so-soft","16":"first","17":"outofstock","18":"shipping-taxable","19":"purchasable","20":"product-type-simple"},"yoast_head":"<!-- This site is optimized with the Yoast SEO plugin v27.5 - https:\/\/yoast.com\/product\/yoast-seo-wordpress\/ -->\n<title>So Soft Hand Cream HOLLYSKIN - HANNA ORGANIC<\/title>\n<meta name=\"robots\" content=\"index, follow, max-snippet:-1, max-image-preview:large, max-video-preview:-1\" \/>\n<link rel=\"canonical\" href=\"https:\/\/hannaorganic.md\/ru\/produs\/so-soft-hand-cream-hollyskin\/\" \/>\n<meta property=\"og:locale\" content=\"ru_RU\" \/>\n<meta property=\"og:type\" content=\"article\" \/>\n<meta property=\"og:title\" content=\"So Soft Hand Cream HOLLYSKIN - HANNA ORGANIC\" \/>\n<meta property=\"og:description\" content=\"Crema de maini So Soft. catifeleaz\u0103 \u0219i neteze\u0219te instantaneu pielea, f\u0103c\u00e2nd m\u00e2inile foarte moi \u0219i m\u0103t\u0103soase. Combin\u0103 propriet\u0103\u021bile hr\u0103nitoare ale untului de shea \u0219i uleiului de macadamia cu efectele de fermitate \u0219i albire de neegalat ale extractelor de castravete, aloe, mu\u0219e\u021bel \u0219i salvie. Formula sa este \u00eembog\u0103\u021bit\u0103 cu acid hialuronic \u0219i alantoin\u0103 pentru a cre\u0219te turgul \u0219i o hidratare \u0219i mai profund\u0103 a pielii.\" \/>\n<meta property=\"og:url\" content=\"https:\/\/hannaorganic.md\/ru\/produs\/so-soft-hand-cream-hollyskin\/\" \/>\n<meta property=\"og:site_name\" content=\"HANNA ORGANIC\" \/>\n<meta property=\"article:publisher\" content=\"https:\/\/www.facebook.com\/bluemagic.md\/\" \/>\n<meta property=\"article:modified_time\" content=\"2025-03-11T11:18:20+00:00\" \/>\n<meta property=\"og:image\" content=\"https:\/\/hannaorganic.md\/wp-content\/uploads\/2024\/02\/IMG_2322.jpeg\" \/>\n\t<meta property=\"og:image:width\" content=\"828\" \/>\n\t<meta property=\"og:image:height\" content=\"1342\" \/>\n\t<meta property=\"og:image:type\" content=\"image\/jpeg\" \/>\n<meta name=\"twitter:card\" content=\"summary_large_image\" \/>\n<meta name=\"twitter:label1\" content=\"\u041f\u0440\u0438\u043c\u0435\u0440\u043d\u043e\u0435 \u0432\u0440\u0435\u043c\u044f \u0434\u043b\u044f \u0447\u0442\u0435\u043d\u0438\u044f\" \/>\n\t<meta name=\"twitter:data1\" content=\"2 \u043c\u0438\u043d\u0443\u0442\u044b\" \/>\n<script type=\"application\/ld+json\" class=\"yoast-schema-graph\">{\"@context\":\"https:\\\/\\\/schema.org\",\"@graph\":[{\"@type\":\"WebPage\",\"@id\":\"https:\\\/\\\/hannaorganic.md\\\/ru\\\/produs\\\/so-soft-hand-cream-hollyskin\\\/\",\"url\":\"https:\\\/\\\/hannaorganic.md\\\/ru\\\/produs\\\/so-soft-hand-cream-hollyskin\\\/\",\"name\":\"So Soft Hand Cream HOLLYSKIN - HANNA ORGANIC\",\"isPartOf\":{\"@id\":\"https:\\\/\\\/hannaorganic.md\\\/ru\\\/#website\"},\"primaryImageOfPage\":{\"@id\":\"https:\\\/\\\/hannaorganic.md\\\/ru\\\/produs\\\/so-soft-hand-cream-hollyskin\\\/#primaryimage\"},\"image\":{\"@id\":\"https:\\\/\\\/hannaorganic.md\\\/ru\\\/produs\\\/so-soft-hand-cream-hollyskin\\\/#primaryimage\"},\"thumbnailUrl\":\"https:\\\/\\\/hannaorganic.md\\\/wp-content\\\/uploads\\\/2024\\\/02\\\/IMG_2322.jpeg\",\"datePublished\":\"2024-02-26T16:12:07+00:00\",\"dateModified\":\"2025-03-11T11:18:20+00:00\",\"breadcrumb\":{\"@id\":\"https:\\\/\\\/hannaorganic.md\\\/ru\\\/produs\\\/so-soft-hand-cream-hollyskin\\\/#breadcrumb\"},\"inLanguage\":\"ru-RU\",\"potentialAction\":[{\"@type\":\"ReadAction\",\"target\":[\"https:\\\/\\\/hannaorganic.md\\\/ru\\\/produs\\\/so-soft-hand-cream-hollyskin\\\/\"]}]},{\"@type\":\"ImageObject\",\"inLanguage\":\"ru-RU\",\"@id\":\"https:\\\/\\\/hannaorganic.md\\\/ru\\\/produs\\\/so-soft-hand-cream-hollyskin\\\/#primaryimage\",\"url\":\"https:\\\/\\\/hannaorganic.md\\\/wp-content\\\/uploads\\\/2024\\\/02\\\/IMG_2322.jpeg\",\"contentUrl\":\"https:\\\/\\\/hannaorganic.md\\\/wp-content\\\/uploads\\\/2024\\\/02\\\/IMG_2322.jpeg\",\"width\":828,\"height\":1342},{\"@type\":\"BreadcrumbList\",\"@id\":\"https:\\\/\\\/hannaorganic.md\\\/ru\\\/produs\\\/so-soft-hand-cream-hollyskin\\\/#breadcrumb\",\"itemListElement\":[{\"@type\":\"ListItem\",\"position\":1,\"name\":\"Prima pagin\u0103\",\"item\":\"https:\\\/\\\/hannaorganic.md\\\/ru\\\/hanna-organic\\\/\"},{\"@type\":\"ListItem\",\"position\":2,\"name\":\"\u041c\u0430\u0433\u0430\u0437\u0438\u043d\",\"item\":\"https:\\\/\\\/hannaorganic.md\\\/ru\\\/shop\\\/\"},{\"@type\":\"ListItem\",\"position\":3,\"name\":\"So Soft Hand Cream HOLLYSKIN\"}]},{\"@type\":\"WebSite\",\"@id\":\"https:\\\/\\\/hannaorganic.md\\\/ru\\\/#website\",\"url\":\"https:\\\/\\\/hannaorganic.md\\\/ru\\\/\",\"name\":\"HANNA ORGANIC\",\"description\":\"Multi-Brand Cosmetic Store\",\"potentialAction\":[{\"@type\":\"SearchAction\",\"target\":{\"@type\":\"EntryPoint\",\"urlTemplate\":\"https:\\\/\\\/hannaorganic.md\\\/ru\\\/?s={search_term_string}\"},\"query-input\":{\"@type\":\"PropertyValueSpecification\",\"valueRequired\":true,\"valueName\":\"search_term_string\"}}],\"inLanguage\":\"ru-RU\"}]}<\/script>\n<!-- \/ Yoast SEO plugin. -->","yoast_head_json":{"title":"So Soft Hand Cream HOLLYSKIN - HANNA ORGANIC","robots":{"index":"index","follow":"follow","max-snippet":"max-snippet:-1","max-image-preview":"max-image-preview:large","max-video-preview":"max-video-preview:-1"},"canonical":"https:\/\/hannaorganic.md\/ru\/produs\/so-soft-hand-cream-hollyskin\/","og_locale":"ru_RU","og_type":"article","og_title":"So Soft Hand Cream HOLLYSKIN - HANNA ORGANIC","og_description":"Crema de maini So Soft. catifeleaz\u0103 \u0219i neteze\u0219te instantaneu pielea, f\u0103c\u00e2nd m\u00e2inile foarte moi \u0219i m\u0103t\u0103soase. Combin\u0103 propriet\u0103\u021bile hr\u0103nitoare ale untului de shea \u0219i uleiului de macadamia cu efectele de fermitate \u0219i albire de neegalat ale extractelor de castravete, aloe, mu\u0219e\u021bel \u0219i salvie. Formula sa este \u00eembog\u0103\u021bit\u0103 cu acid hialuronic \u0219i alantoin\u0103 pentru a cre\u0219te turgul \u0219i o hidratare \u0219i mai profund\u0103 a pielii.","og_url":"https:\/\/hannaorganic.md\/ru\/produs\/so-soft-hand-cream-hollyskin\/","og_site_name":"HANNA ORGANIC","article_publisher":"https:\/\/www.facebook.com\/bluemagic.md\/","article_modified_time":"2025-03-11T11:18:20+00:00","og_image":[{"width":828,"height":1342,"url":"https:\/\/hannaorganic.md\/wp-content\/uploads\/2024\/02\/IMG_2322.jpeg","type":"image\/jpeg"}],"twitter_card":"summary_large_image","twitter_misc":{"\u041f\u0440\u0438\u043c\u0435\u0440\u043d\u043e\u0435 \u0432\u0440\u0435\u043c\u044f \u0434\u043b\u044f \u0447\u0442\u0435\u043d\u0438\u044f":"2 \u043c\u0438\u043d\u0443\u0442\u044b"},"schema":{"@context":"https:\/\/schema.org","@graph":[{"@type":"WebPage","@id":"https:\/\/hannaorganic.md\/ru\/produs\/so-soft-hand-cream-hollyskin\/","url":"https:\/\/hannaorganic.md\/ru\/produs\/so-soft-hand-cream-hollyskin\/","name":"So Soft Hand Cream HOLLYSKIN - HANNA ORGANIC","isPartOf":{"@id":"https:\/\/hannaorganic.md\/ru\/#website"},"primaryImageOfPage":{"@id":"https:\/\/hannaorganic.md\/ru\/produs\/so-soft-hand-cream-hollyskin\/#primaryimage"},"image":{"@id":"https:\/\/hannaorganic.md\/ru\/produs\/so-soft-hand-cream-hollyskin\/#primaryimage"},"thumbnailUrl":"https:\/\/hannaorganic.md\/wp-content\/uploads\/2024\/02\/IMG_2322.jpeg","datePublished":"2024-02-26T16:12:07+00:00","dateModified":"2025-03-11T11:18:20+00:00","breadcrumb":{"@id":"https:\/\/hannaorganic.md\/ru\/produs\/so-soft-hand-cream-hollyskin\/#breadcrumb"},"inLanguage":"ru-RU","potentialAction":[{"@type":"ReadAction","target":["https:\/\/hannaorganic.md\/ru\/produs\/so-soft-hand-cream-hollyskin\/"]}]},{"@type":"ImageObject","inLanguage":"ru-RU","@id":"https:\/\/hannaorganic.md\/ru\/produs\/so-soft-hand-cream-hollyskin\/#primaryimage","url":"https:\/\/hannaorganic.md\/wp-content\/uploads\/2024\/02\/IMG_2322.jpeg","contentUrl":"https:\/\/hannaorganic.md\/wp-content\/uploads\/2024\/02\/IMG_2322.jpeg","width":828,"height":1342},{"@type":"BreadcrumbList","@id":"https:\/\/hannaorganic.md\/ru\/produs\/so-soft-hand-cream-hollyskin\/#breadcrumb","itemListElement":[{"@type":"ListItem","position":1,"name":"Prima pagin\u0103","item":"https:\/\/hannaorganic.md\/ru\/hanna-organic\/"},{"@type":"ListItem","position":2,"name":"\u041c\u0430\u0433\u0430\u0437\u0438\u043d","item":"https:\/\/hannaorganic.md\/ru\/shop\/"},{"@type":"ListItem","position":3,"name":"So Soft Hand Cream HOLLYSKIN"}]},{"@type":"WebSite","@id":"https:\/\/hannaorganic.md\/ru\/#website","url":"https:\/\/hannaorganic.md\/ru\/","name":"HANNA ORGANIC","description":"Multi-Brand Cosmetic Store","potentialAction":[{"@type":"SearchAction","target":{"@type":"EntryPoint","urlTemplate":"https:\/\/hannaorganic.md\/ru\/?s={search_term_string}"},"query-input":{"@type":"PropertyValueSpecification","valueRequired":true,"valueName":"search_term_string"}}],"inLanguage":"ru-RU"}]}},"_links":{"self":[{"href":"https:\/\/hannaorganic.md\/ru\/wp-json\/wp\/v2\/product\/84038","targetHints":{"allow":["GET"]}}],"collection":[{"href":"https:\/\/hannaorganic.md\/ru\/wp-json\/wp\/v2\/product"}],"about":[{"href":"https:\/\/hannaorganic.md\/ru\/wp-json\/wp\/v2\/types\/product"}],"wp:featuredmedia":[{"embeddable":true,"href":"https:\/\/hannaorganic.md\/ru\/wp-json\/wp\/v2\/media\/84040"}],"wp:attachment":[{"href":"https:\/\/hannaorganic.md\/ru\/wp-json\/wp\/v2\/media?parent=84038"}],"wp:term":[{"taxonomy":"product_brand","embeddable":true,"href":"https:\/\/hannaorganic.md\/ru\/wp-json\/wp\/v2\/product_brand?post=84038"},{"taxonomy":"product_cat","embeddable":true,"href":"https:\/\/hannaorganic.md\/ru\/wp-json\/wp\/v2\/product_cat?post=84038"},{"taxonomy":"product_tag","embeddable":true,"href":"https:\/\/hannaorganic.md\/ru\/wp-json\/wp\/v2\/product_tag?post=84038"}],"curies":[{"name":"wp","href":"https:\/\/api.w.org\/{rel}","templated":true}]}}