{"id":84188,"date":"2024-02-27T13:16:07","date_gmt":"2024-02-27T11:16:07","guid":{"rendered":"https:\/\/hannaorganic.md\/?post_type=product&#038;p=84188"},"modified":"2024-02-27T13:16:54","modified_gmt":"2024-02-27T11:16:54","slug":"shower-foam-candy-cola-mr-scrubber","status":"publish","type":"product","link":"https:\/\/hannaorganic.md\/ru\/produs\/shower-foam-candy-cola-mr-scrubber\/","title":{"rendered":"Shower Foam Candy Cola Mr.SCRUBBER"},"content":{"rendered":"<p>Spuma de du\u0219 parfumat\u0103 cur\u0103\u021b\u0103 delicat, nu usuc\u0103 excesiv \u0219i nu irit\u0103 pielea, ofer\u0103 o senza\u021bie de confort de neegalat chiar \u0219i pentru cea mai delicat\u0103 piele. \u00cembog\u0103\u021bit\u0103 cu suc de aloe \u0219i ulei de m\u0103sline, compozi\u021bia neteze\u0219te, satureaz\u0103, face corpul catifelat la atingere.<\/p>\n<p>Cum functioneaza :<br \/>\n-acidul citric cur\u0103\u021b\u0103 pielea, normalizeaz\u0103 nivelul pH-ului, exfoliaz\u0103 celulele keratinizate, are efect antioxidant;<br \/>\n-uleiul de m\u0103sline hr\u0103ne\u0219te \u0219i \u00eent\u0103re\u0219te pielea, \u00eei p\u0103streaz\u0103 fermitatea \u0219i elasticitatea, restabile\u0219te bariera de protec\u021bie, previne apari\u021bia usc\u0103ciunii sau str\u00e2ngerii, catifeleaz\u0103;<br \/>\n-sucul de aloe vera elimin\u0103 irita\u021bia \u0219i ro\u0219ea\u021ba, \u00eemprosp\u0103teaz\u0103, hidrateaz\u0103, uniformizeaz\u0103 culoarea \u0219i microrelieful pielii.<\/p>\n<p>Efect :<\/p>\n<p>-\u00eendep\u0103rtarea bl\u00e2nd\u0103 a tuturor impurit\u0103\u021bilor;<br \/>\n-alimenta\u021bie bl\u00e2nd\u0103, prevenirea usc\u0103ciunii sau a disconfortului;<br \/>\n-aroma usoara.<\/p>\n<p>Not\u0103 : culoarea produsului poate diferi u\u0219or de cea prezentat\u0103 \u00een fotografie.<\/p>\n<p>Compozi\u021bie : Aqua (ap\u0103), olefin\u0103 sulfonat de sodiu C14-16, cocamidopropil betain\u0103, capryloil\/caproil metil glucamid\u0103, acid citric, esteri PEG-8 din ulei de m\u0103sline, extract de frunze de aloe vera, metilcloroizotiazolinon\u0103, metilizotiazolinon\u0103.<\/p>\n<p>Mod de utilizare : Aplicati spuma aromatica pe pielea umeda sau o laveta cu miscari usoare de masaj, masati corpul cateva minute, spalati cu o cantitate suficienta de apa.<\/p>\n<p>Volum : 150 ml 5,07 fl oz<\/p>\n<p>V\u00e2rsta : 6+<\/p>\n","protected":false},"excerpt":{"rendered":"<p>Spuma bl\u00e2nd\u0103 cu aroma de acadele cu cola este un produs incredibil in ritualul t\u0103u zilnic. Se simte usor si placut pe corp aind o textura de mousse aerat, ofera o incarcatura de dispozitie pozitiva pentru intreaga zi.<\/p>\n","protected":false},"featured_media":84192,"template":"","meta":[],"product_brand":[],"product_cat":[99,96,105,92],"product_tag":[1343,1535,1829,1167,1033,243,633,575,1615],"class_list":{"0":"post-84188","1":"product","2":"type-product","3":"status-publish","4":"has-post-thumbnail","6":"product_cat-corp","7":"product_cat-mrscrubber-md","8":"product_cat-shower-gel","9":"product_cat-toate-produsele","10":"product_tag-body","11":"product_tag-candy","12":"product_tag-cola","13":"product_tag-foam","14":"product_tag-fun","15":"product_tag-hands","16":"product_tag-kids","17":"product_tag-mr-scrubber","18":"product_tag-shower","20":"first","21":"instock","22":"shipping-taxable","23":"purchasable","24":"product-type-simple"},"yoast_head":"<!-- This site is optimized with the Yoast SEO plugin v27.5 - https:\/\/yoast.com\/product\/yoast-seo-wordpress\/ -->\n<title>Shower Foam Candy Cola Mr.SCRUBBER - HANNA ORGANIC<\/title>\n<meta name=\"robots\" content=\"index, follow, max-snippet:-1, max-image-preview:large, max-video-preview:-1\" \/>\n<link rel=\"canonical\" href=\"https:\/\/hannaorganic.md\/ru\/produs\/shower-foam-candy-cola-mr-scrubber\/\" \/>\n<meta property=\"og:locale\" content=\"ru_RU\" \/>\n<meta property=\"og:type\" content=\"article\" \/>\n<meta property=\"og:title\" content=\"Shower Foam Candy Cola Mr.SCRUBBER - HANNA ORGANIC\" \/>\n<meta property=\"og:description\" content=\"Spuma bl\u00e2nd\u0103 cu aroma de acadele cu cola este un produs incredibil in ritualul t\u0103u zilnic. Se simte usor si placut pe corp aind o textura de mousse aerat, ofera o incarcatura de dispozitie pozitiva pentru intreaga zi.\" \/>\n<meta property=\"og:url\" content=\"https:\/\/hannaorganic.md\/ru\/produs\/shower-foam-candy-cola-mr-scrubber\/\" \/>\n<meta property=\"og:site_name\" content=\"HANNA ORGANIC\" \/>\n<meta property=\"article:publisher\" content=\"https:\/\/www.facebook.com\/bluemagic.md\/\" \/>\n<meta property=\"article:modified_time\" content=\"2024-02-27T11:16:54+00:00\" \/>\n<meta property=\"og:image\" content=\"https:\/\/hannaorganic.md\/wp-content\/uploads\/2024\/02\/IMG_2360.jpeg\" \/>\n\t<meta property=\"og:image:width\" content=\"828\" \/>\n\t<meta property=\"og:image:height\" content=\"1338\" \/>\n\t<meta property=\"og:image:type\" content=\"image\/jpeg\" \/>\n<meta name=\"twitter:card\" content=\"summary_large_image\" \/>\n<meta name=\"twitter:label1\" content=\"\u041f\u0440\u0438\u043c\u0435\u0440\u043d\u043e\u0435 \u0432\u0440\u0435\u043c\u044f \u0434\u043b\u044f \u0447\u0442\u0435\u043d\u0438\u044f\" \/>\n\t<meta name=\"twitter:data1\" content=\"2 \u043c\u0438\u043d\u0443\u0442\u044b\" \/>\n<script type=\"application\/ld+json\" class=\"yoast-schema-graph\">{\"@context\":\"https:\\\/\\\/schema.org\",\"@graph\":[{\"@type\":\"WebPage\",\"@id\":\"https:\\\/\\\/hannaorganic.md\\\/ru\\\/produs\\\/shower-foam-candy-cola-mr-scrubber\\\/\",\"url\":\"https:\\\/\\\/hannaorganic.md\\\/ru\\\/produs\\\/shower-foam-candy-cola-mr-scrubber\\\/\",\"name\":\"Shower Foam Candy Cola Mr.SCRUBBER - HANNA ORGANIC\",\"isPartOf\":{\"@id\":\"https:\\\/\\\/hannaorganic.md\\\/ru\\\/#website\"},\"primaryImageOfPage\":{\"@id\":\"https:\\\/\\\/hannaorganic.md\\\/ru\\\/produs\\\/shower-foam-candy-cola-mr-scrubber\\\/#primaryimage\"},\"image\":{\"@id\":\"https:\\\/\\\/hannaorganic.md\\\/ru\\\/produs\\\/shower-foam-candy-cola-mr-scrubber\\\/#primaryimage\"},\"thumbnailUrl\":\"https:\\\/\\\/hannaorganic.md\\\/wp-content\\\/uploads\\\/2024\\\/02\\\/IMG_2360.jpeg\",\"datePublished\":\"2024-02-27T11:16:07+00:00\",\"dateModified\":\"2024-02-27T11:16:54+00:00\",\"breadcrumb\":{\"@id\":\"https:\\\/\\\/hannaorganic.md\\\/ru\\\/produs\\\/shower-foam-candy-cola-mr-scrubber\\\/#breadcrumb\"},\"inLanguage\":\"ru-RU\",\"potentialAction\":[{\"@type\":\"ReadAction\",\"target\":[\"https:\\\/\\\/hannaorganic.md\\\/ru\\\/produs\\\/shower-foam-candy-cola-mr-scrubber\\\/\"]}]},{\"@type\":\"ImageObject\",\"inLanguage\":\"ru-RU\",\"@id\":\"https:\\\/\\\/hannaorganic.md\\\/ru\\\/produs\\\/shower-foam-candy-cola-mr-scrubber\\\/#primaryimage\",\"url\":\"https:\\\/\\\/hannaorganic.md\\\/wp-content\\\/uploads\\\/2024\\\/02\\\/IMG_2360.jpeg\",\"contentUrl\":\"https:\\\/\\\/hannaorganic.md\\\/wp-content\\\/uploads\\\/2024\\\/02\\\/IMG_2360.jpeg\",\"width\":828,\"height\":1338},{\"@type\":\"BreadcrumbList\",\"@id\":\"https:\\\/\\\/hannaorganic.md\\\/ru\\\/produs\\\/shower-foam-candy-cola-mr-scrubber\\\/#breadcrumb\",\"itemListElement\":[{\"@type\":\"ListItem\",\"position\":1,\"name\":\"Prima pagin\u0103\",\"item\":\"https:\\\/\\\/hannaorganic.md\\\/ru\\\/hanna-organic\\\/\"},{\"@type\":\"ListItem\",\"position\":2,\"name\":\"\u041c\u0430\u0433\u0430\u0437\u0438\u043d\",\"item\":\"https:\\\/\\\/hannaorganic.md\\\/ru\\\/shop\\\/\"},{\"@type\":\"ListItem\",\"position\":3,\"name\":\"Shower Foam Candy Cola Mr.SCRUBBER\"}]},{\"@type\":\"WebSite\",\"@id\":\"https:\\\/\\\/hannaorganic.md\\\/ru\\\/#website\",\"url\":\"https:\\\/\\\/hannaorganic.md\\\/ru\\\/\",\"name\":\"HANNA ORGANIC\",\"description\":\"Multi-Brand Cosmetic Store\",\"potentialAction\":[{\"@type\":\"SearchAction\",\"target\":{\"@type\":\"EntryPoint\",\"urlTemplate\":\"https:\\\/\\\/hannaorganic.md\\\/ru\\\/?s={search_term_string}\"},\"query-input\":{\"@type\":\"PropertyValueSpecification\",\"valueRequired\":true,\"valueName\":\"search_term_string\"}}],\"inLanguage\":\"ru-RU\"}]}<\/script>\n<!-- \/ Yoast SEO plugin. -->","yoast_head_json":{"title":"Shower Foam Candy Cola Mr.SCRUBBER - HANNA ORGANIC","robots":{"index":"index","follow":"follow","max-snippet":"max-snippet:-1","max-image-preview":"max-image-preview:large","max-video-preview":"max-video-preview:-1"},"canonical":"https:\/\/hannaorganic.md\/ru\/produs\/shower-foam-candy-cola-mr-scrubber\/","og_locale":"ru_RU","og_type":"article","og_title":"Shower Foam Candy Cola Mr.SCRUBBER - HANNA ORGANIC","og_description":"Spuma bl\u00e2nd\u0103 cu aroma de acadele cu cola este un produs incredibil in ritualul t\u0103u zilnic. Se simte usor si placut pe corp aind o textura de mousse aerat, ofera o incarcatura de dispozitie pozitiva pentru intreaga zi.","og_url":"https:\/\/hannaorganic.md\/ru\/produs\/shower-foam-candy-cola-mr-scrubber\/","og_site_name":"HANNA ORGANIC","article_publisher":"https:\/\/www.facebook.com\/bluemagic.md\/","article_modified_time":"2024-02-27T11:16:54+00:00","og_image":[{"width":828,"height":1338,"url":"https:\/\/hannaorganic.md\/wp-content\/uploads\/2024\/02\/IMG_2360.jpeg","type":"image\/jpeg"}],"twitter_card":"summary_large_image","twitter_misc":{"\u041f\u0440\u0438\u043c\u0435\u0440\u043d\u043e\u0435 \u0432\u0440\u0435\u043c\u044f \u0434\u043b\u044f \u0447\u0442\u0435\u043d\u0438\u044f":"2 \u043c\u0438\u043d\u0443\u0442\u044b"},"schema":{"@context":"https:\/\/schema.org","@graph":[{"@type":"WebPage","@id":"https:\/\/hannaorganic.md\/ru\/produs\/shower-foam-candy-cola-mr-scrubber\/","url":"https:\/\/hannaorganic.md\/ru\/produs\/shower-foam-candy-cola-mr-scrubber\/","name":"Shower Foam Candy Cola Mr.SCRUBBER - HANNA ORGANIC","isPartOf":{"@id":"https:\/\/hannaorganic.md\/ru\/#website"},"primaryImageOfPage":{"@id":"https:\/\/hannaorganic.md\/ru\/produs\/shower-foam-candy-cola-mr-scrubber\/#primaryimage"},"image":{"@id":"https:\/\/hannaorganic.md\/ru\/produs\/shower-foam-candy-cola-mr-scrubber\/#primaryimage"},"thumbnailUrl":"https:\/\/hannaorganic.md\/wp-content\/uploads\/2024\/02\/IMG_2360.jpeg","datePublished":"2024-02-27T11:16:07+00:00","dateModified":"2024-02-27T11:16:54+00:00","breadcrumb":{"@id":"https:\/\/hannaorganic.md\/ru\/produs\/shower-foam-candy-cola-mr-scrubber\/#breadcrumb"},"inLanguage":"ru-RU","potentialAction":[{"@type":"ReadAction","target":["https:\/\/hannaorganic.md\/ru\/produs\/shower-foam-candy-cola-mr-scrubber\/"]}]},{"@type":"ImageObject","inLanguage":"ru-RU","@id":"https:\/\/hannaorganic.md\/ru\/produs\/shower-foam-candy-cola-mr-scrubber\/#primaryimage","url":"https:\/\/hannaorganic.md\/wp-content\/uploads\/2024\/02\/IMG_2360.jpeg","contentUrl":"https:\/\/hannaorganic.md\/wp-content\/uploads\/2024\/02\/IMG_2360.jpeg","width":828,"height":1338},{"@type":"BreadcrumbList","@id":"https:\/\/hannaorganic.md\/ru\/produs\/shower-foam-candy-cola-mr-scrubber\/#breadcrumb","itemListElement":[{"@type":"ListItem","position":1,"name":"Prima pagin\u0103","item":"https:\/\/hannaorganic.md\/ru\/hanna-organic\/"},{"@type":"ListItem","position":2,"name":"\u041c\u0430\u0433\u0430\u0437\u0438\u043d","item":"https:\/\/hannaorganic.md\/ru\/shop\/"},{"@type":"ListItem","position":3,"name":"Shower Foam Candy Cola Mr.SCRUBBER"}]},{"@type":"WebSite","@id":"https:\/\/hannaorganic.md\/ru\/#website","url":"https:\/\/hannaorganic.md\/ru\/","name":"HANNA ORGANIC","description":"Multi-Brand Cosmetic Store","potentialAction":[{"@type":"SearchAction","target":{"@type":"EntryPoint","urlTemplate":"https:\/\/hannaorganic.md\/ru\/?s={search_term_string}"},"query-input":{"@type":"PropertyValueSpecification","valueRequired":true,"valueName":"search_term_string"}}],"inLanguage":"ru-RU"}]}},"_links":{"self":[{"href":"https:\/\/hannaorganic.md\/ru\/wp-json\/wp\/v2\/product\/84188","targetHints":{"allow":["GET"]}}],"collection":[{"href":"https:\/\/hannaorganic.md\/ru\/wp-json\/wp\/v2\/product"}],"about":[{"href":"https:\/\/hannaorganic.md\/ru\/wp-json\/wp\/v2\/types\/product"}],"wp:featuredmedia":[{"embeddable":true,"href":"https:\/\/hannaorganic.md\/ru\/wp-json\/wp\/v2\/media\/84192"}],"wp:attachment":[{"href":"https:\/\/hannaorganic.md\/ru\/wp-json\/wp\/v2\/media?parent=84188"}],"wp:term":[{"taxonomy":"product_brand","embeddable":true,"href":"https:\/\/hannaorganic.md\/ru\/wp-json\/wp\/v2\/product_brand?post=84188"},{"taxonomy":"product_cat","embeddable":true,"href":"https:\/\/hannaorganic.md\/ru\/wp-json\/wp\/v2\/product_cat?post=84188"},{"taxonomy":"product_tag","embeddable":true,"href":"https:\/\/hannaorganic.md\/ru\/wp-json\/wp\/v2\/product_tag?post=84188"}],"curies":[{"name":"wp","href":"https:\/\/api.w.org\/{rel}","templated":true}]}}