{"id":84347,"date":"2024-06-05T11:25:47","date_gmt":"2024-06-05T09:25:47","guid":{"rendered":"https:\/\/hannaorganic.md\/?post_type=product&#038;p=84347"},"modified":"2026-04-18T12:45:33","modified_gmt":"2026-04-18T10:45:33","slug":"perfecting-face-cleansing-foam-mr-scrubber","status":"publish","type":"product","link":"https:\/\/hannaorganic.md\/ru\/produs\/perfecting-face-cleansing-foam-mr-scrubber\/","title":{"rendered":"Perfecting Face Cleansing Foam Mr.SCRUBBER"},"content":{"rendered":"<p>Cum func\u021bioneaz\u0103 :<br \/>\n-glicerina catifeleaz\u0103 \u0219i hidrateaz\u0103 fa\u021ba, men\u021bine nivelul necesar de hidratare;<br \/>\n-acidul salicilic cur\u0103\u021b\u0103 \u00een profunzime porii, elimin\u0103 problema petelor negre, reduce num\u0103rul \u0219i densitatea erup\u021biilor cutanate;<br \/>\n-acidul glicolic exfoliaz\u0103 delicat stratul keratinizat al epidermei, stimuleaz\u0103 re\u00eennoirea natural\u0103, previne apari\u021bia cicatricilor, face pielea incredibil de neted\u0103 \u0219i str\u0103lucitoare;<br \/>\n-betain\u0103 hidrateaz\u0103, calmeaz\u0103 \u0219i neteze\u0219te fa\u021ba;<br \/>\n-extractul de sunatoare are efecte antiseptice si antiinflamatorii, reduce aspectul porilor si accelereaza vindecarea microleciilor;<br \/>\n-extractul de soricel tonific\u0103, \u00eemprosp\u0103teaz\u0103, reface epiderma;<br \/>\n-uleiul din samburi de struguri normalizeaza secretia de sebum, imbunatateste culoarea si tonul fetei;<br \/>\n-uleiul de salvie are un efect astringent vizibil, previne apari\u021bia petelor negre \u0219i a erup\u021biilor cutanate.<\/p>\n<p>Efect :<br \/>\n-cur\u0103\u021bare temeinic\u0103, exfoliere a pielii;<br \/>\n-reducerea vizibilit\u0103\u021bii punctelor negre;<br \/>\n-reducerea num\u0103rului \u0219i a densit\u0103\u021bii erup\u021biilor cutanate.<\/p>\n<p>&nbsp;<\/p>\n<p>Compozi\u021bie : Aqua (ap\u0103), glicerin\u0103, cocamidopropil betain\u0103, sulfonat de olefin\u0103 de sodiu C14-16, propilenglicol, trietanolamin\u0103, acid salicilic, acid glicolic, betain\u0103, extract de Hypericum Perforatum, extract de Achillea Millefolium, extract de Vitis Vinivia Seed,<br \/>\nMod de utilizare : Aplica\u021bi o cantitate mic\u0103 de spum\u0103 pe pielea umed\u0103 a fe\u021bei, masa\u021bi u\u0219or, cl\u0103ti\u021bi cu ap\u0103.<br \/>\nVolum : 150 ml 5,07 fl oz<br \/>\nV\u00e2rsta : 16+<\/p>\n","protected":false},"excerpt":{"rendered":"<p>Spuma exfoliant\u0103 cu acid salicilic \u0219i glicolic lustruie\u0219te delicat \u0219i cur\u0103\u021b\u0103 porii \u00een profunzime. Datorit\u0103 ac\u021biunii sale keratolitice u\u0219oare, nu r\u0103ne\u0219te pielea, o hidrateaz\u0103 delicat, reduce num\u0103rul \u0219i densitatea erup\u021biilor cutanate, cu utilizare regulat\u0103 uniformizeaz\u0103 tonusul \u0219i microrelieful, reduce aspectul imperfec\u021biunilor. Extractele naturale din compozi\u021bie previn uscarea pielii, au un efect calmant \u0219i reparator vizibil.<\/p>\n","protected":false},"featured_media":84348,"template":"","meta":[],"product_brand":[],"product_cat":[100,111,96,92],"product_tag":[1599,1845,1293,1167,1076,1844,1842,912],"class_list":{"0":"post-84347","1":"product","2":"type-product","3":"status-publish","4":"has-post-thumbnail","6":"product_cat-fata","7":"product_cat-face-wash","8":"product_cat-mrscrubber-md","9":"product_cat-toate-produsele","10":"product_tag-acne","11":"product_tag-cleansing","12":"product_tag-face","13":"product_tag-foam","14":"product_tag-oily-skin","15":"product_tag-perfecting","16":"product_tag-salicylic-acid","17":"product_tag-wash","19":"first","20":"outofstock","21":"shipping-taxable","22":"purchasable","23":"product-type-simple"},"yoast_head":"<!-- This site is optimized with the Yoast SEO plugin v27.5 - https:\/\/yoast.com\/product\/yoast-seo-wordpress\/ -->\n<title>Perfecting Face Cleansing Foam Mr.SCRUBBER - HANNA ORGANIC<\/title>\n<meta name=\"robots\" content=\"index, follow, max-snippet:-1, max-image-preview:large, max-video-preview:-1\" \/>\n<link rel=\"canonical\" href=\"https:\/\/hannaorganic.md\/ru\/produs\/perfecting-face-cleansing-foam-mr-scrubber\/\" \/>\n<meta property=\"og:locale\" content=\"ru_RU\" \/>\n<meta property=\"og:type\" content=\"article\" \/>\n<meta property=\"og:title\" content=\"Perfecting Face Cleansing Foam Mr.SCRUBBER - HANNA ORGANIC\" \/>\n<meta property=\"og:description\" content=\"Spuma exfoliant\u0103 cu acid salicilic \u0219i glicolic lustruie\u0219te delicat \u0219i cur\u0103\u021b\u0103 porii \u00een profunzime. Datorit\u0103 ac\u021biunii sale keratolitice u\u0219oare, nu r\u0103ne\u0219te pielea, o hidrateaz\u0103 delicat, reduce num\u0103rul \u0219i densitatea erup\u021biilor cutanate, cu utilizare regulat\u0103 uniformizeaz\u0103 tonusul \u0219i microrelieful, reduce aspectul imperfec\u021biunilor. Extractele naturale din compozi\u021bie previn uscarea pielii, au un efect calmant \u0219i reparator vizibil.\" \/>\n<meta property=\"og:url\" content=\"https:\/\/hannaorganic.md\/ru\/produs\/perfecting-face-cleansing-foam-mr-scrubber\/\" \/>\n<meta property=\"og:site_name\" content=\"HANNA ORGANIC\" \/>\n<meta property=\"article:publisher\" content=\"https:\/\/www.facebook.com\/bluemagic.md\/\" \/>\n<meta property=\"article:modified_time\" content=\"2026-04-18T10:45:33+00:00\" \/>\n<meta property=\"og:image\" content=\"https:\/\/hannaorganic.md\/wp-content\/uploads\/2024\/06\/IMG_5282.jpeg\" \/>\n\t<meta property=\"og:image:width\" content=\"828\" \/>\n\t<meta property=\"og:image:height\" content=\"1349\" \/>\n\t<meta property=\"og:image:type\" content=\"image\/jpeg\" \/>\n<meta name=\"twitter:card\" content=\"summary_large_image\" \/>\n<meta name=\"twitter:label1\" content=\"\u041f\u0440\u0438\u043c\u0435\u0440\u043d\u043e\u0435 \u0432\u0440\u0435\u043c\u044f \u0434\u043b\u044f \u0447\u0442\u0435\u043d\u0438\u044f\" \/>\n\t<meta name=\"twitter:data1\" content=\"2 \u043c\u0438\u043d\u0443\u0442\u044b\" \/>\n<script type=\"application\/ld+json\" class=\"yoast-schema-graph\">{\"@context\":\"https:\\\/\\\/schema.org\",\"@graph\":[{\"@type\":\"WebPage\",\"@id\":\"https:\\\/\\\/hannaorganic.md\\\/ru\\\/produs\\\/perfecting-face-cleansing-foam-mr-scrubber\\\/\",\"url\":\"https:\\\/\\\/hannaorganic.md\\\/ru\\\/produs\\\/perfecting-face-cleansing-foam-mr-scrubber\\\/\",\"name\":\"Perfecting Face Cleansing Foam Mr.SCRUBBER - HANNA ORGANIC\",\"isPartOf\":{\"@id\":\"https:\\\/\\\/hannaorganic.md\\\/ru\\\/#website\"},\"primaryImageOfPage\":{\"@id\":\"https:\\\/\\\/hannaorganic.md\\\/ru\\\/produs\\\/perfecting-face-cleansing-foam-mr-scrubber\\\/#primaryimage\"},\"image\":{\"@id\":\"https:\\\/\\\/hannaorganic.md\\\/ru\\\/produs\\\/perfecting-face-cleansing-foam-mr-scrubber\\\/#primaryimage\"},\"thumbnailUrl\":\"https:\\\/\\\/hannaorganic.md\\\/wp-content\\\/uploads\\\/2024\\\/06\\\/IMG_5282.jpeg\",\"datePublished\":\"2024-06-05T09:25:47+00:00\",\"dateModified\":\"2026-04-18T10:45:33+00:00\",\"breadcrumb\":{\"@id\":\"https:\\\/\\\/hannaorganic.md\\\/ru\\\/produs\\\/perfecting-face-cleansing-foam-mr-scrubber\\\/#breadcrumb\"},\"inLanguage\":\"ru-RU\",\"potentialAction\":[{\"@type\":\"ReadAction\",\"target\":[\"https:\\\/\\\/hannaorganic.md\\\/ru\\\/produs\\\/perfecting-face-cleansing-foam-mr-scrubber\\\/\"]}]},{\"@type\":\"ImageObject\",\"inLanguage\":\"ru-RU\",\"@id\":\"https:\\\/\\\/hannaorganic.md\\\/ru\\\/produs\\\/perfecting-face-cleansing-foam-mr-scrubber\\\/#primaryimage\",\"url\":\"https:\\\/\\\/hannaorganic.md\\\/wp-content\\\/uploads\\\/2024\\\/06\\\/IMG_5282.jpeg\",\"contentUrl\":\"https:\\\/\\\/hannaorganic.md\\\/wp-content\\\/uploads\\\/2024\\\/06\\\/IMG_5282.jpeg\",\"width\":828,\"height\":1349},{\"@type\":\"BreadcrumbList\",\"@id\":\"https:\\\/\\\/hannaorganic.md\\\/ru\\\/produs\\\/perfecting-face-cleansing-foam-mr-scrubber\\\/#breadcrumb\",\"itemListElement\":[{\"@type\":\"ListItem\",\"position\":1,\"name\":\"Prima pagin\u0103\",\"item\":\"https:\\\/\\\/hannaorganic.md\\\/ru\\\/hanna-organic\\\/\"},{\"@type\":\"ListItem\",\"position\":2,\"name\":\"\u041c\u0430\u0433\u0430\u0437\u0438\u043d\",\"item\":\"https:\\\/\\\/hannaorganic.md\\\/ru\\\/shop\\\/\"},{\"@type\":\"ListItem\",\"position\":3,\"name\":\"Perfecting Face Cleansing Foam Mr.SCRUBBER\"}]},{\"@type\":\"WebSite\",\"@id\":\"https:\\\/\\\/hannaorganic.md\\\/ru\\\/#website\",\"url\":\"https:\\\/\\\/hannaorganic.md\\\/ru\\\/\",\"name\":\"HANNA ORGANIC\",\"description\":\"Multi-Brand Cosmetic Store\",\"potentialAction\":[{\"@type\":\"SearchAction\",\"target\":{\"@type\":\"EntryPoint\",\"urlTemplate\":\"https:\\\/\\\/hannaorganic.md\\\/ru\\\/?s={search_term_string}\"},\"query-input\":{\"@type\":\"PropertyValueSpecification\",\"valueRequired\":true,\"valueName\":\"search_term_string\"}}],\"inLanguage\":\"ru-RU\"}]}<\/script>\n<!-- \/ Yoast SEO plugin. -->","yoast_head_json":{"title":"Perfecting Face Cleansing Foam Mr.SCRUBBER - HANNA ORGANIC","robots":{"index":"index","follow":"follow","max-snippet":"max-snippet:-1","max-image-preview":"max-image-preview:large","max-video-preview":"max-video-preview:-1"},"canonical":"https:\/\/hannaorganic.md\/ru\/produs\/perfecting-face-cleansing-foam-mr-scrubber\/","og_locale":"ru_RU","og_type":"article","og_title":"Perfecting Face Cleansing Foam Mr.SCRUBBER - HANNA ORGANIC","og_description":"Spuma exfoliant\u0103 cu acid salicilic \u0219i glicolic lustruie\u0219te delicat \u0219i cur\u0103\u021b\u0103 porii \u00een profunzime. Datorit\u0103 ac\u021biunii sale keratolitice u\u0219oare, nu r\u0103ne\u0219te pielea, o hidrateaz\u0103 delicat, reduce num\u0103rul \u0219i densitatea erup\u021biilor cutanate, cu utilizare regulat\u0103 uniformizeaz\u0103 tonusul \u0219i microrelieful, reduce aspectul imperfec\u021biunilor. Extractele naturale din compozi\u021bie previn uscarea pielii, au un efect calmant \u0219i reparator vizibil.","og_url":"https:\/\/hannaorganic.md\/ru\/produs\/perfecting-face-cleansing-foam-mr-scrubber\/","og_site_name":"HANNA ORGANIC","article_publisher":"https:\/\/www.facebook.com\/bluemagic.md\/","article_modified_time":"2026-04-18T10:45:33+00:00","og_image":[{"width":828,"height":1349,"url":"https:\/\/hannaorganic.md\/wp-content\/uploads\/2024\/06\/IMG_5282.jpeg","type":"image\/jpeg"}],"twitter_card":"summary_large_image","twitter_misc":{"\u041f\u0440\u0438\u043c\u0435\u0440\u043d\u043e\u0435 \u0432\u0440\u0435\u043c\u044f \u0434\u043b\u044f \u0447\u0442\u0435\u043d\u0438\u044f":"2 \u043c\u0438\u043d\u0443\u0442\u044b"},"schema":{"@context":"https:\/\/schema.org","@graph":[{"@type":"WebPage","@id":"https:\/\/hannaorganic.md\/ru\/produs\/perfecting-face-cleansing-foam-mr-scrubber\/","url":"https:\/\/hannaorganic.md\/ru\/produs\/perfecting-face-cleansing-foam-mr-scrubber\/","name":"Perfecting Face Cleansing Foam Mr.SCRUBBER - HANNA ORGANIC","isPartOf":{"@id":"https:\/\/hannaorganic.md\/ru\/#website"},"primaryImageOfPage":{"@id":"https:\/\/hannaorganic.md\/ru\/produs\/perfecting-face-cleansing-foam-mr-scrubber\/#primaryimage"},"image":{"@id":"https:\/\/hannaorganic.md\/ru\/produs\/perfecting-face-cleansing-foam-mr-scrubber\/#primaryimage"},"thumbnailUrl":"https:\/\/hannaorganic.md\/wp-content\/uploads\/2024\/06\/IMG_5282.jpeg","datePublished":"2024-06-05T09:25:47+00:00","dateModified":"2026-04-18T10:45:33+00:00","breadcrumb":{"@id":"https:\/\/hannaorganic.md\/ru\/produs\/perfecting-face-cleansing-foam-mr-scrubber\/#breadcrumb"},"inLanguage":"ru-RU","potentialAction":[{"@type":"ReadAction","target":["https:\/\/hannaorganic.md\/ru\/produs\/perfecting-face-cleansing-foam-mr-scrubber\/"]}]},{"@type":"ImageObject","inLanguage":"ru-RU","@id":"https:\/\/hannaorganic.md\/ru\/produs\/perfecting-face-cleansing-foam-mr-scrubber\/#primaryimage","url":"https:\/\/hannaorganic.md\/wp-content\/uploads\/2024\/06\/IMG_5282.jpeg","contentUrl":"https:\/\/hannaorganic.md\/wp-content\/uploads\/2024\/06\/IMG_5282.jpeg","width":828,"height":1349},{"@type":"BreadcrumbList","@id":"https:\/\/hannaorganic.md\/ru\/produs\/perfecting-face-cleansing-foam-mr-scrubber\/#breadcrumb","itemListElement":[{"@type":"ListItem","position":1,"name":"Prima pagin\u0103","item":"https:\/\/hannaorganic.md\/ru\/hanna-organic\/"},{"@type":"ListItem","position":2,"name":"\u041c\u0430\u0433\u0430\u0437\u0438\u043d","item":"https:\/\/hannaorganic.md\/ru\/shop\/"},{"@type":"ListItem","position":3,"name":"Perfecting Face Cleansing Foam Mr.SCRUBBER"}]},{"@type":"WebSite","@id":"https:\/\/hannaorganic.md\/ru\/#website","url":"https:\/\/hannaorganic.md\/ru\/","name":"HANNA ORGANIC","description":"Multi-Brand Cosmetic Store","potentialAction":[{"@type":"SearchAction","target":{"@type":"EntryPoint","urlTemplate":"https:\/\/hannaorganic.md\/ru\/?s={search_term_string}"},"query-input":{"@type":"PropertyValueSpecification","valueRequired":true,"valueName":"search_term_string"}}],"inLanguage":"ru-RU"}]}},"_links":{"self":[{"href":"https:\/\/hannaorganic.md\/ru\/wp-json\/wp\/v2\/product\/84347","targetHints":{"allow":["GET"]}}],"collection":[{"href":"https:\/\/hannaorganic.md\/ru\/wp-json\/wp\/v2\/product"}],"about":[{"href":"https:\/\/hannaorganic.md\/ru\/wp-json\/wp\/v2\/types\/product"}],"wp:featuredmedia":[{"embeddable":true,"href":"https:\/\/hannaorganic.md\/ru\/wp-json\/wp\/v2\/media\/84348"}],"wp:attachment":[{"href":"https:\/\/hannaorganic.md\/ru\/wp-json\/wp\/v2\/media?parent=84347"}],"wp:term":[{"taxonomy":"product_brand","embeddable":true,"href":"https:\/\/hannaorganic.md\/ru\/wp-json\/wp\/v2\/product_brand?post=84347"},{"taxonomy":"product_cat","embeddable":true,"href":"https:\/\/hannaorganic.md\/ru\/wp-json\/wp\/v2\/product_cat?post=84347"},{"taxonomy":"product_tag","embeddable":true,"href":"https:\/\/hannaorganic.md\/ru\/wp-json\/wp\/v2\/product_tag?post=84347"}],"curies":[{"name":"wp","href":"https:\/\/api.w.org\/{rel}","templated":true}]}}