{"id":84351,"date":"2024-06-05T11:31:30","date_gmt":"2024-06-05T09:31:30","guid":{"rendered":"https:\/\/hannaorganic.md\/?post_type=product&#038;p=84351"},"modified":"2026-04-18T12:45:22","modified_gmt":"2026-04-18T10:45:22","slug":"perfecting-face-tonic-mr-scrubber","status":"publish","type":"product","link":"https:\/\/hannaorganic.md\/ru\/produs\/perfecting-face-tonic-mr-scrubber\/","title":{"rendered":"Perfecting Face Tonic Mr.SCRUBBER"},"content":{"rendered":"<p>Cum func\u021bioneaz\u0103 :<br \/>\n-acidul salicilic cur\u0103\u021b\u0103 \u00een profunzime porii, elimin\u0103 problema petelor negre, reduce num\u0103rul \u0219i densitatea erup\u021biilor cutanate;<br \/>\n-acidul glicolic exfoliaz\u0103 delicat stratul keratinizat al epidermei, stimuleaz\u0103 re\u00eennoirea natural\u0103, previne apari\u021bia cicatricilor, face pielea incredibil de neted\u0103 \u0219i str\u0103lucitoare;<br \/>\n-betain\u0103 hidrateaz\u0103, calmeaz\u0103 \u0219i neteze\u0219te fa\u021ba;<br \/>\n-extractul de sunatoare are efecte antiseptice si antiinflamatorii, reduce aspectul porilor si accelereaza vindecarea microleciilor;<br \/>\n-extractul de soricel tonific\u0103, \u00eemprosp\u0103teaz\u0103, reface epiderma;<br \/>\n-uleiul din samburi de struguri normalizeaza secretia de sebum, imbunatateste culoarea si tonul fetei;<br \/>\n-uleiul de salvie are un efect astringent vizibil, previne apari\u021bia petelor negre \u0219i a erup\u021biilor cutanate.<\/p>\n<p>Efect :<\/p>\n<p>-p\u0103strarea prospe\u021bimii, \u00eembun\u0103t\u0103\u021birea tonusului;<br \/>\n-prevenirea apari\u021biei cicatricilor;<br \/>\n-confort.<\/p>\n<p>&nbsp;<\/p>\n<p>Compozi\u021bie : Aqua (ap\u0103), Pentylen Glicol, Trietanolamin\u0103, Acid salicilic, Acid glicolic, Betain\u0103, Extract de Hypericum Perforatum, Extract de Achillea Millefolium, Extract de semin\u021be de Vitis Vinifera, Extract de frunze de Salvia Officinalis.<br \/>\nMod de utilizare : Str\u00e2nge\u021bi o cantitate mic\u0103 de tonic pe palma m\u00e2inii sau pe un tampon de bumbac \u0219i aplica\u021bi pe fa\u021ba \u0219i g\u00e2tul cur\u0103\u021ba\u021bi cu mi\u0219c\u0103ri u\u0219oare de masaj. Nu necesit\u0103 cl\u0103tire. Utiliza\u021bi o dat\u0103 pe zi.<br \/>\nVolum : 150 ml 5,07 fl oz<br \/>\nV\u00e2rsta : 16+<\/p>\n","protected":false},"excerpt":{"rendered":"<p>Tonicul exfoliant lustruie\u0219te delicat, neteze\u0219te \u0219i catifeleaz\u0103 pielea. Reduce num\u0103rul \u0219i densitatea erup\u021biilor cutanate, reduce poten\u021bialul inflamator al dermei, \u00eembun\u0103t\u0103\u021be\u0219te culoarea \u0219i textura. Extractele naturale calmeaz\u0103, albesc delicat fa\u021ba, previn apari\u021bia pigment\u0103rii \u0219i a cicatricilor.<\/p>\n","protected":false},"featured_media":84352,"template":"","meta":[],"product_brand":[],"product_cat":[100,96,92,110],"product_tag":[1599,1293,1620,1844,1847,1842,783,1322,1846],"class_list":{"0":"post-84351","1":"product","2":"type-product","3":"status-publish","4":"has-post-thumbnail","6":"product_cat-fata","7":"product_cat-mrscrubber-md","8":"product_cat-toate-produsele","9":"product_cat-tonic","10":"product_tag-acne","11":"product_tag-face","12":"product_tag-oily","13":"product_tag-perfecting","14":"product_tag-problematic","15":"product_tag-salicylic-acid","16":"product_tag-skin","17":"product_tag-toner","18":"product_tag-tonic","20":"first","21":"outofstock","22":"shipping-taxable","23":"purchasable","24":"product-type-simple"},"yoast_head":"<!-- This site is optimized with the Yoast SEO plugin v27.5 - https:\/\/yoast.com\/product\/yoast-seo-wordpress\/ -->\n<title>Perfecting Face Tonic Mr.SCRUBBER - HANNA ORGANIC<\/title>\n<meta name=\"robots\" content=\"index, follow, max-snippet:-1, max-image-preview:large, max-video-preview:-1\" \/>\n<link rel=\"canonical\" href=\"https:\/\/hannaorganic.md\/ru\/produs\/perfecting-face-tonic-mr-scrubber\/\" \/>\n<meta property=\"og:locale\" content=\"ru_RU\" \/>\n<meta property=\"og:type\" content=\"article\" \/>\n<meta property=\"og:title\" content=\"Perfecting Face Tonic Mr.SCRUBBER - HANNA ORGANIC\" \/>\n<meta property=\"og:description\" content=\"Tonicul exfoliant lustruie\u0219te delicat, neteze\u0219te \u0219i catifeleaz\u0103 pielea. Reduce num\u0103rul \u0219i densitatea erup\u021biilor cutanate, reduce poten\u021bialul inflamator al dermei, \u00eembun\u0103t\u0103\u021be\u0219te culoarea \u0219i textura. Extractele naturale calmeaz\u0103, albesc delicat fa\u021ba, previn apari\u021bia pigment\u0103rii \u0219i a cicatricilor.\" \/>\n<meta property=\"og:url\" content=\"https:\/\/hannaorganic.md\/ru\/produs\/perfecting-face-tonic-mr-scrubber\/\" \/>\n<meta property=\"og:site_name\" content=\"HANNA ORGANIC\" \/>\n<meta property=\"article:publisher\" content=\"https:\/\/www.facebook.com\/bluemagic.md\/\" \/>\n<meta property=\"article:modified_time\" content=\"2026-04-18T10:45:22+00:00\" \/>\n<meta property=\"og:image\" content=\"https:\/\/hannaorganic.md\/wp-content\/uploads\/2024\/06\/IMG_5283.jpeg\" \/>\n\t<meta property=\"og:image:width\" content=\"828\" \/>\n\t<meta property=\"og:image:height\" content=\"1346\" \/>\n\t<meta property=\"og:image:type\" content=\"image\/jpeg\" \/>\n<meta name=\"twitter:card\" content=\"summary_large_image\" \/>\n<meta name=\"twitter:label1\" content=\"\u041f\u0440\u0438\u043c\u0435\u0440\u043d\u043e\u0435 \u0432\u0440\u0435\u043c\u044f \u0434\u043b\u044f \u0447\u0442\u0435\u043d\u0438\u044f\" \/>\n\t<meta name=\"twitter:data1\" content=\"2 \u043c\u0438\u043d\u0443\u0442\u044b\" \/>\n<script type=\"application\/ld+json\" class=\"yoast-schema-graph\">{\"@context\":\"https:\\\/\\\/schema.org\",\"@graph\":[{\"@type\":\"WebPage\",\"@id\":\"https:\\\/\\\/hannaorganic.md\\\/ru\\\/produs\\\/perfecting-face-tonic-mr-scrubber\\\/\",\"url\":\"https:\\\/\\\/hannaorganic.md\\\/ru\\\/produs\\\/perfecting-face-tonic-mr-scrubber\\\/\",\"name\":\"Perfecting Face Tonic Mr.SCRUBBER - HANNA ORGANIC\",\"isPartOf\":{\"@id\":\"https:\\\/\\\/hannaorganic.md\\\/ru\\\/#website\"},\"primaryImageOfPage\":{\"@id\":\"https:\\\/\\\/hannaorganic.md\\\/ru\\\/produs\\\/perfecting-face-tonic-mr-scrubber\\\/#primaryimage\"},\"image\":{\"@id\":\"https:\\\/\\\/hannaorganic.md\\\/ru\\\/produs\\\/perfecting-face-tonic-mr-scrubber\\\/#primaryimage\"},\"thumbnailUrl\":\"https:\\\/\\\/hannaorganic.md\\\/wp-content\\\/uploads\\\/2024\\\/06\\\/IMG_5283.jpeg\",\"datePublished\":\"2024-06-05T09:31:30+00:00\",\"dateModified\":\"2026-04-18T10:45:22+00:00\",\"breadcrumb\":{\"@id\":\"https:\\\/\\\/hannaorganic.md\\\/ru\\\/produs\\\/perfecting-face-tonic-mr-scrubber\\\/#breadcrumb\"},\"inLanguage\":\"ru-RU\",\"potentialAction\":[{\"@type\":\"ReadAction\",\"target\":[\"https:\\\/\\\/hannaorganic.md\\\/ru\\\/produs\\\/perfecting-face-tonic-mr-scrubber\\\/\"]}]},{\"@type\":\"ImageObject\",\"inLanguage\":\"ru-RU\",\"@id\":\"https:\\\/\\\/hannaorganic.md\\\/ru\\\/produs\\\/perfecting-face-tonic-mr-scrubber\\\/#primaryimage\",\"url\":\"https:\\\/\\\/hannaorganic.md\\\/wp-content\\\/uploads\\\/2024\\\/06\\\/IMG_5283.jpeg\",\"contentUrl\":\"https:\\\/\\\/hannaorganic.md\\\/wp-content\\\/uploads\\\/2024\\\/06\\\/IMG_5283.jpeg\",\"width\":828,\"height\":1346},{\"@type\":\"BreadcrumbList\",\"@id\":\"https:\\\/\\\/hannaorganic.md\\\/ru\\\/produs\\\/perfecting-face-tonic-mr-scrubber\\\/#breadcrumb\",\"itemListElement\":[{\"@type\":\"ListItem\",\"position\":1,\"name\":\"Prima pagin\u0103\",\"item\":\"https:\\\/\\\/hannaorganic.md\\\/ru\\\/hanna-organic\\\/\"},{\"@type\":\"ListItem\",\"position\":2,\"name\":\"\u041c\u0430\u0433\u0430\u0437\u0438\u043d\",\"item\":\"https:\\\/\\\/hannaorganic.md\\\/ru\\\/shop\\\/\"},{\"@type\":\"ListItem\",\"position\":3,\"name\":\"Perfecting Face Tonic Mr.SCRUBBER\"}]},{\"@type\":\"WebSite\",\"@id\":\"https:\\\/\\\/hannaorganic.md\\\/ru\\\/#website\",\"url\":\"https:\\\/\\\/hannaorganic.md\\\/ru\\\/\",\"name\":\"HANNA ORGANIC\",\"description\":\"Multi-Brand Cosmetic Store\",\"potentialAction\":[{\"@type\":\"SearchAction\",\"target\":{\"@type\":\"EntryPoint\",\"urlTemplate\":\"https:\\\/\\\/hannaorganic.md\\\/ru\\\/?s={search_term_string}\"},\"query-input\":{\"@type\":\"PropertyValueSpecification\",\"valueRequired\":true,\"valueName\":\"search_term_string\"}}],\"inLanguage\":\"ru-RU\"}]}<\/script>\n<!-- \/ Yoast SEO plugin. -->","yoast_head_json":{"title":"Perfecting Face Tonic Mr.SCRUBBER - HANNA ORGANIC","robots":{"index":"index","follow":"follow","max-snippet":"max-snippet:-1","max-image-preview":"max-image-preview:large","max-video-preview":"max-video-preview:-1"},"canonical":"https:\/\/hannaorganic.md\/ru\/produs\/perfecting-face-tonic-mr-scrubber\/","og_locale":"ru_RU","og_type":"article","og_title":"Perfecting Face Tonic Mr.SCRUBBER - HANNA ORGANIC","og_description":"Tonicul exfoliant lustruie\u0219te delicat, neteze\u0219te \u0219i catifeleaz\u0103 pielea. Reduce num\u0103rul \u0219i densitatea erup\u021biilor cutanate, reduce poten\u021bialul inflamator al dermei, \u00eembun\u0103t\u0103\u021be\u0219te culoarea \u0219i textura. Extractele naturale calmeaz\u0103, albesc delicat fa\u021ba, previn apari\u021bia pigment\u0103rii \u0219i a cicatricilor.","og_url":"https:\/\/hannaorganic.md\/ru\/produs\/perfecting-face-tonic-mr-scrubber\/","og_site_name":"HANNA ORGANIC","article_publisher":"https:\/\/www.facebook.com\/bluemagic.md\/","article_modified_time":"2026-04-18T10:45:22+00:00","og_image":[{"width":828,"height":1346,"url":"https:\/\/hannaorganic.md\/wp-content\/uploads\/2024\/06\/IMG_5283.jpeg","type":"image\/jpeg"}],"twitter_card":"summary_large_image","twitter_misc":{"\u041f\u0440\u0438\u043c\u0435\u0440\u043d\u043e\u0435 \u0432\u0440\u0435\u043c\u044f \u0434\u043b\u044f \u0447\u0442\u0435\u043d\u0438\u044f":"2 \u043c\u0438\u043d\u0443\u0442\u044b"},"schema":{"@context":"https:\/\/schema.org","@graph":[{"@type":"WebPage","@id":"https:\/\/hannaorganic.md\/ru\/produs\/perfecting-face-tonic-mr-scrubber\/","url":"https:\/\/hannaorganic.md\/ru\/produs\/perfecting-face-tonic-mr-scrubber\/","name":"Perfecting Face Tonic Mr.SCRUBBER - HANNA ORGANIC","isPartOf":{"@id":"https:\/\/hannaorganic.md\/ru\/#website"},"primaryImageOfPage":{"@id":"https:\/\/hannaorganic.md\/ru\/produs\/perfecting-face-tonic-mr-scrubber\/#primaryimage"},"image":{"@id":"https:\/\/hannaorganic.md\/ru\/produs\/perfecting-face-tonic-mr-scrubber\/#primaryimage"},"thumbnailUrl":"https:\/\/hannaorganic.md\/wp-content\/uploads\/2024\/06\/IMG_5283.jpeg","datePublished":"2024-06-05T09:31:30+00:00","dateModified":"2026-04-18T10:45:22+00:00","breadcrumb":{"@id":"https:\/\/hannaorganic.md\/ru\/produs\/perfecting-face-tonic-mr-scrubber\/#breadcrumb"},"inLanguage":"ru-RU","potentialAction":[{"@type":"ReadAction","target":["https:\/\/hannaorganic.md\/ru\/produs\/perfecting-face-tonic-mr-scrubber\/"]}]},{"@type":"ImageObject","inLanguage":"ru-RU","@id":"https:\/\/hannaorganic.md\/ru\/produs\/perfecting-face-tonic-mr-scrubber\/#primaryimage","url":"https:\/\/hannaorganic.md\/wp-content\/uploads\/2024\/06\/IMG_5283.jpeg","contentUrl":"https:\/\/hannaorganic.md\/wp-content\/uploads\/2024\/06\/IMG_5283.jpeg","width":828,"height":1346},{"@type":"BreadcrumbList","@id":"https:\/\/hannaorganic.md\/ru\/produs\/perfecting-face-tonic-mr-scrubber\/#breadcrumb","itemListElement":[{"@type":"ListItem","position":1,"name":"Prima pagin\u0103","item":"https:\/\/hannaorganic.md\/ru\/hanna-organic\/"},{"@type":"ListItem","position":2,"name":"\u041c\u0430\u0433\u0430\u0437\u0438\u043d","item":"https:\/\/hannaorganic.md\/ru\/shop\/"},{"@type":"ListItem","position":3,"name":"Perfecting Face Tonic Mr.SCRUBBER"}]},{"@type":"WebSite","@id":"https:\/\/hannaorganic.md\/ru\/#website","url":"https:\/\/hannaorganic.md\/ru\/","name":"HANNA ORGANIC","description":"Multi-Brand Cosmetic Store","potentialAction":[{"@type":"SearchAction","target":{"@type":"EntryPoint","urlTemplate":"https:\/\/hannaorganic.md\/ru\/?s={search_term_string}"},"query-input":{"@type":"PropertyValueSpecification","valueRequired":true,"valueName":"search_term_string"}}],"inLanguage":"ru-RU"}]}},"_links":{"self":[{"href":"https:\/\/hannaorganic.md\/ru\/wp-json\/wp\/v2\/product\/84351","targetHints":{"allow":["GET"]}}],"collection":[{"href":"https:\/\/hannaorganic.md\/ru\/wp-json\/wp\/v2\/product"}],"about":[{"href":"https:\/\/hannaorganic.md\/ru\/wp-json\/wp\/v2\/types\/product"}],"wp:featuredmedia":[{"embeddable":true,"href":"https:\/\/hannaorganic.md\/ru\/wp-json\/wp\/v2\/media\/84352"}],"wp:attachment":[{"href":"https:\/\/hannaorganic.md\/ru\/wp-json\/wp\/v2\/media?parent=84351"}],"wp:term":[{"taxonomy":"product_brand","embeddable":true,"href":"https:\/\/hannaorganic.md\/ru\/wp-json\/wp\/v2\/product_brand?post=84351"},{"taxonomy":"product_cat","embeddable":true,"href":"https:\/\/hannaorganic.md\/ru\/wp-json\/wp\/v2\/product_cat?post=84351"},{"taxonomy":"product_tag","embeddable":true,"href":"https:\/\/hannaorganic.md\/ru\/wp-json\/wp\/v2\/product_tag?post=84351"}],"curies":[{"name":"wp","href":"https:\/\/api.w.org\/{rel}","templated":true}]}}