{"id":84354,"date":"2024-06-05T11:39:53","date_gmt":"2024-06-05T09:39:53","guid":{"rendered":"https:\/\/hannaorganic.md\/?post_type=product&#038;p=84354"},"modified":"2026-04-18T12:45:12","modified_gmt":"2026-04-18T10:45:12","slug":"perfecting-face-serum-mr-scrubber","status":"publish","type":"product","link":"https:\/\/hannaorganic.md\/ru\/produs\/perfecting-face-serum-mr-scrubber\/","title":{"rendered":"Perfecting Face Serum Mr.SCRUBBER"},"content":{"rendered":"<p>Cum func\u021bioneaz\u0103 :<br \/>\n-acidul salicilic cur\u0103\u021b\u0103 \u00een profunzime porii, elimin\u0103 problema petelor negre, reduce num\u0103rul \u0219i densitatea erup\u021biilor cutanate;<br \/>\n-acidul glicolic exfoliaz\u0103 delicat stratul keratinizat al epidermei, stimuleaz\u0103 re\u00eennoirea natural\u0103, previne apari\u021bia cicatricilor, face pielea incredibil de neted\u0103 \u0219i str\u0103lucitoare;<br \/>\n-pudra de orez absoarbe excesul de sebum, calmeaza, lumineaza delicat, matifiaza instantaneu si permanent fata;<br \/>\n-extractul de sunatoare are efecte antiseptice si antiinflamatorii, reduce aspectul porilor si accelereaza vindecarea microleciilor;<br \/>\n-extractul de soricel tonific\u0103, \u00eemprosp\u0103teaz\u0103, reface epiderma;<br \/>\n-uleiul din samburi de struguri normalizeaza secretia de sebum, imbunatateste culoarea si tonul fetei;<br \/>\n-uleiul de salvie are un efect astringent vizibil, previne apari\u021bia petelor negre \u0219i a erup\u021biilor cutanate.<\/p>\n<p>Efect :<br \/>\n-hidrateaz\u0103 u\u0219or;<br \/>\n-calmeaz\u0103 \u0219i reface pielea;<br \/>\n-are un finisaj mat pl\u0103cut;<br \/>\n-reduce num\u0103rul de erup\u021bii cutanate.<\/p>\n<p>&nbsp;<\/p>\n<p>Compozi\u021bie : Aqua (ap\u0103), pentilen glicol, alcan C13-15, oleat de poligliceril-6, trietanolamin\u0103, acid salicilic, poliacriloildimetil taurat de sodiu, stearat de zaharoz\u0103, acid glicolic, amidon de Oryza Sativa, extract de millefolium perforat, extract de Achillea<br \/>\nMod de utilizare: Aplicati o cantitate mica de produs pe fata cu miscari de masaj, evitand zonele din jurul ochilor. Utiliza\u021bi o dat\u0103 pe zi, at\u00e2t singur, c\u00e2t \u0219i \u00eenainte de aplicarea cremei de fa\u021b\u0103.<br \/>\nVolum : 30 ml 1,01 fl oz<br \/>\nV\u00e2rsta : 16+<\/p>\n","protected":false},"excerpt":{"rendered":"<p>Serul intensiv se absoarbe instantaneu \u0219i se simte extrem de confortabil pe piele, p\u0103trunde \u00een straturile profunde ale dermei, hidrateaz\u0103 delicat, promoveaz\u0103 regenerarea natural\u0103, \u00eemprosp\u0103teaz\u0103, elimin\u0103 tocitatea, paloarea \u0219i ofer\u0103 un efect mat de neegalat. Acizii salicilic \u0219i glicolic reduc num\u0103rul \u0219i densitatea elementelor inflamatorii, confer\u0103 pielii o u\u0219oar\u0103 str\u0103lucire natural\u0103.<\/p>\n","protected":false},"featured_media":84355,"template":"","meta":[],"product_brand":[],"product_cat":[100,96,109,92],"product_tag":[1293,1076,1844,1847,1842,990],"class_list":{"0":"post-84354","1":"product","2":"type-product","3":"status-publish","4":"has-post-thumbnail","6":"product_cat-fata","7":"product_cat-mrscrubber-md","8":"product_cat-serum","9":"product_cat-toate-produsele","10":"product_tag-face","11":"product_tag-oily-skin","12":"product_tag-perfecting","13":"product_tag-problematic","14":"product_tag-salicylic-acid","15":"product_tag-serum","17":"first","18":"outofstock","19":"shipping-taxable","20":"purchasable","21":"product-type-simple"},"yoast_head":"<!-- This site is optimized with the Yoast SEO plugin v27.5 - https:\/\/yoast.com\/product\/yoast-seo-wordpress\/ -->\n<title>Perfecting Face Serum Mr.SCRUBBER - HANNA ORGANIC<\/title>\n<meta name=\"robots\" content=\"index, follow, max-snippet:-1, max-image-preview:large, max-video-preview:-1\" \/>\n<link rel=\"canonical\" href=\"https:\/\/hannaorganic.md\/ru\/produs\/perfecting-face-serum-mr-scrubber\/\" \/>\n<meta property=\"og:locale\" content=\"ru_RU\" \/>\n<meta property=\"og:type\" content=\"article\" \/>\n<meta property=\"og:title\" content=\"Perfecting Face Serum Mr.SCRUBBER - HANNA ORGANIC\" \/>\n<meta property=\"og:description\" content=\"Serul intensiv se absoarbe instantaneu \u0219i se simte extrem de confortabil pe piele, p\u0103trunde \u00een straturile profunde ale dermei, hidrateaz\u0103 delicat, promoveaz\u0103 regenerarea natural\u0103, \u00eemprosp\u0103teaz\u0103, elimin\u0103 tocitatea, paloarea \u0219i ofer\u0103 un efect mat de neegalat. Acizii salicilic \u0219i glicolic reduc num\u0103rul \u0219i densitatea elementelor inflamatorii, confer\u0103 pielii o u\u0219oar\u0103 str\u0103lucire natural\u0103.\" \/>\n<meta property=\"og:url\" content=\"https:\/\/hannaorganic.md\/ru\/produs\/perfecting-face-serum-mr-scrubber\/\" \/>\n<meta property=\"og:site_name\" content=\"HANNA ORGANIC\" \/>\n<meta property=\"article:publisher\" content=\"https:\/\/www.facebook.com\/bluemagic.md\/\" \/>\n<meta property=\"article:modified_time\" content=\"2026-04-18T10:45:12+00:00\" \/>\n<meta property=\"og:image\" content=\"https:\/\/hannaorganic.md\/wp-content\/uploads\/2024\/06\/IMG_5284.jpeg\" \/>\n\t<meta property=\"og:image:width\" content=\"828\" \/>\n\t<meta property=\"og:image:height\" content=\"1351\" \/>\n\t<meta property=\"og:image:type\" content=\"image\/jpeg\" \/>\n<meta name=\"twitter:card\" content=\"summary_large_image\" \/>\n<meta name=\"twitter:label1\" content=\"\u041f\u0440\u0438\u043c\u0435\u0440\u043d\u043e\u0435 \u0432\u0440\u0435\u043c\u044f \u0434\u043b\u044f \u0447\u0442\u0435\u043d\u0438\u044f\" \/>\n\t<meta name=\"twitter:data1\" content=\"2 \u043c\u0438\u043d\u0443\u0442\u044b\" \/>\n<script type=\"application\/ld+json\" class=\"yoast-schema-graph\">{\"@context\":\"https:\\\/\\\/schema.org\",\"@graph\":[{\"@type\":\"WebPage\",\"@id\":\"https:\\\/\\\/hannaorganic.md\\\/ru\\\/produs\\\/perfecting-face-serum-mr-scrubber\\\/\",\"url\":\"https:\\\/\\\/hannaorganic.md\\\/ru\\\/produs\\\/perfecting-face-serum-mr-scrubber\\\/\",\"name\":\"Perfecting Face Serum Mr.SCRUBBER - HANNA ORGANIC\",\"isPartOf\":{\"@id\":\"https:\\\/\\\/hannaorganic.md\\\/ru\\\/#website\"},\"primaryImageOfPage\":{\"@id\":\"https:\\\/\\\/hannaorganic.md\\\/ru\\\/produs\\\/perfecting-face-serum-mr-scrubber\\\/#primaryimage\"},\"image\":{\"@id\":\"https:\\\/\\\/hannaorganic.md\\\/ru\\\/produs\\\/perfecting-face-serum-mr-scrubber\\\/#primaryimage\"},\"thumbnailUrl\":\"https:\\\/\\\/hannaorganic.md\\\/wp-content\\\/uploads\\\/2024\\\/06\\\/IMG_5284.jpeg\",\"datePublished\":\"2024-06-05T09:39:53+00:00\",\"dateModified\":\"2026-04-18T10:45:12+00:00\",\"breadcrumb\":{\"@id\":\"https:\\\/\\\/hannaorganic.md\\\/ru\\\/produs\\\/perfecting-face-serum-mr-scrubber\\\/#breadcrumb\"},\"inLanguage\":\"ru-RU\",\"potentialAction\":[{\"@type\":\"ReadAction\",\"target\":[\"https:\\\/\\\/hannaorganic.md\\\/ru\\\/produs\\\/perfecting-face-serum-mr-scrubber\\\/\"]}]},{\"@type\":\"ImageObject\",\"inLanguage\":\"ru-RU\",\"@id\":\"https:\\\/\\\/hannaorganic.md\\\/ru\\\/produs\\\/perfecting-face-serum-mr-scrubber\\\/#primaryimage\",\"url\":\"https:\\\/\\\/hannaorganic.md\\\/wp-content\\\/uploads\\\/2024\\\/06\\\/IMG_5284.jpeg\",\"contentUrl\":\"https:\\\/\\\/hannaorganic.md\\\/wp-content\\\/uploads\\\/2024\\\/06\\\/IMG_5284.jpeg\",\"width\":828,\"height\":1351},{\"@type\":\"BreadcrumbList\",\"@id\":\"https:\\\/\\\/hannaorganic.md\\\/ru\\\/produs\\\/perfecting-face-serum-mr-scrubber\\\/#breadcrumb\",\"itemListElement\":[{\"@type\":\"ListItem\",\"position\":1,\"name\":\"Prima pagin\u0103\",\"item\":\"https:\\\/\\\/hannaorganic.md\\\/ru\\\/hanna-organic\\\/\"},{\"@type\":\"ListItem\",\"position\":2,\"name\":\"\u041c\u0430\u0433\u0430\u0437\u0438\u043d\",\"item\":\"https:\\\/\\\/hannaorganic.md\\\/ru\\\/shop\\\/\"},{\"@type\":\"ListItem\",\"position\":3,\"name\":\"Perfecting Face Serum Mr.SCRUBBER\"}]},{\"@type\":\"WebSite\",\"@id\":\"https:\\\/\\\/hannaorganic.md\\\/ru\\\/#website\",\"url\":\"https:\\\/\\\/hannaorganic.md\\\/ru\\\/\",\"name\":\"HANNA ORGANIC\",\"description\":\"Multi-Brand Cosmetic Store\",\"potentialAction\":[{\"@type\":\"SearchAction\",\"target\":{\"@type\":\"EntryPoint\",\"urlTemplate\":\"https:\\\/\\\/hannaorganic.md\\\/ru\\\/?s={search_term_string}\"},\"query-input\":{\"@type\":\"PropertyValueSpecification\",\"valueRequired\":true,\"valueName\":\"search_term_string\"}}],\"inLanguage\":\"ru-RU\"}]}<\/script>\n<!-- \/ Yoast SEO plugin. -->","yoast_head_json":{"title":"Perfecting Face Serum Mr.SCRUBBER - HANNA ORGANIC","robots":{"index":"index","follow":"follow","max-snippet":"max-snippet:-1","max-image-preview":"max-image-preview:large","max-video-preview":"max-video-preview:-1"},"canonical":"https:\/\/hannaorganic.md\/ru\/produs\/perfecting-face-serum-mr-scrubber\/","og_locale":"ru_RU","og_type":"article","og_title":"Perfecting Face Serum Mr.SCRUBBER - HANNA ORGANIC","og_description":"Serul intensiv se absoarbe instantaneu \u0219i se simte extrem de confortabil pe piele, p\u0103trunde \u00een straturile profunde ale dermei, hidrateaz\u0103 delicat, promoveaz\u0103 regenerarea natural\u0103, \u00eemprosp\u0103teaz\u0103, elimin\u0103 tocitatea, paloarea \u0219i ofer\u0103 un efect mat de neegalat. Acizii salicilic \u0219i glicolic reduc num\u0103rul \u0219i densitatea elementelor inflamatorii, confer\u0103 pielii o u\u0219oar\u0103 str\u0103lucire natural\u0103.","og_url":"https:\/\/hannaorganic.md\/ru\/produs\/perfecting-face-serum-mr-scrubber\/","og_site_name":"HANNA ORGANIC","article_publisher":"https:\/\/www.facebook.com\/bluemagic.md\/","article_modified_time":"2026-04-18T10:45:12+00:00","og_image":[{"width":828,"height":1351,"url":"https:\/\/hannaorganic.md\/wp-content\/uploads\/2024\/06\/IMG_5284.jpeg","type":"image\/jpeg"}],"twitter_card":"summary_large_image","twitter_misc":{"\u041f\u0440\u0438\u043c\u0435\u0440\u043d\u043e\u0435 \u0432\u0440\u0435\u043c\u044f \u0434\u043b\u044f \u0447\u0442\u0435\u043d\u0438\u044f":"2 \u043c\u0438\u043d\u0443\u0442\u044b"},"schema":{"@context":"https:\/\/schema.org","@graph":[{"@type":"WebPage","@id":"https:\/\/hannaorganic.md\/ru\/produs\/perfecting-face-serum-mr-scrubber\/","url":"https:\/\/hannaorganic.md\/ru\/produs\/perfecting-face-serum-mr-scrubber\/","name":"Perfecting Face Serum Mr.SCRUBBER - HANNA ORGANIC","isPartOf":{"@id":"https:\/\/hannaorganic.md\/ru\/#website"},"primaryImageOfPage":{"@id":"https:\/\/hannaorganic.md\/ru\/produs\/perfecting-face-serum-mr-scrubber\/#primaryimage"},"image":{"@id":"https:\/\/hannaorganic.md\/ru\/produs\/perfecting-face-serum-mr-scrubber\/#primaryimage"},"thumbnailUrl":"https:\/\/hannaorganic.md\/wp-content\/uploads\/2024\/06\/IMG_5284.jpeg","datePublished":"2024-06-05T09:39:53+00:00","dateModified":"2026-04-18T10:45:12+00:00","breadcrumb":{"@id":"https:\/\/hannaorganic.md\/ru\/produs\/perfecting-face-serum-mr-scrubber\/#breadcrumb"},"inLanguage":"ru-RU","potentialAction":[{"@type":"ReadAction","target":["https:\/\/hannaorganic.md\/ru\/produs\/perfecting-face-serum-mr-scrubber\/"]}]},{"@type":"ImageObject","inLanguage":"ru-RU","@id":"https:\/\/hannaorganic.md\/ru\/produs\/perfecting-face-serum-mr-scrubber\/#primaryimage","url":"https:\/\/hannaorganic.md\/wp-content\/uploads\/2024\/06\/IMG_5284.jpeg","contentUrl":"https:\/\/hannaorganic.md\/wp-content\/uploads\/2024\/06\/IMG_5284.jpeg","width":828,"height":1351},{"@type":"BreadcrumbList","@id":"https:\/\/hannaorganic.md\/ru\/produs\/perfecting-face-serum-mr-scrubber\/#breadcrumb","itemListElement":[{"@type":"ListItem","position":1,"name":"Prima pagin\u0103","item":"https:\/\/hannaorganic.md\/ru\/hanna-organic\/"},{"@type":"ListItem","position":2,"name":"\u041c\u0430\u0433\u0430\u0437\u0438\u043d","item":"https:\/\/hannaorganic.md\/ru\/shop\/"},{"@type":"ListItem","position":3,"name":"Perfecting Face Serum Mr.SCRUBBER"}]},{"@type":"WebSite","@id":"https:\/\/hannaorganic.md\/ru\/#website","url":"https:\/\/hannaorganic.md\/ru\/","name":"HANNA ORGANIC","description":"Multi-Brand Cosmetic Store","potentialAction":[{"@type":"SearchAction","target":{"@type":"EntryPoint","urlTemplate":"https:\/\/hannaorganic.md\/ru\/?s={search_term_string}"},"query-input":{"@type":"PropertyValueSpecification","valueRequired":true,"valueName":"search_term_string"}}],"inLanguage":"ru-RU"}]}},"_links":{"self":[{"href":"https:\/\/hannaorganic.md\/ru\/wp-json\/wp\/v2\/product\/84354","targetHints":{"allow":["GET"]}}],"collection":[{"href":"https:\/\/hannaorganic.md\/ru\/wp-json\/wp\/v2\/product"}],"about":[{"href":"https:\/\/hannaorganic.md\/ru\/wp-json\/wp\/v2\/types\/product"}],"wp:featuredmedia":[{"embeddable":true,"href":"https:\/\/hannaorganic.md\/ru\/wp-json\/wp\/v2\/media\/84355"}],"wp:attachment":[{"href":"https:\/\/hannaorganic.md\/ru\/wp-json\/wp\/v2\/media?parent=84354"}],"wp:term":[{"taxonomy":"product_brand","embeddable":true,"href":"https:\/\/hannaorganic.md\/ru\/wp-json\/wp\/v2\/product_brand?post=84354"},{"taxonomy":"product_cat","embeddable":true,"href":"https:\/\/hannaorganic.md\/ru\/wp-json\/wp\/v2\/product_cat?post=84354"},{"taxonomy":"product_tag","embeddable":true,"href":"https:\/\/hannaorganic.md\/ru\/wp-json\/wp\/v2\/product_tag?post=84354"}],"curies":[{"name":"wp","href":"https:\/\/api.w.org\/{rel}","templated":true}]}}