{"id":84357,"date":"2024-06-05T11:46:29","date_gmt":"2024-06-05T09:46:29","guid":{"rendered":"https:\/\/hannaorganic.md\/?post_type=product&#038;p=84357"},"modified":"2025-11-17T14:34:34","modified_gmt":"2025-11-17T12:34:34","slug":"sos-sulfur-acne-treatment-mr-scrubber","status":"publish","type":"product","link":"https:\/\/hannaorganic.md\/ru\/produs\/sos-sulfur-acne-treatment-mr-scrubber\/","title":{"rendered":"Sos Sulfur Acne Treatment Mr.SCRUBBER"},"content":{"rendered":"<p>Cum func\u021bioneaz\u0103 :<br \/>\n-sulful regleaz\u0103 secre\u021bia de sebum, are propriet\u0103\u021bi keratoplastice, exfoliaz\u0103 stratul mort al epidermei, cre\u0219te eficacitatea ingredientelor active;<br \/>\n-acidul salicilic cur\u0103\u021b\u0103 \u00een profunzime porii, previne dezvoltarea bacteriilor care cauzeaz\u0103 acneea;<br \/>\n-zincul calmeaza, scurteaza perioada de vindecare;<br \/>\n-caolinul usuc\u0103 zona cu probleme, elimin\u0103 str\u0103lucirea gras\u0103;<br \/>\n-glicerina previne peelingul, favorizeaz\u0103 recuperarea rapid\u0103;<br \/>\n-camforul are efecte antiinflamatorii si antibacteriene, albeste si catifeleaza pielea.<\/p>\n<p>Efect :<br \/>\n-reducerea umflaturii, eliminarea roseata;<br \/>\n-reducerea inflama\u021biei;<br \/>\n-asigurarea refacerii naturale;<br \/>\n-\u00eent\u0103rirea barierei de protec\u021bie;<br \/>\n-prevenirea apari\u021biei cicatricilor.<\/p>\n<p>Mod de utilizare : nu se agita sticla inainte de utilizare. Dac\u0103 produsul este agitat accidental, l\u0103sa\u021bi flaconul pe o suprafa\u021b\u0103 plan\u0103, utiliza\u021bi numai dup\u0103 ce lichidul s-a depus. \u00cenmuia\u021bi un tampon de bumbac \u00een sedimentul de pe fundul sticlei \u0219i aplica\u021bi punctual produsul pe co\u0219uri \u0219i pete de pe fa\u021b\u0103, nu freca\u021bi. L\u0103sa\u021bi produsul s\u0103 se usuce \u0219i sp\u0103la\u021bi-l diminea\u021ba. Nu utiliza\u021bi \u00een zona din jurul ochilor \u0219i pe buze. Evita\u021bi contactul cu ochii \u0219i mucoasele. \u00cen caz de contact cu ochii, cl\u0103ti\u021bi imediat cu mult\u0103 ap\u0103.<\/p>\n<p>Compozitie : Aqua (apa), alcool denat., sulf, talc, acid salicilic, oxid de zinc, caolin, glicerina, camfor, dioxid de titan.<br \/>\nVolum : 30 ml 1,01 fl oz<br \/>\nV\u00e2rsta : 16+<\/p>\n","protected":false},"excerpt":{"rendered":"<p>Remediu local pentru acnee usuc\u0103 instantaneu erup\u021bia cutanat\u0103, dezinfecteaz\u0103 \u0219i matifiaz\u0103 zona, reduce ro\u0219ea\u021ba \u0219i umflarea, restabile\u0219te bariera protectoare distrus\u0103, previne dezvoltarea florei patogene care provoac\u0103 dezvoltarea acneei.<\/p>\n","protected":false},"featured_media":84359,"template":"","meta":[],"product_brand":[],"product_cat":[100,122,103,96,109,92,110],"product_tag":[1599,1293,1076,895,1848,1145],"class_list":{"0":"post-84357","1":"product","2":"type-product","3":"status-publish","4":"has-post-thumbnail","6":"product_cat-fata","7":"product_cat-face-cream","8":"product_cat-face-mask","9":"product_cat-mrscrubber-md","10":"product_cat-serum","11":"product_cat-toate-produsele","12":"product_cat-tonic","13":"product_tag-acne","14":"product_tag-face","15":"product_tag-oily-skin","16":"product_tag-skin-problems","17":"product_tag-sufur","18":"product_tag-treatment","20":"first","21":"outofstock","22":"shipping-taxable","23":"purchasable","24":"product-type-simple"},"yoast_head":"<!-- This site is optimized with the Yoast SEO plugin v27.5 - https:\/\/yoast.com\/product\/yoast-seo-wordpress\/ -->\n<title>Sos Sulfur Acne Treatment Mr.SCRUBBER - HANNA ORGANIC<\/title>\n<meta name=\"robots\" content=\"index, follow, max-snippet:-1, max-image-preview:large, max-video-preview:-1\" \/>\n<link rel=\"canonical\" href=\"https:\/\/hannaorganic.md\/ru\/produs\/sos-sulfur-acne-treatment-mr-scrubber\/\" \/>\n<meta property=\"og:locale\" content=\"ru_RU\" \/>\n<meta property=\"og:type\" content=\"article\" \/>\n<meta property=\"og:title\" content=\"Sos Sulfur Acne Treatment Mr.SCRUBBER - HANNA ORGANIC\" \/>\n<meta property=\"og:description\" content=\"Remediu local pentru acnee usuc\u0103 instantaneu erup\u021bia cutanat\u0103, dezinfecteaz\u0103 \u0219i matifiaz\u0103 zona, reduce ro\u0219ea\u021ba \u0219i umflarea, restabile\u0219te bariera protectoare distrus\u0103, previne dezvoltarea florei patogene care provoac\u0103 dezvoltarea acneei.\" \/>\n<meta property=\"og:url\" content=\"https:\/\/hannaorganic.md\/ru\/produs\/sos-sulfur-acne-treatment-mr-scrubber\/\" \/>\n<meta property=\"og:site_name\" content=\"HANNA ORGANIC\" \/>\n<meta property=\"article:publisher\" content=\"https:\/\/www.facebook.com\/bluemagic.md\/\" \/>\n<meta property=\"article:modified_time\" content=\"2025-11-17T12:34:34+00:00\" \/>\n<meta property=\"og:image\" content=\"https:\/\/hannaorganic.md\/wp-content\/uploads\/2024\/06\/IMG_5285.jpeg\" \/>\n\t<meta property=\"og:image:width\" content=\"828\" \/>\n\t<meta property=\"og:image:height\" content=\"1345\" \/>\n\t<meta property=\"og:image:type\" content=\"image\/jpeg\" \/>\n<meta name=\"twitter:card\" content=\"summary_large_image\" \/>\n<meta name=\"twitter:label1\" content=\"\u041f\u0440\u0438\u043c\u0435\u0440\u043d\u043e\u0435 \u0432\u0440\u0435\u043c\u044f \u0434\u043b\u044f \u0447\u0442\u0435\u043d\u0438\u044f\" \/>\n\t<meta name=\"twitter:data1\" content=\"2 \u043c\u0438\u043d\u0443\u0442\u044b\" \/>\n<script type=\"application\/ld+json\" class=\"yoast-schema-graph\">{\"@context\":\"https:\\\/\\\/schema.org\",\"@graph\":[{\"@type\":\"WebPage\",\"@id\":\"https:\\\/\\\/hannaorganic.md\\\/ru\\\/produs\\\/sos-sulfur-acne-treatment-mr-scrubber\\\/\",\"url\":\"https:\\\/\\\/hannaorganic.md\\\/ru\\\/produs\\\/sos-sulfur-acne-treatment-mr-scrubber\\\/\",\"name\":\"Sos Sulfur Acne Treatment Mr.SCRUBBER - HANNA ORGANIC\",\"isPartOf\":{\"@id\":\"https:\\\/\\\/hannaorganic.md\\\/ru\\\/#website\"},\"primaryImageOfPage\":{\"@id\":\"https:\\\/\\\/hannaorganic.md\\\/ru\\\/produs\\\/sos-sulfur-acne-treatment-mr-scrubber\\\/#primaryimage\"},\"image\":{\"@id\":\"https:\\\/\\\/hannaorganic.md\\\/ru\\\/produs\\\/sos-sulfur-acne-treatment-mr-scrubber\\\/#primaryimage\"},\"thumbnailUrl\":\"https:\\\/\\\/hannaorganic.md\\\/wp-content\\\/uploads\\\/2024\\\/06\\\/IMG_5285.jpeg\",\"datePublished\":\"2024-06-05T09:46:29+00:00\",\"dateModified\":\"2025-11-17T12:34:34+00:00\",\"breadcrumb\":{\"@id\":\"https:\\\/\\\/hannaorganic.md\\\/ru\\\/produs\\\/sos-sulfur-acne-treatment-mr-scrubber\\\/#breadcrumb\"},\"inLanguage\":\"ru-RU\",\"potentialAction\":[{\"@type\":\"ReadAction\",\"target\":[\"https:\\\/\\\/hannaorganic.md\\\/ru\\\/produs\\\/sos-sulfur-acne-treatment-mr-scrubber\\\/\"]}]},{\"@type\":\"ImageObject\",\"inLanguage\":\"ru-RU\",\"@id\":\"https:\\\/\\\/hannaorganic.md\\\/ru\\\/produs\\\/sos-sulfur-acne-treatment-mr-scrubber\\\/#primaryimage\",\"url\":\"https:\\\/\\\/hannaorganic.md\\\/wp-content\\\/uploads\\\/2024\\\/06\\\/IMG_5285.jpeg\",\"contentUrl\":\"https:\\\/\\\/hannaorganic.md\\\/wp-content\\\/uploads\\\/2024\\\/06\\\/IMG_5285.jpeg\",\"width\":828,\"height\":1345},{\"@type\":\"BreadcrumbList\",\"@id\":\"https:\\\/\\\/hannaorganic.md\\\/ru\\\/produs\\\/sos-sulfur-acne-treatment-mr-scrubber\\\/#breadcrumb\",\"itemListElement\":[{\"@type\":\"ListItem\",\"position\":1,\"name\":\"Prima pagin\u0103\",\"item\":\"https:\\\/\\\/hannaorganic.md\\\/ru\\\/hanna-organic\\\/\"},{\"@type\":\"ListItem\",\"position\":2,\"name\":\"\u041c\u0430\u0433\u0430\u0437\u0438\u043d\",\"item\":\"https:\\\/\\\/hannaorganic.md\\\/ru\\\/shop\\\/\"},{\"@type\":\"ListItem\",\"position\":3,\"name\":\"Sos Sulfur Acne Treatment Mr.SCRUBBER\"}]},{\"@type\":\"WebSite\",\"@id\":\"https:\\\/\\\/hannaorganic.md\\\/ru\\\/#website\",\"url\":\"https:\\\/\\\/hannaorganic.md\\\/ru\\\/\",\"name\":\"HANNA ORGANIC\",\"description\":\"Multi-Brand Cosmetic Store\",\"potentialAction\":[{\"@type\":\"SearchAction\",\"target\":{\"@type\":\"EntryPoint\",\"urlTemplate\":\"https:\\\/\\\/hannaorganic.md\\\/ru\\\/?s={search_term_string}\"},\"query-input\":{\"@type\":\"PropertyValueSpecification\",\"valueRequired\":true,\"valueName\":\"search_term_string\"}}],\"inLanguage\":\"ru-RU\"}]}<\/script>\n<!-- \/ Yoast SEO plugin. -->","yoast_head_json":{"title":"Sos Sulfur Acne Treatment Mr.SCRUBBER - HANNA ORGANIC","robots":{"index":"index","follow":"follow","max-snippet":"max-snippet:-1","max-image-preview":"max-image-preview:large","max-video-preview":"max-video-preview:-1"},"canonical":"https:\/\/hannaorganic.md\/ru\/produs\/sos-sulfur-acne-treatment-mr-scrubber\/","og_locale":"ru_RU","og_type":"article","og_title":"Sos Sulfur Acne Treatment Mr.SCRUBBER - HANNA ORGANIC","og_description":"Remediu local pentru acnee usuc\u0103 instantaneu erup\u021bia cutanat\u0103, dezinfecteaz\u0103 \u0219i matifiaz\u0103 zona, reduce ro\u0219ea\u021ba \u0219i umflarea, restabile\u0219te bariera protectoare distrus\u0103, previne dezvoltarea florei patogene care provoac\u0103 dezvoltarea acneei.","og_url":"https:\/\/hannaorganic.md\/ru\/produs\/sos-sulfur-acne-treatment-mr-scrubber\/","og_site_name":"HANNA ORGANIC","article_publisher":"https:\/\/www.facebook.com\/bluemagic.md\/","article_modified_time":"2025-11-17T12:34:34+00:00","og_image":[{"width":828,"height":1345,"url":"https:\/\/hannaorganic.md\/wp-content\/uploads\/2024\/06\/IMG_5285.jpeg","type":"image\/jpeg"}],"twitter_card":"summary_large_image","twitter_misc":{"\u041f\u0440\u0438\u043c\u0435\u0440\u043d\u043e\u0435 \u0432\u0440\u0435\u043c\u044f \u0434\u043b\u044f \u0447\u0442\u0435\u043d\u0438\u044f":"2 \u043c\u0438\u043d\u0443\u0442\u044b"},"schema":{"@context":"https:\/\/schema.org","@graph":[{"@type":"WebPage","@id":"https:\/\/hannaorganic.md\/ru\/produs\/sos-sulfur-acne-treatment-mr-scrubber\/","url":"https:\/\/hannaorganic.md\/ru\/produs\/sos-sulfur-acne-treatment-mr-scrubber\/","name":"Sos Sulfur Acne Treatment Mr.SCRUBBER - HANNA ORGANIC","isPartOf":{"@id":"https:\/\/hannaorganic.md\/ru\/#website"},"primaryImageOfPage":{"@id":"https:\/\/hannaorganic.md\/ru\/produs\/sos-sulfur-acne-treatment-mr-scrubber\/#primaryimage"},"image":{"@id":"https:\/\/hannaorganic.md\/ru\/produs\/sos-sulfur-acne-treatment-mr-scrubber\/#primaryimage"},"thumbnailUrl":"https:\/\/hannaorganic.md\/wp-content\/uploads\/2024\/06\/IMG_5285.jpeg","datePublished":"2024-06-05T09:46:29+00:00","dateModified":"2025-11-17T12:34:34+00:00","breadcrumb":{"@id":"https:\/\/hannaorganic.md\/ru\/produs\/sos-sulfur-acne-treatment-mr-scrubber\/#breadcrumb"},"inLanguage":"ru-RU","potentialAction":[{"@type":"ReadAction","target":["https:\/\/hannaorganic.md\/ru\/produs\/sos-sulfur-acne-treatment-mr-scrubber\/"]}]},{"@type":"ImageObject","inLanguage":"ru-RU","@id":"https:\/\/hannaorganic.md\/ru\/produs\/sos-sulfur-acne-treatment-mr-scrubber\/#primaryimage","url":"https:\/\/hannaorganic.md\/wp-content\/uploads\/2024\/06\/IMG_5285.jpeg","contentUrl":"https:\/\/hannaorganic.md\/wp-content\/uploads\/2024\/06\/IMG_5285.jpeg","width":828,"height":1345},{"@type":"BreadcrumbList","@id":"https:\/\/hannaorganic.md\/ru\/produs\/sos-sulfur-acne-treatment-mr-scrubber\/#breadcrumb","itemListElement":[{"@type":"ListItem","position":1,"name":"Prima pagin\u0103","item":"https:\/\/hannaorganic.md\/ru\/hanna-organic\/"},{"@type":"ListItem","position":2,"name":"\u041c\u0430\u0433\u0430\u0437\u0438\u043d","item":"https:\/\/hannaorganic.md\/ru\/shop\/"},{"@type":"ListItem","position":3,"name":"Sos Sulfur Acne Treatment Mr.SCRUBBER"}]},{"@type":"WebSite","@id":"https:\/\/hannaorganic.md\/ru\/#website","url":"https:\/\/hannaorganic.md\/ru\/","name":"HANNA ORGANIC","description":"Multi-Brand Cosmetic Store","potentialAction":[{"@type":"SearchAction","target":{"@type":"EntryPoint","urlTemplate":"https:\/\/hannaorganic.md\/ru\/?s={search_term_string}"},"query-input":{"@type":"PropertyValueSpecification","valueRequired":true,"valueName":"search_term_string"}}],"inLanguage":"ru-RU"}]}},"_links":{"self":[{"href":"https:\/\/hannaorganic.md\/ru\/wp-json\/wp\/v2\/product\/84357","targetHints":{"allow":["GET"]}}],"collection":[{"href":"https:\/\/hannaorganic.md\/ru\/wp-json\/wp\/v2\/product"}],"about":[{"href":"https:\/\/hannaorganic.md\/ru\/wp-json\/wp\/v2\/types\/product"}],"wp:featuredmedia":[{"embeddable":true,"href":"https:\/\/hannaorganic.md\/ru\/wp-json\/wp\/v2\/media\/84359"}],"wp:attachment":[{"href":"https:\/\/hannaorganic.md\/ru\/wp-json\/wp\/v2\/media?parent=84357"}],"wp:term":[{"taxonomy":"product_brand","embeddable":true,"href":"https:\/\/hannaorganic.md\/ru\/wp-json\/wp\/v2\/product_brand?post=84357"},{"taxonomy":"product_cat","embeddable":true,"href":"https:\/\/hannaorganic.md\/ru\/wp-json\/wp\/v2\/product_cat?post=84357"},{"taxonomy":"product_tag","embeddable":true,"href":"https:\/\/hannaorganic.md\/ru\/wp-json\/wp\/v2\/product_tag?post=84357"}],"curies":[{"name":"wp","href":"https:\/\/api.w.org\/{rel}","templated":true}]}}