{"id":84361,"date":"2024-06-05T11:52:31","date_gmt":"2024-06-05T09:52:31","guid":{"rendered":"https:\/\/hannaorganic.md\/?post_type=product&#038;p=84361"},"modified":"2025-10-04T15:20:00","modified_gmt":"2025-10-04T13:20:00","slug":"extremely-moisturizing-night-face-mask-mr-scrubber","status":"publish","type":"product","link":"https:\/\/hannaorganic.md\/ru\/produs\/extremely-moisturizing-night-face-mask-mr-scrubber\/","title":{"rendered":"Extremely Moisturizing Night Face Mask Mr.SCRUBBER"},"content":{"rendered":"<p>Cum func\u021bioneaz\u0103 :<br \/>\n-untul de shea catifeleaz\u0103 \u0219i reface pielea, \u00eei confer\u0103 netezime \u0219i m\u0103t\u0103sos, protejeaz\u0103 \u00eempotriva influen\u021belor externe nocive;<br \/>\n-glicerina hidrateaz\u0103 eficient \u0219i previne pierderea umidit\u0103\u021bii transepidermice;<br \/>\n-ureea formeaz\u0103 o pelicul\u0103 permeabil\u0103 la aer la suprafa\u021b\u0103, hidrateaz\u0103 \u0219i \u00eent\u0103re\u0219te, p\u0103trunde ad\u00e2nc \u00een piele \u0219i promoveaz\u0103 refacerea acesteia;<br \/>\n-extractul de centella asiatica calmeaza, pastreaza fermitatea si elasticitatea, intareste bariera protectoare;<br \/>\n-extractul de Baikal slomonitsa are un efect antioxidant puternic, protejeaz\u0103 pielea de efectele radicalilor liberi;<br \/>\n-extractul de fructe de dragon hr\u0103ne\u0219te, neteze\u0219te \u0219i lumineaz\u0103 pielea, \u00eei confer\u0103 o str\u0103lucire natural\u0103;<br \/>\n-extractul de ceai verde are efecte antiinflamatoare \u0219i antiseptice, elimin\u0103 ro\u0219ea\u021ba, reduce num\u0103rul de erup\u021bii cutanate;<br \/>\n-extractul de r\u0103d\u0103cin\u0103 de lemn dulce elimin\u0103 umflarea, str\u00e2nge, \u00eembun\u0103t\u0103\u021be\u0219te tenul;<br \/>\n-extractul de arpa\u0219 hidrateaz\u0103, catifeleaz\u0103 pielea, o face deosebit de moale la atingere;<br \/>\n-extract de rozmarin tonific\u0103, restabile\u0219te, favorizeaz\u0103 vindecarea microleziunilor;<br \/>\n-uleiul de macadamia restabileste echilibrul hidrolipidic, face pielea supla si elastica, reduce aspectul ridurilor;<br \/>\n-uleiul de spum\u0103 de lunc\u0103 elimin\u0103 instantaneu usc\u0103ciunea \u0219i descuamarea, men\u021bine pielea hidratat\u0103 la aspect \u0219i m\u0103t\u0103soas\u0103 la atingere pentru o lung\u0103 perioad\u0103 de timp;<br \/>\n-vitamina E neutralizeaza actiunea radicalilor liberi, previne imbatranirea prematura;<br \/>\n-sucul de aloe vera hidrateaz\u0103 profund \u0219i reface pielea, o satureaz\u0103 cu aminoacizi \u0219i vitamine;<br \/>\n-acidul lactic face pielea neted\u0103, datorit\u0103 efectului s\u0103u bl\u00e2nd keratolitic, \u00eembun\u0103t\u0103\u021be\u0219te culoarea \u0219i textura.<\/p>\n<p>Efect :<br \/>\n-eliminarea usc\u0103ciunii, peelingului, ro\u0219ea\u021b\u0103;<br \/>\n-\u00eembun\u0103t\u0103\u021birea vizibil\u0103 a tenului;<br \/>\n-netezirea, cre\u0219terea elasticit\u0103\u021bii.<\/p>\n<p>Compozitie : Aqua (apa), triglicerida caprylic\/capric, unt de Butyrospermum Parkii, alcool cetearilic, stearat de gliceril, stearat PEG-100, glicerina, uree, guma xantan, poliglicerina-6, propanediol, extract de frunze de centella asiatica, extract de scutellaria baiala, Extract de fructe de Hylocereus Undatus, Extract de frunze de Camellia Sinensis, Extract de r\u0103d\u0103cin\u0103 de Glycyrrhiza Glabra (lemn dulce), Extract de r\u0103d\u0103cin\u0103 de Berberis Vulgaris, Extract de frunze de Rosmarinus officinalis (Rozmarin), Ulei de semin\u021be de Macadamia Ternifolia, Limnanthes Alba (Meadowilce, D-Pheredilce, D-Pheredilce, D-Pheredilce) , Gel de Aloe Vera, Acid citric, Acid lactic, Poliacrilat-13, Poliizobuten\u0103, Polisorbat-20, Trietanolamin\u0103, Benzoat de sodiu, Sorbat de potasiu, Diazolidinil Uree, Metilparaben, Propilparaben, Propilen Glicol, Parfum.<\/p>\n","protected":false},"excerpt":{"rendered":"<p>Masca de noapte extrem de hidratant\u0103 pentru fa\u021b\u0103 hr\u0103ne\u0219te \u00een profunzime, neteze\u0219te, satureaz\u0103 pielea cu oxigen si hidratare pe timp de noapte. Dup\u0103 trezire, fa\u021ba arat\u0103 incredibil de moale \u0219i hidratat\u0103, tonul fe\u021bei este proasp\u0103t, tr\u0103s\u0103turile sunt relaxate, pielea este netezit\u0103.<\/p>\n","protected":false},"featured_media":84362,"template":"","meta":[],"product_brand":[],"product_cat":[100,103,96,92],"product_tag":[1354,1293,1294,708,1849],"class_list":{"0":"post-84361","1":"product","2":"type-product","3":"status-publish","4":"has-post-thumbnail","6":"product_cat-fata","7":"product_cat-face-mask","8":"product_cat-mrscrubber-md","9":"product_cat-toate-produsele","10":"product_tag-all-skin-types","11":"product_tag-face","12":"product_tag-mask","13":"product_tag-moisturizing","14":"product_tag-night","16":"first","17":"outofstock","18":"shipping-taxable","19":"purchasable","20":"product-type-simple"},"yoast_head":"<!-- This site is optimized with the Yoast SEO plugin v27.5 - https:\/\/yoast.com\/product\/yoast-seo-wordpress\/ -->\n<title>Extremely Moisturizing Night Face Mask Mr.SCRUBBER - HANNA ORGANIC<\/title>\n<meta name=\"robots\" content=\"index, follow, max-snippet:-1, max-image-preview:large, max-video-preview:-1\" \/>\n<link rel=\"canonical\" href=\"https:\/\/hannaorganic.md\/ru\/produs\/extremely-moisturizing-night-face-mask-mr-scrubber\/\" \/>\n<meta property=\"og:locale\" content=\"ru_RU\" \/>\n<meta property=\"og:type\" content=\"article\" \/>\n<meta property=\"og:title\" content=\"Extremely Moisturizing Night Face Mask Mr.SCRUBBER - HANNA ORGANIC\" \/>\n<meta property=\"og:description\" content=\"Masca de noapte extrem de hidratant\u0103 pentru fa\u021b\u0103 hr\u0103ne\u0219te \u00een profunzime, neteze\u0219te, satureaz\u0103 pielea cu oxigen si hidratare pe timp de noapte. Dup\u0103 trezire, fa\u021ba arat\u0103 incredibil de moale \u0219i hidratat\u0103, tonul fe\u021bei este proasp\u0103t, tr\u0103s\u0103turile sunt relaxate, pielea este netezit\u0103.\" \/>\n<meta property=\"og:url\" content=\"https:\/\/hannaorganic.md\/ru\/produs\/extremely-moisturizing-night-face-mask-mr-scrubber\/\" \/>\n<meta property=\"og:site_name\" content=\"HANNA ORGANIC\" \/>\n<meta property=\"article:publisher\" content=\"https:\/\/www.facebook.com\/bluemagic.md\/\" \/>\n<meta property=\"article:modified_time\" content=\"2025-10-04T13:20:00+00:00\" \/>\n<meta property=\"og:image\" content=\"https:\/\/hannaorganic.md\/wp-content\/uploads\/2024\/06\/IMG_5287.jpeg\" \/>\n\t<meta property=\"og:image:width\" content=\"827\" \/>\n\t<meta property=\"og:image:height\" content=\"1357\" \/>\n\t<meta property=\"og:image:type\" content=\"image\/jpeg\" \/>\n<meta name=\"twitter:card\" content=\"summary_large_image\" \/>\n<meta name=\"twitter:label1\" content=\"\u041f\u0440\u0438\u043c\u0435\u0440\u043d\u043e\u0435 \u0432\u0440\u0435\u043c\u044f \u0434\u043b\u044f \u0447\u0442\u0435\u043d\u0438\u044f\" \/>\n\t<meta name=\"twitter:data1\" content=\"2 \u043c\u0438\u043d\u0443\u0442\u044b\" \/>\n<script type=\"application\/ld+json\" class=\"yoast-schema-graph\">{\"@context\":\"https:\\\/\\\/schema.org\",\"@graph\":[{\"@type\":\"WebPage\",\"@id\":\"https:\\\/\\\/hannaorganic.md\\\/ru\\\/produs\\\/extremely-moisturizing-night-face-mask-mr-scrubber\\\/\",\"url\":\"https:\\\/\\\/hannaorganic.md\\\/ru\\\/produs\\\/extremely-moisturizing-night-face-mask-mr-scrubber\\\/\",\"name\":\"Extremely Moisturizing Night Face Mask Mr.SCRUBBER - HANNA ORGANIC\",\"isPartOf\":{\"@id\":\"https:\\\/\\\/hannaorganic.md\\\/ru\\\/#website\"},\"primaryImageOfPage\":{\"@id\":\"https:\\\/\\\/hannaorganic.md\\\/ru\\\/produs\\\/extremely-moisturizing-night-face-mask-mr-scrubber\\\/#primaryimage\"},\"image\":{\"@id\":\"https:\\\/\\\/hannaorganic.md\\\/ru\\\/produs\\\/extremely-moisturizing-night-face-mask-mr-scrubber\\\/#primaryimage\"},\"thumbnailUrl\":\"https:\\\/\\\/hannaorganic.md\\\/wp-content\\\/uploads\\\/2024\\\/06\\\/IMG_5287.jpeg\",\"datePublished\":\"2024-06-05T09:52:31+00:00\",\"dateModified\":\"2025-10-04T13:20:00+00:00\",\"breadcrumb\":{\"@id\":\"https:\\\/\\\/hannaorganic.md\\\/ru\\\/produs\\\/extremely-moisturizing-night-face-mask-mr-scrubber\\\/#breadcrumb\"},\"inLanguage\":\"ru-RU\",\"potentialAction\":[{\"@type\":\"ReadAction\",\"target\":[\"https:\\\/\\\/hannaorganic.md\\\/ru\\\/produs\\\/extremely-moisturizing-night-face-mask-mr-scrubber\\\/\"]}]},{\"@type\":\"ImageObject\",\"inLanguage\":\"ru-RU\",\"@id\":\"https:\\\/\\\/hannaorganic.md\\\/ru\\\/produs\\\/extremely-moisturizing-night-face-mask-mr-scrubber\\\/#primaryimage\",\"url\":\"https:\\\/\\\/hannaorganic.md\\\/wp-content\\\/uploads\\\/2024\\\/06\\\/IMG_5287.jpeg\",\"contentUrl\":\"https:\\\/\\\/hannaorganic.md\\\/wp-content\\\/uploads\\\/2024\\\/06\\\/IMG_5287.jpeg\",\"width\":827,\"height\":1357},{\"@type\":\"BreadcrumbList\",\"@id\":\"https:\\\/\\\/hannaorganic.md\\\/ru\\\/produs\\\/extremely-moisturizing-night-face-mask-mr-scrubber\\\/#breadcrumb\",\"itemListElement\":[{\"@type\":\"ListItem\",\"position\":1,\"name\":\"Prima pagin\u0103\",\"item\":\"https:\\\/\\\/hannaorganic.md\\\/ru\\\/hanna-organic\\\/\"},{\"@type\":\"ListItem\",\"position\":2,\"name\":\"\u041c\u0430\u0433\u0430\u0437\u0438\u043d\",\"item\":\"https:\\\/\\\/hannaorganic.md\\\/ru\\\/shop\\\/\"},{\"@type\":\"ListItem\",\"position\":3,\"name\":\"Extremely Moisturizing Night Face Mask Mr.SCRUBBER\"}]},{\"@type\":\"WebSite\",\"@id\":\"https:\\\/\\\/hannaorganic.md\\\/ru\\\/#website\",\"url\":\"https:\\\/\\\/hannaorganic.md\\\/ru\\\/\",\"name\":\"HANNA ORGANIC\",\"description\":\"Multi-Brand Cosmetic Store\",\"potentialAction\":[{\"@type\":\"SearchAction\",\"target\":{\"@type\":\"EntryPoint\",\"urlTemplate\":\"https:\\\/\\\/hannaorganic.md\\\/ru\\\/?s={search_term_string}\"},\"query-input\":{\"@type\":\"PropertyValueSpecification\",\"valueRequired\":true,\"valueName\":\"search_term_string\"}}],\"inLanguage\":\"ru-RU\"}]}<\/script>\n<!-- \/ Yoast SEO plugin. -->","yoast_head_json":{"title":"Extremely Moisturizing Night Face Mask Mr.SCRUBBER - HANNA ORGANIC","robots":{"index":"index","follow":"follow","max-snippet":"max-snippet:-1","max-image-preview":"max-image-preview:large","max-video-preview":"max-video-preview:-1"},"canonical":"https:\/\/hannaorganic.md\/ru\/produs\/extremely-moisturizing-night-face-mask-mr-scrubber\/","og_locale":"ru_RU","og_type":"article","og_title":"Extremely Moisturizing Night Face Mask Mr.SCRUBBER - HANNA ORGANIC","og_description":"Masca de noapte extrem de hidratant\u0103 pentru fa\u021b\u0103 hr\u0103ne\u0219te \u00een profunzime, neteze\u0219te, satureaz\u0103 pielea cu oxigen si hidratare pe timp de noapte. Dup\u0103 trezire, fa\u021ba arat\u0103 incredibil de moale \u0219i hidratat\u0103, tonul fe\u021bei este proasp\u0103t, tr\u0103s\u0103turile sunt relaxate, pielea este netezit\u0103.","og_url":"https:\/\/hannaorganic.md\/ru\/produs\/extremely-moisturizing-night-face-mask-mr-scrubber\/","og_site_name":"HANNA ORGANIC","article_publisher":"https:\/\/www.facebook.com\/bluemagic.md\/","article_modified_time":"2025-10-04T13:20:00+00:00","og_image":[{"width":827,"height":1357,"url":"https:\/\/hannaorganic.md\/wp-content\/uploads\/2024\/06\/IMG_5287.jpeg","type":"image\/jpeg"}],"twitter_card":"summary_large_image","twitter_misc":{"\u041f\u0440\u0438\u043c\u0435\u0440\u043d\u043e\u0435 \u0432\u0440\u0435\u043c\u044f \u0434\u043b\u044f \u0447\u0442\u0435\u043d\u0438\u044f":"2 \u043c\u0438\u043d\u0443\u0442\u044b"},"schema":{"@context":"https:\/\/schema.org","@graph":[{"@type":"WebPage","@id":"https:\/\/hannaorganic.md\/ru\/produs\/extremely-moisturizing-night-face-mask-mr-scrubber\/","url":"https:\/\/hannaorganic.md\/ru\/produs\/extremely-moisturizing-night-face-mask-mr-scrubber\/","name":"Extremely Moisturizing Night Face Mask Mr.SCRUBBER - HANNA ORGANIC","isPartOf":{"@id":"https:\/\/hannaorganic.md\/ru\/#website"},"primaryImageOfPage":{"@id":"https:\/\/hannaorganic.md\/ru\/produs\/extremely-moisturizing-night-face-mask-mr-scrubber\/#primaryimage"},"image":{"@id":"https:\/\/hannaorganic.md\/ru\/produs\/extremely-moisturizing-night-face-mask-mr-scrubber\/#primaryimage"},"thumbnailUrl":"https:\/\/hannaorganic.md\/wp-content\/uploads\/2024\/06\/IMG_5287.jpeg","datePublished":"2024-06-05T09:52:31+00:00","dateModified":"2025-10-04T13:20:00+00:00","breadcrumb":{"@id":"https:\/\/hannaorganic.md\/ru\/produs\/extremely-moisturizing-night-face-mask-mr-scrubber\/#breadcrumb"},"inLanguage":"ru-RU","potentialAction":[{"@type":"ReadAction","target":["https:\/\/hannaorganic.md\/ru\/produs\/extremely-moisturizing-night-face-mask-mr-scrubber\/"]}]},{"@type":"ImageObject","inLanguage":"ru-RU","@id":"https:\/\/hannaorganic.md\/ru\/produs\/extremely-moisturizing-night-face-mask-mr-scrubber\/#primaryimage","url":"https:\/\/hannaorganic.md\/wp-content\/uploads\/2024\/06\/IMG_5287.jpeg","contentUrl":"https:\/\/hannaorganic.md\/wp-content\/uploads\/2024\/06\/IMG_5287.jpeg","width":827,"height":1357},{"@type":"BreadcrumbList","@id":"https:\/\/hannaorganic.md\/ru\/produs\/extremely-moisturizing-night-face-mask-mr-scrubber\/#breadcrumb","itemListElement":[{"@type":"ListItem","position":1,"name":"Prima pagin\u0103","item":"https:\/\/hannaorganic.md\/ru\/hanna-organic\/"},{"@type":"ListItem","position":2,"name":"\u041c\u0430\u0433\u0430\u0437\u0438\u043d","item":"https:\/\/hannaorganic.md\/ru\/shop\/"},{"@type":"ListItem","position":3,"name":"Extremely Moisturizing Night Face Mask Mr.SCRUBBER"}]},{"@type":"WebSite","@id":"https:\/\/hannaorganic.md\/ru\/#website","url":"https:\/\/hannaorganic.md\/ru\/","name":"HANNA ORGANIC","description":"Multi-Brand Cosmetic Store","potentialAction":[{"@type":"SearchAction","target":{"@type":"EntryPoint","urlTemplate":"https:\/\/hannaorganic.md\/ru\/?s={search_term_string}"},"query-input":{"@type":"PropertyValueSpecification","valueRequired":true,"valueName":"search_term_string"}}],"inLanguage":"ru-RU"}]}},"_links":{"self":[{"href":"https:\/\/hannaorganic.md\/ru\/wp-json\/wp\/v2\/product\/84361","targetHints":{"allow":["GET"]}}],"collection":[{"href":"https:\/\/hannaorganic.md\/ru\/wp-json\/wp\/v2\/product"}],"about":[{"href":"https:\/\/hannaorganic.md\/ru\/wp-json\/wp\/v2\/types\/product"}],"wp:featuredmedia":[{"embeddable":true,"href":"https:\/\/hannaorganic.md\/ru\/wp-json\/wp\/v2\/media\/84362"}],"wp:attachment":[{"href":"https:\/\/hannaorganic.md\/ru\/wp-json\/wp\/v2\/media?parent=84361"}],"wp:term":[{"taxonomy":"product_brand","embeddable":true,"href":"https:\/\/hannaorganic.md\/ru\/wp-json\/wp\/v2\/product_brand?post=84361"},{"taxonomy":"product_cat","embeddable":true,"href":"https:\/\/hannaorganic.md\/ru\/wp-json\/wp\/v2\/product_cat?post=84361"},{"taxonomy":"product_tag","embeddable":true,"href":"https:\/\/hannaorganic.md\/ru\/wp-json\/wp\/v2\/product_tag?post=84361"}],"curies":[{"name":"wp","href":"https:\/\/api.w.org\/{rel}","templated":true}]}}