{"id":84368,"date":"2024-06-05T12:07:33","date_gmt":"2024-06-05T10:07:33","guid":{"rendered":"https:\/\/hannaorganic.md\/?post_type=product&#038;p=84368"},"modified":"2026-04-18T12:44:26","modified_gmt":"2026-04-18T10:44:26","slug":"intense-repair-night-elixir-mr-scrubber","status":"publish","type":"product","link":"https:\/\/hannaorganic.md\/ru\/produs\/intense-repair-night-elixir-mr-scrubber\/","title":{"rendered":"Intense Repair Night Elixir Mr.SCRUBBER"},"content":{"rendered":"<p>Cum func\u021bioneaz\u0103 :<br \/>\n-glicerina hidrateaz\u0103 eficient pielea, previne evaporarea umezelii \u00een timpul zilei;<br \/>\n-uleiul de s\u00e2mburi de caise neteze\u0219te \u0219i red\u0103 elasticitatea pielii, previne \u00eemb\u0103tr\u00e2nirea prematur\u0103, \u00eembun\u0103t\u0103\u021be\u0219te tenul;<br \/>\n-extractul de centella asiatica calmeaza, reface si intareste bariera protectoare;<br \/>\n-extractul de Baikal slomonitsa are un efect antioxidant puternic, protejeaz\u0103 pielea de efectele radicalilor liberi;<br \/>\n-extractul de fructe de dragon hr\u0103ne\u0219te, neteze\u0219te \u0219i lumineaz\u0103 pielea, \u00eei confer\u0103 o str\u0103lucire natural\u0103;<br \/>\n-extractul de ceai verde are efecte antiinflamatoare \u0219i antiseptice, elimin\u0103 ro\u0219ea\u021ba, reduce num\u0103rul de erup\u021bii cutanate;<br \/>\n-extractul de r\u0103d\u0103cin\u0103 de lemn dulce elimin\u0103 umflarea, str\u00e2nge, \u00eembun\u0103t\u0103\u021be\u0219te tenul;<br \/>\n-extractul de arpa\u0219 hidrateaz\u0103, catifeleaz\u0103 pielea, o face deosebit de moale la atingere;<br \/>\n-extract de rozmarin tonific\u0103, restabile\u0219te, favorizeaz\u0103 vindecarea microleziunilor;<br \/>\n-fitosterolii uleiului de krambe \u00eembun\u0103t\u0103\u021besc textura pielii, o fac catifelat\u0103 la atingere, \u00eent\u0103resc bariera protectoare \u0219i protejeaz\u0103 \u00eempotriva influen\u021belor externe d\u0103un\u0103toare;<br \/>\n-acidul hialuronic hidrateaz\u0103 profund, neteze\u0219te, \u00eembun\u0103t\u0103\u021be\u0219te fermitatea \u0219i elasticitatea;<br \/>\n-squalanul are un efect pronun\u021bat calmant \u0219i antiinflamator, protejeaz\u0103 \u00eempotriva efectelor nocive ale mediului extern;<br \/>\n-uleiul de alune reduce manifest\u0103rile externe ale cuperozei, hr\u0103ne\u0219te \u0219i \u00eent\u0103re\u0219te pielea;<br \/>\n-coniac manan satureaz\u0103 derma cu umiditate, \u00eel \u00eent\u0103re\u0219te, ofer\u0103 lifting natural;<br \/>\n-ureea formeaz\u0103 o pelicul\u0103 permeabil\u0103 la aer la suprafa\u021b\u0103, hidrateaz\u0103 \u0219i \u00eent\u0103re\u0219te, p\u0103trunde ad\u00e2nc \u00een piele \u0219i promoveaz\u0103 refacerea acesteia;<br \/>\n-alantoina calmeaz\u0103, catifeleaz\u0103, previne uscarea \u0219i exfolierea;<br \/>\n-acidul lactic face pielea neted\u0103, datorit\u0103 efectului s\u0103u bl\u00e2nd keratolitic, \u00eembun\u0103t\u0103\u021be\u0219te culoarea \u0219i textura.<\/p>\n<p>Efect :<br \/>\n-netezire vizibil\u0103, satura\u021bie cu componente utile;<br \/>\n-\u00eembun\u0103t\u0103\u021birea culorii \u0219i texturii;<br \/>\n-consolidarea protec\u021biei naturale;<br \/>\n-cresterea elasticitatii si elasticitatii.<\/p>\n<p>Compozitie : Aqua (apa), glicerina, propilenglicol, PEG-400, pentilen glicol, ulei de miez de Prunus Armeniaca, poliglicerina-6, propanediol, extract de frunze de Centella Asiatica, extract de radacina de scutellaria baicalensis, extract de fructe de Hylocereus Undatus, extract de camelia sinensis Extract de r\u0103d\u0103cin\u0103 de Glycyrrhiza Glabra (lemn dulce), extract de r\u0103d\u0103cin\u0103 de Berberis Vulgaris, extract de frunze de Rosmarinus officinalis (rozmarin), ulei de semin\u021be de Crambe Abyssinica, fitosteroli, alcool oleilic, hialuronat de sodiu, scualan, Corylus Avellaphophala (Hazellus Avellat) , alantoin\u0103, alcool cetearilic, cetearil glucozid\u0103, acriloildimetiltaurat de amoniu\/copolimer VP, acetat de tocoferil, acid lactic, diazolidinil uree, metilparaben, propilparaben, propilen glicol, parfum.<\/p>\n<p>&nbsp;<\/p>\n<p>Mod de utilizare : Aplicati cateva picaturi de produs in fiecare zi, seara, pe pielea bine curatata a fetei si gatului inainte sau in locul cremei hidratante. Evita contactul cu ochii. \u00cen caz de contact cu ochii, sp\u0103la\u021bi-i cu mult\u0103 ap\u0103, dac\u0103 este necesar consulta\u021bi un medic.<br \/>\nVolum : 30 ml 1,01 fl oz<br \/>\nV\u00e2rsta : 18+<\/p>\n<p>&nbsp;<\/p>\n","protected":false},"excerpt":{"rendered":"<p>Serum-elixirul de noapte satureaz\u0103, neteze\u0219te, \u00eembun\u0103t\u0103\u021be\u0219te culoarea \u0219i microrelieful fe\u021bei, previne \u00eemb\u0103tr\u00e2nirea prematur\u0103, elimin\u0103 peelingul \u0219i disconfortul.<\/p>\n","protected":false},"featured_media":84369,"template":"","meta":[],"product_brand":[],"product_cat":[100,96,109,92],"product_tag":[1354,1850,1851,708,1849,1852,990],"class_list":{"0":"post-84368","1":"product","2":"type-product","3":"status-publish","4":"has-post-thumbnail","6":"product_cat-fata","7":"product_cat-mrscrubber-md","8":"product_cat-serum","9":"product_cat-toate-produsele","10":"product_tag-all-skin-types","11":"product_tag-elixir","12":"product_tag-intense","13":"product_tag-moisturizing","14":"product_tag-night","15":"product_tag-repair","16":"product_tag-serum","18":"first","19":"outofstock","20":"shipping-taxable","21":"purchasable","22":"product-type-simple"},"yoast_head":"<!-- This site is optimized with the Yoast SEO plugin v27.5 - https:\/\/yoast.com\/product\/yoast-seo-wordpress\/ -->\n<title>Intense Repair Night Elixir Mr.SCRUBBER - HANNA ORGANIC<\/title>\n<meta name=\"robots\" content=\"index, follow, max-snippet:-1, max-image-preview:large, max-video-preview:-1\" \/>\n<link rel=\"canonical\" href=\"https:\/\/hannaorganic.md\/ru\/produs\/intense-repair-night-elixir-mr-scrubber\/\" \/>\n<meta property=\"og:locale\" content=\"ru_RU\" \/>\n<meta property=\"og:type\" content=\"article\" \/>\n<meta property=\"og:title\" content=\"Intense Repair Night Elixir Mr.SCRUBBER - HANNA ORGANIC\" \/>\n<meta property=\"og:description\" content=\"Serum-elixirul de noapte satureaz\u0103, neteze\u0219te, \u00eembun\u0103t\u0103\u021be\u0219te culoarea \u0219i microrelieful fe\u021bei, previne \u00eemb\u0103tr\u00e2nirea prematur\u0103, elimin\u0103 peelingul \u0219i disconfortul.\" \/>\n<meta property=\"og:url\" content=\"https:\/\/hannaorganic.md\/ru\/produs\/intense-repair-night-elixir-mr-scrubber\/\" \/>\n<meta property=\"og:site_name\" content=\"HANNA ORGANIC\" \/>\n<meta property=\"article:publisher\" content=\"https:\/\/www.facebook.com\/bluemagic.md\/\" \/>\n<meta property=\"article:modified_time\" content=\"2026-04-18T10:44:26+00:00\" \/>\n<meta property=\"og:image\" content=\"https:\/\/hannaorganic.md\/wp-content\/uploads\/2024\/06\/IMG_5286.jpeg\" \/>\n\t<meta property=\"og:image:width\" content=\"828\" \/>\n\t<meta property=\"og:image:height\" content=\"1357\" \/>\n\t<meta property=\"og:image:type\" content=\"image\/jpeg\" \/>\n<meta name=\"twitter:card\" content=\"summary_large_image\" \/>\n<meta name=\"twitter:label1\" content=\"\u041f\u0440\u0438\u043c\u0435\u0440\u043d\u043e\u0435 \u0432\u0440\u0435\u043c\u044f \u0434\u043b\u044f \u0447\u0442\u0435\u043d\u0438\u044f\" \/>\n\t<meta name=\"twitter:data1\" content=\"3 \u043c\u0438\u043d\u0443\u0442\u044b\" \/>\n<script type=\"application\/ld+json\" class=\"yoast-schema-graph\">{\"@context\":\"https:\\\/\\\/schema.org\",\"@graph\":[{\"@type\":\"WebPage\",\"@id\":\"https:\\\/\\\/hannaorganic.md\\\/ru\\\/produs\\\/intense-repair-night-elixir-mr-scrubber\\\/\",\"url\":\"https:\\\/\\\/hannaorganic.md\\\/ru\\\/produs\\\/intense-repair-night-elixir-mr-scrubber\\\/\",\"name\":\"Intense Repair Night Elixir Mr.SCRUBBER - HANNA ORGANIC\",\"isPartOf\":{\"@id\":\"https:\\\/\\\/hannaorganic.md\\\/ru\\\/#website\"},\"primaryImageOfPage\":{\"@id\":\"https:\\\/\\\/hannaorganic.md\\\/ru\\\/produs\\\/intense-repair-night-elixir-mr-scrubber\\\/#primaryimage\"},\"image\":{\"@id\":\"https:\\\/\\\/hannaorganic.md\\\/ru\\\/produs\\\/intense-repair-night-elixir-mr-scrubber\\\/#primaryimage\"},\"thumbnailUrl\":\"https:\\\/\\\/hannaorganic.md\\\/wp-content\\\/uploads\\\/2024\\\/06\\\/IMG_5286.jpeg\",\"datePublished\":\"2024-06-05T10:07:33+00:00\",\"dateModified\":\"2026-04-18T10:44:26+00:00\",\"breadcrumb\":{\"@id\":\"https:\\\/\\\/hannaorganic.md\\\/ru\\\/produs\\\/intense-repair-night-elixir-mr-scrubber\\\/#breadcrumb\"},\"inLanguage\":\"ru-RU\",\"potentialAction\":[{\"@type\":\"ReadAction\",\"target\":[\"https:\\\/\\\/hannaorganic.md\\\/ru\\\/produs\\\/intense-repair-night-elixir-mr-scrubber\\\/\"]}]},{\"@type\":\"ImageObject\",\"inLanguage\":\"ru-RU\",\"@id\":\"https:\\\/\\\/hannaorganic.md\\\/ru\\\/produs\\\/intense-repair-night-elixir-mr-scrubber\\\/#primaryimage\",\"url\":\"https:\\\/\\\/hannaorganic.md\\\/wp-content\\\/uploads\\\/2024\\\/06\\\/IMG_5286.jpeg\",\"contentUrl\":\"https:\\\/\\\/hannaorganic.md\\\/wp-content\\\/uploads\\\/2024\\\/06\\\/IMG_5286.jpeg\",\"width\":828,\"height\":1357},{\"@type\":\"BreadcrumbList\",\"@id\":\"https:\\\/\\\/hannaorganic.md\\\/ru\\\/produs\\\/intense-repair-night-elixir-mr-scrubber\\\/#breadcrumb\",\"itemListElement\":[{\"@type\":\"ListItem\",\"position\":1,\"name\":\"Prima pagin\u0103\",\"item\":\"https:\\\/\\\/hannaorganic.md\\\/ru\\\/hanna-organic\\\/\"},{\"@type\":\"ListItem\",\"position\":2,\"name\":\"\u041c\u0430\u0433\u0430\u0437\u0438\u043d\",\"item\":\"https:\\\/\\\/hannaorganic.md\\\/ru\\\/shop\\\/\"},{\"@type\":\"ListItem\",\"position\":3,\"name\":\"Intense Repair Night Elixir Mr.SCRUBBER\"}]},{\"@type\":\"WebSite\",\"@id\":\"https:\\\/\\\/hannaorganic.md\\\/ru\\\/#website\",\"url\":\"https:\\\/\\\/hannaorganic.md\\\/ru\\\/\",\"name\":\"HANNA ORGANIC\",\"description\":\"Multi-Brand Cosmetic Store\",\"potentialAction\":[{\"@type\":\"SearchAction\",\"target\":{\"@type\":\"EntryPoint\",\"urlTemplate\":\"https:\\\/\\\/hannaorganic.md\\\/ru\\\/?s={search_term_string}\"},\"query-input\":{\"@type\":\"PropertyValueSpecification\",\"valueRequired\":true,\"valueName\":\"search_term_string\"}}],\"inLanguage\":\"ru-RU\"}]}<\/script>\n<!-- \/ Yoast SEO plugin. -->","yoast_head_json":{"title":"Intense Repair Night Elixir Mr.SCRUBBER - HANNA ORGANIC","robots":{"index":"index","follow":"follow","max-snippet":"max-snippet:-1","max-image-preview":"max-image-preview:large","max-video-preview":"max-video-preview:-1"},"canonical":"https:\/\/hannaorganic.md\/ru\/produs\/intense-repair-night-elixir-mr-scrubber\/","og_locale":"ru_RU","og_type":"article","og_title":"Intense Repair Night Elixir Mr.SCRUBBER - HANNA ORGANIC","og_description":"Serum-elixirul de noapte satureaz\u0103, neteze\u0219te, \u00eembun\u0103t\u0103\u021be\u0219te culoarea \u0219i microrelieful fe\u021bei, previne \u00eemb\u0103tr\u00e2nirea prematur\u0103, elimin\u0103 peelingul \u0219i disconfortul.","og_url":"https:\/\/hannaorganic.md\/ru\/produs\/intense-repair-night-elixir-mr-scrubber\/","og_site_name":"HANNA ORGANIC","article_publisher":"https:\/\/www.facebook.com\/bluemagic.md\/","article_modified_time":"2026-04-18T10:44:26+00:00","og_image":[{"width":828,"height":1357,"url":"https:\/\/hannaorganic.md\/wp-content\/uploads\/2024\/06\/IMG_5286.jpeg","type":"image\/jpeg"}],"twitter_card":"summary_large_image","twitter_misc":{"\u041f\u0440\u0438\u043c\u0435\u0440\u043d\u043e\u0435 \u0432\u0440\u0435\u043c\u044f \u0434\u043b\u044f \u0447\u0442\u0435\u043d\u0438\u044f":"3 \u043c\u0438\u043d\u0443\u0442\u044b"},"schema":{"@context":"https:\/\/schema.org","@graph":[{"@type":"WebPage","@id":"https:\/\/hannaorganic.md\/ru\/produs\/intense-repair-night-elixir-mr-scrubber\/","url":"https:\/\/hannaorganic.md\/ru\/produs\/intense-repair-night-elixir-mr-scrubber\/","name":"Intense Repair Night Elixir Mr.SCRUBBER - HANNA ORGANIC","isPartOf":{"@id":"https:\/\/hannaorganic.md\/ru\/#website"},"primaryImageOfPage":{"@id":"https:\/\/hannaorganic.md\/ru\/produs\/intense-repair-night-elixir-mr-scrubber\/#primaryimage"},"image":{"@id":"https:\/\/hannaorganic.md\/ru\/produs\/intense-repair-night-elixir-mr-scrubber\/#primaryimage"},"thumbnailUrl":"https:\/\/hannaorganic.md\/wp-content\/uploads\/2024\/06\/IMG_5286.jpeg","datePublished":"2024-06-05T10:07:33+00:00","dateModified":"2026-04-18T10:44:26+00:00","breadcrumb":{"@id":"https:\/\/hannaorganic.md\/ru\/produs\/intense-repair-night-elixir-mr-scrubber\/#breadcrumb"},"inLanguage":"ru-RU","potentialAction":[{"@type":"ReadAction","target":["https:\/\/hannaorganic.md\/ru\/produs\/intense-repair-night-elixir-mr-scrubber\/"]}]},{"@type":"ImageObject","inLanguage":"ru-RU","@id":"https:\/\/hannaorganic.md\/ru\/produs\/intense-repair-night-elixir-mr-scrubber\/#primaryimage","url":"https:\/\/hannaorganic.md\/wp-content\/uploads\/2024\/06\/IMG_5286.jpeg","contentUrl":"https:\/\/hannaorganic.md\/wp-content\/uploads\/2024\/06\/IMG_5286.jpeg","width":828,"height":1357},{"@type":"BreadcrumbList","@id":"https:\/\/hannaorganic.md\/ru\/produs\/intense-repair-night-elixir-mr-scrubber\/#breadcrumb","itemListElement":[{"@type":"ListItem","position":1,"name":"Prima pagin\u0103","item":"https:\/\/hannaorganic.md\/ru\/hanna-organic\/"},{"@type":"ListItem","position":2,"name":"\u041c\u0430\u0433\u0430\u0437\u0438\u043d","item":"https:\/\/hannaorganic.md\/ru\/shop\/"},{"@type":"ListItem","position":3,"name":"Intense Repair Night Elixir Mr.SCRUBBER"}]},{"@type":"WebSite","@id":"https:\/\/hannaorganic.md\/ru\/#website","url":"https:\/\/hannaorganic.md\/ru\/","name":"HANNA ORGANIC","description":"Multi-Brand Cosmetic Store","potentialAction":[{"@type":"SearchAction","target":{"@type":"EntryPoint","urlTemplate":"https:\/\/hannaorganic.md\/ru\/?s={search_term_string}"},"query-input":{"@type":"PropertyValueSpecification","valueRequired":true,"valueName":"search_term_string"}}],"inLanguage":"ru-RU"}]}},"_links":{"self":[{"href":"https:\/\/hannaorganic.md\/ru\/wp-json\/wp\/v2\/product\/84368","targetHints":{"allow":["GET"]}}],"collection":[{"href":"https:\/\/hannaorganic.md\/ru\/wp-json\/wp\/v2\/product"}],"about":[{"href":"https:\/\/hannaorganic.md\/ru\/wp-json\/wp\/v2\/types\/product"}],"wp:featuredmedia":[{"embeddable":true,"href":"https:\/\/hannaorganic.md\/ru\/wp-json\/wp\/v2\/media\/84369"}],"wp:attachment":[{"href":"https:\/\/hannaorganic.md\/ru\/wp-json\/wp\/v2\/media?parent=84368"}],"wp:term":[{"taxonomy":"product_brand","embeddable":true,"href":"https:\/\/hannaorganic.md\/ru\/wp-json\/wp\/v2\/product_brand?post=84368"},{"taxonomy":"product_cat","embeddable":true,"href":"https:\/\/hannaorganic.md\/ru\/wp-json\/wp\/v2\/product_cat?post=84368"},{"taxonomy":"product_tag","embeddable":true,"href":"https:\/\/hannaorganic.md\/ru\/wp-json\/wp\/v2\/product_tag?post=84368"}],"curies":[{"name":"wp","href":"https:\/\/api.w.org\/{rel}","templated":true}]}}