{"id":84433,"date":"2024-10-31T14:58:14","date_gmt":"2024-10-31T12:58:14","guid":{"rendered":"https:\/\/hannaorganic.md\/?post_type=product&#038;p=84433"},"modified":"2025-07-31T13:18:44","modified_gmt":"2025-07-31T11:18:44","slug":"instant-cooling-green-tea-mask-mr-scrubber","status":"publish","type":"product","link":"https:\/\/hannaorganic.md\/ru\/produs\/instant-cooling-green-tea-mask-mr-scrubber\/","title":{"rendered":"Instant Cooling Green Tea Mask Mr.SCRUBBER"},"content":{"rendered":"<p>Cum func\u021bioneaz\u0103 :<\/p>\n<p>-extractul de ceai verde calmeaz\u0103, reface, \u00eent\u0103re\u0219te propriet\u0103\u021bile protectoare ale pielii, \u00eei p\u0103streaz\u0103 prospe\u021bimea \u0219i tinere\u021bea;<br \/>\n-caolinul cur\u0103\u021b\u0103 pielea de impurit\u0103\u021bi, umple derma cu minerale \u0219i vitamine, accelereaz\u0103 metabolismul, regleaz\u0103 secre\u021bia glandelor sebacee;<br \/>\n-uleiul de shea hidrateaz\u0103 profund \u0219i catifeleaz\u0103 pielea, stimuleaz\u0103 sinteza colagenului, cre\u0219te tonusul \u0219i elasticitatea, \u00eembun\u0103t\u0103\u021be\u0219te tenul;<br \/>\n-uleiul de m\u0103sline hr\u0103ne\u0219te, hidrateaz\u0103 \u0219i catifeleaz\u0103;<br \/>\n-betain\u0103 calmeaz\u0103, elimin\u0103 ro\u0219ea\u021ba \u0219i normalizeaz\u0103 echilibrul hidrolipidic.<\/p>\n<p>Efect :<br \/>\n-prospe\u021bime, eliminarea edemului;<br \/>\n-elasticitate, ten \u00eembun\u0103t\u0103\u021bit;<br \/>\n-senza\u021bii pl\u0103cute de r\u0103coare \u0219i cur\u0103\u021benie.<\/p>\n<p>Compozitie : Aqua (apa), caolin, unt de Butyrospermum Parkii, alcool arachidilic, alcool behenilic, glucozid arahidil, propilenglicol, dioxid de titan, esteri PEG-8 din ulei de masline, betain\u0103, lactat de mentil, camelia sinensis (extract de frunze de ceai verde, sodiu) Poliacrilat, metilcloroizotiazolinon\u0103, metilizotiazolinon\u0103, parfum.<\/p>\n<p>Mod de utilizare : aplicati un strat gros pe pielea curatata a fetei si a decolteului, evitand zona din jurul ochilor si buzelor. L\u0103sa\u021bi masca s\u0103 ac\u021bioneze timp de 10 minute, cl\u0103ti\u021bi cu ap\u0103 cald\u0103. La 30 de secunde dup\u0103 aplicare, masca \u00eencepe s\u0103 r\u0103ceasc\u0103 intens pielea. Dup\u0103 sp\u0103lare, efectul de r\u0103cire persist\u0103 o perioad\u0103 de timp. Utiliza\u021bi de dou\u0103 ori pe s\u0103pt\u0103m\u00e2n\u0103. \u00cenainte de utilizare, cheltui\u021bi pe sensibilitatea \u00eencheieturii m\u00e2inii.<\/p>\n<p>Contraindica\u021bii : sensibilitate individual\u0103 la componentele produsului. Evita\u021bi contactul cu ochii. \u00cen caz de contact cu ochii, cl\u0103ti\u021bi imediat cu ap\u0103, dac\u0103 este necesar consulta\u021bi un medic.<\/p>\n<p>Volum : 250 ml<\/p>\n","protected":false},"excerpt":{"rendered":"<p>Masc\u0103 de fa\u021b\u0103 r\u0103coritoare Instant Cooling Green Tea Mask cu extract de ceai verde str\u00e2nge vizual, neteze\u0219te, \u00eembun\u0103t\u0103\u021be\u0219te culoarea \u0219i textura fe\u021bei, \u00eemprosp\u0103teaz\u0103 instantaneu, \u00eent\u0103re\u0219te \u0219i elimin\u0103 umflarea. Are o textura cremoasa delicata, nu se usuca in timpul utilizarii, se aplica si se spala usor.<\/p>\n","protected":false},"featured_media":84435,"template":"","meta":[],"product_brand":[],"product_cat":[100,103,96,92],"product_tag":[1853,1293,1854,1421,1294,575,1076,1551],"class_list":{"0":"post-84433","1":"product","2":"type-product","3":"status-publish","4":"has-post-thumbnail","6":"product_cat-fata","7":"product_cat-face-mask","8":"product_cat-mrscrubber-md","9":"product_cat-toate-produsele","10":"product_tag-cooling","11":"product_tag-face","12":"product_tag-face-care","13":"product_tag-green-tea","14":"product_tag-mask","15":"product_tag-mr-scrubber","16":"product_tag-oily-skin","17":"product_tag-routine","19":"first","20":"instock","21":"shipping-taxable","22":"purchasable","23":"product-type-simple"},"yoast_head":"<!-- This site is optimized with the Yoast SEO plugin v27.5 - https:\/\/yoast.com\/product\/yoast-seo-wordpress\/ -->\n<title>Instant Cooling Green Tea Mask Mr.SCRUBBER - HANNA ORGANIC<\/title>\n<meta name=\"robots\" content=\"index, follow, max-snippet:-1, max-image-preview:large, max-video-preview:-1\" \/>\n<link rel=\"canonical\" href=\"https:\/\/hannaorganic.md\/ru\/produs\/instant-cooling-green-tea-mask-mr-scrubber\/\" \/>\n<meta property=\"og:locale\" content=\"ru_RU\" \/>\n<meta property=\"og:type\" content=\"article\" \/>\n<meta property=\"og:title\" content=\"Instant Cooling Green Tea Mask Mr.SCRUBBER - HANNA ORGANIC\" \/>\n<meta property=\"og:description\" content=\"Masc\u0103 de fa\u021b\u0103 r\u0103coritoare Instant Cooling Green Tea Mask cu extract de ceai verde str\u00e2nge vizual, neteze\u0219te, \u00eembun\u0103t\u0103\u021be\u0219te culoarea \u0219i textura fe\u021bei, \u00eemprosp\u0103teaz\u0103 instantaneu, \u00eent\u0103re\u0219te \u0219i elimin\u0103 umflarea. Are o textura cremoasa delicata, nu se usuca in timpul utilizarii, se aplica si se spala usor.\" \/>\n<meta property=\"og:url\" content=\"https:\/\/hannaorganic.md\/ru\/produs\/instant-cooling-green-tea-mask-mr-scrubber\/\" \/>\n<meta property=\"og:site_name\" content=\"HANNA ORGANIC\" \/>\n<meta property=\"article:publisher\" content=\"https:\/\/www.facebook.com\/bluemagic.md\/\" \/>\n<meta property=\"article:modified_time\" content=\"2025-07-31T11:18:44+00:00\" \/>\n<meta property=\"og:image\" content=\"https:\/\/hannaorganic.md\/wp-content\/uploads\/2024\/10\/IMG_1690.jpeg\" \/>\n\t<meta property=\"og:image:width\" content=\"1178\" \/>\n\t<meta property=\"og:image:height\" content=\"1101\" \/>\n\t<meta property=\"og:image:type\" content=\"image\/jpeg\" \/>\n<meta name=\"twitter:card\" content=\"summary_large_image\" \/>\n<meta name=\"twitter:label1\" content=\"\u041f\u0440\u0438\u043c\u0435\u0440\u043d\u043e\u0435 \u0432\u0440\u0435\u043c\u044f \u0434\u043b\u044f \u0447\u0442\u0435\u043d\u0438\u044f\" \/>\n\t<meta name=\"twitter:data1\" content=\"2 \u043c\u0438\u043d\u0443\u0442\u044b\" \/>\n<script type=\"application\/ld+json\" class=\"yoast-schema-graph\">{\"@context\":\"https:\\\/\\\/schema.org\",\"@graph\":[{\"@type\":\"WebPage\",\"@id\":\"https:\\\/\\\/hannaorganic.md\\\/ru\\\/produs\\\/instant-cooling-green-tea-mask-mr-scrubber\\\/\",\"url\":\"https:\\\/\\\/hannaorganic.md\\\/ru\\\/produs\\\/instant-cooling-green-tea-mask-mr-scrubber\\\/\",\"name\":\"Instant Cooling Green Tea Mask Mr.SCRUBBER - HANNA ORGANIC\",\"isPartOf\":{\"@id\":\"https:\\\/\\\/hannaorganic.md\\\/ru\\\/#website\"},\"primaryImageOfPage\":{\"@id\":\"https:\\\/\\\/hannaorganic.md\\\/ru\\\/produs\\\/instant-cooling-green-tea-mask-mr-scrubber\\\/#primaryimage\"},\"image\":{\"@id\":\"https:\\\/\\\/hannaorganic.md\\\/ru\\\/produs\\\/instant-cooling-green-tea-mask-mr-scrubber\\\/#primaryimage\"},\"thumbnailUrl\":\"https:\\\/\\\/hannaorganic.md\\\/wp-content\\\/uploads\\\/2024\\\/10\\\/IMG_1690.jpeg\",\"datePublished\":\"2024-10-31T12:58:14+00:00\",\"dateModified\":\"2025-07-31T11:18:44+00:00\",\"breadcrumb\":{\"@id\":\"https:\\\/\\\/hannaorganic.md\\\/ru\\\/produs\\\/instant-cooling-green-tea-mask-mr-scrubber\\\/#breadcrumb\"},\"inLanguage\":\"ru-RU\",\"potentialAction\":[{\"@type\":\"ReadAction\",\"target\":[\"https:\\\/\\\/hannaorganic.md\\\/ru\\\/produs\\\/instant-cooling-green-tea-mask-mr-scrubber\\\/\"]}]},{\"@type\":\"ImageObject\",\"inLanguage\":\"ru-RU\",\"@id\":\"https:\\\/\\\/hannaorganic.md\\\/ru\\\/produs\\\/instant-cooling-green-tea-mask-mr-scrubber\\\/#primaryimage\",\"url\":\"https:\\\/\\\/hannaorganic.md\\\/wp-content\\\/uploads\\\/2024\\\/10\\\/IMG_1690.jpeg\",\"contentUrl\":\"https:\\\/\\\/hannaorganic.md\\\/wp-content\\\/uploads\\\/2024\\\/10\\\/IMG_1690.jpeg\",\"width\":1178,\"height\":1101},{\"@type\":\"BreadcrumbList\",\"@id\":\"https:\\\/\\\/hannaorganic.md\\\/ru\\\/produs\\\/instant-cooling-green-tea-mask-mr-scrubber\\\/#breadcrumb\",\"itemListElement\":[{\"@type\":\"ListItem\",\"position\":1,\"name\":\"Prima pagin\u0103\",\"item\":\"https:\\\/\\\/hannaorganic.md\\\/ru\\\/hanna-organic\\\/\"},{\"@type\":\"ListItem\",\"position\":2,\"name\":\"\u041c\u0430\u0433\u0430\u0437\u0438\u043d\",\"item\":\"https:\\\/\\\/hannaorganic.md\\\/ru\\\/shop\\\/\"},{\"@type\":\"ListItem\",\"position\":3,\"name\":\"Instant Cooling Green Tea Mask Mr.SCRUBBER\"}]},{\"@type\":\"WebSite\",\"@id\":\"https:\\\/\\\/hannaorganic.md\\\/ru\\\/#website\",\"url\":\"https:\\\/\\\/hannaorganic.md\\\/ru\\\/\",\"name\":\"HANNA ORGANIC\",\"description\":\"Multi-Brand Cosmetic Store\",\"potentialAction\":[{\"@type\":\"SearchAction\",\"target\":{\"@type\":\"EntryPoint\",\"urlTemplate\":\"https:\\\/\\\/hannaorganic.md\\\/ru\\\/?s={search_term_string}\"},\"query-input\":{\"@type\":\"PropertyValueSpecification\",\"valueRequired\":true,\"valueName\":\"search_term_string\"}}],\"inLanguage\":\"ru-RU\"}]}<\/script>\n<!-- \/ Yoast SEO plugin. -->","yoast_head_json":{"title":"Instant Cooling Green Tea Mask Mr.SCRUBBER - HANNA ORGANIC","robots":{"index":"index","follow":"follow","max-snippet":"max-snippet:-1","max-image-preview":"max-image-preview:large","max-video-preview":"max-video-preview:-1"},"canonical":"https:\/\/hannaorganic.md\/ru\/produs\/instant-cooling-green-tea-mask-mr-scrubber\/","og_locale":"ru_RU","og_type":"article","og_title":"Instant Cooling Green Tea Mask Mr.SCRUBBER - HANNA ORGANIC","og_description":"Masc\u0103 de fa\u021b\u0103 r\u0103coritoare Instant Cooling Green Tea Mask cu extract de ceai verde str\u00e2nge vizual, neteze\u0219te, \u00eembun\u0103t\u0103\u021be\u0219te culoarea \u0219i textura fe\u021bei, \u00eemprosp\u0103teaz\u0103 instantaneu, \u00eent\u0103re\u0219te \u0219i elimin\u0103 umflarea. Are o textura cremoasa delicata, nu se usuca in timpul utilizarii, se aplica si se spala usor.","og_url":"https:\/\/hannaorganic.md\/ru\/produs\/instant-cooling-green-tea-mask-mr-scrubber\/","og_site_name":"HANNA ORGANIC","article_publisher":"https:\/\/www.facebook.com\/bluemagic.md\/","article_modified_time":"2025-07-31T11:18:44+00:00","og_image":[{"width":1178,"height":1101,"url":"https:\/\/hannaorganic.md\/wp-content\/uploads\/2024\/10\/IMG_1690.jpeg","type":"image\/jpeg"}],"twitter_card":"summary_large_image","twitter_misc":{"\u041f\u0440\u0438\u043c\u0435\u0440\u043d\u043e\u0435 \u0432\u0440\u0435\u043c\u044f \u0434\u043b\u044f \u0447\u0442\u0435\u043d\u0438\u044f":"2 \u043c\u0438\u043d\u0443\u0442\u044b"},"schema":{"@context":"https:\/\/schema.org","@graph":[{"@type":"WebPage","@id":"https:\/\/hannaorganic.md\/ru\/produs\/instant-cooling-green-tea-mask-mr-scrubber\/","url":"https:\/\/hannaorganic.md\/ru\/produs\/instant-cooling-green-tea-mask-mr-scrubber\/","name":"Instant Cooling Green Tea Mask Mr.SCRUBBER - HANNA ORGANIC","isPartOf":{"@id":"https:\/\/hannaorganic.md\/ru\/#website"},"primaryImageOfPage":{"@id":"https:\/\/hannaorganic.md\/ru\/produs\/instant-cooling-green-tea-mask-mr-scrubber\/#primaryimage"},"image":{"@id":"https:\/\/hannaorganic.md\/ru\/produs\/instant-cooling-green-tea-mask-mr-scrubber\/#primaryimage"},"thumbnailUrl":"https:\/\/hannaorganic.md\/wp-content\/uploads\/2024\/10\/IMG_1690.jpeg","datePublished":"2024-10-31T12:58:14+00:00","dateModified":"2025-07-31T11:18:44+00:00","breadcrumb":{"@id":"https:\/\/hannaorganic.md\/ru\/produs\/instant-cooling-green-tea-mask-mr-scrubber\/#breadcrumb"},"inLanguage":"ru-RU","potentialAction":[{"@type":"ReadAction","target":["https:\/\/hannaorganic.md\/ru\/produs\/instant-cooling-green-tea-mask-mr-scrubber\/"]}]},{"@type":"ImageObject","inLanguage":"ru-RU","@id":"https:\/\/hannaorganic.md\/ru\/produs\/instant-cooling-green-tea-mask-mr-scrubber\/#primaryimage","url":"https:\/\/hannaorganic.md\/wp-content\/uploads\/2024\/10\/IMG_1690.jpeg","contentUrl":"https:\/\/hannaorganic.md\/wp-content\/uploads\/2024\/10\/IMG_1690.jpeg","width":1178,"height":1101},{"@type":"BreadcrumbList","@id":"https:\/\/hannaorganic.md\/ru\/produs\/instant-cooling-green-tea-mask-mr-scrubber\/#breadcrumb","itemListElement":[{"@type":"ListItem","position":1,"name":"Prima pagin\u0103","item":"https:\/\/hannaorganic.md\/ru\/hanna-organic\/"},{"@type":"ListItem","position":2,"name":"\u041c\u0430\u0433\u0430\u0437\u0438\u043d","item":"https:\/\/hannaorganic.md\/ru\/shop\/"},{"@type":"ListItem","position":3,"name":"Instant Cooling Green Tea Mask Mr.SCRUBBER"}]},{"@type":"WebSite","@id":"https:\/\/hannaorganic.md\/ru\/#website","url":"https:\/\/hannaorganic.md\/ru\/","name":"HANNA ORGANIC","description":"Multi-Brand Cosmetic Store","potentialAction":[{"@type":"SearchAction","target":{"@type":"EntryPoint","urlTemplate":"https:\/\/hannaorganic.md\/ru\/?s={search_term_string}"},"query-input":{"@type":"PropertyValueSpecification","valueRequired":true,"valueName":"search_term_string"}}],"inLanguage":"ru-RU"}]}},"_links":{"self":[{"href":"https:\/\/hannaorganic.md\/ru\/wp-json\/wp\/v2\/product\/84433","targetHints":{"allow":["GET"]}}],"collection":[{"href":"https:\/\/hannaorganic.md\/ru\/wp-json\/wp\/v2\/product"}],"about":[{"href":"https:\/\/hannaorganic.md\/ru\/wp-json\/wp\/v2\/types\/product"}],"wp:featuredmedia":[{"embeddable":true,"href":"https:\/\/hannaorganic.md\/ru\/wp-json\/wp\/v2\/media\/84435"}],"wp:attachment":[{"href":"https:\/\/hannaorganic.md\/ru\/wp-json\/wp\/v2\/media?parent=84433"}],"wp:term":[{"taxonomy":"product_brand","embeddable":true,"href":"https:\/\/hannaorganic.md\/ru\/wp-json\/wp\/v2\/product_brand?post=84433"},{"taxonomy":"product_cat","embeddable":true,"href":"https:\/\/hannaorganic.md\/ru\/wp-json\/wp\/v2\/product_cat?post=84433"},{"taxonomy":"product_tag","embeddable":true,"href":"https:\/\/hannaorganic.md\/ru\/wp-json\/wp\/v2\/product_tag?post=84433"}],"curies":[{"name":"wp","href":"https:\/\/api.w.org\/{rel}","templated":true}]}}