{"id":84451,"date":"2024-10-31T15:38:41","date_gmt":"2024-10-31T13:38:41","guid":{"rendered":"https:\/\/hannaorganic.md\/?post_type=product&#038;p=84451"},"modified":"2025-08-01T16:09:01","modified_gmt":"2025-08-01T14:09:01","slug":"deep-ocean-natural-perfumed-deodorant-stick-mr-scrubber","status":"publish","type":"product","link":"https:\/\/hannaorganic.md\/ru\/produs\/deep-ocean-natural-perfumed-deodorant-stick-mr-scrubber\/","title":{"rendered":"Deep Ocean Natural Perfumed Deodorant Stick Mr.SCRUBBER"},"content":{"rendered":"<p>Cum func\u021bioneaz\u0103 :<\/p>\n<p>-hidrosolul de trandafir hidrateaz\u0103, tonific\u0103, \u00eembun\u0103t\u0103\u021be\u0219te culoarea pielii, normalizeaz\u0103 transpira\u021bia;<br \/>\n-ingredientul natural din plante bisabolol calmeaz\u0103, neteze\u0219te \u0219i elimin\u0103 pigmentarea.<\/p>\n<p>Efect :<\/p>\n<p>-previne apari\u021bia mirosurilor nepl\u0103cute, men\u021bine o senza\u021bie de cur\u0103\u021benie \u0219i prospe\u021bime timp \u00eendelungat;<br \/>\n-calmeaz\u0103 \u0219i lumineaz\u0103 u\u0219or pielea.<\/p>\n<p>Compozitie : Propanediol de depozit, ap\u0103 de flori Rosa Damascena, acva (ap\u0103), glicerin\u0103 vegetal\u0103, acid stearic, acid palmitic, bisabolol, parfum (parfum), hidroxid de sodiu, etilhexilglicerin\u0103.<\/p>\n<p>Mod de utilizare : Dupa dus sau baie, aplicati un strat subtire pe pielea curata si uscata a axilei, nu folositi pe pielea iritata.<\/p>\n<p>Volum : 50 g 1,69 fl oz<\/p>\n<p>V\u00e2rsta : 18+<\/p>\n","protected":false},"excerpt":{"rendered":"<p>Deodorantul natural pentru b\u0103rba\u021bi cu hidrosol de trandafiri protejeaz\u0103 \u00een mod fiabil \u00eempotriva mirosului nepl\u0103cut. Nu \u00eenfund\u0103 porii \u0219i nu se acumuleaz\u0103 \u00een corp, hidrateaz\u0103, calmeaz\u0103, lumineaz\u0103 u\u0219or \u0219i protejeaz\u0103 pielea \u0219i are un parfum proasp\u0103t masculin Deep Ocean.<\/p>\n","protected":false},"featured_media":84454,"template":"","meta":[],"product_brand":[],"product_cat":[99,267,125,265,96,1529,92],"product_tag":[1531,1855,1519,1856,585,575,1530,1520],"class_list":{"0":"post-84451","1":"product","2":"type-product","3":"status-publish","4":"has-post-thumbnail","6":"product_cat-corp","7":"product_cat-body","8":"product_cat-intim","9":"product_cat-man","10":"product_cat-mrscrubber-md","11":"product_cat-natural-deodorant","12":"product_cat-toate-produsele","13":"product_tag-alcohol-free","14":"product_tag-deep-ocean","15":"product_tag-deodorant","16":"product_tag-free-aluminiu","17":"product_tag-man","18":"product_tag-mr-scrubber","19":"product_tag-perfumed","20":"product_tag-stick","22":"first","23":"instock","24":"shipping-taxable","25":"purchasable","26":"product-type-simple"},"yoast_head":"<!-- This site is optimized with the Yoast SEO plugin v27.5 - https:\/\/yoast.com\/product\/yoast-seo-wordpress\/ -->\n<title>Deep Ocean Natural Perfumed Deodorant Stick Mr.SCRUBBER - HANNA ORGANIC<\/title>\n<meta name=\"robots\" content=\"index, follow, max-snippet:-1, max-image-preview:large, max-video-preview:-1\" \/>\n<link rel=\"canonical\" href=\"https:\/\/hannaorganic.md\/ru\/produs\/deep-ocean-natural-perfumed-deodorant-stick-mr-scrubber\/\" \/>\n<meta property=\"og:locale\" content=\"ru_RU\" \/>\n<meta property=\"og:type\" content=\"article\" \/>\n<meta property=\"og:title\" content=\"Deep Ocean Natural Perfumed Deodorant Stick Mr.SCRUBBER - HANNA ORGANIC\" \/>\n<meta property=\"og:description\" content=\"Deodorantul natural pentru b\u0103rba\u021bi cu hidrosol de trandafiri protejeaz\u0103 \u00een mod fiabil \u00eempotriva mirosului nepl\u0103cut. Nu \u00eenfund\u0103 porii \u0219i nu se acumuleaz\u0103 \u00een corp, hidrateaz\u0103, calmeaz\u0103, lumineaz\u0103 u\u0219or \u0219i protejeaz\u0103 pielea \u0219i are un parfum proasp\u0103t masculin Deep Ocean.\" \/>\n<meta property=\"og:url\" content=\"https:\/\/hannaorganic.md\/ru\/produs\/deep-ocean-natural-perfumed-deodorant-stick-mr-scrubber\/\" \/>\n<meta property=\"og:site_name\" content=\"HANNA ORGANIC\" \/>\n<meta property=\"article:publisher\" content=\"https:\/\/www.facebook.com\/bluemagic.md\/\" \/>\n<meta property=\"article:modified_time\" content=\"2025-08-01T14:09:01+00:00\" \/>\n<meta property=\"og:image\" content=\"https:\/\/hannaorganic.md\/wp-content\/uploads\/2024\/10\/IMG_1692-1.jpeg\" \/>\n\t<meta property=\"og:image:width\" content=\"923\" \/>\n\t<meta property=\"og:image:height\" content=\"826\" \/>\n\t<meta property=\"og:image:type\" content=\"image\/jpeg\" \/>\n<meta name=\"twitter:card\" content=\"summary_large_image\" \/>\n<meta name=\"twitter:label1\" content=\"\u041f\u0440\u0438\u043c\u0435\u0440\u043d\u043e\u0435 \u0432\u0440\u0435\u043c\u044f \u0434\u043b\u044f \u0447\u0442\u0435\u043d\u0438\u044f\" \/>\n\t<meta name=\"twitter:data1\" content=\"1 \u043c\u0438\u043d\u0443\u0442\u0430\" \/>\n<script type=\"application\/ld+json\" class=\"yoast-schema-graph\">{\"@context\":\"https:\\\/\\\/schema.org\",\"@graph\":[{\"@type\":\"WebPage\",\"@id\":\"https:\\\/\\\/hannaorganic.md\\\/ru\\\/produs\\\/deep-ocean-natural-perfumed-deodorant-stick-mr-scrubber\\\/\",\"url\":\"https:\\\/\\\/hannaorganic.md\\\/ru\\\/produs\\\/deep-ocean-natural-perfumed-deodorant-stick-mr-scrubber\\\/\",\"name\":\"Deep Ocean Natural Perfumed Deodorant Stick Mr.SCRUBBER - HANNA ORGANIC\",\"isPartOf\":{\"@id\":\"https:\\\/\\\/hannaorganic.md\\\/ru\\\/#website\"},\"primaryImageOfPage\":{\"@id\":\"https:\\\/\\\/hannaorganic.md\\\/ru\\\/produs\\\/deep-ocean-natural-perfumed-deodorant-stick-mr-scrubber\\\/#primaryimage\"},\"image\":{\"@id\":\"https:\\\/\\\/hannaorganic.md\\\/ru\\\/produs\\\/deep-ocean-natural-perfumed-deodorant-stick-mr-scrubber\\\/#primaryimage\"},\"thumbnailUrl\":\"https:\\\/\\\/hannaorganic.md\\\/wp-content\\\/uploads\\\/2024\\\/10\\\/IMG_1692-1.jpeg\",\"datePublished\":\"2024-10-31T13:38:41+00:00\",\"dateModified\":\"2025-08-01T14:09:01+00:00\",\"breadcrumb\":{\"@id\":\"https:\\\/\\\/hannaorganic.md\\\/ru\\\/produs\\\/deep-ocean-natural-perfumed-deodorant-stick-mr-scrubber\\\/#breadcrumb\"},\"inLanguage\":\"ru-RU\",\"potentialAction\":[{\"@type\":\"ReadAction\",\"target\":[\"https:\\\/\\\/hannaorganic.md\\\/ru\\\/produs\\\/deep-ocean-natural-perfumed-deodorant-stick-mr-scrubber\\\/\"]}]},{\"@type\":\"ImageObject\",\"inLanguage\":\"ru-RU\",\"@id\":\"https:\\\/\\\/hannaorganic.md\\\/ru\\\/produs\\\/deep-ocean-natural-perfumed-deodorant-stick-mr-scrubber\\\/#primaryimage\",\"url\":\"https:\\\/\\\/hannaorganic.md\\\/wp-content\\\/uploads\\\/2024\\\/10\\\/IMG_1692-1.jpeg\",\"contentUrl\":\"https:\\\/\\\/hannaorganic.md\\\/wp-content\\\/uploads\\\/2024\\\/10\\\/IMG_1692-1.jpeg\",\"width\":923,\"height\":826},{\"@type\":\"BreadcrumbList\",\"@id\":\"https:\\\/\\\/hannaorganic.md\\\/ru\\\/produs\\\/deep-ocean-natural-perfumed-deodorant-stick-mr-scrubber\\\/#breadcrumb\",\"itemListElement\":[{\"@type\":\"ListItem\",\"position\":1,\"name\":\"Prima pagin\u0103\",\"item\":\"https:\\\/\\\/hannaorganic.md\\\/ru\\\/hanna-organic\\\/\"},{\"@type\":\"ListItem\",\"position\":2,\"name\":\"\u041c\u0430\u0433\u0430\u0437\u0438\u043d\",\"item\":\"https:\\\/\\\/hannaorganic.md\\\/ru\\\/shop\\\/\"},{\"@type\":\"ListItem\",\"position\":3,\"name\":\"Deep Ocean Natural Perfumed Deodorant Stick Mr.SCRUBBER\"}]},{\"@type\":\"WebSite\",\"@id\":\"https:\\\/\\\/hannaorganic.md\\\/ru\\\/#website\",\"url\":\"https:\\\/\\\/hannaorganic.md\\\/ru\\\/\",\"name\":\"HANNA ORGANIC\",\"description\":\"Multi-Brand Cosmetic Store\",\"potentialAction\":[{\"@type\":\"SearchAction\",\"target\":{\"@type\":\"EntryPoint\",\"urlTemplate\":\"https:\\\/\\\/hannaorganic.md\\\/ru\\\/?s={search_term_string}\"},\"query-input\":{\"@type\":\"PropertyValueSpecification\",\"valueRequired\":true,\"valueName\":\"search_term_string\"}}],\"inLanguage\":\"ru-RU\"}]}<\/script>\n<!-- \/ Yoast SEO plugin. -->","yoast_head_json":{"title":"Deep Ocean Natural Perfumed Deodorant Stick Mr.SCRUBBER - HANNA ORGANIC","robots":{"index":"index","follow":"follow","max-snippet":"max-snippet:-1","max-image-preview":"max-image-preview:large","max-video-preview":"max-video-preview:-1"},"canonical":"https:\/\/hannaorganic.md\/ru\/produs\/deep-ocean-natural-perfumed-deodorant-stick-mr-scrubber\/","og_locale":"ru_RU","og_type":"article","og_title":"Deep Ocean Natural Perfumed Deodorant Stick Mr.SCRUBBER - HANNA ORGANIC","og_description":"Deodorantul natural pentru b\u0103rba\u021bi cu hidrosol de trandafiri protejeaz\u0103 \u00een mod fiabil \u00eempotriva mirosului nepl\u0103cut. Nu \u00eenfund\u0103 porii \u0219i nu se acumuleaz\u0103 \u00een corp, hidrateaz\u0103, calmeaz\u0103, lumineaz\u0103 u\u0219or \u0219i protejeaz\u0103 pielea \u0219i are un parfum proasp\u0103t masculin Deep Ocean.","og_url":"https:\/\/hannaorganic.md\/ru\/produs\/deep-ocean-natural-perfumed-deodorant-stick-mr-scrubber\/","og_site_name":"HANNA ORGANIC","article_publisher":"https:\/\/www.facebook.com\/bluemagic.md\/","article_modified_time":"2025-08-01T14:09:01+00:00","og_image":[{"width":923,"height":826,"url":"https:\/\/hannaorganic.md\/wp-content\/uploads\/2024\/10\/IMG_1692-1.jpeg","type":"image\/jpeg"}],"twitter_card":"summary_large_image","twitter_misc":{"\u041f\u0440\u0438\u043c\u0435\u0440\u043d\u043e\u0435 \u0432\u0440\u0435\u043c\u044f \u0434\u043b\u044f \u0447\u0442\u0435\u043d\u0438\u044f":"1 \u043c\u0438\u043d\u0443\u0442\u0430"},"schema":{"@context":"https:\/\/schema.org","@graph":[{"@type":"WebPage","@id":"https:\/\/hannaorganic.md\/ru\/produs\/deep-ocean-natural-perfumed-deodorant-stick-mr-scrubber\/","url":"https:\/\/hannaorganic.md\/ru\/produs\/deep-ocean-natural-perfumed-deodorant-stick-mr-scrubber\/","name":"Deep Ocean Natural Perfumed Deodorant Stick Mr.SCRUBBER - HANNA ORGANIC","isPartOf":{"@id":"https:\/\/hannaorganic.md\/ru\/#website"},"primaryImageOfPage":{"@id":"https:\/\/hannaorganic.md\/ru\/produs\/deep-ocean-natural-perfumed-deodorant-stick-mr-scrubber\/#primaryimage"},"image":{"@id":"https:\/\/hannaorganic.md\/ru\/produs\/deep-ocean-natural-perfumed-deodorant-stick-mr-scrubber\/#primaryimage"},"thumbnailUrl":"https:\/\/hannaorganic.md\/wp-content\/uploads\/2024\/10\/IMG_1692-1.jpeg","datePublished":"2024-10-31T13:38:41+00:00","dateModified":"2025-08-01T14:09:01+00:00","breadcrumb":{"@id":"https:\/\/hannaorganic.md\/ru\/produs\/deep-ocean-natural-perfumed-deodorant-stick-mr-scrubber\/#breadcrumb"},"inLanguage":"ru-RU","potentialAction":[{"@type":"ReadAction","target":["https:\/\/hannaorganic.md\/ru\/produs\/deep-ocean-natural-perfumed-deodorant-stick-mr-scrubber\/"]}]},{"@type":"ImageObject","inLanguage":"ru-RU","@id":"https:\/\/hannaorganic.md\/ru\/produs\/deep-ocean-natural-perfumed-deodorant-stick-mr-scrubber\/#primaryimage","url":"https:\/\/hannaorganic.md\/wp-content\/uploads\/2024\/10\/IMG_1692-1.jpeg","contentUrl":"https:\/\/hannaorganic.md\/wp-content\/uploads\/2024\/10\/IMG_1692-1.jpeg","width":923,"height":826},{"@type":"BreadcrumbList","@id":"https:\/\/hannaorganic.md\/ru\/produs\/deep-ocean-natural-perfumed-deodorant-stick-mr-scrubber\/#breadcrumb","itemListElement":[{"@type":"ListItem","position":1,"name":"Prima pagin\u0103","item":"https:\/\/hannaorganic.md\/ru\/hanna-organic\/"},{"@type":"ListItem","position":2,"name":"\u041c\u0430\u0433\u0430\u0437\u0438\u043d","item":"https:\/\/hannaorganic.md\/ru\/shop\/"},{"@type":"ListItem","position":3,"name":"Deep Ocean Natural Perfumed Deodorant Stick Mr.SCRUBBER"}]},{"@type":"WebSite","@id":"https:\/\/hannaorganic.md\/ru\/#website","url":"https:\/\/hannaorganic.md\/ru\/","name":"HANNA ORGANIC","description":"Multi-Brand Cosmetic Store","potentialAction":[{"@type":"SearchAction","target":{"@type":"EntryPoint","urlTemplate":"https:\/\/hannaorganic.md\/ru\/?s={search_term_string}"},"query-input":{"@type":"PropertyValueSpecification","valueRequired":true,"valueName":"search_term_string"}}],"inLanguage":"ru-RU"}]}},"_links":{"self":[{"href":"https:\/\/hannaorganic.md\/ru\/wp-json\/wp\/v2\/product\/84451","targetHints":{"allow":["GET"]}}],"collection":[{"href":"https:\/\/hannaorganic.md\/ru\/wp-json\/wp\/v2\/product"}],"about":[{"href":"https:\/\/hannaorganic.md\/ru\/wp-json\/wp\/v2\/types\/product"}],"wp:featuredmedia":[{"embeddable":true,"href":"https:\/\/hannaorganic.md\/ru\/wp-json\/wp\/v2\/media\/84454"}],"wp:attachment":[{"href":"https:\/\/hannaorganic.md\/ru\/wp-json\/wp\/v2\/media?parent=84451"}],"wp:term":[{"taxonomy":"product_brand","embeddable":true,"href":"https:\/\/hannaorganic.md\/ru\/wp-json\/wp\/v2\/product_brand?post=84451"},{"taxonomy":"product_cat","embeddable":true,"href":"https:\/\/hannaorganic.md\/ru\/wp-json\/wp\/v2\/product_cat?post=84451"},{"taxonomy":"product_tag","embeddable":true,"href":"https:\/\/hannaorganic.md\/ru\/wp-json\/wp\/v2\/product_tag?post=84451"}],"curies":[{"name":"wp","href":"https:\/\/api.w.org\/{rel}","templated":true}]}}