{"id":84463,"date":"2024-11-20T12:10:38","date_gmt":"2024-11-20T10:10:38","guid":{"rendered":"https:\/\/hannaorganic.md\/?post_type=product&#038;p=84463"},"modified":"2026-04-29T22:22:29","modified_gmt":"2026-04-29T20:22:29","slug":"candy-cola-mini-gift-box-mr-scrubber","status":"publish","type":"product","link":"https:\/\/hannaorganic.md\/ru\/produs\/candy-cola-mini-gift-box-mr-scrubber\/","title":{"rendered":"Candy Cola Mini Gift Box Mr.SCRUBBER"},"content":{"rendered":"<p>Boxul con\u021bine :<\/p>\n<p>1.Spuma de du\u0219 \u2013 150 ml;<\/p>\n<p>2.Scrub pentru corp cu zah\u0103r \u2013 250 gr;<\/p>\n<p>3.Crema de maini &#8212; 30 gr.<\/p>\n","protected":false},"excerpt":{"rendered":"<p>Un mini Gift Box creat special \u00een nuan\u021bele s\u0103rb\u0103torilor de iarn\u0103. Aroma cire\u0219elor coapte te teleporteaz\u0103 \u00een var\u0103. Un miros de-a dreptul deosebit \u0219i memorabil ce cucere\u0219te pe oricine.<\/p>\n","protected":false},"featured_media":84464,"template":"","meta":[],"product_brand":[],"product_cat":[245,96,363,92],"product_tag":[1611,1859,1679,1513,1175,575,694,1068,1757,1165,1860],"class_list":{"0":"post-84463","1":"product","2":"type-product","3":"status-publish","4":"has-post-thumbnail","6":"product_cat-gift-box","7":"product_cat-mrscrubber-md","8":"product_cat-seturi-cadou","9":"product_cat-toate-produsele","10":"product_tag-box","11":"product_tag-candy-cola","12":"product_tag-christmas-gift","13":"product_tag-gift","14":"product_tag-hand-cream","15":"product_tag-mr-scrubber","16":"product_tag-natural-ingredients","17":"product_tag-new-year","18":"product_tag-red","19":"product_tag-scrub","20":"product_tag-shower-foam","22":"first","23":"instock","24":"shipping-taxable","25":"purchasable","26":"product-type-simple"},"yoast_head":"<!-- This site is optimized with the Yoast SEO plugin v27.5 - https:\/\/yoast.com\/product\/yoast-seo-wordpress\/ -->\n<title>Candy Cola Mini Gift Box Mr.SCRUBBER - HANNA ORGANIC<\/title>\n<meta name=\"robots\" content=\"index, follow, max-snippet:-1, max-image-preview:large, max-video-preview:-1\" \/>\n<link rel=\"canonical\" href=\"https:\/\/hannaorganic.md\/ru\/produs\/candy-cola-mini-gift-box-mr-scrubber\/\" \/>\n<meta property=\"og:locale\" content=\"ru_RU\" \/>\n<meta property=\"og:type\" content=\"article\" \/>\n<meta property=\"og:title\" content=\"Candy Cola Mini Gift Box Mr.SCRUBBER - HANNA ORGANIC\" \/>\n<meta property=\"og:description\" content=\"Un mini Gift Box creat special \u00een nuan\u021bele s\u0103rb\u0103torilor de iarn\u0103. Aroma cire\u0219elor coapte te teleporteaz\u0103 \u00een var\u0103. Un miros de-a dreptul deosebit \u0219i memorabil ce cucere\u0219te pe oricine.\" \/>\n<meta property=\"og:url\" content=\"https:\/\/hannaorganic.md\/ru\/produs\/candy-cola-mini-gift-box-mr-scrubber\/\" \/>\n<meta property=\"og:site_name\" content=\"HANNA ORGANIC\" \/>\n<meta property=\"article:publisher\" content=\"https:\/\/www.facebook.com\/bluemagic.md\/\" \/>\n<meta property=\"article:modified_time\" content=\"2026-04-29T20:22:29+00:00\" \/>\n<meta property=\"og:image\" content=\"https:\/\/hannaorganic.md\/wp-content\/uploads\/2024\/11\/IMG_3010.jpeg\" \/>\n\t<meta property=\"og:image:width\" content=\"1350\" \/>\n\t<meta property=\"og:image:height\" content=\"1800\" \/>\n\t<meta property=\"og:image:type\" content=\"image\/jpeg\" \/>\n<meta name=\"twitter:card\" content=\"summary_large_image\" \/>\n<meta name=\"twitter:label1\" content=\"\u041f\u0440\u0438\u043c\u0435\u0440\u043d\u043e\u0435 \u0432\u0440\u0435\u043c\u044f \u0434\u043b\u044f \u0447\u0442\u0435\u043d\u0438\u044f\" \/>\n\t<meta name=\"twitter:data1\" content=\"1 \u043c\u0438\u043d\u0443\u0442\u0430\" \/>\n<script type=\"application\/ld+json\" class=\"yoast-schema-graph\">{\"@context\":\"https:\\\/\\\/schema.org\",\"@graph\":[{\"@type\":\"WebPage\",\"@id\":\"https:\\\/\\\/hannaorganic.md\\\/ru\\\/produs\\\/candy-cola-mini-gift-box-mr-scrubber\\\/\",\"url\":\"https:\\\/\\\/hannaorganic.md\\\/ru\\\/produs\\\/candy-cola-mini-gift-box-mr-scrubber\\\/\",\"name\":\"Candy Cola Mini Gift Box Mr.SCRUBBER - HANNA ORGANIC\",\"isPartOf\":{\"@id\":\"https:\\\/\\\/hannaorganic.md\\\/ru\\\/#website\"},\"primaryImageOfPage\":{\"@id\":\"https:\\\/\\\/hannaorganic.md\\\/ru\\\/produs\\\/candy-cola-mini-gift-box-mr-scrubber\\\/#primaryimage\"},\"image\":{\"@id\":\"https:\\\/\\\/hannaorganic.md\\\/ru\\\/produs\\\/candy-cola-mini-gift-box-mr-scrubber\\\/#primaryimage\"},\"thumbnailUrl\":\"https:\\\/\\\/hannaorganic.md\\\/wp-content\\\/uploads\\\/2024\\\/11\\\/IMG_3010.jpeg\",\"datePublished\":\"2024-11-20T10:10:38+00:00\",\"dateModified\":\"2026-04-29T20:22:29+00:00\",\"breadcrumb\":{\"@id\":\"https:\\\/\\\/hannaorganic.md\\\/ru\\\/produs\\\/candy-cola-mini-gift-box-mr-scrubber\\\/#breadcrumb\"},\"inLanguage\":\"ru-RU\",\"potentialAction\":[{\"@type\":\"ReadAction\",\"target\":[\"https:\\\/\\\/hannaorganic.md\\\/ru\\\/produs\\\/candy-cola-mini-gift-box-mr-scrubber\\\/\"]}]},{\"@type\":\"ImageObject\",\"inLanguage\":\"ru-RU\",\"@id\":\"https:\\\/\\\/hannaorganic.md\\\/ru\\\/produs\\\/candy-cola-mini-gift-box-mr-scrubber\\\/#primaryimage\",\"url\":\"https:\\\/\\\/hannaorganic.md\\\/wp-content\\\/uploads\\\/2024\\\/11\\\/IMG_3010.jpeg\",\"contentUrl\":\"https:\\\/\\\/hannaorganic.md\\\/wp-content\\\/uploads\\\/2024\\\/11\\\/IMG_3010.jpeg\",\"width\":1350,\"height\":1800},{\"@type\":\"BreadcrumbList\",\"@id\":\"https:\\\/\\\/hannaorganic.md\\\/ru\\\/produs\\\/candy-cola-mini-gift-box-mr-scrubber\\\/#breadcrumb\",\"itemListElement\":[{\"@type\":\"ListItem\",\"position\":1,\"name\":\"Prima pagin\u0103\",\"item\":\"https:\\\/\\\/hannaorganic.md\\\/ru\\\/hanna-organic\\\/\"},{\"@type\":\"ListItem\",\"position\":2,\"name\":\"\u041c\u0430\u0433\u0430\u0437\u0438\u043d\",\"item\":\"https:\\\/\\\/hannaorganic.md\\\/ru\\\/shop\\\/\"},{\"@type\":\"ListItem\",\"position\":3,\"name\":\"Candy Cola Mini Gift Box Mr.SCRUBBER\"}]},{\"@type\":\"WebSite\",\"@id\":\"https:\\\/\\\/hannaorganic.md\\\/ru\\\/#website\",\"url\":\"https:\\\/\\\/hannaorganic.md\\\/ru\\\/\",\"name\":\"HANNA ORGANIC\",\"description\":\"Multi-Brand Cosmetic Store\",\"potentialAction\":[{\"@type\":\"SearchAction\",\"target\":{\"@type\":\"EntryPoint\",\"urlTemplate\":\"https:\\\/\\\/hannaorganic.md\\\/ru\\\/?s={search_term_string}\"},\"query-input\":{\"@type\":\"PropertyValueSpecification\",\"valueRequired\":true,\"valueName\":\"search_term_string\"}}],\"inLanguage\":\"ru-RU\"}]}<\/script>\n<!-- \/ Yoast SEO plugin. -->","yoast_head_json":{"title":"Candy Cola Mini Gift Box Mr.SCRUBBER - HANNA ORGANIC","robots":{"index":"index","follow":"follow","max-snippet":"max-snippet:-1","max-image-preview":"max-image-preview:large","max-video-preview":"max-video-preview:-1"},"canonical":"https:\/\/hannaorganic.md\/ru\/produs\/candy-cola-mini-gift-box-mr-scrubber\/","og_locale":"ru_RU","og_type":"article","og_title":"Candy Cola Mini Gift Box Mr.SCRUBBER - HANNA ORGANIC","og_description":"Un mini Gift Box creat special \u00een nuan\u021bele s\u0103rb\u0103torilor de iarn\u0103. Aroma cire\u0219elor coapte te teleporteaz\u0103 \u00een var\u0103. Un miros de-a dreptul deosebit \u0219i memorabil ce cucere\u0219te pe oricine.","og_url":"https:\/\/hannaorganic.md\/ru\/produs\/candy-cola-mini-gift-box-mr-scrubber\/","og_site_name":"HANNA ORGANIC","article_publisher":"https:\/\/www.facebook.com\/bluemagic.md\/","article_modified_time":"2026-04-29T20:22:29+00:00","og_image":[{"width":1350,"height":1800,"url":"https:\/\/hannaorganic.md\/wp-content\/uploads\/2024\/11\/IMG_3010.jpeg","type":"image\/jpeg"}],"twitter_card":"summary_large_image","twitter_misc":{"\u041f\u0440\u0438\u043c\u0435\u0440\u043d\u043e\u0435 \u0432\u0440\u0435\u043c\u044f \u0434\u043b\u044f \u0447\u0442\u0435\u043d\u0438\u044f":"1 \u043c\u0438\u043d\u0443\u0442\u0430"},"schema":{"@context":"https:\/\/schema.org","@graph":[{"@type":"WebPage","@id":"https:\/\/hannaorganic.md\/ru\/produs\/candy-cola-mini-gift-box-mr-scrubber\/","url":"https:\/\/hannaorganic.md\/ru\/produs\/candy-cola-mini-gift-box-mr-scrubber\/","name":"Candy Cola Mini Gift Box Mr.SCRUBBER - HANNA ORGANIC","isPartOf":{"@id":"https:\/\/hannaorganic.md\/ru\/#website"},"primaryImageOfPage":{"@id":"https:\/\/hannaorganic.md\/ru\/produs\/candy-cola-mini-gift-box-mr-scrubber\/#primaryimage"},"image":{"@id":"https:\/\/hannaorganic.md\/ru\/produs\/candy-cola-mini-gift-box-mr-scrubber\/#primaryimage"},"thumbnailUrl":"https:\/\/hannaorganic.md\/wp-content\/uploads\/2024\/11\/IMG_3010.jpeg","datePublished":"2024-11-20T10:10:38+00:00","dateModified":"2026-04-29T20:22:29+00:00","breadcrumb":{"@id":"https:\/\/hannaorganic.md\/ru\/produs\/candy-cola-mini-gift-box-mr-scrubber\/#breadcrumb"},"inLanguage":"ru-RU","potentialAction":[{"@type":"ReadAction","target":["https:\/\/hannaorganic.md\/ru\/produs\/candy-cola-mini-gift-box-mr-scrubber\/"]}]},{"@type":"ImageObject","inLanguage":"ru-RU","@id":"https:\/\/hannaorganic.md\/ru\/produs\/candy-cola-mini-gift-box-mr-scrubber\/#primaryimage","url":"https:\/\/hannaorganic.md\/wp-content\/uploads\/2024\/11\/IMG_3010.jpeg","contentUrl":"https:\/\/hannaorganic.md\/wp-content\/uploads\/2024\/11\/IMG_3010.jpeg","width":1350,"height":1800},{"@type":"BreadcrumbList","@id":"https:\/\/hannaorganic.md\/ru\/produs\/candy-cola-mini-gift-box-mr-scrubber\/#breadcrumb","itemListElement":[{"@type":"ListItem","position":1,"name":"Prima pagin\u0103","item":"https:\/\/hannaorganic.md\/ru\/hanna-organic\/"},{"@type":"ListItem","position":2,"name":"\u041c\u0430\u0433\u0430\u0437\u0438\u043d","item":"https:\/\/hannaorganic.md\/ru\/shop\/"},{"@type":"ListItem","position":3,"name":"Candy Cola Mini Gift Box Mr.SCRUBBER"}]},{"@type":"WebSite","@id":"https:\/\/hannaorganic.md\/ru\/#website","url":"https:\/\/hannaorganic.md\/ru\/","name":"HANNA ORGANIC","description":"Multi-Brand Cosmetic Store","potentialAction":[{"@type":"SearchAction","target":{"@type":"EntryPoint","urlTemplate":"https:\/\/hannaorganic.md\/ru\/?s={search_term_string}"},"query-input":{"@type":"PropertyValueSpecification","valueRequired":true,"valueName":"search_term_string"}}],"inLanguage":"ru-RU"}]}},"_links":{"self":[{"href":"https:\/\/hannaorganic.md\/ru\/wp-json\/wp\/v2\/product\/84463","targetHints":{"allow":["GET"]}}],"collection":[{"href":"https:\/\/hannaorganic.md\/ru\/wp-json\/wp\/v2\/product"}],"about":[{"href":"https:\/\/hannaorganic.md\/ru\/wp-json\/wp\/v2\/types\/product"}],"wp:featuredmedia":[{"embeddable":true,"href":"https:\/\/hannaorganic.md\/ru\/wp-json\/wp\/v2\/media\/84464"}],"wp:attachment":[{"href":"https:\/\/hannaorganic.md\/ru\/wp-json\/wp\/v2\/media?parent=84463"}],"wp:term":[{"taxonomy":"product_brand","embeddable":true,"href":"https:\/\/hannaorganic.md\/ru\/wp-json\/wp\/v2\/product_brand?post=84463"},{"taxonomy":"product_cat","embeddable":true,"href":"https:\/\/hannaorganic.md\/ru\/wp-json\/wp\/v2\/product_cat?post=84463"},{"taxonomy":"product_tag","embeddable":true,"href":"https:\/\/hannaorganic.md\/ru\/wp-json\/wp\/v2\/product_tag?post=84463"}],"curies":[{"name":"wp","href":"https:\/\/api.w.org\/{rel}","templated":true}]}}