{"id":84490,"date":"2024-12-01T11:40:42","date_gmt":"2024-12-01T09:40:42","guid":{"rendered":"https:\/\/hannaorganic.md\/?post_type=product&#038;p=84490"},"modified":"2025-03-01T13:16:09","modified_gmt":"2025-03-01T11:16:09","slug":"man-shaving-gel-vetiver-mr-scrubber","status":"publish","type":"product","link":"https:\/\/hannaorganic.md\/ru\/produs\/man-shaving-gel-vetiver-mr-scrubber\/","title":{"rendered":"Man Shaving Gel Vetiver Mr.SCRUBBER"},"content":{"rendered":"<p>Cum func\u021bioneaz\u0103 :<br \/>\n\u2022 glicerina uniformizeaz\u0103 tonusul \u0219i hidrateaz\u0103 \u00een profunzime pielea, ajut\u0103 la \u00eent\u0103rirea barierei de protec\u021bie;<br \/>\n\u2022 pantenolul reface zonele deteriorate, are efecte antiinflamatorii si de vindecare a ranilor, sustine echilibrul energetic natural;<br \/>\n\u2022 vitamina E cre\u0219te elasticitatea \u0219i elasticitatea pielii, o neteze\u0219te, previne apari\u021bia semnelor de \u00eemb\u0103tr\u00e2nire, favorizeaz\u0103 recuperarea rapid\u0103;<br \/>\n\u2022 extractul de frunze de centella asiatica vindec\u0103, regenereaz\u0103 \u0219i calmeaz\u0103 pielea;<br \/>\n\u2022 extractul din r\u0103d\u0103cina de scobi\u021ba Baikal are propriet\u0103\u021bi antioxidante, antimicrobiene \u0219i antiinflamatorii, protejeaz\u0103 pielea de efectele radicalilor liberi;<br \/>\n\u2022 extract de fructe de dragon hidrateaz\u0103, \u00eent\u0103re\u0219te pielea, previne foto\u00eemb\u0103tr\u00e2nirea;<br \/>\n\u2022 extractul de ceai verde calmeaz\u0103, restaureaz\u0103 \u0219i \u00eent\u0103re\u0219te pere\u021bii vaselor;<br \/>\n\u2022 extractul de r\u0103d\u0103cin\u0103 de lemn dulce reduce aspectul pigment\u0103rii, elimin\u0103 irita\u021bia;<br \/>\n\u2022 extractul de arpaca imbunatateste tonusul pielii, are proprietati antibacteriene puternice;<br \/>\n\u2022 extractul de rozmarin accelereaz\u0103 vindecarea, normalizeaz\u0103 secre\u021bia de sebum, \u00eembun\u0103t\u0103\u021be\u0219te semnificativ starea pielii.<br \/>\nEfect :<br \/>\n\u2022 catifeleaz\u0103 \u0219i neteze\u0219te;<br \/>\n\u2022 previne iritatiile si roseata;<br \/>\n\u2022 face procesul de b\u0103rbierit confortabil \u0219i u\u0219or.<\/p>\n<p>Compozi\u0163ie :<br \/>\nAqua (ap\u0103), acid stearic, trietanolamin\u0103, glicerin\u0103, gum\u0103 Cyamopsis Tetragonoloba (Guar), Laureth-23, pantenol, acetat de tocoferil, poliglicerin\u0103-6, propandiol, extract de frunze de Centella Asiatica, extract de r\u0103d\u0103cin\u0103 de Scutellaria Baicalensis, extract de fructe de Camada, Hylocereus Extract de frunze de Sinensis, extract de r\u0103d\u0103cin\u0103 de Glycyrrhiza Glabra (lemn dulce), extract de r\u0103d\u0103cin\u0103 de Berberis Vulgaris, frunze de Rosmarinus officinalis (rozmarin) Extract, etilhexilglicerin\u0103, fenoxietanol, parfum, CI 19140, CI 42090.<\/p>\n<p>Mod de utilizare :<br \/>\nLua\u021bi cantitatea necesar\u0103 de gel \u0219i spuma\u021bi-o \u00een palme, \u00eentinde\u021bi-o uniform pe fa\u021b\u0103 \u0219i \u00eencepe\u021bi s\u0103 v\u0103 b\u0103rbieri\u021bi. De asemenea, pute\u021bi bate gelul cu o perie \u00eentr-un bol special.<\/p>\n<p>Contraindica\u021bii : sensibilitate individual\u0103 la componentele produsului. Evita\u021bi contactul cu ochii. \u00cen caz de contact cu ochii, cl\u0103ti\u021bi imediat cu ap\u0103, dac\u0103 este necesar consulta\u021bi un medic.<\/p>\n<p>Volum : 100 ml<\/p>\n","protected":false},"excerpt":{"rendered":"<p>Gel de ras cu d-pantenol Vetiver cu o arom\u0103 profund\u0103, note pronun\u021bate de fum \u0219i semitonuri unice de mu\u0219chi \u0219i piele catifeleaz\u0103 \u0219i hidrateaz\u0103 pielea, ridic\u0103 u\u0219or firele de p\u0103r, reduce frecarea, face procesul de b\u0103rbierit confortabil \u0219i u\u0219or. Datorita continutului de d-pantenol si extracte naturale, dezodorizeaza si calmeaza, previne aparitia iritatiilor si roseata si favorizeaza refacerea rapida a pielii.<\/p>\n","protected":false},"featured_media":84493,"template":"","meta":[],"product_brand":[],"product_cat":[266,265,96],"product_tag":[852,585,575,1863,1862],"class_list":{"0":"post-84490","1":"product","2":"type-product","3":"status-publish","4":"has-post-thumbnail","6":"product_cat-beard","7":"product_cat-man","8":"product_cat-mrscrubber-md","9":"product_tag-gel","10":"product_tag-man","11":"product_tag-mr-scrubber","12":"product_tag-shaving","13":"product_tag-vetiver","15":"first","16":"instock","17":"shipping-taxable","18":"purchasable","19":"product-type-simple"},"yoast_head":"<!-- This site is optimized with the Yoast SEO plugin v27.5 - https:\/\/yoast.com\/product\/yoast-seo-wordpress\/ -->\n<title>Man Shaving Gel Vetiver Mr.SCRUBBER - HANNA ORGANIC<\/title>\n<meta name=\"robots\" content=\"index, follow, max-snippet:-1, max-image-preview:large, max-video-preview:-1\" \/>\n<link rel=\"canonical\" href=\"https:\/\/hannaorganic.md\/ru\/produs\/man-shaving-gel-vetiver-mr-scrubber\/\" \/>\n<meta property=\"og:locale\" content=\"ru_RU\" \/>\n<meta property=\"og:type\" content=\"article\" \/>\n<meta property=\"og:title\" content=\"Man Shaving Gel Vetiver Mr.SCRUBBER - HANNA ORGANIC\" \/>\n<meta property=\"og:description\" content=\"Gel de ras cu d-pantenol Vetiver cu o arom\u0103 profund\u0103, note pronun\u021bate de fum \u0219i semitonuri unice de mu\u0219chi \u0219i piele catifeleaz\u0103 \u0219i hidrateaz\u0103 pielea, ridic\u0103 u\u0219or firele de p\u0103r, reduce frecarea, face procesul de b\u0103rbierit confortabil \u0219i u\u0219or. Datorita continutului de d-pantenol si extracte naturale, dezodorizeaza si calmeaza, previne aparitia iritatiilor si roseata si favorizeaza refacerea rapida a pielii.\" \/>\n<meta property=\"og:url\" content=\"https:\/\/hannaorganic.md\/ru\/produs\/man-shaving-gel-vetiver-mr-scrubber\/\" \/>\n<meta property=\"og:site_name\" content=\"HANNA ORGANIC\" \/>\n<meta property=\"article:publisher\" content=\"https:\/\/www.facebook.com\/bluemagic.md\/\" \/>\n<meta property=\"article:modified_time\" content=\"2025-03-01T11:16:09+00:00\" \/>\n<meta property=\"og:image\" content=\"https:\/\/hannaorganic.md\/wp-content\/uploads\/2024\/12\/IMG_3464-1.jpeg\" \/>\n\t<meta property=\"og:image:width\" content=\"804\" \/>\n\t<meta property=\"og:image:height\" content=\"936\" \/>\n\t<meta property=\"og:image:type\" content=\"image\/jpeg\" \/>\n<meta name=\"twitter:card\" content=\"summary_large_image\" \/>\n<meta name=\"twitter:label1\" content=\"\u041f\u0440\u0438\u043c\u0435\u0440\u043d\u043e\u0435 \u0432\u0440\u0435\u043c\u044f \u0434\u043b\u044f \u0447\u0442\u0435\u043d\u0438\u044f\" \/>\n\t<meta name=\"twitter:data1\" content=\"2 \u043c\u0438\u043d\u0443\u0442\u044b\" \/>\n<script type=\"application\/ld+json\" class=\"yoast-schema-graph\">{\"@context\":\"https:\\\/\\\/schema.org\",\"@graph\":[{\"@type\":\"WebPage\",\"@id\":\"https:\\\/\\\/hannaorganic.md\\\/ru\\\/produs\\\/man-shaving-gel-vetiver-mr-scrubber\\\/\",\"url\":\"https:\\\/\\\/hannaorganic.md\\\/ru\\\/produs\\\/man-shaving-gel-vetiver-mr-scrubber\\\/\",\"name\":\"Man Shaving Gel Vetiver Mr.SCRUBBER - HANNA ORGANIC\",\"isPartOf\":{\"@id\":\"https:\\\/\\\/hannaorganic.md\\\/ru\\\/#website\"},\"primaryImageOfPage\":{\"@id\":\"https:\\\/\\\/hannaorganic.md\\\/ru\\\/produs\\\/man-shaving-gel-vetiver-mr-scrubber\\\/#primaryimage\"},\"image\":{\"@id\":\"https:\\\/\\\/hannaorganic.md\\\/ru\\\/produs\\\/man-shaving-gel-vetiver-mr-scrubber\\\/#primaryimage\"},\"thumbnailUrl\":\"https:\\\/\\\/hannaorganic.md\\\/wp-content\\\/uploads\\\/2024\\\/12\\\/IMG_3464-1.jpeg\",\"datePublished\":\"2024-12-01T09:40:42+00:00\",\"dateModified\":\"2025-03-01T11:16:09+00:00\",\"breadcrumb\":{\"@id\":\"https:\\\/\\\/hannaorganic.md\\\/ru\\\/produs\\\/man-shaving-gel-vetiver-mr-scrubber\\\/#breadcrumb\"},\"inLanguage\":\"ru-RU\",\"potentialAction\":[{\"@type\":\"ReadAction\",\"target\":[\"https:\\\/\\\/hannaorganic.md\\\/ru\\\/produs\\\/man-shaving-gel-vetiver-mr-scrubber\\\/\"]}]},{\"@type\":\"ImageObject\",\"inLanguage\":\"ru-RU\",\"@id\":\"https:\\\/\\\/hannaorganic.md\\\/ru\\\/produs\\\/man-shaving-gel-vetiver-mr-scrubber\\\/#primaryimage\",\"url\":\"https:\\\/\\\/hannaorganic.md\\\/wp-content\\\/uploads\\\/2024\\\/12\\\/IMG_3464-1.jpeg\",\"contentUrl\":\"https:\\\/\\\/hannaorganic.md\\\/wp-content\\\/uploads\\\/2024\\\/12\\\/IMG_3464-1.jpeg\",\"width\":804,\"height\":936},{\"@type\":\"BreadcrumbList\",\"@id\":\"https:\\\/\\\/hannaorganic.md\\\/ru\\\/produs\\\/man-shaving-gel-vetiver-mr-scrubber\\\/#breadcrumb\",\"itemListElement\":[{\"@type\":\"ListItem\",\"position\":1,\"name\":\"Prima pagin\u0103\",\"item\":\"https:\\\/\\\/hannaorganic.md\\\/ru\\\/hanna-organic\\\/\"},{\"@type\":\"ListItem\",\"position\":2,\"name\":\"\u041c\u0430\u0433\u0430\u0437\u0438\u043d\",\"item\":\"https:\\\/\\\/hannaorganic.md\\\/ru\\\/shop\\\/\"},{\"@type\":\"ListItem\",\"position\":3,\"name\":\"Man Shaving Gel Vetiver Mr.SCRUBBER\"}]},{\"@type\":\"WebSite\",\"@id\":\"https:\\\/\\\/hannaorganic.md\\\/ru\\\/#website\",\"url\":\"https:\\\/\\\/hannaorganic.md\\\/ru\\\/\",\"name\":\"HANNA ORGANIC\",\"description\":\"Multi-Brand Cosmetic Store\",\"potentialAction\":[{\"@type\":\"SearchAction\",\"target\":{\"@type\":\"EntryPoint\",\"urlTemplate\":\"https:\\\/\\\/hannaorganic.md\\\/ru\\\/?s={search_term_string}\"},\"query-input\":{\"@type\":\"PropertyValueSpecification\",\"valueRequired\":true,\"valueName\":\"search_term_string\"}}],\"inLanguage\":\"ru-RU\"}]}<\/script>\n<!-- \/ Yoast SEO plugin. -->","yoast_head_json":{"title":"Man Shaving Gel Vetiver Mr.SCRUBBER - HANNA ORGANIC","robots":{"index":"index","follow":"follow","max-snippet":"max-snippet:-1","max-image-preview":"max-image-preview:large","max-video-preview":"max-video-preview:-1"},"canonical":"https:\/\/hannaorganic.md\/ru\/produs\/man-shaving-gel-vetiver-mr-scrubber\/","og_locale":"ru_RU","og_type":"article","og_title":"Man Shaving Gel Vetiver Mr.SCRUBBER - HANNA ORGANIC","og_description":"Gel de ras cu d-pantenol Vetiver cu o arom\u0103 profund\u0103, note pronun\u021bate de fum \u0219i semitonuri unice de mu\u0219chi \u0219i piele catifeleaz\u0103 \u0219i hidrateaz\u0103 pielea, ridic\u0103 u\u0219or firele de p\u0103r, reduce frecarea, face procesul de b\u0103rbierit confortabil \u0219i u\u0219or. Datorita continutului de d-pantenol si extracte naturale, dezodorizeaza si calmeaza, previne aparitia iritatiilor si roseata si favorizeaza refacerea rapida a pielii.","og_url":"https:\/\/hannaorganic.md\/ru\/produs\/man-shaving-gel-vetiver-mr-scrubber\/","og_site_name":"HANNA ORGANIC","article_publisher":"https:\/\/www.facebook.com\/bluemagic.md\/","article_modified_time":"2025-03-01T11:16:09+00:00","og_image":[{"width":804,"height":936,"url":"https:\/\/hannaorganic.md\/wp-content\/uploads\/2024\/12\/IMG_3464-1.jpeg","type":"image\/jpeg"}],"twitter_card":"summary_large_image","twitter_misc":{"\u041f\u0440\u0438\u043c\u0435\u0440\u043d\u043e\u0435 \u0432\u0440\u0435\u043c\u044f \u0434\u043b\u044f \u0447\u0442\u0435\u043d\u0438\u044f":"2 \u043c\u0438\u043d\u0443\u0442\u044b"},"schema":{"@context":"https:\/\/schema.org","@graph":[{"@type":"WebPage","@id":"https:\/\/hannaorganic.md\/ru\/produs\/man-shaving-gel-vetiver-mr-scrubber\/","url":"https:\/\/hannaorganic.md\/ru\/produs\/man-shaving-gel-vetiver-mr-scrubber\/","name":"Man Shaving Gel Vetiver Mr.SCRUBBER - HANNA ORGANIC","isPartOf":{"@id":"https:\/\/hannaorganic.md\/ru\/#website"},"primaryImageOfPage":{"@id":"https:\/\/hannaorganic.md\/ru\/produs\/man-shaving-gel-vetiver-mr-scrubber\/#primaryimage"},"image":{"@id":"https:\/\/hannaorganic.md\/ru\/produs\/man-shaving-gel-vetiver-mr-scrubber\/#primaryimage"},"thumbnailUrl":"https:\/\/hannaorganic.md\/wp-content\/uploads\/2024\/12\/IMG_3464-1.jpeg","datePublished":"2024-12-01T09:40:42+00:00","dateModified":"2025-03-01T11:16:09+00:00","breadcrumb":{"@id":"https:\/\/hannaorganic.md\/ru\/produs\/man-shaving-gel-vetiver-mr-scrubber\/#breadcrumb"},"inLanguage":"ru-RU","potentialAction":[{"@type":"ReadAction","target":["https:\/\/hannaorganic.md\/ru\/produs\/man-shaving-gel-vetiver-mr-scrubber\/"]}]},{"@type":"ImageObject","inLanguage":"ru-RU","@id":"https:\/\/hannaorganic.md\/ru\/produs\/man-shaving-gel-vetiver-mr-scrubber\/#primaryimage","url":"https:\/\/hannaorganic.md\/wp-content\/uploads\/2024\/12\/IMG_3464-1.jpeg","contentUrl":"https:\/\/hannaorganic.md\/wp-content\/uploads\/2024\/12\/IMG_3464-1.jpeg","width":804,"height":936},{"@type":"BreadcrumbList","@id":"https:\/\/hannaorganic.md\/ru\/produs\/man-shaving-gel-vetiver-mr-scrubber\/#breadcrumb","itemListElement":[{"@type":"ListItem","position":1,"name":"Prima pagin\u0103","item":"https:\/\/hannaorganic.md\/ru\/hanna-organic\/"},{"@type":"ListItem","position":2,"name":"\u041c\u0430\u0433\u0430\u0437\u0438\u043d","item":"https:\/\/hannaorganic.md\/ru\/shop\/"},{"@type":"ListItem","position":3,"name":"Man Shaving Gel Vetiver Mr.SCRUBBER"}]},{"@type":"WebSite","@id":"https:\/\/hannaorganic.md\/ru\/#website","url":"https:\/\/hannaorganic.md\/ru\/","name":"HANNA ORGANIC","description":"Multi-Brand Cosmetic Store","potentialAction":[{"@type":"SearchAction","target":{"@type":"EntryPoint","urlTemplate":"https:\/\/hannaorganic.md\/ru\/?s={search_term_string}"},"query-input":{"@type":"PropertyValueSpecification","valueRequired":true,"valueName":"search_term_string"}}],"inLanguage":"ru-RU"}]}},"_links":{"self":[{"href":"https:\/\/hannaorganic.md\/ru\/wp-json\/wp\/v2\/product\/84490","targetHints":{"allow":["GET"]}}],"collection":[{"href":"https:\/\/hannaorganic.md\/ru\/wp-json\/wp\/v2\/product"}],"about":[{"href":"https:\/\/hannaorganic.md\/ru\/wp-json\/wp\/v2\/types\/product"}],"wp:featuredmedia":[{"embeddable":true,"href":"https:\/\/hannaorganic.md\/ru\/wp-json\/wp\/v2\/media\/84493"}],"wp:attachment":[{"href":"https:\/\/hannaorganic.md\/ru\/wp-json\/wp\/v2\/media?parent=84490"}],"wp:term":[{"taxonomy":"product_brand","embeddable":true,"href":"https:\/\/hannaorganic.md\/ru\/wp-json\/wp\/v2\/product_brand?post=84490"},{"taxonomy":"product_cat","embeddable":true,"href":"https:\/\/hannaorganic.md\/ru\/wp-json\/wp\/v2\/product_cat?post=84490"},{"taxonomy":"product_tag","embeddable":true,"href":"https:\/\/hannaorganic.md\/ru\/wp-json\/wp\/v2\/product_tag?post=84490"}],"curies":[{"name":"wp","href":"https:\/\/api.w.org\/{rel}","templated":true}]}}