{"id":84495,"date":"2024-12-01T12:16:26","date_gmt":"2024-12-01T10:16:26","guid":{"rendered":"https:\/\/hannaorganic.md\/?post_type=product&#038;p=84495"},"modified":"2025-06-14T16:43:15","modified_gmt":"2025-06-14T14:43:15","slug":"red-pepper-natural-perfumed-deodorant-stick-mr-scrubber","status":"publish","type":"product","link":"https:\/\/hannaorganic.md\/ru\/produs\/red-pepper-natural-perfumed-deodorant-stick-mr-scrubber\/","title":{"rendered":"Red Pepper Natural Perfumed Deodorant Stick Mr.SCRUBBER"},"content":{"rendered":"<p>Cum func\u021bioneaz\u0103 :<br \/>\n\u2022 glicerina hidrateaz\u0103, \u00eent\u0103re\u0219te bariera protectoare a dermei, elimin\u0103 irita\u021bia \u0219i ro\u0219ea\u021ba;<br \/>\n\u2022 Bisabololul cu func\u021bii antibacteriene \u0219i antiinflamatorii puternice previne dezvoltarea microflorei patogene, care provoac\u0103 apari\u021bia unui miros nepl\u0103cut.<\/p>\n<p>Efect :<br \/>\n\u2022 prevenirea mirosului nepl\u0103cut;<br \/>\n\u2022 catifelare, calmare;<br \/>\n\u2022 arom\u0103 profund\u0103 condimentat\u0103.<\/p>\n<p>Compozi\u0163ie :<br \/>\nPropilenglicol, Aqua (ap\u0103), glicerina, acid stearic, hidroxid de sodiu, bisabolol, etilhexilglicerin\u0103, fenoxietanol, parfum<\/p>\n<p>Mod de utilizare : Dupa dus sau baie, aplicati un strat subtire pe pielea curata si uscata a axilei, nu folositi pe pielea iritata.<\/p>\n<p>Volum : 50 g 1,69 fl oz<\/p>\n<p>V\u00e2rsta : 18+<\/p>\n<p>Contraindica\u021bii : sensibilitate individual\u0103 la componentele produsului. Evita\u021bi contactul cu ochii. \u00cen caz de contact cu ochii, cl\u0103ti\u021bi imediat cu ap\u0103, dac\u0103 este necesar consulta\u021bi un medic.<\/p>\n","protected":false},"excerpt":{"rendered":"<p>Deodorantul parfumat Man Protect Red Pepper are o arom\u0103 profund\u0103 condimentat\u0103, cu note ascu\u021bite caracteristice. Protejeaz\u0103 \u00een mod fiabil \u00eempotriva mirosurilor nepl\u0103cute, nu \u00eenfund\u0103 porii \u0219i nu se acumuleaz\u0103 \u00een corp, hidrateaz\u0103, calmeaz\u0103, lumineaz\u0103 u\u0219or pielea, ofer\u0103 confort pe tot parcursul zilei.<\/p>\n","protected":false},"featured_media":84500,"template":"","meta":[],"product_brand":[],"product_cat":[267,125,265,96,1529,92],"product_tag":[1531,1865,585,575,1530,1864,1520],"class_list":{"0":"post-84495","1":"product","2":"type-product","3":"status-publish","4":"has-post-thumbnail","6":"product_cat-body","7":"product_cat-intim","8":"product_cat-man","9":"product_cat-mrscrubber-md","10":"product_cat-natural-deodorant","11":"product_cat-toate-produsele","12":"product_tag-alcohol-free","13":"product_tag-alminiu-free","14":"product_tag-man","15":"product_tag-mr-scrubber","16":"product_tag-perfumed","17":"product_tag-red-pepper","18":"product_tag-stick","20":"first","21":"instock","22":"shipping-taxable","23":"purchasable","24":"product-type-simple"},"yoast_head":"<!-- This site is optimized with the Yoast SEO plugin v27.5 - https:\/\/yoast.com\/product\/yoast-seo-wordpress\/ -->\n<title>Red Pepper Natural Perfumed Deodorant Stick Mr.SCRUBBER - HANNA ORGANIC<\/title>\n<meta name=\"robots\" content=\"index, follow, max-snippet:-1, max-image-preview:large, max-video-preview:-1\" \/>\n<link rel=\"canonical\" href=\"https:\/\/hannaorganic.md\/ru\/produs\/red-pepper-natural-perfumed-deodorant-stick-mr-scrubber\/\" \/>\n<meta property=\"og:locale\" content=\"ru_RU\" \/>\n<meta property=\"og:type\" content=\"article\" \/>\n<meta property=\"og:title\" content=\"Red Pepper Natural Perfumed Deodorant Stick Mr.SCRUBBER - HANNA ORGANIC\" \/>\n<meta property=\"og:description\" content=\"Deodorantul parfumat Man Protect Red Pepper are o arom\u0103 profund\u0103 condimentat\u0103, cu note ascu\u021bite caracteristice. Protejeaz\u0103 \u00een mod fiabil \u00eempotriva mirosurilor nepl\u0103cute, nu \u00eenfund\u0103 porii \u0219i nu se acumuleaz\u0103 \u00een corp, hidrateaz\u0103, calmeaz\u0103, lumineaz\u0103 u\u0219or pielea, ofer\u0103 confort pe tot parcursul zilei.\" \/>\n<meta property=\"og:url\" content=\"https:\/\/hannaorganic.md\/ru\/produs\/red-pepper-natural-perfumed-deodorant-stick-mr-scrubber\/\" \/>\n<meta property=\"og:site_name\" content=\"HANNA ORGANIC\" \/>\n<meta property=\"article:publisher\" content=\"https:\/\/www.facebook.com\/bluemagic.md\/\" \/>\n<meta property=\"article:modified_time\" content=\"2025-06-14T14:43:15+00:00\" \/>\n<meta property=\"og:image\" content=\"https:\/\/hannaorganic.md\/wp-content\/uploads\/2024\/12\/IMG_3465-1.jpeg\" \/>\n\t<meta property=\"og:image:width\" content=\"956\" \/>\n\t<meta property=\"og:image:height\" content=\"890\" \/>\n\t<meta property=\"og:image:type\" content=\"image\/jpeg\" \/>\n<meta name=\"twitter:card\" content=\"summary_large_image\" \/>\n<meta name=\"twitter:label1\" content=\"\u041f\u0440\u0438\u043c\u0435\u0440\u043d\u043e\u0435 \u0432\u0440\u0435\u043c\u044f \u0434\u043b\u044f \u0447\u0442\u0435\u043d\u0438\u044f\" \/>\n\t<meta name=\"twitter:data1\" content=\"1 \u043c\u0438\u043d\u0443\u0442\u0430\" \/>\n<script type=\"application\/ld+json\" class=\"yoast-schema-graph\">{\"@context\":\"https:\\\/\\\/schema.org\",\"@graph\":[{\"@type\":\"WebPage\",\"@id\":\"https:\\\/\\\/hannaorganic.md\\\/ru\\\/produs\\\/red-pepper-natural-perfumed-deodorant-stick-mr-scrubber\\\/\",\"url\":\"https:\\\/\\\/hannaorganic.md\\\/ru\\\/produs\\\/red-pepper-natural-perfumed-deodorant-stick-mr-scrubber\\\/\",\"name\":\"Red Pepper Natural Perfumed Deodorant Stick Mr.SCRUBBER - HANNA ORGANIC\",\"isPartOf\":{\"@id\":\"https:\\\/\\\/hannaorganic.md\\\/ru\\\/#website\"},\"primaryImageOfPage\":{\"@id\":\"https:\\\/\\\/hannaorganic.md\\\/ru\\\/produs\\\/red-pepper-natural-perfumed-deodorant-stick-mr-scrubber\\\/#primaryimage\"},\"image\":{\"@id\":\"https:\\\/\\\/hannaorganic.md\\\/ru\\\/produs\\\/red-pepper-natural-perfumed-deodorant-stick-mr-scrubber\\\/#primaryimage\"},\"thumbnailUrl\":\"https:\\\/\\\/hannaorganic.md\\\/wp-content\\\/uploads\\\/2024\\\/12\\\/IMG_3465-1.jpeg\",\"datePublished\":\"2024-12-01T10:16:26+00:00\",\"dateModified\":\"2025-06-14T14:43:15+00:00\",\"breadcrumb\":{\"@id\":\"https:\\\/\\\/hannaorganic.md\\\/ru\\\/produs\\\/red-pepper-natural-perfumed-deodorant-stick-mr-scrubber\\\/#breadcrumb\"},\"inLanguage\":\"ru-RU\",\"potentialAction\":[{\"@type\":\"ReadAction\",\"target\":[\"https:\\\/\\\/hannaorganic.md\\\/ru\\\/produs\\\/red-pepper-natural-perfumed-deodorant-stick-mr-scrubber\\\/\"]}]},{\"@type\":\"ImageObject\",\"inLanguage\":\"ru-RU\",\"@id\":\"https:\\\/\\\/hannaorganic.md\\\/ru\\\/produs\\\/red-pepper-natural-perfumed-deodorant-stick-mr-scrubber\\\/#primaryimage\",\"url\":\"https:\\\/\\\/hannaorganic.md\\\/wp-content\\\/uploads\\\/2024\\\/12\\\/IMG_3465-1.jpeg\",\"contentUrl\":\"https:\\\/\\\/hannaorganic.md\\\/wp-content\\\/uploads\\\/2024\\\/12\\\/IMG_3465-1.jpeg\",\"width\":956,\"height\":890},{\"@type\":\"BreadcrumbList\",\"@id\":\"https:\\\/\\\/hannaorganic.md\\\/ru\\\/produs\\\/red-pepper-natural-perfumed-deodorant-stick-mr-scrubber\\\/#breadcrumb\",\"itemListElement\":[{\"@type\":\"ListItem\",\"position\":1,\"name\":\"Prima pagin\u0103\",\"item\":\"https:\\\/\\\/hannaorganic.md\\\/ru\\\/hanna-organic\\\/\"},{\"@type\":\"ListItem\",\"position\":2,\"name\":\"\u041c\u0430\u0433\u0430\u0437\u0438\u043d\",\"item\":\"https:\\\/\\\/hannaorganic.md\\\/ru\\\/shop\\\/\"},{\"@type\":\"ListItem\",\"position\":3,\"name\":\"Red Pepper Natural Perfumed Deodorant Stick Mr.SCRUBBER\"}]},{\"@type\":\"WebSite\",\"@id\":\"https:\\\/\\\/hannaorganic.md\\\/ru\\\/#website\",\"url\":\"https:\\\/\\\/hannaorganic.md\\\/ru\\\/\",\"name\":\"HANNA ORGANIC\",\"description\":\"Multi-Brand Cosmetic Store\",\"potentialAction\":[{\"@type\":\"SearchAction\",\"target\":{\"@type\":\"EntryPoint\",\"urlTemplate\":\"https:\\\/\\\/hannaorganic.md\\\/ru\\\/?s={search_term_string}\"},\"query-input\":{\"@type\":\"PropertyValueSpecification\",\"valueRequired\":true,\"valueName\":\"search_term_string\"}}],\"inLanguage\":\"ru-RU\"}]}<\/script>\n<!-- \/ Yoast SEO plugin. -->","yoast_head_json":{"title":"Red Pepper Natural Perfumed Deodorant Stick Mr.SCRUBBER - HANNA ORGANIC","robots":{"index":"index","follow":"follow","max-snippet":"max-snippet:-1","max-image-preview":"max-image-preview:large","max-video-preview":"max-video-preview:-1"},"canonical":"https:\/\/hannaorganic.md\/ru\/produs\/red-pepper-natural-perfumed-deodorant-stick-mr-scrubber\/","og_locale":"ru_RU","og_type":"article","og_title":"Red Pepper Natural Perfumed Deodorant Stick Mr.SCRUBBER - HANNA ORGANIC","og_description":"Deodorantul parfumat Man Protect Red Pepper are o arom\u0103 profund\u0103 condimentat\u0103, cu note ascu\u021bite caracteristice. Protejeaz\u0103 \u00een mod fiabil \u00eempotriva mirosurilor nepl\u0103cute, nu \u00eenfund\u0103 porii \u0219i nu se acumuleaz\u0103 \u00een corp, hidrateaz\u0103, calmeaz\u0103, lumineaz\u0103 u\u0219or pielea, ofer\u0103 confort pe tot parcursul zilei.","og_url":"https:\/\/hannaorganic.md\/ru\/produs\/red-pepper-natural-perfumed-deodorant-stick-mr-scrubber\/","og_site_name":"HANNA ORGANIC","article_publisher":"https:\/\/www.facebook.com\/bluemagic.md\/","article_modified_time":"2025-06-14T14:43:15+00:00","og_image":[{"width":956,"height":890,"url":"https:\/\/hannaorganic.md\/wp-content\/uploads\/2024\/12\/IMG_3465-1.jpeg","type":"image\/jpeg"}],"twitter_card":"summary_large_image","twitter_misc":{"\u041f\u0440\u0438\u043c\u0435\u0440\u043d\u043e\u0435 \u0432\u0440\u0435\u043c\u044f \u0434\u043b\u044f \u0447\u0442\u0435\u043d\u0438\u044f":"1 \u043c\u0438\u043d\u0443\u0442\u0430"},"schema":{"@context":"https:\/\/schema.org","@graph":[{"@type":"WebPage","@id":"https:\/\/hannaorganic.md\/ru\/produs\/red-pepper-natural-perfumed-deodorant-stick-mr-scrubber\/","url":"https:\/\/hannaorganic.md\/ru\/produs\/red-pepper-natural-perfumed-deodorant-stick-mr-scrubber\/","name":"Red Pepper Natural Perfumed Deodorant Stick Mr.SCRUBBER - HANNA ORGANIC","isPartOf":{"@id":"https:\/\/hannaorganic.md\/ru\/#website"},"primaryImageOfPage":{"@id":"https:\/\/hannaorganic.md\/ru\/produs\/red-pepper-natural-perfumed-deodorant-stick-mr-scrubber\/#primaryimage"},"image":{"@id":"https:\/\/hannaorganic.md\/ru\/produs\/red-pepper-natural-perfumed-deodorant-stick-mr-scrubber\/#primaryimage"},"thumbnailUrl":"https:\/\/hannaorganic.md\/wp-content\/uploads\/2024\/12\/IMG_3465-1.jpeg","datePublished":"2024-12-01T10:16:26+00:00","dateModified":"2025-06-14T14:43:15+00:00","breadcrumb":{"@id":"https:\/\/hannaorganic.md\/ru\/produs\/red-pepper-natural-perfumed-deodorant-stick-mr-scrubber\/#breadcrumb"},"inLanguage":"ru-RU","potentialAction":[{"@type":"ReadAction","target":["https:\/\/hannaorganic.md\/ru\/produs\/red-pepper-natural-perfumed-deodorant-stick-mr-scrubber\/"]}]},{"@type":"ImageObject","inLanguage":"ru-RU","@id":"https:\/\/hannaorganic.md\/ru\/produs\/red-pepper-natural-perfumed-deodorant-stick-mr-scrubber\/#primaryimage","url":"https:\/\/hannaorganic.md\/wp-content\/uploads\/2024\/12\/IMG_3465-1.jpeg","contentUrl":"https:\/\/hannaorganic.md\/wp-content\/uploads\/2024\/12\/IMG_3465-1.jpeg","width":956,"height":890},{"@type":"BreadcrumbList","@id":"https:\/\/hannaorganic.md\/ru\/produs\/red-pepper-natural-perfumed-deodorant-stick-mr-scrubber\/#breadcrumb","itemListElement":[{"@type":"ListItem","position":1,"name":"Prima pagin\u0103","item":"https:\/\/hannaorganic.md\/ru\/hanna-organic\/"},{"@type":"ListItem","position":2,"name":"\u041c\u0430\u0433\u0430\u0437\u0438\u043d","item":"https:\/\/hannaorganic.md\/ru\/shop\/"},{"@type":"ListItem","position":3,"name":"Red Pepper Natural Perfumed Deodorant Stick Mr.SCRUBBER"}]},{"@type":"WebSite","@id":"https:\/\/hannaorganic.md\/ru\/#website","url":"https:\/\/hannaorganic.md\/ru\/","name":"HANNA ORGANIC","description":"Multi-Brand Cosmetic Store","potentialAction":[{"@type":"SearchAction","target":{"@type":"EntryPoint","urlTemplate":"https:\/\/hannaorganic.md\/ru\/?s={search_term_string}"},"query-input":{"@type":"PropertyValueSpecification","valueRequired":true,"valueName":"search_term_string"}}],"inLanguage":"ru-RU"}]}},"_links":{"self":[{"href":"https:\/\/hannaorganic.md\/ru\/wp-json\/wp\/v2\/product\/84495","targetHints":{"allow":["GET"]}}],"collection":[{"href":"https:\/\/hannaorganic.md\/ru\/wp-json\/wp\/v2\/product"}],"about":[{"href":"https:\/\/hannaorganic.md\/ru\/wp-json\/wp\/v2\/types\/product"}],"wp:featuredmedia":[{"embeddable":true,"href":"https:\/\/hannaorganic.md\/ru\/wp-json\/wp\/v2\/media\/84500"}],"wp:attachment":[{"href":"https:\/\/hannaorganic.md\/ru\/wp-json\/wp\/v2\/media?parent=84495"}],"wp:term":[{"taxonomy":"product_brand","embeddable":true,"href":"https:\/\/hannaorganic.md\/ru\/wp-json\/wp\/v2\/product_brand?post=84495"},{"taxonomy":"product_cat","embeddable":true,"href":"https:\/\/hannaorganic.md\/ru\/wp-json\/wp\/v2\/product_cat?post=84495"},{"taxonomy":"product_tag","embeddable":true,"href":"https:\/\/hannaorganic.md\/ru\/wp-json\/wp\/v2\/product_tag?post=84495"}],"curies":[{"name":"wp","href":"https:\/\/api.w.org\/{rel}","templated":true}]}}