{"id":84502,"date":"2024-12-01T12:25:37","date_gmt":"2024-12-01T10:25:37","guid":{"rendered":"https:\/\/hannaorganic.md\/?post_type=product&#038;p=84502"},"modified":"2025-03-01T13:48:15","modified_gmt":"2025-03-01T11:48:15","slug":"man-after-shave-cream-vetiver-mr-scrubber","status":"publish","type":"product","link":"https:\/\/hannaorganic.md\/ru\/produs\/man-after-shave-cream-vetiver-mr-scrubber\/","title":{"rendered":"Man After Shave Cream Vetiver Mr.SCRUBBER"},"content":{"rendered":"<p>Cum func\u021bioneaz\u0103 :<br \/>\n\u2022 glicerina uniformizeaz\u0103 tonusul \u0219i hidrateaz\u0103 \u00een profunzime pielea, ajut\u0103 la \u00eent\u0103rirea barierei de protec\u021bie;<br \/>\n\u2022 squalanul calmeaza zonele sensibile, catifeleaza si retine umezeala in interior, previne aparitia ridurilor;<br \/>\n\u2022 alantoina reface, previne aparitia uscaciunii sau peelingului;<br \/>\n\u2022 uleiul de canabis hr\u0103ne\u0219te, satureaz\u0103 pielea cu acizi gra\u0219i necesari, cre\u0219te elasticitatea \u0219i fermitatea;<br \/>\n\u2022 pantenolul reface zonele deteriorate, are efecte antiinflamatorii si de vindecare a ranilor, sustine echilibrul energetic natural.<\/p>\n<p>Efect :<br \/>\n\u2022 \u00eenmuierea \u0219i refacerea epidermei;<br \/>\n\u2022 nutri\u021bia \u0219i \u00eent\u0103rirea barierei de protec\u021bie;<br \/>\n\u2022 calmant, asigur\u00e2nd un sentiment de confort.<\/p>\n<p>Compozi\u0163ie :<br \/>\nAqua, glicerina, 1,2 propilenglicol, squalan, palmitat de izopropil, trigliceride caprilice\/caprice, ciclometicon\u0103, alantoin\u0103, ulei de semin\u021be de canabis sativa, esteri de glicereth-8, D-pantenol, bisabolol, parfum, amoniu acriloildimetil copolimerot, amoniu acriloildimetilcopiloil , Fenoxietanol.<\/p>\n<p>Mod de utilizare :<br \/>\nAplica\u021bi crema pe fa\u021ba curat\u0103 dup\u0103 b\u0103rbierit.<\/p>\n<p>Contraindicatie : sensibilitatea individual\u0103 la componentele produsului. Evita\u021bi contactul cu ochii. \u00cen caz de contact cu ochii, cl\u0103ti\u021bi imediat cu ap\u0103, dac\u0103 este necesar consulta\u021bi un medic.<\/p>\n<p>Volum : 100 ml<\/p>\n","protected":false},"excerpt":{"rendered":"<p>Crema dupa ras cu vetiver are o arom\u0103 profund\u0103 cu note pronun\u021bate de fum, semitonuri unice de mu\u0219chi \u0219i piele. Hr\u0103ne\u0219te \u00een profunzime, hidrateaz\u0103, catifeleaz\u0103 pielea, ofer\u0103 confort \u0219i prospe\u021bime pe tot parcursul zilei, calmeaz\u0103, datorit\u0103 con\u021binutului de squalan, pantenol \u0219i alantoin\u0103. Extractele naturale elimin\u0103 ro\u0219ea\u021ba \u0219i irita\u021bia, \u00eent\u0103resc turgen\u021ba, promoveaz\u0103 vindecarea rapid\u0103 a microleziunilor.<\/p>\n","protected":false},"featured_media":84507,"template":"","meta":[],"product_brand":[],"product_cat":[357,266,265,96,92],"product_tag":[1866,1868,1293,585,575,1867,1862],"class_list":{"0":"post-84502","1":"product","2":"type-product","3":"status-publish","4":"has-post-thumbnail","6":"product_cat-aftershave","7":"product_cat-beard","8":"product_cat-man","9":"product_cat-mrscrubber-md","10":"product_cat-toate-produsele","11":"product_tag-after","12":"product_tag-beard","13":"product_tag-face","14":"product_tag-man","15":"product_tag-mr-scrubber","16":"product_tag-shave","17":"product_tag-vetiver","19":"first","20":"instock","21":"shipping-taxable","22":"purchasable","23":"product-type-simple"},"yoast_head":"<!-- This site is optimized with the Yoast SEO plugin v27.5 - https:\/\/yoast.com\/product\/yoast-seo-wordpress\/ -->\n<title>Man After Shave Cream Vetiver Mr.SCRUBBER - HANNA ORGANIC<\/title>\n<meta name=\"robots\" content=\"index, follow, max-snippet:-1, max-image-preview:large, max-video-preview:-1\" \/>\n<link rel=\"canonical\" href=\"https:\/\/hannaorganic.md\/ru\/produs\/man-after-shave-cream-vetiver-mr-scrubber\/\" \/>\n<meta property=\"og:locale\" content=\"ru_RU\" \/>\n<meta property=\"og:type\" content=\"article\" \/>\n<meta property=\"og:title\" content=\"Man After Shave Cream Vetiver Mr.SCRUBBER - HANNA ORGANIC\" \/>\n<meta property=\"og:description\" content=\"Crema dupa ras cu vetiver are o arom\u0103 profund\u0103 cu note pronun\u021bate de fum, semitonuri unice de mu\u0219chi \u0219i piele. Hr\u0103ne\u0219te \u00een profunzime, hidrateaz\u0103, catifeleaz\u0103 pielea, ofer\u0103 confort \u0219i prospe\u021bime pe tot parcursul zilei, calmeaz\u0103, datorit\u0103 con\u021binutului de squalan, pantenol \u0219i alantoin\u0103. Extractele naturale elimin\u0103 ro\u0219ea\u021ba \u0219i irita\u021bia, \u00eent\u0103resc turgen\u021ba, promoveaz\u0103 vindecarea rapid\u0103 a microleziunilor.\" \/>\n<meta property=\"og:url\" content=\"https:\/\/hannaorganic.md\/ru\/produs\/man-after-shave-cream-vetiver-mr-scrubber\/\" \/>\n<meta property=\"og:site_name\" content=\"HANNA ORGANIC\" \/>\n<meta property=\"article:publisher\" content=\"https:\/\/www.facebook.com\/bluemagic.md\/\" \/>\n<meta property=\"article:modified_time\" content=\"2025-03-01T11:48:15+00:00\" \/>\n<meta property=\"og:image\" content=\"https:\/\/hannaorganic.md\/wp-content\/uploads\/2024\/12\/IMG_3467-2.jpeg\" \/>\n\t<meta property=\"og:image:width\" content=\"759\" \/>\n\t<meta property=\"og:image:height\" content=\"913\" \/>\n\t<meta property=\"og:image:type\" content=\"image\/jpeg\" \/>\n<meta name=\"twitter:card\" content=\"summary_large_image\" \/>\n<meta name=\"twitter:label1\" content=\"\u041f\u0440\u0438\u043c\u0435\u0440\u043d\u043e\u0435 \u0432\u0440\u0435\u043c\u044f \u0434\u043b\u044f \u0447\u0442\u0435\u043d\u0438\u044f\" \/>\n\t<meta name=\"twitter:data1\" content=\"2 \u043c\u0438\u043d\u0443\u0442\u044b\" \/>\n<script type=\"application\/ld+json\" class=\"yoast-schema-graph\">{\"@context\":\"https:\\\/\\\/schema.org\",\"@graph\":[{\"@type\":\"WebPage\",\"@id\":\"https:\\\/\\\/hannaorganic.md\\\/ru\\\/produs\\\/man-after-shave-cream-vetiver-mr-scrubber\\\/\",\"url\":\"https:\\\/\\\/hannaorganic.md\\\/ru\\\/produs\\\/man-after-shave-cream-vetiver-mr-scrubber\\\/\",\"name\":\"Man After Shave Cream Vetiver Mr.SCRUBBER - HANNA ORGANIC\",\"isPartOf\":{\"@id\":\"https:\\\/\\\/hannaorganic.md\\\/ru\\\/#website\"},\"primaryImageOfPage\":{\"@id\":\"https:\\\/\\\/hannaorganic.md\\\/ru\\\/produs\\\/man-after-shave-cream-vetiver-mr-scrubber\\\/#primaryimage\"},\"image\":{\"@id\":\"https:\\\/\\\/hannaorganic.md\\\/ru\\\/produs\\\/man-after-shave-cream-vetiver-mr-scrubber\\\/#primaryimage\"},\"thumbnailUrl\":\"https:\\\/\\\/hannaorganic.md\\\/wp-content\\\/uploads\\\/2024\\\/12\\\/IMG_3467-2.jpeg\",\"datePublished\":\"2024-12-01T10:25:37+00:00\",\"dateModified\":\"2025-03-01T11:48:15+00:00\",\"breadcrumb\":{\"@id\":\"https:\\\/\\\/hannaorganic.md\\\/ru\\\/produs\\\/man-after-shave-cream-vetiver-mr-scrubber\\\/#breadcrumb\"},\"inLanguage\":\"ru-RU\",\"potentialAction\":[{\"@type\":\"ReadAction\",\"target\":[\"https:\\\/\\\/hannaorganic.md\\\/ru\\\/produs\\\/man-after-shave-cream-vetiver-mr-scrubber\\\/\"]}]},{\"@type\":\"ImageObject\",\"inLanguage\":\"ru-RU\",\"@id\":\"https:\\\/\\\/hannaorganic.md\\\/ru\\\/produs\\\/man-after-shave-cream-vetiver-mr-scrubber\\\/#primaryimage\",\"url\":\"https:\\\/\\\/hannaorganic.md\\\/wp-content\\\/uploads\\\/2024\\\/12\\\/IMG_3467-2.jpeg\",\"contentUrl\":\"https:\\\/\\\/hannaorganic.md\\\/wp-content\\\/uploads\\\/2024\\\/12\\\/IMG_3467-2.jpeg\",\"width\":759,\"height\":913},{\"@type\":\"BreadcrumbList\",\"@id\":\"https:\\\/\\\/hannaorganic.md\\\/ru\\\/produs\\\/man-after-shave-cream-vetiver-mr-scrubber\\\/#breadcrumb\",\"itemListElement\":[{\"@type\":\"ListItem\",\"position\":1,\"name\":\"Prima pagin\u0103\",\"item\":\"https:\\\/\\\/hannaorganic.md\\\/ru\\\/hanna-organic\\\/\"},{\"@type\":\"ListItem\",\"position\":2,\"name\":\"\u041c\u0430\u0433\u0430\u0437\u0438\u043d\",\"item\":\"https:\\\/\\\/hannaorganic.md\\\/ru\\\/shop\\\/\"},{\"@type\":\"ListItem\",\"position\":3,\"name\":\"Man After Shave Cream Vetiver Mr.SCRUBBER\"}]},{\"@type\":\"WebSite\",\"@id\":\"https:\\\/\\\/hannaorganic.md\\\/ru\\\/#website\",\"url\":\"https:\\\/\\\/hannaorganic.md\\\/ru\\\/\",\"name\":\"HANNA ORGANIC\",\"description\":\"Multi-Brand Cosmetic Store\",\"potentialAction\":[{\"@type\":\"SearchAction\",\"target\":{\"@type\":\"EntryPoint\",\"urlTemplate\":\"https:\\\/\\\/hannaorganic.md\\\/ru\\\/?s={search_term_string}\"},\"query-input\":{\"@type\":\"PropertyValueSpecification\",\"valueRequired\":true,\"valueName\":\"search_term_string\"}}],\"inLanguage\":\"ru-RU\"}]}<\/script>\n<!-- \/ Yoast SEO plugin. -->","yoast_head_json":{"title":"Man After Shave Cream Vetiver Mr.SCRUBBER - HANNA ORGANIC","robots":{"index":"index","follow":"follow","max-snippet":"max-snippet:-1","max-image-preview":"max-image-preview:large","max-video-preview":"max-video-preview:-1"},"canonical":"https:\/\/hannaorganic.md\/ru\/produs\/man-after-shave-cream-vetiver-mr-scrubber\/","og_locale":"ru_RU","og_type":"article","og_title":"Man After Shave Cream Vetiver Mr.SCRUBBER - HANNA ORGANIC","og_description":"Crema dupa ras cu vetiver are o arom\u0103 profund\u0103 cu note pronun\u021bate de fum, semitonuri unice de mu\u0219chi \u0219i piele. Hr\u0103ne\u0219te \u00een profunzime, hidrateaz\u0103, catifeleaz\u0103 pielea, ofer\u0103 confort \u0219i prospe\u021bime pe tot parcursul zilei, calmeaz\u0103, datorit\u0103 con\u021binutului de squalan, pantenol \u0219i alantoin\u0103. Extractele naturale elimin\u0103 ro\u0219ea\u021ba \u0219i irita\u021bia, \u00eent\u0103resc turgen\u021ba, promoveaz\u0103 vindecarea rapid\u0103 a microleziunilor.","og_url":"https:\/\/hannaorganic.md\/ru\/produs\/man-after-shave-cream-vetiver-mr-scrubber\/","og_site_name":"HANNA ORGANIC","article_publisher":"https:\/\/www.facebook.com\/bluemagic.md\/","article_modified_time":"2025-03-01T11:48:15+00:00","og_image":[{"width":759,"height":913,"url":"https:\/\/hannaorganic.md\/wp-content\/uploads\/2024\/12\/IMG_3467-2.jpeg","type":"image\/jpeg"}],"twitter_card":"summary_large_image","twitter_misc":{"\u041f\u0440\u0438\u043c\u0435\u0440\u043d\u043e\u0435 \u0432\u0440\u0435\u043c\u044f \u0434\u043b\u044f \u0447\u0442\u0435\u043d\u0438\u044f":"2 \u043c\u0438\u043d\u0443\u0442\u044b"},"schema":{"@context":"https:\/\/schema.org","@graph":[{"@type":"WebPage","@id":"https:\/\/hannaorganic.md\/ru\/produs\/man-after-shave-cream-vetiver-mr-scrubber\/","url":"https:\/\/hannaorganic.md\/ru\/produs\/man-after-shave-cream-vetiver-mr-scrubber\/","name":"Man After Shave Cream Vetiver Mr.SCRUBBER - HANNA ORGANIC","isPartOf":{"@id":"https:\/\/hannaorganic.md\/ru\/#website"},"primaryImageOfPage":{"@id":"https:\/\/hannaorganic.md\/ru\/produs\/man-after-shave-cream-vetiver-mr-scrubber\/#primaryimage"},"image":{"@id":"https:\/\/hannaorganic.md\/ru\/produs\/man-after-shave-cream-vetiver-mr-scrubber\/#primaryimage"},"thumbnailUrl":"https:\/\/hannaorganic.md\/wp-content\/uploads\/2024\/12\/IMG_3467-2.jpeg","datePublished":"2024-12-01T10:25:37+00:00","dateModified":"2025-03-01T11:48:15+00:00","breadcrumb":{"@id":"https:\/\/hannaorganic.md\/ru\/produs\/man-after-shave-cream-vetiver-mr-scrubber\/#breadcrumb"},"inLanguage":"ru-RU","potentialAction":[{"@type":"ReadAction","target":["https:\/\/hannaorganic.md\/ru\/produs\/man-after-shave-cream-vetiver-mr-scrubber\/"]}]},{"@type":"ImageObject","inLanguage":"ru-RU","@id":"https:\/\/hannaorganic.md\/ru\/produs\/man-after-shave-cream-vetiver-mr-scrubber\/#primaryimage","url":"https:\/\/hannaorganic.md\/wp-content\/uploads\/2024\/12\/IMG_3467-2.jpeg","contentUrl":"https:\/\/hannaorganic.md\/wp-content\/uploads\/2024\/12\/IMG_3467-2.jpeg","width":759,"height":913},{"@type":"BreadcrumbList","@id":"https:\/\/hannaorganic.md\/ru\/produs\/man-after-shave-cream-vetiver-mr-scrubber\/#breadcrumb","itemListElement":[{"@type":"ListItem","position":1,"name":"Prima pagin\u0103","item":"https:\/\/hannaorganic.md\/ru\/hanna-organic\/"},{"@type":"ListItem","position":2,"name":"\u041c\u0430\u0433\u0430\u0437\u0438\u043d","item":"https:\/\/hannaorganic.md\/ru\/shop\/"},{"@type":"ListItem","position":3,"name":"Man After Shave Cream Vetiver Mr.SCRUBBER"}]},{"@type":"WebSite","@id":"https:\/\/hannaorganic.md\/ru\/#website","url":"https:\/\/hannaorganic.md\/ru\/","name":"HANNA ORGANIC","description":"Multi-Brand Cosmetic Store","potentialAction":[{"@type":"SearchAction","target":{"@type":"EntryPoint","urlTemplate":"https:\/\/hannaorganic.md\/ru\/?s={search_term_string}"},"query-input":{"@type":"PropertyValueSpecification","valueRequired":true,"valueName":"search_term_string"}}],"inLanguage":"ru-RU"}]}},"_links":{"self":[{"href":"https:\/\/hannaorganic.md\/ru\/wp-json\/wp\/v2\/product\/84502","targetHints":{"allow":["GET"]}}],"collection":[{"href":"https:\/\/hannaorganic.md\/ru\/wp-json\/wp\/v2\/product"}],"about":[{"href":"https:\/\/hannaorganic.md\/ru\/wp-json\/wp\/v2\/types\/product"}],"wp:featuredmedia":[{"embeddable":true,"href":"https:\/\/hannaorganic.md\/ru\/wp-json\/wp\/v2\/media\/84507"}],"wp:attachment":[{"href":"https:\/\/hannaorganic.md\/ru\/wp-json\/wp\/v2\/media?parent=84502"}],"wp:term":[{"taxonomy":"product_brand","embeddable":true,"href":"https:\/\/hannaorganic.md\/ru\/wp-json\/wp\/v2\/product_brand?post=84502"},{"taxonomy":"product_cat","embeddable":true,"href":"https:\/\/hannaorganic.md\/ru\/wp-json\/wp\/v2\/product_cat?post=84502"},{"taxonomy":"product_tag","embeddable":true,"href":"https:\/\/hannaorganic.md\/ru\/wp-json\/wp\/v2\/product_tag?post=84502"}],"curies":[{"name":"wp","href":"https:\/\/api.w.org\/{rel}","templated":true}]}}