{"id":84511,"date":"2024-12-01T13:07:05","date_gmt":"2024-12-01T11:07:05","guid":{"rendered":"https:\/\/hannaorganic.md\/?post_type=product&#038;p=84511"},"modified":"2025-06-14T16:50:57","modified_gmt":"2025-06-14T14:50:57","slug":"man-hair-body-2-in-1-shampoo-white-moss-mr-scrubber","status":"publish","type":"product","link":"https:\/\/hannaorganic.md\/ru\/produs\/man-hair-body-2-in-1-shampoo-white-moss-mr-scrubber\/","title":{"rendered":"Man Hair &amp; Body 2 in 1 Shampoo White Moss Mr.SCRUBBER"},"content":{"rendered":"<p>Cum func\u021bioneaz\u0103 :<br \/>\n\u2022 Extractul din frunze de centella asiatica reface parul subtire, deteriorat si casant, regenereaza si calmeaza pielea;<br \/>\n\u2022 extractul din r\u0103d\u0103cina de scobi\u021ba Baikal are propriet\u0103\u021bi antioxidante, antimicrobiene \u0219i antiinflamatorii, protejeaz\u0103 pielea de efectele radicalilor liberi;<br \/>\n\u2022 extract de fructe de dragon hidrateaz\u0103, \u00eent\u0103re\u0219te pielea, previne foto\u00eemb\u0103tr\u00e2nirea;<br \/>\n\u2022 extractul de ceai verde calmeaza, reface, intareste peretii vaselor de sange, confera stralucire in ingrijirea parului si faciliteaza coafarea;<br \/>\n\u2022 extractul de r\u0103d\u0103cin\u0103 de lemn dulce reduce aspectul de pigmentare, elimin\u0103 irita\u021bia, \u00eent\u0103re\u0219te p\u0103rul;<br \/>\n\u2022 extractul de arpaca imbunatateste tonusul pielii, are proprietati antibacteriene puternice, mentine parul proaspat o perioada indelungata;<br \/>\n\u2022 extractul de rozmarin accelereaz\u0103 vindecarea, normalizeaz\u0103 secre\u021bia de sebum, \u00eembun\u0103t\u0103\u021be\u0219te semnificativ starea p\u0103rului, previne m\u0103trea\u021ba.<\/p>\n<p>Efect :<br \/>\n\u2022 curatare temeinica si delicata;<br \/>\n\u2022 mentinerea unei senzatii de prospetime timp indelungat;<br \/>\n\u2022 calmeaz\u0103, \u00eent\u0103re\u0219te pielea, reface p\u0103rul;<br \/>\n\u2022 arom\u0103 moale de mosc.<\/p>\n<p>Compozi\u0163ie :<br \/>\nAqua (ap\u0103), coco-glucozid\u0103, lauril sulfosuccinat disodic, glicerin\u0103, cocamidopropil betain\u0103, sulfonat de olefin\u0103 C14-16 de sodiu, acetat de poligliceril-3 betainat, poliglicerin\u0103-6, propandiol, extract de frunze de Centella Asiatica, extract de fructe de scutellaria baientusis Extract, Extract de frunze de Camellia Sinensis, Extract de r\u0103d\u0103cin\u0103 de Glycyrrhiza Glabra (Lemn dulce), Extract de r\u0103d\u0103cin\u0103 de Berberis Vulgaris, Rosmarinus Officinalis (Rozmarin) Extract de frunze, acid citric, metilcloroizotiazolinon\u0103, metilizotiazolinon\u0103, parfum.<\/p>\n<p>Mod de utilizare :<br \/>\nAplica\u021bi \u0219i spuma\u021bi pe p\u0103rul \u0219i\/sau corp umed, \u021bine\u021bi timp de un minut (acesta este necesar pentru ca microelementele nutritive s\u0103 ac\u021bioneze asupra pielii \u0219i p\u0103rului), cl\u0103ti\u021bi bine cu ap\u0103. Dac\u0103 este necesar, repeta\u021bi procedura.<\/p>\n<p>Contraindica\u021bii : sensibilitate individual\u0103 la componentele produsului. Evita\u021bi contactul cu ochii. \u00cen caz de contact cu ochii, cl\u0103ti\u021bi imediat cu ap\u0103, dac\u0103 este necesar consulta\u021bi un medic.<\/p>\n<p>Volum : 300 ml<\/p>\n","protected":false},"excerpt":{"rendered":"<p>\u0218amponul pentru corp \u0219i p\u0103r 2 \u00een 1 White Moss are o arom\u0103 moale de mosc cu note de mu\u0219chi, chihlimbar \u0219i lemn. Cur\u0103\u021b\u0103 delicat \u0219i temeinic pielea \u0219i p\u0103rul. Datorit\u0103 con\u021binutului de complex de extracte naturale, elimin\u0103 exfolierea \u0219i ro\u0219ea\u021ba, previne apari\u021bia usc\u0103ciunii sau str\u00e2ngerii, are un efect u\u0219or de dezodorizare \u0219i dezinfectare. Tonific\u0103 \u0219i \u00eemprosp\u0103teaz\u0103, ofer\u0103 o \u00eenc\u0103rc\u0103tur\u0103 de energie pentru \u00eentreaga zi.<\/p>\n","protected":false},"featured_media":84512,"template":"","meta":[],"product_brand":[],"product_cat":[267,1557,265,96,92],"product_tag":[1869,1343,660,585,575,574,1101,1870],"class_list":{"0":"post-84511","1":"product","2":"type-product","3":"status-publish","4":"has-post-thumbnail","6":"product_cat-body","7":"product_cat-hair","8":"product_cat-man","9":"product_cat-mrscrubber-md","10":"product_cat-toate-produsele","11":"product_tag-2in1","12":"product_tag-body","13":"product_tag-hair","14":"product_tag-man","15":"product_tag-mr-scrubber","16":"product_tag-shampoo","17":"product_tag-shower-gel","18":"product_tag-white-moss","20":"first","21":"instock","22":"shipping-taxable","23":"purchasable","24":"product-type-simple"},"yoast_head":"<!-- This site is optimized with the Yoast SEO plugin v27.5 - https:\/\/yoast.com\/product\/yoast-seo-wordpress\/ -->\n<title>Man Hair &amp; Body 2 in 1 Shampoo White Moss Mr.SCRUBBER - HANNA ORGANIC<\/title>\n<meta name=\"robots\" content=\"index, follow, max-snippet:-1, max-image-preview:large, max-video-preview:-1\" \/>\n<link rel=\"canonical\" href=\"https:\/\/hannaorganic.md\/ru\/produs\/man-hair-body-2-in-1-shampoo-white-moss-mr-scrubber\/\" \/>\n<meta property=\"og:locale\" content=\"ru_RU\" \/>\n<meta property=\"og:type\" content=\"article\" \/>\n<meta property=\"og:title\" content=\"Man Hair &amp; Body 2 in 1 Shampoo White Moss Mr.SCRUBBER - HANNA ORGANIC\" \/>\n<meta property=\"og:description\" content=\"\u0218amponul pentru corp \u0219i p\u0103r 2 \u00een 1 White Moss are o arom\u0103 moale de mosc cu note de mu\u0219chi, chihlimbar \u0219i lemn. Cur\u0103\u021b\u0103 delicat \u0219i temeinic pielea \u0219i p\u0103rul. Datorit\u0103 con\u021binutului de complex de extracte naturale, elimin\u0103 exfolierea \u0219i ro\u0219ea\u021ba, previne apari\u021bia usc\u0103ciunii sau str\u00e2ngerii, are un efect u\u0219or de dezodorizare \u0219i dezinfectare. Tonific\u0103 \u0219i \u00eemprosp\u0103teaz\u0103, ofer\u0103 o \u00eenc\u0103rc\u0103tur\u0103 de energie pentru \u00eentreaga zi.\" \/>\n<meta property=\"og:url\" content=\"https:\/\/hannaorganic.md\/ru\/produs\/man-hair-body-2-in-1-shampoo-white-moss-mr-scrubber\/\" \/>\n<meta property=\"og:site_name\" content=\"HANNA ORGANIC\" \/>\n<meta property=\"article:publisher\" content=\"https:\/\/www.facebook.com\/bluemagic.md\/\" \/>\n<meta property=\"article:modified_time\" content=\"2025-06-14T14:50:57+00:00\" \/>\n<meta property=\"og:image\" content=\"https:\/\/hannaorganic.md\/wp-content\/uploads\/2024\/12\/IMG_3468.jpeg\" \/>\n\t<meta property=\"og:image:width\" content=\"784\" \/>\n\t<meta property=\"og:image:height\" content=\"981\" \/>\n\t<meta property=\"og:image:type\" content=\"image\/jpeg\" \/>\n<meta name=\"twitter:card\" content=\"summary_large_image\" \/>\n<meta name=\"twitter:label1\" content=\"\u041f\u0440\u0438\u043c\u0435\u0440\u043d\u043e\u0435 \u0432\u0440\u0435\u043c\u044f \u0434\u043b\u044f \u0447\u0442\u0435\u043d\u0438\u044f\" \/>\n\t<meta name=\"twitter:data1\" content=\"2 \u043c\u0438\u043d\u0443\u0442\u044b\" \/>\n<script type=\"application\/ld+json\" class=\"yoast-schema-graph\">{\"@context\":\"https:\\\/\\\/schema.org\",\"@graph\":[{\"@type\":\"WebPage\",\"@id\":\"https:\\\/\\\/hannaorganic.md\\\/ru\\\/produs\\\/man-hair-body-2-in-1-shampoo-white-moss-mr-scrubber\\\/\",\"url\":\"https:\\\/\\\/hannaorganic.md\\\/ru\\\/produs\\\/man-hair-body-2-in-1-shampoo-white-moss-mr-scrubber\\\/\",\"name\":\"Man Hair &amp; Body 2 in 1 Shampoo White Moss Mr.SCRUBBER - HANNA ORGANIC\",\"isPartOf\":{\"@id\":\"https:\\\/\\\/hannaorganic.md\\\/ru\\\/#website\"},\"primaryImageOfPage\":{\"@id\":\"https:\\\/\\\/hannaorganic.md\\\/ru\\\/produs\\\/man-hair-body-2-in-1-shampoo-white-moss-mr-scrubber\\\/#primaryimage\"},\"image\":{\"@id\":\"https:\\\/\\\/hannaorganic.md\\\/ru\\\/produs\\\/man-hair-body-2-in-1-shampoo-white-moss-mr-scrubber\\\/#primaryimage\"},\"thumbnailUrl\":\"https:\\\/\\\/hannaorganic.md\\\/wp-content\\\/uploads\\\/2024\\\/12\\\/IMG_3468.jpeg\",\"datePublished\":\"2024-12-01T11:07:05+00:00\",\"dateModified\":\"2025-06-14T14:50:57+00:00\",\"breadcrumb\":{\"@id\":\"https:\\\/\\\/hannaorganic.md\\\/ru\\\/produs\\\/man-hair-body-2-in-1-shampoo-white-moss-mr-scrubber\\\/#breadcrumb\"},\"inLanguage\":\"ru-RU\",\"potentialAction\":[{\"@type\":\"ReadAction\",\"target\":[\"https:\\\/\\\/hannaorganic.md\\\/ru\\\/produs\\\/man-hair-body-2-in-1-shampoo-white-moss-mr-scrubber\\\/\"]}]},{\"@type\":\"ImageObject\",\"inLanguage\":\"ru-RU\",\"@id\":\"https:\\\/\\\/hannaorganic.md\\\/ru\\\/produs\\\/man-hair-body-2-in-1-shampoo-white-moss-mr-scrubber\\\/#primaryimage\",\"url\":\"https:\\\/\\\/hannaorganic.md\\\/wp-content\\\/uploads\\\/2024\\\/12\\\/IMG_3468.jpeg\",\"contentUrl\":\"https:\\\/\\\/hannaorganic.md\\\/wp-content\\\/uploads\\\/2024\\\/12\\\/IMG_3468.jpeg\",\"width\":784,\"height\":981},{\"@type\":\"BreadcrumbList\",\"@id\":\"https:\\\/\\\/hannaorganic.md\\\/ru\\\/produs\\\/man-hair-body-2-in-1-shampoo-white-moss-mr-scrubber\\\/#breadcrumb\",\"itemListElement\":[{\"@type\":\"ListItem\",\"position\":1,\"name\":\"Prima pagin\u0103\",\"item\":\"https:\\\/\\\/hannaorganic.md\\\/ru\\\/hanna-organic\\\/\"},{\"@type\":\"ListItem\",\"position\":2,\"name\":\"\u041c\u0430\u0433\u0430\u0437\u0438\u043d\",\"item\":\"https:\\\/\\\/hannaorganic.md\\\/ru\\\/shop\\\/\"},{\"@type\":\"ListItem\",\"position\":3,\"name\":\"Man Hair &amp; Body 2 in 1 Shampoo White Moss Mr.SCRUBBER\"}]},{\"@type\":\"WebSite\",\"@id\":\"https:\\\/\\\/hannaorganic.md\\\/ru\\\/#website\",\"url\":\"https:\\\/\\\/hannaorganic.md\\\/ru\\\/\",\"name\":\"HANNA ORGANIC\",\"description\":\"Multi-Brand Cosmetic Store\",\"potentialAction\":[{\"@type\":\"SearchAction\",\"target\":{\"@type\":\"EntryPoint\",\"urlTemplate\":\"https:\\\/\\\/hannaorganic.md\\\/ru\\\/?s={search_term_string}\"},\"query-input\":{\"@type\":\"PropertyValueSpecification\",\"valueRequired\":true,\"valueName\":\"search_term_string\"}}],\"inLanguage\":\"ru-RU\"}]}<\/script>\n<!-- \/ Yoast SEO plugin. -->","yoast_head_json":{"title":"Man Hair &amp; Body 2 in 1 Shampoo White Moss Mr.SCRUBBER - HANNA ORGANIC","robots":{"index":"index","follow":"follow","max-snippet":"max-snippet:-1","max-image-preview":"max-image-preview:large","max-video-preview":"max-video-preview:-1"},"canonical":"https:\/\/hannaorganic.md\/ru\/produs\/man-hair-body-2-in-1-shampoo-white-moss-mr-scrubber\/","og_locale":"ru_RU","og_type":"article","og_title":"Man Hair &amp; Body 2 in 1 Shampoo White Moss Mr.SCRUBBER - HANNA ORGANIC","og_description":"\u0218amponul pentru corp \u0219i p\u0103r 2 \u00een 1 White Moss are o arom\u0103 moale de mosc cu note de mu\u0219chi, chihlimbar \u0219i lemn. Cur\u0103\u021b\u0103 delicat \u0219i temeinic pielea \u0219i p\u0103rul. Datorit\u0103 con\u021binutului de complex de extracte naturale, elimin\u0103 exfolierea \u0219i ro\u0219ea\u021ba, previne apari\u021bia usc\u0103ciunii sau str\u00e2ngerii, are un efect u\u0219or de dezodorizare \u0219i dezinfectare. Tonific\u0103 \u0219i \u00eemprosp\u0103teaz\u0103, ofer\u0103 o \u00eenc\u0103rc\u0103tur\u0103 de energie pentru \u00eentreaga zi.","og_url":"https:\/\/hannaorganic.md\/ru\/produs\/man-hair-body-2-in-1-shampoo-white-moss-mr-scrubber\/","og_site_name":"HANNA ORGANIC","article_publisher":"https:\/\/www.facebook.com\/bluemagic.md\/","article_modified_time":"2025-06-14T14:50:57+00:00","og_image":[{"width":784,"height":981,"url":"https:\/\/hannaorganic.md\/wp-content\/uploads\/2024\/12\/IMG_3468.jpeg","type":"image\/jpeg"}],"twitter_card":"summary_large_image","twitter_misc":{"\u041f\u0440\u0438\u043c\u0435\u0440\u043d\u043e\u0435 \u0432\u0440\u0435\u043c\u044f \u0434\u043b\u044f \u0447\u0442\u0435\u043d\u0438\u044f":"2 \u043c\u0438\u043d\u0443\u0442\u044b"},"schema":{"@context":"https:\/\/schema.org","@graph":[{"@type":"WebPage","@id":"https:\/\/hannaorganic.md\/ru\/produs\/man-hair-body-2-in-1-shampoo-white-moss-mr-scrubber\/","url":"https:\/\/hannaorganic.md\/ru\/produs\/man-hair-body-2-in-1-shampoo-white-moss-mr-scrubber\/","name":"Man Hair &amp; Body 2 in 1 Shampoo White Moss Mr.SCRUBBER - HANNA ORGANIC","isPartOf":{"@id":"https:\/\/hannaorganic.md\/ru\/#website"},"primaryImageOfPage":{"@id":"https:\/\/hannaorganic.md\/ru\/produs\/man-hair-body-2-in-1-shampoo-white-moss-mr-scrubber\/#primaryimage"},"image":{"@id":"https:\/\/hannaorganic.md\/ru\/produs\/man-hair-body-2-in-1-shampoo-white-moss-mr-scrubber\/#primaryimage"},"thumbnailUrl":"https:\/\/hannaorganic.md\/wp-content\/uploads\/2024\/12\/IMG_3468.jpeg","datePublished":"2024-12-01T11:07:05+00:00","dateModified":"2025-06-14T14:50:57+00:00","breadcrumb":{"@id":"https:\/\/hannaorganic.md\/ru\/produs\/man-hair-body-2-in-1-shampoo-white-moss-mr-scrubber\/#breadcrumb"},"inLanguage":"ru-RU","potentialAction":[{"@type":"ReadAction","target":["https:\/\/hannaorganic.md\/ru\/produs\/man-hair-body-2-in-1-shampoo-white-moss-mr-scrubber\/"]}]},{"@type":"ImageObject","inLanguage":"ru-RU","@id":"https:\/\/hannaorganic.md\/ru\/produs\/man-hair-body-2-in-1-shampoo-white-moss-mr-scrubber\/#primaryimage","url":"https:\/\/hannaorganic.md\/wp-content\/uploads\/2024\/12\/IMG_3468.jpeg","contentUrl":"https:\/\/hannaorganic.md\/wp-content\/uploads\/2024\/12\/IMG_3468.jpeg","width":784,"height":981},{"@type":"BreadcrumbList","@id":"https:\/\/hannaorganic.md\/ru\/produs\/man-hair-body-2-in-1-shampoo-white-moss-mr-scrubber\/#breadcrumb","itemListElement":[{"@type":"ListItem","position":1,"name":"Prima pagin\u0103","item":"https:\/\/hannaorganic.md\/ru\/hanna-organic\/"},{"@type":"ListItem","position":2,"name":"\u041c\u0430\u0433\u0430\u0437\u0438\u043d","item":"https:\/\/hannaorganic.md\/ru\/shop\/"},{"@type":"ListItem","position":3,"name":"Man Hair &amp; Body 2 in 1 Shampoo White Moss Mr.SCRUBBER"}]},{"@type":"WebSite","@id":"https:\/\/hannaorganic.md\/ru\/#website","url":"https:\/\/hannaorganic.md\/ru\/","name":"HANNA ORGANIC","description":"Multi-Brand Cosmetic Store","potentialAction":[{"@type":"SearchAction","target":{"@type":"EntryPoint","urlTemplate":"https:\/\/hannaorganic.md\/ru\/?s={search_term_string}"},"query-input":{"@type":"PropertyValueSpecification","valueRequired":true,"valueName":"search_term_string"}}],"inLanguage":"ru-RU"}]}},"_links":{"self":[{"href":"https:\/\/hannaorganic.md\/ru\/wp-json\/wp\/v2\/product\/84511","targetHints":{"allow":["GET"]}}],"collection":[{"href":"https:\/\/hannaorganic.md\/ru\/wp-json\/wp\/v2\/product"}],"about":[{"href":"https:\/\/hannaorganic.md\/ru\/wp-json\/wp\/v2\/types\/product"}],"wp:featuredmedia":[{"embeddable":true,"href":"https:\/\/hannaorganic.md\/ru\/wp-json\/wp\/v2\/media\/84512"}],"wp:attachment":[{"href":"https:\/\/hannaorganic.md\/ru\/wp-json\/wp\/v2\/media?parent=84511"}],"wp:term":[{"taxonomy":"product_brand","embeddable":true,"href":"https:\/\/hannaorganic.md\/ru\/wp-json\/wp\/v2\/product_brand?post=84511"},{"taxonomy":"product_cat","embeddable":true,"href":"https:\/\/hannaorganic.md\/ru\/wp-json\/wp\/v2\/product_cat?post=84511"},{"taxonomy":"product_tag","embeddable":true,"href":"https:\/\/hannaorganic.md\/ru\/wp-json\/wp\/v2\/product_tag?post=84511"}],"curies":[{"name":"wp","href":"https:\/\/api.w.org\/{rel}","templated":true}]}}