{"id":84540,"date":"2024-12-01T17:22:56","date_gmt":"2024-12-01T15:22:56","guid":{"rendered":"https:\/\/hannaorganic.md\/?post_type=product&#038;p=84540"},"modified":"2024-12-01T17:55:58","modified_gmt":"2024-12-01T15:55:58","slug":"bio-retinol-bakuchiol-pomegranate-rejuvenating-face-peeling-mr-scrubber","status":"publish","type":"product","link":"https:\/\/hannaorganic.md\/ru\/produs\/bio-retinol-bakuchiol-pomegranate-rejuvenating-face-peeling-mr-scrubber\/","title":{"rendered":"Bio Retinol Bakuchiol &amp; Pomegranate Rejuvenating Face Peeling Mr.SCRUBBER"},"content":{"rendered":"<p>Cum func\u021bioneaz\u0103 :<br \/>\n\u2022 enzimele proteolitice ale enzimelor de rodie exfoliaz\u0103 \u0219i despart celulele moarte, netezesc \u0219i catifeleaz\u0103 pielea, o fac extrem de moale \u0219i neted\u0103 la aspect \u0219i la atingere;<br \/>\n\u2022 bakuchiol \u00eembun\u0103t\u0103\u021be\u0219te semnificativ elasticitatea fe\u021bei, reduce profunzimea ridurilor legate de v\u00e2rst\u0103 \u0219i mimeaz\u0103 eficient, elimin\u0103 \u00een mod eficient semnele de \u00eemb\u0103tr\u00e2nire.<\/p>\n<p>Efect :<br \/>\n\u2022 netezirea instant\u0103 \u0219i \u00eembun\u0103t\u0103\u021birea culorii pielii;<br \/>\n\u2022 refacerea regener\u0103rii naturale;<br \/>\n\u2022 reducerea vizibilit\u0103\u021bii pigment\u0103rii legate de v\u00e2rst\u0103 \u0219i sezonier\u0103.<\/p>\n<p>Compozi\u0163ie : Aqua (ap\u0103), extract de ferment de fructe de Lactobacillus\/Punica Granatum, PEG-8, poliacrilat de sodiu, Bakuchiol, EDTA disodic, metilcloroizotiazolinon\u0103, metilisotiazolinon\u0103<\/p>\n<p>Mod de utilizare :\u00a0 Aplicati o cantitate mica de peeling pe fata curatata si uscata de-a lungul liniilor de masaj, evitand zona din jurul ochilor si buzelor. L\u0103sa\u021bi 2-3 minute, \u00eendep\u0103rta\u021bi cu un tampon de bumbac \u0219i cl\u0103ti\u021bi cu o cantitate suficient\u0103 de ap\u0103. Utiliza\u021bi de 2-3 ori pe s\u0103pt\u0103m\u00e2n\u0103 pentru tipul de ten gras, pentru piele uscat\u0103 &#8212; de 1-2 ori timp de 7-10 zile. Pentru a ob\u021bine efectul maxim, v\u0103 recomand\u0103m s\u0103 folosi\u021bi un set de produse din seria Bio Retinol<\/p>\n<p>Volum : 100 ml<\/p>\n","protected":false},"excerpt":{"rendered":"<p>Peelingul cu gel de fa\u021b\u0103 cu enzime Bio Retinol cu \u200b\u200bbakuchiol \u0219i enzim\u0103 de rodie cur\u0103\u021b\u0103 pielea de celulele moarte, \u00eembun\u0103t\u0103\u021be\u0219te culoarea \u0219i textura, stimuleaz\u0103 procesele de re\u00eennoire natural\u0103 \u0219i \u00eentinerire, reduce aspectul pigment\u0103rii legate de v\u00e2rst\u0103 \u0219i de sezon.<\/p>\n","protected":false},"featured_media":84543,"template":"","meta":[],"product_brand":[],"product_cat":[100,124,96,92],"product_tag":[1873,1293,852,955,575,1271,604],"class_list":{"0":"post-84540","1":"product","2":"type-product","3":"status-publish","4":"has-post-thumbnail","6":"product_cat-fata","7":"product_cat-face-scrub","8":"product_cat-mrscrubber-md","9":"product_cat-toate-produsele","10":"product_tag-bio","11":"product_tag-face","12":"product_tag-gel","13":"product_tag-lifting","14":"product_tag-mr-scrubber","15":"product_tag-peeling","16":"product_tag-retinol","18":"first","19":"instock","20":"shipping-taxable","21":"purchasable","22":"product-type-simple"},"yoast_head":"<!-- This site is optimized with the Yoast SEO plugin v27.5 - https:\/\/yoast.com\/product\/yoast-seo-wordpress\/ -->\n<title>Bio Retinol Bakuchiol &amp; Pomegranate Rejuvenating Face Peeling Mr.SCRUBBER - HANNA ORGANIC<\/title>\n<meta name=\"robots\" content=\"index, follow, max-snippet:-1, max-image-preview:large, max-video-preview:-1\" \/>\n<link rel=\"canonical\" href=\"https:\/\/hannaorganic.md\/ru\/produs\/bio-retinol-bakuchiol-pomegranate-rejuvenating-face-peeling-mr-scrubber\/\" \/>\n<meta property=\"og:locale\" content=\"ru_RU\" \/>\n<meta property=\"og:type\" content=\"article\" \/>\n<meta property=\"og:title\" content=\"Bio Retinol Bakuchiol &amp; Pomegranate Rejuvenating Face Peeling Mr.SCRUBBER - HANNA ORGANIC\" \/>\n<meta property=\"og:description\" content=\"Peelingul cu gel de fa\u021b\u0103 cu enzime Bio Retinol cu \u200b\u200bbakuchiol \u0219i enzim\u0103 de rodie cur\u0103\u021b\u0103 pielea de celulele moarte, \u00eembun\u0103t\u0103\u021be\u0219te culoarea \u0219i textura, stimuleaz\u0103 procesele de re\u00eennoire natural\u0103 \u0219i \u00eentinerire, reduce aspectul pigment\u0103rii legate de v\u00e2rst\u0103 \u0219i de sezon.\" \/>\n<meta property=\"og:url\" content=\"https:\/\/hannaorganic.md\/ru\/produs\/bio-retinol-bakuchiol-pomegranate-rejuvenating-face-peeling-mr-scrubber\/\" \/>\n<meta property=\"og:site_name\" content=\"HANNA ORGANIC\" \/>\n<meta property=\"article:publisher\" content=\"https:\/\/www.facebook.com\/bluemagic.md\/\" \/>\n<meta property=\"article:modified_time\" content=\"2024-12-01T15:55:58+00:00\" \/>\n<meta property=\"og:image\" content=\"https:\/\/hannaorganic.md\/wp-content\/uploads\/2024\/12\/IMG_3526-1.jpeg\" \/>\n\t<meta property=\"og:image:width\" content=\"881\" \/>\n\t<meta property=\"og:image:height\" content=\"908\" \/>\n\t<meta property=\"og:image:type\" content=\"image\/jpeg\" \/>\n<meta name=\"twitter:card\" content=\"summary_large_image\" \/>\n<meta name=\"twitter:label1\" content=\"\u041f\u0440\u0438\u043c\u0435\u0440\u043d\u043e\u0435 \u0432\u0440\u0435\u043c\u044f \u0434\u043b\u044f \u0447\u0442\u0435\u043d\u0438\u044f\" \/>\n\t<meta name=\"twitter:data1\" content=\"2 \u043c\u0438\u043d\u0443\u0442\u044b\" \/>\n<script type=\"application\/ld+json\" class=\"yoast-schema-graph\">{\"@context\":\"https:\\\/\\\/schema.org\",\"@graph\":[{\"@type\":\"WebPage\",\"@id\":\"https:\\\/\\\/hannaorganic.md\\\/ru\\\/produs\\\/bio-retinol-bakuchiol-pomegranate-rejuvenating-face-peeling-mr-scrubber\\\/\",\"url\":\"https:\\\/\\\/hannaorganic.md\\\/ru\\\/produs\\\/bio-retinol-bakuchiol-pomegranate-rejuvenating-face-peeling-mr-scrubber\\\/\",\"name\":\"Bio Retinol Bakuchiol &amp; Pomegranate Rejuvenating Face Peeling Mr.SCRUBBER - HANNA ORGANIC\",\"isPartOf\":{\"@id\":\"https:\\\/\\\/hannaorganic.md\\\/ru\\\/#website\"},\"primaryImageOfPage\":{\"@id\":\"https:\\\/\\\/hannaorganic.md\\\/ru\\\/produs\\\/bio-retinol-bakuchiol-pomegranate-rejuvenating-face-peeling-mr-scrubber\\\/#primaryimage\"},\"image\":{\"@id\":\"https:\\\/\\\/hannaorganic.md\\\/ru\\\/produs\\\/bio-retinol-bakuchiol-pomegranate-rejuvenating-face-peeling-mr-scrubber\\\/#primaryimage\"},\"thumbnailUrl\":\"https:\\\/\\\/hannaorganic.md\\\/wp-content\\\/uploads\\\/2024\\\/12\\\/IMG_3526-1.jpeg\",\"datePublished\":\"2024-12-01T15:22:56+00:00\",\"dateModified\":\"2024-12-01T15:55:58+00:00\",\"breadcrumb\":{\"@id\":\"https:\\\/\\\/hannaorganic.md\\\/ru\\\/produs\\\/bio-retinol-bakuchiol-pomegranate-rejuvenating-face-peeling-mr-scrubber\\\/#breadcrumb\"},\"inLanguage\":\"ru-RU\",\"potentialAction\":[{\"@type\":\"ReadAction\",\"target\":[\"https:\\\/\\\/hannaorganic.md\\\/ru\\\/produs\\\/bio-retinol-bakuchiol-pomegranate-rejuvenating-face-peeling-mr-scrubber\\\/\"]}]},{\"@type\":\"ImageObject\",\"inLanguage\":\"ru-RU\",\"@id\":\"https:\\\/\\\/hannaorganic.md\\\/ru\\\/produs\\\/bio-retinol-bakuchiol-pomegranate-rejuvenating-face-peeling-mr-scrubber\\\/#primaryimage\",\"url\":\"https:\\\/\\\/hannaorganic.md\\\/wp-content\\\/uploads\\\/2024\\\/12\\\/IMG_3526-1.jpeg\",\"contentUrl\":\"https:\\\/\\\/hannaorganic.md\\\/wp-content\\\/uploads\\\/2024\\\/12\\\/IMG_3526-1.jpeg\",\"width\":881,\"height\":908},{\"@type\":\"BreadcrumbList\",\"@id\":\"https:\\\/\\\/hannaorganic.md\\\/ru\\\/produs\\\/bio-retinol-bakuchiol-pomegranate-rejuvenating-face-peeling-mr-scrubber\\\/#breadcrumb\",\"itemListElement\":[{\"@type\":\"ListItem\",\"position\":1,\"name\":\"Prima pagin\u0103\",\"item\":\"https:\\\/\\\/hannaorganic.md\\\/ru\\\/hanna-organic\\\/\"},{\"@type\":\"ListItem\",\"position\":2,\"name\":\"\u041c\u0430\u0433\u0430\u0437\u0438\u043d\",\"item\":\"https:\\\/\\\/hannaorganic.md\\\/ru\\\/shop\\\/\"},{\"@type\":\"ListItem\",\"position\":3,\"name\":\"Bio Retinol Bakuchiol &amp; Pomegranate Rejuvenating Face Peeling Mr.SCRUBBER\"}]},{\"@type\":\"WebSite\",\"@id\":\"https:\\\/\\\/hannaorganic.md\\\/ru\\\/#website\",\"url\":\"https:\\\/\\\/hannaorganic.md\\\/ru\\\/\",\"name\":\"HANNA ORGANIC\",\"description\":\"Multi-Brand Cosmetic Store\",\"potentialAction\":[{\"@type\":\"SearchAction\",\"target\":{\"@type\":\"EntryPoint\",\"urlTemplate\":\"https:\\\/\\\/hannaorganic.md\\\/ru\\\/?s={search_term_string}\"},\"query-input\":{\"@type\":\"PropertyValueSpecification\",\"valueRequired\":true,\"valueName\":\"search_term_string\"}}],\"inLanguage\":\"ru-RU\"}]}<\/script>\n<!-- \/ Yoast SEO plugin. -->","yoast_head_json":{"title":"Bio Retinol Bakuchiol &amp; Pomegranate Rejuvenating Face Peeling Mr.SCRUBBER - HANNA ORGANIC","robots":{"index":"index","follow":"follow","max-snippet":"max-snippet:-1","max-image-preview":"max-image-preview:large","max-video-preview":"max-video-preview:-1"},"canonical":"https:\/\/hannaorganic.md\/ru\/produs\/bio-retinol-bakuchiol-pomegranate-rejuvenating-face-peeling-mr-scrubber\/","og_locale":"ru_RU","og_type":"article","og_title":"Bio Retinol Bakuchiol &amp; Pomegranate Rejuvenating Face Peeling Mr.SCRUBBER - HANNA ORGANIC","og_description":"Peelingul cu gel de fa\u021b\u0103 cu enzime Bio Retinol cu \u200b\u200bbakuchiol \u0219i enzim\u0103 de rodie cur\u0103\u021b\u0103 pielea de celulele moarte, \u00eembun\u0103t\u0103\u021be\u0219te culoarea \u0219i textura, stimuleaz\u0103 procesele de re\u00eennoire natural\u0103 \u0219i \u00eentinerire, reduce aspectul pigment\u0103rii legate de v\u00e2rst\u0103 \u0219i de sezon.","og_url":"https:\/\/hannaorganic.md\/ru\/produs\/bio-retinol-bakuchiol-pomegranate-rejuvenating-face-peeling-mr-scrubber\/","og_site_name":"HANNA ORGANIC","article_publisher":"https:\/\/www.facebook.com\/bluemagic.md\/","article_modified_time":"2024-12-01T15:55:58+00:00","og_image":[{"width":881,"height":908,"url":"https:\/\/hannaorganic.md\/wp-content\/uploads\/2024\/12\/IMG_3526-1.jpeg","type":"image\/jpeg"}],"twitter_card":"summary_large_image","twitter_misc":{"\u041f\u0440\u0438\u043c\u0435\u0440\u043d\u043e\u0435 \u0432\u0440\u0435\u043c\u044f \u0434\u043b\u044f \u0447\u0442\u0435\u043d\u0438\u044f":"2 \u043c\u0438\u043d\u0443\u0442\u044b"},"schema":{"@context":"https:\/\/schema.org","@graph":[{"@type":"WebPage","@id":"https:\/\/hannaorganic.md\/ru\/produs\/bio-retinol-bakuchiol-pomegranate-rejuvenating-face-peeling-mr-scrubber\/","url":"https:\/\/hannaorganic.md\/ru\/produs\/bio-retinol-bakuchiol-pomegranate-rejuvenating-face-peeling-mr-scrubber\/","name":"Bio Retinol Bakuchiol &amp; Pomegranate Rejuvenating Face Peeling Mr.SCRUBBER - HANNA ORGANIC","isPartOf":{"@id":"https:\/\/hannaorganic.md\/ru\/#website"},"primaryImageOfPage":{"@id":"https:\/\/hannaorganic.md\/ru\/produs\/bio-retinol-bakuchiol-pomegranate-rejuvenating-face-peeling-mr-scrubber\/#primaryimage"},"image":{"@id":"https:\/\/hannaorganic.md\/ru\/produs\/bio-retinol-bakuchiol-pomegranate-rejuvenating-face-peeling-mr-scrubber\/#primaryimage"},"thumbnailUrl":"https:\/\/hannaorganic.md\/wp-content\/uploads\/2024\/12\/IMG_3526-1.jpeg","datePublished":"2024-12-01T15:22:56+00:00","dateModified":"2024-12-01T15:55:58+00:00","breadcrumb":{"@id":"https:\/\/hannaorganic.md\/ru\/produs\/bio-retinol-bakuchiol-pomegranate-rejuvenating-face-peeling-mr-scrubber\/#breadcrumb"},"inLanguage":"ru-RU","potentialAction":[{"@type":"ReadAction","target":["https:\/\/hannaorganic.md\/ru\/produs\/bio-retinol-bakuchiol-pomegranate-rejuvenating-face-peeling-mr-scrubber\/"]}]},{"@type":"ImageObject","inLanguage":"ru-RU","@id":"https:\/\/hannaorganic.md\/ru\/produs\/bio-retinol-bakuchiol-pomegranate-rejuvenating-face-peeling-mr-scrubber\/#primaryimage","url":"https:\/\/hannaorganic.md\/wp-content\/uploads\/2024\/12\/IMG_3526-1.jpeg","contentUrl":"https:\/\/hannaorganic.md\/wp-content\/uploads\/2024\/12\/IMG_3526-1.jpeg","width":881,"height":908},{"@type":"BreadcrumbList","@id":"https:\/\/hannaorganic.md\/ru\/produs\/bio-retinol-bakuchiol-pomegranate-rejuvenating-face-peeling-mr-scrubber\/#breadcrumb","itemListElement":[{"@type":"ListItem","position":1,"name":"Prima pagin\u0103","item":"https:\/\/hannaorganic.md\/ru\/hanna-organic\/"},{"@type":"ListItem","position":2,"name":"\u041c\u0430\u0433\u0430\u0437\u0438\u043d","item":"https:\/\/hannaorganic.md\/ru\/shop\/"},{"@type":"ListItem","position":3,"name":"Bio Retinol Bakuchiol &amp; Pomegranate Rejuvenating Face Peeling Mr.SCRUBBER"}]},{"@type":"WebSite","@id":"https:\/\/hannaorganic.md\/ru\/#website","url":"https:\/\/hannaorganic.md\/ru\/","name":"HANNA ORGANIC","description":"Multi-Brand Cosmetic Store","potentialAction":[{"@type":"SearchAction","target":{"@type":"EntryPoint","urlTemplate":"https:\/\/hannaorganic.md\/ru\/?s={search_term_string}"},"query-input":{"@type":"PropertyValueSpecification","valueRequired":true,"valueName":"search_term_string"}}],"inLanguage":"ru-RU"}]}},"_links":{"self":[{"href":"https:\/\/hannaorganic.md\/ru\/wp-json\/wp\/v2\/product\/84540","targetHints":{"allow":["GET"]}}],"collection":[{"href":"https:\/\/hannaorganic.md\/ru\/wp-json\/wp\/v2\/product"}],"about":[{"href":"https:\/\/hannaorganic.md\/ru\/wp-json\/wp\/v2\/types\/product"}],"wp:featuredmedia":[{"embeddable":true,"href":"https:\/\/hannaorganic.md\/ru\/wp-json\/wp\/v2\/media\/84543"}],"wp:attachment":[{"href":"https:\/\/hannaorganic.md\/ru\/wp-json\/wp\/v2\/media?parent=84540"}],"wp:term":[{"taxonomy":"product_brand","embeddable":true,"href":"https:\/\/hannaorganic.md\/ru\/wp-json\/wp\/v2\/product_brand?post=84540"},{"taxonomy":"product_cat","embeddable":true,"href":"https:\/\/hannaorganic.md\/ru\/wp-json\/wp\/v2\/product_cat?post=84540"},{"taxonomy":"product_tag","embeddable":true,"href":"https:\/\/hannaorganic.md\/ru\/wp-json\/wp\/v2\/product_tag?post=84540"}],"curies":[{"name":"wp","href":"https:\/\/api.w.org\/{rel}","templated":true}]}}