{"id":84549,"date":"2024-12-01T17:40:35","date_gmt":"2024-12-01T15:40:35","guid":{"rendered":"https:\/\/hannaorganic.md\/?post_type=product&#038;p=84549"},"modified":"2025-12-11T14:50:49","modified_gmt":"2025-12-11T12:50:49","slug":"bio-retinol-blue-algae-rejuvenating-face-tonic-mr-scrubber","status":"publish","type":"product","link":"https:\/\/hannaorganic.md\/ru\/produs\/bio-retinol-blue-algae-rejuvenating-face-tonic-mr-scrubber\/","title":{"rendered":"Bio Retinol Blue Algae Rejuvenating Face Tonic Mr.SCRUBBER"},"content":{"rendered":"<p>Cum func\u021bioneaz\u0103 :<br \/>\n\u2022 Filtratul de enzime Lactobacillus favorizeaz\u0103 sinteza colagenului, cre\u0219te elasticitatea fibrelor, asigur\u0103 lifting natural moale, hidrateaz\u0103 profund, elimin\u0103 microflora patogen\u0103, sus\u021bine microbiomul natural;<br \/>\n\u2022 extractul de alge albastre restabileste echilibrul lipidic, hidrateaza si ajuta la eliminarea primelor semne de imbatranire;<br \/>\n\u2022 extractul de afine \u00eembun\u0103t\u0103\u021be\u0219te tenul, \u00eel albe\u0219te u\u0219or, are un efect de regenerare vizibil;<br \/>\n\u2022 extractul de trestie de zah\u0103r hidrateaz\u0103, regenereaz\u0103, elimin\u0103 paloarea \u0219i letargia;<br \/>\n\u2022 extractele de portocal\u0103 \u0219i l\u0103m\u00e2ie \u00eent\u0103resc imunitatea local\u0103, netede vizibil, elimin\u0103 pigmentarea legat\u0103 de v\u00e2rst\u0103 \u0219i de sezon;<br \/>\n\u2022 extractul de suc de ar\u021bar satureaz\u0103 pielea cu umiditate \u0219i componente utile, previne \u00eemb\u0103tr\u00e2nirea prematur\u0103.<\/p>\n<p>Efect :<br \/>\n\u2022 prospetime, tonifiere si catifelare a pielii;<br \/>\n\u2022 eviden\u021bierea delicat\u0103, reduc\u00e2nd vizibilitatea pigment\u0103rii legate de v\u00e2rst\u0103 \u0219i de sezon;<br \/>\n\u2022 \u00eent\u0103rirea \u0219i refacerea fe\u021bei.<\/p>\n<p>Compozi\u0163ie : Aqua (ap\u0103), pentilenglicol, ferment de lactobacil, sorbitol, extract de alge, extract de fructe\/frunze de Vaccinium Myrtillus, extract de saccharum officinarum (trestie de zah\u0103r), extract de fructe de Citrus Aurantium Dulcis (portocale), extract de fructe de citrus limon (l\u0103m\u00e2ie), Acer Saccharum (Ar\u021bar de zah\u0103r) Extract.<\/p>\n<p>Mod de utilizare : Aplica\u021bi tonerul pe palma m\u00e2inii sau pe un tampon de bumbac \u0219i distribui\u021bi uniform pe fa\u021b\u0103. Deplasa\u021bi-v\u0103 de-a lungul liniilor de masaj. Utiliza\u021bi de dou\u0103 ori pe zi, diminea\u021ba \u0219i seara. Pentru a ob\u021bine efectul maxim, v\u0103 recomand\u0103m s\u0103 folosi\u021bi un set de produse din seria Bio Retinol.<\/p>\n<p>Volum : 200 ml<\/p>\n","protected":false},"excerpt":{"rendered":"<p>Tonic de fa\u021b\u0103 \u00eentineritor Bio Retinol cu \u200b\u200bextract de alge albastre \u0219i probiotic tonific\u0103 delicat, \u00eemprosp\u0103teaz\u0103 \u0219i stimuleaz\u0103 procesele naturale de regenerare. Are un efect u\u0219or de albire \u0219i hidratare, \u00eent\u0103re\u0219te imunitatea local\u0103, sus\u021bine microbiomul pielii.<\/p>\n","protected":false},"featured_media":84552,"template":"","meta":[],"product_brand":[],"product_cat":[100,96,92,110],"product_tag":[1875,1873,1874,1293,955,575,604,1846],"class_list":{"0":"post-84549","1":"product","2":"type-product","3":"status-publish","4":"has-post-thumbnail","6":"product_cat-fata","7":"product_cat-mrscrubber-md","8":"product_cat-toate-produsele","9":"product_cat-tonic","10":"product_tag-algae","11":"product_tag-bio","12":"product_tag-blue","13":"product_tag-face","14":"product_tag-lifting","15":"product_tag-mr-scrubber","16":"product_tag-retinol","17":"product_tag-tonic","19":"first","20":"outofstock","21":"shipping-taxable","22":"purchasable","23":"product-type-simple"},"yoast_head":"<!-- This site is optimized with the Yoast SEO plugin v27.5 - https:\/\/yoast.com\/product\/yoast-seo-wordpress\/ -->\n<title>Bio Retinol Blue Algae Rejuvenating Face Tonic Mr.SCRUBBER - HANNA ORGANIC<\/title>\n<meta name=\"robots\" content=\"index, follow, max-snippet:-1, max-image-preview:large, max-video-preview:-1\" \/>\n<link rel=\"canonical\" href=\"https:\/\/hannaorganic.md\/ru\/produs\/bio-retinol-blue-algae-rejuvenating-face-tonic-mr-scrubber\/\" \/>\n<meta property=\"og:locale\" content=\"ru_RU\" \/>\n<meta property=\"og:type\" content=\"article\" \/>\n<meta property=\"og:title\" content=\"Bio Retinol Blue Algae Rejuvenating Face Tonic Mr.SCRUBBER - HANNA ORGANIC\" \/>\n<meta property=\"og:description\" content=\"Tonic de fa\u021b\u0103 \u00eentineritor Bio Retinol cu \u200b\u200bextract de alge albastre \u0219i probiotic tonific\u0103 delicat, \u00eemprosp\u0103teaz\u0103 \u0219i stimuleaz\u0103 procesele naturale de regenerare. Are un efect u\u0219or de albire \u0219i hidratare, \u00eent\u0103re\u0219te imunitatea local\u0103, sus\u021bine microbiomul pielii.\" \/>\n<meta property=\"og:url\" content=\"https:\/\/hannaorganic.md\/ru\/produs\/bio-retinol-blue-algae-rejuvenating-face-tonic-mr-scrubber\/\" \/>\n<meta property=\"og:site_name\" content=\"HANNA ORGANIC\" \/>\n<meta property=\"article:publisher\" content=\"https:\/\/www.facebook.com\/bluemagic.md\/\" \/>\n<meta property=\"article:modified_time\" content=\"2025-12-11T12:50:49+00:00\" \/>\n<meta property=\"og:image\" content=\"https:\/\/hannaorganic.md\/wp-content\/uploads\/2024\/12\/IMG_3529-1.jpeg\" \/>\n\t<meta property=\"og:image:width\" content=\"995\" \/>\n\t<meta property=\"og:image:height\" content=\"836\" \/>\n\t<meta property=\"og:image:type\" content=\"image\/jpeg\" \/>\n<meta name=\"twitter:card\" content=\"summary_large_image\" \/>\n<meta name=\"twitter:label1\" content=\"\u041f\u0440\u0438\u043c\u0435\u0440\u043d\u043e\u0435 \u0432\u0440\u0435\u043c\u044f \u0434\u043b\u044f \u0447\u0442\u0435\u043d\u0438\u044f\" \/>\n\t<meta name=\"twitter:data1\" content=\"2 \u043c\u0438\u043d\u0443\u0442\u044b\" \/>\n<script type=\"application\/ld+json\" class=\"yoast-schema-graph\">{\"@context\":\"https:\\\/\\\/schema.org\",\"@graph\":[{\"@type\":\"WebPage\",\"@id\":\"https:\\\/\\\/hannaorganic.md\\\/ru\\\/produs\\\/bio-retinol-blue-algae-rejuvenating-face-tonic-mr-scrubber\\\/\",\"url\":\"https:\\\/\\\/hannaorganic.md\\\/ru\\\/produs\\\/bio-retinol-blue-algae-rejuvenating-face-tonic-mr-scrubber\\\/\",\"name\":\"Bio Retinol Blue Algae Rejuvenating Face Tonic Mr.SCRUBBER - HANNA ORGANIC\",\"isPartOf\":{\"@id\":\"https:\\\/\\\/hannaorganic.md\\\/ru\\\/#website\"},\"primaryImageOfPage\":{\"@id\":\"https:\\\/\\\/hannaorganic.md\\\/ru\\\/produs\\\/bio-retinol-blue-algae-rejuvenating-face-tonic-mr-scrubber\\\/#primaryimage\"},\"image\":{\"@id\":\"https:\\\/\\\/hannaorganic.md\\\/ru\\\/produs\\\/bio-retinol-blue-algae-rejuvenating-face-tonic-mr-scrubber\\\/#primaryimage\"},\"thumbnailUrl\":\"https:\\\/\\\/hannaorganic.md\\\/wp-content\\\/uploads\\\/2024\\\/12\\\/IMG_3529-1.jpeg\",\"datePublished\":\"2024-12-01T15:40:35+00:00\",\"dateModified\":\"2025-12-11T12:50:49+00:00\",\"breadcrumb\":{\"@id\":\"https:\\\/\\\/hannaorganic.md\\\/ru\\\/produs\\\/bio-retinol-blue-algae-rejuvenating-face-tonic-mr-scrubber\\\/#breadcrumb\"},\"inLanguage\":\"ru-RU\",\"potentialAction\":[{\"@type\":\"ReadAction\",\"target\":[\"https:\\\/\\\/hannaorganic.md\\\/ru\\\/produs\\\/bio-retinol-blue-algae-rejuvenating-face-tonic-mr-scrubber\\\/\"]}]},{\"@type\":\"ImageObject\",\"inLanguage\":\"ru-RU\",\"@id\":\"https:\\\/\\\/hannaorganic.md\\\/ru\\\/produs\\\/bio-retinol-blue-algae-rejuvenating-face-tonic-mr-scrubber\\\/#primaryimage\",\"url\":\"https:\\\/\\\/hannaorganic.md\\\/wp-content\\\/uploads\\\/2024\\\/12\\\/IMG_3529-1.jpeg\",\"contentUrl\":\"https:\\\/\\\/hannaorganic.md\\\/wp-content\\\/uploads\\\/2024\\\/12\\\/IMG_3529-1.jpeg\",\"width\":995,\"height\":836},{\"@type\":\"BreadcrumbList\",\"@id\":\"https:\\\/\\\/hannaorganic.md\\\/ru\\\/produs\\\/bio-retinol-blue-algae-rejuvenating-face-tonic-mr-scrubber\\\/#breadcrumb\",\"itemListElement\":[{\"@type\":\"ListItem\",\"position\":1,\"name\":\"Prima pagin\u0103\",\"item\":\"https:\\\/\\\/hannaorganic.md\\\/ru\\\/hanna-organic\\\/\"},{\"@type\":\"ListItem\",\"position\":2,\"name\":\"\u041c\u0430\u0433\u0430\u0437\u0438\u043d\",\"item\":\"https:\\\/\\\/hannaorganic.md\\\/ru\\\/shop\\\/\"},{\"@type\":\"ListItem\",\"position\":3,\"name\":\"Bio Retinol Blue Algae Rejuvenating Face Tonic Mr.SCRUBBER\"}]},{\"@type\":\"WebSite\",\"@id\":\"https:\\\/\\\/hannaorganic.md\\\/ru\\\/#website\",\"url\":\"https:\\\/\\\/hannaorganic.md\\\/ru\\\/\",\"name\":\"HANNA ORGANIC\",\"description\":\"Multi-Brand Cosmetic Store\",\"potentialAction\":[{\"@type\":\"SearchAction\",\"target\":{\"@type\":\"EntryPoint\",\"urlTemplate\":\"https:\\\/\\\/hannaorganic.md\\\/ru\\\/?s={search_term_string}\"},\"query-input\":{\"@type\":\"PropertyValueSpecification\",\"valueRequired\":true,\"valueName\":\"search_term_string\"}}],\"inLanguage\":\"ru-RU\"}]}<\/script>\n<!-- \/ Yoast SEO plugin. -->","yoast_head_json":{"title":"Bio Retinol Blue Algae Rejuvenating Face Tonic Mr.SCRUBBER - HANNA ORGANIC","robots":{"index":"index","follow":"follow","max-snippet":"max-snippet:-1","max-image-preview":"max-image-preview:large","max-video-preview":"max-video-preview:-1"},"canonical":"https:\/\/hannaorganic.md\/ru\/produs\/bio-retinol-blue-algae-rejuvenating-face-tonic-mr-scrubber\/","og_locale":"ru_RU","og_type":"article","og_title":"Bio Retinol Blue Algae Rejuvenating Face Tonic Mr.SCRUBBER - HANNA ORGANIC","og_description":"Tonic de fa\u021b\u0103 \u00eentineritor Bio Retinol cu \u200b\u200bextract de alge albastre \u0219i probiotic tonific\u0103 delicat, \u00eemprosp\u0103teaz\u0103 \u0219i stimuleaz\u0103 procesele naturale de regenerare. Are un efect u\u0219or de albire \u0219i hidratare, \u00eent\u0103re\u0219te imunitatea local\u0103, sus\u021bine microbiomul pielii.","og_url":"https:\/\/hannaorganic.md\/ru\/produs\/bio-retinol-blue-algae-rejuvenating-face-tonic-mr-scrubber\/","og_site_name":"HANNA ORGANIC","article_publisher":"https:\/\/www.facebook.com\/bluemagic.md\/","article_modified_time":"2025-12-11T12:50:49+00:00","og_image":[{"width":995,"height":836,"url":"https:\/\/hannaorganic.md\/wp-content\/uploads\/2024\/12\/IMG_3529-1.jpeg","type":"image\/jpeg"}],"twitter_card":"summary_large_image","twitter_misc":{"\u041f\u0440\u0438\u043c\u0435\u0440\u043d\u043e\u0435 \u0432\u0440\u0435\u043c\u044f \u0434\u043b\u044f \u0447\u0442\u0435\u043d\u0438\u044f":"2 \u043c\u0438\u043d\u0443\u0442\u044b"},"schema":{"@context":"https:\/\/schema.org","@graph":[{"@type":"WebPage","@id":"https:\/\/hannaorganic.md\/ru\/produs\/bio-retinol-blue-algae-rejuvenating-face-tonic-mr-scrubber\/","url":"https:\/\/hannaorganic.md\/ru\/produs\/bio-retinol-blue-algae-rejuvenating-face-tonic-mr-scrubber\/","name":"Bio Retinol Blue Algae Rejuvenating Face Tonic Mr.SCRUBBER - HANNA ORGANIC","isPartOf":{"@id":"https:\/\/hannaorganic.md\/ru\/#website"},"primaryImageOfPage":{"@id":"https:\/\/hannaorganic.md\/ru\/produs\/bio-retinol-blue-algae-rejuvenating-face-tonic-mr-scrubber\/#primaryimage"},"image":{"@id":"https:\/\/hannaorganic.md\/ru\/produs\/bio-retinol-blue-algae-rejuvenating-face-tonic-mr-scrubber\/#primaryimage"},"thumbnailUrl":"https:\/\/hannaorganic.md\/wp-content\/uploads\/2024\/12\/IMG_3529-1.jpeg","datePublished":"2024-12-01T15:40:35+00:00","dateModified":"2025-12-11T12:50:49+00:00","breadcrumb":{"@id":"https:\/\/hannaorganic.md\/ru\/produs\/bio-retinol-blue-algae-rejuvenating-face-tonic-mr-scrubber\/#breadcrumb"},"inLanguage":"ru-RU","potentialAction":[{"@type":"ReadAction","target":["https:\/\/hannaorganic.md\/ru\/produs\/bio-retinol-blue-algae-rejuvenating-face-tonic-mr-scrubber\/"]}]},{"@type":"ImageObject","inLanguage":"ru-RU","@id":"https:\/\/hannaorganic.md\/ru\/produs\/bio-retinol-blue-algae-rejuvenating-face-tonic-mr-scrubber\/#primaryimage","url":"https:\/\/hannaorganic.md\/wp-content\/uploads\/2024\/12\/IMG_3529-1.jpeg","contentUrl":"https:\/\/hannaorganic.md\/wp-content\/uploads\/2024\/12\/IMG_3529-1.jpeg","width":995,"height":836},{"@type":"BreadcrumbList","@id":"https:\/\/hannaorganic.md\/ru\/produs\/bio-retinol-blue-algae-rejuvenating-face-tonic-mr-scrubber\/#breadcrumb","itemListElement":[{"@type":"ListItem","position":1,"name":"Prima pagin\u0103","item":"https:\/\/hannaorganic.md\/ru\/hanna-organic\/"},{"@type":"ListItem","position":2,"name":"\u041c\u0430\u0433\u0430\u0437\u0438\u043d","item":"https:\/\/hannaorganic.md\/ru\/shop\/"},{"@type":"ListItem","position":3,"name":"Bio Retinol Blue Algae Rejuvenating Face Tonic Mr.SCRUBBER"}]},{"@type":"WebSite","@id":"https:\/\/hannaorganic.md\/ru\/#website","url":"https:\/\/hannaorganic.md\/ru\/","name":"HANNA ORGANIC","description":"Multi-Brand Cosmetic Store","potentialAction":[{"@type":"SearchAction","target":{"@type":"EntryPoint","urlTemplate":"https:\/\/hannaorganic.md\/ru\/?s={search_term_string}"},"query-input":{"@type":"PropertyValueSpecification","valueRequired":true,"valueName":"search_term_string"}}],"inLanguage":"ru-RU"}]}},"_links":{"self":[{"href":"https:\/\/hannaorganic.md\/ru\/wp-json\/wp\/v2\/product\/84549","targetHints":{"allow":["GET"]}}],"collection":[{"href":"https:\/\/hannaorganic.md\/ru\/wp-json\/wp\/v2\/product"}],"about":[{"href":"https:\/\/hannaorganic.md\/ru\/wp-json\/wp\/v2\/types\/product"}],"wp:featuredmedia":[{"embeddable":true,"href":"https:\/\/hannaorganic.md\/ru\/wp-json\/wp\/v2\/media\/84552"}],"wp:attachment":[{"href":"https:\/\/hannaorganic.md\/ru\/wp-json\/wp\/v2\/media?parent=84549"}],"wp:term":[{"taxonomy":"product_brand","embeddable":true,"href":"https:\/\/hannaorganic.md\/ru\/wp-json\/wp\/v2\/product_brand?post=84549"},{"taxonomy":"product_cat","embeddable":true,"href":"https:\/\/hannaorganic.md\/ru\/wp-json\/wp\/v2\/product_cat?post=84549"},{"taxonomy":"product_tag","embeddable":true,"href":"https:\/\/hannaorganic.md\/ru\/wp-json\/wp\/v2\/product_tag?post=84549"}],"curies":[{"name":"wp","href":"https:\/\/api.w.org\/{rel}","templated":true}]}}