{"id":84556,"date":"2024-12-01T17:46:54","date_gmt":"2024-12-01T15:46:54","guid":{"rendered":"https:\/\/hannaorganic.md\/?post_type=product&#038;p=84556"},"modified":"2025-08-16T16:17:09","modified_gmt":"2025-08-16T14:17:09","slug":"bio-retinol-blue-algae-rejuvenating-face-cleansing-gel-mr-scrubber","status":"publish","type":"product","link":"https:\/\/hannaorganic.md\/ru\/produs\/bio-retinol-blue-algae-rejuvenating-face-cleansing-gel-mr-scrubber\/","title":{"rendered":"Bio Retinol Blue Algae Rejuvenating Face Cleansing Gel Mr.SCRUBBER"},"content":{"rendered":"<p>Cum func\u021bioneaz\u0103 :<br \/>\n\u2022 glicerina hidrateaz\u0103 pielea \u0219i \u00eent\u0103re\u0219te bariera protectoare, faciliteaz\u0103 procesul de exfoliere a celulelor moarte, are efect antibacterian;<br \/>\n\u2022 acidul lactic reface, uniformizeaz\u0103 \u0219i \u00eembun\u0103t\u0103\u021be\u0219te tenul;<br \/>\n\u2022 extractul de alge albastre regenereaza pielea, reduce aspectul ridurilor, mareste fermitatea si elasticitatea;<br \/>\n\u2022 acidul hialuronic hidrateaza in profunzime toate straturile pielii, previne pierderea de umiditate transepidermica.<\/p>\n<p>Efect :<br \/>\n\u2022 curatare delicata si temeinica;<br \/>\n\u2022 hidratare bl\u00e2nd\u0103;<br \/>\n\u2022 efect de \u00eent\u0103rire \u0219i lifting natural;<br \/>\n\u2022 oferind un sentiment de confort.<\/p>\n<p>Compozi\u0163ie : Aqua (ap\u0103), glicerin\u0103, propilen glicol, glucozid\u0103 de coco, capryloil\/caproil metil glucamid\u0103, PEG-8, gum\u0103 xantan, acid lactic, sorbitol, extract de alge, hialuronat de sodiu, metilcloroizotiazolinon\u0103, metilisotiazolinon\u0103.<\/p>\n<p>Mod de utilizare : Aplica\u021bi o cantitate mic\u0103 de gel cu mi\u0219c\u0103ri u\u0219oare de masaj pe pielea umezit\u0103 a fe\u021bei, cl\u0103ti\u021bi cu o cantitate suficient\u0103 de ap\u0103. Utiliza\u021bi de dou\u0103 ori pe zi, diminea\u021ba \u0219i seara. Pentru a ob\u021bine efectul maxim, v\u0103 recomand\u0103m s\u0103 folosi\u021bi un set de produse din seria Bio Retinol.<\/p>\n<p>Volum : 200 ml<\/p>\n","protected":false},"excerpt":{"rendered":"<p>Gelul de cur\u0103\u021bare delicat Bio Retinol cu \u200b\u200bextract de alge albastre este potrivit pentru toate tipurile de piele, inclusiv pentru cea sensibil\u0103. Cur\u0103\u021b\u0103 delicat \u0219i temeinic fa\u021ba, men\u021bine echilibrul hidrolipidic. Formula de cur\u0103\u021bare con\u021bine acizi lactic \u0219i hialuronic, extract de alge \u0219i glicerin\u0103 pentru o hidratare u\u0219oar\u0103, o senza\u021bie de confort de neegalat \u0219i p\u0103strarea prospe\u021bimii \u0219i sensibilit\u0103\u021bii pielii pe tot parcursul zilei.<\/p>\n","protected":false},"featured_media":84561,"template":"","meta":[],"product_brand":[],"product_cat":[100,111,96,92],"product_tag":[1875,1873,1874,1845,1293,852,955,575,604],"class_list":{"0":"post-84556","1":"product","2":"type-product","3":"status-publish","4":"has-post-thumbnail","6":"product_cat-fata","7":"product_cat-face-wash","8":"product_cat-mrscrubber-md","9":"product_cat-toate-produsele","10":"product_tag-algae","11":"product_tag-bio","12":"product_tag-blue","13":"product_tag-cleansing","14":"product_tag-face","15":"product_tag-gel","16":"product_tag-lifting","17":"product_tag-mr-scrubber","18":"product_tag-retinol","20":"first","21":"outofstock","22":"shipping-taxable","23":"purchasable","24":"product-type-simple"},"yoast_head":"<!-- This site is optimized with the Yoast SEO plugin v27.5 - https:\/\/yoast.com\/product\/yoast-seo-wordpress\/ -->\n<title>Bio Retinol Blue Algae Rejuvenating Face Cleansing Gel Mr.SCRUBBER - HANNA ORGANIC<\/title>\n<meta name=\"robots\" content=\"index, follow, max-snippet:-1, max-image-preview:large, max-video-preview:-1\" \/>\n<link rel=\"canonical\" href=\"https:\/\/hannaorganic.md\/ru\/produs\/bio-retinol-blue-algae-rejuvenating-face-cleansing-gel-mr-scrubber\/\" \/>\n<meta property=\"og:locale\" content=\"ru_RU\" \/>\n<meta property=\"og:type\" content=\"article\" \/>\n<meta property=\"og:title\" content=\"Bio Retinol Blue Algae Rejuvenating Face Cleansing Gel Mr.SCRUBBER - HANNA ORGANIC\" \/>\n<meta property=\"og:description\" content=\"Gelul de cur\u0103\u021bare delicat Bio Retinol cu \u200b\u200bextract de alge albastre este potrivit pentru toate tipurile de piele, inclusiv pentru cea sensibil\u0103. Cur\u0103\u021b\u0103 delicat \u0219i temeinic fa\u021ba, men\u021bine echilibrul hidrolipidic. Formula de cur\u0103\u021bare con\u021bine acizi lactic \u0219i hialuronic, extract de alge \u0219i glicerin\u0103 pentru o hidratare u\u0219oar\u0103, o senza\u021bie de confort de neegalat \u0219i p\u0103strarea prospe\u021bimii \u0219i sensibilit\u0103\u021bii pielii pe tot parcursul zilei.\" \/>\n<meta property=\"og:url\" content=\"https:\/\/hannaorganic.md\/ru\/produs\/bio-retinol-blue-algae-rejuvenating-face-cleansing-gel-mr-scrubber\/\" \/>\n<meta property=\"og:site_name\" content=\"HANNA ORGANIC\" \/>\n<meta property=\"article:publisher\" content=\"https:\/\/www.facebook.com\/bluemagic.md\/\" \/>\n<meta property=\"article:modified_time\" content=\"2025-08-16T14:17:09+00:00\" \/>\n<meta property=\"og:image\" content=\"https:\/\/hannaorganic.md\/wp-content\/uploads\/2024\/12\/IMG_3531-2.jpeg\" \/>\n\t<meta property=\"og:image:width\" content=\"844\" \/>\n\t<meta property=\"og:image:height\" content=\"898\" \/>\n\t<meta property=\"og:image:type\" content=\"image\/jpeg\" \/>\n<meta name=\"twitter:card\" content=\"summary_large_image\" \/>\n<meta name=\"twitter:label1\" content=\"\u041f\u0440\u0438\u043c\u0435\u0440\u043d\u043e\u0435 \u0432\u0440\u0435\u043c\u044f \u0434\u043b\u044f \u0447\u0442\u0435\u043d\u0438\u044f\" \/>\n\t<meta name=\"twitter:data1\" content=\"2 \u043c\u0438\u043d\u0443\u0442\u044b\" \/>\n<script type=\"application\/ld+json\" class=\"yoast-schema-graph\">{\"@context\":\"https:\\\/\\\/schema.org\",\"@graph\":[{\"@type\":\"WebPage\",\"@id\":\"https:\\\/\\\/hannaorganic.md\\\/ru\\\/produs\\\/bio-retinol-blue-algae-rejuvenating-face-cleansing-gel-mr-scrubber\\\/\",\"url\":\"https:\\\/\\\/hannaorganic.md\\\/ru\\\/produs\\\/bio-retinol-blue-algae-rejuvenating-face-cleansing-gel-mr-scrubber\\\/\",\"name\":\"Bio Retinol Blue Algae Rejuvenating Face Cleansing Gel Mr.SCRUBBER - HANNA ORGANIC\",\"isPartOf\":{\"@id\":\"https:\\\/\\\/hannaorganic.md\\\/ru\\\/#website\"},\"primaryImageOfPage\":{\"@id\":\"https:\\\/\\\/hannaorganic.md\\\/ru\\\/produs\\\/bio-retinol-blue-algae-rejuvenating-face-cleansing-gel-mr-scrubber\\\/#primaryimage\"},\"image\":{\"@id\":\"https:\\\/\\\/hannaorganic.md\\\/ru\\\/produs\\\/bio-retinol-blue-algae-rejuvenating-face-cleansing-gel-mr-scrubber\\\/#primaryimage\"},\"thumbnailUrl\":\"https:\\\/\\\/hannaorganic.md\\\/wp-content\\\/uploads\\\/2024\\\/12\\\/IMG_3531-2.jpeg\",\"datePublished\":\"2024-12-01T15:46:54+00:00\",\"dateModified\":\"2025-08-16T14:17:09+00:00\",\"breadcrumb\":{\"@id\":\"https:\\\/\\\/hannaorganic.md\\\/ru\\\/produs\\\/bio-retinol-blue-algae-rejuvenating-face-cleansing-gel-mr-scrubber\\\/#breadcrumb\"},\"inLanguage\":\"ru-RU\",\"potentialAction\":[{\"@type\":\"ReadAction\",\"target\":[\"https:\\\/\\\/hannaorganic.md\\\/ru\\\/produs\\\/bio-retinol-blue-algae-rejuvenating-face-cleansing-gel-mr-scrubber\\\/\"]}]},{\"@type\":\"ImageObject\",\"inLanguage\":\"ru-RU\",\"@id\":\"https:\\\/\\\/hannaorganic.md\\\/ru\\\/produs\\\/bio-retinol-blue-algae-rejuvenating-face-cleansing-gel-mr-scrubber\\\/#primaryimage\",\"url\":\"https:\\\/\\\/hannaorganic.md\\\/wp-content\\\/uploads\\\/2024\\\/12\\\/IMG_3531-2.jpeg\",\"contentUrl\":\"https:\\\/\\\/hannaorganic.md\\\/wp-content\\\/uploads\\\/2024\\\/12\\\/IMG_3531-2.jpeg\",\"width\":844,\"height\":898},{\"@type\":\"BreadcrumbList\",\"@id\":\"https:\\\/\\\/hannaorganic.md\\\/ru\\\/produs\\\/bio-retinol-blue-algae-rejuvenating-face-cleansing-gel-mr-scrubber\\\/#breadcrumb\",\"itemListElement\":[{\"@type\":\"ListItem\",\"position\":1,\"name\":\"Prima pagin\u0103\",\"item\":\"https:\\\/\\\/hannaorganic.md\\\/ru\\\/hanna-organic\\\/\"},{\"@type\":\"ListItem\",\"position\":2,\"name\":\"\u041c\u0430\u0433\u0430\u0437\u0438\u043d\",\"item\":\"https:\\\/\\\/hannaorganic.md\\\/ru\\\/shop\\\/\"},{\"@type\":\"ListItem\",\"position\":3,\"name\":\"Bio Retinol Blue Algae Rejuvenating Face Cleansing Gel Mr.SCRUBBER\"}]},{\"@type\":\"WebSite\",\"@id\":\"https:\\\/\\\/hannaorganic.md\\\/ru\\\/#website\",\"url\":\"https:\\\/\\\/hannaorganic.md\\\/ru\\\/\",\"name\":\"HANNA ORGANIC\",\"description\":\"Multi-Brand Cosmetic Store\",\"potentialAction\":[{\"@type\":\"SearchAction\",\"target\":{\"@type\":\"EntryPoint\",\"urlTemplate\":\"https:\\\/\\\/hannaorganic.md\\\/ru\\\/?s={search_term_string}\"},\"query-input\":{\"@type\":\"PropertyValueSpecification\",\"valueRequired\":true,\"valueName\":\"search_term_string\"}}],\"inLanguage\":\"ru-RU\"}]}<\/script>\n<!-- \/ Yoast SEO plugin. -->","yoast_head_json":{"title":"Bio Retinol Blue Algae Rejuvenating Face Cleansing Gel Mr.SCRUBBER - HANNA ORGANIC","robots":{"index":"index","follow":"follow","max-snippet":"max-snippet:-1","max-image-preview":"max-image-preview:large","max-video-preview":"max-video-preview:-1"},"canonical":"https:\/\/hannaorganic.md\/ru\/produs\/bio-retinol-blue-algae-rejuvenating-face-cleansing-gel-mr-scrubber\/","og_locale":"ru_RU","og_type":"article","og_title":"Bio Retinol Blue Algae Rejuvenating Face Cleansing Gel Mr.SCRUBBER - HANNA ORGANIC","og_description":"Gelul de cur\u0103\u021bare delicat Bio Retinol cu \u200b\u200bextract de alge albastre este potrivit pentru toate tipurile de piele, inclusiv pentru cea sensibil\u0103. Cur\u0103\u021b\u0103 delicat \u0219i temeinic fa\u021ba, men\u021bine echilibrul hidrolipidic. Formula de cur\u0103\u021bare con\u021bine acizi lactic \u0219i hialuronic, extract de alge \u0219i glicerin\u0103 pentru o hidratare u\u0219oar\u0103, o senza\u021bie de confort de neegalat \u0219i p\u0103strarea prospe\u021bimii \u0219i sensibilit\u0103\u021bii pielii pe tot parcursul zilei.","og_url":"https:\/\/hannaorganic.md\/ru\/produs\/bio-retinol-blue-algae-rejuvenating-face-cleansing-gel-mr-scrubber\/","og_site_name":"HANNA ORGANIC","article_publisher":"https:\/\/www.facebook.com\/bluemagic.md\/","article_modified_time":"2025-08-16T14:17:09+00:00","og_image":[{"width":844,"height":898,"url":"https:\/\/hannaorganic.md\/wp-content\/uploads\/2024\/12\/IMG_3531-2.jpeg","type":"image\/jpeg"}],"twitter_card":"summary_large_image","twitter_misc":{"\u041f\u0440\u0438\u043c\u0435\u0440\u043d\u043e\u0435 \u0432\u0440\u0435\u043c\u044f \u0434\u043b\u044f \u0447\u0442\u0435\u043d\u0438\u044f":"2 \u043c\u0438\u043d\u0443\u0442\u044b"},"schema":{"@context":"https:\/\/schema.org","@graph":[{"@type":"WebPage","@id":"https:\/\/hannaorganic.md\/ru\/produs\/bio-retinol-blue-algae-rejuvenating-face-cleansing-gel-mr-scrubber\/","url":"https:\/\/hannaorganic.md\/ru\/produs\/bio-retinol-blue-algae-rejuvenating-face-cleansing-gel-mr-scrubber\/","name":"Bio Retinol Blue Algae Rejuvenating Face Cleansing Gel Mr.SCRUBBER - HANNA ORGANIC","isPartOf":{"@id":"https:\/\/hannaorganic.md\/ru\/#website"},"primaryImageOfPage":{"@id":"https:\/\/hannaorganic.md\/ru\/produs\/bio-retinol-blue-algae-rejuvenating-face-cleansing-gel-mr-scrubber\/#primaryimage"},"image":{"@id":"https:\/\/hannaorganic.md\/ru\/produs\/bio-retinol-blue-algae-rejuvenating-face-cleansing-gel-mr-scrubber\/#primaryimage"},"thumbnailUrl":"https:\/\/hannaorganic.md\/wp-content\/uploads\/2024\/12\/IMG_3531-2.jpeg","datePublished":"2024-12-01T15:46:54+00:00","dateModified":"2025-08-16T14:17:09+00:00","breadcrumb":{"@id":"https:\/\/hannaorganic.md\/ru\/produs\/bio-retinol-blue-algae-rejuvenating-face-cleansing-gel-mr-scrubber\/#breadcrumb"},"inLanguage":"ru-RU","potentialAction":[{"@type":"ReadAction","target":["https:\/\/hannaorganic.md\/ru\/produs\/bio-retinol-blue-algae-rejuvenating-face-cleansing-gel-mr-scrubber\/"]}]},{"@type":"ImageObject","inLanguage":"ru-RU","@id":"https:\/\/hannaorganic.md\/ru\/produs\/bio-retinol-blue-algae-rejuvenating-face-cleansing-gel-mr-scrubber\/#primaryimage","url":"https:\/\/hannaorganic.md\/wp-content\/uploads\/2024\/12\/IMG_3531-2.jpeg","contentUrl":"https:\/\/hannaorganic.md\/wp-content\/uploads\/2024\/12\/IMG_3531-2.jpeg","width":844,"height":898},{"@type":"BreadcrumbList","@id":"https:\/\/hannaorganic.md\/ru\/produs\/bio-retinol-blue-algae-rejuvenating-face-cleansing-gel-mr-scrubber\/#breadcrumb","itemListElement":[{"@type":"ListItem","position":1,"name":"Prima pagin\u0103","item":"https:\/\/hannaorganic.md\/ru\/hanna-organic\/"},{"@type":"ListItem","position":2,"name":"\u041c\u0430\u0433\u0430\u0437\u0438\u043d","item":"https:\/\/hannaorganic.md\/ru\/shop\/"},{"@type":"ListItem","position":3,"name":"Bio Retinol Blue Algae Rejuvenating Face Cleansing Gel Mr.SCRUBBER"}]},{"@type":"WebSite","@id":"https:\/\/hannaorganic.md\/ru\/#website","url":"https:\/\/hannaorganic.md\/ru\/","name":"HANNA ORGANIC","description":"Multi-Brand Cosmetic Store","potentialAction":[{"@type":"SearchAction","target":{"@type":"EntryPoint","urlTemplate":"https:\/\/hannaorganic.md\/ru\/?s={search_term_string}"},"query-input":{"@type":"PropertyValueSpecification","valueRequired":true,"valueName":"search_term_string"}}],"inLanguage":"ru-RU"}]}},"_links":{"self":[{"href":"https:\/\/hannaorganic.md\/ru\/wp-json\/wp\/v2\/product\/84556","targetHints":{"allow":["GET"]}}],"collection":[{"href":"https:\/\/hannaorganic.md\/ru\/wp-json\/wp\/v2\/product"}],"about":[{"href":"https:\/\/hannaorganic.md\/ru\/wp-json\/wp\/v2\/types\/product"}],"wp:featuredmedia":[{"embeddable":true,"href":"https:\/\/hannaorganic.md\/ru\/wp-json\/wp\/v2\/media\/84561"}],"wp:attachment":[{"href":"https:\/\/hannaorganic.md\/ru\/wp-json\/wp\/v2\/media?parent=84556"}],"wp:term":[{"taxonomy":"product_brand","embeddable":true,"href":"https:\/\/hannaorganic.md\/ru\/wp-json\/wp\/v2\/product_brand?post=84556"},{"taxonomy":"product_cat","embeddable":true,"href":"https:\/\/hannaorganic.md\/ru\/wp-json\/wp\/v2\/product_cat?post=84556"},{"taxonomy":"product_tag","embeddable":true,"href":"https:\/\/hannaorganic.md\/ru\/wp-json\/wp\/v2\/product_tag?post=84556"}],"curies":[{"name":"wp","href":"https:\/\/api.w.org\/{rel}","templated":true}]}}