{"id":84565,"date":"2024-12-01T18:06:49","date_gmt":"2024-12-01T16:06:49","guid":{"rendered":"https:\/\/hannaorganic.md\/?post_type=product&#038;p=84565"},"modified":"2026-04-29T22:20:43","modified_gmt":"2026-04-29T20:20:43","slug":"bio-retinol-rejuvenating-deluxe-gift-box-mr-scrubber","status":"publish","type":"product","link":"https:\/\/hannaorganic.md\/ru\/produs\/bio-retinol-rejuvenating-deluxe-gift-box-mr-scrubber\/","title":{"rendered":"Bio Retinol Rejuvenating DeLuxe Gift Box Mr.SCRUBBER"},"content":{"rendered":"<p>Avantajele bioretinolului (bakuchiol \u0219i lanablue) \u00een compara\u021bie cu retinoizii clasici:<\/p>\n<p>\u00b7 nu are efect fotosensibilizant, poate fi folosit in orice perioada a anului, atat seara cat si dimineata;<\/p>\n<p>\u00b7 nu provoac\u0103 irita\u021bii, ro\u0219ea\u021b\u0103 sau usc\u0103ciune, are un efect calmant vizibil, ideal \u00een \u00eengrijirea pielii reactive sau sensibile;<\/p>\n<p>\u00b7 are proprietati antioxidante puternice, reduce numarul si profunzimea ridurilor, protejeaza impotriva actiunii radicalilor liberi, previne imbatranirea prematura;<\/p>\n<p>\u00b7 stabilitate mai mare comparativ cu unii retinoizi clasici, mentine eficacitatea in utilizare pe termen lung;<\/p>\n<p>\u00b7 compatibilitate cu majoritatea activelor moderne.<\/p>\n<p>&nbsp;<\/p>\n<p>Produsele premium se \u00eent\u0103resc reciproc \u0219i sunt cele mai eficiente \u00een condi\u021biile unei utiliz\u0103ri complexe pas cu pas.<\/p>\n<p>Pasul 1: Cur\u0103\u021bare bl\u00e2nd\u0103 \u0219i temeinic\u0103 cu gel de cur\u0103\u021bare \u00eentineritor Bio Retinol cu \u200b\u200bextract de alge albastre. Produsul p\u0103streaz\u0103 echilibrul hidrolipidic, sus\u021bine re\u00eennoirea natural\u0103 \u0219i ofer\u0103 o senza\u021bie de confort de neegalat. Utiliza\u021bi zilnic diminea\u021ba \u0219i seara.<\/p>\n<p>Pasul 2: Cur\u0103\u021bare profund\u0103 \u0219i exfoliere cu gel de peeling facial cu enzim\u0103 Bio Retinol cu \u200b\u200bBakuchiol \u0219i enzim\u0103 de rodie. Produsul exfoliaz\u0103 stratul keratinizat al epidermei \u0219i cur\u0103\u021b\u0103 \u00een profunzime porii, reduce vizibilitatea pigment\u0103rii sezoniere \u0219i legate de v\u00e2rst\u0103 \u0219i ofer\u0103 o senza\u021bie instantanee de cur\u0103\u021benie \u0219i prospe\u021bime. Utiliza\u021bi de 2-3 ori pe s\u0103pt\u0103m\u00e2n\u0103 pentru tipul de ten gras, pentru piele uscat\u0103 &#8212; de 1-2 ori timp de 7-10 zile.<\/p>\n<p>Pasul 3: Tonifierea \u0219i reechilibrarea cu Bio Retinol Rejuvenating Facial Toner cu extract de alge albastre. Produsul \u00eemprosp\u0103teaz\u0103, distruge microflora patogen\u0103, sus\u021bine microbiomul natural, cre\u0219te elasticitatea \u0219i elasticitatea pielii. Utiliza\u021bi zilnic diminea\u021ba \u0219i seara.<\/p>\n<p>Pasul 4: Hidratati pielea din jurul ochilor cu crema de ochi Bio Retinol cu \u200b\u200bBakuchiol. Instrumentul elimin\u0103 semnele de oboseal\u0103, \u00eembun\u0103t\u0103\u021be\u0219te culoarea, reduce vizual num\u0103rul \u0219i ad\u00e2ncimea ridurilor. Utiliza\u021bi zilnic diminea\u021ba \u0219i\/sau seara.<\/p>\n<p>Pasul 5: Hidrateaz\u0103 profund, piele ferm\u0103 cu Bio Retinol Rejuvenating Face Serum cu Bakuchiol. Produsul satureaz\u0103 toate straturile pielii cu umiditate \u0219i substan\u021be utile, promoveaz\u0103 regenerarea natural\u0103, calmeaz\u0103, reduce poten\u021bialul inflamator al dermei, \u00eembun\u0103t\u0103\u021be\u0219te culoarea \u0219i textura. Utiliza\u021bi zilnic diminea\u021ba \u0219i\/sau seara, at\u00e2t singur, c\u00e2t \u0219i \u00eenainte de aplicarea cremei de fa\u021b\u0103.<\/p>\n<p>Pasul 6: Hr\u0103ne\u0219te \u0219i protejeaz\u0103 cu Bio Retinol Rejuvenating Face Cream cu Bakuchiol. Produsul catifeleaz\u0103 \u0219i neteze\u0219te fa\u021ba, \u00eent\u0103re\u0219te bariera protectoare a pielii, uniformizeaz\u0103 culoarea \u0219i textura \u0219i ofer\u0103 o str\u0103lucire natural\u0103 fe\u021bei. Utiliza\u021bi zilnic diminea\u021ba \u0219i\/sau seara.<\/p>\n","protected":false},"excerpt":{"rendered":"<p>Linia premium de produse cu Bio Retinol, bazat\u0103 pe plante alternative inovatoare la retinoizi, bakuchiol \u0219i lanablue, ofer\u0103 \u00eengrijire cuprinz\u0103toare pentru toate tipurile de piele facial\u0103. \u0218ase produse extrem de eficiente au efecte puternice de \u00eentinerire, albire, \u00eent\u0103rire \u0219i lifting, netezesc vizibil ridurile faciale \u0219i legate de \u00eemb\u0103tr\u00e2nire, confer\u0103 pielii str\u0103lucire \u0219i restabile\u0219te regenerarea natural\u0103.<\/p>\n","protected":false},"featured_media":84566,"template":"","meta":[],"product_brand":[],"product_cat":[245,96,363,365,92],"product_tag":[1301,1873,1611,1609,1293,1513,1876,955,575,1229,604,1551],"class_list":{"0":"post-84565","1":"product","2":"type-product","3":"status-publish","4":"has-post-thumbnail","6":"product_cat-gift-box","7":"product_cat-mrscrubber-md","8":"product_cat-seturi-cadou","9":"product_cat-seturi-promotionale","10":"product_cat-toate-produsele","11":"product_tag-anti-age","12":"product_tag-bio","13":"product_tag-box","14":"product_tag-cadou","15":"product_tag-face","16":"product_tag-gift","17":"product_tag-holiday","18":"product_tag-lifting","19":"product_tag-mr-scrubber","20":"product_tag-present","21":"product_tag-retinol","22":"product_tag-routine","24":"first","25":"instock","26":"shipping-taxable","27":"purchasable","28":"product-type-simple"},"yoast_head":"<!-- This site is optimized with the Yoast SEO plugin v27.5 - https:\/\/yoast.com\/product\/yoast-seo-wordpress\/ -->\n<title>Bio Retinol Rejuvenating DeLuxe Gift Box Mr.SCRUBBER - HANNA ORGANIC<\/title>\n<meta name=\"robots\" content=\"index, follow, max-snippet:-1, max-image-preview:large, max-video-preview:-1\" \/>\n<link rel=\"canonical\" href=\"https:\/\/hannaorganic.md\/ru\/produs\/bio-retinol-rejuvenating-deluxe-gift-box-mr-scrubber\/\" \/>\n<meta property=\"og:locale\" content=\"ru_RU\" \/>\n<meta property=\"og:type\" content=\"article\" \/>\n<meta property=\"og:title\" content=\"Bio Retinol Rejuvenating DeLuxe Gift Box Mr.SCRUBBER - HANNA ORGANIC\" \/>\n<meta property=\"og:description\" content=\"Linia premium de produse cu Bio Retinol, bazat\u0103 pe plante alternative inovatoare la retinoizi, bakuchiol \u0219i lanablue, ofer\u0103 \u00eengrijire cuprinz\u0103toare pentru toate tipurile de piele facial\u0103. \u0218ase produse extrem de eficiente au efecte puternice de \u00eentinerire, albire, \u00eent\u0103rire \u0219i lifting, netezesc vizibil ridurile faciale \u0219i legate de \u00eemb\u0103tr\u00e2nire, confer\u0103 pielii str\u0103lucire \u0219i restabile\u0219te regenerarea natural\u0103.\" \/>\n<meta property=\"og:url\" content=\"https:\/\/hannaorganic.md\/ru\/produs\/bio-retinol-rejuvenating-deluxe-gift-box-mr-scrubber\/\" \/>\n<meta property=\"og:site_name\" content=\"HANNA ORGANIC\" \/>\n<meta property=\"article:publisher\" content=\"https:\/\/www.facebook.com\/bluemagic.md\/\" \/>\n<meta property=\"article:modified_time\" content=\"2026-04-29T20:20:43+00:00\" \/>\n<meta property=\"og:image\" content=\"https:\/\/hannaorganic.md\/wp-content\/uploads\/2024\/12\/IMG_3535.jpeg\" \/>\n\t<meta property=\"og:image:width\" content=\"1020\" \/>\n\t<meta property=\"og:image:height\" content=\"634\" \/>\n\t<meta property=\"og:image:type\" content=\"image\/jpeg\" \/>\n<meta name=\"twitter:card\" content=\"summary_large_image\" \/>\n<meta name=\"twitter:label1\" content=\"\u041f\u0440\u0438\u043c\u0435\u0440\u043d\u043e\u0435 \u0432\u0440\u0435\u043c\u044f \u0434\u043b\u044f \u0447\u0442\u0435\u043d\u0438\u044f\" \/>\n\t<meta name=\"twitter:data1\" content=\"3 \u043c\u0438\u043d\u0443\u0442\u044b\" \/>\n<script type=\"application\/ld+json\" class=\"yoast-schema-graph\">{\"@context\":\"https:\\\/\\\/schema.org\",\"@graph\":[{\"@type\":\"WebPage\",\"@id\":\"https:\\\/\\\/hannaorganic.md\\\/ru\\\/produs\\\/bio-retinol-rejuvenating-deluxe-gift-box-mr-scrubber\\\/\",\"url\":\"https:\\\/\\\/hannaorganic.md\\\/ru\\\/produs\\\/bio-retinol-rejuvenating-deluxe-gift-box-mr-scrubber\\\/\",\"name\":\"Bio Retinol Rejuvenating DeLuxe Gift Box Mr.SCRUBBER - HANNA ORGANIC\",\"isPartOf\":{\"@id\":\"https:\\\/\\\/hannaorganic.md\\\/ru\\\/#website\"},\"primaryImageOfPage\":{\"@id\":\"https:\\\/\\\/hannaorganic.md\\\/ru\\\/produs\\\/bio-retinol-rejuvenating-deluxe-gift-box-mr-scrubber\\\/#primaryimage\"},\"image\":{\"@id\":\"https:\\\/\\\/hannaorganic.md\\\/ru\\\/produs\\\/bio-retinol-rejuvenating-deluxe-gift-box-mr-scrubber\\\/#primaryimage\"},\"thumbnailUrl\":\"https:\\\/\\\/hannaorganic.md\\\/wp-content\\\/uploads\\\/2024\\\/12\\\/IMG_3535.jpeg\",\"datePublished\":\"2024-12-01T16:06:49+00:00\",\"dateModified\":\"2026-04-29T20:20:43+00:00\",\"breadcrumb\":{\"@id\":\"https:\\\/\\\/hannaorganic.md\\\/ru\\\/produs\\\/bio-retinol-rejuvenating-deluxe-gift-box-mr-scrubber\\\/#breadcrumb\"},\"inLanguage\":\"ru-RU\",\"potentialAction\":[{\"@type\":\"ReadAction\",\"target\":[\"https:\\\/\\\/hannaorganic.md\\\/ru\\\/produs\\\/bio-retinol-rejuvenating-deluxe-gift-box-mr-scrubber\\\/\"]}]},{\"@type\":\"ImageObject\",\"inLanguage\":\"ru-RU\",\"@id\":\"https:\\\/\\\/hannaorganic.md\\\/ru\\\/produs\\\/bio-retinol-rejuvenating-deluxe-gift-box-mr-scrubber\\\/#primaryimage\",\"url\":\"https:\\\/\\\/hannaorganic.md\\\/wp-content\\\/uploads\\\/2024\\\/12\\\/IMG_3535.jpeg\",\"contentUrl\":\"https:\\\/\\\/hannaorganic.md\\\/wp-content\\\/uploads\\\/2024\\\/12\\\/IMG_3535.jpeg\",\"width\":1020,\"height\":634},{\"@type\":\"BreadcrumbList\",\"@id\":\"https:\\\/\\\/hannaorganic.md\\\/ru\\\/produs\\\/bio-retinol-rejuvenating-deluxe-gift-box-mr-scrubber\\\/#breadcrumb\",\"itemListElement\":[{\"@type\":\"ListItem\",\"position\":1,\"name\":\"Prima pagin\u0103\",\"item\":\"https:\\\/\\\/hannaorganic.md\\\/ru\\\/hanna-organic\\\/\"},{\"@type\":\"ListItem\",\"position\":2,\"name\":\"\u041c\u0430\u0433\u0430\u0437\u0438\u043d\",\"item\":\"https:\\\/\\\/hannaorganic.md\\\/ru\\\/shop\\\/\"},{\"@type\":\"ListItem\",\"position\":3,\"name\":\"Bio Retinol Rejuvenating DeLuxe Gift Box Mr.SCRUBBER\"}]},{\"@type\":\"WebSite\",\"@id\":\"https:\\\/\\\/hannaorganic.md\\\/ru\\\/#website\",\"url\":\"https:\\\/\\\/hannaorganic.md\\\/ru\\\/\",\"name\":\"HANNA ORGANIC\",\"description\":\"Multi-Brand Cosmetic Store\",\"potentialAction\":[{\"@type\":\"SearchAction\",\"target\":{\"@type\":\"EntryPoint\",\"urlTemplate\":\"https:\\\/\\\/hannaorganic.md\\\/ru\\\/?s={search_term_string}\"},\"query-input\":{\"@type\":\"PropertyValueSpecification\",\"valueRequired\":true,\"valueName\":\"search_term_string\"}}],\"inLanguage\":\"ru-RU\"}]}<\/script>\n<!-- \/ Yoast SEO plugin. -->","yoast_head_json":{"title":"Bio Retinol Rejuvenating DeLuxe Gift Box Mr.SCRUBBER - HANNA ORGANIC","robots":{"index":"index","follow":"follow","max-snippet":"max-snippet:-1","max-image-preview":"max-image-preview:large","max-video-preview":"max-video-preview:-1"},"canonical":"https:\/\/hannaorganic.md\/ru\/produs\/bio-retinol-rejuvenating-deluxe-gift-box-mr-scrubber\/","og_locale":"ru_RU","og_type":"article","og_title":"Bio Retinol Rejuvenating DeLuxe Gift Box Mr.SCRUBBER - HANNA ORGANIC","og_description":"Linia premium de produse cu Bio Retinol, bazat\u0103 pe plante alternative inovatoare la retinoizi, bakuchiol \u0219i lanablue, ofer\u0103 \u00eengrijire cuprinz\u0103toare pentru toate tipurile de piele facial\u0103. \u0218ase produse extrem de eficiente au efecte puternice de \u00eentinerire, albire, \u00eent\u0103rire \u0219i lifting, netezesc vizibil ridurile faciale \u0219i legate de \u00eemb\u0103tr\u00e2nire, confer\u0103 pielii str\u0103lucire \u0219i restabile\u0219te regenerarea natural\u0103.","og_url":"https:\/\/hannaorganic.md\/ru\/produs\/bio-retinol-rejuvenating-deluxe-gift-box-mr-scrubber\/","og_site_name":"HANNA ORGANIC","article_publisher":"https:\/\/www.facebook.com\/bluemagic.md\/","article_modified_time":"2026-04-29T20:20:43+00:00","og_image":[{"width":1020,"height":634,"url":"https:\/\/hannaorganic.md\/wp-content\/uploads\/2024\/12\/IMG_3535.jpeg","type":"image\/jpeg"}],"twitter_card":"summary_large_image","twitter_misc":{"\u041f\u0440\u0438\u043c\u0435\u0440\u043d\u043e\u0435 \u0432\u0440\u0435\u043c\u044f \u0434\u043b\u044f \u0447\u0442\u0435\u043d\u0438\u044f":"3 \u043c\u0438\u043d\u0443\u0442\u044b"},"schema":{"@context":"https:\/\/schema.org","@graph":[{"@type":"WebPage","@id":"https:\/\/hannaorganic.md\/ru\/produs\/bio-retinol-rejuvenating-deluxe-gift-box-mr-scrubber\/","url":"https:\/\/hannaorganic.md\/ru\/produs\/bio-retinol-rejuvenating-deluxe-gift-box-mr-scrubber\/","name":"Bio Retinol Rejuvenating DeLuxe Gift Box Mr.SCRUBBER - HANNA ORGANIC","isPartOf":{"@id":"https:\/\/hannaorganic.md\/ru\/#website"},"primaryImageOfPage":{"@id":"https:\/\/hannaorganic.md\/ru\/produs\/bio-retinol-rejuvenating-deluxe-gift-box-mr-scrubber\/#primaryimage"},"image":{"@id":"https:\/\/hannaorganic.md\/ru\/produs\/bio-retinol-rejuvenating-deluxe-gift-box-mr-scrubber\/#primaryimage"},"thumbnailUrl":"https:\/\/hannaorganic.md\/wp-content\/uploads\/2024\/12\/IMG_3535.jpeg","datePublished":"2024-12-01T16:06:49+00:00","dateModified":"2026-04-29T20:20:43+00:00","breadcrumb":{"@id":"https:\/\/hannaorganic.md\/ru\/produs\/bio-retinol-rejuvenating-deluxe-gift-box-mr-scrubber\/#breadcrumb"},"inLanguage":"ru-RU","potentialAction":[{"@type":"ReadAction","target":["https:\/\/hannaorganic.md\/ru\/produs\/bio-retinol-rejuvenating-deluxe-gift-box-mr-scrubber\/"]}]},{"@type":"ImageObject","inLanguage":"ru-RU","@id":"https:\/\/hannaorganic.md\/ru\/produs\/bio-retinol-rejuvenating-deluxe-gift-box-mr-scrubber\/#primaryimage","url":"https:\/\/hannaorganic.md\/wp-content\/uploads\/2024\/12\/IMG_3535.jpeg","contentUrl":"https:\/\/hannaorganic.md\/wp-content\/uploads\/2024\/12\/IMG_3535.jpeg","width":1020,"height":634},{"@type":"BreadcrumbList","@id":"https:\/\/hannaorganic.md\/ru\/produs\/bio-retinol-rejuvenating-deluxe-gift-box-mr-scrubber\/#breadcrumb","itemListElement":[{"@type":"ListItem","position":1,"name":"Prima pagin\u0103","item":"https:\/\/hannaorganic.md\/ru\/hanna-organic\/"},{"@type":"ListItem","position":2,"name":"\u041c\u0430\u0433\u0430\u0437\u0438\u043d","item":"https:\/\/hannaorganic.md\/ru\/shop\/"},{"@type":"ListItem","position":3,"name":"Bio Retinol Rejuvenating DeLuxe Gift Box Mr.SCRUBBER"}]},{"@type":"WebSite","@id":"https:\/\/hannaorganic.md\/ru\/#website","url":"https:\/\/hannaorganic.md\/ru\/","name":"HANNA ORGANIC","description":"Multi-Brand Cosmetic Store","potentialAction":[{"@type":"SearchAction","target":{"@type":"EntryPoint","urlTemplate":"https:\/\/hannaorganic.md\/ru\/?s={search_term_string}"},"query-input":{"@type":"PropertyValueSpecification","valueRequired":true,"valueName":"search_term_string"}}],"inLanguage":"ru-RU"}]}},"_links":{"self":[{"href":"https:\/\/hannaorganic.md\/ru\/wp-json\/wp\/v2\/product\/84565","targetHints":{"allow":["GET"]}}],"collection":[{"href":"https:\/\/hannaorganic.md\/ru\/wp-json\/wp\/v2\/product"}],"about":[{"href":"https:\/\/hannaorganic.md\/ru\/wp-json\/wp\/v2\/types\/product"}],"wp:featuredmedia":[{"embeddable":true,"href":"https:\/\/hannaorganic.md\/ru\/wp-json\/wp\/v2\/media\/84566"}],"wp:attachment":[{"href":"https:\/\/hannaorganic.md\/ru\/wp-json\/wp\/v2\/media?parent=84565"}],"wp:term":[{"taxonomy":"product_brand","embeddable":true,"href":"https:\/\/hannaorganic.md\/ru\/wp-json\/wp\/v2\/product_brand?post=84565"},{"taxonomy":"product_cat","embeddable":true,"href":"https:\/\/hannaorganic.md\/ru\/wp-json\/wp\/v2\/product_cat?post=84565"},{"taxonomy":"product_tag","embeddable":true,"href":"https:\/\/hannaorganic.md\/ru\/wp-json\/wp\/v2\/product_tag?post=84565"}],"curies":[{"name":"wp","href":"https:\/\/api.w.org\/{rel}","templated":true}]}}