{"id":84638,"date":"2025-01-28T10:56:16","date_gmt":"2025-01-28T08:56:16","guid":{"rendered":"https:\/\/hannaorganic.md\/?post_type=product&#038;p=84638"},"modified":"2026-04-18T12:40:01","modified_gmt":"2026-04-18T10:40:01","slug":"sweet-berry-coffee-scrub-mr-scrubber-1-kg","status":"publish","type":"product","link":"https:\/\/hannaorganic.md\/ru\/produs\/sweet-berry-coffee-scrub-mr-scrubber-1-kg\/","title":{"rendered":"SWEET BERRY COFFEE SCRUB Mr.SCRUBBER 1 kg"},"content":{"rendered":"<p>Cum func\u021bioneaz\u0103 :<br \/>\n\u2022 cafeaua reduce umflarea, accelereaza arderea grasimilor si creste elasticitatea pielii. Accelereaz\u0103 drenajul limfatic, \u00eembun\u0103t\u0103\u021be\u0219te microcircula\u021bia s\u00e2ngelui, datorit\u0103 c\u0103reia pielea cap\u0103t\u0103 o culoare \u0219i un aspect s\u0103n\u0103tos;<br \/>\n\u2022 uleiul din samburi de struguri elimina vergeturile, petele de varsta si previne schimbarile legate de varsta. Datorita continutului sau ridicat de vitamina E, accelereaza regenerarea celulara si stimuleaza productia de colagen si elastina. Resveratrolul prezent in ulei protejeaza celulele de radicalii liberi si previne transformarea acestora in canceri;<br \/>\n\u2022 uleiul de macadamia vindec\u0103 leziunile minore, restabile\u0219te pielea decolorat\u0103, previne distrugerea membranelor celulare \u0219i promoveaz\u0103 formarea unui bronz frumos;<br \/>\n\u2022 untul de shea \u201elivreaz\u0103\u201d ingrediente active \u00een straturile profunde ale pielii, catifeleaz\u0103, hidrateaz\u0103 \u0219i \u00eembun\u0103t\u0103\u021be\u0219te culoarea pielii;<br \/>\n\u2022 uleiul de m\u0103sline modeleaz\u0103 \u0219i str\u00e2nge corpul, hr\u0103ne\u0219te \u00een profunzime pielea, accelereaz\u0103 metabolismul \u0219i activeaz\u0103 func\u021biile protectoare ale dermului;<br \/>\n\u2022 uleiul de avocado elimin\u0103 erup\u021biile cutanate, inflama\u021biile, combate eczemele, vergeturile \u0219i celulita. Acizii gra\u0219i polinesatura\u021bi din compozi\u021bie sunt o surs\u0103 de antioxidan\u021bi care \u00eencetinesc procesul de \u00eemb\u0103tr\u00e2nire;<br \/>\n\u2022 uleiul de semin\u021be de piersici elimin\u0103 uscarea \u0219i exfolierea pielii, iar cu o utilizare regulat\u0103 are un efect puternic de \u00eentinerire. Uleiul de piersici este extrem de eficient \u00een combaterea celulitei, uniformizeaz\u0103 textura \u0219i cre\u0219te elasticitatea pielii \u0219i lumineaz\u0103 vizibil petele de v\u00e2rst\u0103;<br \/>\n\u2022 uleiul de argan p\u0103trunde ad\u00e2nc \u00een piele \u0219i ajut\u0103 la eliminarea irita\u021biei \u0219i \u00eenro\u0219irii pielii. Previne formarea cicatricilor \u0219i elimin\u0103 vergeturile dup\u0103 sarcin\u0103, restabile\u0219te echilibrul hidrolipidic al pielii;<br \/>\n\u2022 zah\u0103rul exfoliaz\u0103 u\u0219or stratul mort al epidermei, datorit\u0103 con\u021binutului ridicat de fier, satureaz\u0103 celulele cu oxigen \u0219i accelereaz\u0103 regenerarea acestora \u0219i ajut\u0103 la eliminarea toxinelor din organism;<br \/>\n\u2022 vitamina E este un antioxidant excelent, previne distrugerea celulelor de colagen \u0219i elastina, neteze\u0219te cicatricile \u0219i vindec\u0103 instantaneu irita\u021biile minore<\/p>\n<p>Efect :<br \/>\n\u2022 perfect neted\u0103, pl\u0103cut\u0103 la atingere \u0219i piele hidratat\u0103;<br \/>\n\u2022 reducerea vizibilit\u0103\u021bii imperfec\u021biunilor pielii;<br \/>\n\u2022 eliminarea manifest\u0103rilor celulitei;<br \/>\n\u2022 reducerea volumului.<\/p>\n<p>Compozi\u0163ie : Cafea robusta, cafea Arabica, ulei de semin\u021be de Vinifera (struguri), ulei de semin\u021be de Macadamia Ternifolia, ulei de Butyrospermum Parkii (shea), ulei de fructe de Europaea (m\u0103sline), ulei de Persea Gratissima (avocado), ulei de s\u00e2mbure de Prunus persica (piersic\u0103), miez de argania spinoas\u0103 Ulei, zah\u0103r, clorur\u0103 de sodiu, acetat de tocoferil, parfum.<\/p>\n<p>Mod de utilizare : Aplica\u021bi exfoliant pe corpul umed cu mi\u0219c\u0103ri de masaj, acord\u00e2nd aten\u021bie zonelor cu probleme. Se lasa 5 minute. pentru rezultate mai bune. Cl\u0103ti\u021bi cu ap\u0103 cald\u0103 f\u0103r\u0103 s\u0103pun. Utiliza\u021bi de dou\u0103 ori pe s\u0103pt\u0103m\u00e2n\u0103.<\/p>\n<p>Gramaj : 1 kg<\/p>\n","protected":false},"excerpt":{"rendered":"<p>Boabele Arabica \u0219i Robusta proasp\u0103t m\u0103cinate cur\u0103\u021b\u0103 delicat \u0219i temeinic pielea, o netezesc, previn apari\u021bia \u0219i elimin\u0103 semnele vizibile de celulit\u0103 \u0219i reduc num\u0103rul \u0219i profunzimea vergeturilor. 7 uleiuri valoroase din compozi\u021bie hr\u0103nesc \u00een profunzime, \u00eenmoaie \u0219i tonific\u0103 pielea.<br \/>\nDup\u0103 sp\u0103lare, corpul arat\u0103 perfect hidratat \u0219i bine \u00eengrijit \u0219i cap\u0103t\u0103 o arom\u0103 delicat\u0103 \u0219i subtil\u0103 de fructe de p\u0103dure dulci.<\/p>\n","protected":false},"featured_media":84639,"template":"","meta":[],"product_brand":[],"product_cat":[99,104,360,92],"product_tag":[1877,1837,1343,1606,575,1165,951],"class_list":{"0":"post-84638","1":"product","2":"type-product","3":"status-publish","4":"has-post-thumbnail","6":"product_cat-corp","7":"product_cat-body-scrub","8":"product_cat-coffee-scrub","9":"product_cat-toate-produsele","10":"product_tag-1-kg","11":"product_tag-berry","12":"product_tag-body","13":"product_tag-exfoliate","14":"product_tag-mr-scrubber","15":"product_tag-scrub","16":"product_tag-sweet","18":"first","19":"instock","20":"sale","21":"shipping-taxable","22":"purchasable","23":"product-type-simple"},"yoast_head":"<!-- This site is optimized with the Yoast SEO plugin v27.5 - https:\/\/yoast.com\/product\/yoast-seo-wordpress\/ -->\n<title>SWEET BERRY COFFEE SCRUB Mr.SCRUBBER 1 kg - HANNA ORGANIC<\/title>\n<meta name=\"robots\" content=\"index, follow, max-snippet:-1, max-image-preview:large, max-video-preview:-1\" \/>\n<link rel=\"canonical\" href=\"https:\/\/hannaorganic.md\/ru\/produs\/sweet-berry-coffee-scrub-mr-scrubber-1-kg\/\" \/>\n<meta property=\"og:locale\" content=\"ru_RU\" \/>\n<meta property=\"og:type\" content=\"article\" \/>\n<meta property=\"og:title\" content=\"SWEET BERRY COFFEE SCRUB Mr.SCRUBBER 1 kg - HANNA ORGANIC\" \/>\n<meta property=\"og:description\" content=\"Boabele Arabica \u0219i Robusta proasp\u0103t m\u0103cinate cur\u0103\u021b\u0103 delicat \u0219i temeinic pielea, o netezesc, previn apari\u021bia \u0219i elimin\u0103 semnele vizibile de celulit\u0103 \u0219i reduc num\u0103rul \u0219i profunzimea vergeturilor. 7 uleiuri valoroase din compozi\u021bie hr\u0103nesc \u00een profunzime, \u00eenmoaie \u0219i tonific\u0103 pielea. Dup\u0103 sp\u0103lare, corpul arat\u0103 perfect hidratat \u0219i bine \u00eengrijit \u0219i cap\u0103t\u0103 o arom\u0103 delicat\u0103 \u0219i subtil\u0103 de fructe de p\u0103dure dulci.\" \/>\n<meta property=\"og:url\" content=\"https:\/\/hannaorganic.md\/ru\/produs\/sweet-berry-coffee-scrub-mr-scrubber-1-kg\/\" \/>\n<meta property=\"og:site_name\" content=\"HANNA ORGANIC\" \/>\n<meta property=\"article:publisher\" content=\"https:\/\/www.facebook.com\/bluemagic.md\/\" \/>\n<meta property=\"article:modified_time\" content=\"2026-04-18T10:40:01+00:00\" \/>\n<meta property=\"og:image\" content=\"https:\/\/hannaorganic.md\/wp-content\/uploads\/2025\/01\/A78D509E-81B4-42E4-B2C9-6B739852B491.jpeg\" \/>\n\t<meta property=\"og:image:width\" content=\"1179\" \/>\n\t<meta property=\"og:image:height\" content=\"2096\" \/>\n\t<meta property=\"og:image:type\" content=\"image\/jpeg\" \/>\n<meta name=\"twitter:card\" content=\"summary_large_image\" \/>\n<meta name=\"twitter:label1\" content=\"\u041f\u0440\u0438\u043c\u0435\u0440\u043d\u043e\u0435 \u0432\u0440\u0435\u043c\u044f \u0434\u043b\u044f \u0447\u0442\u0435\u043d\u0438\u044f\" \/>\n\t<meta name=\"twitter:data1\" content=\"3 \u043c\u0438\u043d\u0443\u0442\u044b\" \/>\n<script type=\"application\/ld+json\" class=\"yoast-schema-graph\">{\"@context\":\"https:\\\/\\\/schema.org\",\"@graph\":[{\"@type\":\"WebPage\",\"@id\":\"https:\\\/\\\/hannaorganic.md\\\/ru\\\/produs\\\/sweet-berry-coffee-scrub-mr-scrubber-1-kg\\\/\",\"url\":\"https:\\\/\\\/hannaorganic.md\\\/ru\\\/produs\\\/sweet-berry-coffee-scrub-mr-scrubber-1-kg\\\/\",\"name\":\"SWEET BERRY COFFEE SCRUB Mr.SCRUBBER 1 kg - HANNA ORGANIC\",\"isPartOf\":{\"@id\":\"https:\\\/\\\/hannaorganic.md\\\/ru\\\/#website\"},\"primaryImageOfPage\":{\"@id\":\"https:\\\/\\\/hannaorganic.md\\\/ru\\\/produs\\\/sweet-berry-coffee-scrub-mr-scrubber-1-kg\\\/#primaryimage\"},\"image\":{\"@id\":\"https:\\\/\\\/hannaorganic.md\\\/ru\\\/produs\\\/sweet-berry-coffee-scrub-mr-scrubber-1-kg\\\/#primaryimage\"},\"thumbnailUrl\":\"https:\\\/\\\/hannaorganic.md\\\/wp-content\\\/uploads\\\/2025\\\/01\\\/A78D509E-81B4-42E4-B2C9-6B739852B491.jpeg\",\"datePublished\":\"2025-01-28T08:56:16+00:00\",\"dateModified\":\"2026-04-18T10:40:01+00:00\",\"breadcrumb\":{\"@id\":\"https:\\\/\\\/hannaorganic.md\\\/ru\\\/produs\\\/sweet-berry-coffee-scrub-mr-scrubber-1-kg\\\/#breadcrumb\"},\"inLanguage\":\"ru-RU\",\"potentialAction\":[{\"@type\":\"ReadAction\",\"target\":[\"https:\\\/\\\/hannaorganic.md\\\/ru\\\/produs\\\/sweet-berry-coffee-scrub-mr-scrubber-1-kg\\\/\"]}]},{\"@type\":\"ImageObject\",\"inLanguage\":\"ru-RU\",\"@id\":\"https:\\\/\\\/hannaorganic.md\\\/ru\\\/produs\\\/sweet-berry-coffee-scrub-mr-scrubber-1-kg\\\/#primaryimage\",\"url\":\"https:\\\/\\\/hannaorganic.md\\\/wp-content\\\/uploads\\\/2025\\\/01\\\/A78D509E-81B4-42E4-B2C9-6B739852B491.jpeg\",\"contentUrl\":\"https:\\\/\\\/hannaorganic.md\\\/wp-content\\\/uploads\\\/2025\\\/01\\\/A78D509E-81B4-42E4-B2C9-6B739852B491.jpeg\",\"width\":1179,\"height\":2096},{\"@type\":\"BreadcrumbList\",\"@id\":\"https:\\\/\\\/hannaorganic.md\\\/ru\\\/produs\\\/sweet-berry-coffee-scrub-mr-scrubber-1-kg\\\/#breadcrumb\",\"itemListElement\":[{\"@type\":\"ListItem\",\"position\":1,\"name\":\"Prima pagin\u0103\",\"item\":\"https:\\\/\\\/hannaorganic.md\\\/ru\\\/hanna-organic\\\/\"},{\"@type\":\"ListItem\",\"position\":2,\"name\":\"\u041c\u0430\u0433\u0430\u0437\u0438\u043d\",\"item\":\"https:\\\/\\\/hannaorganic.md\\\/ru\\\/shop\\\/\"},{\"@type\":\"ListItem\",\"position\":3,\"name\":\"SWEET BERRY COFFEE SCRUB Mr.SCRUBBER 1 kg\"}]},{\"@type\":\"WebSite\",\"@id\":\"https:\\\/\\\/hannaorganic.md\\\/ru\\\/#website\",\"url\":\"https:\\\/\\\/hannaorganic.md\\\/ru\\\/\",\"name\":\"HANNA ORGANIC\",\"description\":\"Multi-Brand Cosmetic Store\",\"potentialAction\":[{\"@type\":\"SearchAction\",\"target\":{\"@type\":\"EntryPoint\",\"urlTemplate\":\"https:\\\/\\\/hannaorganic.md\\\/ru\\\/?s={search_term_string}\"},\"query-input\":{\"@type\":\"PropertyValueSpecification\",\"valueRequired\":true,\"valueName\":\"search_term_string\"}}],\"inLanguage\":\"ru-RU\"}]}<\/script>\n<!-- \/ Yoast SEO plugin. -->","yoast_head_json":{"title":"SWEET BERRY COFFEE SCRUB Mr.SCRUBBER 1 kg - HANNA ORGANIC","robots":{"index":"index","follow":"follow","max-snippet":"max-snippet:-1","max-image-preview":"max-image-preview:large","max-video-preview":"max-video-preview:-1"},"canonical":"https:\/\/hannaorganic.md\/ru\/produs\/sweet-berry-coffee-scrub-mr-scrubber-1-kg\/","og_locale":"ru_RU","og_type":"article","og_title":"SWEET BERRY COFFEE SCRUB Mr.SCRUBBER 1 kg - HANNA ORGANIC","og_description":"Boabele Arabica \u0219i Robusta proasp\u0103t m\u0103cinate cur\u0103\u021b\u0103 delicat \u0219i temeinic pielea, o netezesc, previn apari\u021bia \u0219i elimin\u0103 semnele vizibile de celulit\u0103 \u0219i reduc num\u0103rul \u0219i profunzimea vergeturilor. 7 uleiuri valoroase din compozi\u021bie hr\u0103nesc \u00een profunzime, \u00eenmoaie \u0219i tonific\u0103 pielea. Dup\u0103 sp\u0103lare, corpul arat\u0103 perfect hidratat \u0219i bine \u00eengrijit \u0219i cap\u0103t\u0103 o arom\u0103 delicat\u0103 \u0219i subtil\u0103 de fructe de p\u0103dure dulci.","og_url":"https:\/\/hannaorganic.md\/ru\/produs\/sweet-berry-coffee-scrub-mr-scrubber-1-kg\/","og_site_name":"HANNA ORGANIC","article_publisher":"https:\/\/www.facebook.com\/bluemagic.md\/","article_modified_time":"2026-04-18T10:40:01+00:00","og_image":[{"width":1179,"height":2096,"url":"https:\/\/hannaorganic.md\/wp-content\/uploads\/2025\/01\/A78D509E-81B4-42E4-B2C9-6B739852B491.jpeg","type":"image\/jpeg"}],"twitter_card":"summary_large_image","twitter_misc":{"\u041f\u0440\u0438\u043c\u0435\u0440\u043d\u043e\u0435 \u0432\u0440\u0435\u043c\u044f \u0434\u043b\u044f \u0447\u0442\u0435\u043d\u0438\u044f":"3 \u043c\u0438\u043d\u0443\u0442\u044b"},"schema":{"@context":"https:\/\/schema.org","@graph":[{"@type":"WebPage","@id":"https:\/\/hannaorganic.md\/ru\/produs\/sweet-berry-coffee-scrub-mr-scrubber-1-kg\/","url":"https:\/\/hannaorganic.md\/ru\/produs\/sweet-berry-coffee-scrub-mr-scrubber-1-kg\/","name":"SWEET BERRY COFFEE SCRUB Mr.SCRUBBER 1 kg - HANNA ORGANIC","isPartOf":{"@id":"https:\/\/hannaorganic.md\/ru\/#website"},"primaryImageOfPage":{"@id":"https:\/\/hannaorganic.md\/ru\/produs\/sweet-berry-coffee-scrub-mr-scrubber-1-kg\/#primaryimage"},"image":{"@id":"https:\/\/hannaorganic.md\/ru\/produs\/sweet-berry-coffee-scrub-mr-scrubber-1-kg\/#primaryimage"},"thumbnailUrl":"https:\/\/hannaorganic.md\/wp-content\/uploads\/2025\/01\/A78D509E-81B4-42E4-B2C9-6B739852B491.jpeg","datePublished":"2025-01-28T08:56:16+00:00","dateModified":"2026-04-18T10:40:01+00:00","breadcrumb":{"@id":"https:\/\/hannaorganic.md\/ru\/produs\/sweet-berry-coffee-scrub-mr-scrubber-1-kg\/#breadcrumb"},"inLanguage":"ru-RU","potentialAction":[{"@type":"ReadAction","target":["https:\/\/hannaorganic.md\/ru\/produs\/sweet-berry-coffee-scrub-mr-scrubber-1-kg\/"]}]},{"@type":"ImageObject","inLanguage":"ru-RU","@id":"https:\/\/hannaorganic.md\/ru\/produs\/sweet-berry-coffee-scrub-mr-scrubber-1-kg\/#primaryimage","url":"https:\/\/hannaorganic.md\/wp-content\/uploads\/2025\/01\/A78D509E-81B4-42E4-B2C9-6B739852B491.jpeg","contentUrl":"https:\/\/hannaorganic.md\/wp-content\/uploads\/2025\/01\/A78D509E-81B4-42E4-B2C9-6B739852B491.jpeg","width":1179,"height":2096},{"@type":"BreadcrumbList","@id":"https:\/\/hannaorganic.md\/ru\/produs\/sweet-berry-coffee-scrub-mr-scrubber-1-kg\/#breadcrumb","itemListElement":[{"@type":"ListItem","position":1,"name":"Prima pagin\u0103","item":"https:\/\/hannaorganic.md\/ru\/hanna-organic\/"},{"@type":"ListItem","position":2,"name":"\u041c\u0430\u0433\u0430\u0437\u0438\u043d","item":"https:\/\/hannaorganic.md\/ru\/shop\/"},{"@type":"ListItem","position":3,"name":"SWEET BERRY COFFEE SCRUB Mr.SCRUBBER 1 kg"}]},{"@type":"WebSite","@id":"https:\/\/hannaorganic.md\/ru\/#website","url":"https:\/\/hannaorganic.md\/ru\/","name":"HANNA ORGANIC","description":"Multi-Brand Cosmetic Store","potentialAction":[{"@type":"SearchAction","target":{"@type":"EntryPoint","urlTemplate":"https:\/\/hannaorganic.md\/ru\/?s={search_term_string}"},"query-input":{"@type":"PropertyValueSpecification","valueRequired":true,"valueName":"search_term_string"}}],"inLanguage":"ru-RU"}]}},"_links":{"self":[{"href":"https:\/\/hannaorganic.md\/ru\/wp-json\/wp\/v2\/product\/84638","targetHints":{"allow":["GET"]}}],"collection":[{"href":"https:\/\/hannaorganic.md\/ru\/wp-json\/wp\/v2\/product"}],"about":[{"href":"https:\/\/hannaorganic.md\/ru\/wp-json\/wp\/v2\/types\/product"}],"wp:featuredmedia":[{"embeddable":true,"href":"https:\/\/hannaorganic.md\/ru\/wp-json\/wp\/v2\/media\/84639"}],"wp:attachment":[{"href":"https:\/\/hannaorganic.md\/ru\/wp-json\/wp\/v2\/media?parent=84638"}],"wp:term":[{"taxonomy":"product_brand","embeddable":true,"href":"https:\/\/hannaorganic.md\/ru\/wp-json\/wp\/v2\/product_brand?post=84638"},{"taxonomy":"product_cat","embeddable":true,"href":"https:\/\/hannaorganic.md\/ru\/wp-json\/wp\/v2\/product_cat?post=84638"},{"taxonomy":"product_tag","embeddable":true,"href":"https:\/\/hannaorganic.md\/ru\/wp-json\/wp\/v2\/product_tag?post=84638"}],"curies":[{"name":"wp","href":"https:\/\/api.w.org\/{rel}","templated":true}]}}