{"id":84645,"date":"2025-01-31T11:37:40","date_gmt":"2025-01-31T09:37:40","guid":{"rendered":"https:\/\/hannaorganic.md\/?post_type=product&#038;p=84645"},"modified":"2026-04-18T12:39:43","modified_gmt":"2026-04-18T10:39:43","slug":"vitamin-c-glow-pads-3in1-pads-mask-patch-mr-scrubber","status":"publish","type":"product","link":"https:\/\/hannaorganic.md\/ru\/produs\/vitamin-c-glow-pads-3in1-pads-mask-patch-mr-scrubber\/","title":{"rendered":"Vitamin C Glow Pads 3in1 Pads\/Mask\/Patch Mr.SCRUBBER"},"content":{"rendered":"<p>Cum func\u021bioneaz\u0103 :<br \/>\n\u2022 Ascorbatul de 3-gliceril (un derivat stabil al vitaminei C) are propriet\u0103\u021bi de str\u0103lucire \u0219i antioxidante sporite, care contribuie la \u00eencetinirea \u00eemb\u0103tr\u00e2nirii pielii, la \u00eendep\u0103rtarea petelor pigmentare \u0219i la netezirea ridurilor \u0219i cutelor legate de v\u00e2rst\u0103 \u0219i de v\u00e2rst\u0103. ;<br \/>\n\u2022 glicerina hidrateaz\u0103, \u00eent\u0103re\u0219te bariera protectoare a dermei, elimin\u0103 irita\u021bia \u0219i ro\u0219ea\u021ba;<br \/>\n\u2022 peptida miorelaxanta intareste si netezeste derma, reduce profunzimea ridurilor si pliurilor faciale, previne aparitia unor noi riduri;<br \/>\n\u2022 copolimerul acid lactic\/glicolic ajuta la exfolierea celulelor moarte si pigmentate de la suprafata pielii si imbunatateste capacitatea de legare a apei de hidratare a pielii;<br \/>\n\u2022 uleiul de ricin reduce inflamatia, usuca dermul, lumineaza tenul.<\/p>\n<p>Efect :<\/p>\n<p>\u2022 hidratare;<br \/>\n\u2022 imbunatatirea tonusului pielii;<br \/>\n\u2022 reducerea iritatiilor si roseata;<br \/>\n\u2022 senza\u021bie pl\u0103cut\u0103 de cur\u0103\u021benie \u0219i confort.<\/p>\n<p>Compozi\u0163ie :\u00a0 Aqua (ap\u0103), propilenglicol, amoniu acriloil dimetiltaurat\/carboxietil acrilat polimer \u00eencruci\u0219at, 3-gliceril ascorbat, glicerin\u0103, acid lactic\/copolimer acid glicolic, palmitoil hexapeptid\u010352, palmitoil heptapeptide-18, polivinil-al-cohol, polivinil-1-copehol -9 lauril glicol eter, ulei de ricin hidrogenat PEG-40, metilparaben, DMDM \u200b\u200b\u200b\u200bhidantoin\u0103, parfum.<\/p>\n<p>Ca curatare mod de utilizare : u\u0219or, mas\u00e2nd \u0219i frec\u00e2nd pielea cu miscari de masaj.\u2029Potrivit pentru cur\u0103\u021barea zilnic\u0103.<\/p>\n<p>Ca patches : \u00eentinde\u021bi u\u0219or tampoanele, aplica\u021bi pe pielea cur\u0103\u021bat\u0103 de sub axil\u0103 timp de 3-5 minute, \u00eendep\u0103rta\u021bi de pe pome\u021bi, distribui\u021bi cu mi\u0219c\u0103ri bl\u00e2nde restul serului calmant.\u2029Potrivit pentru uz zilnic.<\/p>\n<p>Ca masc\u0103 : \u00eentinde\u021bi u\u0219or pleoapele, aplica\u021bi pe pielea cur\u0103\u021bat\u0103 timp de 3-5 minute, \u00eendep\u0103rta\u021bi \u0219i distribui\u021bi restul serului calmant cu mi\u0219c\u0103ri bl\u00e2nde.\u2029Potrivit pentru uz zilnic.<\/p>\n<p>Pentru a ob\u021bine efectul maxim, v\u0103 recomand\u0103m s\u0103 utiliza\u021bi un complex de produse din seria GlowVitaminC.<\/p>\n<p>Contraindica\u021bii : sensibilitate individual\u0103 la componentele produsului.\u2029Evita\u021bi contactul cu ochii.\u2029\u00cen cazul contactului cu ochii, cl\u0103ti\u021bi imediat cu ap\u0103, consulta\u021bi un medic dac\u0103 este necesar.\u2029AVERTIZARE! Evita\u021bi introducerea produsului pe membranele mucoase.\u2029\u00cen caz de sensibilitate excesiv\u0103 la componentele produsului, sunt posibile urm\u0103toarele reac\u021bii: ro\u0219ea\u021b\u0103, furnic\u0103turi.\u2029Dac\u0103 reac\u021bia nu dispare dup\u0103 2-3 zile de la aplicare, \u00eentrerupe\u021bi utilizarea produsului.<\/p>\n<p>Buc\u0103\u021bi : 150<\/p>\n","protected":false},"excerpt":{"rendered":"<p>Discurile delicate cu vitamina C\u00a0 cur\u0103\u021b\u0103 delicat, \u00eent\u0103re\u0219te \u0219i promoveaz\u0103 regenerarea natural\u0103 a pielii. Acestea calmeaz\u0103 u\u0219or, previn irita\u021bia sau ro\u0219ea\u021ba \u0219i ofer\u0103 o str\u0103lucire natural\u0103. Un derivat stabil al vitaminei C \u0219i o peptid\u0103 miorelaxant\u0103 neteze\u0219te \u0219i \u00eembun\u0103t\u0103\u021be\u0219te vizibil starea pielii. Datorit\u0103 compozi\u021biei bogate, las\u0103 o senza\u021bie de cur\u0103\u021benie \u0219i confort de neegalat dup\u0103 utilizare.<\/p>\n","protected":false},"featured_media":85266,"template":"","meta":[],"product_brand":[],"product_cat":[239,100,96,1881,92],"product_tag":[1884,1854,1294,575,1882,1883,783,599],"class_list":{"0":"post-84645","1":"product","2":"type-product","3":"status-publish","4":"has-post-thumbnail","6":"product_cat-eye-patch","7":"product_cat-fata","8":"product_cat-mrscrubber-md","9":"product_cat-pads","10":"product_cat-toate-produsele","11":"product_tag-3in1","12":"product_tag-face-care","13":"product_tag-mask","14":"product_tag-mr-scrubber","15":"product_tag-pads","16":"product_tag-patch","17":"product_tag-skin","18":"product_tag-vitamin-c","20":"first","21":"instock","22":"shipping-taxable","23":"purchasable","24":"product-type-simple"},"yoast_head":"<!-- This site is optimized with the Yoast SEO plugin v27.5 - https:\/\/yoast.com\/product\/yoast-seo-wordpress\/ -->\n<title>Vitamin C Glow Pads 3in1 Pads\/Mask\/Patch Mr.SCRUBBER - HANNA ORGANIC<\/title>\n<meta name=\"robots\" content=\"index, follow, max-snippet:-1, max-image-preview:large, max-video-preview:-1\" \/>\n<link rel=\"canonical\" href=\"https:\/\/hannaorganic.md\/ru\/produs\/vitamin-c-glow-pads-3in1-pads-mask-patch-mr-scrubber\/\" \/>\n<meta property=\"og:locale\" content=\"ru_RU\" \/>\n<meta property=\"og:type\" content=\"article\" \/>\n<meta property=\"og:title\" content=\"Vitamin C Glow Pads 3in1 Pads\/Mask\/Patch Mr.SCRUBBER - HANNA ORGANIC\" \/>\n<meta property=\"og:description\" content=\"Discurile delicate cu vitamina C\u00a0 cur\u0103\u021b\u0103 delicat, \u00eent\u0103re\u0219te \u0219i promoveaz\u0103 regenerarea natural\u0103 a pielii. Acestea calmeaz\u0103 u\u0219or, previn irita\u021bia sau ro\u0219ea\u021ba \u0219i ofer\u0103 o str\u0103lucire natural\u0103. Un derivat stabil al vitaminei C \u0219i o peptid\u0103 miorelaxant\u0103 neteze\u0219te \u0219i \u00eembun\u0103t\u0103\u021be\u0219te vizibil starea pielii. Datorit\u0103 compozi\u021biei bogate, las\u0103 o senza\u021bie de cur\u0103\u021benie \u0219i confort de neegalat dup\u0103 utilizare.\" \/>\n<meta property=\"og:url\" content=\"https:\/\/hannaorganic.md\/ru\/produs\/vitamin-c-glow-pads-3in1-pads-mask-patch-mr-scrubber\/\" \/>\n<meta property=\"og:site_name\" content=\"HANNA ORGANIC\" \/>\n<meta property=\"article:publisher\" content=\"https:\/\/www.facebook.com\/bluemagic.md\/\" \/>\n<meta property=\"article:modified_time\" content=\"2026-04-18T10:39:43+00:00\" \/>\n<meta property=\"og:image\" content=\"https:\/\/hannaorganic.md\/wp-content\/uploads\/2025\/01\/IMG_3167-1.jpeg\" \/>\n\t<meta property=\"og:image:width\" content=\"935\" \/>\n\t<meta property=\"og:image:height\" content=\"1069\" \/>\n\t<meta property=\"og:image:type\" content=\"image\/jpeg\" \/>\n<meta name=\"twitter:card\" content=\"summary_large_image\" \/>\n<meta name=\"twitter:label1\" content=\"\u041f\u0440\u0438\u043c\u0435\u0440\u043d\u043e\u0435 \u0432\u0440\u0435\u043c\u044f \u0434\u043b\u044f \u0447\u0442\u0435\u043d\u0438\u044f\" \/>\n\t<meta name=\"twitter:data1\" content=\"2 \u043c\u0438\u043d\u0443\u0442\u044b\" \/>\n<script type=\"application\/ld+json\" class=\"yoast-schema-graph\">{\"@context\":\"https:\\\/\\\/schema.org\",\"@graph\":[{\"@type\":\"WebPage\",\"@id\":\"https:\\\/\\\/hannaorganic.md\\\/ru\\\/produs\\\/vitamin-c-glow-pads-3in1-pads-mask-patch-mr-scrubber\\\/\",\"url\":\"https:\\\/\\\/hannaorganic.md\\\/ru\\\/produs\\\/vitamin-c-glow-pads-3in1-pads-mask-patch-mr-scrubber\\\/\",\"name\":\"Vitamin C Glow Pads 3in1 Pads\\\/Mask\\\/Patch Mr.SCRUBBER - HANNA ORGANIC\",\"isPartOf\":{\"@id\":\"https:\\\/\\\/hannaorganic.md\\\/ru\\\/#website\"},\"primaryImageOfPage\":{\"@id\":\"https:\\\/\\\/hannaorganic.md\\\/ru\\\/produs\\\/vitamin-c-glow-pads-3in1-pads-mask-patch-mr-scrubber\\\/#primaryimage\"},\"image\":{\"@id\":\"https:\\\/\\\/hannaorganic.md\\\/ru\\\/produs\\\/vitamin-c-glow-pads-3in1-pads-mask-patch-mr-scrubber\\\/#primaryimage\"},\"thumbnailUrl\":\"https:\\\/\\\/hannaorganic.md\\\/wp-content\\\/uploads\\\/2025\\\/01\\\/IMG_3167-1.jpeg\",\"datePublished\":\"2025-01-31T09:37:40+00:00\",\"dateModified\":\"2026-04-18T10:39:43+00:00\",\"breadcrumb\":{\"@id\":\"https:\\\/\\\/hannaorganic.md\\\/ru\\\/produs\\\/vitamin-c-glow-pads-3in1-pads-mask-patch-mr-scrubber\\\/#breadcrumb\"},\"inLanguage\":\"ru-RU\",\"potentialAction\":[{\"@type\":\"ReadAction\",\"target\":[\"https:\\\/\\\/hannaorganic.md\\\/ru\\\/produs\\\/vitamin-c-glow-pads-3in1-pads-mask-patch-mr-scrubber\\\/\"]}]},{\"@type\":\"ImageObject\",\"inLanguage\":\"ru-RU\",\"@id\":\"https:\\\/\\\/hannaorganic.md\\\/ru\\\/produs\\\/vitamin-c-glow-pads-3in1-pads-mask-patch-mr-scrubber\\\/#primaryimage\",\"url\":\"https:\\\/\\\/hannaorganic.md\\\/wp-content\\\/uploads\\\/2025\\\/01\\\/IMG_3167-1.jpeg\",\"contentUrl\":\"https:\\\/\\\/hannaorganic.md\\\/wp-content\\\/uploads\\\/2025\\\/01\\\/IMG_3167-1.jpeg\",\"width\":935,\"height\":1069},{\"@type\":\"BreadcrumbList\",\"@id\":\"https:\\\/\\\/hannaorganic.md\\\/ru\\\/produs\\\/vitamin-c-glow-pads-3in1-pads-mask-patch-mr-scrubber\\\/#breadcrumb\",\"itemListElement\":[{\"@type\":\"ListItem\",\"position\":1,\"name\":\"Prima pagin\u0103\",\"item\":\"https:\\\/\\\/hannaorganic.md\\\/ru\\\/hanna-organic\\\/\"},{\"@type\":\"ListItem\",\"position\":2,\"name\":\"\u041c\u0430\u0433\u0430\u0437\u0438\u043d\",\"item\":\"https:\\\/\\\/hannaorganic.md\\\/ru\\\/shop\\\/\"},{\"@type\":\"ListItem\",\"position\":3,\"name\":\"Vitamin C Glow Pads 3in1 Pads\\\/Mask\\\/Patch Mr.SCRUBBER\"}]},{\"@type\":\"WebSite\",\"@id\":\"https:\\\/\\\/hannaorganic.md\\\/ru\\\/#website\",\"url\":\"https:\\\/\\\/hannaorganic.md\\\/ru\\\/\",\"name\":\"HANNA ORGANIC\",\"description\":\"Multi-Brand Cosmetic Store\",\"potentialAction\":[{\"@type\":\"SearchAction\",\"target\":{\"@type\":\"EntryPoint\",\"urlTemplate\":\"https:\\\/\\\/hannaorganic.md\\\/ru\\\/?s={search_term_string}\"},\"query-input\":{\"@type\":\"PropertyValueSpecification\",\"valueRequired\":true,\"valueName\":\"search_term_string\"}}],\"inLanguage\":\"ru-RU\"}]}<\/script>\n<!-- \/ Yoast SEO plugin. -->","yoast_head_json":{"title":"Vitamin C Glow Pads 3in1 Pads\/Mask\/Patch Mr.SCRUBBER - HANNA ORGANIC","robots":{"index":"index","follow":"follow","max-snippet":"max-snippet:-1","max-image-preview":"max-image-preview:large","max-video-preview":"max-video-preview:-1"},"canonical":"https:\/\/hannaorganic.md\/ru\/produs\/vitamin-c-glow-pads-3in1-pads-mask-patch-mr-scrubber\/","og_locale":"ru_RU","og_type":"article","og_title":"Vitamin C Glow Pads 3in1 Pads\/Mask\/Patch Mr.SCRUBBER - HANNA ORGANIC","og_description":"Discurile delicate cu vitamina C\u00a0 cur\u0103\u021b\u0103 delicat, \u00eent\u0103re\u0219te \u0219i promoveaz\u0103 regenerarea natural\u0103 a pielii. Acestea calmeaz\u0103 u\u0219or, previn irita\u021bia sau ro\u0219ea\u021ba \u0219i ofer\u0103 o str\u0103lucire natural\u0103. Un derivat stabil al vitaminei C \u0219i o peptid\u0103 miorelaxant\u0103 neteze\u0219te \u0219i \u00eembun\u0103t\u0103\u021be\u0219te vizibil starea pielii. Datorit\u0103 compozi\u021biei bogate, las\u0103 o senza\u021bie de cur\u0103\u021benie \u0219i confort de neegalat dup\u0103 utilizare.","og_url":"https:\/\/hannaorganic.md\/ru\/produs\/vitamin-c-glow-pads-3in1-pads-mask-patch-mr-scrubber\/","og_site_name":"HANNA ORGANIC","article_publisher":"https:\/\/www.facebook.com\/bluemagic.md\/","article_modified_time":"2026-04-18T10:39:43+00:00","og_image":[{"width":935,"height":1069,"url":"https:\/\/hannaorganic.md\/wp-content\/uploads\/2025\/01\/IMG_3167-1.jpeg","type":"image\/jpeg"}],"twitter_card":"summary_large_image","twitter_misc":{"\u041f\u0440\u0438\u043c\u0435\u0440\u043d\u043e\u0435 \u0432\u0440\u0435\u043c\u044f \u0434\u043b\u044f \u0447\u0442\u0435\u043d\u0438\u044f":"2 \u043c\u0438\u043d\u0443\u0442\u044b"},"schema":{"@context":"https:\/\/schema.org","@graph":[{"@type":"WebPage","@id":"https:\/\/hannaorganic.md\/ru\/produs\/vitamin-c-glow-pads-3in1-pads-mask-patch-mr-scrubber\/","url":"https:\/\/hannaorganic.md\/ru\/produs\/vitamin-c-glow-pads-3in1-pads-mask-patch-mr-scrubber\/","name":"Vitamin C Glow Pads 3in1 Pads\/Mask\/Patch Mr.SCRUBBER - HANNA ORGANIC","isPartOf":{"@id":"https:\/\/hannaorganic.md\/ru\/#website"},"primaryImageOfPage":{"@id":"https:\/\/hannaorganic.md\/ru\/produs\/vitamin-c-glow-pads-3in1-pads-mask-patch-mr-scrubber\/#primaryimage"},"image":{"@id":"https:\/\/hannaorganic.md\/ru\/produs\/vitamin-c-glow-pads-3in1-pads-mask-patch-mr-scrubber\/#primaryimage"},"thumbnailUrl":"https:\/\/hannaorganic.md\/wp-content\/uploads\/2025\/01\/IMG_3167-1.jpeg","datePublished":"2025-01-31T09:37:40+00:00","dateModified":"2026-04-18T10:39:43+00:00","breadcrumb":{"@id":"https:\/\/hannaorganic.md\/ru\/produs\/vitamin-c-glow-pads-3in1-pads-mask-patch-mr-scrubber\/#breadcrumb"},"inLanguage":"ru-RU","potentialAction":[{"@type":"ReadAction","target":["https:\/\/hannaorganic.md\/ru\/produs\/vitamin-c-glow-pads-3in1-pads-mask-patch-mr-scrubber\/"]}]},{"@type":"ImageObject","inLanguage":"ru-RU","@id":"https:\/\/hannaorganic.md\/ru\/produs\/vitamin-c-glow-pads-3in1-pads-mask-patch-mr-scrubber\/#primaryimage","url":"https:\/\/hannaorganic.md\/wp-content\/uploads\/2025\/01\/IMG_3167-1.jpeg","contentUrl":"https:\/\/hannaorganic.md\/wp-content\/uploads\/2025\/01\/IMG_3167-1.jpeg","width":935,"height":1069},{"@type":"BreadcrumbList","@id":"https:\/\/hannaorganic.md\/ru\/produs\/vitamin-c-glow-pads-3in1-pads-mask-patch-mr-scrubber\/#breadcrumb","itemListElement":[{"@type":"ListItem","position":1,"name":"Prima pagin\u0103","item":"https:\/\/hannaorganic.md\/ru\/hanna-organic\/"},{"@type":"ListItem","position":2,"name":"\u041c\u0430\u0433\u0430\u0437\u0438\u043d","item":"https:\/\/hannaorganic.md\/ru\/shop\/"},{"@type":"ListItem","position":3,"name":"Vitamin C Glow Pads 3in1 Pads\/Mask\/Patch Mr.SCRUBBER"}]},{"@type":"WebSite","@id":"https:\/\/hannaorganic.md\/ru\/#website","url":"https:\/\/hannaorganic.md\/ru\/","name":"HANNA ORGANIC","description":"Multi-Brand Cosmetic Store","potentialAction":[{"@type":"SearchAction","target":{"@type":"EntryPoint","urlTemplate":"https:\/\/hannaorganic.md\/ru\/?s={search_term_string}"},"query-input":{"@type":"PropertyValueSpecification","valueRequired":true,"valueName":"search_term_string"}}],"inLanguage":"ru-RU"}]}},"_links":{"self":[{"href":"https:\/\/hannaorganic.md\/ru\/wp-json\/wp\/v2\/product\/84645","targetHints":{"allow":["GET"]}}],"collection":[{"href":"https:\/\/hannaorganic.md\/ru\/wp-json\/wp\/v2\/product"}],"about":[{"href":"https:\/\/hannaorganic.md\/ru\/wp-json\/wp\/v2\/types\/product"}],"wp:featuredmedia":[{"embeddable":true,"href":"https:\/\/hannaorganic.md\/ru\/wp-json\/wp\/v2\/media\/85266"}],"wp:attachment":[{"href":"https:\/\/hannaorganic.md\/ru\/wp-json\/wp\/v2\/media?parent=84645"}],"wp:term":[{"taxonomy":"product_brand","embeddable":true,"href":"https:\/\/hannaorganic.md\/ru\/wp-json\/wp\/v2\/product_brand?post=84645"},{"taxonomy":"product_cat","embeddable":true,"href":"https:\/\/hannaorganic.md\/ru\/wp-json\/wp\/v2\/product_cat?post=84645"},{"taxonomy":"product_tag","embeddable":true,"href":"https:\/\/hannaorganic.md\/ru\/wp-json\/wp\/v2\/product_tag?post=84645"}],"curies":[{"name":"wp","href":"https:\/\/api.w.org\/{rel}","templated":true}]}}