{"id":84659,"date":"2025-01-31T11:57:11","date_gmt":"2025-01-31T09:57:11","guid":{"rendered":"https:\/\/hannaorganic.md\/?post_type=product&#038;p=84659"},"modified":"2025-01-31T11:59:59","modified_gmt":"2025-01-31T09:59:59","slug":"vitamin-c-glow-face-cream-mr-scrubber","status":"publish","type":"product","link":"https:\/\/hannaorganic.md\/ru\/produs\/vitamin-c-glow-face-cream-mr-scrubber\/","title":{"rendered":"Vitamin C Glow Face Cream Mr.SCRUBBER"},"content":{"rendered":"<p>Cum func\u021bioneaz\u0103 :<br \/>\n\u2022 Ascorbatul de 3-gliceril (un derivat stabil al vitaminei C) are propriet\u0103\u021bi de str\u0103lucire \u0219i antioxidante sporite, care contribuie la \u00eencetinirea \u00eemb\u0103tr\u00e2nirii pielii, la \u00eendep\u0103rtarea petelor pigmentare \u0219i la netezirea ridurilor \u0219i cutelor legate de v\u00e2rst\u0103 \u0219i faciale;<br \/>\n\u2022 glicerina hidrateaz\u0103, \u00eent\u0103re\u0219te bariera protectoare a dermei, elimin\u0103 irita\u021bia \u0219i ro\u0219ea\u021ba;<br \/>\n\u2022 uleiul de m\u0103sline hr\u0103ne\u0219te, hidrateaz\u0103 \u0219i catifeleaz\u0103;<br \/>\n\u2022 copolimerul acid lactic\/glicolic ajuta la exfolierea celulelor moarte si pigmentate de la suprafata pielii si imbunatateste capacitatea de legare a apei de hidratare a pielii;<br \/>\n\u2022 Pudra de orez japonez\u0103 calmeaz\u0103, reface, \u00eembun\u0103t\u0103\u021be\u0219te culoarea \u0219i textura pielii, absoarbe excesul de sebum, men\u021bine fa\u021ba moale ca por\u021belan pentru o lung\u0103 perioad\u0103 de timp;<br \/>\n\u2022 squalanul are efecte calmante \u0219i antiinflamatorii pronun\u021bate, protejeaz\u0103 \u00eempotriva efectelor nocive ale mediului extern;<br \/>\n\u2022 peptidul miorelaxant \u00eent\u0103re\u0219te \u0219i neteze\u0219te derma, reduce profunzimea ridurilor legate de v\u00e2rst\u0103 \u0219i mimeaz\u0103 \u0219i previne apari\u021bia altora noi.<\/p>\n<p>Efect :<br \/>\n\u2022 \u00eembun\u0103t\u0103\u021birea barierei de protec\u021bie;<br \/>\n\u2022 hidratarea pielii faciale;<br \/>\n\u2022 reducerea pigmentarii si a profunzimii ridurilor.<\/p>\n<p>Compozi\u0163ie :\u00a0 Aqua (ap\u0103), triheptanoin\u0103, zaharoz\u0103 stearat, triglicerid caprilic\/capric, squalan, 3-gliceril ascorbat, glicerin\u0103, amidon de Oryza Sativa, poliacrilat13, poliizobuten\u0103, polisorbat 20, pentilen glicol, poliacrilat de sodiu, tocoferenoxiaccharol, gutac13 , Copolimer acid lactic\/acid glicolic, palmitoil hexapeptid-52, Palmitoil Heptapeptide-18, alcool polivinilic, etilhexilglicerin\u0103, fenoxietanol, parfum.<\/p>\n<p>Mod de utilizare : Aplica\u021bi zilnic pe pielea bine cur\u0103\u021bat\u0103 a fe\u021bei \u0219i g\u00e2tului, evit\u00e2nd zona din jurul ochilor.\u2029Pute\u021bi folosi crema de noapte\/zi.<\/p>\n<p>Pentru a ob\u021bine efectul maxim, v\u0103 recomand\u0103m s\u0103 utiliza\u021bi un complex de produse din seria GlowVitaminC.<\/p>\n<p>Contraindica\u021bii : sensibilitate individual\u0103 la componentele produsului.\u2029Evita\u021bi contactul cu ochii.\u2029\u00cen caz de contact, sp\u0103la\u021bi imediat ochii cu ap\u0103, consulta\u021bi un medic dac\u0103 este necesar.<\/p>\n<p>Volum : 50 mililitri<\/p>\n","protected":false},"excerpt":{"rendered":"<p>Crema de fata luminoasa Glow Vitamina C cu vitamina C stabila imbunatateste semnificativ starea pielii, ii mareste fermitatea si elasticitatea, improspateaza, neutralizeaza efectul radicalilor liberi, intareste bariera protectoare. Un derivat stabil al vitaminei C are propriet\u0103\u021bi hidratante \u0219i antioxidante sporite, neteze\u0219te \u0219i str\u00e2nge eficient ovalul. Peptida inovatoare de relaxare muscular\u0103 blocheaz\u0103 mi\u0219carea muscular\u0103, reduce aspectul pliurilor faciale \u0219i ridurile de v\u00e2rst\u0103. Pudra de orez japonez ofer\u0103 un finisaj mat m\u0103t\u0103sos.<\/p>\n","protected":false},"featured_media":84660,"template":"","meta":[],"product_brand":[],"product_cat":[100,122,96,92],"product_tag":[1177,1293,935,653,575,599],"class_list":{"0":"post-84659","1":"product","2":"type-product","3":"status-publish","4":"has-post-thumbnail","6":"product_cat-fata","7":"product_cat-face-cream","8":"product_cat-mrscrubber-md","9":"product_cat-toate-produsele","10":"product_tag-cream","11":"product_tag-face","12":"product_tag-glow","13":"product_tag-glowing-skin","14":"product_tag-mr-scrubber","15":"product_tag-vitamin-c","17":"first","18":"instock","19":"shipping-taxable","20":"purchasable","21":"product-type-simple"},"yoast_head":"<!-- This site is optimized with the Yoast SEO plugin v27.5 - https:\/\/yoast.com\/product\/yoast-seo-wordpress\/ -->\n<title>Vitamin C Glow Face Cream Mr.SCRUBBER - HANNA ORGANIC<\/title>\n<meta name=\"robots\" content=\"index, follow, max-snippet:-1, max-image-preview:large, max-video-preview:-1\" \/>\n<link rel=\"canonical\" href=\"https:\/\/hannaorganic.md\/ru\/produs\/vitamin-c-glow-face-cream-mr-scrubber\/\" \/>\n<meta property=\"og:locale\" content=\"ru_RU\" \/>\n<meta property=\"og:type\" content=\"article\" \/>\n<meta property=\"og:title\" content=\"Vitamin C Glow Face Cream Mr.SCRUBBER - HANNA ORGANIC\" \/>\n<meta property=\"og:description\" content=\"Crema de fata luminoasa Glow Vitamina C cu vitamina C stabila imbunatateste semnificativ starea pielii, ii mareste fermitatea si elasticitatea, improspateaza, neutralizeaza efectul radicalilor liberi, intareste bariera protectoare. Un derivat stabil al vitaminei C are propriet\u0103\u021bi hidratante \u0219i antioxidante sporite, neteze\u0219te \u0219i str\u00e2nge eficient ovalul. Peptida inovatoare de relaxare muscular\u0103 blocheaz\u0103 mi\u0219carea muscular\u0103, reduce aspectul pliurilor faciale \u0219i ridurile de v\u00e2rst\u0103. Pudra de orez japonez ofer\u0103 un finisaj mat m\u0103t\u0103sos.\" \/>\n<meta property=\"og:url\" content=\"https:\/\/hannaorganic.md\/ru\/produs\/vitamin-c-glow-face-cream-mr-scrubber\/\" \/>\n<meta property=\"og:site_name\" content=\"HANNA ORGANIC\" \/>\n<meta property=\"article:publisher\" content=\"https:\/\/www.facebook.com\/bluemagic.md\/\" \/>\n<meta property=\"article:modified_time\" content=\"2025-01-31T09:59:59+00:00\" \/>\n<meta property=\"og:image\" content=\"https:\/\/hannaorganic.md\/wp-content\/uploads\/2025\/01\/IMG_5863.jpeg\" \/>\n\t<meta property=\"og:image:width\" content=\"1179\" \/>\n\t<meta property=\"og:image:height\" content=\"1442\" \/>\n\t<meta property=\"og:image:type\" content=\"image\/jpeg\" \/>\n<meta name=\"twitter:card\" content=\"summary_large_image\" \/>\n<meta name=\"twitter:label1\" content=\"\u041f\u0440\u0438\u043c\u0435\u0440\u043d\u043e\u0435 \u0432\u0440\u0435\u043c\u044f \u0434\u043b\u044f \u0447\u0442\u0435\u043d\u0438\u044f\" \/>\n\t<meta name=\"twitter:data1\" content=\"2 \u043c\u0438\u043d\u0443\u0442\u044b\" \/>\n<script type=\"application\/ld+json\" class=\"yoast-schema-graph\">{\"@context\":\"https:\\\/\\\/schema.org\",\"@graph\":[{\"@type\":\"WebPage\",\"@id\":\"https:\\\/\\\/hannaorganic.md\\\/ru\\\/produs\\\/vitamin-c-glow-face-cream-mr-scrubber\\\/\",\"url\":\"https:\\\/\\\/hannaorganic.md\\\/ru\\\/produs\\\/vitamin-c-glow-face-cream-mr-scrubber\\\/\",\"name\":\"Vitamin C Glow Face Cream Mr.SCRUBBER - HANNA ORGANIC\",\"isPartOf\":{\"@id\":\"https:\\\/\\\/hannaorganic.md\\\/ru\\\/#website\"},\"primaryImageOfPage\":{\"@id\":\"https:\\\/\\\/hannaorganic.md\\\/ru\\\/produs\\\/vitamin-c-glow-face-cream-mr-scrubber\\\/#primaryimage\"},\"image\":{\"@id\":\"https:\\\/\\\/hannaorganic.md\\\/ru\\\/produs\\\/vitamin-c-glow-face-cream-mr-scrubber\\\/#primaryimage\"},\"thumbnailUrl\":\"https:\\\/\\\/hannaorganic.md\\\/wp-content\\\/uploads\\\/2025\\\/01\\\/IMG_5863.jpeg\",\"datePublished\":\"2025-01-31T09:57:11+00:00\",\"dateModified\":\"2025-01-31T09:59:59+00:00\",\"breadcrumb\":{\"@id\":\"https:\\\/\\\/hannaorganic.md\\\/ru\\\/produs\\\/vitamin-c-glow-face-cream-mr-scrubber\\\/#breadcrumb\"},\"inLanguage\":\"ru-RU\",\"potentialAction\":[{\"@type\":\"ReadAction\",\"target\":[\"https:\\\/\\\/hannaorganic.md\\\/ru\\\/produs\\\/vitamin-c-glow-face-cream-mr-scrubber\\\/\"]}]},{\"@type\":\"ImageObject\",\"inLanguage\":\"ru-RU\",\"@id\":\"https:\\\/\\\/hannaorganic.md\\\/ru\\\/produs\\\/vitamin-c-glow-face-cream-mr-scrubber\\\/#primaryimage\",\"url\":\"https:\\\/\\\/hannaorganic.md\\\/wp-content\\\/uploads\\\/2025\\\/01\\\/IMG_5863.jpeg\",\"contentUrl\":\"https:\\\/\\\/hannaorganic.md\\\/wp-content\\\/uploads\\\/2025\\\/01\\\/IMG_5863.jpeg\",\"width\":1179,\"height\":1442},{\"@type\":\"BreadcrumbList\",\"@id\":\"https:\\\/\\\/hannaorganic.md\\\/ru\\\/produs\\\/vitamin-c-glow-face-cream-mr-scrubber\\\/#breadcrumb\",\"itemListElement\":[{\"@type\":\"ListItem\",\"position\":1,\"name\":\"Prima pagin\u0103\",\"item\":\"https:\\\/\\\/hannaorganic.md\\\/ru\\\/hanna-organic\\\/\"},{\"@type\":\"ListItem\",\"position\":2,\"name\":\"\u041c\u0430\u0433\u0430\u0437\u0438\u043d\",\"item\":\"https:\\\/\\\/hannaorganic.md\\\/ru\\\/shop\\\/\"},{\"@type\":\"ListItem\",\"position\":3,\"name\":\"Vitamin C Glow Face Cream Mr.SCRUBBER\"}]},{\"@type\":\"WebSite\",\"@id\":\"https:\\\/\\\/hannaorganic.md\\\/ru\\\/#website\",\"url\":\"https:\\\/\\\/hannaorganic.md\\\/ru\\\/\",\"name\":\"HANNA ORGANIC\",\"description\":\"Multi-Brand Cosmetic Store\",\"potentialAction\":[{\"@type\":\"SearchAction\",\"target\":{\"@type\":\"EntryPoint\",\"urlTemplate\":\"https:\\\/\\\/hannaorganic.md\\\/ru\\\/?s={search_term_string}\"},\"query-input\":{\"@type\":\"PropertyValueSpecification\",\"valueRequired\":true,\"valueName\":\"search_term_string\"}}],\"inLanguage\":\"ru-RU\"}]}<\/script>\n<!-- \/ Yoast SEO plugin. -->","yoast_head_json":{"title":"Vitamin C Glow Face Cream Mr.SCRUBBER - HANNA ORGANIC","robots":{"index":"index","follow":"follow","max-snippet":"max-snippet:-1","max-image-preview":"max-image-preview:large","max-video-preview":"max-video-preview:-1"},"canonical":"https:\/\/hannaorganic.md\/ru\/produs\/vitamin-c-glow-face-cream-mr-scrubber\/","og_locale":"ru_RU","og_type":"article","og_title":"Vitamin C Glow Face Cream Mr.SCRUBBER - HANNA ORGANIC","og_description":"Crema de fata luminoasa Glow Vitamina C cu vitamina C stabila imbunatateste semnificativ starea pielii, ii mareste fermitatea si elasticitatea, improspateaza, neutralizeaza efectul radicalilor liberi, intareste bariera protectoare. Un derivat stabil al vitaminei C are propriet\u0103\u021bi hidratante \u0219i antioxidante sporite, neteze\u0219te \u0219i str\u00e2nge eficient ovalul. Peptida inovatoare de relaxare muscular\u0103 blocheaz\u0103 mi\u0219carea muscular\u0103, reduce aspectul pliurilor faciale \u0219i ridurile de v\u00e2rst\u0103. Pudra de orez japonez ofer\u0103 un finisaj mat m\u0103t\u0103sos.","og_url":"https:\/\/hannaorganic.md\/ru\/produs\/vitamin-c-glow-face-cream-mr-scrubber\/","og_site_name":"HANNA ORGANIC","article_publisher":"https:\/\/www.facebook.com\/bluemagic.md\/","article_modified_time":"2025-01-31T09:59:59+00:00","og_image":[{"width":1179,"height":1442,"url":"https:\/\/hannaorganic.md\/wp-content\/uploads\/2025\/01\/IMG_5863.jpeg","type":"image\/jpeg"}],"twitter_card":"summary_large_image","twitter_misc":{"\u041f\u0440\u0438\u043c\u0435\u0440\u043d\u043e\u0435 \u0432\u0440\u0435\u043c\u044f \u0434\u043b\u044f \u0447\u0442\u0435\u043d\u0438\u044f":"2 \u043c\u0438\u043d\u0443\u0442\u044b"},"schema":{"@context":"https:\/\/schema.org","@graph":[{"@type":"WebPage","@id":"https:\/\/hannaorganic.md\/ru\/produs\/vitamin-c-glow-face-cream-mr-scrubber\/","url":"https:\/\/hannaorganic.md\/ru\/produs\/vitamin-c-glow-face-cream-mr-scrubber\/","name":"Vitamin C Glow Face Cream Mr.SCRUBBER - HANNA ORGANIC","isPartOf":{"@id":"https:\/\/hannaorganic.md\/ru\/#website"},"primaryImageOfPage":{"@id":"https:\/\/hannaorganic.md\/ru\/produs\/vitamin-c-glow-face-cream-mr-scrubber\/#primaryimage"},"image":{"@id":"https:\/\/hannaorganic.md\/ru\/produs\/vitamin-c-glow-face-cream-mr-scrubber\/#primaryimage"},"thumbnailUrl":"https:\/\/hannaorganic.md\/wp-content\/uploads\/2025\/01\/IMG_5863.jpeg","datePublished":"2025-01-31T09:57:11+00:00","dateModified":"2025-01-31T09:59:59+00:00","breadcrumb":{"@id":"https:\/\/hannaorganic.md\/ru\/produs\/vitamin-c-glow-face-cream-mr-scrubber\/#breadcrumb"},"inLanguage":"ru-RU","potentialAction":[{"@type":"ReadAction","target":["https:\/\/hannaorganic.md\/ru\/produs\/vitamin-c-glow-face-cream-mr-scrubber\/"]}]},{"@type":"ImageObject","inLanguage":"ru-RU","@id":"https:\/\/hannaorganic.md\/ru\/produs\/vitamin-c-glow-face-cream-mr-scrubber\/#primaryimage","url":"https:\/\/hannaorganic.md\/wp-content\/uploads\/2025\/01\/IMG_5863.jpeg","contentUrl":"https:\/\/hannaorganic.md\/wp-content\/uploads\/2025\/01\/IMG_5863.jpeg","width":1179,"height":1442},{"@type":"BreadcrumbList","@id":"https:\/\/hannaorganic.md\/ru\/produs\/vitamin-c-glow-face-cream-mr-scrubber\/#breadcrumb","itemListElement":[{"@type":"ListItem","position":1,"name":"Prima pagin\u0103","item":"https:\/\/hannaorganic.md\/ru\/hanna-organic\/"},{"@type":"ListItem","position":2,"name":"\u041c\u0430\u0433\u0430\u0437\u0438\u043d","item":"https:\/\/hannaorganic.md\/ru\/shop\/"},{"@type":"ListItem","position":3,"name":"Vitamin C Glow Face Cream Mr.SCRUBBER"}]},{"@type":"WebSite","@id":"https:\/\/hannaorganic.md\/ru\/#website","url":"https:\/\/hannaorganic.md\/ru\/","name":"HANNA ORGANIC","description":"Multi-Brand Cosmetic Store","potentialAction":[{"@type":"SearchAction","target":{"@type":"EntryPoint","urlTemplate":"https:\/\/hannaorganic.md\/ru\/?s={search_term_string}"},"query-input":{"@type":"PropertyValueSpecification","valueRequired":true,"valueName":"search_term_string"}}],"inLanguage":"ru-RU"}]}},"_links":{"self":[{"href":"https:\/\/hannaorganic.md\/ru\/wp-json\/wp\/v2\/product\/84659","targetHints":{"allow":["GET"]}}],"collection":[{"href":"https:\/\/hannaorganic.md\/ru\/wp-json\/wp\/v2\/product"}],"about":[{"href":"https:\/\/hannaorganic.md\/ru\/wp-json\/wp\/v2\/types\/product"}],"wp:featuredmedia":[{"embeddable":true,"href":"https:\/\/hannaorganic.md\/ru\/wp-json\/wp\/v2\/media\/84660"}],"wp:attachment":[{"href":"https:\/\/hannaorganic.md\/ru\/wp-json\/wp\/v2\/media?parent=84659"}],"wp:term":[{"taxonomy":"product_brand","embeddable":true,"href":"https:\/\/hannaorganic.md\/ru\/wp-json\/wp\/v2\/product_brand?post=84659"},{"taxonomy":"product_cat","embeddable":true,"href":"https:\/\/hannaorganic.md\/ru\/wp-json\/wp\/v2\/product_cat?post=84659"},{"taxonomy":"product_tag","embeddable":true,"href":"https:\/\/hannaorganic.md\/ru\/wp-json\/wp\/v2\/product_tag?post=84659"}],"curies":[{"name":"wp","href":"https:\/\/api.w.org\/{rel}","templated":true}]}}