{"id":84664,"date":"2025-01-31T12:52:07","date_gmt":"2025-01-31T10:52:07","guid":{"rendered":"https:\/\/hannaorganic.md\/?post_type=product&#038;p=84664"},"modified":"2025-10-25T09:14:04","modified_gmt":"2025-10-25T07:14:04","slug":"vitamin-c-glow-powder-mr-scrubber","status":"publish","type":"product","link":"https:\/\/hannaorganic.md\/ru\/produs\/vitamin-c-glow-powder-mr-scrubber\/","title":{"rendered":"Vitamin C Glow Powder Mr.SCRUBBER"},"content":{"rendered":"<p>Cum func\u021bioneaz\u0103 :<br \/>\n\u2022 vitamina C suprim\u0103 sinteza melaninei \u0219i previne apari\u021bia pigment\u0103rii legate de v\u00e2rst\u0103 \u0219i de sezon;<br \/>\n\u2022 pudra pe baz\u0103 de aminoacizi asigur\u0103 catifelarea \u0219i hidratarea pielii \u00een timpul cur\u0103\u021b\u0103rii acesteia \u0219i o nuan\u021b\u0103 radiant\u0103 la final;<br \/>\n\u2022 alantoina reface, previne aparitia uscaciunii sau peelingului;<br \/>\n\u2022 amidonul de porumb mentine pielea mata.<\/p>\n<p>Efect :<br \/>\n\u2022 catifelarea si netezirea pielii;<br \/>\n\u2022 \u00eembun\u0103t\u0103\u021birea texturii;<br \/>\n\u2022 umbra proaspata.<\/p>\n<p>Compozi\u0163ie :\u00a0 Amidon de porumb modificat, talc, pulbere de Lycopodium Clavatum, cocoil Isetionat de sodiu, gum\u0103 de gum\u0103 Cyamopsis Tetragonoloba (Guar), lauroil lizin\u0103, acid ascorbic, alantoin\u0103.<\/p>\n<p>Mod de utilizare :\u00a0 se toarn\u0103 o cantitate mic\u0103 de pulbere pe palm\u0103, se adaug\u0103 ap\u0103 c\u0103ldu\u021b\u0103 \u0219i se freac\u0103 \u00eentre palme p\u00e2n\u0103 la o consisten\u021b\u0103 cremoas\u0103 delicat\u0103, se aplic\u0103 pe fa\u021ba uscat\u0103 cu mi\u0219c\u0103ri u\u0219oare de masaj, se maseaz\u0103 timp de 1-2 minute, se spal\u0103 cu o cantitate mare de ap\u0103. \u2029Utiliza\u021bi \u00een rutina de diminea\u021b\u0103 \u0219i seara.\u2029 Pentru a ob\u021bine efectul maxim, v\u0103 recomand\u0103m s\u0103 utiliza\u021bi un set de produse din seria Glow Vitamin C.<\/p>\n<p>Contraindica\u021bii : sensibilitate individual\u0103 la componentele produsului. Evita\u021bi contactul cu ochii.\u2029 \u00cen caz de contact cu ochii, cl\u0103ti\u021bi imediat cu ap\u0103, dac\u0103 este necesar consulta\u021bi un medic.<\/p>\n<p>Gramaj : 50 gr<\/p>\n","protected":false},"excerpt":{"rendered":"<p>Pudra de cur\u0103\u021bare zilnic\u0103 a fe\u021bei Glow Vitamina C cu vitamina C acid\u0103 cur\u0103\u021b\u0103 \u00een profunzime, lumineaz\u0103, neteze\u0219te \u0219i catifeleaz\u0103 pielea. Produsul unic \u00eengrije\u0219te delicat fa\u021ba, nu distruge stratul hidrolipidic, previne uscarea \u0219i exfolierea. Deja dup\u0103 c\u00e2teva utiliz\u0103ri, starea pielii se \u00eembun\u0103t\u0103\u021be\u0219te semnificativ, f\u0103c\u00e2nd-o proasp\u0103t\u0103 \u0219i fraged\u0103.<\/p>\n","protected":false},"featured_media":84665,"template":"","meta":[],"product_brand":[],"product_cat":[100,124,111,96],"product_tag":[1606,1293,935,653,575,1363,783,599],"class_list":{"0":"post-84664","1":"product","2":"type-product","3":"status-publish","4":"has-post-thumbnail","6":"product_cat-fata","7":"product_cat-face-scrub","8":"product_cat-face-wash","9":"product_cat-mrscrubber-md","10":"product_tag-exfoliate","11":"product_tag-face","12":"product_tag-glow","13":"product_tag-glowing-skin","14":"product_tag-mr-scrubber","15":"product_tag-powder","16":"product_tag-skin","17":"product_tag-vitamin-c","19":"first","20":"instock","21":"shipping-taxable","22":"purchasable","23":"product-type-simple"},"yoast_head":"<!-- This site is optimized with the Yoast SEO plugin v27.5 - https:\/\/yoast.com\/product\/yoast-seo-wordpress\/ -->\n<title>Vitamin C Glow Powder Mr.SCRUBBER - HANNA ORGANIC<\/title>\n<meta name=\"robots\" content=\"index, follow, max-snippet:-1, max-image-preview:large, max-video-preview:-1\" \/>\n<link rel=\"canonical\" href=\"https:\/\/hannaorganic.md\/ru\/produs\/vitamin-c-glow-powder-mr-scrubber\/\" \/>\n<meta property=\"og:locale\" content=\"ru_RU\" \/>\n<meta property=\"og:type\" content=\"article\" \/>\n<meta property=\"og:title\" content=\"Vitamin C Glow Powder Mr.SCRUBBER - HANNA ORGANIC\" \/>\n<meta property=\"og:description\" content=\"Pudra de cur\u0103\u021bare zilnic\u0103 a fe\u021bei Glow Vitamina C cu vitamina C acid\u0103 cur\u0103\u021b\u0103 \u00een profunzime, lumineaz\u0103, neteze\u0219te \u0219i catifeleaz\u0103 pielea. Produsul unic \u00eengrije\u0219te delicat fa\u021ba, nu distruge stratul hidrolipidic, previne uscarea \u0219i exfolierea. Deja dup\u0103 c\u00e2teva utiliz\u0103ri, starea pielii se \u00eembun\u0103t\u0103\u021be\u0219te semnificativ, f\u0103c\u00e2nd-o proasp\u0103t\u0103 \u0219i fraged\u0103.\" \/>\n<meta property=\"og:url\" content=\"https:\/\/hannaorganic.md\/ru\/produs\/vitamin-c-glow-powder-mr-scrubber\/\" \/>\n<meta property=\"og:site_name\" content=\"HANNA ORGANIC\" \/>\n<meta property=\"article:publisher\" content=\"https:\/\/www.facebook.com\/bluemagic.md\/\" \/>\n<meta property=\"article:modified_time\" content=\"2025-10-25T07:14:04+00:00\" \/>\n<meta property=\"og:image\" content=\"https:\/\/hannaorganic.md\/wp-content\/uploads\/2025\/01\/IMG_5877.jpeg\" \/>\n\t<meta property=\"og:image:width\" content=\"1179\" \/>\n\t<meta property=\"og:image:height\" content=\"1333\" \/>\n\t<meta property=\"og:image:type\" content=\"image\/jpeg\" \/>\n<meta name=\"twitter:card\" content=\"summary_large_image\" \/>\n<meta name=\"twitter:label1\" content=\"\u041f\u0440\u0438\u043c\u0435\u0440\u043d\u043e\u0435 \u0432\u0440\u0435\u043c\u044f \u0434\u043b\u044f \u0447\u0442\u0435\u043d\u0438\u044f\" \/>\n\t<meta name=\"twitter:data1\" content=\"2 \u043c\u0438\u043d\u0443\u0442\u044b\" \/>\n<script type=\"application\/ld+json\" class=\"yoast-schema-graph\">{\"@context\":\"https:\\\/\\\/schema.org\",\"@graph\":[{\"@type\":\"WebPage\",\"@id\":\"https:\\\/\\\/hannaorganic.md\\\/ru\\\/produs\\\/vitamin-c-glow-powder-mr-scrubber\\\/\",\"url\":\"https:\\\/\\\/hannaorganic.md\\\/ru\\\/produs\\\/vitamin-c-glow-powder-mr-scrubber\\\/\",\"name\":\"Vitamin C Glow Powder Mr.SCRUBBER - HANNA ORGANIC\",\"isPartOf\":{\"@id\":\"https:\\\/\\\/hannaorganic.md\\\/ru\\\/#website\"},\"primaryImageOfPage\":{\"@id\":\"https:\\\/\\\/hannaorganic.md\\\/ru\\\/produs\\\/vitamin-c-glow-powder-mr-scrubber\\\/#primaryimage\"},\"image\":{\"@id\":\"https:\\\/\\\/hannaorganic.md\\\/ru\\\/produs\\\/vitamin-c-glow-powder-mr-scrubber\\\/#primaryimage\"},\"thumbnailUrl\":\"https:\\\/\\\/hannaorganic.md\\\/wp-content\\\/uploads\\\/2025\\\/01\\\/IMG_5877.jpeg\",\"datePublished\":\"2025-01-31T10:52:07+00:00\",\"dateModified\":\"2025-10-25T07:14:04+00:00\",\"breadcrumb\":{\"@id\":\"https:\\\/\\\/hannaorganic.md\\\/ru\\\/produs\\\/vitamin-c-glow-powder-mr-scrubber\\\/#breadcrumb\"},\"inLanguage\":\"ru-RU\",\"potentialAction\":[{\"@type\":\"ReadAction\",\"target\":[\"https:\\\/\\\/hannaorganic.md\\\/ru\\\/produs\\\/vitamin-c-glow-powder-mr-scrubber\\\/\"]}]},{\"@type\":\"ImageObject\",\"inLanguage\":\"ru-RU\",\"@id\":\"https:\\\/\\\/hannaorganic.md\\\/ru\\\/produs\\\/vitamin-c-glow-powder-mr-scrubber\\\/#primaryimage\",\"url\":\"https:\\\/\\\/hannaorganic.md\\\/wp-content\\\/uploads\\\/2025\\\/01\\\/IMG_5877.jpeg\",\"contentUrl\":\"https:\\\/\\\/hannaorganic.md\\\/wp-content\\\/uploads\\\/2025\\\/01\\\/IMG_5877.jpeg\",\"width\":1179,\"height\":1333},{\"@type\":\"BreadcrumbList\",\"@id\":\"https:\\\/\\\/hannaorganic.md\\\/ru\\\/produs\\\/vitamin-c-glow-powder-mr-scrubber\\\/#breadcrumb\",\"itemListElement\":[{\"@type\":\"ListItem\",\"position\":1,\"name\":\"Prima pagin\u0103\",\"item\":\"https:\\\/\\\/hannaorganic.md\\\/ru\\\/hanna-organic\\\/\"},{\"@type\":\"ListItem\",\"position\":2,\"name\":\"\u041c\u0430\u0433\u0430\u0437\u0438\u043d\",\"item\":\"https:\\\/\\\/hannaorganic.md\\\/ru\\\/shop\\\/\"},{\"@type\":\"ListItem\",\"position\":3,\"name\":\"Vitamin C Glow Powder Mr.SCRUBBER\"}]},{\"@type\":\"WebSite\",\"@id\":\"https:\\\/\\\/hannaorganic.md\\\/ru\\\/#website\",\"url\":\"https:\\\/\\\/hannaorganic.md\\\/ru\\\/\",\"name\":\"HANNA ORGANIC\",\"description\":\"Multi-Brand Cosmetic Store\",\"potentialAction\":[{\"@type\":\"SearchAction\",\"target\":{\"@type\":\"EntryPoint\",\"urlTemplate\":\"https:\\\/\\\/hannaorganic.md\\\/ru\\\/?s={search_term_string}\"},\"query-input\":{\"@type\":\"PropertyValueSpecification\",\"valueRequired\":true,\"valueName\":\"search_term_string\"}}],\"inLanguage\":\"ru-RU\"}]}<\/script>\n<!-- \/ Yoast SEO plugin. -->","yoast_head_json":{"title":"Vitamin C Glow Powder Mr.SCRUBBER - HANNA ORGANIC","robots":{"index":"index","follow":"follow","max-snippet":"max-snippet:-1","max-image-preview":"max-image-preview:large","max-video-preview":"max-video-preview:-1"},"canonical":"https:\/\/hannaorganic.md\/ru\/produs\/vitamin-c-glow-powder-mr-scrubber\/","og_locale":"ru_RU","og_type":"article","og_title":"Vitamin C Glow Powder Mr.SCRUBBER - HANNA ORGANIC","og_description":"Pudra de cur\u0103\u021bare zilnic\u0103 a fe\u021bei Glow Vitamina C cu vitamina C acid\u0103 cur\u0103\u021b\u0103 \u00een profunzime, lumineaz\u0103, neteze\u0219te \u0219i catifeleaz\u0103 pielea. Produsul unic \u00eengrije\u0219te delicat fa\u021ba, nu distruge stratul hidrolipidic, previne uscarea \u0219i exfolierea. Deja dup\u0103 c\u00e2teva utiliz\u0103ri, starea pielii se \u00eembun\u0103t\u0103\u021be\u0219te semnificativ, f\u0103c\u00e2nd-o proasp\u0103t\u0103 \u0219i fraged\u0103.","og_url":"https:\/\/hannaorganic.md\/ru\/produs\/vitamin-c-glow-powder-mr-scrubber\/","og_site_name":"HANNA ORGANIC","article_publisher":"https:\/\/www.facebook.com\/bluemagic.md\/","article_modified_time":"2025-10-25T07:14:04+00:00","og_image":[{"width":1179,"height":1333,"url":"https:\/\/hannaorganic.md\/wp-content\/uploads\/2025\/01\/IMG_5877.jpeg","type":"image\/jpeg"}],"twitter_card":"summary_large_image","twitter_misc":{"\u041f\u0440\u0438\u043c\u0435\u0440\u043d\u043e\u0435 \u0432\u0440\u0435\u043c\u044f \u0434\u043b\u044f \u0447\u0442\u0435\u043d\u0438\u044f":"2 \u043c\u0438\u043d\u0443\u0442\u044b"},"schema":{"@context":"https:\/\/schema.org","@graph":[{"@type":"WebPage","@id":"https:\/\/hannaorganic.md\/ru\/produs\/vitamin-c-glow-powder-mr-scrubber\/","url":"https:\/\/hannaorganic.md\/ru\/produs\/vitamin-c-glow-powder-mr-scrubber\/","name":"Vitamin C Glow Powder Mr.SCRUBBER - HANNA ORGANIC","isPartOf":{"@id":"https:\/\/hannaorganic.md\/ru\/#website"},"primaryImageOfPage":{"@id":"https:\/\/hannaorganic.md\/ru\/produs\/vitamin-c-glow-powder-mr-scrubber\/#primaryimage"},"image":{"@id":"https:\/\/hannaorganic.md\/ru\/produs\/vitamin-c-glow-powder-mr-scrubber\/#primaryimage"},"thumbnailUrl":"https:\/\/hannaorganic.md\/wp-content\/uploads\/2025\/01\/IMG_5877.jpeg","datePublished":"2025-01-31T10:52:07+00:00","dateModified":"2025-10-25T07:14:04+00:00","breadcrumb":{"@id":"https:\/\/hannaorganic.md\/ru\/produs\/vitamin-c-glow-powder-mr-scrubber\/#breadcrumb"},"inLanguage":"ru-RU","potentialAction":[{"@type":"ReadAction","target":["https:\/\/hannaorganic.md\/ru\/produs\/vitamin-c-glow-powder-mr-scrubber\/"]}]},{"@type":"ImageObject","inLanguage":"ru-RU","@id":"https:\/\/hannaorganic.md\/ru\/produs\/vitamin-c-glow-powder-mr-scrubber\/#primaryimage","url":"https:\/\/hannaorganic.md\/wp-content\/uploads\/2025\/01\/IMG_5877.jpeg","contentUrl":"https:\/\/hannaorganic.md\/wp-content\/uploads\/2025\/01\/IMG_5877.jpeg","width":1179,"height":1333},{"@type":"BreadcrumbList","@id":"https:\/\/hannaorganic.md\/ru\/produs\/vitamin-c-glow-powder-mr-scrubber\/#breadcrumb","itemListElement":[{"@type":"ListItem","position":1,"name":"Prima pagin\u0103","item":"https:\/\/hannaorganic.md\/ru\/hanna-organic\/"},{"@type":"ListItem","position":2,"name":"\u041c\u0430\u0433\u0430\u0437\u0438\u043d","item":"https:\/\/hannaorganic.md\/ru\/shop\/"},{"@type":"ListItem","position":3,"name":"Vitamin C Glow Powder Mr.SCRUBBER"}]},{"@type":"WebSite","@id":"https:\/\/hannaorganic.md\/ru\/#website","url":"https:\/\/hannaorganic.md\/ru\/","name":"HANNA ORGANIC","description":"Multi-Brand Cosmetic Store","potentialAction":[{"@type":"SearchAction","target":{"@type":"EntryPoint","urlTemplate":"https:\/\/hannaorganic.md\/ru\/?s={search_term_string}"},"query-input":{"@type":"PropertyValueSpecification","valueRequired":true,"valueName":"search_term_string"}}],"inLanguage":"ru-RU"}]}},"_links":{"self":[{"href":"https:\/\/hannaorganic.md\/ru\/wp-json\/wp\/v2\/product\/84664","targetHints":{"allow":["GET"]}}],"collection":[{"href":"https:\/\/hannaorganic.md\/ru\/wp-json\/wp\/v2\/product"}],"about":[{"href":"https:\/\/hannaorganic.md\/ru\/wp-json\/wp\/v2\/types\/product"}],"wp:featuredmedia":[{"embeddable":true,"href":"https:\/\/hannaorganic.md\/ru\/wp-json\/wp\/v2\/media\/84665"}],"wp:attachment":[{"href":"https:\/\/hannaorganic.md\/ru\/wp-json\/wp\/v2\/media?parent=84664"}],"wp:term":[{"taxonomy":"product_brand","embeddable":true,"href":"https:\/\/hannaorganic.md\/ru\/wp-json\/wp\/v2\/product_brand?post=84664"},{"taxonomy":"product_cat","embeddable":true,"href":"https:\/\/hannaorganic.md\/ru\/wp-json\/wp\/v2\/product_cat?post=84664"},{"taxonomy":"product_tag","embeddable":true,"href":"https:\/\/hannaorganic.md\/ru\/wp-json\/wp\/v2\/product_tag?post=84664"}],"curies":[{"name":"wp","href":"https:\/\/api.w.org\/{rel}","templated":true}]}}