{"id":84669,"date":"2025-01-31T12:58:52","date_gmt":"2025-01-31T10:58:52","guid":{"rendered":"https:\/\/hannaorganic.md\/?post_type=product&#038;p=84669"},"modified":"2026-04-18T11:45:26","modified_gmt":"2026-04-18T09:45:26","slug":"vitamin-c-glow-toner-mr-scrubber","status":"publish","type":"product","link":"https:\/\/hannaorganic.md\/ru\/produs\/vitamin-c-glow-toner-mr-scrubber\/","title":{"rendered":"Vitamin C Glow Toner Mr.SCRUBBER"},"content":{"rendered":"<p>Cum func\u021bioneaz\u0103 :<br \/>\n\u2022 Ascorbatul de 3-gliceril (un derivat stabil al vitaminei C) are propriet\u0103\u021bi de str\u0103lucire \u0219i antioxidante sporite, care contribuie la \u00eencetinirea \u00eemb\u0103tr\u00e2nirii pielii, la \u00eendep\u0103rtarea petelor pigmentare \u0219i la netezirea ridurilor \u0219i cutelor legate de v\u00e2rst\u0103 \u0219i faciale;<br \/>\n\u2022 uleiul de m\u0103sline hr\u0103ne\u0219te, hidrateaz\u0103 \u0219i catifeleaz\u0103;<br \/>\n\u2022 glicerina hidrateaz\u0103, \u00eent\u0103re\u0219te bariera protectoare a dermei, elimin\u0103 irita\u021bia \u0219i ro\u0219ea\u021ba;<br \/>\n\u2022 copolimerul acid lactic\/glicolic ajut\u0103 la exfolierea celulelor moarte \u0219i pigmentate de la suprafa\u021ba pielii \u0219i \u00eembun\u0103t\u0103\u021be\u0219te capacitatea de legare a apei de hidratare a pielii;<br \/>\n\u2022 peptidul miorelaxant \u00eent\u0103re\u0219te \u0219i neteze\u0219te dermul, reduce profunzimea ridurilor legate de v\u00e2rst\u0103 \u0219i mimeaz\u0103 \u0219i previne apari\u021bia altora noi;<br \/>\n\u2022 acidul glicolic exfoliaz\u0103 delicat \u0219i reface pielea, favorizeaz\u0103 netezirea \u0219i previne apari\u021bia cicatricilor dup\u0103 acnee, \u00eembun\u0103t\u0103\u021be\u0219te culoarea \u0219i textura fe\u021bei;<br \/>\n\u2022 extractul de portocale elimin\u0103 umflarea, neutralizeaz\u0103 efectul radicalilor liberi, p\u0103streaz\u0103 tinere\u021bea \u0219i frumuse\u021bea pielii;<br \/>\n\u2022 extract de l\u0103m\u00e2ie \u00eemprosp\u0103teaz\u0103 \u0219i are efect dezinfectant, efect de str\u0103lucire, combate erup\u021biile cutanate \u0219i petele negre;<br \/>\n\u2022 extractul de suc de ar\u021bar satureaz\u0103 pielea cu umiditate \u0219i componente utile, previne \u00eemb\u0103tr\u00e2nirea prematur\u0103.<br \/>\n\u2022 betain\u0103 catifeleaz\u0103, vitamine, face pielea catifelat\u0103 la atingere.<\/p>\n<p>Efect :<br \/>\n\u2022 cre\u0219terea tonusului;<br \/>\n\u2022 \u00eembun\u0103t\u0103\u021birea tonusului facial;<br \/>\n\u2022 acoperire \u0219i recuperare.<\/p>\n<p>Compozi\u0163ie : Aqua[Water], Olive OilPEG-8 Esteri, Glicerin\u0103, Copolimer acid lactic\/acid glicolic, Palmitoil Hexapeptid\u0103-52, Palmitoil Heptapeptid\u0103-18, PolivinilAlcool, 3-Glyceryl Ascorbat, VacciniumMyrtillusExtract,Suctruc,Suctruc,Suctruc AurantiumDulcis[Orange] FruitExtract, CitriceL\u0103m\u00e2ie[L\u0103m\u00e2ie] FruitExtract, AcerSaccharum[SugarMaple] Extract, Betain\u0103, DDMMHidantoin\u0103, Parfum.<\/p>\n<p>Mod de utilizare :\u00a0 Pulverizati pe fata, palme sau un tampon de bumbac pentru a masa fata.\u2029Utiliza\u021bi de dou\u0103 ori pe zi, diminea\u021ba \u0219i seara.<\/p>\n<p>Pentru a ob\u021bine efectul maxim, v\u0103 recomand\u0103m s\u0103 utiliza\u021bi un complex de produse din seria GlowVitaminC.<\/p>\n<p>Contraindica\u021bii : sensibilitate individual\u0103 la componentele produsului. Evita\u021bi contactul cu ochii. \u00cen caz de contact cu ochii, cl\u0103ti\u021bi imediat cu ap\u0103, dac\u0103 este necesar consulta\u021bi un medic.<\/p>\n<p>Volum : 150 ml<\/p>\n","protected":false},"excerpt":{"rendered":"<p>Tonerul iluminator Glow Vitamina C cu vitamina C stabil\u0103 \u00eemprosp\u0103teaz\u0103, lumineaz\u0103, \u00eembun\u0103t\u0103\u021be\u0219te culoarea \u0219i textura fe\u021bei, o preg\u0103te\u0219te pentru \u00eengrijire ulterioar\u0103. Un derivat stabil al vitaminei C are propriet\u0103\u021bi hidratante \u0219i antioxidante sporite, neteze\u0219te \u0219i str\u00e2nge eficient ovalul. Complexul de extracte naturale satureaz\u0103 pielea cu componentele necesare, \u00eent\u0103re\u0219te turgul \u0219i permite fetei s\u0103 str\u0103luceasc\u0103.<\/p>\n","protected":false},"featured_media":85247,"template":"","meta":[],"product_brand":[],"product_cat":[100,96,112,110],"product_tag":[1293,935,1796,575,783,1322,599],"class_list":{"0":"post-84669","1":"product","2":"type-product","3":"status-publish","4":"has-post-thumbnail","6":"product_cat-fata","7":"product_cat-mrscrubber-md","8":"product_cat-spray","9":"product_cat-tonic","10":"product_tag-face","11":"product_tag-glow","12":"product_tag-hydrating","13":"product_tag-mr-scrubber","14":"product_tag-skin","15":"product_tag-toner","16":"product_tag-vitamin-c","18":"first","19":"instock","20":"shipping-taxable","21":"purchasable","22":"product-type-simple"},"yoast_head":"<!-- This site is optimized with the Yoast SEO plugin v27.5 - https:\/\/yoast.com\/product\/yoast-seo-wordpress\/ -->\n<title>Vitamin C Glow Toner Mr.SCRUBBER - HANNA ORGANIC<\/title>\n<meta name=\"robots\" content=\"index, follow, max-snippet:-1, max-image-preview:large, max-video-preview:-1\" \/>\n<link rel=\"canonical\" href=\"https:\/\/hannaorganic.md\/ru\/produs\/vitamin-c-glow-toner-mr-scrubber\/\" \/>\n<meta property=\"og:locale\" content=\"ru_RU\" \/>\n<meta property=\"og:type\" content=\"article\" \/>\n<meta property=\"og:title\" content=\"Vitamin C Glow Toner Mr.SCRUBBER - HANNA ORGANIC\" \/>\n<meta property=\"og:description\" content=\"Tonerul iluminator Glow Vitamina C cu vitamina C stabil\u0103 \u00eemprosp\u0103teaz\u0103, lumineaz\u0103, \u00eembun\u0103t\u0103\u021be\u0219te culoarea \u0219i textura fe\u021bei, o preg\u0103te\u0219te pentru \u00eengrijire ulterioar\u0103. Un derivat stabil al vitaminei C are propriet\u0103\u021bi hidratante \u0219i antioxidante sporite, neteze\u0219te \u0219i str\u00e2nge eficient ovalul. Complexul de extracte naturale satureaz\u0103 pielea cu componentele necesare, \u00eent\u0103re\u0219te turgul \u0219i permite fetei s\u0103 str\u0103luceasc\u0103.\" \/>\n<meta property=\"og:url\" content=\"https:\/\/hannaorganic.md\/ru\/produs\/vitamin-c-glow-toner-mr-scrubber\/\" \/>\n<meta property=\"og:site_name\" content=\"HANNA ORGANIC\" \/>\n<meta property=\"article:publisher\" content=\"https:\/\/www.facebook.com\/bluemagic.md\/\" \/>\n<meta property=\"article:modified_time\" content=\"2026-04-18T09:45:26+00:00\" \/>\n<meta property=\"og:image\" content=\"https:\/\/hannaorganic.md\/wp-content\/uploads\/2025\/01\/IMG_3161.jpeg\" \/>\n\t<meta property=\"og:image:width\" content=\"825\" \/>\n\t<meta property=\"og:image:height\" content=\"947\" \/>\n\t<meta property=\"og:image:type\" content=\"image\/jpeg\" \/>\n<meta name=\"twitter:card\" content=\"summary_large_image\" \/>\n<meta name=\"twitter:label1\" content=\"\u041f\u0440\u0438\u043c\u0435\u0440\u043d\u043e\u0435 \u0432\u0440\u0435\u043c\u044f \u0434\u043b\u044f \u0447\u0442\u0435\u043d\u0438\u044f\" \/>\n\t<meta name=\"twitter:data1\" content=\"2 \u043c\u0438\u043d\u0443\u0442\u044b\" \/>\n<script type=\"application\/ld+json\" class=\"yoast-schema-graph\">{\"@context\":\"https:\\\/\\\/schema.org\",\"@graph\":[{\"@type\":\"WebPage\",\"@id\":\"https:\\\/\\\/hannaorganic.md\\\/ru\\\/produs\\\/vitamin-c-glow-toner-mr-scrubber\\\/\",\"url\":\"https:\\\/\\\/hannaorganic.md\\\/ru\\\/produs\\\/vitamin-c-glow-toner-mr-scrubber\\\/\",\"name\":\"Vitamin C Glow Toner Mr.SCRUBBER - HANNA ORGANIC\",\"isPartOf\":{\"@id\":\"https:\\\/\\\/hannaorganic.md\\\/ru\\\/#website\"},\"primaryImageOfPage\":{\"@id\":\"https:\\\/\\\/hannaorganic.md\\\/ru\\\/produs\\\/vitamin-c-glow-toner-mr-scrubber\\\/#primaryimage\"},\"image\":{\"@id\":\"https:\\\/\\\/hannaorganic.md\\\/ru\\\/produs\\\/vitamin-c-glow-toner-mr-scrubber\\\/#primaryimage\"},\"thumbnailUrl\":\"https:\\\/\\\/hannaorganic.md\\\/wp-content\\\/uploads\\\/2025\\\/01\\\/IMG_3161.jpeg\",\"datePublished\":\"2025-01-31T10:58:52+00:00\",\"dateModified\":\"2026-04-18T09:45:26+00:00\",\"breadcrumb\":{\"@id\":\"https:\\\/\\\/hannaorganic.md\\\/ru\\\/produs\\\/vitamin-c-glow-toner-mr-scrubber\\\/#breadcrumb\"},\"inLanguage\":\"ru-RU\",\"potentialAction\":[{\"@type\":\"ReadAction\",\"target\":[\"https:\\\/\\\/hannaorganic.md\\\/ru\\\/produs\\\/vitamin-c-glow-toner-mr-scrubber\\\/\"]}]},{\"@type\":\"ImageObject\",\"inLanguage\":\"ru-RU\",\"@id\":\"https:\\\/\\\/hannaorganic.md\\\/ru\\\/produs\\\/vitamin-c-glow-toner-mr-scrubber\\\/#primaryimage\",\"url\":\"https:\\\/\\\/hannaorganic.md\\\/wp-content\\\/uploads\\\/2025\\\/01\\\/IMG_3161.jpeg\",\"contentUrl\":\"https:\\\/\\\/hannaorganic.md\\\/wp-content\\\/uploads\\\/2025\\\/01\\\/IMG_3161.jpeg\",\"width\":825,\"height\":947},{\"@type\":\"BreadcrumbList\",\"@id\":\"https:\\\/\\\/hannaorganic.md\\\/ru\\\/produs\\\/vitamin-c-glow-toner-mr-scrubber\\\/#breadcrumb\",\"itemListElement\":[{\"@type\":\"ListItem\",\"position\":1,\"name\":\"Prima pagin\u0103\",\"item\":\"https:\\\/\\\/hannaorganic.md\\\/ru\\\/hanna-organic\\\/\"},{\"@type\":\"ListItem\",\"position\":2,\"name\":\"\u041c\u0430\u0433\u0430\u0437\u0438\u043d\",\"item\":\"https:\\\/\\\/hannaorganic.md\\\/ru\\\/shop\\\/\"},{\"@type\":\"ListItem\",\"position\":3,\"name\":\"Vitamin C Glow Toner Mr.SCRUBBER\"}]},{\"@type\":\"WebSite\",\"@id\":\"https:\\\/\\\/hannaorganic.md\\\/ru\\\/#website\",\"url\":\"https:\\\/\\\/hannaorganic.md\\\/ru\\\/\",\"name\":\"HANNA ORGANIC\",\"description\":\"Multi-Brand Cosmetic Store\",\"potentialAction\":[{\"@type\":\"SearchAction\",\"target\":{\"@type\":\"EntryPoint\",\"urlTemplate\":\"https:\\\/\\\/hannaorganic.md\\\/ru\\\/?s={search_term_string}\"},\"query-input\":{\"@type\":\"PropertyValueSpecification\",\"valueRequired\":true,\"valueName\":\"search_term_string\"}}],\"inLanguage\":\"ru-RU\"}]}<\/script>\n<!-- \/ Yoast SEO plugin. -->","yoast_head_json":{"title":"Vitamin C Glow Toner Mr.SCRUBBER - HANNA ORGANIC","robots":{"index":"index","follow":"follow","max-snippet":"max-snippet:-1","max-image-preview":"max-image-preview:large","max-video-preview":"max-video-preview:-1"},"canonical":"https:\/\/hannaorganic.md\/ru\/produs\/vitamin-c-glow-toner-mr-scrubber\/","og_locale":"ru_RU","og_type":"article","og_title":"Vitamin C Glow Toner Mr.SCRUBBER - HANNA ORGANIC","og_description":"Tonerul iluminator Glow Vitamina C cu vitamina C stabil\u0103 \u00eemprosp\u0103teaz\u0103, lumineaz\u0103, \u00eembun\u0103t\u0103\u021be\u0219te culoarea \u0219i textura fe\u021bei, o preg\u0103te\u0219te pentru \u00eengrijire ulterioar\u0103. Un derivat stabil al vitaminei C are propriet\u0103\u021bi hidratante \u0219i antioxidante sporite, neteze\u0219te \u0219i str\u00e2nge eficient ovalul. Complexul de extracte naturale satureaz\u0103 pielea cu componentele necesare, \u00eent\u0103re\u0219te turgul \u0219i permite fetei s\u0103 str\u0103luceasc\u0103.","og_url":"https:\/\/hannaorganic.md\/ru\/produs\/vitamin-c-glow-toner-mr-scrubber\/","og_site_name":"HANNA ORGANIC","article_publisher":"https:\/\/www.facebook.com\/bluemagic.md\/","article_modified_time":"2026-04-18T09:45:26+00:00","og_image":[{"width":825,"height":947,"url":"https:\/\/hannaorganic.md\/wp-content\/uploads\/2025\/01\/IMG_3161.jpeg","type":"image\/jpeg"}],"twitter_card":"summary_large_image","twitter_misc":{"\u041f\u0440\u0438\u043c\u0435\u0440\u043d\u043e\u0435 \u0432\u0440\u0435\u043c\u044f \u0434\u043b\u044f \u0447\u0442\u0435\u043d\u0438\u044f":"2 \u043c\u0438\u043d\u0443\u0442\u044b"},"schema":{"@context":"https:\/\/schema.org","@graph":[{"@type":"WebPage","@id":"https:\/\/hannaorganic.md\/ru\/produs\/vitamin-c-glow-toner-mr-scrubber\/","url":"https:\/\/hannaorganic.md\/ru\/produs\/vitamin-c-glow-toner-mr-scrubber\/","name":"Vitamin C Glow Toner Mr.SCRUBBER - HANNA ORGANIC","isPartOf":{"@id":"https:\/\/hannaorganic.md\/ru\/#website"},"primaryImageOfPage":{"@id":"https:\/\/hannaorganic.md\/ru\/produs\/vitamin-c-glow-toner-mr-scrubber\/#primaryimage"},"image":{"@id":"https:\/\/hannaorganic.md\/ru\/produs\/vitamin-c-glow-toner-mr-scrubber\/#primaryimage"},"thumbnailUrl":"https:\/\/hannaorganic.md\/wp-content\/uploads\/2025\/01\/IMG_3161.jpeg","datePublished":"2025-01-31T10:58:52+00:00","dateModified":"2026-04-18T09:45:26+00:00","breadcrumb":{"@id":"https:\/\/hannaorganic.md\/ru\/produs\/vitamin-c-glow-toner-mr-scrubber\/#breadcrumb"},"inLanguage":"ru-RU","potentialAction":[{"@type":"ReadAction","target":["https:\/\/hannaorganic.md\/ru\/produs\/vitamin-c-glow-toner-mr-scrubber\/"]}]},{"@type":"ImageObject","inLanguage":"ru-RU","@id":"https:\/\/hannaorganic.md\/ru\/produs\/vitamin-c-glow-toner-mr-scrubber\/#primaryimage","url":"https:\/\/hannaorganic.md\/wp-content\/uploads\/2025\/01\/IMG_3161.jpeg","contentUrl":"https:\/\/hannaorganic.md\/wp-content\/uploads\/2025\/01\/IMG_3161.jpeg","width":825,"height":947},{"@type":"BreadcrumbList","@id":"https:\/\/hannaorganic.md\/ru\/produs\/vitamin-c-glow-toner-mr-scrubber\/#breadcrumb","itemListElement":[{"@type":"ListItem","position":1,"name":"Prima pagin\u0103","item":"https:\/\/hannaorganic.md\/ru\/hanna-organic\/"},{"@type":"ListItem","position":2,"name":"\u041c\u0430\u0433\u0430\u0437\u0438\u043d","item":"https:\/\/hannaorganic.md\/ru\/shop\/"},{"@type":"ListItem","position":3,"name":"Vitamin C Glow Toner Mr.SCRUBBER"}]},{"@type":"WebSite","@id":"https:\/\/hannaorganic.md\/ru\/#website","url":"https:\/\/hannaorganic.md\/ru\/","name":"HANNA ORGANIC","description":"Multi-Brand Cosmetic Store","potentialAction":[{"@type":"SearchAction","target":{"@type":"EntryPoint","urlTemplate":"https:\/\/hannaorganic.md\/ru\/?s={search_term_string}"},"query-input":{"@type":"PropertyValueSpecification","valueRequired":true,"valueName":"search_term_string"}}],"inLanguage":"ru-RU"}]}},"_links":{"self":[{"href":"https:\/\/hannaorganic.md\/ru\/wp-json\/wp\/v2\/product\/84669","targetHints":{"allow":["GET"]}}],"collection":[{"href":"https:\/\/hannaorganic.md\/ru\/wp-json\/wp\/v2\/product"}],"about":[{"href":"https:\/\/hannaorganic.md\/ru\/wp-json\/wp\/v2\/types\/product"}],"wp:featuredmedia":[{"embeddable":true,"href":"https:\/\/hannaorganic.md\/ru\/wp-json\/wp\/v2\/media\/85247"}],"wp:attachment":[{"href":"https:\/\/hannaorganic.md\/ru\/wp-json\/wp\/v2\/media?parent=84669"}],"wp:term":[{"taxonomy":"product_brand","embeddable":true,"href":"https:\/\/hannaorganic.md\/ru\/wp-json\/wp\/v2\/product_brand?post=84669"},{"taxonomy":"product_cat","embeddable":true,"href":"https:\/\/hannaorganic.md\/ru\/wp-json\/wp\/v2\/product_cat?post=84669"},{"taxonomy":"product_tag","embeddable":true,"href":"https:\/\/hannaorganic.md\/ru\/wp-json\/wp\/v2\/product_tag?post=84669"}],"curies":[{"name":"wp","href":"https:\/\/api.w.org\/{rel}","templated":true}]}}