{"id":84679,"date":"2025-01-31T13:17:07","date_gmt":"2025-01-31T11:17:07","guid":{"rendered":"https:\/\/hannaorganic.md\/?post_type=product&#038;p=84679"},"modified":"2025-10-25T09:13:51","modified_gmt":"2025-10-25T07:13:51","slug":"vitamin-c-glow-eye-cream-mr-scrubber","status":"publish","type":"product","link":"https:\/\/hannaorganic.md\/ru\/produs\/vitamin-c-glow-eye-cream-mr-scrubber\/","title":{"rendered":"Vitamin C Glow Eye Cream Mr.SCRUBBER"},"content":{"rendered":"<p>Cum func\u021bioneaz\u0103 :<br \/>\n\u2022 Ascorbatul de 3-gliceril (un derivat stabil al vitaminei C) are propriet\u0103\u021bi de str\u0103lucire \u0219i antioxidante sporite, care contribuie la \u00eencetinirea \u00eemb\u0103tr\u00e2nirii pielii, la \u00eendep\u0103rtarea petelor pigmentare \u0219i la netezirea ridurilor \u0219i cutelor legate de v\u00e2rst\u0103 \u0219i faciale;<br \/>\n\u2022 squalanul are efecte calmante \u0219i antiinflamatorii pronun\u021bate, protejeaz\u0103 \u00eempotriva efectelor nocive ale mediului extern;<br \/>\n\u2022 glicerina hidrateaz\u0103, \u00eent\u0103re\u0219te bariera protectoare a dermei, elimin\u0103 irita\u021bia \u0219i ro\u0219ea\u021ba;<br \/>\n\u2022 copolimerul acid lactic\/glicolic ajut\u0103 la exfolierea celulelor moarte \u0219i pigmentate de la suprafa\u021ba pielii \u0219i \u00eembun\u0103t\u0103\u021be\u0219te capacitatea de legare a apei de hidratare a pielii;<br \/>\n\u2022 peptidul miorelaxant \u00eent\u0103re\u0219te \u0219i neteze\u0219te dermul, reduce profunzimea ridurilor legate de v\u00e2rst\u0103 \u0219i mimeaz\u0103 \u0219i previne apari\u021bia altora noi;<br \/>\n\u2022 extractul de alge regenereaza pielea, reduce aspectul ridurilor, mareste fermitatea si elasticitatea.<\/p>\n<p>Efect :<br \/>\n\u2022 imbunatatirea elasticitatii si elasticitatii;<br \/>\n\u2022 acoperire;<br \/>\n\u2022 hidratare.<\/p>\n<p>Compozi\u0163ie : Aqua[Water], PentylenGlycol, Squalane, C13-15Alcane, Poligliceril-6Oleat,AlgaeExtract,Hexylen Glicol,CaprylylGlycol,XanthanGum,Polyacrilat-13,Polyizobuten,Polysorbat20,SucroseGelycerate,AcorylSteacerat,AcorylGlycol Acid ctic\/Copolimer acid glicolic, Palmitoil Hexapeptid-52, PalmitoilHeptapeptide-18, alcool polivinilic, amoniuAcryloildimetiltaurat\/VPCopolimer.<\/p>\n<p>Mod de utilizare : Aplica\u021bi o cantitate mic\u0103 de crem\u0103 pe pielea pre-cur\u0103\u021bat\u0103 din jurul ochilor \u0219i, b\u0103t\u00e2nd u\u0219or cu v\u00e2rful degetelor, \u00eentinde\u021bi-o pe piele.\u2029Utiliza\u021bi diminea\u021ba \u0219i\/sau seara.\u2029C\u00e2nd aplica\u021bi, respecta\u021bi regula \ua789 cu c\u00e2t mai pu\u021bin, cu at\u00e2t mai bine.\u2029Datorit\u0103 cantit\u0103\u021bii excesive de crem\u0103 aplicat\u0103, este posibil\u0103 ro\u0219ea\u021ba.\u2029Pentru a ob\u021bine efectul maxim, v\u0103 recomand\u0103m s\u0103 utiliza\u021bi un complex de produse din seria GlowVitaminC.<\/p>\n<p>Contraindica\u021bii : sensibilitate individual\u0103 la componentele produsului.\u2029Evita\u021bi contactul cu ochii.\u2029\u00cen caz de contact cu ochii, cl\u0103ti\u021bi imediat cu ap\u0103, dac\u0103 este necesar consulta\u021bi un medic.<\/p>\n<p>Volum : 15 mililitri<\/p>\n","protected":false},"excerpt":{"rendered":"<p>Crem\u0103 luminoas\u0103 pentru pielea din jurul ochilor Glow Vitamina C cu vitamina C stabil\u0103 hidrateaz\u0103 delicat, lumineaz\u0103 \u0219i str\u00e2nge zona delicat\u0103, o face elastic\u0103 \u0219i tonifiat\u0103. Previne apari\u021bia semnelor de \u00eemb\u0103tr\u00e2nire timpurie datorit\u0103 con\u021binutului unui derivat stabil al vitaminei C cu propriet\u0103\u021bi antioxidante \u0219i hidratante crescute. Peptida relaxant\u0103 muscular\u0103 inovatoare blocheaz\u0103 mi\u0219carea mu\u0219chilor, neteze\u0219te \u0219i previne apari\u021bia \u201epicioarelor de ciobie\u201d, confer\u0103 str\u0103lucire \u0219i prospe\u021bime.<\/p>\n","protected":false},"featured_media":84680,"template":"","meta":[],"product_brand":[],"product_cat":[177,100,96,92],"product_tag":[1782,1293,653,575,1886,599],"class_list":{"0":"post-84679","1":"product","2":"type-product","3":"status-publish","4":"has-post-thumbnail","6":"product_cat-eye-cream","7":"product_cat-fata","8":"product_cat-mrscrubber-md","9":"product_cat-toate-produsele","10":"product_tag-eye-cream","11":"product_tag-face","12":"product_tag-glowing-skin","13":"product_tag-mr-scrubber","14":"product_tag-under-cream","15":"product_tag-vitamin-c","17":"first","18":"instock","19":"shipping-taxable","20":"purchasable","21":"product-type-simple"},"yoast_head":"<!-- This site is optimized with the Yoast SEO plugin v27.5 - https:\/\/yoast.com\/product\/yoast-seo-wordpress\/ -->\n<title>Vitamin C Glow Eye Cream Mr.SCRUBBER - HANNA ORGANIC<\/title>\n<meta name=\"robots\" content=\"index, follow, max-snippet:-1, max-image-preview:large, max-video-preview:-1\" \/>\n<link rel=\"canonical\" href=\"https:\/\/hannaorganic.md\/ru\/produs\/vitamin-c-glow-eye-cream-mr-scrubber\/\" \/>\n<meta property=\"og:locale\" content=\"ru_RU\" \/>\n<meta property=\"og:type\" content=\"article\" \/>\n<meta property=\"og:title\" content=\"Vitamin C Glow Eye Cream Mr.SCRUBBER - HANNA ORGANIC\" \/>\n<meta property=\"og:description\" content=\"Crem\u0103 luminoas\u0103 pentru pielea din jurul ochilor Glow Vitamina C cu vitamina C stabil\u0103 hidrateaz\u0103 delicat, lumineaz\u0103 \u0219i str\u00e2nge zona delicat\u0103, o face elastic\u0103 \u0219i tonifiat\u0103. Previne apari\u021bia semnelor de \u00eemb\u0103tr\u00e2nire timpurie datorit\u0103 con\u021binutului unui derivat stabil al vitaminei C cu propriet\u0103\u021bi antioxidante \u0219i hidratante crescute. Peptida relaxant\u0103 muscular\u0103 inovatoare blocheaz\u0103 mi\u0219carea mu\u0219chilor, neteze\u0219te \u0219i previne apari\u021bia \u201epicioarelor de ciobie\u201d, confer\u0103 str\u0103lucire \u0219i prospe\u021bime.\" \/>\n<meta property=\"og:url\" content=\"https:\/\/hannaorganic.md\/ru\/produs\/vitamin-c-glow-eye-cream-mr-scrubber\/\" \/>\n<meta property=\"og:site_name\" content=\"HANNA ORGANIC\" \/>\n<meta property=\"article:publisher\" content=\"https:\/\/www.facebook.com\/bluemagic.md\/\" \/>\n<meta property=\"article:modified_time\" content=\"2025-10-25T07:13:51+00:00\" \/>\n<meta property=\"og:image\" content=\"https:\/\/hannaorganic.md\/wp-content\/uploads\/2025\/01\/IMG_5859-1.jpeg\" \/>\n\t<meta property=\"og:image:width\" content=\"1179\" \/>\n\t<meta property=\"og:image:height\" content=\"1402\" \/>\n\t<meta property=\"og:image:type\" content=\"image\/jpeg\" \/>\n<meta name=\"twitter:card\" content=\"summary_large_image\" \/>\n<meta name=\"twitter:label1\" content=\"\u041f\u0440\u0438\u043c\u0435\u0440\u043d\u043e\u0435 \u0432\u0440\u0435\u043c\u044f \u0434\u043b\u044f \u0447\u0442\u0435\u043d\u0438\u044f\" \/>\n\t<meta name=\"twitter:data1\" content=\"2 \u043c\u0438\u043d\u0443\u0442\u044b\" \/>\n<script type=\"application\/ld+json\" class=\"yoast-schema-graph\">{\"@context\":\"https:\\\/\\\/schema.org\",\"@graph\":[{\"@type\":\"WebPage\",\"@id\":\"https:\\\/\\\/hannaorganic.md\\\/ru\\\/produs\\\/vitamin-c-glow-eye-cream-mr-scrubber\\\/\",\"url\":\"https:\\\/\\\/hannaorganic.md\\\/ru\\\/produs\\\/vitamin-c-glow-eye-cream-mr-scrubber\\\/\",\"name\":\"Vitamin C Glow Eye Cream Mr.SCRUBBER - HANNA ORGANIC\",\"isPartOf\":{\"@id\":\"https:\\\/\\\/hannaorganic.md\\\/ru\\\/#website\"},\"primaryImageOfPage\":{\"@id\":\"https:\\\/\\\/hannaorganic.md\\\/ru\\\/produs\\\/vitamin-c-glow-eye-cream-mr-scrubber\\\/#primaryimage\"},\"image\":{\"@id\":\"https:\\\/\\\/hannaorganic.md\\\/ru\\\/produs\\\/vitamin-c-glow-eye-cream-mr-scrubber\\\/#primaryimage\"},\"thumbnailUrl\":\"https:\\\/\\\/hannaorganic.md\\\/wp-content\\\/uploads\\\/2025\\\/01\\\/IMG_5859-1.jpeg\",\"datePublished\":\"2025-01-31T11:17:07+00:00\",\"dateModified\":\"2025-10-25T07:13:51+00:00\",\"breadcrumb\":{\"@id\":\"https:\\\/\\\/hannaorganic.md\\\/ru\\\/produs\\\/vitamin-c-glow-eye-cream-mr-scrubber\\\/#breadcrumb\"},\"inLanguage\":\"ru-RU\",\"potentialAction\":[{\"@type\":\"ReadAction\",\"target\":[\"https:\\\/\\\/hannaorganic.md\\\/ru\\\/produs\\\/vitamin-c-glow-eye-cream-mr-scrubber\\\/\"]}]},{\"@type\":\"ImageObject\",\"inLanguage\":\"ru-RU\",\"@id\":\"https:\\\/\\\/hannaorganic.md\\\/ru\\\/produs\\\/vitamin-c-glow-eye-cream-mr-scrubber\\\/#primaryimage\",\"url\":\"https:\\\/\\\/hannaorganic.md\\\/wp-content\\\/uploads\\\/2025\\\/01\\\/IMG_5859-1.jpeg\",\"contentUrl\":\"https:\\\/\\\/hannaorganic.md\\\/wp-content\\\/uploads\\\/2025\\\/01\\\/IMG_5859-1.jpeg\",\"width\":1179,\"height\":1402},{\"@type\":\"BreadcrumbList\",\"@id\":\"https:\\\/\\\/hannaorganic.md\\\/ru\\\/produs\\\/vitamin-c-glow-eye-cream-mr-scrubber\\\/#breadcrumb\",\"itemListElement\":[{\"@type\":\"ListItem\",\"position\":1,\"name\":\"Prima pagin\u0103\",\"item\":\"https:\\\/\\\/hannaorganic.md\\\/ru\\\/hanna-organic\\\/\"},{\"@type\":\"ListItem\",\"position\":2,\"name\":\"\u041c\u0430\u0433\u0430\u0437\u0438\u043d\",\"item\":\"https:\\\/\\\/hannaorganic.md\\\/ru\\\/shop\\\/\"},{\"@type\":\"ListItem\",\"position\":3,\"name\":\"Vitamin C Glow Eye Cream Mr.SCRUBBER\"}]},{\"@type\":\"WebSite\",\"@id\":\"https:\\\/\\\/hannaorganic.md\\\/ru\\\/#website\",\"url\":\"https:\\\/\\\/hannaorganic.md\\\/ru\\\/\",\"name\":\"HANNA ORGANIC\",\"description\":\"Multi-Brand Cosmetic Store\",\"potentialAction\":[{\"@type\":\"SearchAction\",\"target\":{\"@type\":\"EntryPoint\",\"urlTemplate\":\"https:\\\/\\\/hannaorganic.md\\\/ru\\\/?s={search_term_string}\"},\"query-input\":{\"@type\":\"PropertyValueSpecification\",\"valueRequired\":true,\"valueName\":\"search_term_string\"}}],\"inLanguage\":\"ru-RU\"}]}<\/script>\n<!-- \/ Yoast SEO plugin. -->","yoast_head_json":{"title":"Vitamin C Glow Eye Cream Mr.SCRUBBER - HANNA ORGANIC","robots":{"index":"index","follow":"follow","max-snippet":"max-snippet:-1","max-image-preview":"max-image-preview:large","max-video-preview":"max-video-preview:-1"},"canonical":"https:\/\/hannaorganic.md\/ru\/produs\/vitamin-c-glow-eye-cream-mr-scrubber\/","og_locale":"ru_RU","og_type":"article","og_title":"Vitamin C Glow Eye Cream Mr.SCRUBBER - HANNA ORGANIC","og_description":"Crem\u0103 luminoas\u0103 pentru pielea din jurul ochilor Glow Vitamina C cu vitamina C stabil\u0103 hidrateaz\u0103 delicat, lumineaz\u0103 \u0219i str\u00e2nge zona delicat\u0103, o face elastic\u0103 \u0219i tonifiat\u0103. Previne apari\u021bia semnelor de \u00eemb\u0103tr\u00e2nire timpurie datorit\u0103 con\u021binutului unui derivat stabil al vitaminei C cu propriet\u0103\u021bi antioxidante \u0219i hidratante crescute. Peptida relaxant\u0103 muscular\u0103 inovatoare blocheaz\u0103 mi\u0219carea mu\u0219chilor, neteze\u0219te \u0219i previne apari\u021bia \u201epicioarelor de ciobie\u201d, confer\u0103 str\u0103lucire \u0219i prospe\u021bime.","og_url":"https:\/\/hannaorganic.md\/ru\/produs\/vitamin-c-glow-eye-cream-mr-scrubber\/","og_site_name":"HANNA ORGANIC","article_publisher":"https:\/\/www.facebook.com\/bluemagic.md\/","article_modified_time":"2025-10-25T07:13:51+00:00","og_image":[{"width":1179,"height":1402,"url":"https:\/\/hannaorganic.md\/wp-content\/uploads\/2025\/01\/IMG_5859-1.jpeg","type":"image\/jpeg"}],"twitter_card":"summary_large_image","twitter_misc":{"\u041f\u0440\u0438\u043c\u0435\u0440\u043d\u043e\u0435 \u0432\u0440\u0435\u043c\u044f \u0434\u043b\u044f \u0447\u0442\u0435\u043d\u0438\u044f":"2 \u043c\u0438\u043d\u0443\u0442\u044b"},"schema":{"@context":"https:\/\/schema.org","@graph":[{"@type":"WebPage","@id":"https:\/\/hannaorganic.md\/ru\/produs\/vitamin-c-glow-eye-cream-mr-scrubber\/","url":"https:\/\/hannaorganic.md\/ru\/produs\/vitamin-c-glow-eye-cream-mr-scrubber\/","name":"Vitamin C Glow Eye Cream Mr.SCRUBBER - HANNA ORGANIC","isPartOf":{"@id":"https:\/\/hannaorganic.md\/ru\/#website"},"primaryImageOfPage":{"@id":"https:\/\/hannaorganic.md\/ru\/produs\/vitamin-c-glow-eye-cream-mr-scrubber\/#primaryimage"},"image":{"@id":"https:\/\/hannaorganic.md\/ru\/produs\/vitamin-c-glow-eye-cream-mr-scrubber\/#primaryimage"},"thumbnailUrl":"https:\/\/hannaorganic.md\/wp-content\/uploads\/2025\/01\/IMG_5859-1.jpeg","datePublished":"2025-01-31T11:17:07+00:00","dateModified":"2025-10-25T07:13:51+00:00","breadcrumb":{"@id":"https:\/\/hannaorganic.md\/ru\/produs\/vitamin-c-glow-eye-cream-mr-scrubber\/#breadcrumb"},"inLanguage":"ru-RU","potentialAction":[{"@type":"ReadAction","target":["https:\/\/hannaorganic.md\/ru\/produs\/vitamin-c-glow-eye-cream-mr-scrubber\/"]}]},{"@type":"ImageObject","inLanguage":"ru-RU","@id":"https:\/\/hannaorganic.md\/ru\/produs\/vitamin-c-glow-eye-cream-mr-scrubber\/#primaryimage","url":"https:\/\/hannaorganic.md\/wp-content\/uploads\/2025\/01\/IMG_5859-1.jpeg","contentUrl":"https:\/\/hannaorganic.md\/wp-content\/uploads\/2025\/01\/IMG_5859-1.jpeg","width":1179,"height":1402},{"@type":"BreadcrumbList","@id":"https:\/\/hannaorganic.md\/ru\/produs\/vitamin-c-glow-eye-cream-mr-scrubber\/#breadcrumb","itemListElement":[{"@type":"ListItem","position":1,"name":"Prima pagin\u0103","item":"https:\/\/hannaorganic.md\/ru\/hanna-organic\/"},{"@type":"ListItem","position":2,"name":"\u041c\u0430\u0433\u0430\u0437\u0438\u043d","item":"https:\/\/hannaorganic.md\/ru\/shop\/"},{"@type":"ListItem","position":3,"name":"Vitamin C Glow Eye Cream Mr.SCRUBBER"}]},{"@type":"WebSite","@id":"https:\/\/hannaorganic.md\/ru\/#website","url":"https:\/\/hannaorganic.md\/ru\/","name":"HANNA ORGANIC","description":"Multi-Brand Cosmetic Store","potentialAction":[{"@type":"SearchAction","target":{"@type":"EntryPoint","urlTemplate":"https:\/\/hannaorganic.md\/ru\/?s={search_term_string}"},"query-input":{"@type":"PropertyValueSpecification","valueRequired":true,"valueName":"search_term_string"}}],"inLanguage":"ru-RU"}]}},"_links":{"self":[{"href":"https:\/\/hannaorganic.md\/ru\/wp-json\/wp\/v2\/product\/84679","targetHints":{"allow":["GET"]}}],"collection":[{"href":"https:\/\/hannaorganic.md\/ru\/wp-json\/wp\/v2\/product"}],"about":[{"href":"https:\/\/hannaorganic.md\/ru\/wp-json\/wp\/v2\/types\/product"}],"wp:featuredmedia":[{"embeddable":true,"href":"https:\/\/hannaorganic.md\/ru\/wp-json\/wp\/v2\/media\/84680"}],"wp:attachment":[{"href":"https:\/\/hannaorganic.md\/ru\/wp-json\/wp\/v2\/media?parent=84679"}],"wp:term":[{"taxonomy":"product_brand","embeddable":true,"href":"https:\/\/hannaorganic.md\/ru\/wp-json\/wp\/v2\/product_brand?post=84679"},{"taxonomy":"product_cat","embeddable":true,"href":"https:\/\/hannaorganic.md\/ru\/wp-json\/wp\/v2\/product_cat?post=84679"},{"taxonomy":"product_tag","embeddable":true,"href":"https:\/\/hannaorganic.md\/ru\/wp-json\/wp\/v2\/product_tag?post=84679"}],"curies":[{"name":"wp","href":"https:\/\/api.w.org\/{rel}","templated":true}]}}