{"id":84692,"date":"2025-02-07T14:50:33","date_gmt":"2025-02-07T12:50:33","guid":{"rendered":"https:\/\/hannaorganic.md\/?post_type=product&#038;p=84692"},"modified":"2026-04-29T22:20:01","modified_gmt":"2026-04-29T20:20:01","slug":"oily-skin-face-care-routine-gift-box-hollyskin","status":"publish","type":"product","link":"https:\/\/hannaorganic.md\/ru\/produs\/oily-skin-face-care-routine-gift-box-hollyskin\/","title":{"rendered":"Oily Skin Face Care Routine Gift Box HOLLYSKIN"},"content":{"rendered":"<p>1.Scrub pentru fata &#8212; 100 ml;<\/p>\n<p>2.Toner pentru fata &#8212; 250 ml;<\/p>\n<p>3.Mousse penru curatat fata &#8212; 150 ml;<\/p>\n<p>4.Masc\u0103 gata preparat\u0103 (lichid\u0103 ) pentru ten \u2013 100 ml;<\/p>\n<p>5.Serum pentru fata &#8212; 30 ml.<\/p>\n","protected":false},"excerpt":{"rendered":"<p>Un set cadou gata format pentru ingrijirea tenului gras predispus catre acnee si exces de sebum. Opteaza pentru un box ce contine toate produsele pentru o rutina complexa de ingrijirea a tenului fara prea multe batai de cap.<\/p>\n","protected":false},"featured_media":84693,"template":"","meta":[],"product_brand":[],"product_cat":[245,123,363,92],"product_tag":[1293,1854,899,1258,1333,1620,1551,1165,990,1891,1890,1322],"class_list":{"0":"post-84692","1":"product","2":"type-product","3":"status-publish","4":"has-post-thumbnail","6":"product_cat-gift-box","7":"product_cat-holly-skin","8":"product_cat-seturi-cadou","9":"product_cat-toate-produsele","10":"product_tag-face","11":"product_tag-face-care","12":"product_tag-gift-box","13":"product_tag-hollyskin","14":"product_tag-mousse","15":"product_tag-oily","16":"product_tag-routine","17":"product_tag-scrub","18":"product_tag-serum","19":"product_tag-set-cadou","20":"product_tag-ten-gras","21":"product_tag-toner","23":"first","24":"instock","25":"shipping-taxable","26":"purchasable","27":"product-type-simple"},"yoast_head":"<!-- This site is optimized with the Yoast SEO plugin v27.5 - https:\/\/yoast.com\/product\/yoast-seo-wordpress\/ -->\n<title>Oily Skin Face Care Routine Gift Box HOLLYSKIN - HANNA ORGANIC<\/title>\n<meta name=\"robots\" content=\"index, follow, max-snippet:-1, max-image-preview:large, max-video-preview:-1\" \/>\n<link rel=\"canonical\" href=\"https:\/\/hannaorganic.md\/ru\/produs\/oily-skin-face-care-routine-gift-box-hollyskin\/\" \/>\n<meta property=\"og:locale\" content=\"ru_RU\" \/>\n<meta property=\"og:type\" content=\"article\" \/>\n<meta property=\"og:title\" content=\"Oily Skin Face Care Routine Gift Box HOLLYSKIN - HANNA ORGANIC\" \/>\n<meta property=\"og:description\" content=\"Un set cadou gata format pentru ingrijirea tenului gras predispus catre acnee si exces de sebum. Opteaza pentru un box ce contine toate produsele pentru o rutina complexa de ingrijirea a tenului fara prea multe batai de cap.\" \/>\n<meta property=\"og:url\" content=\"https:\/\/hannaorganic.md\/ru\/produs\/oily-skin-face-care-routine-gift-box-hollyskin\/\" \/>\n<meta property=\"og:site_name\" content=\"HANNA ORGANIC\" \/>\n<meta property=\"article:publisher\" content=\"https:\/\/www.facebook.com\/bluemagic.md\/\" \/>\n<meta property=\"article:modified_time\" content=\"2026-04-29T20:20:01+00:00\" \/>\n<meta property=\"og:image\" content=\"https:\/\/hannaorganic.md\/wp-content\/uploads\/2025\/02\/IMG_6200.jpeg\" \/>\n\t<meta property=\"og:image:width\" content=\"1350\" \/>\n\t<meta property=\"og:image:height\" content=\"1800\" \/>\n\t<meta property=\"og:image:type\" content=\"image\/jpeg\" \/>\n<meta name=\"twitter:card\" content=\"summary_large_image\" \/>\n<meta name=\"twitter:label1\" content=\"\u041f\u0440\u0438\u043c\u0435\u0440\u043d\u043e\u0435 \u0432\u0440\u0435\u043c\u044f \u0434\u043b\u044f \u0447\u0442\u0435\u043d\u0438\u044f\" \/>\n\t<meta name=\"twitter:data1\" content=\"1 \u043c\u0438\u043d\u0443\u0442\u0430\" \/>\n<script type=\"application\/ld+json\" class=\"yoast-schema-graph\">{\"@context\":\"https:\\\/\\\/schema.org\",\"@graph\":[{\"@type\":\"WebPage\",\"@id\":\"https:\\\/\\\/hannaorganic.md\\\/ru\\\/produs\\\/oily-skin-face-care-routine-gift-box-hollyskin\\\/\",\"url\":\"https:\\\/\\\/hannaorganic.md\\\/ru\\\/produs\\\/oily-skin-face-care-routine-gift-box-hollyskin\\\/\",\"name\":\"Oily Skin Face Care Routine Gift Box HOLLYSKIN - HANNA ORGANIC\",\"isPartOf\":{\"@id\":\"https:\\\/\\\/hannaorganic.md\\\/ru\\\/#website\"},\"primaryImageOfPage\":{\"@id\":\"https:\\\/\\\/hannaorganic.md\\\/ru\\\/produs\\\/oily-skin-face-care-routine-gift-box-hollyskin\\\/#primaryimage\"},\"image\":{\"@id\":\"https:\\\/\\\/hannaorganic.md\\\/ru\\\/produs\\\/oily-skin-face-care-routine-gift-box-hollyskin\\\/#primaryimage\"},\"thumbnailUrl\":\"https:\\\/\\\/hannaorganic.md\\\/wp-content\\\/uploads\\\/2025\\\/02\\\/IMG_6200.jpeg\",\"datePublished\":\"2025-02-07T12:50:33+00:00\",\"dateModified\":\"2026-04-29T20:20:01+00:00\",\"breadcrumb\":{\"@id\":\"https:\\\/\\\/hannaorganic.md\\\/ru\\\/produs\\\/oily-skin-face-care-routine-gift-box-hollyskin\\\/#breadcrumb\"},\"inLanguage\":\"ru-RU\",\"potentialAction\":[{\"@type\":\"ReadAction\",\"target\":[\"https:\\\/\\\/hannaorganic.md\\\/ru\\\/produs\\\/oily-skin-face-care-routine-gift-box-hollyskin\\\/\"]}]},{\"@type\":\"ImageObject\",\"inLanguage\":\"ru-RU\",\"@id\":\"https:\\\/\\\/hannaorganic.md\\\/ru\\\/produs\\\/oily-skin-face-care-routine-gift-box-hollyskin\\\/#primaryimage\",\"url\":\"https:\\\/\\\/hannaorganic.md\\\/wp-content\\\/uploads\\\/2025\\\/02\\\/IMG_6200.jpeg\",\"contentUrl\":\"https:\\\/\\\/hannaorganic.md\\\/wp-content\\\/uploads\\\/2025\\\/02\\\/IMG_6200.jpeg\",\"width\":1350,\"height\":1800},{\"@type\":\"BreadcrumbList\",\"@id\":\"https:\\\/\\\/hannaorganic.md\\\/ru\\\/produs\\\/oily-skin-face-care-routine-gift-box-hollyskin\\\/#breadcrumb\",\"itemListElement\":[{\"@type\":\"ListItem\",\"position\":1,\"name\":\"Prima pagin\u0103\",\"item\":\"https:\\\/\\\/hannaorganic.md\\\/ru\\\/hanna-organic\\\/\"},{\"@type\":\"ListItem\",\"position\":2,\"name\":\"\u041c\u0430\u0433\u0430\u0437\u0438\u043d\",\"item\":\"https:\\\/\\\/hannaorganic.md\\\/ru\\\/shop\\\/\"},{\"@type\":\"ListItem\",\"position\":3,\"name\":\"Oily Skin Face Care Routine Gift Box HOLLYSKIN\"}]},{\"@type\":\"WebSite\",\"@id\":\"https:\\\/\\\/hannaorganic.md\\\/ru\\\/#website\",\"url\":\"https:\\\/\\\/hannaorganic.md\\\/ru\\\/\",\"name\":\"HANNA ORGANIC\",\"description\":\"Multi-Brand Cosmetic Store\",\"potentialAction\":[{\"@type\":\"SearchAction\",\"target\":{\"@type\":\"EntryPoint\",\"urlTemplate\":\"https:\\\/\\\/hannaorganic.md\\\/ru\\\/?s={search_term_string}\"},\"query-input\":{\"@type\":\"PropertyValueSpecification\",\"valueRequired\":true,\"valueName\":\"search_term_string\"}}],\"inLanguage\":\"ru-RU\"}]}<\/script>\n<!-- \/ Yoast SEO plugin. -->","yoast_head_json":{"title":"Oily Skin Face Care Routine Gift Box HOLLYSKIN - HANNA ORGANIC","robots":{"index":"index","follow":"follow","max-snippet":"max-snippet:-1","max-image-preview":"max-image-preview:large","max-video-preview":"max-video-preview:-1"},"canonical":"https:\/\/hannaorganic.md\/ru\/produs\/oily-skin-face-care-routine-gift-box-hollyskin\/","og_locale":"ru_RU","og_type":"article","og_title":"Oily Skin Face Care Routine Gift Box HOLLYSKIN - HANNA ORGANIC","og_description":"Un set cadou gata format pentru ingrijirea tenului gras predispus catre acnee si exces de sebum. Opteaza pentru un box ce contine toate produsele pentru o rutina complexa de ingrijirea a tenului fara prea multe batai de cap.","og_url":"https:\/\/hannaorganic.md\/ru\/produs\/oily-skin-face-care-routine-gift-box-hollyskin\/","og_site_name":"HANNA ORGANIC","article_publisher":"https:\/\/www.facebook.com\/bluemagic.md\/","article_modified_time":"2026-04-29T20:20:01+00:00","og_image":[{"width":1350,"height":1800,"url":"https:\/\/hannaorganic.md\/wp-content\/uploads\/2025\/02\/IMG_6200.jpeg","type":"image\/jpeg"}],"twitter_card":"summary_large_image","twitter_misc":{"\u041f\u0440\u0438\u043c\u0435\u0440\u043d\u043e\u0435 \u0432\u0440\u0435\u043c\u044f \u0434\u043b\u044f \u0447\u0442\u0435\u043d\u0438\u044f":"1 \u043c\u0438\u043d\u0443\u0442\u0430"},"schema":{"@context":"https:\/\/schema.org","@graph":[{"@type":"WebPage","@id":"https:\/\/hannaorganic.md\/ru\/produs\/oily-skin-face-care-routine-gift-box-hollyskin\/","url":"https:\/\/hannaorganic.md\/ru\/produs\/oily-skin-face-care-routine-gift-box-hollyskin\/","name":"Oily Skin Face Care Routine Gift Box HOLLYSKIN - HANNA ORGANIC","isPartOf":{"@id":"https:\/\/hannaorganic.md\/ru\/#website"},"primaryImageOfPage":{"@id":"https:\/\/hannaorganic.md\/ru\/produs\/oily-skin-face-care-routine-gift-box-hollyskin\/#primaryimage"},"image":{"@id":"https:\/\/hannaorganic.md\/ru\/produs\/oily-skin-face-care-routine-gift-box-hollyskin\/#primaryimage"},"thumbnailUrl":"https:\/\/hannaorganic.md\/wp-content\/uploads\/2025\/02\/IMG_6200.jpeg","datePublished":"2025-02-07T12:50:33+00:00","dateModified":"2026-04-29T20:20:01+00:00","breadcrumb":{"@id":"https:\/\/hannaorganic.md\/ru\/produs\/oily-skin-face-care-routine-gift-box-hollyskin\/#breadcrumb"},"inLanguage":"ru-RU","potentialAction":[{"@type":"ReadAction","target":["https:\/\/hannaorganic.md\/ru\/produs\/oily-skin-face-care-routine-gift-box-hollyskin\/"]}]},{"@type":"ImageObject","inLanguage":"ru-RU","@id":"https:\/\/hannaorganic.md\/ru\/produs\/oily-skin-face-care-routine-gift-box-hollyskin\/#primaryimage","url":"https:\/\/hannaorganic.md\/wp-content\/uploads\/2025\/02\/IMG_6200.jpeg","contentUrl":"https:\/\/hannaorganic.md\/wp-content\/uploads\/2025\/02\/IMG_6200.jpeg","width":1350,"height":1800},{"@type":"BreadcrumbList","@id":"https:\/\/hannaorganic.md\/ru\/produs\/oily-skin-face-care-routine-gift-box-hollyskin\/#breadcrumb","itemListElement":[{"@type":"ListItem","position":1,"name":"Prima pagin\u0103","item":"https:\/\/hannaorganic.md\/ru\/hanna-organic\/"},{"@type":"ListItem","position":2,"name":"\u041c\u0430\u0433\u0430\u0437\u0438\u043d","item":"https:\/\/hannaorganic.md\/ru\/shop\/"},{"@type":"ListItem","position":3,"name":"Oily Skin Face Care Routine Gift Box HOLLYSKIN"}]},{"@type":"WebSite","@id":"https:\/\/hannaorganic.md\/ru\/#website","url":"https:\/\/hannaorganic.md\/ru\/","name":"HANNA ORGANIC","description":"Multi-Brand Cosmetic Store","potentialAction":[{"@type":"SearchAction","target":{"@type":"EntryPoint","urlTemplate":"https:\/\/hannaorganic.md\/ru\/?s={search_term_string}"},"query-input":{"@type":"PropertyValueSpecification","valueRequired":true,"valueName":"search_term_string"}}],"inLanguage":"ru-RU"}]}},"_links":{"self":[{"href":"https:\/\/hannaorganic.md\/ru\/wp-json\/wp\/v2\/product\/84692","targetHints":{"allow":["GET"]}}],"collection":[{"href":"https:\/\/hannaorganic.md\/ru\/wp-json\/wp\/v2\/product"}],"about":[{"href":"https:\/\/hannaorganic.md\/ru\/wp-json\/wp\/v2\/types\/product"}],"wp:featuredmedia":[{"embeddable":true,"href":"https:\/\/hannaorganic.md\/ru\/wp-json\/wp\/v2\/media\/84693"}],"wp:attachment":[{"href":"https:\/\/hannaorganic.md\/ru\/wp-json\/wp\/v2\/media?parent=84692"}],"wp:term":[{"taxonomy":"product_brand","embeddable":true,"href":"https:\/\/hannaorganic.md\/ru\/wp-json\/wp\/v2\/product_brand?post=84692"},{"taxonomy":"product_cat","embeddable":true,"href":"https:\/\/hannaorganic.md\/ru\/wp-json\/wp\/v2\/product_cat?post=84692"},{"taxonomy":"product_tag","embeddable":true,"href":"https:\/\/hannaorganic.md\/ru\/wp-json\/wp\/v2\/product_tag?post=84692"}],"curies":[{"name":"wp","href":"https:\/\/api.w.org\/{rel}","templated":true}]}}